{"id":1695,"date":"2020-11-09T13:26:34","date_gmt":"2020-11-09T12:26:34","guid":{"rendered":"https:\/\/adixatex.com\/formacion\/"},"modified":"2021-11-18T14:04:26","modified_gmt":"2021-11-18T13:04:26","slug":"formacion","status":"publish","type":"page","link":"https:\/\/www2.adixatex.com\/de\/formacion\/","title":{"rendered":"Schulungen"},"content":{"rendered":"<div class=\"shortcode_featured right\"><p><span>\"15 a\u00f1os de experiencia.<\/span>Asistencia personalizada en m\u00e1s de 20 pa\u00edses\"<\/p><\/div>\n<section class=\"shortcode_custom_banner\">\n<div class=\"banner\">\n<p class=\"text_circle\">Cat\u00e1logo formaci\u00f3n 2020<\/p>\n<div class=\"info\"><span class=\"tag\">Cat\u00e1logo formaci\u00f3n 2020<\/span>\n<h3><a href=\"#\">Nuestro Cat\u00e1logo de formaci\u00f3n de por expertos actualizado 2020<\/a><\/h3>\n<p>Contamos con formadores con m\u00e1s de 10 a\u00f1os de experiencia y cursos homologados nivel internacional.<\/p>\n<p class=\"link_pdf\"><i><svg width=\"20\" height=\"20\" viewBox=\"0 0 20 20\" fill=\"none\" xmlns=\"http:\/\/www.w3.org\/2000\/svg\">\n<g clip-path=\"url(#clip0)\">\n<path d=\"M19.8633 5.42623V5.38934C19.8432 5.34518 19.8154 5.30497 19.7813 5.27049L14.6051 0.102459C14.5694 0.0679303 14.5277 0.0401639 14.4821 0.0204918H14.4452C14.4095 0.00860656 14.3722 0.00169057 14.3346 0H3.79771C3.38034 0.00870902 3.04412 0.344928 3.03541 0.762295V4.90164H0.932953C0.480238 4.90164 0.113281 5.2686 0.113281 5.72131V10.0943C0.113281 10.547 0.480238 10.9139 0.932953 10.9139H3.03541V19.2213C3.03541 19.6514 3.38403 20 3.8141 20H19.1092C19.5393 20 19.8879 19.6514 19.8879 19.2213V5.55738C19.8879 5.55738 19.8879 5.55738 19.8879 5.53279C19.8845 5.49631 19.8762 5.4605 19.8633 5.42623ZM14.7239 1.38525L18.4903 5.14754H14.7239V1.38525ZM0.932953 10.0943V5.72131H9.59279V10.0943H0.932953ZM19.0682 19.1803H3.85508V10.9139H9.59279C10.0455 10.9139 10.4125 10.547 10.4125 10.0943V5.72131C10.4125 5.2686 10.0455 4.90164 9.59279 4.90164H3.85508V0.803279H13.9043V5.18852C13.9065 5.61767 14.2538 5.96496 14.683 5.96721H19.0682V19.1803Z\" fill=\"black\"><\/path>\n<path d=\"M3.8796 7.18776C3.8486 6.76338 3.47939 6.44448 3.05501 6.47547H2.41157C2.30291 6.47547 2.21484 6.56353 2.21484 6.67219V8.79103C2.21484 8.9042 2.3066 8.99595 2.41976 8.99595C2.53293 8.99595 2.62468 8.9042 2.62468 8.79103V8.01235H3.05501C3.09241 8.01506 3.12996 8.01506 3.1673 8.01235C3.59174 7.98135 3.91064 7.61214 3.8796 7.18776ZM3.0673 7.61481H2.62468V6.87301H3.0673C3.27217 6.87301 3.4382 7.03904 3.4382 7.24391C3.4382 7.44877 3.27217 7.61481 3.0673 7.61481Z\" fill=\"black\"><\/path>\n<path d=\"M4.92887 6.47559H4.51904C4.41038 6.47559 4.32232 6.56365 4.32232 6.67231V8.79115C4.32227 8.79254 4.32227 8.79392 4.32227 8.7953C4.32227 8.90396 4.41038 8.99202 4.51904 8.99197H4.92887C5.62329 8.99166 6.1862 8.42881 6.1865 7.73434C6.18681 7.03947 5.62375 6.47589 4.92887 6.47559ZM4.95346 8.59033H4.73215V6.87313H4.95346C5.382 6.90274 5.72308 7.24382 5.75269 7.67235C5.78548 8.14658 5.42764 8.55755 4.95346 8.59033Z\" fill=\"black\"><\/path>\n<path d=\"M8.27794 6.88542C8.39111 6.88542 8.48286 6.79367 8.48286 6.6805C8.48286 6.56734 8.39111 6.47559 8.27794 6.47559H7.10171C6.99305 6.47559 6.90499 6.56365 6.90499 6.67231V8.79116C6.90437 8.79823 6.90417 8.80529 6.90437 8.81242C6.90704 8.92102 6.9972 9.00693 7.10581 9.00427C7.21513 9.00427 7.30438 8.91687 7.30663 8.80755V7.9428H8.12631C8.23947 7.9428 8.33122 7.85104 8.33122 7.73788C8.33122 7.62471 8.23947 7.53296 8.12631 7.53296H7.30663V6.88542H8.27794Z\" fill=\"black\"><\/path>\n<\/g>\n<defs>\n<clippath id=\"clip0\">\n<rect width=\"20\" height=\"20\" fill=\"white\"><\/rect>\n<\/clippath>\n<\/defs>\n<\/svg><br \/>\n<\/i>Cat\u00e1logo 2020 en PDF <a href=\"#\">Download hier<\/a><\/p>\n<\/div>\n<\/div>\n<p class=\"text_bottom\">Amplia oferta de cursos certificados para operar en entornos ATEX, nos adaptamos a sus equipos y necesidades.<\/p>\n<\/section>\n\n<section class=\"shortcode_articles three_columns\">\n<h2>Categor\u00edas de formaciones<\/h2>\n\n<article>\n<figure><img decoding=\"async\" src=\"https:\/\/adixatex.com\/wp-content\/uploads\/2020\/11\/conference.png\" alt=\"IsmaATEX\"\/><\/figure>\n<div class=\"info\">\n<h3><a href=\"#\">IsmaATEX<\/a><\/h3>\n\n<p>Es nuestro organismo notificador franc\u00e9s (INERIS) para la certificaci\u00f3nn de personas en el \u00e1mbito de ATm\u00f3sferas EXplosivas<\/p>\n<p><span class=\"link false_link\" data-link=\"parent_h3\">Mehr Info&#8217;s<i><svg fill=\"none\" height=\"8\" viewBox=\"0 0 21 8\" width=\"21\" xmlns=\"http:\/\/www.w3.org\/2000\/svg\"><path d=\"m20.3536 4.35355c.1952-.19526.1952-.51184 0-.70711l-3.182-3.181975c-.1953-.195263-.5119-.195263-.7071 0-.1953.195262-.1953.511844 0 .707105l2.8284 2.82843-2.8284 2.82843c-.1953.19526-.1953.51184 0 .7071.1952.19526.5118.19526.7071 0zm-20.35359996.14645h19.99999996v-1h-20.00000004z\" fill=\"#000\"><\/path><\/svg><\/i><\/span><\/p><\/div>\n<\/article>\n<article>\n<figure><img decoding=\"async\" src=\"https:\/\/adixatex.com\/wp-content\/uploads\/2020\/11\/inspection_of_installations.png\" alt=\"Cursos personalizados\"\/><\/figure>\n<div class=\"info\">\n<h3><a href=\"#\">Cursos personalizados<\/a><\/h3>\n\n<p>Adaptamos nuestras formaciones a las necesidades de sus equipos y profesionales<\/p>\n<p><span class=\"link false_link\" data-link=\"parent_h3\">Mehr Info&#8217;s<i><svg fill=\"none\" height=\"8\" viewBox=\"0 0 21 8\" width=\"21\" xmlns=\"http:\/\/www.w3.org\/2000\/svg\"><path d=\"m20.3536 4.35355c.1952-.19526.1952-.51184 0-.70711l-3.182-3.181975c-.1953-.195263-.5119-.195263-.7071 0-.1953.195262-.1953.511844 0 .707105l2.8284 2.82843-2.8284 2.82843c-.1953.19526-.1953.51184 0 .7071.1952.19526.5118.19526.7071 0zm-20.35359996.14645h19.99999996v-1h-20.00000004z\" fill=\"#000\"><\/path><\/svg><\/i><\/span><\/p><\/div>\n<\/article>\n<article>\n<figure><img decoding=\"async\" src=\"https:\/\/adixatex.com\/wp-content\/uploads\/2020\/11\/tests_and_measurements.png\" alt=\"Formaci\u00f3n online\"\/><\/figure>\n<div class=\"info\">\n<h3><a href=\"#\">Formaci\u00f3n online<\/a><\/h3>\n\n<p>En ocasiones la movilidad es un &#8222;handicap&#8220; pero contamos con la tecnolog\u00eda para ofrecer nuestros cursos online con la misma eficiencia que presencial.<\/p>\n<p><span class=\"link false_link\" data-link=\"parent_h3\">Mehr Info&#8217;s<i><svg fill=\"none\" height=\"8\" viewBox=\"0 0 21 8\" width=\"21\" xmlns=\"http:\/\/www.w3.org\/2000\/svg\"><path d=\"m20.3536 4.35355c.1952-.19526.1952-.51184 0-.70711l-3.182-3.181975c-.1953-.195263-.5119-.195263-.7071 0-.1953.195262-.1953.511844 0 .707105l2.8284 2.82843-2.8284 2.82843c-.1953.19526-.1953.51184 0 .7071.1952.19526.5118.19526.7071 0zm-20.35359996.14645h19.99999996v-1h-20.00000004z\" fill=\"#000\"><\/path><\/svg><\/i><\/span><\/p><\/div>\n<\/article>\n<\/section>\n\n<section class=\"shortcode_columns columns_2\">\n<div class=\"column\">\n<p>La certificaci\u00f3n ATEX identifica las Atm\u00f3sferas EXplosivas que cumple con la norma, asegurando que el equipamiento o sistemas de protecci\u00f3n cumple su funci\u00f3nn y que contienen la informaci\u00f3n necesaria para que dichos equipos o sistemas puedan ser utilizados sin riesgos y con garant\u00eda de eficiencia.<\/p>\n<\/div>\n<div class=\"column\">\n<p>Las regulaciones se aplican a todo el equipo destinado a ser usado en Atm\u00f3sferas Explosivas, sea mec\u00e1nico o el\u00e9ctrico, incluyendo los sistemas de protecci\u00f3n.<\/p>\n<p>Es importante que nuestro equipo sea conocedor de las zonas explosivas de nuestra empresa, como operar, y como poder evitar riesgos personales y de equipo.<\/p>\n<\/div>\n<\/section>\n\n<section class=\"shortcode_languages\">\n<div class=\"list_articles\">\n<article>\n<h3><a href=\"#\">Formaci\u00f3n in company<\/a><\/h3>\n<p>Desarrollamos nuestros cursos en las instalaciones de nuestros clientes.<\/p>\n<\/article>\n\n<article>\n<h3><a href=\"#\">Cursos abiertos<\/a><\/h3>\n<p>Adaptamos nuestra formaci\u00f3n a las necesidades requeridas seg\u00fan el sector de nuestro cliente.<\/p>\n<\/article>\n\n<article>\n<h3><a href=\"#\">e-learning y webinars<\/a><\/h3>\n<p>Posibilidad de cursos online para formarse con el horario que prefieras.<\/p>\n<\/article>\n\n<article>\n<h3><a href=\"#\">Desarrollo de competencias<\/a><\/h3>\n<p>Nuestro equipo est\u00e1 en continua formaci\u00f3n para ofrecer siempre los contenidos m\u00e1s actuales.<\/p>\n<\/article>\n\n<article>\n<h3><a href=\"#\">Formaci\u00f3n adicional<\/a><\/h3>\n<p>Solicita informaci\u00f3n sobre alguna formaci\u00f3n espec\u00edfica ATEX.<\/p>\n<\/article>\n<\/div>\n<div class=\"languages\">\n<p>Disponibilidad de impartir nuestros cursos en m\u00e1s de cinco idiomas. Cons\u00faltanos<\/p>\n<ul>\n<li>Ingl\u00e9s<\/li>\n<li>Alem\u00e1n<\/li>\n<li>Italiano<\/li>\n<li>Franc\u00e9s<\/li>\n<li>Neerand\u00e9s<\/li>\n<li>Espa\u00f1o<\/li>\n<\/ul>\n<\/div>\n<div class=\"background\"><\/div>\n<\/section>\n\n<section class=\"shortcode_follow shortcode_follow_twitter\"><span class=\"icon\"><i><svg width=\"13\" height=\"11\" viewBox=\"0 0 13 11\" fill=\"none\" xmlns=\"http:\/\/www.w3.org\/2000\/svg\">\n<path fill-rule=\"evenodd\" clip-rule=\"evenodd\" d=\"M6.04149 2.96852L6.06738 3.39558L5.63574 3.34329C4.06457 3.14283 2.69195 2.46303 1.52652 1.32132L0.956758 0.754821L0.81 1.17316C0.499219 2.1057 0.697774 3.09054 1.34523 3.75291C1.69055 4.11895 1.61285 4.17125 1.01719 3.95336C0.81 3.88364 0.628711 3.83135 0.611445 3.85749C0.551016 3.9185 0.758203 4.7116 0.922227 5.02535C1.14668 5.46112 1.60422 5.88817 2.10492 6.14092L2.52793 6.34137L2.02723 6.35009C1.54379 6.35009 1.52652 6.3588 1.57832 6.54183C1.75098 7.10833 2.43297 7.70969 3.19266 7.97115L3.72789 8.15417L3.26172 8.43306C2.57109 8.83397 1.75961 9.06057 0.948125 9.078C0.559648 9.08672 0.240234 9.12158 0.240234 9.14772C0.240234 9.23488 1.29344 9.72294 1.90637 9.91467C3.74516 10.4812 5.92926 10.2371 7.56949 9.26974C8.73492 8.58122 9.90035 7.21291 10.4442 5.88817C10.7377 5.18223 11.0313 3.89235 11.0313 3.27356C11.0313 2.87266 11.0572 2.82036 11.5406 2.34102C11.8255 2.06213 12.0931 1.75709 12.1449 1.66993C12.2312 1.50434 12.2226 1.50434 11.7823 1.6525C11.0485 1.91396 10.9449 1.8791 11.3075 1.48691C11.5751 1.20802 11.8945 0.702528 11.8945 0.554367C11.8945 0.528221 11.765 0.571798 11.6183 0.650236C11.4629 0.73739 11.1176 0.86812 10.8586 0.946559L10.3924 1.09472L9.96942 0.807113C9.73633 0.650236 9.40828 0.475929 9.23563 0.423637C8.79535 0.301621 8.12199 0.319052 7.72488 0.458498C6.64578 0.85069 5.96379 1.86167 6.04149 2.96852Z\" fill=\"white\"><\/path>\n<\/svg>\n<\/i><\/span><p class=\"follow\">Folgen Sie uns auf<span>Twitter<\/span><\/p><p class=\"text\">Toda la actualidad del sector de Protecci\u00f3n ATEX en Linkedin y Twitter<\/p><a href=\"#\" target=\"_blank\" rel=\"nofollow noopener noreferrer\">weiter<\/a><\/section>\n","protected":false},"excerpt":{"rendered":"","protected":false},"author":2,"featured_media":1922,"parent":0,"menu_order":0,"comment_status":"closed","ping_status":"closed","template":"page-templates\/corporative.php","meta":{"footnotes":""},"class_list":["post-1695","page","type-page","status-publish","has-post-thumbnail","hentry"],"yoast_head":"<!-- This site is optimized with the Yoast SEO plugin v24.4 - https:\/\/yoast.com\/wordpress\/plugins\/seo\/ -->\n<title>Schulungen - Adixatex<\/title>\n<meta name=\"description\" content=\"Cuando se trabaja con ciertas substancias o entornos con cierto car\u00e1cter explosivo es indispensable una buena formaci\u00f3n.\" \/>\n<meta name=\"robots\" content=\"noindex, follow, max-snippet:-1, max-image-preview:large, max-video-preview:-1\" \/>\n<meta property=\"og:locale\" content=\"de_DE\" \/>\n<meta property=\"og:type\" content=\"article\" \/>\n<meta property=\"og:title\" content=\"Schulungen - Adixatex\" \/>\n<meta property=\"og:description\" content=\"Cuando se trabaja con ciertas substancias o entornos con cierto car\u00e1cter explosivo es indispensable una buena formaci\u00f3n.\" \/>\n<meta property=\"og:url\" content=\"https:\/\/www2.adixatex.com\/formacion-2\/\" \/>\n<meta property=\"og:site_name\" content=\"Adixatex\" \/>\n<meta property=\"article:modified_time\" content=\"2021-11-18T13:04:26+00:00\" \/>\n<meta property=\"og:image\" content=\"https:\/\/www2.adixatex.com\/wp-content\/uploads\/2021\/02\/formacion_home.jpg\" \/>\n\t<meta property=\"og:image:width\" content=\"1181\" \/>\n\t<meta property=\"og:image:height\" content=\"787\" \/>\n\t<meta property=\"og:image:type\" content=\"image\/jpeg\" \/>\n<meta name=\"twitter:card\" content=\"summary_large_image\" \/>\n<meta name=\"twitter:site\" content=\"@adixprotection\" \/>\n<meta name=\"twitter:label1\" content=\"Gesch\u00e4tzte Lesezeit\" \/>\n\t<meta name=\"twitter:data1\" content=\"2\u00a0Minuten\" \/>\n<script type=\"application\/ld+json\" class=\"yoast-schema-graph\">{\"@context\":\"https:\/\/schema.org\",\"@graph\":[{\"@type\":\"WebPage\",\"@id\":\"https:\/\/www2.adixatex.com\/formacion-2\/\",\"url\":\"https:\/\/www2.adixatex.com\/formacion-2\/\",\"name\":\"Schulungen - Adixatex\",\"isPartOf\":{\"@id\":\"https:\/\/www2.adixatex.com\/#website\"},\"primaryImageOfPage\":{\"@id\":\"https:\/\/www2.adixatex.com\/formacion-2\/#primaryimage\"},\"image\":{\"@id\":\"https:\/\/www2.adixatex.com\/formacion-2\/#primaryimage\"},\"thumbnailUrl\":\"https:\/\/www2.adixatex.com\/wp-content\/uploads\/2021\/02\/formacion_home.jpg\",\"datePublished\":\"2020-11-09T12:26:34+00:00\",\"dateModified\":\"2021-11-18T13:04:26+00:00\",\"description\":\"Cuando se trabaja con ciertas substancias o entornos con cierto car\u00e1cter explosivo es indispensable una buena formaci\u00f3n.\",\"breadcrumb\":{\"@id\":\"https:\/\/www2.adixatex.com\/formacion-2\/#breadcrumb\"},\"inLanguage\":\"de\",\"potentialAction\":[{\"@type\":\"ReadAction\",\"target\":[\"https:\/\/www2.adixatex.com\/formacion-2\/\"]}]},{\"@type\":\"ImageObject\",\"inLanguage\":\"de\",\"@id\":\"https:\/\/www2.adixatex.com\/formacion-2\/#primaryimage\",\"url\":\"https:\/\/www2.adixatex.com\/wp-content\/uploads\/2021\/02\/formacion_home.jpg\",\"contentUrl\":\"https:\/\/www2.adixatex.com\/wp-content\/uploads\/2021\/02\/formacion_home.jpg\",\"width\":1181,\"height\":787,\"caption\":\"Low angle shot of speaker talking and looking at colleagues. Group of workers discussing ideas during presentation of new project at briefing. Business meeting concept\"},{\"@type\":\"BreadcrumbList\",\"@id\":\"https:\/\/www2.adixatex.com\/formacion-2\/#breadcrumb\",\"itemListElement\":[{\"@type\":\"ListItem\",\"position\":1,\"name\":\"Startseite\",\"item\":\"https:\/\/www2.adixatex.com\/\"},{\"@type\":\"ListItem\",\"position\":2,\"name\":\"Schulungen\"}]},{\"@type\":\"WebSite\",\"@id\":\"https:\/\/www2.adixatex.com\/#website\",\"url\":\"https:\/\/www2.adixatex.com\/\",\"name\":\"Adixatex\",\"description\":\"Prevenci\u00f3n y protecci\u00f3n de atm\u00f3sferas explosivas\",\"inLanguage\":\"de\"}]}<\/script>\n<!-- \/ Yoast SEO plugin. -->","yoast_head_json":{"title":"Schulungen - Adixatex","description":"Cuando se trabaja con ciertas substancias o entornos con cierto car\u00e1cter explosivo es indispensable una buena formaci\u00f3n.","robots":{"index":"noindex","follow":"follow","max-snippet":"max-snippet:-1","max-image-preview":"max-image-preview:large","max-video-preview":"max-video-preview:-1"},"og_locale":"de_DE","og_type":"article","og_title":"Schulungen - Adixatex","og_description":"Cuando se trabaja con ciertas substancias o entornos con cierto car\u00e1cter explosivo es indispensable una buena formaci\u00f3n.","og_url":"https:\/\/www2.adixatex.com\/formacion-2\/","og_site_name":"Adixatex","article_modified_time":"2021-11-18T13:04:26+00:00","og_image":[{"width":1181,"height":787,"url":"https:\/\/www2.adixatex.com\/wp-content\/uploads\/2021\/02\/formacion_home.jpg","type":"image\/jpeg"}],"twitter_card":"summary_large_image","twitter_site":"@adixprotection","twitter_misc":{"Gesch\u00e4tzte Lesezeit":"2\u00a0Minuten"},"schema":{"@context":"https:\/\/schema.org","@graph":[{"@type":"WebPage","@id":"https:\/\/www2.adixatex.com\/formacion-2\/","url":"https:\/\/www2.adixatex.com\/formacion-2\/","name":"Schulungen - Adixatex","isPartOf":{"@id":"https:\/\/www2.adixatex.com\/#website"},"primaryImageOfPage":{"@id":"https:\/\/www2.adixatex.com\/formacion-2\/#primaryimage"},"image":{"@id":"https:\/\/www2.adixatex.com\/formacion-2\/#primaryimage"},"thumbnailUrl":"https:\/\/www2.adixatex.com\/wp-content\/uploads\/2021\/02\/formacion_home.jpg","datePublished":"2020-11-09T12:26:34+00:00","dateModified":"2021-11-18T13:04:26+00:00","description":"Cuando se trabaja con ciertas substancias o entornos con cierto car\u00e1cter explosivo es indispensable una buena formaci\u00f3n.","breadcrumb":{"@id":"https:\/\/www2.adixatex.com\/formacion-2\/#breadcrumb"},"inLanguage":"de","potentialAction":[{"@type":"ReadAction","target":["https:\/\/www2.adixatex.com\/formacion-2\/"]}]},{"@type":"ImageObject","inLanguage":"de","@id":"https:\/\/www2.adixatex.com\/formacion-2\/#primaryimage","url":"https:\/\/www2.adixatex.com\/wp-content\/uploads\/2021\/02\/formacion_home.jpg","contentUrl":"https:\/\/www2.adixatex.com\/wp-content\/uploads\/2021\/02\/formacion_home.jpg","width":1181,"height":787,"caption":"Low angle shot of speaker talking and looking at colleagues. Group of workers discussing ideas during presentation of new project at briefing. Business meeting concept"},{"@type":"BreadcrumbList","@id":"https:\/\/www2.adixatex.com\/formacion-2\/#breadcrumb","itemListElement":[{"@type":"ListItem","position":1,"name":"Startseite","item":"https:\/\/www2.adixatex.com\/"},{"@type":"ListItem","position":2,"name":"Schulungen"}]},{"@type":"WebSite","@id":"https:\/\/www2.adixatex.com\/#website","url":"https:\/\/www2.adixatex.com\/","name":"Adixatex","description":"Prevenci\u00f3n y protecci\u00f3n de atm\u00f3sferas explosivas","inLanguage":"de"}]}},"_links":{"self":[{"href":"https:\/\/www2.adixatex.com\/de\/wp-json\/wp\/v2\/pages\/1695","targetHints":{"allow":["GET"]}}],"collection":[{"href":"https:\/\/www2.adixatex.com\/de\/wp-json\/wp\/v2\/pages"}],"about":[{"href":"https:\/\/www2.adixatex.com\/de\/wp-json\/wp\/v2\/types\/page"}],"author":[{"embeddable":true,"href":"https:\/\/www2.adixatex.com\/de\/wp-json\/wp\/v2\/users\/2"}],"replies":[{"embeddable":true,"href":"https:\/\/www2.adixatex.com\/de\/wp-json\/wp\/v2\/comments?post=1695"}],"version-history":[{"count":2,"href":"https:\/\/www2.adixatex.com\/de\/wp-json\/wp\/v2\/pages\/1695\/revisions"}],"predecessor-version":[{"id":2691,"href":"https:\/\/www2.adixatex.com\/de\/wp-json\/wp\/v2\/pages\/1695\/revisions\/2691"}],"wp:featuredmedia":[{"embeddable":true,"href":"https:\/\/www2.adixatex.com\/de\/wp-json\/wp\/v2\/media\/1922"}],"wp:attachment":[{"href":"https:\/\/www2.adixatex.com\/de\/wp-json\/wp\/v2\/media?parent=1695"}],"curies":[{"name":"wp","href":"https:\/\/api.w.org\/{rel}","templated":true}]}}