{"id":2867,"date":"2021-02-22T10:23:20","date_gmt":"2021-02-22T09:23:20","guid":{"rendered":"https:\/\/adixatex.com\/servicios\/"},"modified":"2021-11-18T13:45:57","modified_gmt":"2021-11-18T12:45:57","slug":"servicios","status":"publish","type":"page","link":"https:\/\/www2.adixatex.com\/de\/servicios\/","title":{"rendered":"Dienstleistungen"},"content":{"rendered":"<section class=\"shortcode_articles reverse_rows\">\n<article>\n<figure><img decoding=\"async\" src=\"https:\/\/adixatex.com\/wp-content\/uploads\/2021\/02\/2.-apoyo-tecnico.jpg\" alt=\"Apoyo t\u00e9cnico\"\/><\/figure>\n<div class=\"info\"><span class=\"tag\">Apoyo t\u00e9cnico<\/span>\n<h3>Apoyo t\u00e9cnico<\/h3>\n\n<p>Siempre haremos todo lo posible para solucionar cualquier problema por tel\u00e9fono, y nuestro equipo de ingenieros est\u00e1 disponible para hablar sobre cualquier problema que surja con su equipo para reducir al m\u00ednimo el tiempo de inactividad.<\/p>\n<p>Adix ofrece un servicio y soporte incomparables a nuestros clientes en todo el mundo, lo que garantiza el funcionamiento \u00f3ptimo de su equipo las 24 horas del d\u00eda, los 7 d\u00edas de la semana. Cont\u00e1ctenos con consultas de servicio y soporte.<\/p>\n<p>Adix tiene un equipo de t\u00e9cnicos de servicio que pueden ser enviados a campo para brindar soporte para la instalaci\u00f3n, puesta en servicio o b\u00fasqueda de fallas y reparaci\u00f3n. Nuestro equipo cuenta con todos los certificados y la capacitaci\u00f3n necesarios para las operaciones en zonas clasificadas para poner en funcionamiento su equipo y reducir el tiempo de inactividad.<\/p>\n<\/div>\n<\/article>\n<article>\n<figure><img decoding=\"async\" src=\"https:\/\/adixatex.com\/wp-content\/uploads\/2021\/02\/3.-mantenimientos-y-reparaciones.jpg\" alt=\"Mantenimientos y reparaciones\"\/><\/figure>\n<div class=\"info\"><span class=\"tag\">Mantenimientos y reparaciones<\/span>\n<h3>Mantenimientos y reparaciones<\/h3>\n\n<p>Adix puede proporcionar un servicio completo de reparaci\u00f3n y renovaci\u00f3n de sistemas de prevenci\u00f3n y protecci\u00f3n de explosiones. Podemos devolver los sistemas de seguridad a los est\u00e1ndares adecuados y emitir un nuevo certificado de adecuaci\u00f3n a ATEX.<\/p>\n<\/div>\n<\/article>\n<\/section>\n\n<h2>Auditor\u00edas de Seguridad<\/h2>\n<p>La Auditor\u00eda de seguridad anual de Adix es una inspecci\u00f3n exhaustiva de todos los componentes y sistemas cr\u00edticos para la seguridad. Un Ex-ASA es una soluci\u00f3n que proporciona un medio de cumplimiento de las Directivas ATEX si se lleva a cabo anualmente. Un Ex-ASA tambi\u00e9n puede resultar beneficioso al comprar un equipo usado o despu\u00e9s de una renovaci\u00f3n o modificaci\u00f3n.<\/p>\n<p>La auditor\u00eda anual de seguridad Adix EX es una inspecci\u00f3n exhaustiva de los componentes cr\u00edticos de seguridad en nuestras conversiones de protecci\u00f3n contra explosiones. El EX-ASA garantiza que la integridad y seguridad de su equipo de manipulaci\u00f3n de materiales no se vea comprometida durante su vida \u00fatil. Cuando se trata de materiales potencialmente peligrosos, la chispa m\u00e1s peque\u00f1a o el aumento de temperatura podr\u00eda convertirse en una fuente de ignici\u00f3n, y es imperativo que todos los equipos Adix se mantengan al m\u00e1s alto nivel.<\/p>\n<p>La inspecci\u00f3n puede llevarse a cabo en cualquier lugar del mundo por uno de nuestros ingenieros acreditados por IsmATEX. Todos los componentes cr\u00edticos de seguridad del sistema de protecci\u00f3n contra explosiones de Adix se inspeccionan y registran, incluidos los gabinetes, cables y prensaestopas Exd, dispositivos de apagado, conductividad.<\/p>\n<p><strong>\u00bfPor qu\u00e9 necesito un EX-ASA?<\/strong><\/p>\n<p>ATEX 1999\/92 \/ EC requiere que el usuario final &#8222;demuestre que el equipo de trabajo est\u00e1 dise\u00f1ado y mantenido con el debido respeto por la seguridad&#8220;. Todo el equipo se mantiene de acuerdo con EN60079-17, que establece que se debe introducir una rutina de inspecci\u00f3n para garantizar el funcionamiento seguro continuo del equipo.<\/p>\n<p>Si no se han encontrado irregularidades, la carretilla se declarar\u00e1 segura para su uso y se emitir\u00e1 un certificado para respaldar su Documento de protecci\u00f3n contra explosiones (EPD). Las irregularidades deben ser reparadas inmediatamente por el ingeniero de servicio de Adix o un ingeniero capacitado por Adix de su proveedor de servicios. Una vez reparado correctamente, el equipo puede volver a inspeccionarse y emitirse un certificado.<\/p>\n<p>Recomendamos que se lleve a cabo un EX-ASA anualmente para garantizar que su equipo est\u00e9 completamente protegido y funcione correctamente.<\/p>\n<section class=\"shortcode_articles two_columns\">\n<article>\n<figure><img decoding=\"async\" src=\"https:\/\/adixatex.com\/wp-content\/uploads\/2021\/02\/5.-suministro-de-piezas.jpg\" alt=\"Suministro de piezas\"\/><\/figure>\n<div class=\"info\"><span class=\"tag\">Suministro de piezas<\/span>\n<h3><a href=\"https:\/\/adixatex.com\/contacto\/\">Suministro de piezas<\/a><\/h3>\n\n<p>Ofrecemos una amplia gama de piezas de repuesto para equipos. Las listas de piezas se suministran con cada nueva actuaci\u00f3n, proporcionando n\u00fameros de pieza espec\u00edficos para que las piezas se puedan pedir r\u00e1pidamente.<\/p>\n<p>Si el n\u00famero de pieza no est\u00e1 disponible, llame al equipo de piezas o env\u00ede una solicitud con una explicaci\u00f3n completa del art\u00edculo y el n\u00famero de compilaci\u00f3n de Adix.<\/p>\n<p>Una pieza no autorizada puede comprometer la seguridad de su gente y su negocio.<\/p>\n<p>Si tiene alguna pregunta sobre piezas, certificaci\u00f3n y servicio, no dude en ponerse en contacto con nosotros directamente.<\/p>\n<p><span class=\"link false_link\" data-link=\"parent_h3\">Mehr Info&#8217;s<i><svg fill=\"none\" height=\"8\" viewBox=\"0 0 21 8\" width=\"21\" xmlns=\"http:\/\/www.w3.org\/2000\/svg\"><path d=\"m20.3536 4.35355c.1952-.19526.1952-.51184 0-.70711l-3.182-3.181975c-.1953-.195263-.5119-.195263-.7071 0-.1953.195262-.1953.511844 0 .707105l2.8284 2.82843-2.8284 2.82843c-.1953.19526-.1953.51184 0 .7071.1952.19526.5118.19526.7071 0zm-20.35359996.14645h19.99999996v-1h-20.00000004z\" fill=\"#000\"><\/path><\/svg><\/i><\/span><\/p><\/div>\n<\/article>\n<article>\n<figure><img decoding=\"async\" src=\"https:\/\/adixatex.com\/wp-content\/uploads\/2021\/02\/6.-entrenamiento-tecnicos.jpg\" alt=\"Entrenamiento para t\u00e9cnicos de mantenimiento\"\/><\/figure>\n<div class=\"info\"><span class=\"tag\">T\u00e9cnicos de mantenimiento<\/span>\n<h3>Entrenamiento para t\u00e9cnicos de mantenimiento<\/h3>\n\n<p>Cualquier sistemas Adix requerir\u00e1 un mantenimiento regular para garantizar que funcionan correctamente, pero lo que es m\u00e1s importante, para garantizar que el equipo est\u00e9 completamente protegido en todo momento. Ofrecemos una gama de cursos de formaci\u00f3n de ingenieros seg\u00fan la aplicaci\u00f3n.<\/p>\n<p>Ofrecemos una gama de cursos de formaci\u00f3n dise\u00f1ados para ayudar a los ingenieros de obras y mantenimiento, los ingenieros de servicio de campo y los gerentes de servicio a mantener el equipo Adix en el campo.<\/p>\n<p>El contenido incluye: introducci\u00f3n b\u00e1sica a la protecci\u00f3n contra explosiones, m\u00e9todos de protecci\u00f3n, mantenimiento e inspecci\u00f3n, Zona 1, 2, 21 y 22, equipos mec\u00e1nicos y el\u00e9ctricos. Despu\u00e9s de una evaluaci\u00f3n satisfactoria, se emiten certificados y manuales t\u00e9cnicos completos.<\/p>\n<\/div>\n<\/article>\n<\/section>\n\n<h2 class=\"tag\">Reserve un ingeniero de servicio de ADIX<\/h2>\n<p>Los ingenieros de Adix est\u00e1n disponibles para ayudar a los clientes en cualquier parte del mundo.<\/p>\n<p>Se pueden enviar t\u00e9cnicos de campo que brinden soporte in situ para la instalaci\u00f3n, la puesta en servicio o la localizaci\u00f3n de fallas y reparaciones en caso de que algo salga mal con su equipo. Nuestro equipo cuenta con los certificados necesarios y la capacitaci\u00f3n necesaria para que su equipo est\u00e9 en funcionamiento lo antes posible.<\/p>\n<p>Nuestro equipo de ingenieros es una segunda l\u00ednea de soporte para los distribuidores y las redes de OEM en cualquier parte del mundo. Los t\u00e9cnicos de campo de Adix est\u00e1n disponibles para ayudar con la b\u00fasqueda y reparaci\u00f3n de fallas complejas para ayudar a que el equipo funcione de manera segura lo m\u00e1s r\u00e1pido posible.<\/p>\n<div class=\"shortcode_link\"><p><a href=\"https:\/\/adixatex.com\/contacto\/\">M\u00e1s informaci\u00f3n<i><svg fill=\"none\" height=\"8\" viewBox=\"0 0 21 8\" width=\"21\" xmlns=\"http:\/\/www.w3.org\/2000\/svg\"><path d=\"m20.3536 4.35355c.1952-.19526.1952-.51184 0-.70711l-3.182-3.181975c-.1953-.195263-.5119-.195263-.7071 0-.1953.195262-.1953.511844 0 .707105l2.8284 2.82843-2.8284 2.82843c-.1953.19526-.1953.51184 0 .7071.1952.19526.5118.19526.7071 0zm-20.35359996.14645h19.99999996v-1h-20.00000004z\" fill=\"#000\"><\/path><\/svg><\/i><\/a><\/p><\/div>\n","protected":false},"excerpt":{"rendered":"<p>Auditor\u00edas de Seguridad La Auditor\u00eda de seguridad anual de Adix es una inspecci\u00f3n exhaustiva de todos los componentes y sistemas cr\u00edticos para la seguridad. Un Ex-ASA es una soluci\u00f3n que proporciona un medio de cumplimiento de las Directivas ATEX si se lleva a cabo anualmente. Un Ex-ASA tambi\u00e9n puede resultar beneficioso al comprar un equipo [&hellip;]<\/p>\n","protected":false},"author":2,"featured_media":2990,"parent":0,"menu_order":0,"comment_status":"closed","ping_status":"closed","template":"page-templates\/corporative.php","meta":{"footnotes":""},"class_list":["post-2867","page","type-page","status-publish","has-post-thumbnail","hentry"],"yoast_head":"<!-- This site is optimized with the Yoast SEO plugin v24.4 - https:\/\/yoast.com\/wordpress\/plugins\/seo\/ -->\n<title>Dienstleistungen - Adixatex<\/title>\n<meta name=\"robots\" content=\"noindex, follow, max-snippet:-1, max-image-preview:large, max-video-preview:-1\" \/>\n<meta property=\"og:locale\" content=\"de_DE\" \/>\n<meta property=\"og:type\" content=\"article\" \/>\n<meta property=\"og:title\" content=\"Dienstleistungen - Adixatex\" \/>\n<meta property=\"og:description\" content=\"Auditor\u00edas de Seguridad La Auditor\u00eda de seguridad anual de Adix es una inspecci\u00f3n exhaustiva de todos los componentes y sistemas cr\u00edticos para la seguridad. Un Ex-ASA es una soluci\u00f3n que proporciona un medio de cumplimiento de las Directivas ATEX si se lleva a cabo anualmente. Un Ex-ASA tambi\u00e9n puede resultar beneficioso al comprar un equipo [&hellip;]\" \/>\n<meta property=\"og:url\" content=\"https:\/\/www2.adixatex.com\/servicios\/\" \/>\n<meta property=\"og:site_name\" content=\"Adixatex\" \/>\n<meta property=\"article:modified_time\" content=\"2021-11-18T12:45:57+00:00\" \/>\n<meta property=\"og:image\" content=\"https:\/\/www2.adixatex.com\/wp-content\/uploads\/2021\/02\/1.-servicios.jpg\" \/>\n\t<meta property=\"og:image:width\" content=\"500\" \/>\n\t<meta property=\"og:image:height\" content=\"500\" \/>\n\t<meta property=\"og:image:type\" content=\"image\/jpeg\" \/>\n<meta name=\"twitter:card\" content=\"summary_large_image\" \/>\n<meta name=\"twitter:site\" content=\"@adixprotection\" \/>\n<meta name=\"twitter:label1\" content=\"Gesch\u00e4tzte Lesezeit\" \/>\n\t<meta name=\"twitter:data1\" content=\"5\u00a0Minuten\" \/>\n<script type=\"application\/ld+json\" class=\"yoast-schema-graph\">{\"@context\":\"https:\/\/schema.org\",\"@graph\":[{\"@type\":\"WebPage\",\"@id\":\"https:\/\/www2.adixatex.com\/servicios\/\",\"url\":\"https:\/\/www2.adixatex.com\/servicios\/\",\"name\":\"Dienstleistungen - Adixatex\",\"isPartOf\":{\"@id\":\"https:\/\/www2.adixatex.com\/#website\"},\"primaryImageOfPage\":{\"@id\":\"https:\/\/www2.adixatex.com\/servicios\/#primaryimage\"},\"image\":{\"@id\":\"https:\/\/www2.adixatex.com\/servicios\/#primaryimage\"},\"thumbnailUrl\":\"https:\/\/www2.adixatex.com\/wp-content\/uploads\/2021\/02\/1.-servicios.jpg\",\"datePublished\":\"2021-02-22T09:23:20+00:00\",\"dateModified\":\"2021-11-18T12:45:57+00:00\",\"breadcrumb\":{\"@id\":\"https:\/\/www2.adixatex.com\/servicios\/#breadcrumb\"},\"inLanguage\":\"de\",\"potentialAction\":[{\"@type\":\"ReadAction\",\"target\":[\"https:\/\/www2.adixatex.com\/servicios\/\"]}]},{\"@type\":\"ImageObject\",\"inLanguage\":\"de\",\"@id\":\"https:\/\/www2.adixatex.com\/servicios\/#primaryimage\",\"url\":\"https:\/\/www2.adixatex.com\/wp-content\/uploads\/2021\/02\/1.-servicios.jpg\",\"contentUrl\":\"https:\/\/www2.adixatex.com\/wp-content\/uploads\/2021\/02\/1.-servicios.jpg\",\"width\":500,\"height\":500},{\"@type\":\"BreadcrumbList\",\"@id\":\"https:\/\/www2.adixatex.com\/servicios\/#breadcrumb\",\"itemListElement\":[{\"@type\":\"ListItem\",\"position\":1,\"name\":\"Startseite\",\"item\":\"https:\/\/www2.adixatex.com\/\"},{\"@type\":\"ListItem\",\"position\":2,\"name\":\"Dienstleistungen\"}]},{\"@type\":\"WebSite\",\"@id\":\"https:\/\/www2.adixatex.com\/#website\",\"url\":\"https:\/\/www2.adixatex.com\/\",\"name\":\"Adixatex\",\"description\":\"Prevenci\u00f3n y protecci\u00f3n de atm\u00f3sferas explosivas\",\"inLanguage\":\"de\"}]}<\/script>\n<!-- \/ Yoast SEO plugin. -->","yoast_head_json":{"title":"Dienstleistungen - Adixatex","robots":{"index":"noindex","follow":"follow","max-snippet":"max-snippet:-1","max-image-preview":"max-image-preview:large","max-video-preview":"max-video-preview:-1"},"og_locale":"de_DE","og_type":"article","og_title":"Dienstleistungen - Adixatex","og_description":"Auditor\u00edas de Seguridad La Auditor\u00eda de seguridad anual de Adix es una inspecci\u00f3n exhaustiva de todos los componentes y sistemas cr\u00edticos para la seguridad. Un Ex-ASA es una soluci\u00f3n que proporciona un medio de cumplimiento de las Directivas ATEX si se lleva a cabo anualmente. Un Ex-ASA tambi\u00e9n puede resultar beneficioso al comprar un equipo [&hellip;]","og_url":"https:\/\/www2.adixatex.com\/servicios\/","og_site_name":"Adixatex","article_modified_time":"2021-11-18T12:45:57+00:00","og_image":[{"width":500,"height":500,"url":"https:\/\/www2.adixatex.com\/wp-content\/uploads\/2021\/02\/1.-servicios.jpg","type":"image\/jpeg"}],"twitter_card":"summary_large_image","twitter_site":"@adixprotection","twitter_misc":{"Gesch\u00e4tzte Lesezeit":"5\u00a0Minuten"},"schema":{"@context":"https:\/\/schema.org","@graph":[{"@type":"WebPage","@id":"https:\/\/www2.adixatex.com\/servicios\/","url":"https:\/\/www2.adixatex.com\/servicios\/","name":"Dienstleistungen - Adixatex","isPartOf":{"@id":"https:\/\/www2.adixatex.com\/#website"},"primaryImageOfPage":{"@id":"https:\/\/www2.adixatex.com\/servicios\/#primaryimage"},"image":{"@id":"https:\/\/www2.adixatex.com\/servicios\/#primaryimage"},"thumbnailUrl":"https:\/\/www2.adixatex.com\/wp-content\/uploads\/2021\/02\/1.-servicios.jpg","datePublished":"2021-02-22T09:23:20+00:00","dateModified":"2021-11-18T12:45:57+00:00","breadcrumb":{"@id":"https:\/\/www2.adixatex.com\/servicios\/#breadcrumb"},"inLanguage":"de","potentialAction":[{"@type":"ReadAction","target":["https:\/\/www2.adixatex.com\/servicios\/"]}]},{"@type":"ImageObject","inLanguage":"de","@id":"https:\/\/www2.adixatex.com\/servicios\/#primaryimage","url":"https:\/\/www2.adixatex.com\/wp-content\/uploads\/2021\/02\/1.-servicios.jpg","contentUrl":"https:\/\/www2.adixatex.com\/wp-content\/uploads\/2021\/02\/1.-servicios.jpg","width":500,"height":500},{"@type":"BreadcrumbList","@id":"https:\/\/www2.adixatex.com\/servicios\/#breadcrumb","itemListElement":[{"@type":"ListItem","position":1,"name":"Startseite","item":"https:\/\/www2.adixatex.com\/"},{"@type":"ListItem","position":2,"name":"Dienstleistungen"}]},{"@type":"WebSite","@id":"https:\/\/www2.adixatex.com\/#website","url":"https:\/\/www2.adixatex.com\/","name":"Adixatex","description":"Prevenci\u00f3n y protecci\u00f3n de atm\u00f3sferas explosivas","inLanguage":"de"}]}},"_links":{"self":[{"href":"https:\/\/www2.adixatex.com\/de\/wp-json\/wp\/v2\/pages\/2867","targetHints":{"allow":["GET"]}}],"collection":[{"href":"https:\/\/www2.adixatex.com\/de\/wp-json\/wp\/v2\/pages"}],"about":[{"href":"https:\/\/www2.adixatex.com\/de\/wp-json\/wp\/v2\/types\/page"}],"author":[{"embeddable":true,"href":"https:\/\/www2.adixatex.com\/de\/wp-json\/wp\/v2\/users\/2"}],"replies":[{"embeddable":true,"href":"https:\/\/www2.adixatex.com\/de\/wp-json\/wp\/v2\/comments?post=2867"}],"version-history":[{"count":9,"href":"https:\/\/www2.adixatex.com\/de\/wp-json\/wp\/v2\/pages\/2867\/revisions"}],"predecessor-version":[{"id":6651,"href":"https:\/\/www2.adixatex.com\/de\/wp-json\/wp\/v2\/pages\/2867\/revisions\/6651"}],"wp:featuredmedia":[{"embeddable":true,"href":"https:\/\/www2.adixatex.com\/de\/wp-json\/wp\/v2\/media\/2990"}],"wp:attachment":[{"href":"https:\/\/www2.adixatex.com\/de\/wp-json\/wp\/v2\/media?parent=2867"}],"curies":[{"name":"wp","href":"https:\/\/api.w.org\/{rel}","templated":true}]}}