{"id":12249,"date":"2022-01-25T09:19:07","date_gmt":"2022-01-25T08:19:07","guid":{"rendered":"https:\/\/adixatex.com\/product\/novex-ii-valvula-de-aislamiento-de-clapeta\/"},"modified":"2023-03-17T10:11:15","modified_gmt":"2023-03-17T09:11:15","slug":"novexii-ruckschlagklappe","status":"publish","type":"product","link":"https:\/\/www2.adixatex.com\/de\/produkt\/novexii-ruckschlagklappe\/","title":{"rendered":"R\u00fcckschlagklappe NOVEx II"},"content":{"rendered":"<div id=\"shortcode_container_tabs\" class=\"shortcode_container_tabs\"><div id=\"container_tabs_title\" class=\"container_tabs_title\"><\/div>\n<p class=\"container_tabs_title_mobile\">Technische Daten<\/p><div class=\"container_tabs_content\">\n<div id=\"content_table\" class=\"content_table\">\n<div id=\"content_table\" class=\"content_table\">\n<table style=\"height: 449px; width: 658px;\">\n<tbody>\n<tr style=\"height: 23px;\">\n<td style=\"text-align: left; width: 282.068px; height: 23px;\">Nennweiten<\/td>\n<td style=\"text-align: left; width: 361.932px; height: 23px;\">\u00a0100 bis 1250 mm (DIN 24154)<\/td>\n<\/tr>\n<tr style=\"height: 55px;\">\n<td style=\"text-align: left; width: 282.068px; height: 55px;\">Material<\/td>\n<td style=\"width: 361.932px; height: 55px;\">\n<div class=\"wpb_text_column wpb_content_element \">\n<div class=\"wpb_wrapper\">\n<p style=\"text-align: left;\">C-Stah oder Edelstahl<\/p>\n<\/div>\n<\/div>\n<\/td>\n<\/tr>\n<tr style=\"height: 47px;\">\n<td style=\"text-align: left; width: 282.068px; height: 47px;\">H\u00f6chstzul\u00e4ssiger Messbereich der Staubkonzentration im Kanal<\/td>\n<td style=\"text-align: left; width: 361.932px; height: 47px;\">&lt; 500 g\/m3<\/td>\n<\/tr>\n<tr style=\"height: 95px;\">\n<td style=\"text-align: left; width: 282.068px; height: 95px;\">Installationsart<\/td>\n<td style=\"width: 361.932px; height: 95px;\">Horizontaler, vertikaler, geneigter Einbau\n<p>Pull oder Push<\/p><\/td>\n<\/tr>\n<tr style=\"height: 95px;\">\n<td style=\"text-align: left; width: 282.068px; height: 95px;\">Standardbetriebstemperatur<\/td>\n<td style=\"width: 361.932px; height: 95px;\">90\u00b0C (bis 150\u00b0C auf Anfrage)<\/td>\n<\/tr>\n<tr style=\"height: 23px;\">\n<td style=\"text-align: left; width: 282.068px; height: 23px;\">Produkt<\/td>\n<td style=\"text-align: left; width: 361.932px; height: 23px;\">Staubarten bis Kst \u2264 305 bar\u00b7m\/s (inkl. Metall)<\/td>\n<\/tr>\n<tr style=\"height: 23px;\">\n<td style=\"text-align: left; width: 282.068px; height: 23px;\">Marcado<\/td>\n<td style=\"text-align: left; width: 361.932px; height: 23px;\">\u00a0Ex D<\/td>\n<\/tr>\n<tr style=\"height: 23px;\">\n<td style=\"text-align: left; width: 282.068px; height: 23px;\">ATEX Zertifizierung<\/td>\n<td style=\"text-align: left; width: 361.932px; height: 23px;\">LOM22ATEX1035X\n<p>EN 16447:2014 \/ NFPA 69<\/p><\/td>\n<\/tr>\n<\/tbody>\n<\/table>\n<\/div>\n<\/div>\n<\/div>\n<p class=\"container_tabs_title_mobile\">Dimensionen<\/p><div class=\"container_tabs_content\">\n<div id=\"content_table\" class=\"content_table\">\n<p><img decoding=\"async\" class=\" wp-image-11929 aligncenter\" src=\"https:\/\/adixatex.com\/wp-content\/uploads\/2022\/01\/Novex_publicidad_02_small-1-300x225.jpg\" alt=\"\" width=\"245\" height=\"184\" srcset=\"https:\/\/www2.adixatex.com\/wp-content\/uploads\/2022\/01\/Novex_publicidad_02_small-1-300x225.jpg 300w, https:\/\/www2.adixatex.com\/wp-content\/uploads\/2022\/01\/Novex_publicidad_02_small-1-750x562.jpg 750w, https:\/\/www2.adixatex.com\/wp-content\/uploads\/2022\/01\/Novex_publicidad_02_small-1-768x576.jpg 768w, https:\/\/www2.adixatex.com\/wp-content\/uploads\/2022\/01\/Novex_publicidad_02_small-1-600x450.jpg 600w, https:\/\/www2.adixatex.com\/wp-content\/uploads\/2022\/01\/Novex_publicidad_02_small-1.jpg 886w\" sizes=\"(max-width: 245px) 100vw, 245px\" \/><\/p>\n<table>\n<thead id=\"content_table_head\">\n<tr>\n<th class=\"content_table_column\" style=\"text-align: left;\"><strong>Referenz<\/strong><\/th>\n<th class=\"content_table_column\" style=\"text-align: center;\"><strong>Durchmesser (mm)<\/strong><\/th>\n<th class=\"content_table_column\" style=\"text-align: center;\"><strong>Au\u00dfenabmessungen (mm)<\/strong><\/th>\n<\/tr>\n<\/thead>\n<tbody>\n<tr>\n<td style=\"text-align: left;\">NOVExII100<\/td>\n<td style=\"text-align: center;\">100<\/td>\n<td style=\"text-align: center;\">573x337x315<\/td>\n<\/tr>\n<tr>\n<td style=\"text-align: left;\">NOVExII150<\/td>\n<td style=\"text-align: center;\">150<\/td>\n<td style=\"text-align: center;\">373x337x315<\/td>\n<\/tr>\n<tr>\n<td style=\"text-align: left;\">NOVExII250<\/td>\n<td style=\"text-align: center;\">250<\/td>\n<td style=\"text-align: center;\">400x437x414<\/td>\n<\/tr>\n<tr>\n<td style=\"text-align: left;\">NOVExII355<\/td>\n<td style=\"text-align: center;\">355<\/td>\n<td style=\"text-align: center;\">436x542x519<\/td>\n<\/tr>\n<tr>\n<td style=\"text-align: left;\">NOVExII400<\/td>\n<td style=\"text-align: center;\">400<\/td>\n<td style=\"text-align: center;\">461x587x565<\/td>\n<\/tr>\n<tr>\n<td style=\"text-align: left;\">NOVExII500<\/td>\n<td style=\"text-align: center;\">500<\/td>\n<td style=\"text-align: center;\">514x687x665<\/td>\n<\/tr>\n<tr>\n<td style=\"text-align: left;\">NOVExII710<\/td>\n<td style=\"text-align: center;\">710<\/td>\n<td style=\"text-align: center;\">712x897x877<\/td>\n<\/tr>\n<tr>\n<td style=\"text-align: left;\">NOVExII900<\/td>\n<td style=\"text-align: center;\">900<\/td>\n<td style=\"text-align: center;\">897x1187x1170<\/td>\n<\/tr>\n<tr>\n<td style=\"text-align: left;\">NOVExII1000<\/td>\n<td style=\"text-align: center;\">1000<\/td>\n<td style=\"text-align: center;\">\u00a0995x1187x1170<\/td>\n<\/tr>\n<tr>\n<td style=\"text-align: left;\">NOVExII1250<\/td>\n<td style=\"text-align: center;\">1250<\/td>\n<td style=\"text-align: center;\">\u00a01239x1437x1422<\/td>\n<\/tr>\n<tr>\n<td style=\"text-align: left;\"><\/td>\n<td style=\"text-align: center;\"><\/td>\n<td style=\"text-align: center;\"><\/td>\n<\/tr>\n<\/tbody>\n<\/table>\n<\/div>\n<p style=\"text-align: center;\">F\u00fcr weitere Dimensionen und\/oder Arbeitsbedingungen wenden Sie sich an\u00a0<a href=\"https:\/\/adixatex.com\/de\/kontakt\/\">Adix.<\/a><\/p>\n<p>&nbsp;<\/p>\n<\/div>\n<p class=\"container_tabs_title_mobile\">Downloads<\/p><div class=\"container_tabs_content\">\n<p><section class=\"shortcode_columns columns_3\">\n<div class=\"column\">\n<p><strong>Techniches Datenblatt Novex II Spanisch<\/strong><\/p>\n<p>&nbsp;<\/p>\n<ul>\n<li><a class=\"link_view_pdf\" href=\"https:\/\/adixatex.com\/wp-content\/uploads\/2020\/10\/4390-Valvula-NoVEX-2_ES-1.pdf\" target=\"_blank\" rel=\"noopener noreferrer\">Technisches Datenblatt (PDF)<\/a><\/li>\n<\/ul>\n<\/div>\n\n<div class=\"column\">\n<p><strong>Ficha t\u00e9cnica PDF Novex II English\u00a0<\/strong><\/p>\n<p>&nbsp;<\/p>\n<ul>\n<li><a class=\"link_view_pdf\" href=\"https:\/\/adixatex.com\/wp-content\/uploads\/2020\/10\/4390-Valvula-NoVEX-2_EN.pdf\" target=\"_blank\" rel=\"noopener noreferrer\">Technisches Datenblatt (PDF)<\/a><\/li>\n<\/ul>\n<\/div>\n\n<div class=\"column\">\n<p><strong>Techniches Datenblatt PDF Novex II Deutsch<\/strong><\/p>\n<p>&nbsp;<\/p>\n<ul>\n<li><a class=\"link_view_pdf\" href=\"https:\/\/adixatex.com\/wp-content\/uploads\/2020\/10\/4390-Valvula-NoVEX-2_DE.pdf\" target=\"_blank\" rel=\"noopener noreferrer\">Technisches Datenblatt (PDF)<\/a><\/li>\n<\/ul>\n<\/div>\n<\/section>\n<\/p>\n<\/div>\n<\/div>\n","protected":false},"excerpt":{"rendered":"<p>Eine Explosion ist nich auf ein einzelnes Prozesselement beschr\u00e4nkt. Trotz Einbau von Schtuzm\u00dfnahmen wie z.B. Berstscheiben kann sich die Explosion durch Rohtleitungen auf andere Anlagen ausbreiten.<\/p>\n<p>Die R\u00fcckschalagklappe NOVEx II ist v\u00f6llig autonom un kann in horizontaler un vertikaler sowie in jeder anderen Zwischenneigung mit bis zu 3 B\u00f6gen installiert werden.<\/p>\n<ul>\n<li>Oberfl\u00e4che aus lackiertem C-Stahl oder Edelstahl<\/li>\n<li>Verf\u00fcgbare Nennweiten: 100-1250 mm (DIN 24154\/R2, T2)<\/li>\n<li>Horizontaler, vertikaler, geneigter Einbau<\/li>\n<li>Installationsart: Pull oder Push<\/li>\n<li>Bis zu 3 B\u00f6gen m\u00f6glich<\/li>\n<li>Montageabstand: 5-15 m<\/li>\n<li>Staubarten bis Kst \u2264 305 bar\u00b7m\/s (inkl. Metall)<\/li>\n<li>MIE \u2265 1MJ und MIT \u2265110\u00b0C<\/li>\n<li>Standardbetriebstemperatur: 90\u00b0C (bis 150\u00b0C auf Anfrage)<\/li>\n<li>Max. Staubkonzentration im Rohr: 500 g\/m3<\/li>\n<\/ul>\n<p>Zertifiziert gem\u00e4\u00df EN16447:2014 \/ EN15089:2009<br \/>\nKompatibilit\u00e4t mit NFPA 69<\/p>\n<p>&nbsp;<\/p>\n<p>&nbsp;<\/p>\n","protected":false},"featured_media":11588,"comment_status":"open","ping_status":"closed","template":"","meta":[],"product_brand":[],"product_cat":[86],"product_tag":[],"class_list":{"0":"post-12249","1":"product","2":"type-product","3":"status-publish","4":"has-post-thumbnail","6":"product_cat-explosionsschutz","8":"first","9":"instock","10":"shipping-taxable","11":"purchasable","12":"product-type-variable"},"yoast_head":"<!-- This site is optimized with the Yoast SEO plugin v24.4 - https:\/\/yoast.com\/wordpress\/plugins\/seo\/ -->\n<title>R\u00fcckschlagklappe NOVEx II - Adixatex<\/title>\n<meta name=\"robots\" content=\"noindex, follow, max-snippet:-1, max-image-preview:large, max-video-preview:-1\" \/>\n<meta property=\"og:locale\" content=\"de_DE\" \/>\n<meta property=\"og:type\" content=\"article\" \/>\n<meta property=\"og:title\" content=\"R\u00fcckschlagklappe NOVEx II - Adixatex\" \/>\n<meta property=\"og:description\" content=\"Eine Explosion ist nich auf ein einzelnes Prozesselement beschr\u00e4nkt. Trotz Einbau von Schtuzm\u00dfnahmen wie z.B. Berstscheiben kann sich die Explosion durch Rohtleitungen auf andere Anlagen ausbreiten.  Die R\u00fcckschalagklappe NOVEx II ist v\u00f6llig autonom un kann in horizontaler un vertikaler sowie in jeder anderen Zwischenneigung mit bis zu 3 B\u00f6gen installiert werden.   Oberfl\u00e4che aus lackiertem C-Stahl oder Edelstahl  Verf\u00fcgbare Nennweiten: 100-1250 mm (DIN 24154\/R2, T2)  Horizontaler, vertikaler, geneigter Einbau  Installationsart: Pull oder Push  Bis zu 3 B\u00f6gen m\u00f6glich  Montageabstand: 5-15 m  Staubarten bis Kst \u2264 305 bar\u00b7m\/s (inkl. Metall)  MIE \u2265 1MJ und MIT \u2265110\u00b0C  Standardbetriebstemperatur: 90\u00b0C (bis 150\u00b0C auf Anfrage)  Max. Staubkonzentration im Rohr: 500 g\/m3  Zertifiziert gem\u00e4\u00df EN16447:2014 \/ EN15089:2009 Kompatibilit\u00e4t mit NFPA 69  &nbsp;  &nbsp;\" \/>\n<meta property=\"og:url\" content=\"https:\/\/www2.adixatex.com\/de\/produkt\/novexii-ruckschlagklappe\/\" \/>\n<meta property=\"og:site_name\" content=\"Adixatex\" \/>\n<meta property=\"article:modified_time\" content=\"2023-03-17T09:11:15+00:00\" \/>\n<meta property=\"og:image\" content=\"https:\/\/www2.adixatex.com\/wp-content\/uploads\/2022\/01\/NOVEX-II-500CA_5000px.jpg\" \/>\n\t<meta property=\"og:image:width\" content=\"886\" \/>\n\t<meta property=\"og:image:height\" content=\"664\" \/>\n\t<meta property=\"og:image:type\" content=\"image\/jpeg\" \/>\n<meta name=\"twitter:card\" content=\"summary_large_image\" \/>\n<meta name=\"twitter:site\" content=\"@adixprotection\" \/>\n<meta name=\"twitter:label1\" content=\"Gesch\u00e4tzte Lesezeit\" \/>\n\t<meta name=\"twitter:data1\" content=\"1\u00a0Minute\" \/>\n<script type=\"application\/ld+json\" class=\"yoast-schema-graph\">{\"@context\":\"https:\/\/schema.org\",\"@graph\":[{\"@type\":\"WebPage\",\"@id\":\"https:\/\/www2.adixatex.com\/de\/produkt\/novexii-ruckschlagklappe\/\",\"url\":\"https:\/\/www2.adixatex.com\/de\/produkt\/novexii-ruckschlagklappe\/\",\"name\":\"R\u00fcckschlagklappe NOVEx II - Adixatex\",\"isPartOf\":{\"@id\":\"https:\/\/www2.adixatex.com\/#website\"},\"primaryImageOfPage\":{\"@id\":\"https:\/\/www2.adixatex.com\/de\/produkt\/novexii-ruckschlagklappe\/#primaryimage\"},\"image\":{\"@id\":\"https:\/\/www2.adixatex.com\/de\/produkt\/novexii-ruckschlagklappe\/#primaryimage\"},\"thumbnailUrl\":\"https:\/\/www2.adixatex.com\/wp-content\/uploads\/2022\/01\/NOVEX-II-500CA_5000px.jpg\",\"datePublished\":\"2022-01-25T08:19:07+00:00\",\"dateModified\":\"2023-03-17T09:11:15+00:00\",\"breadcrumb\":{\"@id\":\"https:\/\/www2.adixatex.com\/de\/produkt\/novexii-ruckschlagklappe\/#breadcrumb\"},\"inLanguage\":\"de\",\"potentialAction\":[{\"@type\":\"ReadAction\",\"target\":[\"https:\/\/www2.adixatex.com\/de\/produkt\/novexii-ruckschlagklappe\/\"]}]},{\"@type\":\"ImageObject\",\"inLanguage\":\"de\",\"@id\":\"https:\/\/www2.adixatex.com\/de\/produkt\/novexii-ruckschlagklappe\/#primaryimage\",\"url\":\"https:\/\/www2.adixatex.com\/wp-content\/uploads\/2022\/01\/NOVEX-II-500CA_5000px.jpg\",\"contentUrl\":\"https:\/\/www2.adixatex.com\/wp-content\/uploads\/2022\/01\/NOVEX-II-500CA_5000px.jpg\",\"width\":886,\"height\":664},{\"@type\":\"BreadcrumbList\",\"@id\":\"https:\/\/www2.adixatex.com\/de\/produkt\/novexii-ruckschlagklappe\/#breadcrumb\",\"itemListElement\":[{\"@type\":\"ListItem\",\"position\":1,\"name\":\"Startseite\",\"item\":\"https:\/\/www2.adixatex.com\/\"},{\"@type\":\"ListItem\",\"position\":2,\"name\":\"Shop\",\"item\":\"https:\/\/www2.adixatex.com\/productos\/\"},{\"@type\":\"ListItem\",\"position\":3,\"name\":\"R\u00fcckschlagklappe NOVEx II\"}]},{\"@type\":\"WebSite\",\"@id\":\"https:\/\/www2.adixatex.com\/#website\",\"url\":\"https:\/\/www2.adixatex.com\/\",\"name\":\"Adixatex\",\"description\":\"Prevenci\u00f3n y protecci\u00f3n de atm\u00f3sferas explosivas\",\"inLanguage\":\"de\"}]}<\/script>\n<!-- \/ Yoast SEO plugin. -->","yoast_head_json":{"title":"R\u00fcckschlagklappe NOVEx II - Adixatex","robots":{"index":"noindex","follow":"follow","max-snippet":"max-snippet:-1","max-image-preview":"max-image-preview:large","max-video-preview":"max-video-preview:-1"},"og_locale":"de_DE","og_type":"article","og_title":"R\u00fcckschlagklappe NOVEx II - Adixatex","og_description":"Eine Explosion ist nich auf ein einzelnes Prozesselement beschr\u00e4nkt. Trotz Einbau von Schtuzm\u00dfnahmen wie z.B. Berstscheiben kann sich die Explosion durch Rohtleitungen auf andere Anlagen ausbreiten.  Die R\u00fcckschalagklappe NOVEx II ist v\u00f6llig autonom un kann in horizontaler un vertikaler sowie in jeder anderen Zwischenneigung mit bis zu 3 B\u00f6gen installiert werden.   Oberfl\u00e4che aus lackiertem C-Stahl oder Edelstahl  Verf\u00fcgbare Nennweiten: 100-1250 mm (DIN 24154\/R2, T2)  Horizontaler, vertikaler, geneigter Einbau  Installationsart: Pull oder Push  Bis zu 3 B\u00f6gen m\u00f6glich  Montageabstand: 5-15 m  Staubarten bis Kst \u2264 305 bar\u00b7m\/s (inkl. Metall)  MIE \u2265 1MJ und MIT \u2265110\u00b0C  Standardbetriebstemperatur: 90\u00b0C (bis 150\u00b0C auf Anfrage)  Max. Staubkonzentration im Rohr: 500 g\/m3  Zertifiziert gem\u00e4\u00df EN16447:2014 \/ EN15089:2009 Kompatibilit\u00e4t mit NFPA 69  &nbsp;  &nbsp;","og_url":"https:\/\/www2.adixatex.com\/de\/produkt\/novexii-ruckschlagklappe\/","og_site_name":"Adixatex","article_modified_time":"2023-03-17T09:11:15+00:00","og_image":[{"width":886,"height":664,"url":"https:\/\/www2.adixatex.com\/wp-content\/uploads\/2022\/01\/NOVEX-II-500CA_5000px.jpg","type":"image\/jpeg"}],"twitter_card":"summary_large_image","twitter_site":"@adixprotection","twitter_misc":{"Gesch\u00e4tzte Lesezeit":"1\u00a0Minute"},"schema":{"@context":"https:\/\/schema.org","@graph":[{"@type":"WebPage","@id":"https:\/\/www2.adixatex.com\/de\/produkt\/novexii-ruckschlagklappe\/","url":"https:\/\/www2.adixatex.com\/de\/produkt\/novexii-ruckschlagklappe\/","name":"R\u00fcckschlagklappe NOVEx II - Adixatex","isPartOf":{"@id":"https:\/\/www2.adixatex.com\/#website"},"primaryImageOfPage":{"@id":"https:\/\/www2.adixatex.com\/de\/produkt\/novexii-ruckschlagklappe\/#primaryimage"},"image":{"@id":"https:\/\/www2.adixatex.com\/de\/produkt\/novexii-ruckschlagklappe\/#primaryimage"},"thumbnailUrl":"https:\/\/www2.adixatex.com\/wp-content\/uploads\/2022\/01\/NOVEX-II-500CA_5000px.jpg","datePublished":"2022-01-25T08:19:07+00:00","dateModified":"2023-03-17T09:11:15+00:00","breadcrumb":{"@id":"https:\/\/www2.adixatex.com\/de\/produkt\/novexii-ruckschlagklappe\/#breadcrumb"},"inLanguage":"de","potentialAction":[{"@type":"ReadAction","target":["https:\/\/www2.adixatex.com\/de\/produkt\/novexii-ruckschlagklappe\/"]}]},{"@type":"ImageObject","inLanguage":"de","@id":"https:\/\/www2.adixatex.com\/de\/produkt\/novexii-ruckschlagklappe\/#primaryimage","url":"https:\/\/www2.adixatex.com\/wp-content\/uploads\/2022\/01\/NOVEX-II-500CA_5000px.jpg","contentUrl":"https:\/\/www2.adixatex.com\/wp-content\/uploads\/2022\/01\/NOVEX-II-500CA_5000px.jpg","width":886,"height":664},{"@type":"BreadcrumbList","@id":"https:\/\/www2.adixatex.com\/de\/produkt\/novexii-ruckschlagklappe\/#breadcrumb","itemListElement":[{"@type":"ListItem","position":1,"name":"Startseite","item":"https:\/\/www2.adixatex.com\/"},{"@type":"ListItem","position":2,"name":"Shop","item":"https:\/\/www2.adixatex.com\/productos\/"},{"@type":"ListItem","position":3,"name":"R\u00fcckschlagklappe NOVEx II"}]},{"@type":"WebSite","@id":"https:\/\/www2.adixatex.com\/#website","url":"https:\/\/www2.adixatex.com\/","name":"Adixatex","description":"Prevenci\u00f3n y protecci\u00f3n de atm\u00f3sferas explosivas","inLanguage":"de"}]}},"_links":{"self":[{"href":"https:\/\/www2.adixatex.com\/de\/wp-json\/wp\/v2\/product\/12249","targetHints":{"allow":["GET"]}}],"collection":[{"href":"https:\/\/www2.adixatex.com\/de\/wp-json\/wp\/v2\/product"}],"about":[{"href":"https:\/\/www2.adixatex.com\/de\/wp-json\/wp\/v2\/types\/product"}],"replies":[{"embeddable":true,"href":"https:\/\/www2.adixatex.com\/de\/wp-json\/wp\/v2\/comments?post=12249"}],"version-history":[{"count":1,"href":"https:\/\/www2.adixatex.com\/de\/wp-json\/wp\/v2\/product\/12249\/revisions"}],"predecessor-version":[{"id":12300,"href":"https:\/\/www2.adixatex.com\/de\/wp-json\/wp\/v2\/product\/12249\/revisions\/12300"}],"wp:featuredmedia":[{"embeddable":true,"href":"https:\/\/www2.adixatex.com\/de\/wp-json\/wp\/v2\/media\/11588"}],"wp:attachment":[{"href":"https:\/\/www2.adixatex.com\/de\/wp-json\/wp\/v2\/media?parent=12249"}],"wp:term":[{"taxonomy":"product_brand","embeddable":true,"href":"https:\/\/www2.adixatex.com\/de\/wp-json\/wp\/v2\/product_brand?post=12249"},{"taxonomy":"product_cat","embeddable":true,"href":"https:\/\/www2.adixatex.com\/de\/wp-json\/wp\/v2\/product_cat?post=12249"},{"taxonomy":"product_tag","embeddable":true,"href":"https:\/\/www2.adixatex.com\/de\/wp-json\/wp\/v2\/product_tag?post=12249"}],"curies":[{"name":"wp","href":"https:\/\/api.w.org\/{rel}","templated":true}]}}