{"id":1361,"date":"2020-12-15T09:50:55","date_gmt":"2020-12-15T08:50:55","guid":{"rendered":"https:\/\/adixatex.com\/product\/trapezformige-berstscheibe-btp\/"},"modified":"2021-11-19T08:12:29","modified_gmt":"2021-11-19T07:12:29","slug":"trapezformige-berstscheibe-btp","status":"publish","type":"product","link":"https:\/\/www2.adixatex.com\/de\/produkt\/trapezformige-berstscheibe-btp\/","title":{"rendered":"Trapezf\u00f6rmige Berstscheibe  \/\/ BTP"},"content":{"rendered":"<div id=\"shortcode_container_tabs\" class=\"shortcode_container_tabs\"><div id=\"container_tabs_title\" class=\"container_tabs_title\"><\/div>\n<p class=\"container_tabs_title_mobile\">Technische Daten<\/p><div class=\"container_tabs_content\">\n<div id=\"content_table\" class=\"content_table\">\n<table style=\"width: 652px;\">\n<tbody>\n<tr>\n<td style=\"width: 313px; text-align: left;\">Typ<\/td>\n<td style=\"width: 519px; text-align: left;\">\/\/BTP (Flach Trapezf\u00f6rmig)<\/td>\n<\/tr>\n<tr>\n<td style=\"width: 313px; text-align: left;\">Abmessungen<\/td>\n<td style=\"width: 519px; text-align: left;\">1000 bis 1700 mm<\/td>\n<\/tr>\n<tr>\n<td style=\"width: 313px; text-align: left;\">Material<\/td>\n<td style=\"width: 519px; text-align: left;\">AISI 304L oder 316L<\/td>\n<\/tr>\n<tr>\n<td style=\"width: 313px; text-align: left;\">Effizienz<\/td>\n<td style=\"width: 519px; text-align: left;\">\u00a0100%<\/td>\n<\/tr>\n<tr>\n<td style=\"width: 313px; text-align: left;\">Berstdruck<\/td>\n<td style=\"width: 519px; text-align: left;\">20 bis 500 mbarg<\/td>\n<\/tr>\n<tr>\n<td style=\"width: 313px; text-align: left;\">Toleranz<\/td>\n<td style=\"width: 519px; text-align: left;\">\u00a0+\/-25%<\/td>\n<\/tr>\n<tr>\n<td style=\"width: 313px; text-align: left;\">H\u00f6chstzul\u00e4ssiger Betriebsdruck<\/td>\n<td style=\"width: 519px; text-align: left;\">\u00a040% P<sub>stat<\/sub><\/td>\n<\/tr>\n<tr>\n<td style=\"width: 313px; text-align: left;\">Unterst\u00fctzter Vakuumdruck<\/td>\n<td style=\"width: 519px; text-align: left;\">\u00a0&#8211; 20 mbar<\/td>\n<\/tr>\n<tr>\n<td style=\"width: 313px; text-align: left;\">H\u00f6chstzul\u00e4ssige Betriebstemperatur<\/td>\n<td style=\"width: 519px; text-align: left;\">\u00a0bis 350 \u00baC<\/td>\n<\/tr>\n<tr>\n<td style=\"width: 313px; text-align: left;\">Produkt<\/td>\n<td style=\"width: 519px; text-align: left;\">Gas nach Gruppe IIA und organischer und metallischer Staub St3<\/td>\n<\/tr>\n<tr>\n<td style=\"width: 313px; text-align: left;\">ATEX Zertifizierung<\/td>\n<td style=\"width: 519px; text-align: left;\">nach EN14797:2006 und EN14994:2007<\/td>\n<\/tr>\n<tr>\n<td style=\"width: 313px; text-align: left;\">Kennzeichnung<\/td>\n<td style=\"width: 519px; text-align: left;\">Ex GD<\/td>\n<\/tr>\n<\/tbody>\n<\/table>\n<\/div>\n<\/div>\n<p class=\"container_tabs_title_mobile\">Dimensionen<\/p><div class=\"container_tabs_content\">\n<div id=\"content_table\" class=\"content_table\">\n<p><img decoding=\"async\" class=\"aligncenter size-medium wp-image-1344\" src=\"https:\/\/adixatex.com\/wp-content\/uploads\/2020\/11\/Captura2-1-300x124.jpg\" alt=\"Esquema panel BRT\" width=\"300\" height=\"124\" srcset=\"https:\/\/www2.adixatex.com\/wp-content\/uploads\/2020\/11\/Captura2-1-300x124.jpg 300w, https:\/\/www2.adixatex.com\/wp-content\/uploads\/2020\/11\/Captura2-1-750x310.jpg 750w, https:\/\/www2.adixatex.com\/wp-content\/uploads\/2020\/11\/Captura2-1-768x317.jpg 768w, https:\/\/www2.adixatex.com\/wp-content\/uploads\/2020\/11\/Captura2-1-600x248.jpg 600w, https:\/\/www2.adixatex.com\/wp-content\/uploads\/2020\/11\/Captura2-1.jpg 1000w\" sizes=\"(max-width: 300px) 100vw, 300px\" \/><\/p>\n<table>\n<thead>\n<tr>\n<th style=\"text-align: center;\"><strong>Referenz<\/strong><\/th>\n<th style=\"text-align: center;\"><strong>Au\u00dfenma\u00dfe (mm)<\/strong><\/th>\n<th style=\"text-align: center;\"><strong>Nenngr\u00f6\u00dfe (mm)<\/strong><strong><br \/>\n<\/strong><\/th>\n<th style=\"text-align: center;\"><strong>Entl\u00fcftungsbereich<\/strong><\/th>\n<\/tr>\n<tr>\n<th style=\"text-align: center;\"><strong>Referenz<\/strong><\/th>\n<th style=\"text-align: center;\"><strong>Au\u00dfenma\u00dfe (mm)<\/strong><\/th>\n<th style=\"text-align: center;\"><strong>Nenngr\u00f6\u00dfe (mm)<\/strong><strong><br \/>\n<\/strong><\/th>\n<th style=\"text-align: center;\"><strong>Entl\u00fcftungsbereich<\/strong><\/th>\n<\/tr>\n<\/thead>\n<tbody>\n<tr>\n<td style=\"text-align: center;\">BTP1400<\/td>\n<td style=\"text-align: center;\">1400x600x367<\/td>\n<td style=\"text-align: center;\">1320x513x293<\/td>\n<td style=\"text-align: center;\">0,532<\/td>\n<\/tr>\n<tr>\n<td style=\"text-align: center;\">BTP1700<\/td>\n<td style=\"text-align: center;\">1700x600x367<\/td>\n<td style=\"text-align: center;\">1620x513x293<\/td>\n<td style=\"text-align: center;\">0,653<\/td>\n<\/tr>\n<\/tbody>\n<\/table>\n<p>F\u00fcr andere Gr\u00f6\u00dfen und\/oder Arbeitsbedingungen wenden Sie sich bitte an <a href=\"https:\/\/adixatex.com\/de\/kontakt\/\">Adix<\/a>.<\/p>\n<\/div>\n<\/div>\n<p class=\"container_tabs_title_mobile\">Zubeh\u00f6r<\/p><div class=\"container_tabs_content\">\n<table style=\"width: 685px;\">\n<tbody>\n<tr>\n<td style=\"width: 214px;\">\n<h4 class=\"content_table_title\"><strong>MELDER<\/strong><\/h4>\n<\/td>\n<td style=\"width: 455px;\"><\/td>\n<\/tr>\n<tr>\n<td style=\"width: 214px;\">\n<h4 class=\"content_table_title\"><img fetchpriority=\"high\" decoding=\"async\" class=\"aligncenter size-medium wp-image-1239\" src=\"https:\/\/adixatex.com\/wp-content\/uploads\/2020\/11\/MK500A-Detector-rotura-IFM-300x220.jpg\" alt=\"Detector de ruptura\" width=\"300\" height=\"220\" srcset=\"https:\/\/www2.adixatex.com\/wp-content\/uploads\/2020\/11\/MK500A-Detector-rotura-IFM-300x220.jpg 300w, https:\/\/www2.adixatex.com\/wp-content\/uploads\/2020\/11\/MK500A-Detector-rotura-IFM-600x440.jpg 600w, https:\/\/www2.adixatex.com\/wp-content\/uploads\/2020\/11\/MK500A-Detector-rotura-IFM.jpg 619w\" sizes=\"(max-width: 300px) 100vw, 300px\" \/><\/h4>\n<\/td>\n<td style=\"width: 455px;\">\n<h4 class=\"content_table_title\"><strong>Magnetischer Bruchmelder MK500A<\/strong><\/h4>\n<p>ATEX-Zulassung: Ex II 3D Ex tc IIIC T125\u00b0C Dc X<\/p>\n<p>M\u00f6glichkeit der Montage auf verschiedenen Zylindertypen.<\/p>\n<p>Erfassungsbereich: Reaktionsempfindlichkeit[mT] 2<\/p>\n<p>Fahrgeschwindigkeit[m\/s] &gt; 10<\/p>\n<p>Genauigkeit: Abweichungen Hysterese[mm] 1<\/p>\n<p>Wiederholgenauigkeit[mm] &lt; 0,2<\/p>\n<p>Temperatur: -25\u00baC bis 60\u00baC<\/p><\/td>\n<\/tr>\n<tr>\n<td style=\"width: 214px;\"><img decoding=\"async\" class=\"aligncenter size-full wp-image-1247\" src=\"https:\/\/adixatex.com\/wp-content\/uploads\/2020\/11\/detector-magnetico-de-rotura.jpg\" alt=\"Detector magn\u00e9tico de rotura\" width=\"204\" height=\"154\" \/><\/td>\n<td style=\"width: 455px;\"><strong>Bruchmeldekabel Typ RECS f\u00fcr Hochtemperatur VP2759<\/strong>\n<p>Betriebstemperatur: -60\u00baC bis 300\u00baC<\/p>\n<p>Spitzentemperatur: 350\u00baC<\/p>\n<p>AWG: 20S<\/p>\n<p>Kanalnenndurchmesser: 0,965mm<\/p>\n<p>Gesamtl\u00e4nge: 2m<\/p><\/td>\n<\/tr>\n<\/tbody>\n<\/table>\n<p>&nbsp;<\/p>\n<p>&nbsp;<\/p>\n<table style=\"width: 739px;\">\n<tbody>\n<tr>\n<td style=\"width: 208.633px;\">\n<h4>DICHTUNGEN<\/h4>\n<\/td>\n<td style=\"width: 513.367px;\">\n<h4 class=\"content_table_title\"><\/h4>\n<\/td>\n<\/tr>\n<tr>\n<td style=\"width: 208.633px;\">\n<h4 class=\"content_table_title\"><img loading=\"lazy\" decoding=\"async\" class=\"aligncenter size-medium wp-image-1255\" src=\"https:\/\/adixatex.com\/wp-content\/uploads\/2020\/11\/sello-proceso-EPDM-300x200.jpg\" alt=\"Sello proceso EPDM\" width=\"300\" height=\"200\" srcset=\"https:\/\/www2.adixatex.com\/wp-content\/uploads\/2020\/11\/sello-proceso-EPDM-300x200.jpg 300w, https:\/\/www2.adixatex.com\/wp-content\/uploads\/2020\/11\/sello-proceso-EPDM.jpg 466w\" sizes=\"(max-width: 300px) 100vw, 300px\" \/><\/h4>\n<\/td>\n<td style=\"width: 513.367px;\">\n<h4 class=\"content_table_title\"><strong>EPDM-Prozessdichtung<\/strong><\/h4>\n<p>Dynamisches Gummiband verhindert Vibrationen zwischen kompakten Materialien.<\/p>\n<p>Temperatur von -30\u00baC bis 90\u00baC<\/p><\/td>\n<\/tr>\n<tr>\n<td style=\"width: 208.633px;\"><strong><img loading=\"lazy\" decoding=\"async\" class=\"aligncenter size-medium wp-image-1263\" src=\"https:\/\/adixatex.com\/wp-content\/uploads\/2020\/11\/Sello-cera\u0301mico-alta-temperatura-300x225.jpg\" alt=\"Sello cera\u0301mico alta temperatura\" width=\"300\" height=\"225\" srcset=\"https:\/\/www2.adixatex.com\/wp-content\/uploads\/2020\/11\/Sello-cera\u0301mico-alta-temperatura-300x225.jpg 300w, https:\/\/www2.adixatex.com\/wp-content\/uploads\/2020\/11\/Sello-cera\u0301mico-alta-temperatura-750x563.jpg 750w, https:\/\/www2.adixatex.com\/wp-content\/uploads\/2020\/11\/Sello-cera\u0301mico-alta-temperatura-768x576.jpg 768w, https:\/\/www2.adixatex.com\/wp-content\/uploads\/2020\/11\/Sello-cera\u0301mico-alta-temperatura-600x450.jpg 600w, https:\/\/www2.adixatex.com\/wp-content\/uploads\/2020\/11\/Sello-cera\u0301mico-alta-temperatura.jpg 1000w\" sizes=\"(max-width: 300px) 100vw, 300px\" \/><\/strong><\/td>\n<td style=\"width: 513.367px;\"><strong>Hochtemperatur-Keramik-Prozessversiegelung <\/strong>\n<p>Hochtemperaturbest\u00e4ndigkeit bis 1100\u00baC<\/p>\n<p>Erf\u00fcllt die europ\u00e4ischen gesetzlichen Anforderungen.<\/p>\n<p>Ausgezeichnete Benetzungsbest\u00e4ndigkeit von geschmolzenem Aluminium.<\/p>\n<p>Niedrige W\u00e4rmeleitf\u00e4higkeit.<\/p><\/td>\n<\/tr>\n<tr>\n<td style=\"width: 208.633px;\"><strong><img loading=\"lazy\" decoding=\"async\" class=\"aligncenter size-medium wp-image-1271\" src=\"https:\/\/adixatex.com\/wp-content\/uploads\/2020\/11\/IMG_5935-300x229.jpg\" alt=\"Sello de proceso de Silicona\" width=\"300\" height=\"229\" srcset=\"https:\/\/www2.adixatex.com\/wp-content\/uploads\/2020\/11\/IMG_5935-300x229.jpg 300w, https:\/\/www2.adixatex.com\/wp-content\/uploads\/2020\/11\/IMG_5935-750x572.jpg 750w, https:\/\/www2.adixatex.com\/wp-content\/uploads\/2020\/11\/IMG_5935-768x585.jpg 768w, https:\/\/www2.adixatex.com\/wp-content\/uploads\/2020\/11\/IMG_5935-600x457.jpg 600w, https:\/\/www2.adixatex.com\/wp-content\/uploads\/2020\/11\/IMG_5935.jpg 1000w\" sizes=\"(max-width: 300px) 100vw, 300px\" \/><\/strong><\/td>\n<td style=\"width: 513.367px;\"><strong>Silikon-Prozessversiegelung<\/strong>\n<p>Temperatur von -40\u00baC bis 220\u00baC<\/p>\n<p>Wei\u00dfes Schwammsilikon (15HS)<\/p>\n<p>Hervorragende Temperaturbest\u00e4ndigkeit.<\/p>\n<p>Gute Chemikalienbest\u00e4ndigkeit.<\/p>\n<p>Gro\u00dfe Kapazit\u00e4t der Wiederherstellung bis zur Kompression<\/p>\n<p>Gute Flexibilit\u00e4t bei niedrigen Temperaturen<\/p><\/td>\n<\/tr>\n<\/tbody>\n<\/table>\n<p>&nbsp;<\/p>\n<table style=\"width: 671px;\">\n<tbody>\n<tr>\n<td style=\"width: 214px;\">\n<h4 class=\"content_table_title\"><strong>WITTERUNGSSCHUTZ<\/strong><\/h4>\n<\/td>\n<td style=\"width: 441px;\"><\/td>\n<\/tr>\n<tr>\n<td style=\"width: 214px;\">\n<h4 class=\"content_table_title\"><img loading=\"lazy\" decoding=\"async\" class=\"aligncenter size-medium wp-image-1306\" src=\"https:\/\/adixatex.com\/wp-content\/uploads\/2020\/11\/IMG_6453-300x200.jpg\" alt=\"W\u00e4rmed\u00e4mmung VEAI\" width=\"300\" height=\"200\" srcset=\"https:\/\/www2.adixatex.com\/wp-content\/uploads\/2020\/11\/IMG_6453-300x200.jpg 300w, https:\/\/www2.adixatex.com\/wp-content\/uploads\/2020\/11\/IMG_6453-750x500.jpg 750w, https:\/\/www2.adixatex.com\/wp-content\/uploads\/2020\/11\/IMG_6453-768x512.jpg 768w, https:\/\/www2.adixatex.com\/wp-content\/uploads\/2020\/11\/IMG_6453-600x400.jpg 600w, https:\/\/www2.adixatex.com\/wp-content\/uploads\/2020\/11\/IMG_6453.jpg 1000w\" sizes=\"(max-width: 300px) 100vw, 300px\" \/><\/h4>\n<\/td>\n<td style=\"width: 441px;\"><strong>W\u00e4rmed\u00e4mmung VEAI<\/strong>\n<p>Brandverhalten A1: Brandschutz nach Euroklassen (EN 13501-1)<\/p>\n<p>Betriebstemperaturbegrenzung 700\u00baC<\/p>\n<p>Material: Inox + Steinwolle<\/p><\/td>\n<\/tr>\n<tr>\n<td style=\"width: 214px;\"><img loading=\"lazy\" decoding=\"async\" class=\"aligncenter size-medium wp-image-1314\" src=\"https:\/\/adixatex.com\/wp-content\/uploads\/2020\/11\/lona-sf-300x225.png\" alt=\"Lona sf\" width=\"300\" height=\"225\" srcset=\"https:\/\/www2.adixatex.com\/wp-content\/uploads\/2020\/11\/lona-sf-300x225.png 300w, https:\/\/www2.adixatex.com\/wp-content\/uploads\/2020\/11\/lona-sf-600x450.png 600w, https:\/\/www2.adixatex.com\/wp-content\/uploads\/2020\/11\/lona-sf.png 750w\" sizes=\"(max-width: 300px) 100vw, 300px\" \/><\/td>\n<td style=\"width: 441px;\"><strong>Schutzplane<\/strong>\n<p>Sch\u00fctzt die Berstscheibe vor widrigen Wetterbedingungen<br \/>\nwie Regen oder Schnee.<\/p><\/td>\n<\/tr>\n<\/tbody>\n<\/table>\n<p>&nbsp;<\/p>\n<table style=\"width: 739px;\">\n<tbody>\n<tr>\n<td style=\"width: 213.5px;\"><strong>FLANSCHE<\/strong><\/td>\n<td style=\"width: 507.5px;\"><\/td>\n<\/tr>\n<tr>\n<td style=\"width: 213.5px;\"><img loading=\"lazy\" decoding=\"async\" class=\"aligncenter size-medium wp-image-992\" src=\"https:\/\/adixatex.com\/wp-content\/uploads\/2020\/11\/PVACSE-300x187.jpg\" alt=\"PVACSE\" width=\"300\" height=\"187\" srcset=\"https:\/\/www2.adixatex.com\/wp-content\/uploads\/2020\/11\/PVACSE-300x187.jpg 300w, https:\/\/www2.adixatex.com\/wp-content\/uploads\/2020\/11\/PVACSE-750x467.jpg 750w, https:\/\/www2.adixatex.com\/wp-content\/uploads\/2020\/11\/PVACSE-768x479.jpg 768w, https:\/\/www2.adixatex.com\/wp-content\/uploads\/2020\/11\/PVACSE-600x374.jpg 600w, https:\/\/www2.adixatex.com\/wp-content\/uploads\/2020\/11\/PVACSE.jpg 1043w\" sizes=\"(max-width: 300px) 100vw, 300px\" \/><\/td>\n<td style=\"width: 507.5px;\"><strong>Geschwei\u00dft (L) oder Geschraubt (U)<\/strong>\n<p>AISI 304 und AISI 316<\/p>\n<p>Vertikale (Innenverst\u00e4rkung) und horizontale Installation<\/p>\n<p><strong>Hinweis<\/strong>: Montageflansche nur f\u00fcr runde Berstscheiben, der Rest ist auf Papier montiert. F\u00fcr andere L\u00f6sungen konsultieren Sie bitte.<\/p><\/td>\n<\/tr>\n<\/tbody>\n<\/table>\n<\/div>\n<p class=\"container_tabs_title_mobile\">Downloads<\/p><div class=\"container_tabs_content\">\n<p><a href=\"https:\/\/adixatex.com\/wp-content\/uploads\/2020\/11\/1902-Flache-Berstscheiben-DE.pdf\">Datenblatt (PDF)<\/a><\/p>\n<\/div>\n<\/div>\n","protected":false},"excerpt":{"rendered":"<p>Die Berstscheibe ist eine Explosionsentlastungseinrichtung, die sich bei vorgegebener Druck \u00f6ffnet und damit Flammen und \u00dcberdruck zu einem gesicherten Bereich entl\u00fcftet.<\/p>\n<p>Die trapezf\u00f6rmige Berstscheibe ist eine Spezialanfertigung f\u00fcr Silos. Durch ihre Form f\u00fcgt Sie sich perfekt in das Dachsektor ein.<\/p>\n","protected":false},"featured_media":11733,"comment_status":"open","ping_status":"closed","template":"","meta":[],"product_brand":[],"product_cat":[84,86],"product_tag":[],"class_list":{"0":"post-1361","1":"product","2":"type-product","3":"status-publish","4":"has-post-thumbnail","6":"product_cat-berstscheiben","7":"product_cat-explosionsschutz","9":"first","10":"instock","11":"shipping-taxable","12":"product-type-simple"},"yoast_head":"<!-- This site is optimized with the Yoast SEO plugin v24.4 - https:\/\/yoast.com\/wordpress\/plugins\/seo\/ -->\n<title>Trapezf\u00f6rmige Berstscheibe \/\/ BTP - Adixatex<\/title>\n<meta name=\"robots\" content=\"noindex, follow, max-snippet:-1, max-image-preview:large, max-video-preview:-1\" \/>\n<meta property=\"og:locale\" content=\"de_DE\" \/>\n<meta property=\"og:type\" content=\"article\" \/>\n<meta property=\"og:title\" content=\"Trapezf\u00f6rmige Berstscheibe \/\/ BTP - Adixatex\" \/>\n<meta property=\"og:description\" content=\"Die Berstscheibe ist eine Explosionsentlastungseinrichtung, die sich bei vorgegebener Druck \u00f6ffnet und damit Flammen und \u00dcberdruck zu einem gesicherten Bereich entl\u00fcftet.  Die trapezf\u00f6rmige Berstscheibe ist eine Spezialanfertigung f\u00fcr Silos. Durch ihre Form f\u00fcgt Sie sich perfekt in das Dachsektor ein.\" \/>\n<meta property=\"og:url\" content=\"https:\/\/www2.adixatex.com\/de\/produkt\/trapezformige-berstscheibe-btp\/\" \/>\n<meta property=\"og:site_name\" content=\"Adixatex\" \/>\n<meta property=\"article:modified_time\" content=\"2021-11-19T07:12:29+00:00\" \/>\n<meta property=\"og:image\" content=\"https:\/\/www2.adixatex.com\/wp-content\/uploads\/2020\/12\/BTP.jpg\" \/>\n\t<meta property=\"og:image:width\" content=\"1000\" \/>\n\t<meta property=\"og:image:height\" content=\"1000\" \/>\n\t<meta property=\"og:image:type\" content=\"image\/jpeg\" \/>\n<meta name=\"twitter:card\" content=\"summary_large_image\" \/>\n<meta name=\"twitter:site\" content=\"@adixprotection\" \/>\n<meta name=\"twitter:label1\" content=\"Gesch\u00e4tzte Lesezeit\" \/>\n\t<meta name=\"twitter:data1\" content=\"2\u00a0Minuten\" \/>\n<script type=\"application\/ld+json\" class=\"yoast-schema-graph\">{\"@context\":\"https:\/\/schema.org\",\"@graph\":[{\"@type\":\"WebPage\",\"@id\":\"https:\/\/www2.adixatex.com\/de\/produkt\/trapezformige-berstscheibe-btp\/\",\"url\":\"https:\/\/www2.adixatex.com\/de\/produkt\/trapezformige-berstscheibe-btp\/\",\"name\":\"Trapezf\u00f6rmige Berstscheibe \/\/ BTP - Adixatex\",\"isPartOf\":{\"@id\":\"https:\/\/www2.adixatex.com\/#website\"},\"primaryImageOfPage\":{\"@id\":\"https:\/\/www2.adixatex.com\/de\/produkt\/trapezformige-berstscheibe-btp\/#primaryimage\"},\"image\":{\"@id\":\"https:\/\/www2.adixatex.com\/de\/produkt\/trapezformige-berstscheibe-btp\/#primaryimage\"},\"thumbnailUrl\":\"https:\/\/www2.adixatex.com\/wp-content\/uploads\/2020\/12\/BTP.jpg\",\"datePublished\":\"2020-12-15T08:50:55+00:00\",\"dateModified\":\"2021-11-19T07:12:29+00:00\",\"breadcrumb\":{\"@id\":\"https:\/\/www2.adixatex.com\/de\/produkt\/trapezformige-berstscheibe-btp\/#breadcrumb\"},\"inLanguage\":\"de\",\"potentialAction\":[{\"@type\":\"ReadAction\",\"target\":[\"https:\/\/www2.adixatex.com\/de\/produkt\/trapezformige-berstscheibe-btp\/\"]}]},{\"@type\":\"ImageObject\",\"inLanguage\":\"de\",\"@id\":\"https:\/\/www2.adixatex.com\/de\/produkt\/trapezformige-berstscheibe-btp\/#primaryimage\",\"url\":\"https:\/\/www2.adixatex.com\/wp-content\/uploads\/2020\/12\/BTP.jpg\",\"contentUrl\":\"https:\/\/www2.adixatex.com\/wp-content\/uploads\/2020\/12\/BTP.jpg\",\"width\":1000,\"height\":1000},{\"@type\":\"BreadcrumbList\",\"@id\":\"https:\/\/www2.adixatex.com\/de\/produkt\/trapezformige-berstscheibe-btp\/#breadcrumb\",\"itemListElement\":[{\"@type\":\"ListItem\",\"position\":1,\"name\":\"Startseite\",\"item\":\"https:\/\/www2.adixatex.com\/\"},{\"@type\":\"ListItem\",\"position\":2,\"name\":\"Shop\",\"item\":\"https:\/\/www2.adixatex.com\/productos\/\"},{\"@type\":\"ListItem\",\"position\":3,\"name\":\"Trapezf\u00f6rmige Berstscheibe \/\/ BTP\"}]},{\"@type\":\"WebSite\",\"@id\":\"https:\/\/www2.adixatex.com\/#website\",\"url\":\"https:\/\/www2.adixatex.com\/\",\"name\":\"Adixatex\",\"description\":\"Prevenci\u00f3n y protecci\u00f3n de atm\u00f3sferas explosivas\",\"inLanguage\":\"de\"}]}<\/script>\n<!-- \/ Yoast SEO plugin. -->","yoast_head_json":{"title":"Trapezf\u00f6rmige Berstscheibe \/\/ BTP - Adixatex","robots":{"index":"noindex","follow":"follow","max-snippet":"max-snippet:-1","max-image-preview":"max-image-preview:large","max-video-preview":"max-video-preview:-1"},"og_locale":"de_DE","og_type":"article","og_title":"Trapezf\u00f6rmige Berstscheibe \/\/ BTP - Adixatex","og_description":"Die Berstscheibe ist eine Explosionsentlastungseinrichtung, die sich bei vorgegebener Druck \u00f6ffnet und damit Flammen und \u00dcberdruck zu einem gesicherten Bereich entl\u00fcftet.  Die trapezf\u00f6rmige Berstscheibe ist eine Spezialanfertigung f\u00fcr Silos. Durch ihre Form f\u00fcgt Sie sich perfekt in das Dachsektor ein.","og_url":"https:\/\/www2.adixatex.com\/de\/produkt\/trapezformige-berstscheibe-btp\/","og_site_name":"Adixatex","article_modified_time":"2021-11-19T07:12:29+00:00","og_image":[{"width":1000,"height":1000,"url":"https:\/\/www2.adixatex.com\/wp-content\/uploads\/2020\/12\/BTP.jpg","type":"image\/jpeg"}],"twitter_card":"summary_large_image","twitter_site":"@adixprotection","twitter_misc":{"Gesch\u00e4tzte Lesezeit":"2\u00a0Minuten"},"schema":{"@context":"https:\/\/schema.org","@graph":[{"@type":"WebPage","@id":"https:\/\/www2.adixatex.com\/de\/produkt\/trapezformige-berstscheibe-btp\/","url":"https:\/\/www2.adixatex.com\/de\/produkt\/trapezformige-berstscheibe-btp\/","name":"Trapezf\u00f6rmige Berstscheibe \/\/ BTP - Adixatex","isPartOf":{"@id":"https:\/\/www2.adixatex.com\/#website"},"primaryImageOfPage":{"@id":"https:\/\/www2.adixatex.com\/de\/produkt\/trapezformige-berstscheibe-btp\/#primaryimage"},"image":{"@id":"https:\/\/www2.adixatex.com\/de\/produkt\/trapezformige-berstscheibe-btp\/#primaryimage"},"thumbnailUrl":"https:\/\/www2.adixatex.com\/wp-content\/uploads\/2020\/12\/BTP.jpg","datePublished":"2020-12-15T08:50:55+00:00","dateModified":"2021-11-19T07:12:29+00:00","breadcrumb":{"@id":"https:\/\/www2.adixatex.com\/de\/produkt\/trapezformige-berstscheibe-btp\/#breadcrumb"},"inLanguage":"de","potentialAction":[{"@type":"ReadAction","target":["https:\/\/www2.adixatex.com\/de\/produkt\/trapezformige-berstscheibe-btp\/"]}]},{"@type":"ImageObject","inLanguage":"de","@id":"https:\/\/www2.adixatex.com\/de\/produkt\/trapezformige-berstscheibe-btp\/#primaryimage","url":"https:\/\/www2.adixatex.com\/wp-content\/uploads\/2020\/12\/BTP.jpg","contentUrl":"https:\/\/www2.adixatex.com\/wp-content\/uploads\/2020\/12\/BTP.jpg","width":1000,"height":1000},{"@type":"BreadcrumbList","@id":"https:\/\/www2.adixatex.com\/de\/produkt\/trapezformige-berstscheibe-btp\/#breadcrumb","itemListElement":[{"@type":"ListItem","position":1,"name":"Startseite","item":"https:\/\/www2.adixatex.com\/"},{"@type":"ListItem","position":2,"name":"Shop","item":"https:\/\/www2.adixatex.com\/productos\/"},{"@type":"ListItem","position":3,"name":"Trapezf\u00f6rmige Berstscheibe \/\/ BTP"}]},{"@type":"WebSite","@id":"https:\/\/www2.adixatex.com\/#website","url":"https:\/\/www2.adixatex.com\/","name":"Adixatex","description":"Prevenci\u00f3n y protecci\u00f3n de atm\u00f3sferas explosivas","inLanguage":"de"}]}},"_links":{"self":[{"href":"https:\/\/www2.adixatex.com\/de\/wp-json\/wp\/v2\/product\/1361","targetHints":{"allow":["GET"]}}],"collection":[{"href":"https:\/\/www2.adixatex.com\/de\/wp-json\/wp\/v2\/product"}],"about":[{"href":"https:\/\/www2.adixatex.com\/de\/wp-json\/wp\/v2\/types\/product"}],"replies":[{"embeddable":true,"href":"https:\/\/www2.adixatex.com\/de\/wp-json\/wp\/v2\/comments?post=1361"}],"version-history":[{"count":1,"href":"https:\/\/www2.adixatex.com\/de\/wp-json\/wp\/v2\/product\/1361\/revisions"}],"predecessor-version":[{"id":1363,"href":"https:\/\/www2.adixatex.com\/de\/wp-json\/wp\/v2\/product\/1361\/revisions\/1363"}],"wp:featuredmedia":[{"embeddable":true,"href":"https:\/\/www2.adixatex.com\/de\/wp-json\/wp\/v2\/media\/11733"}],"wp:attachment":[{"href":"https:\/\/www2.adixatex.com\/de\/wp-json\/wp\/v2\/media?parent=1361"}],"wp:term":[{"taxonomy":"product_brand","embeddable":true,"href":"https:\/\/www2.adixatex.com\/de\/wp-json\/wp\/v2\/product_brand?post=1361"},{"taxonomy":"product_cat","embeddable":true,"href":"https:\/\/www2.adixatex.com\/de\/wp-json\/wp\/v2\/product_cat?post=1361"},{"taxonomy":"product_tag","embeddable":true,"href":"https:\/\/www2.adixatex.com\/de\/wp-json\/wp\/v2\/product_tag?post=1361"}],"curies":[{"name":"wp","href":"https:\/\/api.w.org\/{rel}","templated":true}]}}