{"id":941,"date":"2020-11-13T11:05:22","date_gmt":"2020-11-13T10:05:22","guid":{"rendered":"https:\/\/adixatex.com\/product\/funkenloeschanlagen\/"},"modified":"2021-11-19T08:09:04","modified_gmt":"2021-11-19T07:09:04","slug":"funkenloeschanlagen","status":"publish","type":"product","link":"https:\/\/www2.adixatex.com\/de\/produkt\/funkenloeschanlagen\/","title":{"rendered":"Funkenl\u00f6schanlagen"},"content":{"rendered":"<div id=\"shortcode_container_tabs\" class=\"shortcode_container_tabs\"><div id=\"container_tabs_title\" class=\"container_tabs_title\"><\/div>\n<p class=\"container_tabs_title_mobile\">Technische Daten<\/p><div class=\"container_tabs_content\">\n<div id=\"content_table\" class=\"content_table\">\n<table>\n<tbody>\n<tr>\n<td style=\"text-align: left;\">Funkenz\u00e4hler<\/td>\n<td style=\"text-align: left;\">einstellbare Schwellenwerte von 1 bis 999 Funken pro Zeiteinheit<\/td>\n<\/tr>\n<tr>\n<td style=\"text-align: left;\">Registerspeicher<\/td>\n<td style=\"text-align: left;\">bis zu 2.500<\/td>\n<\/tr>\n<tr>\n<td style=\"text-align: left;\">Anschluss<\/td>\n<td style=\"text-align: left;\">bis zu 4 Funkenmelder pro Linie<\/td>\n<\/tr>\n<tr>\n<td style=\"text-align: left;\">Batterieautonomie<\/td>\n<td style=\"text-align: left;\">4 Std.<\/td>\n<\/tr>\n<tr>\n<td style=\"text-align: left;\">Individuelle Auswertung und Visualisierung jedes Funkendetektors<\/td>\n<td style=\"text-align: left;\"><\/td>\n<\/tr>\n<tr>\n<td style=\"text-align: left;\">Programmierbare Relaisausg\u00e4nge<\/td>\n<td><\/td>\n<\/tr>\n<tr>\n<td style=\"text-align: left;\">Kennzeichnung<\/td>\n<td style=\"text-align: left;\">Mit ATEX-Kennzeichnung erh\u00e4ltlich<\/td>\n<\/tr>\n<tr>\n<td style=\"text-align: left;\">ATEX Zertifizierung<\/td>\n<td style=\"text-align: left;\"><\/td>\n<\/tr>\n<\/tbody>\n<\/table>\n<\/div>\n<\/div>\n<p class=\"container_tabs_title_mobile\">Download<\/p><div class=\"container_tabs_content\">\n<p><a href=\"https:\/\/adixatex.com\/wp-content\/uploads\/2020\/11\/TyB_Spark-extinguishing-systems.pdf\">Datenblatt (PDF)<\/a><\/p>\n<\/div>\n<\/div>\n","protected":false},"excerpt":{"rendered":"<p>In pneumatischen Transporteinrichtungen und mechanischen F\u00f6rderanlagen, in denen brennbare Materialien transportiert werden, kommt es durch Funkenflug immer wieder zu Br\u00e4nden und Filterexplosionen. Der Funkenflug wird in der Regel durch die eingesetzten Maschinen oder durch Materialverunreinigungen erzeugt. Um dieses Risiko auszuschlie\u00dfen, m\u00fcssen Absauganlagen auf Funkenflug \u00fcberwacht und durch Funkenl\u00f6schanlagen gesichert werden.<\/p>\n","protected":false},"featured_media":13015,"comment_status":"open","ping_status":"closed","template":"","meta":[],"product_brand":[],"product_cat":[85],"product_tag":[],"class_list":{"0":"post-941","1":"product","2":"type-product","3":"status-publish","4":"has-post-thumbnail","6":"product_cat-explosionspravention","8":"first","9":"instock","10":"shipping-taxable","11":"product-type-simple"},"yoast_head":"<!-- This site is optimized with the Yoast SEO plugin v24.4 - https:\/\/yoast.com\/wordpress\/plugins\/seo\/ -->\n<title>Funkenl\u00f6schanlagen - Adixatex<\/title>\n<meta name=\"robots\" content=\"noindex, follow, max-snippet:-1, max-image-preview:large, max-video-preview:-1\" \/>\n<meta property=\"og:locale\" content=\"de_DE\" \/>\n<meta property=\"og:type\" content=\"article\" \/>\n<meta property=\"og:title\" content=\"Funkenl\u00f6schanlagen - Adixatex\" \/>\n<meta property=\"og:description\" content=\"In pneumatischen Transporteinrichtungen und mechanischen F\u00f6rderanlagen, in denen brennbare Materialien transportiert werden, kommt es durch Funkenflug immer wieder zu Br\u00e4nden und Filterexplosionen. Der Funkenflug wird in der Regel durch die eingesetzten Maschinen oder durch Materialverunreinigungen erzeugt. Um dieses Risiko auszuschlie\u00dfen, m\u00fcssen Absauganlagen auf Funkenflug \u00fcberwacht und durch Funkenl\u00f6schanlagen gesichert werden.\" \/>\n<meta property=\"og:url\" content=\"https:\/\/www2.adixatex.com\/produkt\/deteccion-y-apagado-de-chispas\/\" \/>\n<meta property=\"og:site_name\" content=\"Adixatex\" \/>\n<meta property=\"article:modified_time\" content=\"2021-11-19T07:09:04+00:00\" \/>\n<meta property=\"og:image\" content=\"https:\/\/www2.adixatex.com\/wp-content\/uploads\/2020\/10\/Instalacion-Deteccion-chispas-2.png\" \/>\n\t<meta property=\"og:image:width\" content=\"1200\" \/>\n\t<meta property=\"og:image:height\" content=\"847\" \/>\n\t<meta property=\"og:image:type\" content=\"image\/png\" \/>\n<meta name=\"twitter:card\" content=\"summary_large_image\" \/>\n<meta name=\"twitter:site\" content=\"@adixprotection\" \/>\n<script type=\"application\/ld+json\" class=\"yoast-schema-graph\">{\"@context\":\"https:\/\/schema.org\",\"@graph\":[{\"@type\":\"WebPage\",\"@id\":\"https:\/\/www2.adixatex.com\/produkt\/deteccion-y-apagado-de-chispas\/\",\"url\":\"https:\/\/www2.adixatex.com\/produkt\/deteccion-y-apagado-de-chispas\/\",\"name\":\"Funkenl\u00f6schanlagen - Adixatex\",\"isPartOf\":{\"@id\":\"https:\/\/www2.adixatex.com\/#website\"},\"primaryImageOfPage\":{\"@id\":\"https:\/\/www2.adixatex.com\/produkt\/deteccion-y-apagado-de-chispas\/#primaryimage\"},\"image\":{\"@id\":\"https:\/\/www2.adixatex.com\/produkt\/deteccion-y-apagado-de-chispas\/#primaryimage\"},\"thumbnailUrl\":\"https:\/\/www2.adixatex.com\/wp-content\/uploads\/2020\/10\/Instalacion-Deteccion-chispas-2.png\",\"datePublished\":\"2020-11-13T10:05:22+00:00\",\"dateModified\":\"2021-11-19T07:09:04+00:00\",\"breadcrumb\":{\"@id\":\"https:\/\/www2.adixatex.com\/produkt\/deteccion-y-apagado-de-chispas\/#breadcrumb\"},\"inLanguage\":\"de\",\"potentialAction\":[{\"@type\":\"ReadAction\",\"target\":[\"https:\/\/www2.adixatex.com\/produkt\/deteccion-y-apagado-de-chispas\/\"]}]},{\"@type\":\"ImageObject\",\"inLanguage\":\"de\",\"@id\":\"https:\/\/www2.adixatex.com\/produkt\/deteccion-y-apagado-de-chispas\/#primaryimage\",\"url\":\"https:\/\/www2.adixatex.com\/wp-content\/uploads\/2020\/10\/Instalacion-Deteccion-chispas-2.png\",\"contentUrl\":\"https:\/\/www2.adixatex.com\/wp-content\/uploads\/2020\/10\/Instalacion-Deteccion-chispas-2.png\",\"width\":1200,\"height\":847,\"caption\":\"Instalaci\u00f3n Deteccion chispas\"},{\"@type\":\"BreadcrumbList\",\"@id\":\"https:\/\/www2.adixatex.com\/produkt\/deteccion-y-apagado-de-chispas\/#breadcrumb\",\"itemListElement\":[{\"@type\":\"ListItem\",\"position\":1,\"name\":\"Startseite\",\"item\":\"https:\/\/www2.adixatex.com\/\"},{\"@type\":\"ListItem\",\"position\":2,\"name\":\"Shop\",\"item\":\"https:\/\/www2.adixatex.com\/productos\/\"},{\"@type\":\"ListItem\",\"position\":3,\"name\":\"Funkenl\u00f6schanlagen\"}]},{\"@type\":\"WebSite\",\"@id\":\"https:\/\/www2.adixatex.com\/#website\",\"url\":\"https:\/\/www2.adixatex.com\/\",\"name\":\"Adixatex\",\"description\":\"Prevenci\u00f3n y protecci\u00f3n de atm\u00f3sferas explosivas\",\"inLanguage\":\"de\"}]}<\/script>\n<!-- \/ Yoast SEO plugin. -->","yoast_head_json":{"title":"Funkenl\u00f6schanlagen - Adixatex","robots":{"index":"noindex","follow":"follow","max-snippet":"max-snippet:-1","max-image-preview":"max-image-preview:large","max-video-preview":"max-video-preview:-1"},"og_locale":"de_DE","og_type":"article","og_title":"Funkenl\u00f6schanlagen - Adixatex","og_description":"In pneumatischen Transporteinrichtungen und mechanischen F\u00f6rderanlagen, in denen brennbare Materialien transportiert werden, kommt es durch Funkenflug immer wieder zu Br\u00e4nden und Filterexplosionen. Der Funkenflug wird in der Regel durch die eingesetzten Maschinen oder durch Materialverunreinigungen erzeugt. Um dieses Risiko auszuschlie\u00dfen, m\u00fcssen Absauganlagen auf Funkenflug \u00fcberwacht und durch Funkenl\u00f6schanlagen gesichert werden.","og_url":"https:\/\/www2.adixatex.com\/produkt\/deteccion-y-apagado-de-chispas\/","og_site_name":"Adixatex","article_modified_time":"2021-11-19T07:09:04+00:00","og_image":[{"width":1200,"height":847,"url":"https:\/\/www2.adixatex.com\/wp-content\/uploads\/2020\/10\/Instalacion-Deteccion-chispas-2.png","type":"image\/png"}],"twitter_card":"summary_large_image","twitter_site":"@adixprotection","schema":{"@context":"https:\/\/schema.org","@graph":[{"@type":"WebPage","@id":"https:\/\/www2.adixatex.com\/produkt\/deteccion-y-apagado-de-chispas\/","url":"https:\/\/www2.adixatex.com\/produkt\/deteccion-y-apagado-de-chispas\/","name":"Funkenl\u00f6schanlagen - Adixatex","isPartOf":{"@id":"https:\/\/www2.adixatex.com\/#website"},"primaryImageOfPage":{"@id":"https:\/\/www2.adixatex.com\/produkt\/deteccion-y-apagado-de-chispas\/#primaryimage"},"image":{"@id":"https:\/\/www2.adixatex.com\/produkt\/deteccion-y-apagado-de-chispas\/#primaryimage"},"thumbnailUrl":"https:\/\/www2.adixatex.com\/wp-content\/uploads\/2020\/10\/Instalacion-Deteccion-chispas-2.png","datePublished":"2020-11-13T10:05:22+00:00","dateModified":"2021-11-19T07:09:04+00:00","breadcrumb":{"@id":"https:\/\/www2.adixatex.com\/produkt\/deteccion-y-apagado-de-chispas\/#breadcrumb"},"inLanguage":"de","potentialAction":[{"@type":"ReadAction","target":["https:\/\/www2.adixatex.com\/produkt\/deteccion-y-apagado-de-chispas\/"]}]},{"@type":"ImageObject","inLanguage":"de","@id":"https:\/\/www2.adixatex.com\/produkt\/deteccion-y-apagado-de-chispas\/#primaryimage","url":"https:\/\/www2.adixatex.com\/wp-content\/uploads\/2020\/10\/Instalacion-Deteccion-chispas-2.png","contentUrl":"https:\/\/www2.adixatex.com\/wp-content\/uploads\/2020\/10\/Instalacion-Deteccion-chispas-2.png","width":1200,"height":847,"caption":"Instalaci\u00f3n Deteccion chispas"},{"@type":"BreadcrumbList","@id":"https:\/\/www2.adixatex.com\/produkt\/deteccion-y-apagado-de-chispas\/#breadcrumb","itemListElement":[{"@type":"ListItem","position":1,"name":"Startseite","item":"https:\/\/www2.adixatex.com\/"},{"@type":"ListItem","position":2,"name":"Shop","item":"https:\/\/www2.adixatex.com\/productos\/"},{"@type":"ListItem","position":3,"name":"Funkenl\u00f6schanlagen"}]},{"@type":"WebSite","@id":"https:\/\/www2.adixatex.com\/#website","url":"https:\/\/www2.adixatex.com\/","name":"Adixatex","description":"Prevenci\u00f3n y protecci\u00f3n de atm\u00f3sferas explosivas","inLanguage":"de"}]}},"_links":{"self":[{"href":"https:\/\/www2.adixatex.com\/de\/wp-json\/wp\/v2\/product\/941","targetHints":{"allow":["GET"]}}],"collection":[{"href":"https:\/\/www2.adixatex.com\/de\/wp-json\/wp\/v2\/product"}],"about":[{"href":"https:\/\/www2.adixatex.com\/de\/wp-json\/wp\/v2\/types\/product"}],"replies":[{"embeddable":true,"href":"https:\/\/www2.adixatex.com\/de\/wp-json\/wp\/v2\/comments?post=941"}],"version-history":[{"count":1,"href":"https:\/\/www2.adixatex.com\/de\/wp-json\/wp\/v2\/product\/941\/revisions"}],"predecessor-version":[{"id":942,"href":"https:\/\/www2.adixatex.com\/de\/wp-json\/wp\/v2\/product\/941\/revisions\/942"}],"wp:featuredmedia":[{"embeddable":true,"href":"https:\/\/www2.adixatex.com\/de\/wp-json\/wp\/v2\/media\/13015"}],"wp:attachment":[{"href":"https:\/\/www2.adixatex.com\/de\/wp-json\/wp\/v2\/media?parent=941"}],"wp:term":[{"taxonomy":"product_brand","embeddable":true,"href":"https:\/\/www2.adixatex.com\/de\/wp-json\/wp\/v2\/product_brand?post=941"},{"taxonomy":"product_cat","embeddable":true,"href":"https:\/\/www2.adixatex.com\/de\/wp-json\/wp\/v2\/product_cat?post=941"},{"taxonomy":"product_tag","embeddable":true,"href":"https:\/\/www2.adixatex.com\/de\/wp-json\/wp\/v2\/product_tag?post=941"}],"curies":[{"name":"wp","href":"https:\/\/api.w.org\/{rel}","templated":true}]}}