{"id":13763,"date":"2020-11-04T12:11:53","date_gmt":"2020-11-04T11:11:53","guid":{"rendered":"https:\/\/adixatex.com\/prevention-and-protection-of-explosive-atmospheres\/"},"modified":"2020-11-04T12:11:53","modified_gmt":"2020-11-04T11:11:53","slug":"prevention-and-protection-of-explosive-atmospheres","status":"publish","type":"page","link":"https:\/\/www2.adixatex.com\/en-id\/","title":{"rendered":"Prevention and protection of explosive atmospheres"},"content":{"rendered":"","protected":false},"excerpt":{"rendered":"","protected":false},"author":2,"featured_media":0,"parent":0,"menu_order":0,"comment_status":"closed","ping_status":"closed","template":"","meta":{"footnotes":""},"class_list":["post-13763","page","type-page","status-publish","hentry"],"yoast_head":"<!-- This site is optimized with the Yoast SEO plugin v24.4 - https:\/\/yoast.com\/wordpress\/plugins\/seo\/ -->\n<title>Prevention and protection of explosive atmospheres - Adixatex<\/title>\n<meta name=\"robots\" content=\"noindex, follow, max-snippet:-1, max-image-preview:large, max-video-preview:-1\" \/>\n<meta property=\"og:locale\" content=\"en_US\" \/>\n<meta property=\"og:type\" content=\"article\" \/>\n<meta property=\"og:title\" content=\"Prevention and protection of explosive atmospheres - Adixatex\" \/>\n<meta property=\"og:url\" content=\"https:\/\/www2.adixatex.com\/\" \/>\n<meta property=\"og:site_name\" content=\"Adixatex\" \/>\n<meta name=\"twitter:card\" content=\"summary_large_image\" \/>\n<meta name=\"twitter:site\" content=\"@adixprotection\" \/>\n<script type=\"application\/ld+json\" class=\"yoast-schema-graph\">{\"@context\":\"https:\/\/schema.org\",\"@graph\":[{\"@type\":\"WebPage\",\"@id\":\"https:\/\/www2.adixatex.com\/\",\"url\":\"https:\/\/www2.adixatex.com\/\",\"name\":\"Prevention and protection of explosive atmospheres - Adixatex\",\"isPartOf\":{\"@id\":\"https:\/\/www2.adixatex.com\/#website\"},\"datePublished\":\"2020-11-04T11:11:53+00:00\",\"breadcrumb\":{\"@id\":\"https:\/\/www2.adixatex.com\/#breadcrumb\"},\"inLanguage\":\"en-ID\",\"potentialAction\":[{\"@type\":\"ReadAction\",\"target\":[\"https:\/\/www2.adixatex.com\/\"]}]},{\"@type\":\"BreadcrumbList\",\"@id\":\"https:\/\/www2.adixatex.com\/#breadcrumb\",\"itemListElement\":[{\"@type\":\"ListItem\",\"position\":1,\"name\":\"Home\",\"item\":\"https:\/\/www2.adixatex.com\/\"},{\"@type\":\"ListItem\",\"position\":2,\"name\":\"Prevention and protection of explosive atmospheres\"}]},{\"@type\":\"WebSite\",\"@id\":\"https:\/\/www2.adixatex.com\/#website\",\"url\":\"https:\/\/www2.adixatex.com\/\",\"name\":\"Adixatex\",\"description\":\"Prevenci\u00f3n y protecci\u00f3n de atm\u00f3sferas explosivas\",\"inLanguage\":\"en-ID\"}]}<\/script>\n<!-- \/ Yoast SEO plugin. -->","yoast_head_json":{"title":"Prevention and protection of explosive atmospheres - Adixatex","robots":{"index":"noindex","follow":"follow","max-snippet":"max-snippet:-1","max-image-preview":"max-image-preview:large","max-video-preview":"max-video-preview:-1"},"og_locale":"en_US","og_type":"article","og_title":"Prevention and protection of explosive atmospheres - Adixatex","og_url":"https:\/\/www2.adixatex.com\/","og_site_name":"Adixatex","twitter_card":"summary_large_image","twitter_site":"@adixprotection","schema":{"@context":"https:\/\/schema.org","@graph":[{"@type":"WebPage","@id":"https:\/\/www2.adixatex.com\/","url":"https:\/\/www2.adixatex.com\/","name":"Prevention and protection of explosive atmospheres - Adixatex","isPartOf":{"@id":"https:\/\/www2.adixatex.com\/#website"},"datePublished":"2020-11-04T11:11:53+00:00","breadcrumb":{"@id":"https:\/\/www2.adixatex.com\/#breadcrumb"},"inLanguage":"en-ID","potentialAction":[{"@type":"ReadAction","target":["https:\/\/www2.adixatex.com\/"]}]},{"@type":"BreadcrumbList","@id":"https:\/\/www2.adixatex.com\/#breadcrumb","itemListElement":[{"@type":"ListItem","position":1,"name":"Home","item":"https:\/\/www2.adixatex.com\/"},{"@type":"ListItem","position":2,"name":"Prevention and protection of explosive atmospheres"}]},{"@type":"WebSite","@id":"https:\/\/www2.adixatex.com\/#website","url":"https:\/\/www2.adixatex.com\/","name":"Adixatex","description":"Prevenci\u00f3n y protecci\u00f3n de atm\u00f3sferas explosivas","inLanguage":"en-ID"}]}},"_links":{"self":[{"href":"https:\/\/www2.adixatex.com\/en-id\/wp-json\/wp\/v2\/pages\/13763","targetHints":{"allow":["GET"]}}],"collection":[{"href":"https:\/\/www2.adixatex.com\/en-id\/wp-json\/wp\/v2\/pages"}],"about":[{"href":"https:\/\/www2.adixatex.com\/en-id\/wp-json\/wp\/v2\/types\/page"}],"author":[{"embeddable":true,"href":"https:\/\/www2.adixatex.com\/en-id\/wp-json\/wp\/v2\/users\/2"}],"replies":[{"embeddable":true,"href":"https:\/\/www2.adixatex.com\/en-id\/wp-json\/wp\/v2\/comments?post=13763"}],"version-history":[{"count":0,"href":"https:\/\/www2.adixatex.com\/en-id\/wp-json\/wp\/v2\/pages\/13763\/revisions"}],"wp:attachment":[{"href":"https:\/\/www2.adixatex.com\/en-id\/wp-json\/wp\/v2\/media?parent=13763"}],"curies":[{"name":"wp","href":"https:\/\/api.w.org\/{rel}","templated":true}]}}