{"id":13766,"date":"2020-11-23T14:09:10","date_gmt":"2020-11-23T13:09:10","guid":{"rendered":"https:\/\/adixatex.com\/consultoria\/"},"modified":"2025-02-25T10:08:41","modified_gmt":"2025-02-25T09:08:41","slug":"consultoria","status":"publish","type":"page","link":"https:\/\/www2.adixatex.com\/en-id\/consultoria\/","title":{"rendered":"Engineering &#038; Consultancy"},"content":{"rendered":"\t\t<div data-elementor-type=\"wp-page\" data-elementor-id=\"13766\" class=\"elementor elementor-13766 elementor-380\" data-elementor-post-type=\"page\">\n\t\t\t\t\t\t<section class=\"elementor-section elementor-top-section elementor-element elementor-element-620cb161 elementor-section-boxed elementor-section-height-default elementor-section-height-default\" data-id=\"620cb161\" data-element_type=\"section\">\n\t\t\t\t\t\t<div class=\"elementor-container elementor-column-gap-default\">\n\t\t\t\t\t<div class=\"elementor-column elementor-col-100 elementor-top-column elementor-element elementor-element-7d7bee24\" data-id=\"7d7bee24\" data-element_type=\"column\">\n\t\t\t<div class=\"elementor-widget-wrap elementor-element-populated\">\n\t\t\t\t\t\t<div class=\"elementor-element elementor-element-274534ff elementor-widget elementor-widget-text-editor\" data-id=\"274534ff\" data-element_type=\"widget\" data-widget_type=\"text-editor.default\">\n\t\t\t\t<div class=\"elementor-widget-container\">\n\t\t\t\t\t\t\t\t\t<p><img decoding=\"async\" class=\"aligncenter wp-image-2086\" src=\"https:\/\/adixatex.com\/wp-content\/uploads\/2021\/03\/logos-certificaciones-baja-resolucio%CC%81n-300x36.jpg\" alt=\"\" width=\"350\" height=\"42\" \/><\/p><section class=\"shortcode_articles joined_rows\">\n<article>\n<figure><img decoding=\"async\" src=\"https:\/\/adixatex.com\/wp-content\/uploads\/2021\/02\/ed_3-500x600-1.jpg\" alt=\"\"\/><\/figure>\n<div class=\"info\"><span class=\"tag\">Adaptations<\/span>\n<p>Adix generates from the beginning, a detailed and official report of their situation needs according to current regulations Adix. Among them the development of the following documentation:<\/p>\n<ul>\n<li>Elaboration of Document of Protection against Explosions according to RD 681.<\/li>\n<li>Elaboraci\u00f3n de Expedientes T\u00e9cnicos para Adecuaci\u00f3n de Equipos seg\u00fan RD 400.<\/li>\n<li>Expert Reports of Accidents with Explosion.<\/li>\n<li>Static Ignition Studies.<\/li>\n<li>Inerting Projects.<\/li>\n<\/ul>\n<p><em>All our documentation is endorsed by:<\/em><\/p>\n<ul>\n<li><span style=\"font-family: open_sansbold, sans-serif; font-weight: bold;\">IsmATEX Certificate<\/span>\u00a0&#8211; Accredited by INERIS.<\/li>\n<li>Graduates of the Master&#8217;s Degree in Explosion Prevention of the\u00a0<span style=\"font-family: open_sansbold, sans-serif; font-weight: bold;\">Official Madariaga Laboratory.<\/span><\/li>\n<\/ul>\n<p><span class=\"link false_link\" data-link=\"parent_h3\">M\u00e1s informaci\u00f3n<i><svg fill=\"none\" height=\"8\" viewBox=\"0 0 21 8\" width=\"21\" xmlns=\"http:\/\/www.w3.org\/2000\/svg\"><path d=\"m20.3536 4.35355c.1952-.19526.1952-.51184 0-.70711l-3.182-3.181975c-.1953-.195263-.5119-.195263-.7071 0-.1953.195262-.1953.511844 0 .707105l2.8284 2.82843-2.8284 2.82843c-.1953.19526-.1953.51184 0 .7071.1952.19526.5118.19526.7071 0zm-20.35359996.14645h19.99999996v-1h-20.00000004z\" fill=\"#000\"><\/path><\/svg><\/i><\/span><\/p><\/div>\n<\/article>\n<article>\n<figure><img decoding=\"async\" src=\"https:\/\/adixatex.com\/wp-content\/uploads\/2021\/02\/ed_2-500x600-1.jpg\" alt=\"Risk Analysis and Inspection of ATEX Installations\"\/><\/figure>\n<div class=\"info\"><span class=\"tag\">Risk analysis<\/span>\n<h3><a href=\"#\">Risk Analysis and Inspection of ATEX Installations<\/a><\/h3>\n\n<ul>\n<li>Explosion risk assessment using recognised methods (HAZOP, fault trees, event trees).<\/li>\n<li>Explosion consequence calculations.<\/li>\n<li>Specific studies of possible ignition sources.<\/li>\n<li>Pre-commissioning checks of installations.<\/li>\n<li>Periodic review for updating and consultancy of explosion risks.<\/li>\n<li>Management of ATEX authorisations.<\/li>\n<\/ul>\n<p><span class=\"link false_link\" data-link=\"parent_h3\">M\u00e1s informaci\u00f3n<i><svg fill=\"none\" height=\"8\" viewBox=\"0 0 21 8\" width=\"21\" xmlns=\"http:\/\/www.w3.org\/2000\/svg\"><path d=\"m20.3536 4.35355c.1952-.19526.1952-.51184 0-.70711l-3.182-3.181975c-.1953-.195263-.5119-.195263-.7071 0-.1953.195262-.1953.511844 0 .707105l2.8284 2.82843-2.8284 2.82843c-.1953.19526-.1953.51184 0 .7071.1952.19526.5118.19526.7071 0zm-20.35359996.14645h19.99999996v-1h-20.00000004z\" fill=\"#000\"><\/path><\/svg><\/i><\/span><\/p><\/div>\n<\/article>\n<\/section>\n<section class=\"shortcode_articles columns\">\n<article>\n<figure><img decoding=\"async\" src=\"https:\/\/adixatex.com\/wp-content\/uploads\/2021\/02\/ed_4-500x300-1.jpg\" alt=\"Test and Measurements\"\/><\/figure>\n<div class=\"info\"><span class=\"tag\">Test and Measurements<\/span>\n<h3><a href=\"#\">Test and Measurements<\/a><\/h3>\n\n<p>We have all the necessary resources to perform test and measurements that your facilitates require<\/p>\n<ul>\n<li>Determination of explosion rates.<\/li>\n<li>Measurement of ventilation flows.<\/li>\n<li>Electromagnetic field measurement.<\/li>\n<li>Measurement of surface resistance.<\/li>\n<li>Thermography.<\/li>\n<\/ul>\n<p><span class=\"link false_link\" data-link=\"parent_h3\">M\u00e1s informaci\u00f3n<i><svg fill=\"none\" height=\"8\" viewBox=\"0 0 21 8\" width=\"21\" xmlns=\"http:\/\/www.w3.org\/2000\/svg\"><path d=\"m20.3536 4.35355c.1952-.19526.1952-.51184 0-.70711l-3.182-3.181975c-.1953-.195263-.5119-.195263-.7071 0-.1953.195262-.1953.511844 0 .707105l2.8284 2.82843-2.8284 2.82843c-.1953.19526-.1953.51184 0 .7071.1952.19526.5118.19526.7071 0zm-20.35359996.14645h19.99999996v-1h-20.00000004z\" fill=\"#000\"><\/path><\/svg><\/i><\/span><\/p><\/div>\n<\/article>\n<article>\n<figure><img decoding=\"async\" src=\"https:\/\/adixatex.com\/wp-content\/uploads\/2021\/02\/ed_5-500x300-1.jpg\" alt=\"Design of ATEX installations \"\/><\/figure>\n<div class=\"info\"><span class=\"tag\">Installations design<\/span>\n<h3><a href=\"#\">Design of ATEX installations <\/a><\/h3>\n\n<p>ATEX safety considerations during the design stages.<\/p>\n<p>Development and optimization of processes from an explosion safety point of view.<\/p>\n<p>Implementation proyects of explosion prevention and protection systems.<\/p>\n<p>Integral projects of adaptaion of installations to ATEX regulations.<\/p>\n<p><span class=\"link false_link\" data-link=\"parent_h3\">M\u00e1s informaci\u00f3n<i><svg fill=\"none\" height=\"8\" viewBox=\"0 0 21 8\" width=\"21\" xmlns=\"http:\/\/www.w3.org\/2000\/svg\"><path d=\"m20.3536 4.35355c.1952-.19526.1952-.51184 0-.70711l-3.182-3.181975c-.1953-.195263-.5119-.195263-.7071 0-.1953.195262-.1953.511844 0 .707105l2.8284 2.82843-2.8284 2.82843c-.1953.19526-.1953.51184 0 .7071.1952.19526.5118.19526.7071 0zm-20.35359996.14645h19.99999996v-1h-20.00000004z\" fill=\"#000\"><\/path><\/svg><\/i><\/span><\/p><\/div>\n<\/article>\n<\/section>\n<section class=\"shortcode_articles reverse_rows\">\n<article>\n<figure><img decoding=\"async\" src=\"https:\/\/adixatex.com\/wp-content\/uploads\/2021\/02\/Ed_6-500x600-1.jpg\" alt=\"Our projects around the world\"\/><\/figure>\n<div class=\"info\"><span class=\"tag\">Work carried out<\/span>\n<h3><a href=\"#\">Our projects around the world<\/a><\/h3>\n\n<p>We implement comprehensive projects. Furthermore, we adapt and renew the installations under ATEX certifications of differents industreis.<\/p>\n<ul>\n<li>Food grain industry<\/li>\n<li>Pharmacy<\/li>\n<li>Gas<\/li>\n<li>Cement industry<\/li>\n<\/ul>\n<p><span class=\"link false_link\" data-link=\"parent_h3\">M\u00e1s informaci\u00f3n<i><svg fill=\"none\" height=\"8\" viewBox=\"0 0 21 8\" width=\"21\" xmlns=\"http:\/\/www.w3.org\/2000\/svg\"><path d=\"m20.3536 4.35355c.1952-.19526.1952-.51184 0-.70711l-3.182-3.181975c-.1953-.195263-.5119-.195263-.7071 0-.1953.195262-.1953.511844 0 .707105l2.8284 2.82843-2.8284 2.82843c-.1953.19526-.1953.51184 0 .7071.1952.19526.5118.19526.7071 0zm-20.35359996.14645h19.99999996v-1h-20.00000004z\" fill=\"#000\"><\/path><\/svg><\/i><\/span><\/p><\/div>\n<\/article>\n<\/section>\n\t\t\t\t\t\t\t\t<\/div>\n\t\t\t\t<\/div>\n\t\t\t\t\t<\/div>\n\t\t<\/div>\n\t\t\t\t\t<\/div>\n\t\t<\/section>\n\t\t\t\t<\/div>\n\t\t","protected":false},"excerpt":{"rendered":"","protected":false},"author":2,"featured_media":13768,"parent":0,"menu_order":0,"comment_status":"closed","ping_status":"closed","template":"page-templates\/corporative.php","meta":{"footnotes":""},"class_list":["post-13766","page","type-page","status-publish","has-post-thumbnail","hentry"],"yoast_head":"<!-- This site is optimized with the Yoast SEO plugin v24.4 - https:\/\/yoast.com\/wordpress\/plugins\/seo\/ -->\n<title>Engineering &amp; Consultancy - Adixatex<\/title>\n<meta name=\"robots\" content=\"noindex, follow, max-snippet:-1, max-image-preview:large, max-video-preview:-1\" \/>\n<meta property=\"og:locale\" content=\"en_US\" \/>\n<meta property=\"og:type\" content=\"article\" \/>\n<meta property=\"og:title\" content=\"Engineering &amp; Consultancy - Adixatex\" \/>\n<meta property=\"og:url\" content=\"https:\/\/www2.adixatex.com\/consultoria\/\" \/>\n<meta property=\"og:site_name\" content=\"Adixatex\" \/>\n<meta property=\"article:modified_time\" content=\"2025-02-25T09:08:41+00:00\" \/>\n<meta property=\"og:image\" content=\"https:\/\/www2.adixatex.com\/wp-content\/uploads\/2021\/05\/portada-consulting.jpg\" \/>\n\t<meta property=\"og:image:width\" content=\"500\" \/>\n\t<meta property=\"og:image:height\" content=\"500\" \/>\n\t<meta property=\"og:image:type\" content=\"image\/jpeg\" \/>\n<meta name=\"twitter:card\" content=\"summary_large_image\" \/>\n<meta name=\"twitter:site\" content=\"@adixprotection\" \/>\n<meta name=\"twitter:label1\" content=\"Est. reading time\" \/>\n\t<meta name=\"twitter:data1\" content=\"2 minutes\" \/>\n<script type=\"application\/ld+json\" class=\"yoast-schema-graph\">{\"@context\":\"https:\/\/schema.org\",\"@graph\":[{\"@type\":\"WebPage\",\"@id\":\"https:\/\/www2.adixatex.com\/consultoria\/\",\"url\":\"https:\/\/www2.adixatex.com\/consultoria\/\",\"name\":\"Engineering & Consultancy - Adixatex\",\"isPartOf\":{\"@id\":\"https:\/\/www2.adixatex.com\/#website\"},\"primaryImageOfPage\":{\"@id\":\"https:\/\/www2.adixatex.com\/consultoria\/#primaryimage\"},\"image\":{\"@id\":\"https:\/\/www2.adixatex.com\/consultoria\/#primaryimage\"},\"thumbnailUrl\":\"https:\/\/www2.adixatex.com\/wp-content\/uploads\/2021\/05\/portada-consulting.jpg\",\"datePublished\":\"2020-11-23T13:09:10+00:00\",\"dateModified\":\"2025-02-25T09:08:41+00:00\",\"breadcrumb\":{\"@id\":\"https:\/\/www2.adixatex.com\/consultoria\/#breadcrumb\"},\"inLanguage\":\"en-ID\",\"potentialAction\":[{\"@type\":\"ReadAction\",\"target\":[\"https:\/\/www2.adixatex.com\/consultoria\/\"]}]},{\"@type\":\"ImageObject\",\"inLanguage\":\"en-ID\",\"@id\":\"https:\/\/www2.adixatex.com\/consultoria\/#primaryimage\",\"url\":\"https:\/\/www2.adixatex.com\/wp-content\/uploads\/2021\/05\/portada-consulting.jpg\",\"contentUrl\":\"https:\/\/www2.adixatex.com\/wp-content\/uploads\/2021\/05\/portada-consulting.jpg\",\"width\":500,\"height\":500},{\"@type\":\"BreadcrumbList\",\"@id\":\"https:\/\/www2.adixatex.com\/consultoria\/#breadcrumb\",\"itemListElement\":[{\"@type\":\"ListItem\",\"position\":1,\"name\":\"Home\",\"item\":\"https:\/\/www2.adixatex.com\/\"},{\"@type\":\"ListItem\",\"position\":2,\"name\":\"Engineering &#038; Consultancy\"}]},{\"@type\":\"WebSite\",\"@id\":\"https:\/\/www2.adixatex.com\/#website\",\"url\":\"https:\/\/www2.adixatex.com\/\",\"name\":\"Adixatex\",\"description\":\"Prevenci\u00f3n y protecci\u00f3n de atm\u00f3sferas explosivas\",\"inLanguage\":\"en-ID\"}]}<\/script>\n<!-- \/ Yoast SEO plugin. -->","yoast_head_json":{"title":"Engineering & Consultancy - Adixatex","robots":{"index":"noindex","follow":"follow","max-snippet":"max-snippet:-1","max-image-preview":"max-image-preview:large","max-video-preview":"max-video-preview:-1"},"og_locale":"en_US","og_type":"article","og_title":"Engineering & Consultancy - Adixatex","og_url":"https:\/\/www2.adixatex.com\/consultoria\/","og_site_name":"Adixatex","article_modified_time":"2025-02-25T09:08:41+00:00","og_image":[{"width":500,"height":500,"url":"https:\/\/www2.adixatex.com\/wp-content\/uploads\/2021\/05\/portada-consulting.jpg","type":"image\/jpeg"}],"twitter_card":"summary_large_image","twitter_site":"@adixprotection","twitter_misc":{"Est. reading time":"2 minutes"},"schema":{"@context":"https:\/\/schema.org","@graph":[{"@type":"WebPage","@id":"https:\/\/www2.adixatex.com\/consultoria\/","url":"https:\/\/www2.adixatex.com\/consultoria\/","name":"Engineering & Consultancy - Adixatex","isPartOf":{"@id":"https:\/\/www2.adixatex.com\/#website"},"primaryImageOfPage":{"@id":"https:\/\/www2.adixatex.com\/consultoria\/#primaryimage"},"image":{"@id":"https:\/\/www2.adixatex.com\/consultoria\/#primaryimage"},"thumbnailUrl":"https:\/\/www2.adixatex.com\/wp-content\/uploads\/2021\/05\/portada-consulting.jpg","datePublished":"2020-11-23T13:09:10+00:00","dateModified":"2025-02-25T09:08:41+00:00","breadcrumb":{"@id":"https:\/\/www2.adixatex.com\/consultoria\/#breadcrumb"},"inLanguage":"en-ID","potentialAction":[{"@type":"ReadAction","target":["https:\/\/www2.adixatex.com\/consultoria\/"]}]},{"@type":"ImageObject","inLanguage":"en-ID","@id":"https:\/\/www2.adixatex.com\/consultoria\/#primaryimage","url":"https:\/\/www2.adixatex.com\/wp-content\/uploads\/2021\/05\/portada-consulting.jpg","contentUrl":"https:\/\/www2.adixatex.com\/wp-content\/uploads\/2021\/05\/portada-consulting.jpg","width":500,"height":500},{"@type":"BreadcrumbList","@id":"https:\/\/www2.adixatex.com\/consultoria\/#breadcrumb","itemListElement":[{"@type":"ListItem","position":1,"name":"Home","item":"https:\/\/www2.adixatex.com\/"},{"@type":"ListItem","position":2,"name":"Engineering &#038; Consultancy"}]},{"@type":"WebSite","@id":"https:\/\/www2.adixatex.com\/#website","url":"https:\/\/www2.adixatex.com\/","name":"Adixatex","description":"Prevenci\u00f3n y protecci\u00f3n de atm\u00f3sferas explosivas","inLanguage":"en-ID"}]}},"_links":{"self":[{"href":"https:\/\/www2.adixatex.com\/en-id\/wp-json\/wp\/v2\/pages\/13766","targetHints":{"allow":["GET"]}}],"collection":[{"href":"https:\/\/www2.adixatex.com\/en-id\/wp-json\/wp\/v2\/pages"}],"about":[{"href":"https:\/\/www2.adixatex.com\/en-id\/wp-json\/wp\/v2\/types\/page"}],"author":[{"embeddable":true,"href":"https:\/\/www2.adixatex.com\/en-id\/wp-json\/wp\/v2\/users\/2"}],"replies":[{"embeddable":true,"href":"https:\/\/www2.adixatex.com\/en-id\/wp-json\/wp\/v2\/comments?post=13766"}],"version-history":[{"count":21,"href":"https:\/\/www2.adixatex.com\/en-id\/wp-json\/wp\/v2\/pages\/13766\/revisions"}],"predecessor-version":[{"id":16351,"href":"https:\/\/www2.adixatex.com\/en-id\/wp-json\/wp\/v2\/pages\/13766\/revisions\/16351"}],"wp:featuredmedia":[{"embeddable":true,"href":"https:\/\/www2.adixatex.com\/en-id\/wp-json\/wp\/v2\/media\/13768"}],"wp:attachment":[{"href":"https:\/\/www2.adixatex.com\/en-id\/wp-json\/wp\/v2\/media?parent=13766"}],"curies":[{"name":"wp","href":"https:\/\/api.w.org\/{rel}","templated":true}]}}