{"id":13799,"date":"2020-12-15T20:53:09","date_gmt":"2020-12-15T19:53:09","guid":{"rendered":"https:\/\/adixatex.com\/cookie-policy\/"},"modified":"2020-12-15T20:53:09","modified_gmt":"2020-12-15T19:53:09","slug":"cookie-policy","status":"publish","type":"page","link":"https:\/\/www2.adixatex.com\/en-id\/cookie-policy\/","title":{"rendered":"Cookie Policy"},"content":{"rendered":"<h3>Cookie Policy<\/h3>\n<p>Nuestra web utiliza cookies que permitir\u00e1n mejorar tu experiencia como usuario mediante el an\u00e1lisis de tus h\u00e1bitos de navegaci\u00f3n y en cumplimiento de la Ley 34\/2002, de 11 de julio de servicios de la sociedad de la informaci\u00f3n y de comercio electr\u00f3nico (LSSICE) que posteriormente fue modificada por el Real Decreto-Ley 13\/2012 de 30 de marzo y recientemente modificada por la <strong><em>Ley 9\/2014, de 9 de mayo, de Telecomunicaciones y la Directiva Europea 2002\/58\/CE modificada por la directiva 2009\/136\/CE del parlamento europeo<\/em><\/strong> vamos a informarte sobre que son, cuales utilizamos en nuestra web, como eliminarlas y te pediremos el consentimiento para su uso.<\/p>\n<p><strong>INFORMACI\u00d3N<\/strong><br \/>\n<em>\u00bfQu\u00e9 son las cookies?<\/em><br \/>\nSon peque\u00f1os archivos de texto y n\u00fameros que se descargan e instalan en tu ordenador o en tu m\u00f3vil o tableta a trav\u00e9s de tu navegador (Internet Explorer, Firefox, Chrome, Safari\u2026) o a trav\u00e9s de una aplicaci\u00f3n Flash.<br \/>\nLas cookies permiten que las webs te \u201crecuerden\u201d, ya sea durante una visita o durante varias visitas y almacenen informaci\u00f3n sobre tus preferencias para ofrecerte una experiencia personalizada, m\u00e1s f\u00e1cil y m\u00e1s r\u00e1pida. Solamente el servidor que la instal\u00f3 podr\u00e1 leer su contenido, que, por otra parte, ser\u00e1 an\u00f3nimo.<br \/>\nAunque se instalen en tu disco duro, al ser solo texto o n\u00fameros, no son capaces por s\u00ed mismas de acceder a informaci\u00f3n personal de tu ordenador, ni a trasmitir virus, tan solo rastrean la navegaci\u00f3n sobre un sitio web.<\/p>\n<p><strong>\u00bfQU\u00c9 TIPOS DE COOKIES UTILIZA ESTA P\u00c1GINA WEB?<\/strong><br \/>\nA continuaci\u00f3n, te definimos las funciones y el tipo de cookies que utilizamos en www2.adixatex.com y su finalidad:<br \/>\n<em><strong>Cookies t\u00e9cnicas :<\/strong><\/em> Son aqu\u00e9llas que permiten al usuario la navegaci\u00f3n a trav\u00e9s de una p\u00e1gina web, plataforma o aplicaci\u00f3n y la utilizaci\u00f3n de las diferentes opciones o servicios que en ella existan como, por ejemplo, controlar el tr\u00e1fico y la comunicaci\u00f3n de datos, identificar la sesi\u00f3n, acceder a partes de acceso restringido, recordar los elementos que integran un pedido, realizar el proceso de compra de un pedido, realizar la solicitud de inscripci\u00f3n o participaci\u00f3n en un evento, utilizar elementos de seguridad durante la navegaci\u00f3n, almacenar contenidos para la difusi\u00f3n de v\u00eddeos o sonido o compartir contenidos a trav\u00e9s de redes sociales.<br \/>\n<strong><em>Cookies de personalizaci\u00f3n:<\/em> <\/strong>Son aqu\u00e9llas que permiten al usuario acceder al servicio con algunas caracter\u00edsticas de car\u00e1cter general predefinidas en funci\u00f3n de una serie de criterios en el terminal del usuario como por ejemplo serian el idioma, el tipo de navegador a trav\u00e9s del cual accede al servicio, la configuraci\u00f3n regional desde donde accede al servicio, etc.<br \/>\n<em><strong>Cookies de an\u00e1lisis:<\/strong><\/em> Son aqu\u00e9llas que bien tratadas por nosotros o por terceros, nos permiten cuantificar el n\u00famero de usuarios y as\u00ed realizar la medici\u00f3n y an\u00e1lisis estad\u00edstico de la utilizaci\u00f3n que hacen los usuarios del servicio ofertado. Para ello se analiza su navegaci\u00f3n en nuestra p\u00e1gina web con el fin de mejorar la oferta de productos o servicios que le ofrecemos.<br \/>\n<em><strong>Cookies publicitarias:<\/strong><\/em> Son aqu\u00e9llas que, bien tratadas por nosotros o por terceros, nos permiten gestionar de la forma m\u00e1s eficaz posible la oferta de los espacios publicitarios que hay en la p\u00e1gina web, adecuando el contenido del anuncio al contenido del servicio solicitado o al uso que realice de nuestra p\u00e1gina web. Para ello podemos analizar sus h\u00e1bitos de navegaci\u00f3n en Internet y podemos mostrarle publicidad relacionada con su perfil de navegaci\u00f3n.<br \/>\n<strong><em>Cookies de publicidad comportamental:<\/em><\/strong> Son aqu\u00e9llas que permiten la gesti\u00f3n, de la forma m\u00e1s eficaz posible, de los espacios publicitarios que, en su caso, el editor haya incluido en una p\u00e1gina web, aplicaci\u00f3n o plataforma desde la que presta el servicio solicitado. Estas cookies almacenan informaci\u00f3n del comportamiento de los usuarios obtenida a trav\u00e9s de la observaci\u00f3n continuada de sus h\u00e1bitos de navegaci\u00f3n, lo que permite desarrollar un perfil espec\u00edfico para mostrar publicidad en funci\u00f3n del mismo.<br \/>\n<em><strong>Cookies de terceros:<\/strong><\/em> La Web de Adix puede utilizar servicios de terceros que, por cuenta de Adix, recopilaran informaci\u00f3n con fines estad\u00edsticos, de uso del Site por parte del usuario y para la prestaci\u00f3n de otros servicios relacionados con la actividad del Website y otros servicios de Internet.<br \/>\nEn particular, este sitio Web utiliza Google Analytics, un servicio anal\u00edtico de web prestado por Google, Inc. con domicilio en los Estados Unidos con sede central en 1600 Amphitheatre Parkway, Mountain View, California 94043. Para la prestaci\u00f3n de estos servicios, estos utilizan cookies que recopilan la informaci\u00f3n, incluida la direcci\u00f3n IP del usuario, que ser\u00e1 transmitida, tratada y almacenada por Google en los t\u00e9rminos fijados en la Web Google.com. Incluyendo la posible transmisi\u00f3n de dicha informaci\u00f3n a terceros por razones de exigencia legal o cuando dichos terceros procesen la informaci\u00f3n por cuenta de Google.<\/p>\n<p>El Usuario acepta expresamente, por la utilizaci\u00f3n de este Site, el tratamiento de la informaci\u00f3n recabada en la forma y con los fines anteriormente mencionados. Y asimismo reconoce conocer la posibilidad de rechazar el tratamiento de tales datos o informaci\u00f3n rechazando el uso de Cookies mediante la selecci\u00f3n de la configuraci\u00f3n apropiada a tal fin en su navegador. Si bien esta opci\u00f3n de bloqueo de Cookies en su navegador puede no permitirle el uso pleno de todas las funcionalidades del Website.<br \/>\nPara que podamos instalar las cookies en tu ordenador debemos contar con tu consentimiento y \u00e9ste se puede solicitar expresamente o bien, una vez informado, si decides continuar con tu visita a nuestra web consideraremos que nos otorga su consentimiento.<\/p>\n<p><strong>REVOCACI\u00d3N DEL CONSENTIMIENTO<\/strong><br \/>\nSi m\u00e1s adelante el usuario decide revocar el consentimiento, deber\u00e1 configurar su navegador para que rechace las cookies como se indica en el siguiente apartado. El usuario deber\u00e1 borrar tambi\u00e9n el historial para eliminar las ya instaladas.<br \/>\nSi por cualquier motivo decides que no quieres que se instalen las cookies en tu ordenador tenemos obligaci\u00f3n de informarte sobre c\u00f3mo hacerlo y para ello deber\u00e1s configurar tu navegador. A continuaci\u00f3n, te facilitamos los enlaces para la configuraci\u00f3n de las cookies en los principales navegadores.<\/p>\n<p><strong>DESACTIVACI\u00d3N DE LAS COOKIES EN SISTEMAS OPERATIVOS MICROSOFT O APP<\/strong>LE<br \/>\nPuede usted permitir, bloquear o eliminar las cookies instaladas en su equipo mediante la configuraci\u00f3n de las opciones del navegador instalado en su ordenador:<br \/>\nChrome<br \/>\nExplorer<br \/>\nFirefox<br \/>\nSafari<\/p>\n<p><strong>Enlaces:<\/strong> Cuando enlazas con noticias o v\u00eddeos externos a nuestra web, la p\u00e1gina enlazada puede contener otras cookies y deber\u00e1s visitar su propia pol\u00edtica de cookies para ajustar la configuraci\u00f3n, ya que son completamente ajenas a nosotros.<br \/>\nSi quieres eliminar la publicidad originada por las cookies de tercera parte, tambi\u00e9n tienes la opci\u00f3n de instalar en tu navegador un pluging como Adblock, que bloquee los anuncios.<br \/>\nTambi\u00e9n puedes aplicar la extensi\u00f3n \u201cGhostery\u201d a tu navegador y bloquear individualmente aquellas cookies, pluging y widgets que no te interesen.<br \/>\nEn cualquier caso, recomendamos hacer una limpieza del historial de navegaci\u00f3n y de las cookies de tu ordenador de manera sistem\u00e1tica.<br \/>\nPor \u00faltimo, puedes gestionar las cookies instaladas por Adobe Flash Player desde la web de Adobe.<\/p>\n<p>Las cookies de terceros podr\u00e1n ser modificadas, implementadas o anuladas por ellos mismos sin que nos lo notifiquen, por lo que no podemos hacernos responsables de que la informaci\u00f3n est\u00e9 perfectamente actualizada en todo momento seg\u00fan la ley establece. No obstante, para ofrecerle un mejor servicio de informaci\u00f3n hemos enlazado las pol\u00edticas de cookies y privacidad de estos terceros con la finalidad de que las puedas consultar en cualquier momento en su versi\u00f3n m\u00e1s actualizada y por nuestra parte iremos revis\u00e1ndola peri\u00f3dicamente para actualizar nuestros textos.<br \/>\nLa pol\u00edtica de cookies podr\u00e1 ser modificada por el titular del dominio por lo que recomendamos su lectura con cada entrada a la Web.<\/p>\n","protected":false},"excerpt":{"rendered":"<p>Cookie Policy Nuestra web utiliza cookies que permitir\u00e1n mejorar tu experiencia como usuario mediante el an\u00e1lisis de tus h\u00e1bitos de navegaci\u00f3n y en cumplimiento de la Ley 34\/2002, de 11 de julio de servicios de la sociedad de la informaci\u00f3n y de comercio electr\u00f3nico (LSSICE) que posteriormente fue modificada por el Real Decreto-Ley 13\/2012 de [&hellip;]<\/p>\n","protected":false},"author":2,"featured_media":0,"parent":0,"menu_order":0,"comment_status":"closed","ping_status":"closed","template":"","meta":{"footnotes":""},"class_list":["post-13799","page","type-page","status-publish","hentry"],"yoast_head":"<!-- This site is optimized with the Yoast SEO plugin v24.4 - https:\/\/yoast.com\/wordpress\/plugins\/seo\/ -->\n<title>Cookie Policy - Adixatex<\/title>\n<meta name=\"robots\" content=\"noindex, follow, max-snippet:-1, max-image-preview:large, max-video-preview:-1\" \/>\n<meta property=\"og:locale\" content=\"en_US\" \/>\n<meta property=\"og:type\" content=\"article\" \/>\n<meta property=\"og:title\" content=\"Cookie Policy - Adixatex\" \/>\n<meta property=\"og:description\" content=\"Cookie Policy Nuestra web utiliza cookies que permitir\u00e1n mejorar tu experiencia como usuario mediante el an\u00e1lisis de tus h\u00e1bitos de navegaci\u00f3n y en cumplimiento de la Ley 34\/2002, de 11 de julio de servicios de la sociedad de la informaci\u00f3n y de comercio electr\u00f3nico (LSSICE) que posteriormente fue modificada por el Real Decreto-Ley 13\/2012 de [&hellip;]\" \/>\n<meta property=\"og:url\" content=\"https:\/\/www2.adixatex.com\/politica-de-cookies\/\" \/>\n<meta property=\"og:site_name\" content=\"Adixatex\" \/>\n<meta name=\"twitter:card\" content=\"summary_large_image\" \/>\n<meta name=\"twitter:site\" content=\"@adixprotection\" \/>\n<meta name=\"twitter:label1\" content=\"Est. reading time\" \/>\n\t<meta name=\"twitter:data1\" content=\"7 minutes\" \/>\n<script type=\"application\/ld+json\" class=\"yoast-schema-graph\">{\"@context\":\"https:\/\/schema.org\",\"@graph\":[{\"@type\":\"WebPage\",\"@id\":\"https:\/\/www2.adixatex.com\/politica-de-cookies\/\",\"url\":\"https:\/\/www2.adixatex.com\/politica-de-cookies\/\",\"name\":\"Cookie Policy - Adixatex\",\"isPartOf\":{\"@id\":\"https:\/\/www2.adixatex.com\/#website\"},\"datePublished\":\"2020-12-15T19:53:09+00:00\",\"breadcrumb\":{\"@id\":\"https:\/\/www2.adixatex.com\/politica-de-cookies\/#breadcrumb\"},\"inLanguage\":\"en-ID\",\"potentialAction\":[{\"@type\":\"ReadAction\",\"target\":[\"https:\/\/www2.adixatex.com\/politica-de-cookies\/\"]}]},{\"@type\":\"BreadcrumbList\",\"@id\":\"https:\/\/www2.adixatex.com\/politica-de-cookies\/#breadcrumb\",\"itemListElement\":[{\"@type\":\"ListItem\",\"position\":1,\"name\":\"Home\",\"item\":\"https:\/\/www2.adixatex.com\/\"},{\"@type\":\"ListItem\",\"position\":2,\"name\":\"Cookie Policy\"}]},{\"@type\":\"WebSite\",\"@id\":\"https:\/\/www2.adixatex.com\/#website\",\"url\":\"https:\/\/www2.adixatex.com\/\",\"name\":\"Adixatex\",\"description\":\"Prevenci\u00f3n y protecci\u00f3n de atm\u00f3sferas explosivas\",\"inLanguage\":\"en-ID\"}]}<\/script>\n<!-- \/ Yoast SEO plugin. -->","yoast_head_json":{"title":"Cookie Policy - Adixatex","robots":{"index":"noindex","follow":"follow","max-snippet":"max-snippet:-1","max-image-preview":"max-image-preview:large","max-video-preview":"max-video-preview:-1"},"og_locale":"en_US","og_type":"article","og_title":"Cookie Policy - Adixatex","og_description":"Cookie Policy Nuestra web utiliza cookies que permitir\u00e1n mejorar tu experiencia como usuario mediante el an\u00e1lisis de tus h\u00e1bitos de navegaci\u00f3n y en cumplimiento de la Ley 34\/2002, de 11 de julio de servicios de la sociedad de la informaci\u00f3n y de comercio electr\u00f3nico (LSSICE) que posteriormente fue modificada por el Real Decreto-Ley 13\/2012 de [&hellip;]","og_url":"https:\/\/www2.adixatex.com\/politica-de-cookies\/","og_site_name":"Adixatex","twitter_card":"summary_large_image","twitter_site":"@adixprotection","twitter_misc":{"Est. reading time":"7 minutes"},"schema":{"@context":"https:\/\/schema.org","@graph":[{"@type":"WebPage","@id":"https:\/\/www2.adixatex.com\/politica-de-cookies\/","url":"https:\/\/www2.adixatex.com\/politica-de-cookies\/","name":"Cookie Policy - Adixatex","isPartOf":{"@id":"https:\/\/www2.adixatex.com\/#website"},"datePublished":"2020-12-15T19:53:09+00:00","breadcrumb":{"@id":"https:\/\/www2.adixatex.com\/politica-de-cookies\/#breadcrumb"},"inLanguage":"en-ID","potentialAction":[{"@type":"ReadAction","target":["https:\/\/www2.adixatex.com\/politica-de-cookies\/"]}]},{"@type":"BreadcrumbList","@id":"https:\/\/www2.adixatex.com\/politica-de-cookies\/#breadcrumb","itemListElement":[{"@type":"ListItem","position":1,"name":"Home","item":"https:\/\/www2.adixatex.com\/"},{"@type":"ListItem","position":2,"name":"Cookie Policy"}]},{"@type":"WebSite","@id":"https:\/\/www2.adixatex.com\/#website","url":"https:\/\/www2.adixatex.com\/","name":"Adixatex","description":"Prevenci\u00f3n y protecci\u00f3n de atm\u00f3sferas explosivas","inLanguage":"en-ID"}]}},"_links":{"self":[{"href":"https:\/\/www2.adixatex.com\/en-id\/wp-json\/wp\/v2\/pages\/13799","targetHints":{"allow":["GET"]}}],"collection":[{"href":"https:\/\/www2.adixatex.com\/en-id\/wp-json\/wp\/v2\/pages"}],"about":[{"href":"https:\/\/www2.adixatex.com\/en-id\/wp-json\/wp\/v2\/types\/page"}],"author":[{"embeddable":true,"href":"https:\/\/www2.adixatex.com\/en-id\/wp-json\/wp\/v2\/users\/2"}],"replies":[{"embeddable":true,"href":"https:\/\/www2.adixatex.com\/en-id\/wp-json\/wp\/v2\/comments?post=13799"}],"version-history":[{"count":0,"href":"https:\/\/www2.adixatex.com\/en-id\/wp-json\/wp\/v2\/pages\/13799\/revisions"}],"wp:attachment":[{"href":"https:\/\/www2.adixatex.com\/en-id\/wp-json\/wp\/v2\/media?parent=13799"}],"curies":[{"name":"wp","href":"https:\/\/api.w.org\/{rel}","templated":true}]}}