{"id":14863,"date":"2025-01-14T09:46:54","date_gmt":"2025-01-14T08:46:54","guid":{"rendered":"https:\/\/adixatex.com\/blog\/"},"modified":"2025-01-14T09:46:54","modified_gmt":"2025-01-14T08:46:54","slug":"blog","status":"publish","type":"page","link":"https:\/\/www2.adixatex.com\/en-id\/blog\/","title":{"rendered":"Blog"},"content":{"rendered":"\t\t<div data-elementor-type=\"wp-page\" data-elementor-id=\"14863\" class=\"elementor elementor-14863 elementor-14512\" data-elementor-post-type=\"page\">\n\t\t\t\t\t\t<section class=\"elementor-section elementor-top-section elementor-element elementor-element-bbc2742 elementor-section-boxed elementor-section-height-default elementor-section-height-default\" data-id=\"bbc2742\" data-element_type=\"section\">\n\t\t\t\t\t\t<div class=\"elementor-container elementor-column-gap-default\">\n\t\t\t\t\t<div class=\"elementor-column elementor-col-100 elementor-top-column elementor-element elementor-element-fc6711a\" data-id=\"fc6711a\" data-element_type=\"column\">\n\t\t\t<div class=\"elementor-widget-wrap elementor-element-populated\">\n\t\t\t\t\t\t<div class=\"elementor-element elementor-element-7e86c06 elementor-grid-1 elementor-posts--align-left elementor-posts--thumbnail-left first-widget elementor-grid-tablet-2 elementor-grid-mobile-1 elementor-widget elementor-widget-posts\" data-id=\"7e86c06\" data-element_type=\"widget\" data-settings=\"{&quot;classic_columns&quot;:&quot;1&quot;,&quot;classic_columns_tablet&quot;:&quot;2&quot;,&quot;classic_columns_mobile&quot;:&quot;1&quot;,&quot;classic_row_gap&quot;:{&quot;unit&quot;:&quot;px&quot;,&quot;size&quot;:35,&quot;sizes&quot;:[]},&quot;classic_row_gap_tablet&quot;:{&quot;unit&quot;:&quot;px&quot;,&quot;size&quot;:&quot;&quot;,&quot;sizes&quot;:[]},&quot;classic_row_gap_mobile&quot;:{&quot;unit&quot;:&quot;px&quot;,&quot;size&quot;:&quot;&quot;,&quot;sizes&quot;:[]}}\" data-widget_type=\"posts.classic\">\n\t\t\t\t<div class=\"elementor-widget-container\">\n\t\t\t\t\t\t\t<div class=\"elementor-posts-container elementor-posts elementor-posts--skin-classic elementor-grid\">\n\t\t\t\t<article class=\"elementor-post elementor-grid-item post-16261 post type-post status-publish format-standard has-post-thumbnail hentry category-knowledge-center-en-id tag-case-studies-en-id tag-explosion-prevention-en-id tag-explosion-protection-en-id\">\n\t\t\t\t<a class=\"elementor-post__thumbnail__link\" href=\"https:\/\/www2.adixatex.com\/en-id\/explosion-prevention-and-protection-in-the-pharmaceutical-industry-fluidized-bed-dryer\/\" tabindex=\"-1\">\n\t\t\t<div class=\"elementor-post__thumbnail\"><img fetchpriority=\"high\" decoding=\"async\" width=\"225\" height=\"300\" src=\"https:\/\/www2.adixatex.com\/wp-content\/uploads\/2022\/11\/Granulador_1-225x300.jpg\" class=\"attachment-medium size-medium wp-image-15983\" alt=\"Secador de lecho fluido\" srcset=\"https:\/\/www2.adixatex.com\/wp-content\/uploads\/2022\/11\/Granulador_1-225x300.jpg 225w, https:\/\/www2.adixatex.com\/wp-content\/uploads\/2022\/11\/Granulador_1.jpg 520w\" sizes=\"(max-width: 225px) 100vw, 225px\" \/><\/div>\n\t\t<\/a>\n\t\t\t\t<div class=\"elementor-post__text\">\n\t\t\t\t<h2 class=\"elementor-post__title\">\n\t\t\t<a href=\"https:\/\/www2.adixatex.com\/en-id\/explosion-prevention-and-protection-in-the-pharmaceutical-industry-fluidized-bed-dryer\/\">\n\t\t\t\tExplosion prevention and protection in the Pharmaceutical Industry: Fluidized Bed Dryer\t\t\t<\/a>\n\t\t<\/h2>\n\t\t\t\t<div class=\"elementor-post__excerpt\">\n\t\t\t<p>The fluidized bed dryer is one of the main pieces of equipment in the pharmaceutical industry for which a strategy for explosion prevention and protection is required The pharmaceutical industry produces or handles flammable substances in the form of powders or liquids in some of its processes. Among the main<\/p>\n\t\t<\/div>\n\t\t\n\t\t<a class=\"elementor-post__read-more\" href=\"https:\/\/www2.adixatex.com\/en-id\/explosion-prevention-and-protection-in-the-pharmaceutical-industry-fluidized-bed-dryer\/\" aria-label=\"Read more about Explosion prevention and protection in the Pharmaceutical Industry: Fluidized Bed Dryer\" tabindex=\"-1\">\n\t\t\tRead more \u00bb\t\t<\/a>\n\n\t\t\t\t<\/div>\n\t\t\t\t<\/article>\n\t\t\t\t<\/div>\n\t\t\n\t\t\t\t\t\t<\/div>\n\t\t\t\t<\/div>\n\t\t\t\t\t<\/div>\n\t\t<\/div>\n\t\t\t\t\t<\/div>\n\t\t<\/section>\n\t\t\t\t<section class=\"elementor-section elementor-top-section elementor-element elementor-element-381fe89 elementor-section-boxed elementor-section-height-default elementor-section-height-default\" data-id=\"381fe89\" data-element_type=\"section\">\n\t\t\t\t\t\t<div class=\"elementor-container elementor-column-gap-default\">\n\t\t\t\t\t<div class=\"elementor-column elementor-col-100 elementor-top-column elementor-element elementor-element-41f704c\" data-id=\"41f704c\" data-element_type=\"column\">\n\t\t\t<div class=\"elementor-widget-wrap elementor-element-populated\">\n\t\t\t\t\t\t<div class=\"elementor-element elementor-element-4e1e4ec elementor-widget elementor-widget-spacer\" data-id=\"4e1e4ec\" data-element_type=\"widget\" data-widget_type=\"spacer.default\">\n\t\t\t\t<div class=\"elementor-widget-container\">\n\t\t\t\t\t\t\t<div class=\"elementor-spacer\">\n\t\t\t<div class=\"elementor-spacer-inner\"><\/div>\n\t\t<\/div>\n\t\t\t\t\t\t<\/div>\n\t\t\t\t<\/div>\n\t\t\t\t\t<\/div>\n\t\t<\/div>\n\t\t\t\t\t<\/div>\n\t\t<\/section>\n\t\t\t\t<section class=\"elementor-section elementor-top-section elementor-element elementor-element-ed8d13e elementor-section-boxed elementor-section-height-default elementor-section-height-default\" data-id=\"ed8d13e\" data-element_type=\"section\">\n\t\t\t\t\t\t<div class=\"elementor-container elementor-column-gap-default\">\n\t\t\t\t\t<div class=\"elementor-column elementor-col-100 elementor-top-column elementor-element elementor-element-8c7276b\" data-id=\"8c7276b\" data-element_type=\"column\">\n\t\t\t<div class=\"elementor-widget-wrap elementor-element-populated\">\n\t\t\t\t\t\t<div class=\"elementor-element elementor-element-8dbcbaa elementor-grid-3 elementor-grid-tablet-2 elementor-grid-mobile-1 elementor-posts--thumbnail-top elementor-widget elementor-widget-posts\" data-id=\"8dbcbaa\" data-element_type=\"widget\" data-settings=\"{&quot;classic_columns&quot;:&quot;3&quot;,&quot;classic_columns_tablet&quot;:&quot;2&quot;,&quot;classic_columns_mobile&quot;:&quot;1&quot;,&quot;classic_row_gap&quot;:{&quot;unit&quot;:&quot;px&quot;,&quot;size&quot;:35,&quot;sizes&quot;:[]},&quot;classic_row_gap_tablet&quot;:{&quot;unit&quot;:&quot;px&quot;,&quot;size&quot;:&quot;&quot;,&quot;sizes&quot;:[]},&quot;classic_row_gap_mobile&quot;:{&quot;unit&quot;:&quot;px&quot;,&quot;size&quot;:&quot;&quot;,&quot;sizes&quot;:[]}}\" data-widget_type=\"posts.classic\">\n\t\t\t\t<div class=\"elementor-widget-container\">\n\t\t\t\t\t\t\t<div class=\"elementor-posts-container elementor-posts elementor-posts--skin-classic elementor-grid\">\n\t\t\t\t<article class=\"elementor-post elementor-grid-item post-14075 post type-post status-publish format-standard has-post-thumbnail hentry category-knowledge-center-en-id tag-case-studies-en-id tag-explosion-prevention-en-id tag-explosion-protection-en-id\">\n\t\t\t\t<a class=\"elementor-post__thumbnail__link\" href=\"https:\/\/www2.adixatex.com\/en-id\/explosion-prevention-and-protection-in-the-sugar-industry\/\" tabindex=\"-1\">\n\t\t\t<div class=\"elementor-post__thumbnail\"><img decoding=\"async\" width=\"300\" height=\"169\" src=\"https:\/\/www2.adixatex.com\/wp-content\/uploads\/2023\/01\/INDUSTRIA-AZUCAR-INGLES-300x169.jpg\" class=\"attachment-medium size-medium wp-image-14076\" alt=\"Explosion protection and preventoon in the Sugar Industry\" srcset=\"https:\/\/www2.adixatex.com\/wp-content\/uploads\/2023\/01\/INDUSTRIA-AZUCAR-INGLES-300x169.jpg 300w, https:\/\/www2.adixatex.com\/wp-content\/uploads\/2023\/01\/INDUSTRIA-AZUCAR-INGLES-750x422.jpg 750w, https:\/\/www2.adixatex.com\/wp-content\/uploads\/2023\/01\/INDUSTRIA-AZUCAR-INGLES-768x432.jpg 768w, https:\/\/www2.adixatex.com\/wp-content\/uploads\/2023\/01\/INDUSTRIA-AZUCAR-INGLES-1536x864.jpg 1536w, https:\/\/www2.adixatex.com\/wp-content\/uploads\/2023\/01\/INDUSTRIA-AZUCAR-INGLES-600x338.jpg 600w, https:\/\/www2.adixatex.com\/wp-content\/uploads\/2023\/01\/INDUSTRIA-AZUCAR-INGLES.jpg 1920w\" sizes=\"(max-width: 300px) 100vw, 300px\" \/><\/div>\n\t\t<\/a>\n\t\t\t\t<div class=\"elementor-post__text\">\n\t\t\t\t<h3 class=\"elementor-post__title\">\n\t\t\t<a href=\"https:\/\/www2.adixatex.com\/en-id\/explosion-prevention-and-protection-in-the-sugar-industry\/\">\n\t\t\t\tExplosion Prevention and Protection in the Sugar Industry\t\t\t<\/a>\n\t\t<\/h3>\n\t\t\t\t<\/div>\n\t\t\t\t<\/article>\n\t\t\t\t<article class=\"elementor-post elementor-grid-item post-14077 post type-post status-publish format-standard has-post-thumbnail hentry category-knowledge-center-en-id tag-explosion-protection-en-id tag-product-news-en-id\">\n\t\t\t\t<a class=\"elementor-post__thumbnail__link\" href=\"https:\/\/www2.adixatex.com\/en-id\/novexii_flap_valve\/\" tabindex=\"-1\">\n\t\t\t<div class=\"elementor-post__thumbnail\"><img decoding=\"async\" width=\"300\" height=\"169\" src=\"https:\/\/www2.adixatex.com\/wp-content\/uploads\/2022\/06\/Cover_Novex-II-300x169.png\" class=\"attachment-medium size-medium wp-image-15722\" alt=\"V\u00e1lvula Novex II de Adix Ingeniera\" srcset=\"https:\/\/www2.adixatex.com\/wp-content\/uploads\/2022\/06\/Cover_Novex-II-300x169.png 300w, https:\/\/www2.adixatex.com\/wp-content\/uploads\/2022\/06\/Cover_Novex-II-750x422.png 750w, https:\/\/www2.adixatex.com\/wp-content\/uploads\/2022\/06\/Cover_Novex-II-768x432.png 768w, https:\/\/www2.adixatex.com\/wp-content\/uploads\/2022\/06\/Cover_Novex-II-1536x864.png 1536w, https:\/\/www2.adixatex.com\/wp-content\/uploads\/2022\/06\/Cover_Novex-II-600x338.png 600w, https:\/\/www2.adixatex.com\/wp-content\/uploads\/2022\/06\/Cover_Novex-II.png 1920w\" sizes=\"(max-width: 300px) 100vw, 300px\" \/><\/div>\n\t\t<\/a>\n\t\t\t\t<div class=\"elementor-post__text\">\n\t\t\t\t<h3 class=\"elementor-post__title\">\n\t\t\t<a href=\"https:\/\/www2.adixatex.com\/en-id\/novexii_flap_valve\/\">\n\t\t\t\tNOVEX II: The new flap valve from Adix Ingenier\u00eda\t\t\t<\/a>\n\t\t<\/h3>\n\t\t\t\t<\/div>\n\t\t\t\t<\/article>\n\t\t\t\t<article class=\"elementor-post elementor-grid-item post-14079 post type-post status-publish format-standard has-post-thumbnail hentry category-knowledge-center-en-id tag-explosion-protection-en-id tag-product-news-en-id\">\n\t\t\t\t<a class=\"elementor-post__thumbnail__link\" href=\"https:\/\/www2.adixatex.com\/en-id\/valvula-de-clapeta-novex-ii\/\" tabindex=\"-1\">\n\t\t\t<div class=\"elementor-post__thumbnail\"><img loading=\"lazy\" decoding=\"async\" width=\"300\" height=\"116\" src=\"https:\/\/www2.adixatex.com\/wp-content\/uploads\/2022\/01\/imagen-banner-publicacion-300x116.jpg\" class=\"attachment-medium size-medium wp-image-14078\" alt=\"NOVEX II: la nueva v\u00e1lvula de clapeta de Adix Ingenier\u00eda\" srcset=\"https:\/\/www2.adixatex.com\/wp-content\/uploads\/2022\/01\/imagen-banner-publicacion-300x116.jpg 300w, https:\/\/www2.adixatex.com\/wp-content\/uploads\/2022\/01\/imagen-banner-publicacion-750x291.jpg 750w, https:\/\/www2.adixatex.com\/wp-content\/uploads\/2022\/01\/imagen-banner-publicacion-768x298.jpg 768w, https:\/\/www2.adixatex.com\/wp-content\/uploads\/2022\/01\/imagen-banner-publicacion-600x233.jpg 600w, https:\/\/www2.adixatex.com\/wp-content\/uploads\/2022\/01\/imagen-banner-publicacion.jpg 1366w\" sizes=\"(max-width: 300px) 100vw, 300px\" \/><\/div>\n\t\t<\/a>\n\t\t\t\t<div class=\"elementor-post__text\">\n\t\t\t\t<h3 class=\"elementor-post__title\">\n\t\t\t<a href=\"https:\/\/www2.adixatex.com\/en-id\/valvula-de-clapeta-novex-ii\/\">\n\t\t\t\tNew flap valve NOVEx II by Adix\t\t\t<\/a>\n\t\t<\/h3>\n\t\t\t\t<\/div>\n\t\t\t\t<\/article>\n\t\t\t\t<article class=\"elementor-post elementor-grid-item post-14080 post type-post status-publish format-standard has-post-thumbnail hentry category-knowledge-center-en-id tag-explosion-protection-en-id tag-product-news-en-id\">\n\t\t\t\t<a class=\"elementor-post__thumbnail__link\" href=\"https:\/\/www2.adixatex.com\/en-id\/coming-soon-novex-ii-2\/\" tabindex=\"-1\">\n\t\t\t<div class=\"elementor-post__thumbnail\"><img loading=\"lazy\" decoding=\"async\" width=\"300\" height=\"169\" src=\"https:\/\/www2.adixatex.com\/wp-content\/uploads\/2022\/01\/Rojo-Gris-Triangulos-Zapatos-Producto-Presentacion-300x169.jpg\" class=\"attachment-medium size-medium wp-image-14081\" alt=\"\" srcset=\"https:\/\/www2.adixatex.com\/wp-content\/uploads\/2022\/01\/Rojo-Gris-Triangulos-Zapatos-Producto-Presentacion-300x169.jpg 300w, https:\/\/www2.adixatex.com\/wp-content\/uploads\/2022\/01\/Rojo-Gris-Triangulos-Zapatos-Producto-Presentacion-750x422.jpg 750w, https:\/\/www2.adixatex.com\/wp-content\/uploads\/2022\/01\/Rojo-Gris-Triangulos-Zapatos-Producto-Presentacion-768x432.jpg 768w, https:\/\/www2.adixatex.com\/wp-content\/uploads\/2022\/01\/Rojo-Gris-Triangulos-Zapatos-Producto-Presentacion-1536x864.jpg 1536w, https:\/\/www2.adixatex.com\/wp-content\/uploads\/2022\/01\/Rojo-Gris-Triangulos-Zapatos-Producto-Presentacion-600x338.jpg 600w, https:\/\/www2.adixatex.com\/wp-content\/uploads\/2022\/01\/Rojo-Gris-Triangulos-Zapatos-Producto-Presentacion.jpg 1920w\" sizes=\"(max-width: 300px) 100vw, 300px\" \/><\/div>\n\t\t<\/a>\n\t\t\t\t<div class=\"elementor-post__text\">\n\t\t\t\t<h3 class=\"elementor-post__title\">\n\t\t\t<a href=\"https:\/\/www2.adixatex.com\/en-id\/coming-soon-novex-ii-2\/\">\n\t\t\t\tComing soon: new flap valve NOVEx II by Adix\t\t\t<\/a>\n\t\t<\/h3>\n\t\t\t\t<\/div>\n\t\t\t\t<\/article>\n\t\t\t\t<article class=\"elementor-post elementor-grid-item post-14082 post type-post status-publish format-standard has-post-thumbnail hentry category-uncategorized-en-id\">\n\t\t\t\t<a class=\"elementor-post__thumbnail__link\" href=\"https:\/\/www2.adixatex.com\/en-id\/coming-soon-novex-ii\/\" tabindex=\"-1\">\n\t\t\t<div class=\"elementor-post__thumbnail\"><img loading=\"lazy\" decoding=\"async\" width=\"300\" height=\"169\" src=\"https:\/\/www2.adixatex.com\/wp-content\/uploads\/2022\/01\/Comming-soon-novexii-300x169.jpg\" class=\"attachment-medium size-medium wp-image-14083\" alt=\"\" srcset=\"https:\/\/www2.adixatex.com\/wp-content\/uploads\/2022\/01\/Comming-soon-novexii-300x169.jpg 300w, https:\/\/www2.adixatex.com\/wp-content\/uploads\/2022\/01\/Comming-soon-novexii-750x422.jpg 750w, https:\/\/www2.adixatex.com\/wp-content\/uploads\/2022\/01\/Comming-soon-novexii-768x432.jpg 768w, https:\/\/www2.adixatex.com\/wp-content\/uploads\/2022\/01\/Comming-soon-novexii-1536x864.jpg 1536w, https:\/\/www2.adixatex.com\/wp-content\/uploads\/2022\/01\/Comming-soon-novexii-600x338.jpg 600w, https:\/\/www2.adixatex.com\/wp-content\/uploads\/2022\/01\/Comming-soon-novexii.jpg 1920w\" sizes=\"(max-width: 300px) 100vw, 300px\" \/><\/div>\n\t\t<\/a>\n\t\t\t\t<div class=\"elementor-post__text\">\n\t\t\t\t<h3 class=\"elementor-post__title\">\n\t\t\t<a href=\"https:\/\/www2.adixatex.com\/en-id\/coming-soon-novex-ii\/\">\n\t\t\t\tComing soon &#8211; Novex II\t\t\t<\/a>\n\t\t<\/h3>\n\t\t\t\t<\/div>\n\t\t\t\t<\/article>\n\t\t\t\t<article class=\"elementor-post elementor-grid-item post-14084 post type-post status-publish format-standard has-post-thumbnail hentry category-uncategorized-en-id tag-case-studies-en-id tag-explosion-prevention-en-id tag-explosion-protection-en-id\">\n\t\t\t\t<a class=\"elementor-post__thumbnail__link\" href=\"https:\/\/www2.adixatex.com\/en-id\/explosion_protection_baghouse\/\" tabindex=\"-1\">\n\t\t\t<div class=\"elementor-post__thumbnail\"><img loading=\"lazy\" decoding=\"async\" width=\"300\" height=\"169\" src=\"https:\/\/www2.adixatex.com\/wp-content\/uploads\/2021\/12\/english-300x169.jpg\" class=\"attachment-medium size-medium wp-image-14086\" alt=\"\" srcset=\"https:\/\/www2.adixatex.com\/wp-content\/uploads\/2021\/12\/english-300x169.jpg 300w, https:\/\/www2.adixatex.com\/wp-content\/uploads\/2021\/12\/english-750x422.jpg 750w, https:\/\/www2.adixatex.com\/wp-content\/uploads\/2021\/12\/english-768x432.jpg 768w, https:\/\/www2.adixatex.com\/wp-content\/uploads\/2021\/12\/english-1536x864.jpg 1536w, https:\/\/www2.adixatex.com\/wp-content\/uploads\/2021\/12\/english-600x338.jpg 600w, https:\/\/www2.adixatex.com\/wp-content\/uploads\/2021\/12\/english.jpg 1920w\" sizes=\"(max-width: 300px) 100vw, 300px\" \/><\/div>\n\t\t<\/a>\n\t\t\t\t<div class=\"elementor-post__text\">\n\t\t\t\t<h3 class=\"elementor-post__title\">\n\t\t\t<a href=\"https:\/\/www2.adixatex.com\/en-id\/explosion_protection_baghouse\/\">\n\t\t\t\tProtection systems for baghouse\t\t\t<\/a>\n\t\t<\/h3>\n\t\t\t\t<\/div>\n\t\t\t\t<\/article>\n\t\t\t\t<\/div>\n\t\t\n\t\t\t\t\t\t<\/div>\n\t\t\t\t<\/div>\n\t\t\t\t\t<\/div>\n\t\t<\/div>\n\t\t\t\t\t<\/div>\n\t\t<\/section>\n\t\t\t\t<\/div>\n\t\t","protected":false},"excerpt":{"rendered":"","protected":false},"author":15,"featured_media":0,"parent":0,"menu_order":0,"comment_status":"closed","ping_status":"closed","template":"","meta":{"footnotes":""},"class_list":["post-14863","page","type-page","status-publish","hentry"],"yoast_head":"<!-- This site is optimized with the Yoast SEO plugin v24.4 - https:\/\/yoast.com\/wordpress\/plugins\/seo\/ -->\n<title>Blog - Adixatex<\/title>\n<meta name=\"robots\" content=\"noindex, follow, max-snippet:-1, max-image-preview:large, max-video-preview:-1\" \/>\n<meta property=\"og:locale\" content=\"en_US\" \/>\n<meta property=\"og:type\" content=\"article\" \/>\n<meta property=\"og:title\" content=\"Blog - Adixatex\" \/>\n<meta property=\"og:url\" content=\"https:\/\/www2.adixatex.com\/blog\/\" \/>\n<meta property=\"og:site_name\" content=\"Adixatex\" \/>\n<meta name=\"twitter:card\" content=\"summary_large_image\" \/>\n<meta name=\"twitter:site\" content=\"@adixprotection\" \/>\n<script type=\"application\/ld+json\" class=\"yoast-schema-graph\">{\"@context\":\"https:\/\/schema.org\",\"@graph\":[{\"@type\":\"WebPage\",\"@id\":\"https:\/\/www2.adixatex.com\/blog\/\",\"url\":\"https:\/\/www2.adixatex.com\/blog\/\",\"name\":\"Blog - Adixatex\",\"isPartOf\":{\"@id\":\"https:\/\/www2.adixatex.com\/#website\"},\"datePublished\":\"2025-01-14T08:46:54+00:00\",\"breadcrumb\":{\"@id\":\"https:\/\/www2.adixatex.com\/blog\/#breadcrumb\"},\"inLanguage\":\"en-ID\",\"potentialAction\":[{\"@type\":\"ReadAction\",\"target\":[\"https:\/\/www2.adixatex.com\/blog\/\"]}]},{\"@type\":\"BreadcrumbList\",\"@id\":\"https:\/\/www2.adixatex.com\/blog\/#breadcrumb\",\"itemListElement\":[{\"@type\":\"ListItem\",\"position\":1,\"name\":\"Home\",\"item\":\"https:\/\/www2.adixatex.com\/\"},{\"@type\":\"ListItem\",\"position\":2,\"name\":\"Blog\"}]},{\"@type\":\"WebSite\",\"@id\":\"https:\/\/www2.adixatex.com\/#website\",\"url\":\"https:\/\/www2.adixatex.com\/\",\"name\":\"Adixatex\",\"description\":\"Prevenci\u00f3n y protecci\u00f3n de atm\u00f3sferas explosivas\",\"inLanguage\":\"en-ID\"}]}<\/script>\n<!-- \/ Yoast SEO plugin. -->","yoast_head_json":{"title":"Blog - Adixatex","robots":{"index":"noindex","follow":"follow","max-snippet":"max-snippet:-1","max-image-preview":"max-image-preview:large","max-video-preview":"max-video-preview:-1"},"og_locale":"en_US","og_type":"article","og_title":"Blog - Adixatex","og_url":"https:\/\/www2.adixatex.com\/blog\/","og_site_name":"Adixatex","twitter_card":"summary_large_image","twitter_site":"@adixprotection","schema":{"@context":"https:\/\/schema.org","@graph":[{"@type":"WebPage","@id":"https:\/\/www2.adixatex.com\/blog\/","url":"https:\/\/www2.adixatex.com\/blog\/","name":"Blog - Adixatex","isPartOf":{"@id":"https:\/\/www2.adixatex.com\/#website"},"datePublished":"2025-01-14T08:46:54+00:00","breadcrumb":{"@id":"https:\/\/www2.adixatex.com\/blog\/#breadcrumb"},"inLanguage":"en-ID","potentialAction":[{"@type":"ReadAction","target":["https:\/\/www2.adixatex.com\/blog\/"]}]},{"@type":"BreadcrumbList","@id":"https:\/\/www2.adixatex.com\/blog\/#breadcrumb","itemListElement":[{"@type":"ListItem","position":1,"name":"Home","item":"https:\/\/www2.adixatex.com\/"},{"@type":"ListItem","position":2,"name":"Blog"}]},{"@type":"WebSite","@id":"https:\/\/www2.adixatex.com\/#website","url":"https:\/\/www2.adixatex.com\/","name":"Adixatex","description":"Prevenci\u00f3n y protecci\u00f3n de atm\u00f3sferas explosivas","inLanguage":"en-ID"}]}},"_links":{"self":[{"href":"https:\/\/www2.adixatex.com\/en-id\/wp-json\/wp\/v2\/pages\/14863","targetHints":{"allow":["GET"]}}],"collection":[{"href":"https:\/\/www2.adixatex.com\/en-id\/wp-json\/wp\/v2\/pages"}],"about":[{"href":"https:\/\/www2.adixatex.com\/en-id\/wp-json\/wp\/v2\/types\/page"}],"author":[{"embeddable":true,"href":"https:\/\/www2.adixatex.com\/en-id\/wp-json\/wp\/v2\/users\/15"}],"replies":[{"embeddable":true,"href":"https:\/\/www2.adixatex.com\/en-id\/wp-json\/wp\/v2\/comments?post=14863"}],"version-history":[{"count":1,"href":"https:\/\/www2.adixatex.com\/en-id\/wp-json\/wp\/v2\/pages\/14863\/revisions"}],"predecessor-version":[{"id":14864,"href":"https:\/\/www2.adixatex.com\/en-id\/wp-json\/wp\/v2\/pages\/14863\/revisions\/14864"}],"wp:attachment":[{"href":"https:\/\/www2.adixatex.com\/en-id\/wp-json\/wp\/v2\/media?parent=14863"}],"curies":[{"name":"wp","href":"https:\/\/api.w.org\/{rel}","templated":true}]}}