{"id":13818,"date":"2023-03-13T14:31:48","date_gmt":"2023-03-13T13:31:49","guid":{"rendered":"https:\/\/adixatex.com\/product\/explosion-isolation-valve-ventex-2\/"},"modified":"2023-03-13T14:31:48","modified_gmt":"2023-03-13T13:31:49","slug":"explosion-isolation-valve-ventex-2","status":"publish","type":"product","link":"https:\/\/www2.adixatex.com\/en-id\/product\/explosion-isolation-valve-ventex-2\/","title":{"rendered":"Explosion Isolation Valve &#8211; VENTEX\u00ae"},"content":{"rendered":"<div id=\"shortcode_container_tabs\" class=\"shortcode_container_tabs\"><div id=\"container_tabs_title\" class=\"container_tabs_title\"><\/div>\n<p class=\"container_tabs_title_mobile\">Technical details<\/p><div class=\"container_tabs_content\">\n<div id=\"content_table\" class=\"content_table\">\n<div id=\"content_table\" class=\"content_table\">\n<table style=\"height: 449px; width: 658px;\">\n<tbody>\n<tr style=\"height: 23px;\">\n<td style=\"text-align: left; width: 282.068px; height: 23px;\">Dimensions<\/td>\n<td style=\"text-align: left; width: 361.932px; height: 23px;\">\u00a0DN100 to DN600<\/td>\n<\/tr>\n<tr style=\"height: 55px;\">\n<td style=\"text-align: left; width: 282.068px; height: 55px;\">Housing material<\/td>\n<td style=\"width: 361.932px; height: 55px;\">\n<div class=\"wpb_text_column wpb_content_element \">\n<div class=\"wpb_wrapper\">\n<p style=\"text-align: left;\">mild steel,\u00a0stainless steel or\u00a0aluminium<\/p>\n<\/div>\n<\/div>\n<\/td>\n<\/tr>\n<tr style=\"height: 47px;\">\n<td style=\"text-align: left; width: 282.068px; height: 47px;\">Dust load<\/td>\n<td style=\"text-align: left; width: 361.932px; height: 47px;\">&lt; 50 g\/m3<\/td>\n<\/tr>\n<tr style=\"height: 55px;\">\n<td style=\"text-align: left; width: 282.068px; height: 55px;\">Flow velocity<\/td>\n<td style=\"width: 361.932px; height: 55px;\">\n<p style=\"text-align: left;\">&lt; 12 m\/s<\/p>\n<\/td>\n<\/tr>\n<tr style=\"height: 20.3551px;\">\n<td style=\"text-align: left; width: 282.068px; height: 20.3551px;\">Mode of operation<\/td>\n<td style=\"width: 361.932px; height: 20.3551px;\">\n<p style=\"text-align: left;\">single acting or\u00a0double acting<\/p>\n<\/td>\n<\/tr>\n<tr style=\"height: 20.3551px;\">\n<td style=\"text-align: left; width: 282.068px; height: 20.3551px;\">Installation position<\/td>\n<td style=\"width: 361.932px; height: 20.3551px;\">\n<p style=\"text-align: left;\">horizontal o vertical<\/p>\n<\/td>\n<\/tr>\n<tr style=\"height: 23px;\">\n<td style=\"text-align: left; width: 282.068px; height: 23px;\">Medium<\/td>\n<td style=\"text-align: left; width: 361.932px; height: 23px;\">organic dusts, metallic dusts, gases, hybrid mixtures<\/td>\n<\/tr>\n<\/tbody>\n<\/table>\n<\/div>\n<\/div>\n<\/div>\n<\/div>\n","protected":false},"excerpt":{"rendered":"<p>Passive protection against explosions.\u00a0The\u00a0<strong>VENTEX\u00ae Explosion isolation valve,<\/strong> provides explosion protection in one ore both flow directions without requiring external energy. VENTEX\u00ae valves are available in:<\/p>\n<p><strong>S \u00absingle-acting\u00bb<\/strong><br \/>\n<strong>D \u00abdouble-acting\u00bb<\/strong><br \/>\n<strong>C<\/strong> <strong>\u00abcheck-valve\u00bb<\/strong><\/p>\n<p>TheVENTEX\u00ae is used in a wide range of applications and equipment types, here explosion isolation is essential to complete the protection concept. As:<br \/>\n&#8211; Fluid bed dryer<br \/>\n&#8211; Spray dryer<br \/>\n&#8211; Filter on the clean gas side<br \/>\n&#8211; Mills<br \/>\n&#8211; and many more<\/p>\n","protected":false},"featured_media":13820,"comment_status":"open","ping_status":"closed","template":"","meta":[],"product_brand":[],"product_cat":[1846],"product_tag":[],"class_list":{"0":"post-13818","1":"product","2":"type-product","3":"status-publish","4":"has-post-thumbnail","6":"product_cat-protection-en-id","8":"first","9":"instock","10":"shipping-taxable","11":"purchasable","12":"product-type-variable"},"yoast_head":"<!-- This site is optimized with the Yoast SEO plugin v24.4 - https:\/\/yoast.com\/wordpress\/plugins\/seo\/ -->\n<title>Explosion Isolation Valve - VENTEX\u00ae - Adixatex<\/title>\n<meta name=\"robots\" content=\"noindex, follow, max-snippet:-1, max-image-preview:large, max-video-preview:-1\" \/>\n<meta property=\"og:locale\" content=\"en_US\" \/>\n<meta property=\"og:type\" content=\"article\" \/>\n<meta property=\"og:title\" content=\"Explosion Isolation Valve - VENTEX\u00ae - Adixatex\" \/>\n<meta property=\"og:description\" content=\"Passive protection against explosions.\u00a0The\u00a0VENTEX\u00ae Explosion isolation valve, provides explosion protection in one ore both flow directions without requiring external energy. VENTEX\u00ae valves are available in:  S \u00absingle-acting\u00bb D \u00abdouble-acting\u00bb C \u00abcheck-valve\u00bb  TheVENTEX\u00ae is used in a wide range of applications and equipment types, here explosion isolation is essential to complete the protection concept. As: - Fluid bed dryer - Spray dryer - Filter on the clean gas side - Mills - and many more\" \/>\n<meta property=\"og:url\" content=\"https:\/\/www2.adixatex.com\/en-id\/product\/explosion-isolation-valve-ventex-2\/\" \/>\n<meta property=\"og:site_name\" content=\"Adixatex\" \/>\n<meta property=\"og:image\" content=\"https:\/\/www2.adixatex.com\/wp-content\/uploads\/2023\/03\/DN300-V2-ohne-Hebelasche.png\" \/>\n\t<meta property=\"og:image:width\" content=\"886\" \/>\n\t<meta property=\"og:image:height\" content=\"720\" \/>\n\t<meta property=\"og:image:type\" content=\"image\/png\" \/>\n<meta name=\"twitter:card\" content=\"summary_large_image\" \/>\n<meta name=\"twitter:site\" content=\"@adixprotection\" \/>\n<meta name=\"twitter:label1\" content=\"Est. reading time\" \/>\n\t<meta name=\"twitter:data1\" content=\"1 minute\" \/>\n<script type=\"application\/ld+json\" class=\"yoast-schema-graph\">{\"@context\":\"https:\/\/schema.org\",\"@graph\":[{\"@type\":\"WebPage\",\"@id\":\"https:\/\/www2.adixatex.com\/en-id\/product\/explosion-isolation-valve-ventex-2\/\",\"url\":\"https:\/\/www2.adixatex.com\/en-id\/product\/explosion-isolation-valve-ventex-2\/\",\"name\":\"Explosion Isolation Valve - VENTEX\u00ae - Adixatex\",\"isPartOf\":{\"@id\":\"https:\/\/www2.adixatex.com\/#website\"},\"primaryImageOfPage\":{\"@id\":\"https:\/\/www2.adixatex.com\/en-id\/product\/explosion-isolation-valve-ventex-2\/#primaryimage\"},\"image\":{\"@id\":\"https:\/\/www2.adixatex.com\/en-id\/product\/explosion-isolation-valve-ventex-2\/#primaryimage\"},\"thumbnailUrl\":\"https:\/\/www2.adixatex.com\/wp-content\/uploads\/2023\/03\/DN300-V2-ohne-Hebelasche.png\",\"datePublished\":\"2023-03-13T13:31:49+00:00\",\"breadcrumb\":{\"@id\":\"https:\/\/www2.adixatex.com\/en-id\/product\/explosion-isolation-valve-ventex-2\/#breadcrumb\"},\"inLanguage\":\"en-ID\",\"potentialAction\":[{\"@type\":\"ReadAction\",\"target\":[\"https:\/\/www2.adixatex.com\/en-id\/product\/explosion-isolation-valve-ventex-2\/\"]}]},{\"@type\":\"ImageObject\",\"inLanguage\":\"en-ID\",\"@id\":\"https:\/\/www2.adixatex.com\/en-id\/product\/explosion-isolation-valve-ventex-2\/#primaryimage\",\"url\":\"https:\/\/www2.adixatex.com\/wp-content\/uploads\/2023\/03\/DN300-V2-ohne-Hebelasche.png\",\"contentUrl\":\"https:\/\/www2.adixatex.com\/wp-content\/uploads\/2023\/03\/DN300-V2-ohne-Hebelasche.png\",\"width\":886,\"height\":720},{\"@type\":\"BreadcrumbList\",\"@id\":\"https:\/\/www2.adixatex.com\/en-id\/product\/explosion-isolation-valve-ventex-2\/#breadcrumb\",\"itemListElement\":[{\"@type\":\"ListItem\",\"position\":1,\"name\":\"Home\",\"item\":\"https:\/\/www2.adixatex.com\/\"},{\"@type\":\"ListItem\",\"position\":2,\"name\":\"Shop\",\"item\":\"https:\/\/www2.adixatex.com\/productos\/\"},{\"@type\":\"ListItem\",\"position\":3,\"name\":\"Explosion Isolation Valve &#8211; VENTEX\u00ae\"}]},{\"@type\":\"WebSite\",\"@id\":\"https:\/\/www2.adixatex.com\/#website\",\"url\":\"https:\/\/www2.adixatex.com\/\",\"name\":\"Adixatex\",\"description\":\"Prevenci\u00f3n y protecci\u00f3n de atm\u00f3sferas explosivas\",\"inLanguage\":\"en-ID\"}]}<\/script>\n<!-- \/ Yoast SEO plugin. -->","yoast_head_json":{"title":"Explosion Isolation Valve - VENTEX\u00ae - Adixatex","robots":{"index":"noindex","follow":"follow","max-snippet":"max-snippet:-1","max-image-preview":"max-image-preview:large","max-video-preview":"max-video-preview:-1"},"og_locale":"en_US","og_type":"article","og_title":"Explosion Isolation Valve - VENTEX\u00ae - Adixatex","og_description":"Passive protection against explosions.\u00a0The\u00a0VENTEX\u00ae Explosion isolation valve, provides explosion protection in one ore both flow directions without requiring external energy. VENTEX\u00ae valves are available in:  S \u00absingle-acting\u00bb D \u00abdouble-acting\u00bb C \u00abcheck-valve\u00bb  TheVENTEX\u00ae is used in a wide range of applications and equipment types, here explosion isolation is essential to complete the protection concept. As: - Fluid bed dryer - Spray dryer - Filter on the clean gas side - Mills - and many more","og_url":"https:\/\/www2.adixatex.com\/en-id\/product\/explosion-isolation-valve-ventex-2\/","og_site_name":"Adixatex","og_image":[{"width":886,"height":720,"url":"https:\/\/www2.adixatex.com\/wp-content\/uploads\/2023\/03\/DN300-V2-ohne-Hebelasche.png","type":"image\/png"}],"twitter_card":"summary_large_image","twitter_site":"@adixprotection","twitter_misc":{"Est. reading time":"1 minute"},"schema":{"@context":"https:\/\/schema.org","@graph":[{"@type":"WebPage","@id":"https:\/\/www2.adixatex.com\/en-id\/product\/explosion-isolation-valve-ventex-2\/","url":"https:\/\/www2.adixatex.com\/en-id\/product\/explosion-isolation-valve-ventex-2\/","name":"Explosion Isolation Valve - VENTEX\u00ae - Adixatex","isPartOf":{"@id":"https:\/\/www2.adixatex.com\/#website"},"primaryImageOfPage":{"@id":"https:\/\/www2.adixatex.com\/en-id\/product\/explosion-isolation-valve-ventex-2\/#primaryimage"},"image":{"@id":"https:\/\/www2.adixatex.com\/en-id\/product\/explosion-isolation-valve-ventex-2\/#primaryimage"},"thumbnailUrl":"https:\/\/www2.adixatex.com\/wp-content\/uploads\/2023\/03\/DN300-V2-ohne-Hebelasche.png","datePublished":"2023-03-13T13:31:49+00:00","breadcrumb":{"@id":"https:\/\/www2.adixatex.com\/en-id\/product\/explosion-isolation-valve-ventex-2\/#breadcrumb"},"inLanguage":"en-ID","potentialAction":[{"@type":"ReadAction","target":["https:\/\/www2.adixatex.com\/en-id\/product\/explosion-isolation-valve-ventex-2\/"]}]},{"@type":"ImageObject","inLanguage":"en-ID","@id":"https:\/\/www2.adixatex.com\/en-id\/product\/explosion-isolation-valve-ventex-2\/#primaryimage","url":"https:\/\/www2.adixatex.com\/wp-content\/uploads\/2023\/03\/DN300-V2-ohne-Hebelasche.png","contentUrl":"https:\/\/www2.adixatex.com\/wp-content\/uploads\/2023\/03\/DN300-V2-ohne-Hebelasche.png","width":886,"height":720},{"@type":"BreadcrumbList","@id":"https:\/\/www2.adixatex.com\/en-id\/product\/explosion-isolation-valve-ventex-2\/#breadcrumb","itemListElement":[{"@type":"ListItem","position":1,"name":"Home","item":"https:\/\/www2.adixatex.com\/"},{"@type":"ListItem","position":2,"name":"Shop","item":"https:\/\/www2.adixatex.com\/productos\/"},{"@type":"ListItem","position":3,"name":"Explosion Isolation Valve &#8211; VENTEX\u00ae"}]},{"@type":"WebSite","@id":"https:\/\/www2.adixatex.com\/#website","url":"https:\/\/www2.adixatex.com\/","name":"Adixatex","description":"Prevenci\u00f3n y protecci\u00f3n de atm\u00f3sferas explosivas","inLanguage":"en-ID"}]}},"_links":{"self":[{"href":"https:\/\/www2.adixatex.com\/en-id\/wp-json\/wp\/v2\/product\/13818","targetHints":{"allow":["GET"]}}],"collection":[{"href":"https:\/\/www2.adixatex.com\/en-id\/wp-json\/wp\/v2\/product"}],"about":[{"href":"https:\/\/www2.adixatex.com\/en-id\/wp-json\/wp\/v2\/types\/product"}],"replies":[{"embeddable":true,"href":"https:\/\/www2.adixatex.com\/en-id\/wp-json\/wp\/v2\/comments?post=13818"}],"version-history":[{"count":0,"href":"https:\/\/www2.adixatex.com\/en-id\/wp-json\/wp\/v2\/product\/13818\/revisions"}],"wp:featuredmedia":[{"embeddable":true,"href":"https:\/\/www2.adixatex.com\/en-id\/wp-json\/wp\/v2\/media\/13820"}],"wp:attachment":[{"href":"https:\/\/www2.adixatex.com\/en-id\/wp-json\/wp\/v2\/media?parent=13818"}],"wp:term":[{"taxonomy":"product_brand","embeddable":true,"href":"https:\/\/www2.adixatex.com\/en-id\/wp-json\/wp\/v2\/product_brand?post=13818"},{"taxonomy":"product_cat","embeddable":true,"href":"https:\/\/www2.adixatex.com\/en-id\/wp-json\/wp\/v2\/product_cat?post=13818"},{"taxonomy":"product_tag","embeddable":true,"href":"https:\/\/www2.adixatex.com\/en-id\/wp-json\/wp\/v2\/product_tag?post=13818"}],"curies":[{"name":"wp","href":"https:\/\/api.w.org\/{rel}","templated":true}]}}