{"id":14029,"date":"2020-12-15T13:32:23","date_gmt":"2020-12-15T12:32:23","guid":{"rendered":"https:\/\/adixatex.com\/product\/explosion-vent-panels-flat-brp\/"},"modified":"2020-12-15T13:32:23","modified_gmt":"2020-12-15T12:32:23","slug":"explosion-vent-panels-flat-brp","status":"publish","type":"product","link":"https:\/\/www2.adixatex.com\/en-id\/product\/explosion-vent-panels-flat-brp\/","title":{"rendered":"Explosion Vent Panels Flat [BRP]"},"content":{"rendered":"<div id=\"shortcode_container_tabs\" class=\"shortcode_container_tabs\"><div id=\"container_tabs_title\" class=\"container_tabs_title\"><\/div>\n<p class=\"container_tabs_title_mobile\">Technical details<\/p><div class=\"container_tabs_content\">\n<div id=\"content_table\" class=\"content_table\">\n<h4 class=\"content_table_title\"><\/h4>\n<table style=\"width: 631px;\">\n<tbody>\n<tr>\n<td style=\"width: 313.543px; text-align: left;\">Type<\/td>\n<td style=\"width: 496.457px; text-align: left;\">Rectangular, Flat<\/td>\n<\/tr>\n<tr>\n<td style=\"width: 313.543px; text-align: left;\">Dimensions<\/td>\n<td style=\"width: 496.457px; text-align: left;\">from 150 up to 2000mm<\/td>\n<\/tr>\n<tr>\n<td style=\"width: 313.543px; text-align: left;\">Material<\/td>\n<td style=\"width: 496.457px; text-align: left;\">AISI304 or AISI316<\/td>\n<\/tr>\n<tr>\n<td style=\"width: 313.543px; text-align: left;\">Efficiency<\/td>\n<td style=\"width: 496.457px; text-align: left;\">\u00a0100%<\/td>\n<\/tr>\n<tr>\n<td style=\"width: 313.543px; text-align: left;\">Bursting Pressure<\/td>\n<td style=\"width: 496.457px; text-align: left;\">20 to 500 mbar<\/td>\n<\/tr>\n<tr>\n<td style=\"width: 313.543px; text-align: left;\">Tolerance<\/td>\n<td style=\"width: 496.457px; text-align: left;\">\u00a0+\/-25%<\/td>\n<\/tr>\n<tr>\n<td style=\"width: 313.543px; text-align: left;\">Max. Working Pressure<\/td>\n<td style=\"width: 496.457px; text-align: left;\">\u00a060% P<sub>stat<\/sub><\/td>\n<\/tr>\n<tr>\n<td style=\"width: 313.543px; text-align: left;\">Vacuum Pressure support<\/td>\n<td style=\"width: 496.457px; text-align: left;\">\u00a0&#8211; 20 mbar<\/td>\n<\/tr>\n<tr>\n<td style=\"width: 313.543px; text-align: left;\">Max. Working Temperature<\/td>\n<td style=\"width: 496.457px; text-align: left;\">\u00a0hasta\u00a0350\u00baC<\/td>\n<\/tr>\n<tr>\n<td style=\"width: 313.543px; text-align: left;\">Product<\/td>\n<td style=\"width: 496.457px; text-align: left;\">Gas by Group IIA and organic and metallic dust St3<\/td>\n<\/tr>\n<tr>\n<td style=\"width: 313.543px; text-align: left;\">Marking<\/td>\n<td style=\"width: 496.457px; text-align: left;\">\u00a0Ex GD<\/td>\n<\/tr>\n<tr>\n<td style=\"width: 313.543px; text-align: left;\">ATEX Certification<\/td>\n<td style=\"width: 496.457px; text-align: left;\">according to EN14797:2006 y EN14994:2007<\/td>\n<\/tr>\n<\/tbody>\n<\/table>\n<\/div>\n<\/div>\n<p class=\"container_tabs_title_mobile\">Dimensions<\/p><div class=\"container_tabs_content\">\n<div id=\"content_table\" class=\"content_table\">\n<p><img fetchpriority=\"high\" decoding=\"async\" class=\"aligncenter size-medium wp-image-1412\" src=\"https:\/\/adixatex.com\/wp-content\/uploads\/2020\/11\/Cotas_paneles-de-venteo_superficie-300x209.jpg\" alt=\"Cotas paneles de venteo superficie\" width=\"300\" height=\"209\" srcset=\"https:\/\/www2.adixatex.com\/wp-content\/uploads\/2020\/11\/Cotas_paneles-de-venteo_superficie-300x209.jpg 300w, https:\/\/www2.adixatex.com\/wp-content\/uploads\/2020\/11\/Cotas_paneles-de-venteo_superficie-750x523.jpg 750w, https:\/\/www2.adixatex.com\/wp-content\/uploads\/2020\/11\/Cotas_paneles-de-venteo_superficie-768x535.jpg 768w, https:\/\/www2.adixatex.com\/wp-content\/uploads\/2020\/11\/Cotas_paneles-de-venteo_superficie-600x418.jpg 600w, https:\/\/www2.adixatex.com\/wp-content\/uploads\/2020\/11\/Cotas_paneles-de-venteo_superficie.jpg 789w\" sizes=\"(max-width: 300px) 100vw, 300px\" \/><\/p>\n<table>\n<thead id=\"content_table_head\">\n<tr>\n<th class=\"content_table_column\" style=\"text-align: center;\"><strong>Reference<\/strong><\/th>\n<th class=\"content_table_column\" style=\"text-align: center;\"><strong>External Dimensions\u00a0 (mm)<\/strong><\/th>\n<th class=\"content_table_column\" style=\"text-align: center;\"><strong>Internal Dimensions (mm)\u00a0 <\/strong><\/th>\n<th class=\"content_table_column\" style=\"text-align: center;\"><strong>Effective Venting Area (m2)<\/strong><\/th>\n<\/tr>\n<tr>\n<th class=\"content_table_column\" style=\"text-align: center;\"><strong>Reference<\/strong><\/th>\n<th class=\"content_table_column\" style=\"text-align: center;\"><strong>External Dimensions\u00a0 (mm)<\/strong><\/th>\n<th class=\"content_table_column\" style=\"text-align: center;\"><strong>Internal Dimensions (mm)\u00a0 <\/strong><\/th>\n<th class=\"content_table_column\" style=\"text-align: center;\"><strong>Effective Venting Area (m2)<\/strong><\/th>\n<\/tr>\n<\/thead>\n<tbody>\n<tr>\n<td style=\"text-align: center;\">BRP350x200<\/td>\n<td style=\"text-align: center;\">350\u00d7200<\/td>\n<td style=\"text-align: center;\">\u00a0350\u00d7200<\/td>\n<td style=\"text-align: center;\">0,036<\/td>\n<\/tr>\n<tr>\n<td style=\"text-align: center;\">BRP386x310<\/td>\n<td style=\"text-align: center;\">386\u00d7310<\/td>\n<td style=\"text-align: center;\">316\u00d7240<\/td>\n<td style=\"text-align: center;\">0,076<\/td>\n<\/tr>\n<tr>\n<td style=\"text-align: center;\">BRP550x250<\/td>\n<td style=\"text-align: center;\">550\u00d7250<\/td>\n<td style=\"text-align: center;\">480\u00d7180<\/td>\n<td style=\"text-align: center;\">0,086<\/td>\n<\/tr>\n<tr>\n<td style=\"text-align: center;\">BRP610x300<\/td>\n<td style=\"text-align: center;\">610\u00d7300<\/td>\n<td style=\"text-align: center;\">540\u00d7230<\/td>\n<td style=\"text-align: center;\">0,124<\/td>\n<\/tr>\n<tr>\n<td style=\"text-align: center;\">BRP537x385<\/td>\n<td style=\"text-align: center;\">537\u00d7385<\/td>\n<td style=\"text-align: center;\">467\u00d7315<\/td>\n<td style=\"text-align: center;\">\u00a00,147<\/td>\n<\/tr>\n<tr>\n<td style=\"text-align: center;\">BRP496X496<\/td>\n<td style=\"text-align: center;\">496X496<\/td>\n<td style=\"text-align: center;\">426\u00d7426<\/td>\n<td style=\"text-align: center;\">\u00a00,181<\/td>\n<\/tr>\n<tr>\n<td style=\"text-align: center;\">BRP690x385<\/td>\n<td style=\"text-align: center;\">690\u00d7385<\/td>\n<td style=\"text-align: center;\">610\u00d7305<\/td>\n<td style=\"text-align: center;\">\u00a00,186<\/td>\n<\/tr>\n<tr>\n<td style=\"text-align: center;\">BRP870x310<\/td>\n<td style=\"text-align: center;\">870\u00d7310<\/td>\n<td style=\"text-align: center;\">800\u00d7240<\/td>\n<td style=\"text-align: center;\">\u00a00,192<\/td>\n<\/tr>\n<tr>\n<td style=\"text-align: center;\">BRP690x425<\/td>\n<td style=\"text-align: center;\">690\u00d7425<\/td>\n<td style=\"text-align: center;\">620\u00d7355<\/td>\n<td style=\"text-align: center;\">0,220<\/td>\n<\/tr>\n<tr>\n<td style=\"text-align: center;\">BRP670x570<\/td>\n<td style=\"text-align: center;\">670\u00d7570<\/td>\n<td style=\"text-align: center;\">600\u00d7500<\/td>\n<td style=\"text-align: center;\">0,300<\/td>\n<\/tr>\n<tr>\n<td style=\"text-align: center;\">BRP880x530<\/td>\n<td style=\"text-align: center;\">880\u00d7530<\/td>\n<td style=\"text-align: center;\">810\u00d7460<\/td>\n<td style=\"text-align: center;\">0,373<\/td>\n<\/tr>\n<tr>\n<td style=\"text-align: center;\">BRP740X740<\/td>\n<td style=\"text-align: center;\">740X740<\/td>\n<td style=\"text-align: center;\">653\u00d7653<\/td>\n<td style=\"text-align: center;\">0,426<\/td>\n<\/tr>\n<tr>\n<td style=\"text-align: center;\">BRP1000x666<\/td>\n<td style=\"text-align: center;\">1000\u00d7666<\/td>\n<td style=\"text-align: center;\">930\u00d7596<\/td>\n<td style=\"text-align: center;\">0,554<\/td>\n<\/tr>\n<tr>\n<td style=\"text-align: center;\">BRP1000x1000<\/td>\n<td style=\"text-align: center;\">1000\u00d71000<\/td>\n<td style=\"text-align: center;\">930\u00d7930<\/td>\n<td style=\"text-align: center;\">0,865<\/td>\n<\/tr>\n<tr>\n<td style=\"text-align: center;\">BRP1198x995<\/td>\n<td style=\"text-align: center;\">1198\u00d7995<\/td>\n<td style=\"text-align: center;\">1128\u00d7925<\/td>\n<td style=\"text-align: center;\">1,043<\/td>\n<\/tr>\n<tr>\n<td style=\"text-align: center;\">BRP1220x1220<\/td>\n<td style=\"text-align: center;\">1220\u00d71220<\/td>\n<td style=\"text-align: center;\">1150\u00d71150<\/td>\n<td style=\"text-align: center;\">1,323<\/td>\n<\/tr>\n<\/tbody>\n<\/table>\n<\/div>\n<p style=\"text-align: center;\">For other sizes and\/or working conditions\u00a0<a href=\"https:\/\/adixatex.com\/en-id\/contact\/\">please consult us<\/a><\/p>\n<\/div>\n<p class=\"container_tabs_title_mobile\">Accesories<\/p><div class=\"container_tabs_content\">\n<p><section class=\"shortcode_columns columns_3\">\n<div class=\"column\">\n<h3 class=\"content_table_title\" style=\"text-align: left;\"><img decoding=\"async\" class=\"aligncenter\" src=\"https:\/\/adixatex.com\/wp-content\/uploads\/2021\/02\/panel1.jpg\" \/><\/h3>\n<p><strong>Magnetic Break Detector<\/strong><strong>\u00a0MK500A<\/strong><\/p>\n<p>ATEX approval Ex II 3D IIIC t125\u00baC Dc X<\/p>\n<p>Possibility of mounting on different types of cylinders.<\/p>\n<p><strong>Detection range:<\/strong>\u00a0Reaction sensitivity [mT] 2<\/p>\n<p><strong>Accuracy:\u00a0<\/strong>Variations Hysteresis [mm] 1<\/p>\n<p><strong>Temperature:<\/strong>\u00a0-25\u00baC to 60\u00baC<\/p>\n<\/div>\n\n<div class=\"column\">\n<p><img decoding=\"async\" class=\"aligncenter\" src=\"https:\/\/adixatex.com\/wp-content\/uploads\/2021\/02\/panel2.jpg\" \/><\/p>\n<p><strong>Breakage signalling cable type RECS for high temperature VP2759<\/strong><\/p>\n<p><em><strong>Working temperature:<\/strong><\/em>\u00a0-60\u00baC to 300\u00baC<\/p>\n<p><em><strong>Peak temperature:<\/strong>\u00a0<\/em>350\u00baC<\/p>\n<p><em><strong>AWG:<\/strong><\/em>\u00a020S<\/p>\n<p><em><strong>Nominal duct diameter: 0,965 mm<\/strong><\/em><\/p>\n<p><em><strong>Total length:<\/strong><\/em>\u00a02m<\/p>\n<\/div>\n\n<div class=\"column\">\n<p><img decoding=\"async\" class=\"aligncenter\" src=\"https:\/\/adixatex.com\/wp-content\/uploads\/2021\/02\/VEAI.jpg\" \/><\/p>\n<p><strong>Weather insulation for vent panels<\/strong>Protection against inclement weather.<\/p>\n<p>Reaction to fire A1: Non-combustible according to Euroclasses (EN 13501-1)<\/p>\n<p>Operating temperature limit 700\u00baC<\/p>\n<p>Material: Inox + Rock Wool<\/p>\n<\/div>\n<\/section>\n<\/p>\n<p><section class=\"shortcode_columns columns_3\">\n<div class=\"column\">\n<p><img decoding=\"async\" class=\"aligncenter\" src=\"https:\/\/adixatex.com\/wp-content\/uploads\/2021\/02\/panel3.jpg\" \/><\/p>\n<p><em><strong>Welded (L) or screwed (U)<\/strong><\/em><\/p>\n<p>AISI 304 and AISI 316<\/p>\n<p>Vertical (Interior Reinforcement) and Horizontal Installation<\/p>\n<p><em><strong>Note:<\/strong><\/em>\u00a0Mounting flanges only for cirular panels, the rest is mounted on paper.\u00a0Please consult us if you need other solution.<\/p>\n<\/div>\n\n<div class=\"column\">\n<p><img decoding=\"async\" class=\"aligncenter\" src=\"https:\/\/adixatex.com\/wp-content\/uploads\/2021\/02\/LONA.jpg\" \/><\/p>\n<p><strong>Outdoor tarpaulin<\/strong><\/p>\n<p>Tarpaulin to protect the panels outdoors.<\/p>\n<p>Protects the panels from adverse weather conditions such as rain or snow.<\/p>\n<\/div>\n\n<div class=\"column\">\n<p><img decoding=\"async\" class=\"aligncenter\" src=\"https:\/\/adixatex.com\/wp-content\/uploads\/2021\/02\/panel4.jpg\" \/><\/p>\n<p><strong>EPDM seal<\/strong><\/p>\n<p>Dynamic rubber strip prevents vibration between compact materials.<\/p>\n<p>It acts as an air, water and dust sealing gasket, both for exteriors and interiors.<\/p>\n<p>Resistant to ultraviolet rays and extreme temperatures.<\/p>\n<p>Temperature from -30\u00baC to 90\u00baC .<\/p>\n<\/div>\n<\/section>\n<\/p>\n<p><section class=\"shortcode_columns columns_3\">\n<div class=\"column\">\n<p><strong><img decoding=\"async\" class=\"aligncenter\" src=\"https:\/\/adixatex.com\/wp-content\/uploads\/2021\/02\/panel5.jpg\" \/><\/strong><\/p>\n<p><strong>High Temperature Ceramic Process Seal<\/strong><\/p>\n<p>Stability at high temperatures up to 1100\u00baC<\/p>\n<p>Meets European regulatory requirements.<\/p>\n<p>Excellent wetting resistance of molten aluminum.<\/p>\n<p>Low thermal conductivity.<\/p>\n<p>Flexibility.<\/p>\n<p>Easy to wrap, shape or cut.<\/p>\n<p>Loctite SI 5900; Temperature up to 275\u00baC in continuous.<\/p>\n<\/div>\n\n<div class=\"column\">\n<p><strong><img decoding=\"async\" class=\"aligncenter\" src=\"https:\/\/adixatex.com\/wp-content\/uploads\/2021\/02\/panel6.jpg\" \/><\/strong><\/p>\n<p><strong>Silicone Process Seal<\/strong><\/p>\n<p>Temperature from -40\u00baC to 220\u00baC<\/p>\n<p>White sponge silicone (15HS)<\/p>\n<p>Excellent temperature resistance.<\/p>\n<p>Good resistance to chemicals.<\/p>\n<p>Great capacity of recovery to the compression<\/p>\n<p>Good flexibility at low temperatures.<\/p>\n<\/div>\n\n<div class=\"column\">\n<\/div>\n<\/section>\n<\/p>\n<\/div>\n<p class=\"container_tabs_title_mobile\">Downloads<\/p><div class=\"container_tabs_content\">\n<p><section class=\"shortcode_columns columns_3\">\n<div class=\"column\">\n<p><strong>Data Sheet PDF Paneles de Vento &#8211; ENG<\/strong><\/p>\n<p><img decoding=\"async\" class=\"aligncenter\" src=\"https:\/\/adixatex.com\/wp-content\/uploads\/2021\/02\/FICHA_PANELES.png\" width=\"318\" height=\"145\" \/><\/p>\n<ul>\n<li><a class=\"link_view_pdf\" href=\"https:\/\/adixatex.com\/wp-content\/uploads\/2021\/02\/1902-Paneles-de-Venteo-1.pdf\" target=\"_blank\" rel=\"noopener noreferrer\">Descargar caracter\u00edsticas del producto (PDF)<\/a><\/li>\n<\/ul>\n<\/div>\n\n<div class=\"column\">\n<p><strong>Ficha t\u00e9cnica PDF &#8211; Paneles de Vento &#8211; ESP\u00a0<\/strong><\/p>\n<p><img decoding=\"async\" class=\"aligncenter\" src=\"https:\/\/adixatex.com\/wp-content\/uploads\/2021\/02\/FICHA_PANELES.png\" width=\"318\" height=\"145\" \/><\/p>\n<ul>\n<li style=\"list-style-type: none;\">\n<ul>\n<li><a class=\"link_view_pdf\" href=\"https:\/\/adixatex.com\/wp-content\/uploads\/2021\/02\/1902-Paneles-de-Venteo-1.pdf\" target=\"_blank\" rel=\"noopener noreferrer\">Descargar caracter\u00edsticas del producto (PDF)<\/a><\/li>\n<\/ul>\n<\/li>\n<\/ul>\n<\/div>\n\n<div class=\"column\">\n<p><strong>Ficha t\u00e9cnica PDF &#8211; Paneles de Vento &#8211; GER<\/strong><\/p>\n<p><img decoding=\"async\" class=\"aligncenter\" src=\"https:\/\/adixatex.com\/wp-content\/uploads\/2021\/02\/FICHA_PANELES.png\" width=\"318\" height=\"145\" \/><\/p>\n<ul>\n<li><a class=\"link_view_pdf\" href=\"https:\/\/adixatex.com\/wp-content\/uploads\/2021\/02\/1902-Paneles-de-Venteo-1.pdf\" target=\"_blank\" rel=\"noopener noreferrer\">Descargar caracter\u00edsticas del producto (PDF)<\/a><\/li>\n<\/ul>\n<\/div>\n<\/section>\n<\/p>\n<\/div>\n<\/div>\n<p>&nbsp;<\/p>\n","protected":false},"excerpt":{"rendered":"<p>Device for\u00a0<b>Explosion Protection in closed volumes<\/b>\u00a0based on\u00a0<b>the liberation the overpressure of explosion<\/b>\u00a0to safe area, avoiding that the design resistance of the equipment is exceeded.<\/p>\n","protected":false},"featured_media":14031,"comment_status":"open","ping_status":"closed","template":"","meta":[],"product_brand":[],"product_cat":[1846,1847],"product_tag":[],"class_list":{"0":"post-14029","1":"product","2":"type-product","3":"status-publish","4":"has-post-thumbnail","6":"product_cat-protection-en-id","7":"product_cat-vent-panels-en-id","9":"first","10":"instock","11":"shipping-taxable","12":"product-type-simple"},"yoast_head":"<!-- This site is optimized with the Yoast SEO plugin v24.4 - https:\/\/yoast.com\/wordpress\/plugins\/seo\/ -->\n<title>Explosion Vent Panels Flat [BRP] - Adixatex<\/title>\n<meta name=\"robots\" content=\"noindex, follow, max-snippet:-1, max-image-preview:large, max-video-preview:-1\" \/>\n<meta property=\"og:locale\" content=\"en_US\" \/>\n<meta property=\"og:type\" content=\"article\" \/>\n<meta property=\"og:title\" content=\"Explosion Vent Panels Flat [BRP] - Adixatex\" \/>\n<meta property=\"og:description\" content=\"Device for\u00a0Explosion Protection in closed volumes\u00a0based on\u00a0the liberation the overpressure of explosion\u00a0to safe area, avoiding that the design resistance of the equipment is exceeded.\" \/>\n<meta property=\"og:url\" content=\"https:\/\/www2.adixatex.com\/pr\/panel-de-venteo-plano-brp\/\" \/>\n<meta property=\"og:site_name\" content=\"Adixatex\" \/>\n<meta property=\"og:image\" content=\"https:\/\/www2.adixatex.com\/wp-content\/uploads\/2020\/12\/BRP.jpg\" \/>\n\t<meta property=\"og:image:width\" content=\"1000\" \/>\n\t<meta property=\"og:image:height\" content=\"1000\" \/>\n\t<meta property=\"og:image:type\" content=\"image\/jpeg\" \/>\n<meta name=\"twitter:card\" content=\"summary_large_image\" \/>\n<meta name=\"twitter:site\" content=\"@adixprotection\" \/>\n<meta name=\"twitter:label1\" content=\"Est. reading time\" \/>\n\t<meta name=\"twitter:data1\" content=\"5 minutes\" \/>\n<script type=\"application\/ld+json\" class=\"yoast-schema-graph\">{\"@context\":\"https:\/\/schema.org\",\"@graph\":[{\"@type\":\"WebPage\",\"@id\":\"https:\/\/www2.adixatex.com\/pr\/panel-de-venteo-plano-brp\/\",\"url\":\"https:\/\/www2.adixatex.com\/pr\/panel-de-venteo-plano-brp\/\",\"name\":\"Explosion Vent Panels Flat [BRP] - Adixatex\",\"isPartOf\":{\"@id\":\"https:\/\/www2.adixatex.com\/#website\"},\"primaryImageOfPage\":{\"@id\":\"https:\/\/www2.adixatex.com\/pr\/panel-de-venteo-plano-brp\/#primaryimage\"},\"image\":{\"@id\":\"https:\/\/www2.adixatex.com\/pr\/panel-de-venteo-plano-brp\/#primaryimage\"},\"thumbnailUrl\":\"https:\/\/www2.adixatex.com\/wp-content\/uploads\/2020\/12\/BRP.jpg\",\"datePublished\":\"2020-12-15T12:32:23+00:00\",\"breadcrumb\":{\"@id\":\"https:\/\/www2.adixatex.com\/pr\/panel-de-venteo-plano-brp\/#breadcrumb\"},\"inLanguage\":\"en-ID\",\"potentialAction\":[{\"@type\":\"ReadAction\",\"target\":[\"https:\/\/www2.adixatex.com\/pr\/panel-de-venteo-plano-brp\/\"]}]},{\"@type\":\"ImageObject\",\"inLanguage\":\"en-ID\",\"@id\":\"https:\/\/www2.adixatex.com\/pr\/panel-de-venteo-plano-brp\/#primaryimage\",\"url\":\"https:\/\/www2.adixatex.com\/wp-content\/uploads\/2020\/12\/BRP.jpg\",\"contentUrl\":\"https:\/\/www2.adixatex.com\/wp-content\/uploads\/2020\/12\/BRP.jpg\",\"width\":1000,\"height\":1000},{\"@type\":\"BreadcrumbList\",\"@id\":\"https:\/\/www2.adixatex.com\/pr\/panel-de-venteo-plano-brp\/#breadcrumb\",\"itemListElement\":[{\"@type\":\"ListItem\",\"position\":1,\"name\":\"Home\",\"item\":\"https:\/\/www2.adixatex.com\/\"},{\"@type\":\"ListItem\",\"position\":2,\"name\":\"Shop\",\"item\":\"https:\/\/www2.adixatex.com\/productos\/\"},{\"@type\":\"ListItem\",\"position\":3,\"name\":\"Explosion Vent Panels Flat [BRP]\"}]},{\"@type\":\"WebSite\",\"@id\":\"https:\/\/www2.adixatex.com\/#website\",\"url\":\"https:\/\/www2.adixatex.com\/\",\"name\":\"Adixatex\",\"description\":\"Prevenci\u00f3n y protecci\u00f3n de atm\u00f3sferas explosivas\",\"inLanguage\":\"en-ID\"}]}<\/script>\n<!-- \/ Yoast SEO plugin. -->","yoast_head_json":{"title":"Explosion Vent Panels Flat [BRP] - Adixatex","robots":{"index":"noindex","follow":"follow","max-snippet":"max-snippet:-1","max-image-preview":"max-image-preview:large","max-video-preview":"max-video-preview:-1"},"og_locale":"en_US","og_type":"article","og_title":"Explosion Vent Panels Flat [BRP] - Adixatex","og_description":"Device for\u00a0Explosion Protection in closed volumes\u00a0based on\u00a0the liberation the overpressure of explosion\u00a0to safe area, avoiding that the design resistance of the equipment is exceeded.","og_url":"https:\/\/www2.adixatex.com\/pr\/panel-de-venteo-plano-brp\/","og_site_name":"Adixatex","og_image":[{"width":1000,"height":1000,"url":"https:\/\/www2.adixatex.com\/wp-content\/uploads\/2020\/12\/BRP.jpg","type":"image\/jpeg"}],"twitter_card":"summary_large_image","twitter_site":"@adixprotection","twitter_misc":{"Est. reading time":"5 minutes"},"schema":{"@context":"https:\/\/schema.org","@graph":[{"@type":"WebPage","@id":"https:\/\/www2.adixatex.com\/pr\/panel-de-venteo-plano-brp\/","url":"https:\/\/www2.adixatex.com\/pr\/panel-de-venteo-plano-brp\/","name":"Explosion Vent Panels Flat [BRP] - Adixatex","isPartOf":{"@id":"https:\/\/www2.adixatex.com\/#website"},"primaryImageOfPage":{"@id":"https:\/\/www2.adixatex.com\/pr\/panel-de-venteo-plano-brp\/#primaryimage"},"image":{"@id":"https:\/\/www2.adixatex.com\/pr\/panel-de-venteo-plano-brp\/#primaryimage"},"thumbnailUrl":"https:\/\/www2.adixatex.com\/wp-content\/uploads\/2020\/12\/BRP.jpg","datePublished":"2020-12-15T12:32:23+00:00","breadcrumb":{"@id":"https:\/\/www2.adixatex.com\/pr\/panel-de-venteo-plano-brp\/#breadcrumb"},"inLanguage":"en-ID","potentialAction":[{"@type":"ReadAction","target":["https:\/\/www2.adixatex.com\/pr\/panel-de-venteo-plano-brp\/"]}]},{"@type":"ImageObject","inLanguage":"en-ID","@id":"https:\/\/www2.adixatex.com\/pr\/panel-de-venteo-plano-brp\/#primaryimage","url":"https:\/\/www2.adixatex.com\/wp-content\/uploads\/2020\/12\/BRP.jpg","contentUrl":"https:\/\/www2.adixatex.com\/wp-content\/uploads\/2020\/12\/BRP.jpg","width":1000,"height":1000},{"@type":"BreadcrumbList","@id":"https:\/\/www2.adixatex.com\/pr\/panel-de-venteo-plano-brp\/#breadcrumb","itemListElement":[{"@type":"ListItem","position":1,"name":"Home","item":"https:\/\/www2.adixatex.com\/"},{"@type":"ListItem","position":2,"name":"Shop","item":"https:\/\/www2.adixatex.com\/productos\/"},{"@type":"ListItem","position":3,"name":"Explosion Vent Panels Flat [BRP]"}]},{"@type":"WebSite","@id":"https:\/\/www2.adixatex.com\/#website","url":"https:\/\/www2.adixatex.com\/","name":"Adixatex","description":"Prevenci\u00f3n y protecci\u00f3n de atm\u00f3sferas explosivas","inLanguage":"en-ID"}]}},"_links":{"self":[{"href":"https:\/\/www2.adixatex.com\/en-id\/wp-json\/wp\/v2\/product\/14029","targetHints":{"allow":["GET"]}}],"collection":[{"href":"https:\/\/www2.adixatex.com\/en-id\/wp-json\/wp\/v2\/product"}],"about":[{"href":"https:\/\/www2.adixatex.com\/en-id\/wp-json\/wp\/v2\/types\/product"}],"replies":[{"embeddable":true,"href":"https:\/\/www2.adixatex.com\/en-id\/wp-json\/wp\/v2\/comments?post=14029"}],"version-history":[{"count":0,"href":"https:\/\/www2.adixatex.com\/en-id\/wp-json\/wp\/v2\/product\/14029\/revisions"}],"wp:featuredmedia":[{"embeddable":true,"href":"https:\/\/www2.adixatex.com\/en-id\/wp-json\/wp\/v2\/media\/14031"}],"wp:attachment":[{"href":"https:\/\/www2.adixatex.com\/en-id\/wp-json\/wp\/v2\/media?parent=14029"}],"wp:term":[{"taxonomy":"product_brand","embeddable":true,"href":"https:\/\/www2.adixatex.com\/en-id\/wp-json\/wp\/v2\/product_brand?post=14029"},{"taxonomy":"product_cat","embeddable":true,"href":"https:\/\/www2.adixatex.com\/en-id\/wp-json\/wp\/v2\/product_cat?post=14029"},{"taxonomy":"product_tag","embeddable":true,"href":"https:\/\/www2.adixatex.com\/en-id\/wp-json\/wp\/v2\/product_tag?post=14029"}],"curies":[{"name":"wp","href":"https:\/\/api.w.org\/{rel}","templated":true}]}}