{"id":14036,"date":"2020-12-15T09:50:55","date_gmt":"2020-12-15T08:50:55","guid":{"rendered":"https:\/\/adixatex.com\/product\/trapezoidal-vent-panel-btp\/"},"modified":"2020-12-15T09:50:55","modified_gmt":"2020-12-15T08:50:55","slug":"trapezoidal-vent-panel-btp","status":"publish","type":"product","link":"https:\/\/www2.adixatex.com\/en-id\/product\/trapezoidal-vent-panel-btp\/","title":{"rendered":"Trapezoidal Vent Panel &#8211; [BTP]"},"content":{"rendered":"<div id=\"shortcode_container_tabs\" class=\"shortcode_container_tabs\"><div id=\"container_tabs_title\" class=\"container_tabs_title\"><\/div>\n<p class=\"container_tabs_title_mobile\">Technical details<\/p><div class=\"container_tabs_content\">\n<div id=\"content_table\" class=\"content_table\">\n<table style=\"width: 652px;\">\n<tbody>\n<tr>\n<td style=\"width: 313px; text-align: left;\">Type<\/td>\n<td style=\"width: 519px; text-align: left;\">Flat Trapezoidal<\/td>\n<\/tr>\n<tr>\n<td style=\"width: 313px; text-align: left;\">Dimensions<\/td>\n<td style=\"width: 519px; text-align: left;\">From 1000 up to 1700 mm<\/td>\n<\/tr>\n<tr>\n<td style=\"width: 313px; text-align: left;\">Material<\/td>\n<td style=\"width: 519px; text-align: left;\">AISI 304L o 316L<\/td>\n<\/tr>\n<tr>\n<td style=\"width: 313px; text-align: left;\">Efficiency<\/td>\n<td style=\"width: 519px; text-align: left;\">\u00a0100%<\/td>\n<\/tr>\n<tr>\n<td style=\"width: 313px; text-align: left;\">Bursting pressure<\/td>\n<td style=\"width: 519px; text-align: left;\">20 a 500 mbarg<\/td>\n<\/tr>\n<tr>\n<td style=\"width: 313px; text-align: left;\">Tolerance<\/td>\n<td style=\"width: 519px; text-align: left;\">\u00a0+\/-25%<\/td>\n<\/tr>\n<tr>\n<td style=\"width: 313px; text-align: left;\">M\u00e1x. Working Pressure<\/td>\n<td style=\"width: 519px; text-align: left;\">\u00a040% P<sub>stat<\/sub><\/td>\n<\/tr>\n<tr>\n<td style=\"width: 313px; text-align: left;\">Support vacuum pressure<\/td>\n<td style=\"width: 519px; text-align: left;\">\u00a0&#8211; 20 mbar<\/td>\n<\/tr>\n<tr>\n<td style=\"width: 313px; text-align: left;\">Max. Working Temperature<\/td>\n<td style=\"width: 519px; text-align: left;\">\u00a0hasta\u00a0350 \u00baC<\/td>\n<\/tr>\n<tr>\n<td style=\"width: 313px; text-align: left;\">Product<\/td>\n<td style=\"width: 519px; text-align: left;\">Gas by Group IIA and organic and metallic dust St3<\/td>\n<\/tr>\n<tr>\n<td style=\"width: 313px; text-align: left;\">ATEX Certification<\/td>\n<td style=\"width: 519px; text-align: left;\">According to EN14797:2006 y EN14994:2007<\/td>\n<\/tr>\n<tr>\n<td style=\"width: 313px; text-align: left;\">Marking<\/td>\n<td style=\"width: 519px; text-align: left;\">\u00a0Ex GD<\/td>\n<\/tr>\n<\/tbody>\n<\/table>\n<\/div>\n<\/div>\n<p class=\"container_tabs_title_mobile\">Dimensions<\/p><div class=\"container_tabs_content\">\n<div id=\"content_table\" class=\"content_table\">\n<p><img decoding=\"async\" class=\"aligncenter size-medium wp-image-1342\" src=\"https:\/\/adixatex.com\/wp-content\/uploads\/2020\/11\/Captura2-1-300x124.jpg\" alt=\"Esquema panel BRT\" width=\"300\" height=\"124\" srcset=\"https:\/\/www2.adixatex.com\/wp-content\/uploads\/2020\/11\/Captura2-1-300x124.jpg 300w, https:\/\/www2.adixatex.com\/wp-content\/uploads\/2020\/11\/Captura2-1-750x310.jpg 750w, https:\/\/www2.adixatex.com\/wp-content\/uploads\/2020\/11\/Captura2-1-768x317.jpg 768w, https:\/\/www2.adixatex.com\/wp-content\/uploads\/2020\/11\/Captura2-1-600x248.jpg 600w, https:\/\/www2.adixatex.com\/wp-content\/uploads\/2020\/11\/Captura2-1.jpg 1000w\" sizes=\"(max-width: 300px) 100vw, 300px\" \/><\/p>\n<table>\n<thead id=\"content_table_head\">\n<tr>\n<th class=\"content_table_column\" style=\"text-align: center;\"><strong>Reference<\/strong><\/th>\n<th class=\"content_table_column\" style=\"text-align: center;\">External Dimensions<br \/>\n(mm)<\/th>\n<th class=\"content_table_column\" style=\"text-align: center;\"><strong>Internal Dimensions<br \/>\n(mm)\u00a0<\/strong><\/th>\n<th class=\"content_table_column\" style=\"text-align: center;\">Effective<br \/>\nVenting Area<\/th>\n<\/tr>\n<tr>\n<th class=\"content_table_column\" style=\"text-align: center;\"><strong>Reference<\/strong><\/th>\n<th class=\"content_table_column\" style=\"text-align: center;\">External Dimensions<br \/>\n(mm)<\/th>\n<th class=\"content_table_column\" style=\"text-align: center;\"><strong>Internal Dimensions<br \/>\n(mm)\u00a0<\/strong><\/th>\n<th class=\"content_table_column\" style=\"text-align: center;\">Effective<br \/>\nVenting Area<\/th>\n<\/tr>\n<\/thead>\n<tbody>\n<tr>\n<td style=\"text-align: center;\">BTP1400<\/td>\n<td style=\"text-align: center;\">1400x600x367<\/td>\n<td style=\"text-align: center;\">1320x513x293<\/td>\n<td style=\"text-align: center;\">0,532<\/td>\n<\/tr>\n<tr>\n<td style=\"text-align: center;\">BTP1700<\/td>\n<td style=\"text-align: center;\">1700x600x367<\/td>\n<td style=\"text-align: center;\">1620x513x293<\/td>\n<td style=\"text-align: center;\">0,653<\/td>\n<\/tr>\n<\/tbody>\n<\/table>\n<\/div>\n<p style=\"text-align: center;\">For other sizes and\/or working conditions\u00a0<a href=\"https:\/\/adixatex.com\/en-id\/contact\/\">please consult us<\/a><\/p>\n<\/div>\n<p class=\"container_tabs_title_mobile\">Accesories<\/p><div class=\"container_tabs_content\">\n<p><section class=\"shortcode_columns columns_3\">\n<div class=\"column\">\n<h3 class=\"content_table_title\" style=\"text-align: left;\"><img decoding=\"async\" class=\"aligncenter\" src=\"https:\/\/adixatex.com\/wp-content\/uploads\/2021\/02\/panel1.jpg\" \/><\/h3>\n<p><strong>Magnetic Break Detector<\/strong><strong>\u00a0MK500A<\/strong><\/p>\n<p>ATEX approval Ex II 3D IIIC t125\u00baC Dc X<\/p>\n<p>Possibility of mounting on different types of cylinders.<\/p>\n<p><strong>Detection range:<\/strong>\u00a0Reaction sensitivity [mT] 2<\/p>\n<p><strong>Accuracy:\u00a0<\/strong>Variations Hysteresis [mm] 1<\/p>\n<p><strong>Temperature:<\/strong>\u00a0-25\u00baC to 60\u00baC<\/p>\n<\/div>\n<div class=\"column\">\n<p><img decoding=\"async\" class=\"aligncenter\" src=\"https:\/\/adixatex.com\/wp-content\/uploads\/2021\/02\/panel2.jpg\" \/><\/p>\n<p><strong>Breakage signalling cable type RECS for high temperature VP2759<\/strong><\/p>\n<p><em><strong>Working temperature:<\/strong><\/em>\u00a0-60\u00baC to 300\u00baC<\/p>\n<p><em><strong>Peak temperature:<\/strong>\u00a0<\/em>350\u00baC<\/p>\n<p><em><strong>AWG:<\/strong><\/em>\u00a020S<\/p>\n<p><em><strong>Nominal duct diameter: 0,965 mm<\/strong><\/em><\/p>\n<p><em><strong>Total length:<\/strong><\/em>\u00a02m<\/p>\n<\/div>\n\n<div class=\"column\">\n<p><img decoding=\"async\" class=\"aligncenter\" src=\"https:\/\/adixatex.com\/wp-content\/uploads\/2021\/02\/panel3.jpg\" \/><\/p>\n<p><em><strong>Welded (L) or screwed (U)<\/strong><\/em><\/p>\n<p>AISI 304 and AISI 316<\/p>\n<p>Vertical (Interior Reinforcement) and Horizontal Installation<\/p>\n<p><em><strong>Note:<\/strong><\/em>\u00a0Mounting flanges only for cirular panels, the rest is mounted on paper.\u00a0Please consult us if you need other solution.<\/p>\n<\/div>\n<\/section>\n<\/p>\n<p><section class=\"shortcode_columns columns_3\">\n<div class=\"column\">\n<p><img decoding=\"async\" class=\"aligncenter\" src=\"https:\/\/adixatex.com\/wp-content\/uploads\/2021\/02\/panel4.jpg\" \/><\/p>\n<p><strong>EPDM seal<\/strong><\/p>\n<p>Dynamic rubber strip prevents vibration between compact materials.<\/p>\n<p>It acts as an air, water and dust sealing gasket, both for exteriors and interiors.<\/p>\n<p>Resistant to ultraviolet rays and extreme temperatures.<\/p>\n<p>Temperature from -30\u00baC to 90\u00baC .<\/p>\n<\/div>\n\n<div class=\"column\">\n<p><strong><img decoding=\"async\" class=\"aligncenter\" src=\"https:\/\/adixatex.com\/wp-content\/uploads\/2021\/02\/panel5.jpg\" \/><\/strong><\/p>\n<p><strong>High Temperature Ceramic Process Seal<\/strong><\/p>\n<p>Stability at high temperatures up to 1100\u00baC<\/p>\n<p>Meets European regulatory requirements.<\/p>\n<p>Excellent wetting resistance of molten aluminum.<\/p>\n<p>Low thermal conductivity.<\/p>\n<p>Flexibility.<\/p>\n<p>Easy to wrap, shape or cut.<\/p>\n<p>Loctite SI 5900; Temperature up to 275\u00baC in continuous.<\/p>\n<\/div>\n\n<div class=\"column\">\n<p><strong><img decoding=\"async\" class=\"aligncenter\" src=\"https:\/\/adixatex.com\/wp-content\/uploads\/2021\/02\/panel6.jpg\" \/><\/strong><\/p>\n<p><strong>Silicone Process Seal<\/strong><\/p>\n<p>Temperature from -40\u00baC to 220\u00baC<\/p>\n<p>White sponge silicone (15HS)<\/p>\n<p>Excellent temperature resistance.<\/p>\n<p>Good resistance to chemicals.<\/p>\n<p>Great capacity of recovery to the compression<\/p>\n<p>Good flexibility at low temperatures.<\/p>\n<\/div>\n<\/section>\n<\/p>\n<\/div>\n<p class=\"container_tabs_title_mobile\">Downloads<\/p><div class=\"container_tabs_content\">\n<p><section class=\"shortcode_columns columns_3\">\n<div class=\"column\">\n<p><strong>Ficha t\u00e9cnica PDF Paneles de Vento &#8211; ENG<\/strong><\/p>\n<p><img decoding=\"async\" class=\"aligncenter\" src=\"https:\/\/adixatex.com\/wp-content\/uploads\/2021\/02\/FICHA_PANELES.png\" width=\"318\" height=\"145\" \/><\/p>\n<ul>\n<li><a class=\"link_view_pdf\" href=\"https:\/\/adixatex.com\/wp-content\/uploads\/2021\/02\/1902-Paneles-de-Venteo-1.pdf\" target=\"_blank\" rel=\"noopener noreferrer\">Descargar caracter\u00edsticas del producto (PDF)<\/a><\/li>\n<\/ul>\n<\/div>\n\n<div class=\"column\">\n<p><strong>Ficha t\u00e9cnica PDF &#8211; Paneles de Vento &#8211; ESP\u00a0<\/strong><\/p>\n<p><img decoding=\"async\" class=\"aligncenter\" src=\"https:\/\/adixatex.com\/wp-content\/uploads\/2021\/02\/FICHA_PANELES.png\" width=\"318\" height=\"145\" \/><\/p>\n<ul>\n<li><a class=\"link_view_pdf\" href=\"https:\/\/adixatex.com\/wp-content\/uploads\/2021\/02\/1902-Paneles-de-Venteo-1.pdf\" target=\"_blank\" rel=\"noopener noreferrer\">Descargar caracter\u00edsticas del producto (PDF)<\/a><\/li>\n<\/ul>\n<\/div>\n\n<div class=\"column\">\n<p><strong>Ficha t\u00e9cnica PDF &#8211; Paneles de Vento &#8211; GER<\/strong><\/p>\n<p><img decoding=\"async\" class=\"aligncenter\" src=\"https:\/\/adixatex.com\/wp-content\/uploads\/2021\/02\/FICHA_PANELES.png\" width=\"318\" height=\"145\" \/><\/p>\n<ul>\n<li><a class=\"link_view_pdf\" href=\"https:\/\/adixatex.com\/wp-content\/uploads\/2021\/02\/1902-Paneles-de-Venteo-1.pdf\" target=\"_blank\" rel=\"noopener noreferrer\">Descargar caracter\u00edsticas del producto (PDF)<\/a><\/li>\n<\/ul>\n<\/div>\n<\/section>\n<\/p>\n<\/div>\n<\/div>\n","protected":false},"excerpt":{"rendered":"<p>BTP vent panels are perfect to special sizes. Vent panels are special designed to <strong>protect the equipments from explosions<\/strong> in closed volumes. <strong>BTP panels manage the overpressure<\/strong> in case of explosion to a safety area, avoiding hugh damages at the designed resistance of the container.<\/p>\n","protected":false},"featured_media":14038,"comment_status":"open","ping_status":"closed","template":"","meta":[],"product_brand":[],"product_cat":[1846,1847],"product_tag":[],"class_list":{"0":"post-14036","1":"product","2":"type-product","3":"status-publish","4":"has-post-thumbnail","6":"product_cat-protection-en-id","7":"product_cat-vent-panels-en-id","9":"first","10":"instock","11":"shipping-taxable","12":"product-type-simple"},"yoast_head":"<!-- This site is optimized with the Yoast SEO plugin v24.4 - https:\/\/yoast.com\/wordpress\/plugins\/seo\/ -->\n<title>Trapezoidal Vent Panel - [BTP] - Adixatex<\/title>\n<meta name=\"robots\" content=\"noindex, follow, max-snippet:-1, max-image-preview:large, max-video-preview:-1\" \/>\n<meta property=\"og:locale\" content=\"en_US\" \/>\n<meta property=\"og:type\" content=\"article\" \/>\n<meta property=\"og:title\" content=\"Trapezoidal Vent Panel - [BTP] - Adixatex\" \/>\n<meta property=\"og:description\" content=\"BTP vent panels are perfect to special sizes. Vent panels are special designed to protect the equipments from explosions in closed volumes. BTP panels manage the overpressure in case of explosion to a safety area, avoiding hugh damages at the designed resistance of the container.\" \/>\n<meta property=\"og:url\" content=\"https:\/\/www2.adixatex.com\/pr\/panel-de-venteo-trapezoidal-btp\/\" \/>\n<meta property=\"og:site_name\" content=\"Adixatex\" \/>\n<meta property=\"og:image\" content=\"https:\/\/www2.adixatex.com\/wp-content\/uploads\/2020\/12\/BTP.jpg\" \/>\n\t<meta property=\"og:image:width\" content=\"1000\" \/>\n\t<meta property=\"og:image:height\" content=\"1000\" \/>\n\t<meta property=\"og:image:type\" content=\"image\/jpeg\" \/>\n<meta name=\"twitter:card\" content=\"summary_large_image\" \/>\n<meta name=\"twitter:site\" content=\"@adixprotection\" \/>\n<meta name=\"twitter:label1\" content=\"Est. reading time\" \/>\n\t<meta name=\"twitter:data1\" content=\"4 minutes\" \/>\n<script type=\"application\/ld+json\" class=\"yoast-schema-graph\">{\"@context\":\"https:\/\/schema.org\",\"@graph\":[{\"@type\":\"WebPage\",\"@id\":\"https:\/\/www2.adixatex.com\/pr\/panel-de-venteo-trapezoidal-btp\/\",\"url\":\"https:\/\/www2.adixatex.com\/pr\/panel-de-venteo-trapezoidal-btp\/\",\"name\":\"Trapezoidal Vent Panel - [BTP] - Adixatex\",\"isPartOf\":{\"@id\":\"https:\/\/www2.adixatex.com\/#website\"},\"primaryImageOfPage\":{\"@id\":\"https:\/\/www2.adixatex.com\/pr\/panel-de-venteo-trapezoidal-btp\/#primaryimage\"},\"image\":{\"@id\":\"https:\/\/www2.adixatex.com\/pr\/panel-de-venteo-trapezoidal-btp\/#primaryimage\"},\"thumbnailUrl\":\"https:\/\/www2.adixatex.com\/wp-content\/uploads\/2020\/12\/BTP.jpg\",\"datePublished\":\"2020-12-15T08:50:55+00:00\",\"breadcrumb\":{\"@id\":\"https:\/\/www2.adixatex.com\/pr\/panel-de-venteo-trapezoidal-btp\/#breadcrumb\"},\"inLanguage\":\"en-ID\",\"potentialAction\":[{\"@type\":\"ReadAction\",\"target\":[\"https:\/\/www2.adixatex.com\/pr\/panel-de-venteo-trapezoidal-btp\/\"]}]},{\"@type\":\"ImageObject\",\"inLanguage\":\"en-ID\",\"@id\":\"https:\/\/www2.adixatex.com\/pr\/panel-de-venteo-trapezoidal-btp\/#primaryimage\",\"url\":\"https:\/\/www2.adixatex.com\/wp-content\/uploads\/2020\/12\/BTP.jpg\",\"contentUrl\":\"https:\/\/www2.adixatex.com\/wp-content\/uploads\/2020\/12\/BTP.jpg\",\"width\":1000,\"height\":1000},{\"@type\":\"BreadcrumbList\",\"@id\":\"https:\/\/www2.adixatex.com\/pr\/panel-de-venteo-trapezoidal-btp\/#breadcrumb\",\"itemListElement\":[{\"@type\":\"ListItem\",\"position\":1,\"name\":\"Home\",\"item\":\"https:\/\/www2.adixatex.com\/\"},{\"@type\":\"ListItem\",\"position\":2,\"name\":\"Shop\",\"item\":\"https:\/\/www2.adixatex.com\/productos\/\"},{\"@type\":\"ListItem\",\"position\":3,\"name\":\"Trapezoidal Vent Panel &#8211; [BTP]\"}]},{\"@type\":\"WebSite\",\"@id\":\"https:\/\/www2.adixatex.com\/#website\",\"url\":\"https:\/\/www2.adixatex.com\/\",\"name\":\"Adixatex\",\"description\":\"Prevenci\u00f3n y protecci\u00f3n de atm\u00f3sferas explosivas\",\"inLanguage\":\"en-ID\"}]}<\/script>\n<!-- \/ Yoast SEO plugin. -->","yoast_head_json":{"title":"Trapezoidal Vent Panel - [BTP] - Adixatex","robots":{"index":"noindex","follow":"follow","max-snippet":"max-snippet:-1","max-image-preview":"max-image-preview:large","max-video-preview":"max-video-preview:-1"},"og_locale":"en_US","og_type":"article","og_title":"Trapezoidal Vent Panel - [BTP] - Adixatex","og_description":"BTP vent panels are perfect to special sizes. Vent panels are special designed to protect the equipments from explosions in closed volumes. BTP panels manage the overpressure in case of explosion to a safety area, avoiding hugh damages at the designed resistance of the container.","og_url":"https:\/\/www2.adixatex.com\/pr\/panel-de-venteo-trapezoidal-btp\/","og_site_name":"Adixatex","og_image":[{"width":1000,"height":1000,"url":"https:\/\/www2.adixatex.com\/wp-content\/uploads\/2020\/12\/BTP.jpg","type":"image\/jpeg"}],"twitter_card":"summary_large_image","twitter_site":"@adixprotection","twitter_misc":{"Est. reading time":"4 minutes"},"schema":{"@context":"https:\/\/schema.org","@graph":[{"@type":"WebPage","@id":"https:\/\/www2.adixatex.com\/pr\/panel-de-venteo-trapezoidal-btp\/","url":"https:\/\/www2.adixatex.com\/pr\/panel-de-venteo-trapezoidal-btp\/","name":"Trapezoidal Vent Panel - [BTP] - Adixatex","isPartOf":{"@id":"https:\/\/www2.adixatex.com\/#website"},"primaryImageOfPage":{"@id":"https:\/\/www2.adixatex.com\/pr\/panel-de-venteo-trapezoidal-btp\/#primaryimage"},"image":{"@id":"https:\/\/www2.adixatex.com\/pr\/panel-de-venteo-trapezoidal-btp\/#primaryimage"},"thumbnailUrl":"https:\/\/www2.adixatex.com\/wp-content\/uploads\/2020\/12\/BTP.jpg","datePublished":"2020-12-15T08:50:55+00:00","breadcrumb":{"@id":"https:\/\/www2.adixatex.com\/pr\/panel-de-venteo-trapezoidal-btp\/#breadcrumb"},"inLanguage":"en-ID","potentialAction":[{"@type":"ReadAction","target":["https:\/\/www2.adixatex.com\/pr\/panel-de-venteo-trapezoidal-btp\/"]}]},{"@type":"ImageObject","inLanguage":"en-ID","@id":"https:\/\/www2.adixatex.com\/pr\/panel-de-venteo-trapezoidal-btp\/#primaryimage","url":"https:\/\/www2.adixatex.com\/wp-content\/uploads\/2020\/12\/BTP.jpg","contentUrl":"https:\/\/www2.adixatex.com\/wp-content\/uploads\/2020\/12\/BTP.jpg","width":1000,"height":1000},{"@type":"BreadcrumbList","@id":"https:\/\/www2.adixatex.com\/pr\/panel-de-venteo-trapezoidal-btp\/#breadcrumb","itemListElement":[{"@type":"ListItem","position":1,"name":"Home","item":"https:\/\/www2.adixatex.com\/"},{"@type":"ListItem","position":2,"name":"Shop","item":"https:\/\/www2.adixatex.com\/productos\/"},{"@type":"ListItem","position":3,"name":"Trapezoidal Vent Panel &#8211; [BTP]"}]},{"@type":"WebSite","@id":"https:\/\/www2.adixatex.com\/#website","url":"https:\/\/www2.adixatex.com\/","name":"Adixatex","description":"Prevenci\u00f3n y protecci\u00f3n de atm\u00f3sferas explosivas","inLanguage":"en-ID"}]}},"_links":{"self":[{"href":"https:\/\/www2.adixatex.com\/en-id\/wp-json\/wp\/v2\/product\/14036","targetHints":{"allow":["GET"]}}],"collection":[{"href":"https:\/\/www2.adixatex.com\/en-id\/wp-json\/wp\/v2\/product"}],"about":[{"href":"https:\/\/www2.adixatex.com\/en-id\/wp-json\/wp\/v2\/types\/product"}],"replies":[{"embeddable":true,"href":"https:\/\/www2.adixatex.com\/en-id\/wp-json\/wp\/v2\/comments?post=14036"}],"version-history":[{"count":0,"href":"https:\/\/www2.adixatex.com\/en-id\/wp-json\/wp\/v2\/product\/14036\/revisions"}],"wp:featuredmedia":[{"embeddable":true,"href":"https:\/\/www2.adixatex.com\/en-id\/wp-json\/wp\/v2\/media\/14038"}],"wp:attachment":[{"href":"https:\/\/www2.adixatex.com\/en-id\/wp-json\/wp\/v2\/media?parent=14036"}],"wp:term":[{"taxonomy":"product_brand","embeddable":true,"href":"https:\/\/www2.adixatex.com\/en-id\/wp-json\/wp\/v2\/product_brand?post=14036"},{"taxonomy":"product_cat","embeddable":true,"href":"https:\/\/www2.adixatex.com\/en-id\/wp-json\/wp\/v2\/product_cat?post=14036"},{"taxonomy":"product_tag","embeddable":true,"href":"https:\/\/www2.adixatex.com\/en-id\/wp-json\/wp\/v2\/product_tag?post=14036"}],"curies":[{"name":"wp","href":"https:\/\/api.w.org\/{rel}","templated":true}]}}