{"id":14042,"date":"2020-11-13T11:05:54","date_gmt":"2020-11-13T10:05:54","guid":{"rendered":"https:\/\/adixatex.com\/product\/sistema-de-conexion-a-tierra-de-camiones-tes01-v2-ex-ip\/"},"modified":"2020-11-13T11:05:54","modified_gmt":"2020-11-13T10:05:54","slug":"sistema-de-conexion-a-tierra-de-camiones-tes01-v2-ex-ip","status":"publish","type":"product","link":"https:\/\/www2.adixatex.com\/en-id\/product\/sistema-de-conexion-a-tierra-de-camiones-tes01-v2-ex-ip\/","title":{"rendered":"Truck Earthing System TES01-V2 (IP) (EX)"},"content":{"rendered":"<div id=\"shortcode_container_tabs\" class=\"shortcode_container_tabs\"><div id=\"container_tabs_title\" class=\"container_tabs_title\"><\/div>\n<p class=\"container_tabs_title_mobile\">Technical data<\/p><div class=\"container_tabs_content\">\n<div id=\"content_table\" class=\"content_table\">\n<table>\n<tbody>\n<tr style=\"height: 21px;\">\n<td style=\"text-align: left; height: 21px;\">Power supply<\/td>\n<td style=\"text-align: left; height: 21px;\">100-240 V CA, 50\/60 Hz, calibraci\u00f3n autom\u00e1tica o 24 V CC<\/td>\n<\/tr>\n<tr style=\"height: 21px;\">\n<td style=\"text-align: left; height: 21px;\">Consumption<\/td>\n<td style=\"text-align: left; height: 21px;\">20 w<\/td>\n<\/tr>\n<tr style=\"height: 21px;\">\n<td style=\"text-align: left; height: 21px;\">Operating temperature and<br \/>\nhumidity limits<\/td>\n<td style=\"text-align: left; height: 21px;\">\u00a0-30 +54\u00baC<\/td>\n<\/tr>\n<\/tbody>\n<\/table>\n<\/div>\n<\/div>\n<p class=\"container_tabs_title_mobile\">Systems<\/p><div class=\"container_tabs_content\">\n<div id=\"content_table\" class=\"content_table\">\n<table style=\"width: 696px;\">\n<thead id=\"content_table_head\">\n<tr style=\"height: 64px;\">\n<th class=\"content_table_column\" style=\"height: 64px; width: 174.667px;\"><\/th>\n<th class=\"content_table_column\" style=\"height: 64px; width: 222.333px;\">TES-01 EX<\/th>\n<th class=\"content_table_column\" style=\"height: 64px; width: 207px;\">TES-01 IP<\/th>\n<\/tr>\n<tr style=\"height: 64px;\">\n<th class=\"content_table_column\" style=\"height: 64px; width: 174.667px;\"><\/th>\n<th class=\"content_table_column\" style=\"height: 64px; width: 222.333px;\">TES-01 EX<\/th>\n<th class=\"content_table_column\" style=\"height: 64px; width: 207px;\">TES-01 IP<\/th>\n<\/tr>\n<\/thead>\n<tbody>\n<tr style=\"height: 21px;\">\n<td style=\"text-align: left; height: 21px; width: 174.667px;\">Housing<\/td>\n<td style=\"text-align: left; height: 21px; width: 222.333px;\">Gery coloured cast aluminium explosion proof, copper free<\/td>\n<td style=\"text-align: left; height: 21px; width: 207px;\">Mild steel painted with aluminium front plate<\/td>\n<\/tr>\n<tr style=\"height: 21px;\">\n<td style=\"text-align: left; height: 21px; width: 174.667px;\">Dimensions (l,w,h)<\/td>\n<td style=\"text-align: left; height: 21px; width: 222.333px;\">265x230x150 mm<\/td>\n<td style=\"text-align: left; height: 21px; width: 207px;\">300x200x155 mm<\/td>\n<\/tr>\n<tr style=\"height: 37px;\">\n<td style=\"text-align: left; height: 37px; width: 174.667px;\">Mass<\/td>\n<td style=\"height: 37px; width: 222.333px; text-align: left;\">10 kg<\/td>\n<td style=\"height: 37px; width: 207px;\">\n<p style=\"text-align: left;\">5 kg<\/p>\n<\/td>\n<\/tr>\n<tr style=\"height: 9px;\">\n<td style=\"text-align: left; height: 9px; width: 174.667px;\">Conections<\/td>\n<td style=\"height: 9px; width: 222.333px; text-align: left;\">4 x M20 x 1,5 mm<\/td>\n<td style=\"height: 9px; width: 207px;\">\n<p style=\"text-align: left;\">3\u00a0 x M20 cable glands, clamping range 5-10 mm<\/p>\n<\/td>\n<\/tr>\n<tr style=\"height: 21px;\">\n<td style=\"text-align: left; height: 21px; width: 174.667px;\">Bypass<\/td>\n<td style=\"text-align: left; height: 21px; width: 222.333px;\">Optional via separate key switch<\/td>\n<td style=\"text-align: left; height: 21px; width: 207px;\">Integrated<\/td>\n<\/tr>\n<tr style=\"height: 21px;\">\n<td style=\"text-align: left; height: 21px; width: 174.667px;\">ATEX Information<\/td>\n<td style=\"text-align: left; height: 21px; width: 222.333px;\">Approved for use in zones 1, 2, 21 and 22<\/td>\n<td style=\"text-align: left; height: 21px; width: 207px;\">Approved for use in zones 21 and 22<\/td>\n<\/tr>\n<tr style=\"height: 21px;\">\n<td style=\"text-align: left; height: 21px; width: 174.667px;\"><\/td>\n<td style=\"text-align: left; height: 21px; width: 222.333px;\"><\/td>\n<td style=\"text-align: left; height: 21px; width: 207px;\"><\/td>\n<\/tr>\n<\/tbody>\n<\/table>\n<\/div>\n<\/div>\n<p class=\"container_tabs_title_mobile\">Accessories<\/p><div class=\"container_tabs_content\">\n<h3><strong>Earth clamps<\/strong><\/h3>\n<p><section class=\"shortcode_columns columns_3\">\n<div class=\"column\">\n<p><img decoding=\"async\" class=\"aligncenter\" src=\"https:\/\/adixatex.com\/wp-content\/uploads\/2021\/02\/pinza2.jpg\" \/><\/p>\n<p><strong>Earth clamp CL 1\u00a0<\/strong><\/p>\n<p>Material: Aluminium<br \/>\nFormat: 260 mm<br \/>\nJaw opening: 3 to 15 mm<br \/>\nAccessories: Male connector, mounted<br \/>\nUsage: Industrial environment, heavy duty use<\/p>\n<\/div>\n\n<div class=\"column\">\n<p><img decoding=\"async\" class=\"aligncenter\" src=\"https:\/\/adixatex.com\/wp-content\/uploads\/2021\/02\/pinza1.jpg\" \/><\/p>\n<p><strong>Grounding clamp CM 1\u00a0<\/strong><\/p>\n<p>Material: Stainless steel 304<br \/>\nFormat: 210 mm<br \/>\nJaw opening: 3 to 35 mm<br \/>\nAccessories: Male connector, mounted<br \/>\nUsage: Industrial environment, regular use<\/p>\n<\/div>\n\n<div class=\"column\">\n<img decoding=\"async\" class=\"aligncenter\" src=\"https:\/\/adixatex.com\/wp-content\/uploads\/2021\/02\/pinza1.jpg\" \/>\n<p><strong>Grounding clamp CS 1\u00a0<\/strong><\/p>\n<p>Material: Stainless steel 304<br \/>\nFormat: 162 mm<br \/>\nJaw opening: 3 to 35 mm<br \/>\nAccessories: Male connector, mounted<br \/>\nUse: Industrial environment, occasional use<\/p>\n<\/div>\n<\/section>\n<\/p>\n<h3><strong>Cables<\/strong><\/h3>\n<p><section class=\"shortcode_columns columns_2\">\n<div class=\"column\">\n<p><img decoding=\"async\" class=\"aligncenter\" src=\"https:\/\/adixatex.com\/wp-content\/uploads\/2021\/02\/cable2.jpg\" \/><\/p>\n<p><strong>Spiral cable SP 1\/10\u00a0<\/strong><\/p>\n<p>Material: TPE-E with UV-resistant, flame-retardant plastic sheath RAL 5015<br \/>\nCable: 8 mm, 3 x 0.75 mm2<br \/>\nLength: Up to 10 m unwound; approx. 1 m wound up<br \/>\nAccessories: Socket, mounted<\/p>\n<\/div>\n\n<div class=\"column\">\n<p><img decoding=\"async\" class=\"aligncenter\" src=\"https:\/\/adixatex.com\/wp-content\/uploads\/2021\/02\/cable1.jpg\" \/><\/p>\n<p><strong>Cable reel CR 1\/65<br \/>\n<\/strong><\/p>\n<p>Material: Aluminium sheath<br \/>\nProtection class: IP 65<br \/>\nMass 12 kg<br \/>\nAccessories: Socket, mounted\n<\/p>\n<\/div>\n<\/section>\n<\/p>\n<\/div>\n<p class=\"container_tabs_title_mobile\">Downloads<\/p><div class=\"container_tabs_content\">\n<p><section class=\"shortcode_columns columns_3\">\n<div class=\"column\">\n<p><strong>Data Sheet PDF Novex English\u00a0<\/strong><\/p>\n<p><a href=\"https:\/\/adixatex.com\/wp-content\/uploads\/2021\/02\/stuvex.jpg\"><img decoding=\"async\" class=\"aligncenter\" src=\"https:\/\/adixatex.com\/wp-content\/uploads\/2021\/02\/stuvex.jpg\" width=\"302\" height=\"148\" \/><\/a><\/p>\n<ul>\n<li><a class=\"link_view_pdf\" href=\"https:\/\/adixatex.com\/wp-content\/uploads\/2021\/02\/TDS_TES01_EN_compressed.pdf\" target=\"_blank\" rel=\"noopener noreferrer\">Donwload TDS_TES01 (PDF)<\/a><\/li>\n<li><a href=\"https:\/\/adixatex.com\/wp-content\/uploads\/2021\/02\/GDS_TES-IPEX_SI_EN_compressed.pdf\">Download\u00a0 GDS_TES (IP)<\/a><\/li>\n<\/ul>\n<\/div>\n\n<div class=\"column\">\n<p><strong>Ficha t\u00e9cnica PDF Novex Espa\u00f1ol<\/strong><\/p>\n<p><a href=\"https:\/\/adixatex.com\/wp-content\/uploads\/2021\/02\/stuvex.jpg\"><img decoding=\"async\" class=\"aligncenter\" src=\"https:\/\/adixatex.com\/wp-content\/uploads\/2021\/02\/stuvex.jpg\" width=\"302\" height=\"148\" \/><\/a><\/p>\n<ul>\n<li><a class=\"link_view_pdf\" href=\"https:\/\/adixatex.com\/wp-content\/uploads\/2021\/02\/TDS_TES01_ES_Compressed.pdf\" target=\"_blank\" rel=\"noopener noreferrer\">Descargar ficha TDS_TES01 (PDF)<\/a><\/li>\n<li><a href=\"https:\/\/adixatex.com\/wp-content\/uploads\/2021\/02\/GDS_TESIPEX_SI_ES_compressed.pdf\">Descargar Ficha\u00a0 GDS_TES (IP)<\/a><\/li>\n<\/ul>\n<\/div>\n\n<div class=\"column\">\n<p><strong>Ficha t\u00e9cnica PDF &#8211; German<\/strong><\/p>\n<p>&nbsp;<\/p>\n<\/div>\n<\/section>\n<\/p>\n<\/div>\n<\/div>\n","protected":false},"excerpt":{"rendered":"<p>A TES-01 truck earthing systems consists of a clamp, cable and control unit. When connecting the earthing clamp to the truck, the TES-01 V2 will check if a low electrical resistance connection is established between the truck, clamp, cable and TES-01 V2 control unit, then will check for the presence of a truck through a capacitive measurement. When both the resistance and capacitance are within a safe range, the loading or unloading process is allowed to start. The electrical resistance is continuously monitored throughout the (un)loading process. Interlock contacts are provided to link the TES-01 V2 to process equipment or PLCs providing for safe loading or unloading processes.<\/p>\n","protected":false},"featured_media":14044,"comment_status":"open","ping_status":"closed","template":"","meta":[],"product_brand":[],"product_cat":[2017],"product_tag":[],"class_list":{"0":"post-14042","1":"product","2":"type-product","3":"status-publish","4":"has-post-thumbnail","6":"product_cat-prevention-en-id","8":"first","9":"instock","10":"shipping-taxable","11":"product-type-simple"},"yoast_head":"<!-- This site is optimized with the Yoast SEO plugin v24.4 - https:\/\/yoast.com\/wordpress\/plugins\/seo\/ -->\n<title>Truck Earthing System TES01-V2 (IP) (EX) - Adixatex<\/title>\n<meta name=\"robots\" content=\"noindex, follow, max-snippet:-1, max-image-preview:large, max-video-preview:-1\" \/>\n<meta property=\"og:locale\" content=\"en_US\" \/>\n<meta property=\"og:type\" content=\"article\" \/>\n<meta property=\"og:title\" content=\"Truck Earthing System TES01-V2 (IP) (EX) - Adixatex\" \/>\n<meta property=\"og:description\" content=\"A TES-01 truck earthing systems consists of a clamp, cable and control unit. When connecting the earthing clamp to the truck, the TES-01 V2 will check if a low electrical resistance connection is established between the truck, clamp, cable and TES-01 V2 control unit, then will check for the presence of a truck through a capacitive measurement. When both the resistance and capacitance are within a safe range, the loading or unloading process is allowed to start. The electrical resistance is continuously monitored throughout the (un)loading process. Interlock contacts are provided to link the TES-01 V2 to process equipment or PLCs providing for safe loading or unloading processes.\" \/>\n<meta property=\"og:url\" content=\"https:\/\/www2.adixatex.com\/pr\/sistema-de-conexion-a-tierra-de-camiones-tes01-v2-ex-ip\/\" \/>\n<meta property=\"og:site_name\" content=\"Adixatex\" \/>\n<meta property=\"og:image\" content=\"https:\/\/www2.adixatex.com\/wp-content\/uploads\/2020\/11\/Sistema-de-conexion-a-tierra-de-camiones.jpg\" \/>\n\t<meta property=\"og:image:width\" content=\"1000\" \/>\n\t<meta property=\"og:image:height\" content=\"1000\" \/>\n\t<meta property=\"og:image:type\" content=\"image\/jpeg\" \/>\n<meta name=\"twitter:card\" content=\"summary_large_image\" \/>\n<meta name=\"twitter:site\" content=\"@adixprotection\" \/>\n<meta name=\"twitter:label1\" content=\"Est. reading time\" \/>\n\t<meta name=\"twitter:data1\" content=\"3 minutes\" \/>\n<script type=\"application\/ld+json\" class=\"yoast-schema-graph\">{\"@context\":\"https:\/\/schema.org\",\"@graph\":[{\"@type\":\"WebPage\",\"@id\":\"https:\/\/www2.adixatex.com\/pr\/sistema-de-conexion-a-tierra-de-camiones-tes01-v2-ex-ip\/\",\"url\":\"https:\/\/www2.adixatex.com\/pr\/sistema-de-conexion-a-tierra-de-camiones-tes01-v2-ex-ip\/\",\"name\":\"Truck Earthing System TES01-V2 (IP) (EX) - Adixatex\",\"isPartOf\":{\"@id\":\"https:\/\/www2.adixatex.com\/#website\"},\"primaryImageOfPage\":{\"@id\":\"https:\/\/www2.adixatex.com\/pr\/sistema-de-conexion-a-tierra-de-camiones-tes01-v2-ex-ip\/#primaryimage\"},\"image\":{\"@id\":\"https:\/\/www2.adixatex.com\/pr\/sistema-de-conexion-a-tierra-de-camiones-tes01-v2-ex-ip\/#primaryimage\"},\"thumbnailUrl\":\"https:\/\/www2.adixatex.com\/wp-content\/uploads\/2020\/11\/Sistema-de-conexion-a-tierra-de-camiones.jpg\",\"datePublished\":\"2020-11-13T10:05:54+00:00\",\"breadcrumb\":{\"@id\":\"https:\/\/www2.adixatex.com\/pr\/sistema-de-conexion-a-tierra-de-camiones-tes01-v2-ex-ip\/#breadcrumb\"},\"inLanguage\":\"en-ID\",\"potentialAction\":[{\"@type\":\"ReadAction\",\"target\":[\"https:\/\/www2.adixatex.com\/pr\/sistema-de-conexion-a-tierra-de-camiones-tes01-v2-ex-ip\/\"]}]},{\"@type\":\"ImageObject\",\"inLanguage\":\"en-ID\",\"@id\":\"https:\/\/www2.adixatex.com\/pr\/sistema-de-conexion-a-tierra-de-camiones-tes01-v2-ex-ip\/#primaryimage\",\"url\":\"https:\/\/www2.adixatex.com\/wp-content\/uploads\/2020\/11\/Sistema-de-conexion-a-tierra-de-camiones.jpg\",\"contentUrl\":\"https:\/\/www2.adixatex.com\/wp-content\/uploads\/2020\/11\/Sistema-de-conexion-a-tierra-de-camiones.jpg\",\"width\":1000,\"height\":1000},{\"@type\":\"BreadcrumbList\",\"@id\":\"https:\/\/www2.adixatex.com\/pr\/sistema-de-conexion-a-tierra-de-camiones-tes01-v2-ex-ip\/#breadcrumb\",\"itemListElement\":[{\"@type\":\"ListItem\",\"position\":1,\"name\":\"Home\",\"item\":\"https:\/\/www2.adixatex.com\/\"},{\"@type\":\"ListItem\",\"position\":2,\"name\":\"Shop\",\"item\":\"https:\/\/www2.adixatex.com\/productos\/\"},{\"@type\":\"ListItem\",\"position\":3,\"name\":\"Truck Earthing System TES01-V2 (IP) (EX)\"}]},{\"@type\":\"WebSite\",\"@id\":\"https:\/\/www2.adixatex.com\/#website\",\"url\":\"https:\/\/www2.adixatex.com\/\",\"name\":\"Adixatex\",\"description\":\"Prevenci\u00f3n y protecci\u00f3n de atm\u00f3sferas explosivas\",\"inLanguage\":\"en-ID\"}]}<\/script>\n<!-- \/ Yoast SEO plugin. -->","yoast_head_json":{"title":"Truck Earthing System TES01-V2 (IP) (EX) - Adixatex","robots":{"index":"noindex","follow":"follow","max-snippet":"max-snippet:-1","max-image-preview":"max-image-preview:large","max-video-preview":"max-video-preview:-1"},"og_locale":"en_US","og_type":"article","og_title":"Truck Earthing System TES01-V2 (IP) (EX) - Adixatex","og_description":"A TES-01 truck earthing systems consists of a clamp, cable and control unit. When connecting the earthing clamp to the truck, the TES-01 V2 will check if a low electrical resistance connection is established between the truck, clamp, cable and TES-01 V2 control unit, then will check for the presence of a truck through a capacitive measurement. When both the resistance and capacitance are within a safe range, the loading or unloading process is allowed to start. The electrical resistance is continuously monitored throughout the (un)loading process. Interlock contacts are provided to link the TES-01 V2 to process equipment or PLCs providing for safe loading or unloading processes.","og_url":"https:\/\/www2.adixatex.com\/pr\/sistema-de-conexion-a-tierra-de-camiones-tes01-v2-ex-ip\/","og_site_name":"Adixatex","og_image":[{"width":1000,"height":1000,"url":"https:\/\/www2.adixatex.com\/wp-content\/uploads\/2020\/11\/Sistema-de-conexion-a-tierra-de-camiones.jpg","type":"image\/jpeg"}],"twitter_card":"summary_large_image","twitter_site":"@adixprotection","twitter_misc":{"Est. reading time":"3 minutes"},"schema":{"@context":"https:\/\/schema.org","@graph":[{"@type":"WebPage","@id":"https:\/\/www2.adixatex.com\/pr\/sistema-de-conexion-a-tierra-de-camiones-tes01-v2-ex-ip\/","url":"https:\/\/www2.adixatex.com\/pr\/sistema-de-conexion-a-tierra-de-camiones-tes01-v2-ex-ip\/","name":"Truck Earthing System TES01-V2 (IP) (EX) - Adixatex","isPartOf":{"@id":"https:\/\/www2.adixatex.com\/#website"},"primaryImageOfPage":{"@id":"https:\/\/www2.adixatex.com\/pr\/sistema-de-conexion-a-tierra-de-camiones-tes01-v2-ex-ip\/#primaryimage"},"image":{"@id":"https:\/\/www2.adixatex.com\/pr\/sistema-de-conexion-a-tierra-de-camiones-tes01-v2-ex-ip\/#primaryimage"},"thumbnailUrl":"https:\/\/www2.adixatex.com\/wp-content\/uploads\/2020\/11\/Sistema-de-conexion-a-tierra-de-camiones.jpg","datePublished":"2020-11-13T10:05:54+00:00","breadcrumb":{"@id":"https:\/\/www2.adixatex.com\/pr\/sistema-de-conexion-a-tierra-de-camiones-tes01-v2-ex-ip\/#breadcrumb"},"inLanguage":"en-ID","potentialAction":[{"@type":"ReadAction","target":["https:\/\/www2.adixatex.com\/pr\/sistema-de-conexion-a-tierra-de-camiones-tes01-v2-ex-ip\/"]}]},{"@type":"ImageObject","inLanguage":"en-ID","@id":"https:\/\/www2.adixatex.com\/pr\/sistema-de-conexion-a-tierra-de-camiones-tes01-v2-ex-ip\/#primaryimage","url":"https:\/\/www2.adixatex.com\/wp-content\/uploads\/2020\/11\/Sistema-de-conexion-a-tierra-de-camiones.jpg","contentUrl":"https:\/\/www2.adixatex.com\/wp-content\/uploads\/2020\/11\/Sistema-de-conexion-a-tierra-de-camiones.jpg","width":1000,"height":1000},{"@type":"BreadcrumbList","@id":"https:\/\/www2.adixatex.com\/pr\/sistema-de-conexion-a-tierra-de-camiones-tes01-v2-ex-ip\/#breadcrumb","itemListElement":[{"@type":"ListItem","position":1,"name":"Home","item":"https:\/\/www2.adixatex.com\/"},{"@type":"ListItem","position":2,"name":"Shop","item":"https:\/\/www2.adixatex.com\/productos\/"},{"@type":"ListItem","position":3,"name":"Truck Earthing System TES01-V2 (IP) (EX)"}]},{"@type":"WebSite","@id":"https:\/\/www2.adixatex.com\/#website","url":"https:\/\/www2.adixatex.com\/","name":"Adixatex","description":"Prevenci\u00f3n y protecci\u00f3n de atm\u00f3sferas explosivas","inLanguage":"en-ID"}]}},"_links":{"self":[{"href":"https:\/\/www2.adixatex.com\/en-id\/wp-json\/wp\/v2\/product\/14042","targetHints":{"allow":["GET"]}}],"collection":[{"href":"https:\/\/www2.adixatex.com\/en-id\/wp-json\/wp\/v2\/product"}],"about":[{"href":"https:\/\/www2.adixatex.com\/en-id\/wp-json\/wp\/v2\/types\/product"}],"replies":[{"embeddable":true,"href":"https:\/\/www2.adixatex.com\/en-id\/wp-json\/wp\/v2\/comments?post=14042"}],"version-history":[{"count":0,"href":"https:\/\/www2.adixatex.com\/en-id\/wp-json\/wp\/v2\/product\/14042\/revisions"}],"wp:featuredmedia":[{"embeddable":true,"href":"https:\/\/www2.adixatex.com\/en-id\/wp-json\/wp\/v2\/media\/14044"}],"wp:attachment":[{"href":"https:\/\/www2.adixatex.com\/en-id\/wp-json\/wp\/v2\/media?parent=14042"}],"wp:term":[{"taxonomy":"product_brand","embeddable":true,"href":"https:\/\/www2.adixatex.com\/en-id\/wp-json\/wp\/v2\/product_brand?post=14042"},{"taxonomy":"product_cat","embeddable":true,"href":"https:\/\/www2.adixatex.com\/en-id\/wp-json\/wp\/v2\/product_cat?post=14042"},{"taxonomy":"product_tag","embeddable":true,"href":"https:\/\/www2.adixatex.com\/en-id\/wp-json\/wp\/v2\/product_tag?post=14042"}],"curies":[{"name":"wp","href":"https:\/\/api.w.org\/{rel}","templated":true}]}}