{"id":14045,"date":"2020-11-13T11:05:22","date_gmt":"2020-11-13T10:05:22","guid":{"rendered":"https:\/\/adixatex.com\/product\/deteccion-y-apagado-de-chispas\/"},"modified":"2020-11-13T11:05:22","modified_gmt":"2020-11-13T10:05:22","slug":"deteccion-y-apagado-de-chispas","status":"publish","type":"product","link":"https:\/\/www2.adixatex.com\/en-id\/product\/deteccion-y-apagado-de-chispas\/","title":{"rendered":"Spark Estinguishing Systems"},"content":{"rendered":"<div id=\"shortcode_container_tabs\" class=\"shortcode_container_tabs\"><div id=\"container_tabs_title\" class=\"container_tabs_title\"><\/div>\n<p class=\"container_tabs_title_mobile\">Tecnical Features<\/p><div class=\"container_tabs_content\">\n<div id=\"content_table\" class=\"content_table\">\n<table>\n<tbody>\n<tr>\n<td style=\"text-align: left;\">Spark counter<\/td>\n<td style=\"text-align: left;\">Adjustable thresholds from 1 to 999 sparks per time unit<\/td>\n<\/tr>\n<tr>\n<td style=\"text-align: left;\">Register memory<\/td>\n<td style=\"text-align: left;\">\u00a0Up to 2,500 events<\/td>\n<\/tr>\n<tr>\n<td style=\"text-align: left;\">Link<\/td>\n<td style=\"text-align: left;\">Up to 4 spark detectors per line<\/td>\n<\/tr>\n<tr>\n<td style=\"text-align: left;\">Battery life<\/td>\n<td style=\"text-align: left;\">4 hrs<\/td>\n<\/tr>\n<tr>\n<td>Individual evaluation and visualization of each spark detector<\/td>\n<td><\/td>\n<\/tr>\n<tr>\n<td style=\"text-align: left;\">Programmable relay output<\/td>\n<td><\/td>\n<\/tr>\n<tr>\n<td style=\"text-align: left;\">Mark \/ Certificate<\/td>\n<td style=\"text-align: left;\">ATEX<\/td>\n<\/tr>\n<\/tbody>\n<\/table>\n<\/div>\n<div id=\"content_table\" class=\"content_table\"><\/div>\n<\/div>\n<p class=\"container_tabs_title_mobile\">Accesories<\/p><div class=\"container_tabs_content\">\n<p><h3 class=\"container_tabs_title_inside\">Sistema de Elevaci\u00f3n de Presi\u00f3n<\/h3><div class=\"container_tabs_content_inside\"><\/div><\/p>\n<p><h3 class=\"container_tabs_title_inside\">Unidad de auto-limpieza<\/h3><div class=\"container_tabs_content_inside\"><\/div><\/p>\n<\/div>\n<p class=\"container_tabs_title_mobile\">Downloads<\/p><div class=\"container_tabs_content\">\n<p><a href=\"https:\/\/adixatex.com\/wp-content\/uploads\/2020\/11\/TyB_Spark-extinguishing-systems.pdf\">Data sheet (PDF)<\/a><\/p>\n<\/div>\n<\/div>\n","protected":false},"excerpt":{"rendered":"<p>Sparks in pneumatic and mechanic conveyor systems can lead to fires and<strong> filter explosions.<\/strong> Sparks are usually caused by processing machines. This can result in <strong>loss of production, serious damage to property and danger to human life.<\/strong> In order to eliminate such risks, pneumatic and mechanical conveyor systems have to be monitored for sparks, and protected by spark estinguishing systems.<\/p>\n","protected":false},"featured_media":14047,"comment_status":"open","ping_status":"closed","template":"","meta":[],"product_brand":[],"product_cat":[2017],"product_tag":[],"class_list":{"0":"post-14045","1":"product","2":"type-product","3":"status-publish","4":"has-post-thumbnail","6":"product_cat-prevention-en-id","8":"first","9":"instock","10":"shipping-taxable","11":"product-type-simple"},"yoast_head":"<!-- This site is optimized with the Yoast SEO plugin v24.4 - https:\/\/yoast.com\/wordpress\/plugins\/seo\/ -->\n<title>Spark Estinguishing Systems - Adixatex<\/title>\n<meta name=\"robots\" content=\"noindex, follow, max-snippet:-1, max-image-preview:large, max-video-preview:-1\" \/>\n<meta property=\"og:locale\" content=\"en_US\" \/>\n<meta property=\"og:type\" content=\"article\" \/>\n<meta property=\"og:title\" content=\"Spark Estinguishing Systems - Adixatex\" \/>\n<meta property=\"og:description\" content=\"Sparks in pneumatic and mechanic conveyor systems can lead to fires and filter explosions. Sparks are usually caused by processing machines. This can result in loss of production, serious damage to property and danger to human life. In order to eliminate such risks, pneumatic and mechanical conveyor systems have to be monitored for sparks, and protected by spark estinguishing systems.\" \/>\n<meta property=\"og:url\" content=\"https:\/\/www2.adixatex.com\/pr\/deteccion-y-apagado-de-chispas\/\" \/>\n<meta property=\"og:site_name\" content=\"Adixatex\" \/>\n<meta property=\"og:image\" content=\"https:\/\/www2.adixatex.com\/wp-content\/uploads\/2020\/10\/Instalacion-Deteccion-chispas-2.png\" \/>\n\t<meta property=\"og:image:width\" content=\"1200\" \/>\n\t<meta property=\"og:image:height\" content=\"847\" \/>\n\t<meta property=\"og:image:type\" content=\"image\/png\" \/>\n<meta name=\"twitter:card\" content=\"summary_large_image\" \/>\n<meta name=\"twitter:site\" content=\"@adixprotection\" \/>\n<script type=\"application\/ld+json\" class=\"yoast-schema-graph\">{\"@context\":\"https:\/\/schema.org\",\"@graph\":[{\"@type\":\"WebPage\",\"@id\":\"https:\/\/www2.adixatex.com\/pr\/deteccion-y-apagado-de-chispas\/\",\"url\":\"https:\/\/www2.adixatex.com\/pr\/deteccion-y-apagado-de-chispas\/\",\"name\":\"Spark Estinguishing Systems - Adixatex\",\"isPartOf\":{\"@id\":\"https:\/\/www2.adixatex.com\/#website\"},\"primaryImageOfPage\":{\"@id\":\"https:\/\/www2.adixatex.com\/pr\/deteccion-y-apagado-de-chispas\/#primaryimage\"},\"image\":{\"@id\":\"https:\/\/www2.adixatex.com\/pr\/deteccion-y-apagado-de-chispas\/#primaryimage\"},\"thumbnailUrl\":\"https:\/\/www2.adixatex.com\/wp-content\/uploads\/2020\/10\/Instalacion-Deteccion-chispas-2.png\",\"datePublished\":\"2020-11-13T10:05:22+00:00\",\"breadcrumb\":{\"@id\":\"https:\/\/www2.adixatex.com\/pr\/deteccion-y-apagado-de-chispas\/#breadcrumb\"},\"inLanguage\":\"en-ID\",\"potentialAction\":[{\"@type\":\"ReadAction\",\"target\":[\"https:\/\/www2.adixatex.com\/pr\/deteccion-y-apagado-de-chispas\/\"]}]},{\"@type\":\"ImageObject\",\"inLanguage\":\"en-ID\",\"@id\":\"https:\/\/www2.adixatex.com\/pr\/deteccion-y-apagado-de-chispas\/#primaryimage\",\"url\":\"https:\/\/www2.adixatex.com\/wp-content\/uploads\/2020\/10\/Instalacion-Deteccion-chispas-2.png\",\"contentUrl\":\"https:\/\/www2.adixatex.com\/wp-content\/uploads\/2020\/10\/Instalacion-Deteccion-chispas-2.png\",\"width\":1200,\"height\":847},{\"@type\":\"BreadcrumbList\",\"@id\":\"https:\/\/www2.adixatex.com\/pr\/deteccion-y-apagado-de-chispas\/#breadcrumb\",\"itemListElement\":[{\"@type\":\"ListItem\",\"position\":1,\"name\":\"Home\",\"item\":\"https:\/\/www2.adixatex.com\/\"},{\"@type\":\"ListItem\",\"position\":2,\"name\":\"Shop\",\"item\":\"https:\/\/www2.adixatex.com\/productos\/\"},{\"@type\":\"ListItem\",\"position\":3,\"name\":\"Spark Estinguishing Systems\"}]},{\"@type\":\"WebSite\",\"@id\":\"https:\/\/www2.adixatex.com\/#website\",\"url\":\"https:\/\/www2.adixatex.com\/\",\"name\":\"Adixatex\",\"description\":\"Prevenci\u00f3n y protecci\u00f3n de atm\u00f3sferas explosivas\",\"inLanguage\":\"en-ID\"}]}<\/script>\n<!-- \/ Yoast SEO plugin. -->","yoast_head_json":{"title":"Spark Estinguishing Systems - Adixatex","robots":{"index":"noindex","follow":"follow","max-snippet":"max-snippet:-1","max-image-preview":"max-image-preview:large","max-video-preview":"max-video-preview:-1"},"og_locale":"en_US","og_type":"article","og_title":"Spark Estinguishing Systems - Adixatex","og_description":"Sparks in pneumatic and mechanic conveyor systems can lead to fires and filter explosions. Sparks are usually caused by processing machines. This can result in loss of production, serious damage to property and danger to human life. In order to eliminate such risks, pneumatic and mechanical conveyor systems have to be monitored for sparks, and protected by spark estinguishing systems.","og_url":"https:\/\/www2.adixatex.com\/pr\/deteccion-y-apagado-de-chispas\/","og_site_name":"Adixatex","og_image":[{"width":1200,"height":847,"url":"https:\/\/www2.adixatex.com\/wp-content\/uploads\/2020\/10\/Instalacion-Deteccion-chispas-2.png","type":"image\/png"}],"twitter_card":"summary_large_image","twitter_site":"@adixprotection","schema":{"@context":"https:\/\/schema.org","@graph":[{"@type":"WebPage","@id":"https:\/\/www2.adixatex.com\/pr\/deteccion-y-apagado-de-chispas\/","url":"https:\/\/www2.adixatex.com\/pr\/deteccion-y-apagado-de-chispas\/","name":"Spark Estinguishing Systems - Adixatex","isPartOf":{"@id":"https:\/\/www2.adixatex.com\/#website"},"primaryImageOfPage":{"@id":"https:\/\/www2.adixatex.com\/pr\/deteccion-y-apagado-de-chispas\/#primaryimage"},"image":{"@id":"https:\/\/www2.adixatex.com\/pr\/deteccion-y-apagado-de-chispas\/#primaryimage"},"thumbnailUrl":"https:\/\/www2.adixatex.com\/wp-content\/uploads\/2020\/10\/Instalacion-Deteccion-chispas-2.png","datePublished":"2020-11-13T10:05:22+00:00","breadcrumb":{"@id":"https:\/\/www2.adixatex.com\/pr\/deteccion-y-apagado-de-chispas\/#breadcrumb"},"inLanguage":"en-ID","potentialAction":[{"@type":"ReadAction","target":["https:\/\/www2.adixatex.com\/pr\/deteccion-y-apagado-de-chispas\/"]}]},{"@type":"ImageObject","inLanguage":"en-ID","@id":"https:\/\/www2.adixatex.com\/pr\/deteccion-y-apagado-de-chispas\/#primaryimage","url":"https:\/\/www2.adixatex.com\/wp-content\/uploads\/2020\/10\/Instalacion-Deteccion-chispas-2.png","contentUrl":"https:\/\/www2.adixatex.com\/wp-content\/uploads\/2020\/10\/Instalacion-Deteccion-chispas-2.png","width":1200,"height":847},{"@type":"BreadcrumbList","@id":"https:\/\/www2.adixatex.com\/pr\/deteccion-y-apagado-de-chispas\/#breadcrumb","itemListElement":[{"@type":"ListItem","position":1,"name":"Home","item":"https:\/\/www2.adixatex.com\/"},{"@type":"ListItem","position":2,"name":"Shop","item":"https:\/\/www2.adixatex.com\/productos\/"},{"@type":"ListItem","position":3,"name":"Spark Estinguishing Systems"}]},{"@type":"WebSite","@id":"https:\/\/www2.adixatex.com\/#website","url":"https:\/\/www2.adixatex.com\/","name":"Adixatex","description":"Prevenci\u00f3n y protecci\u00f3n de atm\u00f3sferas explosivas","inLanguage":"en-ID"}]}},"_links":{"self":[{"href":"https:\/\/www2.adixatex.com\/en-id\/wp-json\/wp\/v2\/product\/14045","targetHints":{"allow":["GET"]}}],"collection":[{"href":"https:\/\/www2.adixatex.com\/en-id\/wp-json\/wp\/v2\/product"}],"about":[{"href":"https:\/\/www2.adixatex.com\/en-id\/wp-json\/wp\/v2\/types\/product"}],"replies":[{"embeddable":true,"href":"https:\/\/www2.adixatex.com\/en-id\/wp-json\/wp\/v2\/comments?post=14045"}],"version-history":[{"count":0,"href":"https:\/\/www2.adixatex.com\/en-id\/wp-json\/wp\/v2\/product\/14045\/revisions"}],"wp:featuredmedia":[{"embeddable":true,"href":"https:\/\/www2.adixatex.com\/en-id\/wp-json\/wp\/v2\/media\/14047"}],"wp:attachment":[{"href":"https:\/\/www2.adixatex.com\/en-id\/wp-json\/wp\/v2\/media?parent=14045"}],"wp:term":[{"taxonomy":"product_brand","embeddable":true,"href":"https:\/\/www2.adixatex.com\/en-id\/wp-json\/wp\/v2\/product_brand?post=14045"},{"taxonomy":"product_cat","embeddable":true,"href":"https:\/\/www2.adixatex.com\/en-id\/wp-json\/wp\/v2\/product_cat?post=14045"},{"taxonomy":"product_tag","embeddable":true,"href":"https:\/\/www2.adixatex.com\/en-id\/wp-json\/wp\/v2\/product_tag?post=14045"}],"curies":[{"name":"wp","href":"https:\/\/api.w.org\/{rel}","templated":true}]}}