{"id":14108,"date":"2020-10-23T12:37:07","date_gmt":"2020-10-23T12:37:07","guid":{"rendered":"https:\/\/adixatex.com\/expertos-prevencion-y-proteccion-de-atmosferas-explosivas-nuestros-equipos-se-aplican-en-numerosos-sectores-industriales-madera-quimica-alimentacion-farmaceutica-petroquimica-entre-otros\/"},"modified":"2020-10-23T12:37:07","modified_gmt":"2020-10-23T12:37:07","slug":"expertos-prevencion-y-proteccion-de-atmosferas-explosivas-nuestros-equipos-se-aplican-en-numerosos-sectores-industriales-madera-quimica-alimentacion-farmaceutica-petroquimica-entre-otros","status":"publish","type":"page","link":"https:\/\/www2.adixatex.com\/es-mx\/","title":{"rendered":"Prevenci\u00f3n y protecci\u00f3n de Atm\u00f3sferas explosivas"},"content":{"rendered":"","protected":false},"excerpt":{"rendered":"","protected":false},"author":2,"featured_media":0,"parent":0,"menu_order":0,"comment_status":"closed","ping_status":"closed","template":"","meta":{"footnotes":""},"class_list":["post-14108","page","type-page","status-publish","hentry"],"yoast_head":"<!-- This site is optimized with the Yoast SEO plugin v24.4 - https:\/\/yoast.com\/wordpress\/plugins\/seo\/ -->\n<title>Prevenci\u00f3n y protecci\u00f3n de Atm\u00f3sferas explosivas - Adixatex<\/title>\n<meta name=\"description\" content=\"M\u00e1s de 20 a\u00f1os de experiencia en prevenci\u00f3n y protecci\u00f3n de ATm\u00f3sferas EXplosivas. Nuestros equipos se aplican en numerosos sectores industriales: madera, qu\u00edmica, alimentaci\u00f3n, farmac\u00e9utica, petroqu\u00edmica, entre otros.\" \/>\n<meta name=\"robots\" content=\"noindex, follow, max-snippet:-1, max-image-preview:large, max-video-preview:-1\" \/>\n<meta property=\"og:locale\" content=\"es_MX\" \/>\n<meta property=\"og:type\" content=\"article\" \/>\n<meta property=\"og:title\" content=\"Prevenci\u00f3n y protecci\u00f3n de Atm\u00f3sferas explosivas - Adixatex\" \/>\n<meta property=\"og:description\" content=\"M\u00e1s de 20 a\u00f1os de experiencia en prevenci\u00f3n y protecci\u00f3n de ATm\u00f3sferas EXplosivas. Nuestros equipos se aplican en numerosos sectores industriales: madera, qu\u00edmica, alimentaci\u00f3n, farmac\u00e9utica, petroqu\u00edmica, entre otros.\" \/>\n<meta property=\"og:url\" content=\"https:\/\/www2.adixatex.com\/\" \/>\n<meta property=\"og:site_name\" content=\"Adixatex\" \/>\n<meta name=\"twitter:card\" content=\"summary_large_image\" \/>\n<meta name=\"twitter:site\" content=\"@adixprotection\" \/>\n<script type=\"application\/ld+json\" class=\"yoast-schema-graph\">{\"@context\":\"https:\/\/schema.org\",\"@graph\":[{\"@type\":\"WebPage\",\"@id\":\"https:\/\/www2.adixatex.com\/\",\"url\":\"https:\/\/www2.adixatex.com\/\",\"name\":\"Prevenci\u00f3n y protecci\u00f3n de Atm\u00f3sferas explosivas - Adixatex\",\"isPartOf\":{\"@id\":\"https:\/\/www2.adixatex.com\/#website\"},\"datePublished\":\"2020-10-23T12:37:07+00:00\",\"description\":\"M\u00e1s de 20 a\u00f1os de experiencia en prevenci\u00f3n y protecci\u00f3n de ATm\u00f3sferas EXplosivas. Nuestros equipos se aplican en numerosos sectores industriales: madera, qu\u00edmica, alimentaci\u00f3n, farmac\u00e9utica, petroqu\u00edmica, entre otros.\",\"breadcrumb\":{\"@id\":\"https:\/\/www2.adixatex.com\/#breadcrumb\"},\"inLanguage\":\"es\",\"potentialAction\":[{\"@type\":\"ReadAction\",\"target\":[\"https:\/\/www2.adixatex.com\/\"]}]},{\"@type\":\"BreadcrumbList\",\"@id\":\"https:\/\/www2.adixatex.com\/#breadcrumb\",\"itemListElement\":[{\"@type\":\"ListItem\",\"position\":1,\"name\":\"Inicio\",\"item\":\"https:\/\/www2.adixatex.com\/\"},{\"@type\":\"ListItem\",\"position\":2,\"name\":\"Prevenci\u00f3n y protecci\u00f3n de Atm\u00f3sferas explosivas\"}]},{\"@type\":\"WebSite\",\"@id\":\"https:\/\/www2.adixatex.com\/#website\",\"url\":\"https:\/\/www2.adixatex.com\/\",\"name\":\"Adixatex\",\"description\":\"Prevenci\u00f3n y protecci\u00f3n de atm\u00f3sferas explosivas\",\"inLanguage\":\"es\"}]}<\/script>\n<!-- \/ Yoast SEO plugin. -->","yoast_head_json":{"title":"Prevenci\u00f3n y protecci\u00f3n de Atm\u00f3sferas explosivas - Adixatex","description":"M\u00e1s de 20 a\u00f1os de experiencia en prevenci\u00f3n y protecci\u00f3n de ATm\u00f3sferas EXplosivas. Nuestros equipos se aplican en numerosos sectores industriales: madera, qu\u00edmica, alimentaci\u00f3n, farmac\u00e9utica, petroqu\u00edmica, entre otros.","robots":{"index":"noindex","follow":"follow","max-snippet":"max-snippet:-1","max-image-preview":"max-image-preview:large","max-video-preview":"max-video-preview:-1"},"og_locale":"es_MX","og_type":"article","og_title":"Prevenci\u00f3n y protecci\u00f3n de Atm\u00f3sferas explosivas - Adixatex","og_description":"M\u00e1s de 20 a\u00f1os de experiencia en prevenci\u00f3n y protecci\u00f3n de ATm\u00f3sferas EXplosivas. Nuestros equipos se aplican en numerosos sectores industriales: madera, qu\u00edmica, alimentaci\u00f3n, farmac\u00e9utica, petroqu\u00edmica, entre otros.","og_url":"https:\/\/www2.adixatex.com\/","og_site_name":"Adixatex","twitter_card":"summary_large_image","twitter_site":"@adixprotection","schema":{"@context":"https:\/\/schema.org","@graph":[{"@type":"WebPage","@id":"https:\/\/www2.adixatex.com\/","url":"https:\/\/www2.adixatex.com\/","name":"Prevenci\u00f3n y protecci\u00f3n de Atm\u00f3sferas explosivas - Adixatex","isPartOf":{"@id":"https:\/\/www2.adixatex.com\/#website"},"datePublished":"2020-10-23T12:37:07+00:00","description":"M\u00e1s de 20 a\u00f1os de experiencia en prevenci\u00f3n y protecci\u00f3n de ATm\u00f3sferas EXplosivas. Nuestros equipos se aplican en numerosos sectores industriales: madera, qu\u00edmica, alimentaci\u00f3n, farmac\u00e9utica, petroqu\u00edmica, entre otros.","breadcrumb":{"@id":"https:\/\/www2.adixatex.com\/#breadcrumb"},"inLanguage":"es","potentialAction":[{"@type":"ReadAction","target":["https:\/\/www2.adixatex.com\/"]}]},{"@type":"BreadcrumbList","@id":"https:\/\/www2.adixatex.com\/#breadcrumb","itemListElement":[{"@type":"ListItem","position":1,"name":"Inicio","item":"https:\/\/www2.adixatex.com\/"},{"@type":"ListItem","position":2,"name":"Prevenci\u00f3n y protecci\u00f3n de Atm\u00f3sferas explosivas"}]},{"@type":"WebSite","@id":"https:\/\/www2.adixatex.com\/#website","url":"https:\/\/www2.adixatex.com\/","name":"Adixatex","description":"Prevenci\u00f3n y protecci\u00f3n de atm\u00f3sferas explosivas","inLanguage":"es"}]}},"_links":{"self":[{"href":"https:\/\/www2.adixatex.com\/es-mx\/wp-json\/wp\/v2\/pages\/14108","targetHints":{"allow":["GET"]}}],"collection":[{"href":"https:\/\/www2.adixatex.com\/es-mx\/wp-json\/wp\/v2\/pages"}],"about":[{"href":"https:\/\/www2.adixatex.com\/es-mx\/wp-json\/wp\/v2\/types\/page"}],"author":[{"embeddable":true,"href":"https:\/\/www2.adixatex.com\/es-mx\/wp-json\/wp\/v2\/users\/2"}],"replies":[{"embeddable":true,"href":"https:\/\/www2.adixatex.com\/es-mx\/wp-json\/wp\/v2\/comments?post=14108"}],"version-history":[{"count":0,"href":"https:\/\/www2.adixatex.com\/es-mx\/wp-json\/wp\/v2\/pages\/14108\/revisions"}],"wp:attachment":[{"href":"https:\/\/www2.adixatex.com\/es-mx\/wp-json\/wp\/v2\/media?parent=14108"}],"curies":[{"name":"wp","href":"https:\/\/api.w.org\/{rel}","templated":true}]}}