{"id":14413,"date":"2024-07-23T09:54:07","date_gmt":"2024-07-23T07:54:07","guid":{"rendered":"https:\/\/adixatex.com\/politica-de-gestion-integrada\/"},"modified":"2024-07-23T09:54:07","modified_gmt":"2024-07-23T07:54:07","slug":"politica-de-gestion-integrada","status":"publish","type":"page","link":"https:\/\/www2.adixatex.com\/es-mx\/politica-de-gestion-integrada\/","title":{"rendered":"Pol\u00edtica de Gesti\u00f3n Integrada"},"content":{"rendered":"<p><strong>Anexo I &#8211; MGI &#8211; POL\u00cdTICA DE <\/strong><strong>GESTI\u00d3N INTEGRADA<\/strong><\/p>\n<p>La misi\u00f3n y objetivo prioritario de Adix Ingenier\u00eda S.L.es la plena satisfacci\u00f3n de nuestros clientes junto con el cumplimiento de requisitos legales y reglamentarios. Para ello, Adix Ingenier\u00eda S.L. acepta el compromiso de ofrecer la mayor calidad y el mejor servicio en sus productos, de forma que todos nuestros clientes cuenten con una empresa a su disposici\u00f3n para ofrecerles soluciones serias y responsables.<\/p>\n<p>El alcance fijado para esta gesti\u00f3n es: DISE\u00d1O INGENIERIA Y FABRICACION DE EQUIPOS CONTRA EXPLOSIONES.<\/p>\n<p>Para ello, el sistema tiene como objetivos:<\/p>\n<p>Aseguramiento de la calidad de los servicios ofertados, conforme a las Normas Internacionales ISO 9001, 45001 y EN ISO\/IEC 80079-34, IEC Ex<\/p>\n<p>Cumplimiento de los requisitos ofertados a los clientes, consolidando la confianza en ADIX INGENIER\u00cdA S.L.<\/p>\n<p>Se incluye un compromiso de prevenci\u00f3n de da\u00f1os y deterioro de la salud y de Mejora continua de la gesti\u00f3n integrada y del desempe\u00f1o del mismo. (requisitos dictados en la Dir. 2014\/34\/EU \u201cAparatos y sistemas de protecci\u00f3n para uso en atm\u00f3sferas potencialmente explosivas\u201d, requisitos dictados en la Dir.99\/92CE \u201cRequisitos m\u00ednimos para mejorar la seguridad y protecci\u00f3n de la salud de trabajadores con riesgo potencial por explosi\u00f3n\u201d)<\/p>\n<p>Gesti\u00f3n y control eficaz de los servicios.<\/p>\n<p>Mejora continua de los servicios y atenci\u00f3n al cliente.<\/p>\n<p>Asignaci\u00f3n eficaz de funciones y responsabilidades.<\/p>\n<p>Se establecen objetivos documentales y cuantificables que son elaborados y revisados peri\u00f3dicamente por parte de la Direcci\u00f3n.<\/p>\n<p>Esta pol\u00edtica es apropiada a la naturaleza y magnitud de los riesgos para la Seguridad y Salud de los trabajadores.<\/p>\n<p>El establecimiento por parte de la Direcci\u00f3n de revisi\u00f3n de objetivos y metas viables para la Organizaci\u00f3n, realizando un seguimiento de los mismos a trav\u00e9s de los indicadores pertinentes y basados en las siguientes l\u00edneas maestras:<\/p>\n<p>Aumentar la seguridad y salud de sus empleados<\/p>\n<p>Basar la rentabilidad y crecimiento de nuestra organizaci\u00f3n en la productividad de su personal.<\/p>\n<p>La mejora continua de nuestros procesos<\/p>\n<p>La protecci\u00f3n de la salud y la seguridad de sus empleados, como principio b\u00e1sico para el desarrollo de nuestra actividad, consiguiendo unos procesos y operaciones seguros tanto para las personas de la Organizaci\u00f3n como para los clientes y sociedad en general, mediante:<\/p>\n<p>Mantenimiento y adecuaci\u00f3n del lugar de trabajo a la normativa vigente en materia de PRL.<\/p>\n<p>La adecuada formaci\u00f3n e informaci\u00f3n del personal en materia de PRL<\/p>\n<p>El establecimiento por parte de la Direcci\u00f3n de revisi\u00f3n de objetivos y metas viables para la Organizaci\u00f3n, realizando un seguimiento de los mismos a trav\u00e9s de los indicadores pertinentes<\/p>\n<p>Realizar el seguimiento y la revisi\u00f3n de la informaci\u00f3n sobre las partes interesadas y sus requisitos. (A trav\u00e9s de las revisiones por la direcci\u00f3n)<\/p>\n<p>Aplicar Planes de Formaci\u00f3n para el personal vinculado a la Organizaci\u00f3n. (A trav\u00e9s de los planes de formaci\u00f3n)<\/p>\n<p>Alcanzar altos niveles de eficacia en la realizaci\u00f3n del producto y servicio que garanticen la satisfacci\u00f3n del cliente y el cumplimiento de lo pactado. (A trav\u00e9s de las encuestas a los clientes). Dise\u00f1o y Desarrollo del producto conforme a la legislaci\u00f3n o reglamentaci\u00f3n para el desarrollo del mismo, bien marcado por las especificaciones t\u00e9cnicas enviadas por el cliente y\/o bien la reglamentaci\u00f3n legal a disposici\u00f3n para dicho producto. (A trav\u00e9s del departamento de Ingenier\u00eda de Dise\u00f1o y Desarrollo).<\/p>\n<p>La pol\u00edtica queda comunicada a todas las personas que trabajan la organizaci\u00f3n a trav\u00e9s de su entrega en las reuniones existentes con el personal y se les hace conscientes de sus obligaciones individuales en materia de SST, para ello se queda le\u00edda y entendida por todos ellos. Adem\u00e1s, queda publicada en la Web de la Organizaci\u00f3n.<\/p>\n<p>La pol\u00edtica est\u00e1 a disposici\u00f3n de las partes interesadas que afectan a la empresa.<\/p>\n<p>Esta pol\u00edtica se comprueba anualmente, durante la realizaci\u00f3n de la revisi\u00f3n por la Direcci\u00f3n, asegurando que sigue siendo pertinente y apropiada para la actividad y alcance.<\/p>\n<p>Aprobado por gerencia<\/p>\n<p><img decoding=\"async\" class=\"alignnone  wp-image-13580\" src=\"https:\/\/adixatex.com\/wp-content\/uploads\/2024\/07\/firma-ignacio-300x117.jpg\" alt=\"\" width=\"205\" height=\"80\" srcset=\"https:\/\/www2.adixatex.com\/wp-content\/uploads\/2024\/07\/firma-ignacio-300x117.jpg 300w, https:\/\/www2.adixatex.com\/wp-content\/uploads\/2024\/07\/firma-ignacio.jpg 327w\" sizes=\"(max-width: 205px) 100vw, 205px\" \/><\/p>\n<p>Ed.2 19\/06\/2024<\/p>\n<p>&nbsp;<\/p>\n","protected":false},"excerpt":{"rendered":"<p>Anexo I &#8211; MGI &#8211; POL\u00cdTICA DE GESTI\u00d3N INTEGRADA La misi\u00f3n y objetivo prioritario de Adix Ingenier\u00eda S.L.es la plena satisfacci\u00f3n de nuestros clientes junto con el cumplimiento de requisitos legales y reglamentarios. Para ello, Adix Ingenier\u00eda S.L. acepta el compromiso de ofrecer la mayor calidad y el mejor servicio en sus productos, de forma [&hellip;]<\/p>\n","protected":false},"author":10,"featured_media":0,"parent":0,"menu_order":0,"comment_status":"closed","ping_status":"closed","template":"","meta":{"footnotes":""},"class_list":["post-14413","page","type-page","status-publish","hentry"],"yoast_head":"<!-- This site is optimized with the Yoast SEO plugin v24.4 - https:\/\/yoast.com\/wordpress\/plugins\/seo\/ -->\n<title>Pol\u00edtica de Gesti\u00f3n Integrada - Adixatex<\/title>\n<meta name=\"robots\" content=\"noindex, follow, max-snippet:-1, max-image-preview:large, max-video-preview:-1\" \/>\n<meta property=\"og:locale\" content=\"es_MX\" \/>\n<meta property=\"og:type\" content=\"article\" \/>\n<meta property=\"og:title\" content=\"Pol\u00edtica de Gesti\u00f3n Integrada - Adixatex\" \/>\n<meta property=\"og:description\" content=\"Anexo I &#8211; MGI &#8211; POL\u00cdTICA DE GESTI\u00d3N INTEGRADA La misi\u00f3n y objetivo prioritario de Adix Ingenier\u00eda S.L.es la plena satisfacci\u00f3n de nuestros clientes junto con el cumplimiento de requisitos legales y reglamentarios. Para ello, Adix Ingenier\u00eda S.L. acepta el compromiso de ofrecer la mayor calidad y el mejor servicio en sus productos, de forma [&hellip;]\" \/>\n<meta property=\"og:url\" content=\"https:\/\/www2.adixatex.com\/politica-de-gestion-integrada\/\" \/>\n<meta property=\"og:site_name\" content=\"Adixatex\" \/>\n<meta property=\"og:image\" content=\"https:\/\/adixatex.com\/wp-content\/uploads\/2024\/07\/firma-ignacio-300x117.jpg\" \/>\n<meta name=\"twitter:card\" content=\"summary_large_image\" \/>\n<meta name=\"twitter:site\" content=\"@adixprotection\" \/>\n<meta name=\"twitter:label1\" content=\"Tiempo de lectura\" \/>\n\t<meta name=\"twitter:data1\" content=\"3 minutos\" \/>\n<script type=\"application\/ld+json\" class=\"yoast-schema-graph\">{\"@context\":\"https:\/\/schema.org\",\"@graph\":[{\"@type\":\"WebPage\",\"@id\":\"https:\/\/www2.adixatex.com\/politica-de-gestion-integrada\/\",\"url\":\"https:\/\/www2.adixatex.com\/politica-de-gestion-integrada\/\",\"name\":\"Pol\u00edtica de Gesti\u00f3n Integrada - Adixatex\",\"isPartOf\":{\"@id\":\"https:\/\/www2.adixatex.com\/#website\"},\"primaryImageOfPage\":{\"@id\":\"https:\/\/www2.adixatex.com\/politica-de-gestion-integrada\/#primaryimage\"},\"image\":{\"@id\":\"https:\/\/www2.adixatex.com\/politica-de-gestion-integrada\/#primaryimage\"},\"thumbnailUrl\":\"https:\/\/adixatex.com\/wp-content\/uploads\/2024\/07\/firma-ignacio-300x117.jpg\",\"datePublished\":\"2024-07-23T07:54:07+00:00\",\"breadcrumb\":{\"@id\":\"https:\/\/www2.adixatex.com\/politica-de-gestion-integrada\/#breadcrumb\"},\"inLanguage\":\"es\",\"potentialAction\":[{\"@type\":\"ReadAction\",\"target\":[\"https:\/\/www2.adixatex.com\/politica-de-gestion-integrada\/\"]}]},{\"@type\":\"ImageObject\",\"inLanguage\":\"es\",\"@id\":\"https:\/\/www2.adixatex.com\/politica-de-gestion-integrada\/#primaryimage\",\"url\":\"https:\/\/adixatex.com\/wp-content\/uploads\/2024\/07\/firma-ignacio-300x117.jpg\",\"contentUrl\":\"https:\/\/adixatex.com\/wp-content\/uploads\/2024\/07\/firma-ignacio-300x117.jpg\"},{\"@type\":\"BreadcrumbList\",\"@id\":\"https:\/\/www2.adixatex.com\/politica-de-gestion-integrada\/#breadcrumb\",\"itemListElement\":[{\"@type\":\"ListItem\",\"position\":1,\"name\":\"Inicio\",\"item\":\"https:\/\/www2.adixatex.com\/\"},{\"@type\":\"ListItem\",\"position\":2,\"name\":\"Pol\u00edtica de Gesti\u00f3n Integrada\"}]},{\"@type\":\"WebSite\",\"@id\":\"https:\/\/www2.adixatex.com\/#website\",\"url\":\"https:\/\/www2.adixatex.com\/\",\"name\":\"Adixatex\",\"description\":\"Prevenci\u00f3n y protecci\u00f3n de atm\u00f3sferas explosivas\",\"inLanguage\":\"es\"}]}<\/script>\n<!-- \/ Yoast SEO plugin. -->","yoast_head_json":{"title":"Pol\u00edtica de Gesti\u00f3n Integrada - Adixatex","robots":{"index":"noindex","follow":"follow","max-snippet":"max-snippet:-1","max-image-preview":"max-image-preview:large","max-video-preview":"max-video-preview:-1"},"og_locale":"es_MX","og_type":"article","og_title":"Pol\u00edtica de Gesti\u00f3n Integrada - Adixatex","og_description":"Anexo I &#8211; MGI &#8211; POL\u00cdTICA DE GESTI\u00d3N INTEGRADA La misi\u00f3n y objetivo prioritario de Adix Ingenier\u00eda S.L.es la plena satisfacci\u00f3n de nuestros clientes junto con el cumplimiento de requisitos legales y reglamentarios. Para ello, Adix Ingenier\u00eda S.L. acepta el compromiso de ofrecer la mayor calidad y el mejor servicio en sus productos, de forma [&hellip;]","og_url":"https:\/\/www2.adixatex.com\/politica-de-gestion-integrada\/","og_site_name":"Adixatex","og_image":[{"url":"https:\/\/adixatex.com\/wp-content\/uploads\/2024\/07\/firma-ignacio-300x117.jpg","type":"","width":"","height":""}],"twitter_card":"summary_large_image","twitter_site":"@adixprotection","twitter_misc":{"Tiempo de lectura":"3 minutos"},"schema":{"@context":"https:\/\/schema.org","@graph":[{"@type":"WebPage","@id":"https:\/\/www2.adixatex.com\/politica-de-gestion-integrada\/","url":"https:\/\/www2.adixatex.com\/politica-de-gestion-integrada\/","name":"Pol\u00edtica de Gesti\u00f3n Integrada - Adixatex","isPartOf":{"@id":"https:\/\/www2.adixatex.com\/#website"},"primaryImageOfPage":{"@id":"https:\/\/www2.adixatex.com\/politica-de-gestion-integrada\/#primaryimage"},"image":{"@id":"https:\/\/www2.adixatex.com\/politica-de-gestion-integrada\/#primaryimage"},"thumbnailUrl":"https:\/\/adixatex.com\/wp-content\/uploads\/2024\/07\/firma-ignacio-300x117.jpg","datePublished":"2024-07-23T07:54:07+00:00","breadcrumb":{"@id":"https:\/\/www2.adixatex.com\/politica-de-gestion-integrada\/#breadcrumb"},"inLanguage":"es","potentialAction":[{"@type":"ReadAction","target":["https:\/\/www2.adixatex.com\/politica-de-gestion-integrada\/"]}]},{"@type":"ImageObject","inLanguage":"es","@id":"https:\/\/www2.adixatex.com\/politica-de-gestion-integrada\/#primaryimage","url":"https:\/\/adixatex.com\/wp-content\/uploads\/2024\/07\/firma-ignacio-300x117.jpg","contentUrl":"https:\/\/adixatex.com\/wp-content\/uploads\/2024\/07\/firma-ignacio-300x117.jpg"},{"@type":"BreadcrumbList","@id":"https:\/\/www2.adixatex.com\/politica-de-gestion-integrada\/#breadcrumb","itemListElement":[{"@type":"ListItem","position":1,"name":"Inicio","item":"https:\/\/www2.adixatex.com\/"},{"@type":"ListItem","position":2,"name":"Pol\u00edtica de Gesti\u00f3n Integrada"}]},{"@type":"WebSite","@id":"https:\/\/www2.adixatex.com\/#website","url":"https:\/\/www2.adixatex.com\/","name":"Adixatex","description":"Prevenci\u00f3n y protecci\u00f3n de atm\u00f3sferas explosivas","inLanguage":"es"}]}},"_links":{"self":[{"href":"https:\/\/www2.adixatex.com\/es-mx\/wp-json\/wp\/v2\/pages\/14413","targetHints":{"allow":["GET"]}}],"collection":[{"href":"https:\/\/www2.adixatex.com\/es-mx\/wp-json\/wp\/v2\/pages"}],"about":[{"href":"https:\/\/www2.adixatex.com\/es-mx\/wp-json\/wp\/v2\/types\/page"}],"author":[{"embeddable":true,"href":"https:\/\/www2.adixatex.com\/es-mx\/wp-json\/wp\/v2\/users\/10"}],"replies":[{"embeddable":true,"href":"https:\/\/www2.adixatex.com\/es-mx\/wp-json\/wp\/v2\/comments?post=14413"}],"version-history":[{"count":0,"href":"https:\/\/www2.adixatex.com\/es-mx\/wp-json\/wp\/v2\/pages\/14413\/revisions"}],"wp:attachment":[{"href":"https:\/\/www2.adixatex.com\/es-mx\/wp-json\/wp\/v2\/media?parent=14413"}],"curies":[{"name":"wp","href":"https:\/\/api.w.org\/{rel}","templated":true}]}}