{"id":14175,"date":"2020-12-15T10:34:05","date_gmt":"2020-12-15T09:34:05","guid":{"rendered":"https:\/\/adixatex.com\/product\/panel-de-venteo-circular-bcp\/"},"modified":"2020-12-15T10:34:05","modified_gmt":"2020-12-15T09:34:05","slug":"panel-de-venteo-circular-bcp","status":"publish","type":"product","link":"https:\/\/www2.adixatex.com\/es-mx\/product\/panel-de-venteo-circular-bcp\/","title":{"rendered":"Panel de Venteo Circular [BCP]"},"content":{"rendered":"<div id=\"shortcode_container_tabs\" class=\"shortcode_container_tabs\"><div id=\"container_tabs_title\" class=\"container_tabs_title\"><\/div>\n<p class=\"container_tabs_title_mobile\">Datos T\u00e9cnicos<\/p><div class=\"container_tabs_content\">\n<div id=\"content_table\" class=\"content_table\">\n<table style=\"width: 607px;\">\n<tbody>\n<tr>\n<td style=\"text-align: left; width: 242.554px;\">Tipo<\/td>\n<td style=\"width: 390.446px; text-align: left;\">Circular Plano<\/td>\n<\/tr>\n<tr>\n<td style=\"text-align: left; width: 242.554px;\">Dimensiones<\/td>\n<td style=\"width: 390.446px; text-align: left;\">Desde 200 hasta 1020 mm<\/td>\n<\/tr>\n<tr>\n<td style=\"text-align: left; width: 242.554px;\">Material<\/td>\n<td style=\"width: 390.446px; text-align: left;\">Acero inoxidable\u00a0AISI 304L o 316L<\/td>\n<\/tr>\n<tr>\n<td style=\"text-align: left; width: 242.554px;\">Eficiencia de venteo<\/td>\n<td style=\"width: 390.446px; text-align: left;\">\u00a0100%<\/td>\n<\/tr>\n<tr>\n<td style=\"text-align: left; width: 242.554px;\">Presi\u00f3n de ruptura<\/td>\n<td style=\"width: 390.446px; text-align: left;\">\u00a020 a 500 mbar<\/td>\n<\/tr>\n<tr>\n<td style=\"text-align: left; width: 242.554px;\">Tolerancia<\/td>\n<td style=\"width: 390.446px; text-align: left;\">\u00a0+\/-25%<\/td>\n<\/tr>\n<tr>\n<td style=\"text-align: left; width: 242.554px;\">M\u00e1xima Presi\u00f3n de Operaci\u00f3n<\/td>\n<td style=\"width: 390.446px; text-align: left;\">\u00a090% P<sub>stat<\/sub><\/td>\n<\/tr>\n<tr>\n<td style=\"text-align: left; width: 242.554px;\">M\u00e1xima Presi\u00f3n de Vac\u00edo<\/td>\n<td style=\"width: 390.446px; text-align: left;\">\u00a0-100 mbar<\/td>\n<\/tr>\n<tr>\n<td style=\"text-align: left; width: 242.554px;\">Rango de Temperatura<\/td>\n<td style=\"width: 390.446px; text-align: left;\">\u00a0Hasta\u00a0350\u00baC<\/td>\n<\/tr>\n<tr>\n<td style=\"text-align: left; width: 242.554px;\">Producto<\/td>\n<td style=\"width: 390.446px; text-align: left;\">Polvo org\u00e1nico hasta St2<\/td>\n<\/tr>\n<tr>\n<td style=\"text-align: left; width: 242.554px;\">Certificado<\/td>\n<td style=\"width: 390.446px; text-align: left;\">conforme a EN14797:2006 y EN14994:2007<\/td>\n<\/tr>\n<tr>\n<td style=\"text-align: left; width: 242.554px;\">Marcado<\/td>\n<td style=\"width: 390.446px; text-align: left;\">\u00a0Ex D<\/td>\n<\/tr>\n<\/tbody>\n<\/table>\n<\/div>\n<\/div>\n<p class=\"container_tabs_title_mobile\">Dimensiones<\/p><div class=\"container_tabs_content\">\n<div id=\"content_table\" class=\"content_table\">\n<table width=\"601\">\n<thead id=\"content_table_head\">\n<tr>\n<th class=\"content_table_column\" style=\"width: 115px; text-align: center;\"><strong>Referencia<\/strong><\/th>\n<th class=\"content_table_column\" style=\"width: 185px; text-align: center;\"><strong>Dimensiones externas<\/strong><\/th>\n<th class=\"content_table_column\" style=\"width: 146px;\"><strong>Tama\u00f1o nominal<\/strong><\/th>\n<th class=\"content_table_column\" style=\"width: 127px;\"><strong>\u00c1rea de Venteo<\/strong><\/th>\n<\/tr>\n<\/thead>\n<tbody>\n<tr>\n<td style=\"width: 115px; text-align: center;\">BCP280<\/td>\n<td style=\"width: 185px; text-align: center;\">280<\/td>\n<td style=\"width: 146px; text-align: center;\">200<\/td>\n<td style=\"width: 127px; text-align: center;\">0,031<\/td>\n<\/tr>\n<tr>\n<td style=\"width: 115px; text-align: center;\">BCP370<\/td>\n<td style=\"width: 185px; text-align: center;\">370<\/td>\n<td style=\"width: 146px; text-align: center;\">300<\/td>\n<td style=\"width: 127px; text-align: center;\">0,071<\/td>\n<\/tr>\n<tr>\n<td style=\"width: 115px; text-align: center;\">BCP470<\/td>\n<td style=\"width: 185px; text-align: center;\">470<\/td>\n<td style=\"width: 146px; text-align: center;\">383<\/td>\n<td style=\"width: 127px; text-align: center;\">0,115<\/td>\n<\/tr>\n<tr>\n<td style=\"width: 115px; text-align: center;\">BCP565<\/td>\n<td style=\"width: 185px; text-align: center;\">565<\/td>\n<td style=\"width: 146px; text-align: center;\">450<\/td>\n<td style=\"width: 127px; text-align: center;\">0,159<\/td>\n<\/tr>\n<tr>\n<td style=\"width: 115px; text-align: center;\">BCP715<\/td>\n<td style=\"width: 185px; text-align: center;\">715<\/td>\n<td style=\"width: 146px; text-align: center;\">635<\/td>\n<td style=\"width: 127px; text-align: center;\">0,317<\/td>\n<\/tr>\n<tr>\n<td style=\"width: 115px; text-align: center;\">BCP974<\/td>\n<td style=\"width: 185px; text-align: center;\">974<\/td>\n<td style=\"width: 146px; text-align: center;\">884<\/td>\n<td style=\"width: 127px; text-align: center;\">0,614<\/td>\n<\/tr>\n<tr>\n<td style=\"width: 115px; text-align: center;\">BCP1020<\/td>\n<td style=\"width: 185px; text-align: center;\">1020<\/td>\n<td style=\"width: 146px; text-align: center;\">930<\/td>\n<td style=\"width: 127px; text-align: center;\">0,679<\/td>\n<\/tr>\n<\/tbody>\n<\/table>\n<\/div>\n<p style=\"text-align: center;\">Para otros tama\u00f1os y\/o condiciones de trabajo\u00a0<strong><a href=\"https:\/\/adixatex.com\/es-mx\/contacto\/\">p\u00f3ngase en\u00a0contacto con Adix<\/a>\u00a0\u00a0<\/strong><\/p>\n<\/div>\n<p class=\"container_tabs_title_mobile\">Accesorios<\/p><div class=\"container_tabs_content\">\n<p><section class=\"shortcode_columns columns_3\">\n<div class=\"column\">\n<h3 class=\"content_table_title\" style=\"text-align: left;\"><img decoding=\"async\" class=\"aligncenter\" src=\"https:\/\/adixatex.com\/wp-content\/uploads\/2021\/02\/panel1.jpg\" \/><\/h3>\n<p><strong>Detector magn\u00e9tico de rotura MK500A \/MK503A<\/strong><\/p>\n<p>Homologaci\u00f3n ATEX\u00a0Ex II 3D Ex tc IIIC T125\u00b0C Dc X<\/p>\n<p>Posibilidad de montaje en distintos tipos de cilindros.<\/p>\n<p><strong>Rango de detecci\u00f3n:<\/strong> Sensibilidad de reacci\u00f3n [mT] 2<br \/>\nVelocidad de desplazamiento [m\/s] &gt; 10<\/p>\n<p><strong>Precisi\u00f3n:<\/strong> Variaciones Hist\u00e9resis [mm] 1 Repetibilidad [mm] &lt; 0,2<br \/>\n<strong>Temperatura:<\/strong>\u00a0 -25\u00baC\u00a0 a 60\u00baC<\/p>\n<\/div>\n\n<div class=\"column\">\n<p><img decoding=\"async\" class=\"aligncenter\" src=\"https:\/\/adixatex.com\/wp-content\/uploads\/2021\/02\/panel2.jpg\" \/><\/p>\n<p><strong>Cable de se\u00f1alizaci\u00f3n de rotura tipo RECS para alta temperatura VP2759<\/strong><\/p>\n<p><em><strong>Temperatura de trabajo:<\/strong><\/em> -60\u00baC a 300\u00baC<\/p>\n<p><em><strong>Temperatura de pico:<\/strong> <\/em>350\u00baC<\/p>\n<p><em><strong>AWG:<\/strong><\/em> 20S<\/p>\n<p><em><strong>Di\u00e1metro nominal del conducto<\/strong>:<\/em>\u00a00,965mm<\/p>\n<p><em><strong>Longitud total:<\/strong><\/em> 2m<\/p>\n<\/div>\n\n<div class=\"column\">\n<p><img decoding=\"async\" class=\"aligncenter\" src=\"https:\/\/adixatex.com\/wp-content\/uploads\/2021\/02\/panel3.jpg\" \/><\/p>\n<p><strong>Bridas de Proceso<\/strong><\/p>\n<p>Soldada (L) o atornillada (U)<\/p>\n<p>Instalaci\u00f3n vertical (Refuerzo interior) y horizontal<\/p>\n<p>Nota: Las bridas de montaje solo para paneles circulares, en el resto va montada en el papel. <em>Para otras soluciones consultar.\u00a0<\/em><\/p>\n<\/div>\n<\/section>\n<\/p>\n<p><section class=\"shortcode_columns columns_3\">\n<div class=\"column\">\n<p><img decoding=\"async\" class=\"aligncenter\" src=\"https:\/\/adixatex.com\/wp-content\/uploads\/2021\/02\/panel4.jpg\" \/><\/p>\n<p><strong>Sello de proceso EPDM\u00a0<\/strong><\/p>\n<p>Tira de caucho din\u00e1mica que evita la vibraci\u00f3n entre materiales compactos.<\/p>\n<p>Act\u00faa como junta de estanqueidad de aire, agua y polvo, tanto para exteriores como interiores.<\/p>\n<p>Resistente a los rayos ultravioleta y temperaturas extremas.<\/p>\n<p>Temperatura de -30\u00baC a 90\u00baC .<\/p>\n<\/div>\n\n<div class=\"column\">\n<p><strong><img decoding=\"async\" class=\"aligncenter\" src=\"https:\/\/adixatex.com\/wp-content\/uploads\/2021\/02\/panel5.jpg\" \/><\/strong><\/p>\n<p><strong>Sello cer\u00e1mico de proceso para Alta Temperatura\u00a0<\/strong><\/p>\n<p>Estabilidad a altas temperaturas hasta 1100\u00baC<\/p>\n<p>Cumple con los requisitos normativos europeos.<\/p>\n<p>Excelente resistencia a la humectaci\u00f3n del alumino fundido.<\/p>\n<p>Baja conductividad t\u00e9rmica.<\/p>\n<p>Flexibilidad.<\/p>\n<p>F\u00e1cil de envolver, dar forma o cortar.<\/p>\n<p>Loctite SI 5900; Temperatura hasta 275\u00baC en continuo.<\/p>\n<\/div>\n\n<div class=\"column\">\n<p><strong><img decoding=\"async\" class=\"aligncenter\" src=\"https:\/\/adixatex.com\/wp-content\/uploads\/2021\/02\/panel6.jpg\" \/><\/strong><\/p>\n<p><strong>Sello de proceso de Silicona<\/strong><\/p>\n<p>Temperatura de -40\u00baC a 220\u00baC<\/p>\n<p>Silicona esponjosa blanca (15HS)<\/p>\n<p>Excelente resistencia a la temperatura.<\/p>\n<p>Buena resistencia a los productos qu\u00edmicos<\/p>\n<p>Gran capacidad de recuperaci\u00f3nn a la compresi\u00f3n<\/p>\n<p>Buena flexibilidad a bajas temperaturas<\/p>\n<\/div>\n<\/section>\n<\/p>\n<\/div>\n<p class=\"container_tabs_title_mobile\">Descargas<\/p><div class=\"container_tabs_content\">\n<p><section class=\"shortcode_columns columns_3\">\n<div class=\"column\">\n<p><strong>Ficha t\u00e9cnica PDF &#8211; Paneles de Vento &#8211; ESP\u00a0<\/strong><\/p>\n<p><img decoding=\"async\" class=\"aligncenter\" src=\"https:\/\/adixatex.com\/wp-content\/uploads\/2021\/02\/FICHA_PANELES.png\" width=\"318\" height=\"145\" \/><\/p>\n<ul>\n<li><a class=\"link_view_pdf\" href=\"https:\/\/adixatex.com\/wp-content\/uploads\/2021\/02\/1902-Paneles-de-Venteo-1.pdf\" target=\"_blank\" rel=\"noopener noreferrer\">Descargar caracter\u00edsticas del producto (PDF)<\/a><\/li>\n<\/ul>\n<\/div>\n\n<div class=\"column\">\n<p><strong>Ficha t\u00e9cnica PDF Paneles de Vento &#8211; ENG<\/strong><\/p>\n<p><img decoding=\"async\" class=\"aligncenter\" src=\"https:\/\/adixatex.com\/wp-content\/uploads\/2021\/02\/FICHA_PANELES.png\" width=\"318\" height=\"145\" \/><\/p>\n<ul>\n<li><a class=\"link_view_pdf\" href=\"https:\/\/adixatex.com\/wp-content\/uploads\/2021\/02\/1902-Paneles-de-Venteo-1.pdf\" target=\"_blank\" rel=\"noopener noreferrer\">Descargar caracter\u00edsticas del producto (PDF)<\/a><\/li>\n<\/ul>\n<\/div>\n\n<div class=\"column\">\n<p><strong>Ficha t\u00e9cnica PDF &#8211; Paneles de Vento &#8211; GER<\/strong><\/p>\n<p><img decoding=\"async\" class=\"aligncenter\" src=\"https:\/\/adixatex.com\/wp-content\/uploads\/2021\/02\/FICHA_PANELES.png\" width=\"318\" height=\"145\" \/><\/p>\n<ul>\n<li><a class=\"link_view_pdf\" href=\"https:\/\/adixatex.com\/wp-content\/uploads\/2021\/02\/1902-Paneles-de-Venteo-1.pdf\" target=\"_blank\" rel=\"noopener noreferrer\">Descargar caracter\u00edsticas del producto (PDF)<\/a><\/li>\n<\/ul>\n<\/div>\n<\/section>\n<\/p>\n<\/div>\n<\/div>\n","protected":false},"excerpt":{"rendered":"<p>Dispositivo circular para la\u00a0<b>protecci\u00f3n contra explosiones <\/b><em>(especializado para polvo org\u00e1nico y met\u00e1lico\u00a0hasta St2)<\/em><b>, <\/b>basado en la liberaci\u00f3n la<strong>\u00a0sobrepresi\u00f3n de explosi\u00f3n\u00a0<\/strong>a zona segura, evitando as\u00ed que se exceda la resistencia de dise\u00f1o del recipiente. Capaz de llegar a temperaturas de trabajo desde los -40 grados hasta los 70.<\/p>\n<p><img decoding=\"async\" class=\"alignnone wp-image-2815\" src=\"https:\/\/adixatex.com\/wp-content\/uploads\/2020\/12\/EX-Symbol-negro.png\" alt=\"\" width=\"26\" height=\"22\" \/> <img decoding=\"async\" class=\"alignnone wp-image-2833\" src=\"https:\/\/adixatex.com\/wp-content\/uploads\/2020\/12\/Certificado-CE.png\" alt=\"\" width=\"32\" height=\"22\" \/><img loading=\"lazy\" decoding=\"async\" class=\"alignnone wp-image-2824\" src=\"https:\/\/adixatex.com\/wp-content\/uploads\/2020\/12\/LOM-PANELES-300x52.png\" alt=\"\" width=\"191\" height=\"33\" srcset=\"https:\/\/www2.adixatex.com\/wp-content\/uploads\/2020\/12\/LOM-PANELES-300x52.png 300w, https:\/\/www2.adixatex.com\/wp-content\/uploads\/2020\/12\/LOM-PANELES.png 464w\" sizes=\"(max-width: 191px) 100vw, 191px\" \/><\/p>\n","protected":false},"featured_media":14176,"comment_status":"open","ping_status":"closed","template":"","meta":[],"product_brand":[],"product_cat":[2026,2025],"product_tag":[],"class_list":{"0":"post-14175","1":"product","2":"type-product","3":"status-publish","4":"has-post-thumbnail","6":"product_cat-paneles-de-venteo-es-mx","7":"product_cat-proteccion-contra-explosiones-es-mx","9":"first","10":"instock","11":"shipping-taxable","12":"product-type-simple"},"yoast_head":"<!-- This site is optimized with the Yoast SEO plugin v24.4 - https:\/\/yoast.com\/wordpress\/plugins\/seo\/ -->\n<title>Panel de Venteo Circular [BCP] - Adixatex<\/title>\n<meta name=\"robots\" content=\"noindex, follow, max-snippet:-1, max-image-preview:large, max-video-preview:-1\" \/>\n<meta property=\"og:locale\" content=\"es_MX\" \/>\n<meta property=\"og:type\" content=\"article\" \/>\n<meta property=\"og:title\" content=\"Panel de Venteo Circular [BCP] - Adixatex\" \/>\n<meta property=\"og:description\" content=\"Dispositivo circular para la\u00a0protecci\u00f3n contra explosiones (especializado para polvo org\u00e1nico y met\u00e1lico\u00a0hasta St2), basado en la liberaci\u00f3n la\u00a0sobrepresi\u00f3n de explosi\u00f3n\u00a0a zona segura, evitando as\u00ed que se exceda la resistencia de dise\u00f1o del recipiente. Capaz de llegar a temperaturas de trabajo desde los -40 grados hasta los 70.\" \/>\n<meta property=\"og:url\" content=\"https:\/\/www2.adixatex.com\/es-mx\/product\/panel-de-venteo-circular-bcp\/\" \/>\n<meta property=\"og:site_name\" content=\"Adixatex\" \/>\n<meta property=\"og:image\" content=\"https:\/\/www2.adixatex.com\/wp-content\/uploads\/2020\/12\/BCP.jpg\" \/>\n\t<meta property=\"og:image:width\" content=\"1000\" \/>\n\t<meta property=\"og:image:height\" content=\"1000\" \/>\n\t<meta property=\"og:image:type\" content=\"image\/jpeg\" \/>\n<meta name=\"twitter:card\" content=\"summary_large_image\" \/>\n<meta name=\"twitter:site\" content=\"@adixprotection\" \/>\n<meta name=\"twitter:label1\" content=\"Tiempo de lectura\" \/>\n\t<meta name=\"twitter:data1\" content=\"4 minutos\" \/>\n<script type=\"application\/ld+json\" class=\"yoast-schema-graph\">{\"@context\":\"https:\/\/schema.org\",\"@graph\":[{\"@type\":\"WebPage\",\"@id\":\"https:\/\/www2.adixatex.com\/es-mx\/product\/panel-de-venteo-circular-bcp\/\",\"url\":\"https:\/\/www2.adixatex.com\/es-mx\/product\/panel-de-venteo-circular-bcp\/\",\"name\":\"Panel de Venteo Circular [BCP] - Adixatex\",\"isPartOf\":{\"@id\":\"https:\/\/www2.adixatex.com\/#website\"},\"primaryImageOfPage\":{\"@id\":\"https:\/\/www2.adixatex.com\/es-mx\/product\/panel-de-venteo-circular-bcp\/#primaryimage\"},\"image\":{\"@id\":\"https:\/\/www2.adixatex.com\/es-mx\/product\/panel-de-venteo-circular-bcp\/#primaryimage\"},\"thumbnailUrl\":\"https:\/\/www2.adixatex.com\/wp-content\/uploads\/2020\/12\/BCP.jpg\",\"datePublished\":\"2020-12-15T09:34:05+00:00\",\"breadcrumb\":{\"@id\":\"https:\/\/www2.adixatex.com\/es-mx\/product\/panel-de-venteo-circular-bcp\/#breadcrumb\"},\"inLanguage\":\"es\",\"potentialAction\":[{\"@type\":\"ReadAction\",\"target\":[\"https:\/\/www2.adixatex.com\/es-mx\/product\/panel-de-venteo-circular-bcp\/\"]}]},{\"@type\":\"ImageObject\",\"inLanguage\":\"es\",\"@id\":\"https:\/\/www2.adixatex.com\/es-mx\/product\/panel-de-venteo-circular-bcp\/#primaryimage\",\"url\":\"https:\/\/www2.adixatex.com\/wp-content\/uploads\/2020\/12\/BCP.jpg\",\"contentUrl\":\"https:\/\/www2.adixatex.com\/wp-content\/uploads\/2020\/12\/BCP.jpg\",\"width\":1000,\"height\":1000},{\"@type\":\"BreadcrumbList\",\"@id\":\"https:\/\/www2.adixatex.com\/es-mx\/product\/panel-de-venteo-circular-bcp\/#breadcrumb\",\"itemListElement\":[{\"@type\":\"ListItem\",\"position\":1,\"name\":\"Inicio\",\"item\":\"https:\/\/www2.adixatex.com\/\"},{\"@type\":\"ListItem\",\"position\":2,\"name\":\"Productos\",\"item\":\"https:\/\/www2.adixatex.com\/productos\/\"},{\"@type\":\"ListItem\",\"position\":3,\"name\":\"Panel de Venteo Circular [BCP]\"}]},{\"@type\":\"WebSite\",\"@id\":\"https:\/\/www2.adixatex.com\/#website\",\"url\":\"https:\/\/www2.adixatex.com\/\",\"name\":\"Adixatex\",\"description\":\"Prevenci\u00f3n y protecci\u00f3n de atm\u00f3sferas explosivas\",\"inLanguage\":\"es\"}]}<\/script>\n<!-- \/ Yoast SEO plugin. -->","yoast_head_json":{"title":"Panel de Venteo Circular [BCP] - Adixatex","robots":{"index":"noindex","follow":"follow","max-snippet":"max-snippet:-1","max-image-preview":"max-image-preview:large","max-video-preview":"max-video-preview:-1"},"og_locale":"es_MX","og_type":"article","og_title":"Panel de Venteo Circular [BCP] - Adixatex","og_description":"Dispositivo circular para la\u00a0protecci\u00f3n contra explosiones (especializado para polvo org\u00e1nico y met\u00e1lico\u00a0hasta St2), basado en la liberaci\u00f3n la\u00a0sobrepresi\u00f3n de explosi\u00f3n\u00a0a zona segura, evitando as\u00ed que se exceda la resistencia de dise\u00f1o del recipiente. Capaz de llegar a temperaturas de trabajo desde los -40 grados hasta los 70.","og_url":"https:\/\/www2.adixatex.com\/es-mx\/product\/panel-de-venteo-circular-bcp\/","og_site_name":"Adixatex","og_image":[{"width":1000,"height":1000,"url":"https:\/\/www2.adixatex.com\/wp-content\/uploads\/2020\/12\/BCP.jpg","type":"image\/jpeg"}],"twitter_card":"summary_large_image","twitter_site":"@adixprotection","twitter_misc":{"Tiempo de lectura":"4 minutos"},"schema":{"@context":"https:\/\/schema.org","@graph":[{"@type":"WebPage","@id":"https:\/\/www2.adixatex.com\/es-mx\/product\/panel-de-venteo-circular-bcp\/","url":"https:\/\/www2.adixatex.com\/es-mx\/product\/panel-de-venteo-circular-bcp\/","name":"Panel de Venteo Circular [BCP] - Adixatex","isPartOf":{"@id":"https:\/\/www2.adixatex.com\/#website"},"primaryImageOfPage":{"@id":"https:\/\/www2.adixatex.com\/es-mx\/product\/panel-de-venteo-circular-bcp\/#primaryimage"},"image":{"@id":"https:\/\/www2.adixatex.com\/es-mx\/product\/panel-de-venteo-circular-bcp\/#primaryimage"},"thumbnailUrl":"https:\/\/www2.adixatex.com\/wp-content\/uploads\/2020\/12\/BCP.jpg","datePublished":"2020-12-15T09:34:05+00:00","breadcrumb":{"@id":"https:\/\/www2.adixatex.com\/es-mx\/product\/panel-de-venteo-circular-bcp\/#breadcrumb"},"inLanguage":"es","potentialAction":[{"@type":"ReadAction","target":["https:\/\/www2.adixatex.com\/es-mx\/product\/panel-de-venteo-circular-bcp\/"]}]},{"@type":"ImageObject","inLanguage":"es","@id":"https:\/\/www2.adixatex.com\/es-mx\/product\/panel-de-venteo-circular-bcp\/#primaryimage","url":"https:\/\/www2.adixatex.com\/wp-content\/uploads\/2020\/12\/BCP.jpg","contentUrl":"https:\/\/www2.adixatex.com\/wp-content\/uploads\/2020\/12\/BCP.jpg","width":1000,"height":1000},{"@type":"BreadcrumbList","@id":"https:\/\/www2.adixatex.com\/es-mx\/product\/panel-de-venteo-circular-bcp\/#breadcrumb","itemListElement":[{"@type":"ListItem","position":1,"name":"Inicio","item":"https:\/\/www2.adixatex.com\/"},{"@type":"ListItem","position":2,"name":"Productos","item":"https:\/\/www2.adixatex.com\/productos\/"},{"@type":"ListItem","position":3,"name":"Panel de Venteo Circular [BCP]"}]},{"@type":"WebSite","@id":"https:\/\/www2.adixatex.com\/#website","url":"https:\/\/www2.adixatex.com\/","name":"Adixatex","description":"Prevenci\u00f3n y protecci\u00f3n de atm\u00f3sferas explosivas","inLanguage":"es"}]}},"_links":{"self":[{"href":"https:\/\/www2.adixatex.com\/es-mx\/wp-json\/wp\/v2\/product\/14175","targetHints":{"allow":["GET"]}}],"collection":[{"href":"https:\/\/www2.adixatex.com\/es-mx\/wp-json\/wp\/v2\/product"}],"about":[{"href":"https:\/\/www2.adixatex.com\/es-mx\/wp-json\/wp\/v2\/types\/product"}],"replies":[{"embeddable":true,"href":"https:\/\/www2.adixatex.com\/es-mx\/wp-json\/wp\/v2\/comments?post=14175"}],"version-history":[{"count":0,"href":"https:\/\/www2.adixatex.com\/es-mx\/wp-json\/wp\/v2\/product\/14175\/revisions"}],"wp:featuredmedia":[{"embeddable":true,"href":"https:\/\/www2.adixatex.com\/es-mx\/wp-json\/wp\/v2\/media\/14176"}],"wp:attachment":[{"href":"https:\/\/www2.adixatex.com\/es-mx\/wp-json\/wp\/v2\/media?parent=14175"}],"wp:term":[{"taxonomy":"product_brand","embeddable":true,"href":"https:\/\/www2.adixatex.com\/es-mx\/wp-json\/wp\/v2\/product_brand?post=14175"},{"taxonomy":"product_cat","embeddable":true,"href":"https:\/\/www2.adixatex.com\/es-mx\/wp-json\/wp\/v2\/product_cat?post=14175"},{"taxonomy":"product_tag","embeddable":true,"href":"https:\/\/www2.adixatex.com\/es-mx\/wp-json\/wp\/v2\/product_tag?post=14175"}],"curies":[{"name":"wp","href":"https:\/\/api.w.org\/{rel}","templated":true}]}}