{"id":14197,"date":"2020-11-12T14:53:20","date_gmt":"2020-11-12T13:53:20","guid":{"rendered":"https:\/\/adixatex.com\/product\/supresion-aislamiento-quimico\/"},"modified":"2020-11-12T14:53:20","modified_gmt":"2020-11-12T13:53:20","slug":"supresion-aislamiento-quimico","status":"publish","type":"product","link":"https:\/\/www2.adixatex.com\/es-mx\/product\/supresion-aislamiento-quimico\/","title":{"rendered":"Supresi\u00f3n Qu\u00edmica \/ Aislamiento qu\u00edmico"},"content":{"rendered":"<div id=\"shortcode_container_tabs\" class=\"shortcode_container_tabs\"><div id=\"container_tabs_title\" class=\"container_tabs_title\"><\/div>\n<p class=\"container_tabs_title_mobile\">Datos T\u00e9cnicos<\/p><div class=\"container_tabs_content\">\n<div id=\"content_table\" class=\"content_table\">\n<div id=\"content_table\" class=\"content_table\">\n<table style=\"width: 668px;\">\n<tbody>\n<tr>\n<td style=\"text-align: left; width: 323.224px;\">Agente extintor<\/td>\n<td style=\"text-align: left; width: 332.776px;\">\u00a0bicarbonato s\u00f3dico<\/td>\n<\/tr>\n<tr>\n<td style=\"width: 323.224px; text-align: left;\">Producto<\/td>\n<td style=\"text-align: left; width: 332.776px;\">polvo hasta KSt\u2264250 bar\u00b7m\/s<\/td>\n<\/tr>\n<tr>\n<td style=\"text-align: left; width: 323.224px;\">Marcado<\/td>\n<td style=\"text-align: left; width: 332.776px;\">\u00a0Ex D<\/td>\n<\/tr>\n<tr>\n<td style=\"text-align: left; width: 323.224px;\">Certificado<\/td>\n<td style=\"text-align: left; width: 332.776px;\">\u00a0conforme a EN 14373:2005<\/td>\n<\/tr>\n<\/tbody>\n<\/table>\n<\/div>\n<\/div>\n<\/div>\n<p class=\"container_tabs_title_mobile\">Accesorios<\/p><div class=\"container_tabs_content\">\n<p><section class=\"shortcode_columns columns_3\">\n<div class=\"column\">\n<p><img decoding=\"async\" class=\"aligncenter\" src=\"https:\/\/adixatex.com\/wp-content\/uploads\/2021\/02\/codo-botella.jpg\" \/><br \/>\n<strong>Sistema de acoplamiento por codo<\/strong><\/p>\n<\/div>\n\n<div class=\"column\">\n<strong><img decoding=\"async\" class=\"aligncenter\" src=\"https:\/\/adixatex.com\/wp-content\/uploads\/2021\/02\/soporte2.jpg\" \/><\/strong>\n<p><strong>Sistemas mangueras flexibles<\/strong><\/p>\n<\/div>\n\n<div class=\"column\">\n<strong><img decoding=\"async\" class=\"aligncenter\" src=\"https:\/\/adixatex.com\/wp-content\/uploads\/2021\/02\/soporte3.jpg\" \/><\/strong>\n<p><strong>Soporte para botella<\/strong><\/p>\n<\/div>\n<\/section>\n<\/p>\n<\/div>\n<p class=\"container_tabs_title_mobile\">Descargas<\/p><div class=\"container_tabs_content\">\n<p><section class=\"shortcode_columns columns_3\">\n<div class=\"column\">\n<p><strong>Ficha t\u00e9cnica PDF\u00a0 Espa\u00f1ol<\/strong><\/p>\n<p><img decoding=\"async\" class=\"aligncenter\" src=\"https:\/\/adixatex.com\/wp-content\/uploads\/2021\/02\/supression.jpg\" width=\"254\" height=\"147\" \/><\/p>\n<ul>\n<p><div class=\"shortcode_download shortcode_download_left\"><a href=\"https:\/\/adixatex.com\/wp-content\/uploads\/2021\/02\/1905-Botella-de-Supresion-1.pdf\"><i><svg width=\"20\" height=\"20\" viewBox=\"0 0 20 20\" fill=\"none\" xmlns=\"http:\/\/www.w3.org\/2000\/svg\">\n<g clip-path=\"url(#clip0)\">\n<path d=\"M19.8633 5.42623V5.38934C19.8432 5.34518 19.8154 5.30497 19.7813 5.27049L14.6051 0.102459C14.5694 0.0679303 14.5277 0.0401639 14.4821 0.0204918H14.4452C14.4095 0.00860656 14.3722 0.00169057 14.3346 0H3.79771C3.38034 0.00870902 3.04412 0.344928 3.03541 0.762295V4.90164H0.932953C0.480238 4.90164 0.113281 5.2686 0.113281 5.72131V10.0943C0.113281 10.547 0.480238 10.9139 0.932953 10.9139H3.03541V19.2213C3.03541 19.6514 3.38403 20 3.8141 20H19.1092C19.5393 20 19.8879 19.6514 19.8879 19.2213V5.55738C19.8879 5.55738 19.8879 5.55738 19.8879 5.53279C19.8845 5.49631 19.8762 5.4605 19.8633 5.42623ZM14.7239 1.38525L18.4903 5.14754H14.7239V1.38525ZM0.932953 10.0943V5.72131H9.59279V10.0943H0.932953ZM19.0682 19.1803H3.85508V10.9139H9.59279C10.0455 10.9139 10.4125 10.547 10.4125 10.0943V5.72131C10.4125 5.2686 10.0455 4.90164 9.59279 4.90164H3.85508V0.803279H13.9043V5.18852C13.9065 5.61767 14.2538 5.96496 14.683 5.96721H19.0682V19.1803Z\" fill=\"black\"><\/path>\n<path d=\"M3.8796 7.18776C3.8486 6.76338 3.47939 6.44448 3.05501 6.47547H2.41157C2.30291 6.47547 2.21484 6.56353 2.21484 6.67219V8.79103C2.21484 8.9042 2.3066 8.99595 2.41976 8.99595C2.53293 8.99595 2.62468 8.9042 2.62468 8.79103V8.01235H3.05501C3.09241 8.01506 3.12996 8.01506 3.1673 8.01235C3.59174 7.98135 3.91064 7.61214 3.8796 7.18776ZM3.0673 7.61481H2.62468V6.87301H3.0673C3.27217 6.87301 3.4382 7.03904 3.4382 7.24391C3.4382 7.44877 3.27217 7.61481 3.0673 7.61481Z\" fill=\"black\"><\/path>\n<path d=\"M4.92887 6.47559H4.51904C4.41038 6.47559 4.32232 6.56365 4.32232 6.67231V8.79115C4.32227 8.79254 4.32227 8.79392 4.32227 8.7953C4.32227 8.90396 4.41038 8.99202 4.51904 8.99197H4.92887C5.62329 8.99166 6.1862 8.42881 6.1865 7.73434C6.18681 7.03947 5.62375 6.47589 4.92887 6.47559ZM4.95346 8.59033H4.73215V6.87313H4.95346C5.382 6.90274 5.72308 7.24382 5.75269 7.67235C5.78548 8.14658 5.42764 8.55755 4.95346 8.59033Z\" fill=\"black\"><\/path>\n<path d=\"M8.27794 6.88542C8.39111 6.88542 8.48286 6.79367 8.48286 6.6805C8.48286 6.56734 8.39111 6.47559 8.27794 6.47559H7.10171C6.99305 6.47559 6.90499 6.56365 6.90499 6.67231V8.79116C6.90437 8.79823 6.90417 8.80529 6.90437 8.81242C6.90704 8.92102 6.9972 9.00693 7.10581 9.00427C7.21513 9.00427 7.30438 8.91687 7.30663 8.80755V7.9428H8.12631C8.23947 7.9428 8.33122 7.85104 8.33122 7.73788C8.33122 7.62471 8.23947 7.53296 8.12631 7.53296H7.30663V6.88542H8.27794Z\" fill=\"black\"><\/path>\n<\/g>\n<defs>\n<clippath id=\"clip0\">\n<rect width=\"20\" height=\"20\" fill=\"white\"><\/rect>\n<\/clippath>\n<\/defs>\n<\/svg><br \/>\n<\/i>Botella de supresi\u00f3n (PDF)<\/a><\/div>\n<\/p>\n<div class=\"shortcode_download shortcode_download_left\"><a href=\"https:\/\/adixatex.com\/wp-content\/uploads\/2021\/02\/2127-Controlador-de-Supresion-1.pdf\"><i><svg width=\"20\" height=\"20\" viewBox=\"0 0 20 20\" fill=\"none\" xmlns=\"http:\/\/www.w3.org\/2000\/svg\">\n<g clip-path=\"url(#clip0)\">\n<path d=\"M19.8633 5.42623V5.38934C19.8432 5.34518 19.8154 5.30497 19.7813 5.27049L14.6051 0.102459C14.5694 0.0679303 14.5277 0.0401639 14.4821 0.0204918H14.4452C14.4095 0.00860656 14.3722 0.00169057 14.3346 0H3.79771C3.38034 0.00870902 3.04412 0.344928 3.03541 0.762295V4.90164H0.932953C0.480238 4.90164 0.113281 5.2686 0.113281 5.72131V10.0943C0.113281 10.547 0.480238 10.9139 0.932953 10.9139H3.03541V19.2213C3.03541 19.6514 3.38403 20 3.8141 20H19.1092C19.5393 20 19.8879 19.6514 19.8879 19.2213V5.55738C19.8879 5.55738 19.8879 5.55738 19.8879 5.53279C19.8845 5.49631 19.8762 5.4605 19.8633 5.42623ZM14.7239 1.38525L18.4903 5.14754H14.7239V1.38525ZM0.932953 10.0943V5.72131H9.59279V10.0943H0.932953ZM19.0682 19.1803H3.85508V10.9139H9.59279C10.0455 10.9139 10.4125 10.547 10.4125 10.0943V5.72131C10.4125 5.2686 10.0455 4.90164 9.59279 4.90164H3.85508V0.803279H13.9043V5.18852C13.9065 5.61767 14.2538 5.96496 14.683 5.96721H19.0682V19.1803Z\" fill=\"black\"><\/path>\n<path d=\"M3.8796 7.18776C3.8486 6.76338 3.47939 6.44448 3.05501 6.47547H2.41157C2.30291 6.47547 2.21484 6.56353 2.21484 6.67219V8.79103C2.21484 8.9042 2.3066 8.99595 2.41976 8.99595C2.53293 8.99595 2.62468 8.9042 2.62468 8.79103V8.01235H3.05501C3.09241 8.01506 3.12996 8.01506 3.1673 8.01235C3.59174 7.98135 3.91064 7.61214 3.8796 7.18776ZM3.0673 7.61481H2.62468V6.87301H3.0673C3.27217 6.87301 3.4382 7.03904 3.4382 7.24391C3.4382 7.44877 3.27217 7.61481 3.0673 7.61481Z\" fill=\"black\"><\/path>\n<path d=\"M4.92887 6.47559H4.51904C4.41038 6.47559 4.32232 6.56365 4.32232 6.67231V8.79115C4.32227 8.79254 4.32227 8.79392 4.32227 8.7953C4.32227 8.90396 4.41038 8.99202 4.51904 8.99197H4.92887C5.62329 8.99166 6.1862 8.42881 6.1865 7.73434C6.18681 7.03947 5.62375 6.47589 4.92887 6.47559ZM4.95346 8.59033H4.73215V6.87313H4.95346C5.382 6.90274 5.72308 7.24382 5.75269 7.67235C5.78548 8.14658 5.42764 8.55755 4.95346 8.59033Z\" fill=\"black\"><\/path>\n<path d=\"M8.27794 6.88542C8.39111 6.88542 8.48286 6.79367 8.48286 6.6805C8.48286 6.56734 8.39111 6.47559 8.27794 6.47559H7.10171C6.99305 6.47559 6.90499 6.56365 6.90499 6.67231V8.79116C6.90437 8.79823 6.90417 8.80529 6.90437 8.81242C6.90704 8.92102 6.9972 9.00693 7.10581 9.00427C7.21513 9.00427 7.30438 8.91687 7.30663 8.80755V7.9428H8.12631C8.23947 7.9428 8.33122 7.85104 8.33122 7.73788C8.33122 7.62471 8.23947 7.53296 8.12631 7.53296H7.30663V6.88542H8.27794Z\" fill=\"black\"><\/path>\n<\/g>\n<defs>\n<clippath id=\"clip0\">\n<rect width=\"20\" height=\"20\" fill=\"white\"><\/rect>\n<\/clippath>\n<\/defs>\n<\/svg><br \/>\n<\/i>Controlador supresi\u00f3n (PDF)<\/a><\/div>\n<\/ul>\n<\/div>\n\n<div class=\"column\">\n<p><strong>Data sheet PDF\u00a0 English\u00a0<\/strong><\/p>\n<p><img decoding=\"async\" class=\"aligncenter\" src=\"https:\/\/adixatex.com\/wp-content\/uploads\/2021\/02\/supression.jpg\" width=\"254\" height=\"147\" \/><\/p>\n<ul>\n<p><div class=\"shortcode_download shortcode_download_left\"><a href=\"https:\/\/adixatex.com\/wp-content\/uploads\/2020\/11\/1905-Supresion-EN.pdf\"><i><svg width=\"20\" height=\"20\" viewBox=\"0 0 20 20\" fill=\"none\" xmlns=\"http:\/\/www.w3.org\/2000\/svg\">\n<g clip-path=\"url(#clip0)\">\n<path d=\"M19.8633 5.42623V5.38934C19.8432 5.34518 19.8154 5.30497 19.7813 5.27049L14.6051 0.102459C14.5694 0.0679303 14.5277 0.0401639 14.4821 0.0204918H14.4452C14.4095 0.00860656 14.3722 0.00169057 14.3346 0H3.79771C3.38034 0.00870902 3.04412 0.344928 3.03541 0.762295V4.90164H0.932953C0.480238 4.90164 0.113281 5.2686 0.113281 5.72131V10.0943C0.113281 10.547 0.480238 10.9139 0.932953 10.9139H3.03541V19.2213C3.03541 19.6514 3.38403 20 3.8141 20H19.1092C19.5393 20 19.8879 19.6514 19.8879 19.2213V5.55738C19.8879 5.55738 19.8879 5.55738 19.8879 5.53279C19.8845 5.49631 19.8762 5.4605 19.8633 5.42623ZM14.7239 1.38525L18.4903 5.14754H14.7239V1.38525ZM0.932953 10.0943V5.72131H9.59279V10.0943H0.932953ZM19.0682 19.1803H3.85508V10.9139H9.59279C10.0455 10.9139 10.4125 10.547 10.4125 10.0943V5.72131C10.4125 5.2686 10.0455 4.90164 9.59279 4.90164H3.85508V0.803279H13.9043V5.18852C13.9065 5.61767 14.2538 5.96496 14.683 5.96721H19.0682V19.1803Z\" fill=\"black\"><\/path>\n<path d=\"M3.8796 7.18776C3.8486 6.76338 3.47939 6.44448 3.05501 6.47547H2.41157C2.30291 6.47547 2.21484 6.56353 2.21484 6.67219V8.79103C2.21484 8.9042 2.3066 8.99595 2.41976 8.99595C2.53293 8.99595 2.62468 8.9042 2.62468 8.79103V8.01235H3.05501C3.09241 8.01506 3.12996 8.01506 3.1673 8.01235C3.59174 7.98135 3.91064 7.61214 3.8796 7.18776ZM3.0673 7.61481H2.62468V6.87301H3.0673C3.27217 6.87301 3.4382 7.03904 3.4382 7.24391C3.4382 7.44877 3.27217 7.61481 3.0673 7.61481Z\" fill=\"black\"><\/path>\n<path d=\"M4.92887 6.47559H4.51904C4.41038 6.47559 4.32232 6.56365 4.32232 6.67231V8.79115C4.32227 8.79254 4.32227 8.79392 4.32227 8.7953C4.32227 8.90396 4.41038 8.99202 4.51904 8.99197H4.92887C5.62329 8.99166 6.1862 8.42881 6.1865 7.73434C6.18681 7.03947 5.62375 6.47589 4.92887 6.47559ZM4.95346 8.59033H4.73215V6.87313H4.95346C5.382 6.90274 5.72308 7.24382 5.75269 7.67235C5.78548 8.14658 5.42764 8.55755 4.95346 8.59033Z\" fill=\"black\"><\/path>\n<path d=\"M8.27794 6.88542C8.39111 6.88542 8.48286 6.79367 8.48286 6.6805C8.48286 6.56734 8.39111 6.47559 8.27794 6.47559H7.10171C6.99305 6.47559 6.90499 6.56365 6.90499 6.67231V8.79116C6.90437 8.79823 6.90417 8.80529 6.90437 8.81242C6.90704 8.92102 6.9972 9.00693 7.10581 9.00427C7.21513 9.00427 7.30438 8.91687 7.30663 8.80755V7.9428H8.12631C8.23947 7.9428 8.33122 7.85104 8.33122 7.73788C8.33122 7.62471 8.23947 7.53296 8.12631 7.53296H7.30663V6.88542H8.27794Z\" fill=\"black\"><\/path>\n<\/g>\n<defs>\n<clippath id=\"clip0\">\n<rect width=\"20\" height=\"20\" fill=\"white\"><\/rect>\n<\/clippath>\n<\/defs>\n<\/svg><br \/>\n<\/i>Data sheet (PDF)<\/a><\/div>\n<\/p>\n<\/ul>\n<\/div>\n\n<div class=\"column\">\n<p><strong>Datenblatt PDF &#8211; German<\/strong><\/p>\n<p><img decoding=\"async\" class=\"aligncenter\" src=\"https:\/\/adixatex.com\/wp-content\/uploads\/2021\/02\/supression.jpg\" width=\"254\" height=\"147\" \/><\/p>\n<ul>\n<p><div class=\"shortcode_download shortcode_download_left\"><a href=\"https:\/\/adixatex.com\/wp-content\/uploads\/2021\/02\/1905-Supresion-DE.pdf\"><i><svg width=\"20\" height=\"20\" viewBox=\"0 0 20 20\" fill=\"none\" xmlns=\"http:\/\/www.w3.org\/2000\/svg\">\n<g clip-path=\"url(#clip0)\">\n<path d=\"M19.8633 5.42623V5.38934C19.8432 5.34518 19.8154 5.30497 19.7813 5.27049L14.6051 0.102459C14.5694 0.0679303 14.5277 0.0401639 14.4821 0.0204918H14.4452C14.4095 0.00860656 14.3722 0.00169057 14.3346 0H3.79771C3.38034 0.00870902 3.04412 0.344928 3.03541 0.762295V4.90164H0.932953C0.480238 4.90164 0.113281 5.2686 0.113281 5.72131V10.0943C0.113281 10.547 0.480238 10.9139 0.932953 10.9139H3.03541V19.2213C3.03541 19.6514 3.38403 20 3.8141 20H19.1092C19.5393 20 19.8879 19.6514 19.8879 19.2213V5.55738C19.8879 5.55738 19.8879 5.55738 19.8879 5.53279C19.8845 5.49631 19.8762 5.4605 19.8633 5.42623ZM14.7239 1.38525L18.4903 5.14754H14.7239V1.38525ZM0.932953 10.0943V5.72131H9.59279V10.0943H0.932953ZM19.0682 19.1803H3.85508V10.9139H9.59279C10.0455 10.9139 10.4125 10.547 10.4125 10.0943V5.72131C10.4125 5.2686 10.0455 4.90164 9.59279 4.90164H3.85508V0.803279H13.9043V5.18852C13.9065 5.61767 14.2538 5.96496 14.683 5.96721H19.0682V19.1803Z\" fill=\"black\"><\/path>\n<path d=\"M3.8796 7.18776C3.8486 6.76338 3.47939 6.44448 3.05501 6.47547H2.41157C2.30291 6.47547 2.21484 6.56353 2.21484 6.67219V8.79103C2.21484 8.9042 2.3066 8.99595 2.41976 8.99595C2.53293 8.99595 2.62468 8.9042 2.62468 8.79103V8.01235H3.05501C3.09241 8.01506 3.12996 8.01506 3.1673 8.01235C3.59174 7.98135 3.91064 7.61214 3.8796 7.18776ZM3.0673 7.61481H2.62468V6.87301H3.0673C3.27217 6.87301 3.4382 7.03904 3.4382 7.24391C3.4382 7.44877 3.27217 7.61481 3.0673 7.61481Z\" fill=\"black\"><\/path>\n<path d=\"M4.92887 6.47559H4.51904C4.41038 6.47559 4.32232 6.56365 4.32232 6.67231V8.79115C4.32227 8.79254 4.32227 8.79392 4.32227 8.7953C4.32227 8.90396 4.41038 8.99202 4.51904 8.99197H4.92887C5.62329 8.99166 6.1862 8.42881 6.1865 7.73434C6.18681 7.03947 5.62375 6.47589 4.92887 6.47559ZM4.95346 8.59033H4.73215V6.87313H4.95346C5.382 6.90274 5.72308 7.24382 5.75269 7.67235C5.78548 8.14658 5.42764 8.55755 4.95346 8.59033Z\" fill=\"black\"><\/path>\n<path d=\"M8.27794 6.88542C8.39111 6.88542 8.48286 6.79367 8.48286 6.6805C8.48286 6.56734 8.39111 6.47559 8.27794 6.47559H7.10171C6.99305 6.47559 6.90499 6.56365 6.90499 6.67231V8.79116C6.90437 8.79823 6.90417 8.80529 6.90437 8.81242C6.90704 8.92102 6.9972 9.00693 7.10581 9.00427C7.21513 9.00427 7.30438 8.91687 7.30663 8.80755V7.9428H8.12631C8.23947 7.9428 8.33122 7.85104 8.33122 7.73788C8.33122 7.62471 8.23947 7.53296 8.12631 7.53296H7.30663V6.88542H8.27794Z\" fill=\"black\"><\/path>\n<\/g>\n<defs>\n<clippath id=\"clip0\">\n<rect width=\"20\" height=\"20\" fill=\"white\"><\/rect>\n<\/clippath>\n<\/defs>\n<\/svg><br \/>\n<\/i>Datenblatt (PDF)<\/a><\/div>\n<\/p>\n<\/ul>\n<\/div>\n<\/section>\n<\/p>\n<\/div>\n<\/div>\n","protected":false},"excerpt":{"rendered":"<p>Sistema de supresi\u00f3n qu\u00edmica de explosiones basado en la monitorizaci\u00f3n continua de la presi\u00f3n o radiaci\u00f3n infrarroja, de manera que, en caso de explosi\u00f3n,\u00a0<strong>el detector activa la inyecci\u00f3n de un agente qu\u00edmico supresor impidiendo que se desarrollen altas presiones por explosiones<\/strong>\u00a0de polvo combustible en el interior de equipos o recipientes industriales que no han sido dise\u00f1ados para resistirlas.<\/p>\n<p>Funcionamiento basado en 3 fases:<\/p>\n<p style=\"padding-left: 40px;\"><strong>1\u00ba<\/strong> <strong>Detecci\u00f3n:<\/strong> mediante presi\u00f3n o llama.<\/p>\n<p style=\"padding-left: 40px;\"><strong>2\u00ba<\/strong> <strong>Iniciaci\u00f3n:<\/strong> env\u00edo y procesamiento de la se\u00f1al resultado de la detecci\u00f3n y, posterior inicio de apertura del recipiente.<\/p>\n<p style=\"padding-left: 40px;\"><strong>3\u00ba<\/strong> <strong>Supresi\u00f3n y aislamiento qu\u00edmico:<\/strong> descarga del extintor. Inerte y compatible con alimentaci\u00f3n humana.<\/p>\n<p>Par\u00e1metros caracter\u00edsticos:<\/p>\n<ul>\n<li>Una respuesta extremadamente r\u00e1pida<\/li>\n<li>Activaci\u00f3n dual en prevenci\u00f3n de fallos<\/li>\n<li>Man\u00f3metro indicador de presi\u00f3n<\/li>\n<li>Opci\u00f3n de presostato indicador presi\u00f3n baja.<\/li>\n<\/ul>\n","protected":false},"featured_media":14202,"comment_status":"open","ping_status":"closed","template":"","meta":[],"product_brand":[],"product_cat":[2025],"product_tag":[],"class_list":{"0":"post-14197","1":"product","2":"type-product","3":"status-publish","4":"has-post-thumbnail","6":"product_cat-proteccion-contra-explosiones-es-mx","8":"first","9":"instock","10":"shipping-taxable","11":"purchasable","12":"product-type-simple"},"yoast_head":"<!-- This site is optimized with the Yoast SEO plugin v24.4 - https:\/\/yoast.com\/wordpress\/plugins\/seo\/ -->\n<title>Supresi\u00f3n Qu\u00edmica \/ Aislamiento qu\u00edmico - Adixatex<\/title>\n<meta name=\"robots\" content=\"noindex, follow, max-snippet:-1, max-image-preview:large, max-video-preview:-1\" \/>\n<meta property=\"og:locale\" content=\"es_MX\" \/>\n<meta property=\"og:type\" content=\"article\" \/>\n<meta property=\"og:title\" content=\"Supresi\u00f3n Qu\u00edmica \/ Aislamiento qu\u00edmico - Adixatex\" \/>\n<meta property=\"og:description\" content=\"Sistema de supresi\u00f3n qu\u00edmica de explosiones basado en la monitorizaci\u00f3n continua de la presi\u00f3n o radiaci\u00f3n infrarroja, de manera que, en caso de explosi\u00f3n,\u00a0el detector activa la inyecci\u00f3n de un agente qu\u00edmico supresor impidiendo que se desarrollen altas presiones por explosiones\u00a0de polvo combustible en el interior de equipos o recipientes industriales que no han sido dise\u00f1ados para resistirlas.  Funcionamiento basado en 3 fases: 1\u00ba Detecci\u00f3n: mediante presi\u00f3n o llama. 2\u00ba Iniciaci\u00f3n: env\u00edo y procesamiento de la se\u00f1al resultado de la detecci\u00f3n y, posterior inicio de apertura del recipiente. 3\u00ba Supresi\u00f3n y aislamiento qu\u00edmico: descarga del extintor. Inerte y compatible con alimentaci\u00f3n humana. Par\u00e1metros caracter\u00edsticos:   Una respuesta extremadamente r\u00e1pida  Activaci\u00f3n dual en prevenci\u00f3n de fallos  Man\u00f3metro indicador de presi\u00f3n  Opci\u00f3n de presostato indicador presi\u00f3n baja.\" \/>\n<meta property=\"og:url\" content=\"https:\/\/www2.adixatex.com\/pr\/supresion-aislamiento-quimico\/\" \/>\n<meta property=\"og:site_name\" content=\"Adixatex\" \/>\n<meta property=\"og:image\" content=\"https:\/\/www2.adixatex.com\/wp-content\/uploads\/2020\/11\/Botella.jpg\" \/>\n\t<meta property=\"og:image:width\" content=\"1000\" \/>\n\t<meta property=\"og:image:height\" content=\"1000\" \/>\n\t<meta property=\"og:image:type\" content=\"image\/jpeg\" \/>\n<meta name=\"twitter:card\" content=\"summary_large_image\" \/>\n<meta name=\"twitter:site\" content=\"@adixprotection\" \/>\n<meta name=\"twitter:label1\" content=\"Tiempo de lectura\" \/>\n\t<meta name=\"twitter:data1\" content=\"2 minutos\" \/>\n<script type=\"application\/ld+json\" class=\"yoast-schema-graph\">{\"@context\":\"https:\/\/schema.org\",\"@graph\":[{\"@type\":\"WebPage\",\"@id\":\"https:\/\/www2.adixatex.com\/pr\/supresion-aislamiento-quimico\/\",\"url\":\"https:\/\/www2.adixatex.com\/pr\/supresion-aislamiento-quimico\/\",\"name\":\"Supresi\u00f3n Qu\u00edmica \/ Aislamiento qu\u00edmico - Adixatex\",\"isPartOf\":{\"@id\":\"https:\/\/www2.adixatex.com\/#website\"},\"primaryImageOfPage\":{\"@id\":\"https:\/\/www2.adixatex.com\/pr\/supresion-aislamiento-quimico\/#primaryimage\"},\"image\":{\"@id\":\"https:\/\/www2.adixatex.com\/pr\/supresion-aislamiento-quimico\/#primaryimage\"},\"thumbnailUrl\":\"https:\/\/www2.adixatex.com\/wp-content\/uploads\/2020\/11\/Botella.jpg\",\"datePublished\":\"2020-11-12T13:53:20+00:00\",\"breadcrumb\":{\"@id\":\"https:\/\/www2.adixatex.com\/pr\/supresion-aislamiento-quimico\/#breadcrumb\"},\"inLanguage\":\"es\",\"potentialAction\":[{\"@type\":\"ReadAction\",\"target\":[\"https:\/\/www2.adixatex.com\/pr\/supresion-aislamiento-quimico\/\"]}]},{\"@type\":\"ImageObject\",\"inLanguage\":\"es\",\"@id\":\"https:\/\/www2.adixatex.com\/pr\/supresion-aislamiento-quimico\/#primaryimage\",\"url\":\"https:\/\/www2.adixatex.com\/wp-content\/uploads\/2020\/11\/Botella.jpg\",\"contentUrl\":\"https:\/\/www2.adixatex.com\/wp-content\/uploads\/2020\/11\/Botella.jpg\",\"width\":1000,\"height\":1000},{\"@type\":\"BreadcrumbList\",\"@id\":\"https:\/\/www2.adixatex.com\/pr\/supresion-aislamiento-quimico\/#breadcrumb\",\"itemListElement\":[{\"@type\":\"ListItem\",\"position\":1,\"name\":\"Inicio\",\"item\":\"https:\/\/www2.adixatex.com\/\"},{\"@type\":\"ListItem\",\"position\":2,\"name\":\"Productos\",\"item\":\"https:\/\/www2.adixatex.com\/productos\/\"},{\"@type\":\"ListItem\",\"position\":3,\"name\":\"Supresi\u00f3n Qu\u00edmica \/ Aislamiento qu\u00edmico\"}]},{\"@type\":\"WebSite\",\"@id\":\"https:\/\/www2.adixatex.com\/#website\",\"url\":\"https:\/\/www2.adixatex.com\/\",\"name\":\"Adixatex\",\"description\":\"Prevenci\u00f3n y protecci\u00f3n de atm\u00f3sferas explosivas\",\"inLanguage\":\"es\"}]}<\/script>\n<!-- \/ Yoast SEO plugin. -->","yoast_head_json":{"title":"Supresi\u00f3n Qu\u00edmica \/ Aislamiento qu\u00edmico - Adixatex","robots":{"index":"noindex","follow":"follow","max-snippet":"max-snippet:-1","max-image-preview":"max-image-preview:large","max-video-preview":"max-video-preview:-1"},"og_locale":"es_MX","og_type":"article","og_title":"Supresi\u00f3n Qu\u00edmica \/ Aislamiento qu\u00edmico - Adixatex","og_description":"Sistema de supresi\u00f3n qu\u00edmica de explosiones basado en la monitorizaci\u00f3n continua de la presi\u00f3n o radiaci\u00f3n infrarroja, de manera que, en caso de explosi\u00f3n,\u00a0el detector activa la inyecci\u00f3n de un agente qu\u00edmico supresor impidiendo que se desarrollen altas presiones por explosiones\u00a0de polvo combustible en el interior de equipos o recipientes industriales que no han sido dise\u00f1ados para resistirlas.  Funcionamiento basado en 3 fases: 1\u00ba Detecci\u00f3n: mediante presi\u00f3n o llama. 2\u00ba Iniciaci\u00f3n: env\u00edo y procesamiento de la se\u00f1al resultado de la detecci\u00f3n y, posterior inicio de apertura del recipiente. 3\u00ba Supresi\u00f3n y aislamiento qu\u00edmico: descarga del extintor. Inerte y compatible con alimentaci\u00f3n humana. Par\u00e1metros caracter\u00edsticos:   Una respuesta extremadamente r\u00e1pida  Activaci\u00f3n dual en prevenci\u00f3n de fallos  Man\u00f3metro indicador de presi\u00f3n  Opci\u00f3n de presostato indicador presi\u00f3n baja.","og_url":"https:\/\/www2.adixatex.com\/pr\/supresion-aislamiento-quimico\/","og_site_name":"Adixatex","og_image":[{"width":1000,"height":1000,"url":"https:\/\/www2.adixatex.com\/wp-content\/uploads\/2020\/11\/Botella.jpg","type":"image\/jpeg"}],"twitter_card":"summary_large_image","twitter_site":"@adixprotection","twitter_misc":{"Tiempo de lectura":"2 minutos"},"schema":{"@context":"https:\/\/schema.org","@graph":[{"@type":"WebPage","@id":"https:\/\/www2.adixatex.com\/pr\/supresion-aislamiento-quimico\/","url":"https:\/\/www2.adixatex.com\/pr\/supresion-aislamiento-quimico\/","name":"Supresi\u00f3n Qu\u00edmica \/ Aislamiento qu\u00edmico - Adixatex","isPartOf":{"@id":"https:\/\/www2.adixatex.com\/#website"},"primaryImageOfPage":{"@id":"https:\/\/www2.adixatex.com\/pr\/supresion-aislamiento-quimico\/#primaryimage"},"image":{"@id":"https:\/\/www2.adixatex.com\/pr\/supresion-aislamiento-quimico\/#primaryimage"},"thumbnailUrl":"https:\/\/www2.adixatex.com\/wp-content\/uploads\/2020\/11\/Botella.jpg","datePublished":"2020-11-12T13:53:20+00:00","breadcrumb":{"@id":"https:\/\/www2.adixatex.com\/pr\/supresion-aislamiento-quimico\/#breadcrumb"},"inLanguage":"es","potentialAction":[{"@type":"ReadAction","target":["https:\/\/www2.adixatex.com\/pr\/supresion-aislamiento-quimico\/"]}]},{"@type":"ImageObject","inLanguage":"es","@id":"https:\/\/www2.adixatex.com\/pr\/supresion-aislamiento-quimico\/#primaryimage","url":"https:\/\/www2.adixatex.com\/wp-content\/uploads\/2020\/11\/Botella.jpg","contentUrl":"https:\/\/www2.adixatex.com\/wp-content\/uploads\/2020\/11\/Botella.jpg","width":1000,"height":1000},{"@type":"BreadcrumbList","@id":"https:\/\/www2.adixatex.com\/pr\/supresion-aislamiento-quimico\/#breadcrumb","itemListElement":[{"@type":"ListItem","position":1,"name":"Inicio","item":"https:\/\/www2.adixatex.com\/"},{"@type":"ListItem","position":2,"name":"Productos","item":"https:\/\/www2.adixatex.com\/productos\/"},{"@type":"ListItem","position":3,"name":"Supresi\u00f3n Qu\u00edmica \/ Aislamiento qu\u00edmico"}]},{"@type":"WebSite","@id":"https:\/\/www2.adixatex.com\/#website","url":"https:\/\/www2.adixatex.com\/","name":"Adixatex","description":"Prevenci\u00f3n y protecci\u00f3n de atm\u00f3sferas explosivas","inLanguage":"es"}]}},"_links":{"self":[{"href":"https:\/\/www2.adixatex.com\/es-mx\/wp-json\/wp\/v2\/product\/14197","targetHints":{"allow":["GET"]}}],"collection":[{"href":"https:\/\/www2.adixatex.com\/es-mx\/wp-json\/wp\/v2\/product"}],"about":[{"href":"https:\/\/www2.adixatex.com\/es-mx\/wp-json\/wp\/v2\/types\/product"}],"replies":[{"embeddable":true,"href":"https:\/\/www2.adixatex.com\/es-mx\/wp-json\/wp\/v2\/comments?post=14197"}],"version-history":[{"count":0,"href":"https:\/\/www2.adixatex.com\/es-mx\/wp-json\/wp\/v2\/product\/14197\/revisions"}],"wp:featuredmedia":[{"embeddable":true,"href":"https:\/\/www2.adixatex.com\/es-mx\/wp-json\/wp\/v2\/media\/14202"}],"wp:attachment":[{"href":"https:\/\/www2.adixatex.com\/es-mx\/wp-json\/wp\/v2\/media?parent=14197"}],"wp:term":[{"taxonomy":"product_brand","embeddable":true,"href":"https:\/\/www2.adixatex.com\/es-mx\/wp-json\/wp\/v2\/product_brand?post=14197"},{"taxonomy":"product_cat","embeddable":true,"href":"https:\/\/www2.adixatex.com\/es-mx\/wp-json\/wp\/v2\/product_cat?post=14197"},{"taxonomy":"product_tag","embeddable":true,"href":"https:\/\/www2.adixatex.com\/es-mx\/wp-json\/wp\/v2\/product_tag?post=14197"}],"curies":[{"name":"wp","href":"https:\/\/api.w.org\/{rel}","templated":true}]}}