{"id":15399,"date":"2025-01-21T11:09:20","date_gmt":"2025-01-21T10:09:20","guid":{"rendered":"https:\/\/adixatex.com\/blog\/"},"modified":"2025-01-21T11:09:20","modified_gmt":"2025-01-21T10:09:20","slug":"blog","status":"publish","type":"page","link":"https:\/\/www2.adixatex.com\/fr\/blog\/","title":{"rendered":"Blog"},"content":{"rendered":"\t\t<div data-elementor-type=\"wp-page\" data-elementor-id=\"15399\" class=\"elementor elementor-15399 elementor-14512\" data-elementor-post-type=\"page\">\n\t\t\t\t\t\t<section class=\"elementor-section elementor-top-section elementor-element elementor-element-bbc2742 elementor-section-boxed elementor-section-height-default elementor-section-height-default\" data-id=\"bbc2742\" data-element_type=\"section\">\n\t\t\t\t\t\t<div class=\"elementor-container elementor-column-gap-default\">\n\t\t\t\t\t<div class=\"elementor-column elementor-col-100 elementor-top-column elementor-element elementor-element-fc6711a\" data-id=\"fc6711a\" data-element_type=\"column\">\n\t\t\t<div class=\"elementor-widget-wrap elementor-element-populated\">\n\t\t\t\t\t\t<div class=\"elementor-element elementor-element-7e86c06 elementor-grid-1 elementor-posts--align-left elementor-posts--thumbnail-left first-widget elementor-grid-tablet-2 elementor-grid-mobile-1 elementor-widget elementor-widget-posts\" data-id=\"7e86c06\" data-element_type=\"widget\" data-settings=\"{&quot;classic_columns&quot;:&quot;1&quot;,&quot;classic_columns_tablet&quot;:&quot;2&quot;,&quot;classic_columns_mobile&quot;:&quot;1&quot;,&quot;classic_row_gap&quot;:{&quot;unit&quot;:&quot;px&quot;,&quot;size&quot;:35,&quot;sizes&quot;:[]},&quot;classic_row_gap_tablet&quot;:{&quot;unit&quot;:&quot;px&quot;,&quot;size&quot;:&quot;&quot;,&quot;sizes&quot;:[]},&quot;classic_row_gap_mobile&quot;:{&quot;unit&quot;:&quot;px&quot;,&quot;size&quot;:&quot;&quot;,&quot;sizes&quot;:[]}}\" data-widget_type=\"posts.classic\">\n\t\t\t\t<div class=\"elementor-widget-container\">\n\t\t\t\t\t\t\t<div class=\"elementor-posts-container elementor-posts elementor-posts--skin-classic elementor-grid\">\n\t\t\t\t<article class=\"elementor-post elementor-grid-item post-16143 post type-post status-publish format-standard has-post-thumbnail hentry category-ressources tag-nouveautes-de-produits tag-protection-contre-les-explosions\">\n\t\t\t\t<a class=\"elementor-post__thumbnail__link\" href=\"https:\/\/www2.adixatex.com\/fr\/proximamente-valvula-de-clapeta-novex-ii-de-adix\/\" tabindex=\"-1\">\n\t\t\t<div class=\"elementor-post__thumbnail\"><img fetchpriority=\"high\" decoding=\"async\" width=\"300\" height=\"169\" src=\"https:\/\/www2.adixatex.com\/wp-content\/uploads\/2022\/01\/Rojo-Gris-Triangulos-Zapatos-Producto-Presentacion-300x169.jpg\" class=\"attachment-medium size-medium wp-image-11672\" alt=\"\" srcset=\"https:\/\/www2.adixatex.com\/wp-content\/uploads\/2022\/01\/Rojo-Gris-Triangulos-Zapatos-Producto-Presentacion-300x169.jpg 300w, https:\/\/www2.adixatex.com\/wp-content\/uploads\/2022\/01\/Rojo-Gris-Triangulos-Zapatos-Producto-Presentacion-750x422.jpg 750w, https:\/\/www2.adixatex.com\/wp-content\/uploads\/2022\/01\/Rojo-Gris-Triangulos-Zapatos-Producto-Presentacion-768x432.jpg 768w, https:\/\/www2.adixatex.com\/wp-content\/uploads\/2022\/01\/Rojo-Gris-Triangulos-Zapatos-Producto-Presentacion-1536x864.jpg 1536w, https:\/\/www2.adixatex.com\/wp-content\/uploads\/2022\/01\/Rojo-Gris-Triangulos-Zapatos-Producto-Presentacion-600x338.jpg 600w, https:\/\/www2.adixatex.com\/wp-content\/uploads\/2022\/01\/Rojo-Gris-Triangulos-Zapatos-Producto-Presentacion.jpg 1920w\" sizes=\"(max-width: 300px) 100vw, 300px\" \/><\/div>\n\t\t<\/a>\n\t\t\t\t<div class=\"elementor-post__text\">\n\t\t\t\t<h2 class=\"elementor-post__title\">\n\t\t\t<a href=\"https:\/\/www2.adixatex.com\/fr\/proximamente-valvula-de-clapeta-novex-ii-de-adix\/\">\n\t\t\t\tBient\u00f4t disponible : nouvelle vanne \u00e0 clapet NOVEx II pour l&rsquo;isolement passif des explosions d&rsquo;Adix Explosion Protection.\t\t\t<\/a>\n\t\t<\/h2>\n\t\t\t\t<div class=\"elementor-post__excerpt\">\n\t\t\t<p>Apr\u00e8s des mois de recherche, de d\u00e9veloppement et de tests, nous pr\u00e9sentons la nouvelle vanne \u00e0 clapet NOVEx II d&rsquo;Adix pour l&rsquo;isolement passif des explosions. Cette nouvelle version am\u00e9liore les caract\u00e9ristiques du mod\u00e8le pr\u00e9c\u00e9dent et offre un champ d&rsquo;application \u00e9largi : Installation verticale. Conception plus compacte. L\u00e9g\u00e8ret\u00e9 des mat\u00e9riaux. Substances<\/p>\n\t\t<\/div>\n\t\t\n\t\t<a class=\"elementor-post__read-more\" href=\"https:\/\/www2.adixatex.com\/fr\/proximamente-valvula-de-clapeta-novex-ii-de-adix\/\" aria-label=\"Read more about Bient\u00f4t disponible : nouvelle vanne \u00e0 clapet NOVEx II pour l&rsquo;isolement passif des explosions d&rsquo;Adix Explosion Protection.\" tabindex=\"-1\">\n\t\t\tLire \u00bb\t\t<\/a>\n\n\t\t\t\t<\/div>\n\t\t\t\t<\/article>\n\t\t\t\t<\/div>\n\t\t\n\t\t\t\t\t\t<\/div>\n\t\t\t\t<\/div>\n\t\t\t\t\t<\/div>\n\t\t<\/div>\n\t\t\t\t\t<\/div>\n\t\t<\/section>\n\t\t\t\t<section class=\"elementor-section elementor-top-section elementor-element elementor-element-381fe89 elementor-section-boxed elementor-section-height-default elementor-section-height-default\" data-id=\"381fe89\" data-element_type=\"section\">\n\t\t\t\t\t\t<div class=\"elementor-container elementor-column-gap-default\">\n\t\t\t\t\t<div class=\"elementor-column elementor-col-100 elementor-top-column elementor-element elementor-element-41f704c\" data-id=\"41f704c\" data-element_type=\"column\">\n\t\t\t<div class=\"elementor-widget-wrap elementor-element-populated\">\n\t\t\t\t\t\t<div class=\"elementor-element elementor-element-4e1e4ec elementor-widget elementor-widget-spacer\" data-id=\"4e1e4ec\" data-element_type=\"widget\" data-widget_type=\"spacer.default\">\n\t\t\t\t<div class=\"elementor-widget-container\">\n\t\t\t\t\t\t\t<div class=\"elementor-spacer\">\n\t\t\t<div class=\"elementor-spacer-inner\"><\/div>\n\t\t<\/div>\n\t\t\t\t\t\t<\/div>\n\t\t\t\t<\/div>\n\t\t\t\t\t<\/div>\n\t\t<\/div>\n\t\t\t\t\t<\/div>\n\t\t<\/section>\n\t\t\t\t<section class=\"elementor-section elementor-top-section elementor-element elementor-element-ed8d13e elementor-section-boxed elementor-section-height-default elementor-section-height-default\" data-id=\"ed8d13e\" data-element_type=\"section\">\n\t\t\t\t\t\t<div class=\"elementor-container elementor-column-gap-default\">\n\t\t\t\t\t<div class=\"elementor-column elementor-col-100 elementor-top-column elementor-element elementor-element-8c7276b\" data-id=\"8c7276b\" data-element_type=\"column\">\n\t\t\t<div class=\"elementor-widget-wrap elementor-element-populated\">\n\t\t\t\t\t\t\t<\/div>\n\t\t<\/div>\n\t\t\t\t\t<\/div>\n\t\t<\/section>\n\t\t\t\t<\/div>\n\t\t","protected":false},"excerpt":{"rendered":"","protected":false},"author":15,"featured_media":0,"parent":0,"menu_order":0,"comment_status":"closed","ping_status":"closed","template":"","meta":{"footnotes":""},"class_list":["post-15399","page","type-page","status-publish","hentry"],"yoast_head":"<!-- This site is optimized with the Yoast SEO plugin v24.4 - https:\/\/yoast.com\/wordpress\/plugins\/seo\/ -->\n<title>Blog - Adixatex<\/title>\n<meta name=\"robots\" content=\"noindex, follow, max-snippet:-1, max-image-preview:large, max-video-preview:-1\" \/>\n<meta property=\"og:locale\" content=\"fr_FR\" \/>\n<meta property=\"og:type\" content=\"article\" \/>\n<meta property=\"og:title\" content=\"Blog - Adixatex\" \/>\n<meta property=\"og:url\" content=\"https:\/\/www2.adixatex.com\/blog\/\" \/>\n<meta property=\"og:site_name\" content=\"Adixatex\" \/>\n<meta name=\"twitter:card\" content=\"summary_large_image\" \/>\n<meta name=\"twitter:site\" content=\"@adixprotection\" \/>\n<script type=\"application\/ld+json\" class=\"yoast-schema-graph\">{\"@context\":\"https:\/\/schema.org\",\"@graph\":[{\"@type\":\"WebPage\",\"@id\":\"https:\/\/www2.adixatex.com\/blog\/\",\"url\":\"https:\/\/www2.adixatex.com\/blog\/\",\"name\":\"Blog - Adixatex\",\"isPartOf\":{\"@id\":\"https:\/\/www2.adixatex.com\/#website\"},\"datePublished\":\"2025-01-21T10:09:20+00:00\",\"breadcrumb\":{\"@id\":\"https:\/\/www2.adixatex.com\/blog\/#breadcrumb\"},\"inLanguage\":\"fr-FR\",\"potentialAction\":[{\"@type\":\"ReadAction\",\"target\":[\"https:\/\/www2.adixatex.com\/blog\/\"]}]},{\"@type\":\"BreadcrumbList\",\"@id\":\"https:\/\/www2.adixatex.com\/blog\/#breadcrumb\",\"itemListElement\":[{\"@type\":\"ListItem\",\"position\":1,\"name\":\"Accueil\",\"item\":\"https:\/\/www2.adixatex.com\/\"},{\"@type\":\"ListItem\",\"position\":2,\"name\":\"Blog\"}]},{\"@type\":\"WebSite\",\"@id\":\"https:\/\/www2.adixatex.com\/#website\",\"url\":\"https:\/\/www2.adixatex.com\/\",\"name\":\"Adixatex\",\"description\":\"Prevenci\u00f3n y protecci\u00f3n de atm\u00f3sferas explosivas\",\"inLanguage\":\"fr-FR\"}]}<\/script>\n<!-- \/ Yoast SEO plugin. -->","yoast_head_json":{"title":"Blog - Adixatex","robots":{"index":"noindex","follow":"follow","max-snippet":"max-snippet:-1","max-image-preview":"max-image-preview:large","max-video-preview":"max-video-preview:-1"},"og_locale":"fr_FR","og_type":"article","og_title":"Blog - Adixatex","og_url":"https:\/\/www2.adixatex.com\/blog\/","og_site_name":"Adixatex","twitter_card":"summary_large_image","twitter_site":"@adixprotection","schema":{"@context":"https:\/\/schema.org","@graph":[{"@type":"WebPage","@id":"https:\/\/www2.adixatex.com\/blog\/","url":"https:\/\/www2.adixatex.com\/blog\/","name":"Blog - Adixatex","isPartOf":{"@id":"https:\/\/www2.adixatex.com\/#website"},"datePublished":"2025-01-21T10:09:20+00:00","breadcrumb":{"@id":"https:\/\/www2.adixatex.com\/blog\/#breadcrumb"},"inLanguage":"fr-FR","potentialAction":[{"@type":"ReadAction","target":["https:\/\/www2.adixatex.com\/blog\/"]}]},{"@type":"BreadcrumbList","@id":"https:\/\/www2.adixatex.com\/blog\/#breadcrumb","itemListElement":[{"@type":"ListItem","position":1,"name":"Accueil","item":"https:\/\/www2.adixatex.com\/"},{"@type":"ListItem","position":2,"name":"Blog"}]},{"@type":"WebSite","@id":"https:\/\/www2.adixatex.com\/#website","url":"https:\/\/www2.adixatex.com\/","name":"Adixatex","description":"Prevenci\u00f3n y protecci\u00f3n de atm\u00f3sferas explosivas","inLanguage":"fr-FR"}]}},"_links":{"self":[{"href":"https:\/\/www2.adixatex.com\/fr\/wp-json\/wp\/v2\/pages\/15399","targetHints":{"allow":["GET"]}}],"collection":[{"href":"https:\/\/www2.adixatex.com\/fr\/wp-json\/wp\/v2\/pages"}],"about":[{"href":"https:\/\/www2.adixatex.com\/fr\/wp-json\/wp\/v2\/types\/page"}],"author":[{"embeddable":true,"href":"https:\/\/www2.adixatex.com\/fr\/wp-json\/wp\/v2\/users\/15"}],"replies":[{"embeddable":true,"href":"https:\/\/www2.adixatex.com\/fr\/wp-json\/wp\/v2\/comments?post=15399"}],"version-history":[{"count":1,"href":"https:\/\/www2.adixatex.com\/fr\/wp-json\/wp\/v2\/pages\/15399\/revisions"}],"predecessor-version":[{"id":15400,"href":"https:\/\/www2.adixatex.com\/fr\/wp-json\/wp\/v2\/pages\/15399\/revisions\/15400"}],"wp:attachment":[{"href":"https:\/\/www2.adixatex.com\/fr\/wp-json\/wp\/v2\/media?parent=15399"}],"curies":[{"name":"wp","href":"https:\/\/api.w.org\/{rel}","templated":true}]}}