{"id":1694,"date":"2020-11-09T13:26:34","date_gmt":"2020-11-09T12:26:34","guid":{"rendered":"https:\/\/adixatex.com\/formacion\/"},"modified":"2021-11-18T14:04:31","modified_gmt":"2021-11-18T13:04:31","slug":"formacion","status":"publish","type":"page","link":"https:\/\/www2.adixatex.com\/fr\/formacion\/","title":{"rendered":"Formation"},"content":{"rendered":"<section class=\"shortcode_articles three_columns\">\n<article>\n<figure><img decoding=\"async\" src=\"https:\/\/adixatex.com\/wp-content\/uploads\/2021\/02\/formacion_ismatex3.jpg\" alt=\"IsmaATEX\"\/><\/figure>\n<div class=\"info\">\n<h3><a href=\"#\">IsmaATEX<\/a><\/h3>\n\n<p><span class=\"VIiyi\" lang=\"fr\"><span class=\"JLqJ4b ChMk0b\" data-language-for-alternatives=\"fr\" data-language-to-translate-into=\"es\" data-phrase-index=\"0\">Organisme notifiant fran\u00e7ais (INERIS) pour la certification des personnes dans le domaine des ATmosph\u00e8res EXplosiva<\/span><\/span><\/p>\n<p><span class=\"link false_link\" data-link=\"parent_h3\">Plus d&rsquo;information<i><svg fill=\"none\" height=\"8\" viewBox=\"0 0 21 8\" width=\"21\" xmlns=\"http:\/\/www.w3.org\/2000\/svg\"><path d=\"m20.3536 4.35355c.1952-.19526.1952-.51184 0-.70711l-3.182-3.181975c-.1953-.195263-.5119-.195263-.7071 0-.1953.195262-.1953.511844 0 .707105l2.8284 2.82843-2.8284 2.82843c-.1953.19526-.1953.51184 0 .7071.1952.19526.5118.19526.7071 0zm-20.35359996.14645h19.99999996v-1h-20.00000004z\" fill=\"#000\"><\/path><\/svg><\/i><\/span><\/p><\/div>\n<\/article>\n<article>\n<figure><img decoding=\"async\" src=\"https:\/\/adixatex.com\/wp-content\/uploads\/2021\/02\/formacion_personalizada1.jpg\" alt=\"\"\/><\/figure>\n<div class=\"info\">\n<p><span class=\"VIiyi\" lang=\"fr\"><span class=\"JLqJ4b ChMk0b\" data-language-for-alternatives=\"fr\" data-language-to-translate-into=\"es\" data-phrase-index=\"0\">Nous adaptons nos formations aux besoins de vos \u00e9quipes et professionnels<\/span><\/span><\/p>\n<p><span class=\"link false_link\" data-link=\"parent_h3\">Plus d&rsquo;information<i><svg fill=\"none\" height=\"8\" viewBox=\"0 0 21 8\" width=\"21\" xmlns=\"http:\/\/www.w3.org\/2000\/svg\"><path d=\"m20.3536 4.35355c.1952-.19526.1952-.51184 0-.70711l-3.182-3.181975c-.1953-.195263-.5119-.195263-.7071 0-.1953.195262-.1953.511844 0 .707105l2.8284 2.82843-2.8284 2.82843c-.1953.19526-.1953.51184 0 .7071.1952.19526.5118.19526.7071 0zm-20.35359996.14645h19.99999996v-1h-20.00000004z\" fill=\"#000\"><\/path><\/svg><\/i><\/span><\/p><\/div>\n<\/article>\n<article>\n<figure><img decoding=\"async\" src=\"https:\/\/adixatex.com\/wp-content\/uploads\/2021\/02\/formacion_online1.jpg\" alt=\"\"\/><\/figure>\n<div class=\"info\">\n<p><span class=\"VIiyi\" lang=\"fr\"><span class=\"JLqJ4b ChMk0b\" data-language-for-alternatives=\"fr\" data-language-to-translate-into=\"es\" data-phrase-index=\"0\">Parfois la mobilit\u00e9 est un \u00abhandicap\u00bb mais nous avons la technologie pour proposer nos cours en ligne avec la m\u00eame efficacit\u00e9 qu&rsquo;en personne.<\/span><\/span><\/p>\n<p><span class=\"link false_link\" data-link=\"parent_h3\">Plus d&rsquo;information<i><svg fill=\"none\" height=\"8\" viewBox=\"0 0 21 8\" width=\"21\" xmlns=\"http:\/\/www.w3.org\/2000\/svg\"><path d=\"m20.3536 4.35355c.1952-.19526.1952-.51184 0-.70711l-3.182-3.181975c-.1953-.195263-.5119-.195263-.7071 0-.1953.195262-.1953.511844 0 .707105l2.8284 2.82843-2.8284 2.82843c-.1953.19526-.1953.51184 0 .7071.1952.19526.5118.19526.7071 0zm-20.35359996.14645h19.99999996v-1h-20.00000004z\" fill=\"#000\"><\/path><\/svg><\/i><\/span><\/p><\/div>\n<\/article>\n<\/section>\n\n\n<p style=\"text-align: center;\">________________________________________________________________________________________________<\/p>\n<p><span class=\"VIiyi\" lang=\"fr\"><span class=\"JLqJ4b ChMk0b\" data-language-for-alternatives=\"fr\" data-language-to-translate-into=\"es\" data-phrase-index=\"0\">La certification ATEX identifie les Atmosph\u00e8res EXplosives conformes \u00e0 la norme, garantissant que les \u00e9quipements ou syst\u00e8mes de protection remplissent leur fonction et qu&rsquo;ils contiennent les informations n\u00e9cessaires pour que lesdits \u00e9quipements ou syst\u00e8mes puissent \u00eatre utilis\u00e9s sans risques et avec une efficacit\u00e9 garantie.<\/span><\/span><\/p>\n<section class=\"shortcode_follow shortcode_follow_Linkedin\"><span class=\"icon\"><i><\/i><\/span><p class=\"follow\">Suivez-nous sur<span>Linkedin<\/span><\/p><a href=\"#\" target=\"_blank\" rel=\"nofollow noopener noreferrer\">Encore ici<\/a><\/section>\n","protected":false},"excerpt":{"rendered":"<p>________________________________________________________________________________________________ La certification ATEX identifie les Atmosph\u00e8res EXplosives conformes \u00e0 la norme, garantissant que les \u00e9quipements ou syst\u00e8mes de protection remplissent leur fonction et qu&rsquo;ils contiennent les informations n\u00e9cessaires pour que lesdits \u00e9quipements ou syst\u00e8mes puissent \u00eatre utilis\u00e9s sans risques et avec une efficacit\u00e9 garantie.<\/p>\n","protected":false},"author":2,"featured_media":1921,"parent":0,"menu_order":0,"comment_status":"closed","ping_status":"closed","template":"page-templates\/corporative.php","meta":{"footnotes":""},"class_list":["post-1694","page","type-page","status-publish","has-post-thumbnail","hentry"],"yoast_head":"<!-- This site is optimized with the Yoast SEO plugin v24.4 - https:\/\/yoast.com\/wordpress\/plugins\/seo\/ -->\n<title>Formation - Adixatex<\/title>\n<meta name=\"description\" content=\"Cuando se trabaja con ciertas substancias o entornos con cierto car\u00e1cter explosivo es indispensable una buena formaci\u00f3n.\" \/>\n<meta name=\"robots\" content=\"noindex, follow, max-snippet:-1, max-image-preview:large, max-video-preview:-1\" \/>\n<meta property=\"og:locale\" content=\"fr_FR\" \/>\n<meta property=\"og:type\" content=\"article\" \/>\n<meta property=\"og:title\" content=\"Formation - Adixatex\" \/>\n<meta property=\"og:description\" content=\"Cuando se trabaja con ciertas substancias o entornos con cierto car\u00e1cter explosivo es indispensable una buena formaci\u00f3n.\" \/>\n<meta property=\"og:url\" content=\"https:\/\/www2.adixatex.com\/formacion-2\/\" \/>\n<meta property=\"og:site_name\" content=\"Adixatex\" \/>\n<meta property=\"article:modified_time\" content=\"2021-11-18T13:04:31+00:00\" \/>\n<meta property=\"og:image\" content=\"https:\/\/www2.adixatex.com\/wp-content\/uploads\/2021\/02\/formacion_home.jpg\" \/>\n\t<meta property=\"og:image:width\" content=\"1181\" \/>\n\t<meta property=\"og:image:height\" content=\"787\" \/>\n\t<meta property=\"og:image:type\" content=\"image\/jpeg\" \/>\n<meta name=\"twitter:card\" content=\"summary_large_image\" \/>\n<meta name=\"twitter:site\" content=\"@adixprotection\" \/>\n<meta name=\"twitter:label1\" content=\"Dur\u00e9e de lecture estim\u00e9e\" \/>\n\t<meta name=\"twitter:data1\" content=\"1 minute\" \/>\n<script type=\"application\/ld+json\" class=\"yoast-schema-graph\">{\"@context\":\"https:\/\/schema.org\",\"@graph\":[{\"@type\":\"WebPage\",\"@id\":\"https:\/\/www2.adixatex.com\/formacion-2\/\",\"url\":\"https:\/\/www2.adixatex.com\/formacion-2\/\",\"name\":\"Formation - Adixatex\",\"isPartOf\":{\"@id\":\"https:\/\/www2.adixatex.com\/#website\"},\"primaryImageOfPage\":{\"@id\":\"https:\/\/www2.adixatex.com\/formacion-2\/#primaryimage\"},\"image\":{\"@id\":\"https:\/\/www2.adixatex.com\/formacion-2\/#primaryimage\"},\"thumbnailUrl\":\"https:\/\/www2.adixatex.com\/wp-content\/uploads\/2021\/02\/formacion_home.jpg\",\"datePublished\":\"2020-11-09T12:26:34+00:00\",\"dateModified\":\"2021-11-18T13:04:31+00:00\",\"description\":\"Cuando se trabaja con ciertas substancias o entornos con cierto car\u00e1cter explosivo es indispensable una buena formaci\u00f3n.\",\"breadcrumb\":{\"@id\":\"https:\/\/www2.adixatex.com\/formacion-2\/#breadcrumb\"},\"inLanguage\":\"fr-FR\",\"potentialAction\":[{\"@type\":\"ReadAction\",\"target\":[\"https:\/\/www2.adixatex.com\/formacion-2\/\"]}]},{\"@type\":\"ImageObject\",\"inLanguage\":\"fr-FR\",\"@id\":\"https:\/\/www2.adixatex.com\/formacion-2\/#primaryimage\",\"url\":\"https:\/\/www2.adixatex.com\/wp-content\/uploads\/2021\/02\/formacion_home.jpg\",\"contentUrl\":\"https:\/\/www2.adixatex.com\/wp-content\/uploads\/2021\/02\/formacion_home.jpg\",\"width\":1181,\"height\":787,\"caption\":\"Low angle shot of speaker talking and looking at colleagues. Group of workers discussing ideas during presentation of new project at briefing. Business meeting concept\"},{\"@type\":\"BreadcrumbList\",\"@id\":\"https:\/\/www2.adixatex.com\/formacion-2\/#breadcrumb\",\"itemListElement\":[{\"@type\":\"ListItem\",\"position\":1,\"name\":\"Accueil\",\"item\":\"https:\/\/www2.adixatex.com\/\"},{\"@type\":\"ListItem\",\"position\":2,\"name\":\"Formation\"}]},{\"@type\":\"WebSite\",\"@id\":\"https:\/\/www2.adixatex.com\/#website\",\"url\":\"https:\/\/www2.adixatex.com\/\",\"name\":\"Adixatex\",\"description\":\"Prevenci\u00f3n y protecci\u00f3n de atm\u00f3sferas explosivas\",\"inLanguage\":\"fr-FR\"}]}<\/script>\n<!-- \/ Yoast SEO plugin. -->","yoast_head_json":{"title":"Formation - Adixatex","description":"Cuando se trabaja con ciertas substancias o entornos con cierto car\u00e1cter explosivo es indispensable una buena formaci\u00f3n.","robots":{"index":"noindex","follow":"follow","max-snippet":"max-snippet:-1","max-image-preview":"max-image-preview:large","max-video-preview":"max-video-preview:-1"},"og_locale":"fr_FR","og_type":"article","og_title":"Formation - Adixatex","og_description":"Cuando se trabaja con ciertas substancias o entornos con cierto car\u00e1cter explosivo es indispensable una buena formaci\u00f3n.","og_url":"https:\/\/www2.adixatex.com\/formacion-2\/","og_site_name":"Adixatex","article_modified_time":"2021-11-18T13:04:31+00:00","og_image":[{"width":1181,"height":787,"url":"https:\/\/www2.adixatex.com\/wp-content\/uploads\/2021\/02\/formacion_home.jpg","type":"image\/jpeg"}],"twitter_card":"summary_large_image","twitter_site":"@adixprotection","twitter_misc":{"Dur\u00e9e de lecture estim\u00e9e":"1 minute"},"schema":{"@context":"https:\/\/schema.org","@graph":[{"@type":"WebPage","@id":"https:\/\/www2.adixatex.com\/formacion-2\/","url":"https:\/\/www2.adixatex.com\/formacion-2\/","name":"Formation - Adixatex","isPartOf":{"@id":"https:\/\/www2.adixatex.com\/#website"},"primaryImageOfPage":{"@id":"https:\/\/www2.adixatex.com\/formacion-2\/#primaryimage"},"image":{"@id":"https:\/\/www2.adixatex.com\/formacion-2\/#primaryimage"},"thumbnailUrl":"https:\/\/www2.adixatex.com\/wp-content\/uploads\/2021\/02\/formacion_home.jpg","datePublished":"2020-11-09T12:26:34+00:00","dateModified":"2021-11-18T13:04:31+00:00","description":"Cuando se trabaja con ciertas substancias o entornos con cierto car\u00e1cter explosivo es indispensable una buena formaci\u00f3n.","breadcrumb":{"@id":"https:\/\/www2.adixatex.com\/formacion-2\/#breadcrumb"},"inLanguage":"fr-FR","potentialAction":[{"@type":"ReadAction","target":["https:\/\/www2.adixatex.com\/formacion-2\/"]}]},{"@type":"ImageObject","inLanguage":"fr-FR","@id":"https:\/\/www2.adixatex.com\/formacion-2\/#primaryimage","url":"https:\/\/www2.adixatex.com\/wp-content\/uploads\/2021\/02\/formacion_home.jpg","contentUrl":"https:\/\/www2.adixatex.com\/wp-content\/uploads\/2021\/02\/formacion_home.jpg","width":1181,"height":787,"caption":"Low angle shot of speaker talking and looking at colleagues. Group of workers discussing ideas during presentation of new project at briefing. Business meeting concept"},{"@type":"BreadcrumbList","@id":"https:\/\/www2.adixatex.com\/formacion-2\/#breadcrumb","itemListElement":[{"@type":"ListItem","position":1,"name":"Accueil","item":"https:\/\/www2.adixatex.com\/"},{"@type":"ListItem","position":2,"name":"Formation"}]},{"@type":"WebSite","@id":"https:\/\/www2.adixatex.com\/#website","url":"https:\/\/www2.adixatex.com\/","name":"Adixatex","description":"Prevenci\u00f3n y protecci\u00f3n de atm\u00f3sferas explosivas","inLanguage":"fr-FR"}]}},"_links":{"self":[{"href":"https:\/\/www2.adixatex.com\/fr\/wp-json\/wp\/v2\/pages\/1694","targetHints":{"allow":["GET"]}}],"collection":[{"href":"https:\/\/www2.adixatex.com\/fr\/wp-json\/wp\/v2\/pages"}],"about":[{"href":"https:\/\/www2.adixatex.com\/fr\/wp-json\/wp\/v2\/types\/page"}],"author":[{"embeddable":true,"href":"https:\/\/www2.adixatex.com\/fr\/wp-json\/wp\/v2\/users\/2"}],"replies":[{"embeddable":true,"href":"https:\/\/www2.adixatex.com\/fr\/wp-json\/wp\/v2\/comments?post=1694"}],"version-history":[{"count":6,"href":"https:\/\/www2.adixatex.com\/fr\/wp-json\/wp\/v2\/pages\/1694\/revisions"}],"predecessor-version":[{"id":3622,"href":"https:\/\/www2.adixatex.com\/fr\/wp-json\/wp\/v2\/pages\/1694\/revisions\/3622"}],"wp:featuredmedia":[{"embeddable":true,"href":"https:\/\/www2.adixatex.com\/fr\/wp-json\/wp\/v2\/media\/1921"}],"wp:attachment":[{"href":"https:\/\/www2.adixatex.com\/fr\/wp-json\/wp\/v2\/media?parent=1694"}],"curies":[{"name":"wp","href":"https:\/\/api.w.org\/{rel}","templated":true}]}}