{"id":2866,"date":"2021-02-22T10:23:20","date_gmt":"2021-02-22T09:23:20","guid":{"rendered":"https:\/\/adixatex.com\/servicios\/"},"modified":"2023-04-27T12:42:47","modified_gmt":"2023-04-27T10:42:47","slug":"servicios","status":"publish","type":"page","link":"https:\/\/www2.adixatex.com\/fr\/servicios\/","title":{"rendered":"Service"},"content":{"rendered":"<section class=\"shortcode_articles reverse_rows\">\n<article>\n<figure><img decoding=\"async\" src=\"https:\/\/adixatex.com\/wp-content\/uploads\/2021\/02\/2.-apoyo-tecnico.jpg\" alt=\"\"\/><\/figure>\n<div class=\"info\">\n<p><span class=\"VIiyi\" lang=\"fr\"><span class=\"JLqJ4b ChMk0b\" data-language-for-alternatives=\"fr\" data-language-to-translate-into=\"es\" data-phrase-index=\"0\">Nous ferons toujours de notre mieux pour r\u00e9soudre tout probl\u00e8me par t\u00e9l\u00e9phone, et notre \u00e9quipe d&rsquo;ing\u00e9nierie est disponible pour discuter de tout probl\u00e8me avec votre \u00e9quipement afin de minimiser les temps d&rsquo;arr\u00eat.<\/span><\/span><\/p>\n<p><span class=\"VIiyi\" lang=\"fr\"><span class=\"JLqJ4b ChMk0b\" data-language-for-alternatives=\"fr\" data-language-to-translate-into=\"es\" data-phrase-index=\"0\">Adix offre un service et une assistance in\u00e9gal\u00e9s \u00e0 nos clients du monde entier, garantissant un fonctionnement optimal de votre \u00e9quipement 24 heures sur 24, 7 jours sur 7.<\/span> <span class=\"JLqJ4b ChMk0b\" data-language-for-alternatives=\"fr\" data-language-to-translate-into=\"es\" data-phrase-index=\"1\">Contactez-nous pour des demandes de service et d&rsquo;assistance.<\/span><\/span><\/p>\n<p><span class=\"VIiyi\" lang=\"fr\"><span class=\"JLqJ4b ChMk0b\" data-language-for-alternatives=\"fr\" data-language-to-translate-into=\"es\" data-phrase-index=\"0\">Adix dispose d&rsquo;une \u00e9quipe de techniciens de service qui peuvent \u00eatre envoy\u00e9s sur le terrain pour fournir une assistance pour l&rsquo;installation, la mise en service ou le d\u00e9pannage et la r\u00e9paration.<\/span> <span class=\"JLqJ4b ChMk0b\" data-language-for-alternatives=\"fr\" data-language-to-translate-into=\"es\" data-phrase-index=\"1\">Notre \u00e9quipe est enti\u00e8rement certifi\u00e9e et form\u00e9e pour les op\u00e9rations en zone dangereuse afin de rendre votre \u00e9quipement op\u00e9rationnel et de r\u00e9duire les temps d&rsquo;arr\u00eat.<\/span><\/span><\/p>\n<\/div>\n<\/article>\n<article>\n<figure><img decoding=\"async\" src=\"https:\/\/adixatex.com\/wp-content\/uploads\/2021\/02\/3.-mantenimientos-y-reparaciones.jpg\" alt=\"\"\/><\/figure>\n<div class=\"info\">\n<p><span class=\"VIiyi\" lang=\"fr\"><span class=\"JLqJ4b ChMk0b\" data-language-for-alternatives=\"fr\" data-language-to-translate-into=\"es\" data-phrase-index=\"0\">Adix peut fournir un service complet de r\u00e9paration et de remise \u00e0 neuf des syst\u00e8mes de pr\u00e9vention et de protection contre les explosions.<\/span> <span class=\"JLqJ4b ChMk0b\" data-language-for-alternatives=\"fr\" data-language-to-translate-into=\"es\" data-phrase-index=\"1\">Nous pouvons remettre les syst\u00e8mes de s\u00e9curit\u00e9 aux normes appropri\u00e9es et d\u00e9livrer un nouveau certificat d&rsquo;ad\u00e9quation \u00e0 ATEX<\/span><\/span> .<\/p>\n<\/div>\n<\/article>\n<\/section>\n\n<h2><span class=\"VIiyi\" lang=\"fr\"><span class=\"JLqJ4b ChMk0b\" data-language-for-alternatives=\"fr\" data-language-to-translate-into=\"es\" data-phrase-index=\"0\">Audits de s\u00e9curit\u00e9<\/span><\/span><\/h2>\n<p><span class=\"VIiyi\" lang=\"fr\"><span class=\"JLqJ4b\" data-language-for-alternatives=\"fr\" data-language-to-translate-into=\"es\" data-phrase-index=\"0\">L&rsquo;audit annuel de s\u00e9curit\u00e9 Adix est une inspection compl\u00e8te de tous les composants et syst\u00e8mes critiques pour la s\u00e9curit\u00e9. Un Ex-ASA est une solution qui fournit un moyen de se conformer aux directives ATEX si elle est r\u00e9alis\u00e9e annuellement. Un Ex-ASA peut \u00e9galement s&rsquo;av\u00e9rer b\u00e9n\u00e9fique lors de l&rsquo;achat de mat\u00e9riel d&rsquo;occasion ou apr\u00e8s une r\u00e9novation ou une modification. <\/span><\/span><\/p>\n<p><span class=\"VIiyi\" lang=\"fr\"><span class=\"JLqJ4b\" data-language-for-alternatives=\"fr\" data-language-to-translate-into=\"es\" data-phrase-index=\"0\">L&rsquo;audit de s\u00e9curit\u00e9 annuel Adix EX est une inspection compl\u00e8te des composants critiques pour la s\u00e9curit\u00e9 dans nos conversions de protection contre les explosions. L&rsquo;EX-ASA garantit que l&rsquo;int\u00e9grit\u00e9 et la s\u00e9curit\u00e9 de votre \u00e9quipement de manutention ne sont pas compromises pendant sa dur\u00e9e de vie utile. En ce qui concerne les mati\u00e8res potentiellement dangereuses, la moindre \u00e9tincelle ou augmentation de temp\u00e9rature pourrait devenir une source d&rsquo;inflammation, et il est imp\u00e9ratif que tous les \u00e9quipements Adix soient entretenus selon les normes les plus \u00e9lev\u00e9es. <\/span><\/span><\/p>\n<p><span class=\"VIiyi\" lang=\"fr\"><span class=\"JLqJ4b\" data-language-for-alternatives=\"fr\" data-language-to-translate-into=\"es\" data-phrase-index=\"0\">L&rsquo;inspection peut \u00eatre effectu\u00e9e partout dans le monde par l&rsquo;un de nos ing\u00e9nieurs accr\u00e9dit\u00e9s IsmATEX. Tous les composants critiques pour la s\u00e9curit\u00e9 du syst\u00e8me de protection contre les explosions Adix sont inspect\u00e9s et enregistr\u00e9s, y compris les armoires Exd, les c\u00e2bles et presse-\u00e9toupes, les dispositifs d&rsquo;arr\u00eat, la conductivit\u00e9.<\/span><\/span><\/p>\n<p>&nbsp;<\/p>\n<p><strong>\u00bf<span class=\"VIiyi\" lang=\"fr\"><span class=\"JLqJ4b ChMk0b\" data-language-for-alternatives=\"fr\" data-language-to-translate-into=\"es\" data-phrase-index=\"0\">Pourquoi ai-je besoin d&rsquo;un EX-ASA<\/span><\/span>?<\/strong><\/p>\n<p><span class=\"VIiyi\" lang=\"fr\"><span class=\"JLqJ4b ChMk0b\" data-language-for-alternatives=\"fr\" data-language-to-translate-into=\"es\" data-phrase-index=\"0\">ATEX 1999\/92 \/ CE exige de l&rsquo;utilisateur final qu&rsquo;il \u00abd\u00e9montre que l&rsquo;\u00e9quipement de travail est con\u00e7u et entretenu en tenant d\u00fbment compte de la s\u00e9curit\u00e9\u00bb.<\/span> <span class=\"JLqJ4b ChMk0b\" data-language-for-alternatives=\"fr\" data-language-to-translate-into=\"es\" data-phrase-index=\"1\">Tous les \u00e9quipements sont entretenus conform\u00e9ment \u00e0 la norme EN60079-17, qui stipule qu&rsquo;une routine d&rsquo;inspection doit \u00eatre introduite pour garantir le fonctionnement continu et s\u00fbr de l&rsquo;\u00e9quipement.<\/span> <\/span><\/p>\n<p><span class=\"VIiyi\" lang=\"fr\"><span class=\"JLqJ4b ChMk0b\" data-language-for-alternatives=\"fr\" data-language-to-translate-into=\"es\" data-phrase-index=\"3\">Si aucune irr\u00e9gularit\u00e9 n&rsquo;est d\u00e9cel\u00e9e, le camion sera d\u00e9clar\u00e9 s\u00fbr \u00e0 utiliser et un certificat sera \u00e9mis pour soutenir son document de protection contre les explosions (EPD).<\/span> <span class=\"JLqJ4b ChMk0b\" data-language-for-alternatives=\"fr\" data-language-to-translate-into=\"es\" data-phrase-index=\"4\">Les irr\u00e9gularit\u00e9s doivent \u00eatre r\u00e9par\u00e9es imm\u00e9diatement par l&rsquo;ing\u00e9nieur de service Adix ou un ing\u00e9nieur form\u00e9 par Adix de votre fournisseur de services.<\/span> <span class=\"JLqJ4b ChMk0b\" data-language-for-alternatives=\"fr\" data-language-to-translate-into=\"es\" data-phrase-index=\"5\">Une fois correctement r\u00e9par\u00e9, l&rsquo;\u00e9quipement peut \u00eatre r\u00e9inspect\u00e9 et un certificat d\u00e9livr\u00e9.<\/span> <\/span><\/p>\n<p><span class=\"VIiyi\" lang=\"fr\"><span class=\"JLqJ4b ChMk0b\" data-language-for-alternatives=\"fr\" data-language-to-translate-into=\"es\" data-phrase-index=\"7\">Nous recommandons qu&rsquo;un EX-ASA soit effectu\u00e9 chaque ann\u00e9e pour vous assurer que votre \u00e9quipement est enti\u00e8rement prot\u00e9g\u00e9 et fonctionne correctement.<\/span><\/span><\/p>\n<p>&nbsp;<\/p>\n<section class=\"shortcode_articles two_columns\">\n<article>\n<figure><img decoding=\"async\" src=\"https:\/\/adixatex.com\/wp-content\/uploads\/2021\/02\/5.-suministro-de-piezas.jpg\" alt=\"\"\/><\/figure>\n<div class=\"info\">\n<p><span class=\"VIiyi\" lang=\"fr\"><span class=\"JLqJ4b ChMk0b\" data-language-for-alternatives=\"fr\" data-language-to-translate-into=\"es\" data-phrase-index=\"0\">Nous proposons une large gamme de pi\u00e8ces d\u00e9tach\u00e9es pour les \u00e9quipements.<\/span> <span class=\"JLqJ4b ChMk0b\" data-language-for-alternatives=\"fr\" data-language-to-translate-into=\"es\" data-phrase-index=\"1\">Des listes de pi\u00e8ces sont fournies avec chaque nouvel actionnement, fournissant des num\u00e9ros de pi\u00e8ces sp\u00e9cifiques afin que les pi\u00e8ces puissent \u00eatre command\u00e9es rapidement.<\/span> <\/span><\/p>\n<p><span class=\"VIiyi\" lang=\"fr\"><span class=\"JLqJ4b ChMk0b\" data-language-for-alternatives=\"fr\" data-language-to-translate-into=\"es\" data-phrase-index=\"3\">Si le num\u00e9ro de pi\u00e8ce n&rsquo;est pas disponible, veuillez appeler l&rsquo;\u00e9quipe des pi\u00e8ces ou soumettre une demande avec une explication compl\u00e8te de l&rsquo;article et le num\u00e9ro de version Adix.<\/span> <\/span><\/p>\n<p><span class=\"VIiyi\" lang=\"fr\"><span class=\"JLqJ4b ChMk0b\" data-language-for-alternatives=\"fr\" data-language-to-translate-into=\"es\" data-phrase-index=\"5\">Une pi\u00e8ce non autoris\u00e9e peut compromettre la s\u00e9curit\u00e9 de vos employ\u00e9s et de votre entreprise.<\/span> <\/span><\/p>\n<p><span class=\"VIiyi\" lang=\"fr\"><span class=\"JLqJ4b ChMk0b\" data-language-for-alternatives=\"fr\" data-language-to-translate-into=\"es\" data-phrase-index=\"7\">Si vous avez des questions sur les pi\u00e8ces, la certification et le service, n&rsquo;h\u00e9sitez pas \u00e0 nous contacter directement.<\/span><\/span><\/p>\n<p>&nbsp;<\/p>\n<p><span class=\"link false_link\" data-link=\"parent_h3\">Plus d&rsquo;information<i><svg fill=\"none\" height=\"8\" viewBox=\"0 0 21 8\" width=\"21\" xmlns=\"http:\/\/www.w3.org\/2000\/svg\"><path d=\"m20.3536 4.35355c.1952-.19526.1952-.51184 0-.70711l-3.182-3.181975c-.1953-.195263-.5119-.195263-.7071 0-.1953.195262-.1953.511844 0 .707105l2.8284 2.82843-2.8284 2.82843c-.1953.19526-.1953.51184 0 .7071.1952.19526.5118.19526.7071 0zm-20.35359996.14645h19.99999996v-1h-20.00000004z\" fill=\"#000\"><\/path><\/svg><\/i><\/span><\/p><\/div>\n<\/article>\n<article>\n<figure><img decoding=\"async\" src=\"https:\/\/adixatex.com\/wp-content\/uploads\/2021\/02\/6.-entrenamiento-tecnicos.jpg\" alt=\"Formation des techniciens de maintenance\"\/><\/figure>\n<div class=\"info\"><span class=\"tag\">Techniciens de maintenanceo<\/span>\n<h3>Formation des techniciens de maintenance<\/h3>\n\n<p><span class=\"VIiyi\" lang=\"fr\"><span class=\"JLqJ4b ChMk0b\" data-language-for-alternatives=\"fr\" data-language-to-translate-into=\"es\" data-phrase-index=\"0\">Tous les syst\u00e8mes Adix n\u00e9cessiteront un entretien r\u00e9gulier pour s&rsquo;assurer qu&rsquo;ils fonctionnent correctement, mais plus important encore, pour garantir que l&rsquo;\u00e9quipement est enti\u00e8rement prot\u00e9g\u00e9 \u00e0 tout moment.<\/span> <span class=\"JLqJ4b ChMk0b\" data-language-for-alternatives=\"fr\" data-language-to-translate-into=\"es\" data-phrase-index=\"1\">Nous proposons une gamme de formations d&rsquo;ing\u00e9nieurs en fonction de l&rsquo;application.<\/span> <\/span><\/p>\n<p><span class=\"VIiyi\" lang=\"fr\"><span class=\"JLqJ4b ChMk0b\" data-language-for-alternatives=\"fr\" data-language-to-translate-into=\"es\" data-phrase-index=\"3\">Nous proposons une gamme de cours de formation con\u00e7us pour aider les ing\u00e9nieurs de chantier et de maintenance, les ing\u00e9nieurs de service sur site et les gestionnaires de service \u00e0 entretenir les \u00e9quipements Adix sur le terrain.<\/span> <\/span><\/p>\n<p><span class=\"VIiyi\" lang=\"fr\"><span class=\"JLqJ4b ChMk0b\" data-language-for-alternatives=\"fr\" data-language-to-translate-into=\"es\" data-phrase-index=\"5\">Le contenu comprend: une introduction de base \u00e0 la protection contre les explosions, les m\u00e9thodes de protection, la maintenance et l&rsquo;inspection, les zones 1, 2, 21 et 22, les \u00e9quipements m\u00e9caniques et \u00e9lectriques.<\/span> <span class=\"JLqJ4b ChMk0b\" data-language-for-alternatives=\"fr\" data-language-to-translate-into=\"es\" data-phrase-index=\"6\">Apr\u00e8s une \u00e9valuation satisfaisante, des certificats et des manuels techniques complets sont d\u00e9livr\u00e9s.<\/span><\/span><\/p>\n<p>&nbsp;<\/p>\n<\/div>\n<\/article>\n<\/section>\n\n<h2 class=\"tag\"><span class=\"VIiyi\" lang=\"fr\"><span class=\"JLqJ4b ChMk0b\" data-language-for-alternatives=\"fr\" data-language-to-translate-into=\"es\" data-phrase-index=\"0\">R\u00e9servez un ing\u00e9nieur de service ADIX<\/span><\/span><\/h2>\n<p><span class=\"VIiyi\" lang=\"fr\"><span class=\"JLqJ4b ChMk0b\" data-language-for-alternatives=\"fr\" data-language-to-translate-into=\"es\" data-phrase-index=\"0\">Les ing\u00e9nieurs Adix sont disponibles pour aider les clients partout dans le monde.<\/span> <\/span><\/p>\n<p><span class=\"VIiyi\" lang=\"fr\"><span class=\"JLqJ4b ChMk0b\" data-language-for-alternatives=\"fr\" data-language-to-translate-into=\"es\" data-phrase-index=\"2\">Des techniciens de terrain peuvent \u00eatre envoy\u00e9s pour fournir une assistance sur site pour l&rsquo;installation, la mise en service ou le d\u00e9pannage et les r\u00e9parations en cas de probl\u00e8me avec votre \u00e9quipement.<\/span> <\/span><\/p>\n<p><span class=\"VIiyi\" lang=\"fr\"><span class=\"JLqJ4b ChMk0b\" data-language-for-alternatives=\"fr\" data-language-to-translate-into=\"es\" data-phrase-index=\"3\">Notre \u00e9quipe poss\u00e8de les certificats et la formation n\u00e9cessaires pour que votre \u00e9quipement soit op\u00e9rationnel dans les plus brefs d\u00e9lais.<\/span> <span class=\"JLqJ4b ChMk0b\" data-language-for-alternatives=\"fr\" data-language-to-translate-into=\"es\" data-phrase-index=\"5\">Notre \u00e9quipe d&rsquo;ing\u00e9nieurs est une deuxi\u00e8me ligne de support pour les distributeurs et les r\u00e9seaux OEM partout dans le monde.<\/span> <span class=\"JLqJ4b ChMk0b\" data-language-for-alternatives=\"fr\" data-language-to-translate-into=\"es\" data-phrase-index=\"6\">Les techniciens de terrain Adix sont disponibles pour aider \u00e0 la recherche de pannes complexes et \u00e0 la r\u00e9paration afin d&rsquo;aider \u00e0 mettre l&rsquo;\u00e9quipement en marche en toute s\u00e9curit\u00e9 le plus rapidement possible.<\/span><\/span><\/p>\n<p>&nbsp;<\/p>\n<div class=\"shortcode_link\"><p><a href=\"https:\/\/adixatex.com\/contacto\/\">Plus d'informations<i><svg fill=\"none\" height=\"8\" viewBox=\"0 0 21 8\" width=\"21\" xmlns=\"http:\/\/www.w3.org\/2000\/svg\"><path d=\"m20.3536 4.35355c.1952-.19526.1952-.51184 0-.70711l-3.182-3.181975c-.1953-.195263-.5119-.195263-.7071 0-.1953.195262-.1953.511844 0 .707105l2.8284 2.82843-2.8284 2.82843c-.1953.19526-.1953.51184 0 .7071.1952.19526.5118.19526.7071 0zm-20.35359996.14645h19.99999996v-1h-20.00000004z\" fill=\"#000\"><\/path><\/svg><\/i><\/a><\/p><\/div>\n","protected":false},"excerpt":{"rendered":"<p>Audits de s\u00e9curit\u00e9 L&rsquo;audit annuel de s\u00e9curit\u00e9 Adix est une inspection compl\u00e8te de tous les composants et syst\u00e8mes critiques pour la s\u00e9curit\u00e9. Un Ex-ASA est une solution qui fournit un moyen de se conformer aux directives ATEX si elle est r\u00e9alis\u00e9e annuellement. Un Ex-ASA peut \u00e9galement s&rsquo;av\u00e9rer b\u00e9n\u00e9fique lors de l&rsquo;achat de mat\u00e9riel d&rsquo;occasion ou [&hellip;]<\/p>\n","protected":false},"author":2,"featured_media":2989,"parent":0,"menu_order":0,"comment_status":"closed","ping_status":"closed","template":"page-templates\/corporative.php","meta":{"footnotes":""},"class_list":["post-2866","page","type-page","status-publish","has-post-thumbnail","hentry"],"yoast_head":"<!-- This site is optimized with the Yoast SEO plugin v24.4 - https:\/\/yoast.com\/wordpress\/plugins\/seo\/ -->\n<title>Service - Adixatex<\/title>\n<meta name=\"robots\" content=\"noindex, follow, max-snippet:-1, max-image-preview:large, max-video-preview:-1\" \/>\n<meta property=\"og:locale\" content=\"fr_FR\" \/>\n<meta property=\"og:type\" content=\"article\" \/>\n<meta property=\"og:title\" content=\"Service - Adixatex\" \/>\n<meta property=\"og:description\" content=\"Audits de s\u00e9curit\u00e9 L&rsquo;audit annuel de s\u00e9curit\u00e9 Adix est une inspection compl\u00e8te de tous les composants et syst\u00e8mes critiques pour la s\u00e9curit\u00e9. Un Ex-ASA est une solution qui fournit un moyen de se conformer aux directives ATEX si elle est r\u00e9alis\u00e9e annuellement. Un Ex-ASA peut \u00e9galement s&rsquo;av\u00e9rer b\u00e9n\u00e9fique lors de l&rsquo;achat de mat\u00e9riel d&rsquo;occasion ou [&hellip;]\" \/>\n<meta property=\"og:url\" content=\"https:\/\/www2.adixatex.com\/servicios\/\" \/>\n<meta property=\"og:site_name\" content=\"Adixatex\" \/>\n<meta property=\"article:modified_time\" content=\"2023-04-27T10:42:47+00:00\" \/>\n<meta property=\"og:image\" content=\"https:\/\/www2.adixatex.com\/wp-content\/uploads\/2021\/02\/1.-servicios.jpg\" \/>\n\t<meta property=\"og:image:width\" content=\"500\" \/>\n\t<meta property=\"og:image:height\" content=\"500\" \/>\n\t<meta property=\"og:image:type\" content=\"image\/jpeg\" \/>\n<meta name=\"twitter:card\" content=\"summary_large_image\" \/>\n<meta name=\"twitter:site\" content=\"@adixprotection\" \/>\n<meta name=\"twitter:label1\" content=\"Dur\u00e9e de lecture estim\u00e9e\" \/>\n\t<meta name=\"twitter:data1\" content=\"4 minutes\" \/>\n<script type=\"application\/ld+json\" class=\"yoast-schema-graph\">{\"@context\":\"https:\/\/schema.org\",\"@graph\":[{\"@type\":\"WebPage\",\"@id\":\"https:\/\/www2.adixatex.com\/servicios\/\",\"url\":\"https:\/\/www2.adixatex.com\/servicios\/\",\"name\":\"Service - Adixatex\",\"isPartOf\":{\"@id\":\"https:\/\/www2.adixatex.com\/#website\"},\"primaryImageOfPage\":{\"@id\":\"https:\/\/www2.adixatex.com\/servicios\/#primaryimage\"},\"image\":{\"@id\":\"https:\/\/www2.adixatex.com\/servicios\/#primaryimage\"},\"thumbnailUrl\":\"https:\/\/www2.adixatex.com\/wp-content\/uploads\/2021\/02\/1.-servicios.jpg\",\"datePublished\":\"2021-02-22T09:23:20+00:00\",\"dateModified\":\"2023-04-27T10:42:47+00:00\",\"breadcrumb\":{\"@id\":\"https:\/\/www2.adixatex.com\/servicios\/#breadcrumb\"},\"inLanguage\":\"fr-FR\",\"potentialAction\":[{\"@type\":\"ReadAction\",\"target\":[\"https:\/\/www2.adixatex.com\/servicios\/\"]}]},{\"@type\":\"ImageObject\",\"inLanguage\":\"fr-FR\",\"@id\":\"https:\/\/www2.adixatex.com\/servicios\/#primaryimage\",\"url\":\"https:\/\/www2.adixatex.com\/wp-content\/uploads\/2021\/02\/1.-servicios.jpg\",\"contentUrl\":\"https:\/\/www2.adixatex.com\/wp-content\/uploads\/2021\/02\/1.-servicios.jpg\",\"width\":500,\"height\":500},{\"@type\":\"BreadcrumbList\",\"@id\":\"https:\/\/www2.adixatex.com\/servicios\/#breadcrumb\",\"itemListElement\":[{\"@type\":\"ListItem\",\"position\":1,\"name\":\"Accueil\",\"item\":\"https:\/\/www2.adixatex.com\/\"},{\"@type\":\"ListItem\",\"position\":2,\"name\":\"Service\"}]},{\"@type\":\"WebSite\",\"@id\":\"https:\/\/www2.adixatex.com\/#website\",\"url\":\"https:\/\/www2.adixatex.com\/\",\"name\":\"Adixatex\",\"description\":\"Prevenci\u00f3n y protecci\u00f3n de atm\u00f3sferas explosivas\",\"inLanguage\":\"fr-FR\"}]}<\/script>\n<!-- \/ Yoast SEO plugin. -->","yoast_head_json":{"title":"Service - Adixatex","robots":{"index":"noindex","follow":"follow","max-snippet":"max-snippet:-1","max-image-preview":"max-image-preview:large","max-video-preview":"max-video-preview:-1"},"og_locale":"fr_FR","og_type":"article","og_title":"Service - Adixatex","og_description":"Audits de s\u00e9curit\u00e9 L&rsquo;audit annuel de s\u00e9curit\u00e9 Adix est une inspection compl\u00e8te de tous les composants et syst\u00e8mes critiques pour la s\u00e9curit\u00e9. Un Ex-ASA est une solution qui fournit un moyen de se conformer aux directives ATEX si elle est r\u00e9alis\u00e9e annuellement. Un Ex-ASA peut \u00e9galement s&rsquo;av\u00e9rer b\u00e9n\u00e9fique lors de l&rsquo;achat de mat\u00e9riel d&rsquo;occasion ou [&hellip;]","og_url":"https:\/\/www2.adixatex.com\/servicios\/","og_site_name":"Adixatex","article_modified_time":"2023-04-27T10:42:47+00:00","og_image":[{"width":500,"height":500,"url":"https:\/\/www2.adixatex.com\/wp-content\/uploads\/2021\/02\/1.-servicios.jpg","type":"image\/jpeg"}],"twitter_card":"summary_large_image","twitter_site":"@adixprotection","twitter_misc":{"Dur\u00e9e de lecture estim\u00e9e":"4 minutes"},"schema":{"@context":"https:\/\/schema.org","@graph":[{"@type":"WebPage","@id":"https:\/\/www2.adixatex.com\/servicios\/","url":"https:\/\/www2.adixatex.com\/servicios\/","name":"Service - Adixatex","isPartOf":{"@id":"https:\/\/www2.adixatex.com\/#website"},"primaryImageOfPage":{"@id":"https:\/\/www2.adixatex.com\/servicios\/#primaryimage"},"image":{"@id":"https:\/\/www2.adixatex.com\/servicios\/#primaryimage"},"thumbnailUrl":"https:\/\/www2.adixatex.com\/wp-content\/uploads\/2021\/02\/1.-servicios.jpg","datePublished":"2021-02-22T09:23:20+00:00","dateModified":"2023-04-27T10:42:47+00:00","breadcrumb":{"@id":"https:\/\/www2.adixatex.com\/servicios\/#breadcrumb"},"inLanguage":"fr-FR","potentialAction":[{"@type":"ReadAction","target":["https:\/\/www2.adixatex.com\/servicios\/"]}]},{"@type":"ImageObject","inLanguage":"fr-FR","@id":"https:\/\/www2.adixatex.com\/servicios\/#primaryimage","url":"https:\/\/www2.adixatex.com\/wp-content\/uploads\/2021\/02\/1.-servicios.jpg","contentUrl":"https:\/\/www2.adixatex.com\/wp-content\/uploads\/2021\/02\/1.-servicios.jpg","width":500,"height":500},{"@type":"BreadcrumbList","@id":"https:\/\/www2.adixatex.com\/servicios\/#breadcrumb","itemListElement":[{"@type":"ListItem","position":1,"name":"Accueil","item":"https:\/\/www2.adixatex.com\/"},{"@type":"ListItem","position":2,"name":"Service"}]},{"@type":"WebSite","@id":"https:\/\/www2.adixatex.com\/#website","url":"https:\/\/www2.adixatex.com\/","name":"Adixatex","description":"Prevenci\u00f3n y protecci\u00f3n de atm\u00f3sferas explosivas","inLanguage":"fr-FR"}]}},"_links":{"self":[{"href":"https:\/\/www2.adixatex.com\/fr\/wp-json\/wp\/v2\/pages\/2866","targetHints":{"allow":["GET"]}}],"collection":[{"href":"https:\/\/www2.adixatex.com\/fr\/wp-json\/wp\/v2\/pages"}],"about":[{"href":"https:\/\/www2.adixatex.com\/fr\/wp-json\/wp\/v2\/types\/page"}],"author":[{"embeddable":true,"href":"https:\/\/www2.adixatex.com\/fr\/wp-json\/wp\/v2\/users\/2"}],"replies":[{"embeddable":true,"href":"https:\/\/www2.adixatex.com\/fr\/wp-json\/wp\/v2\/comments?post=2866"}],"version-history":[{"count":11,"href":"https:\/\/www2.adixatex.com\/fr\/wp-json\/wp\/v2\/pages\/2866\/revisions"}],"predecessor-version":[{"id":3623,"href":"https:\/\/www2.adixatex.com\/fr\/wp-json\/wp\/v2\/pages\/2866\/revisions\/3623"}],"wp:featuredmedia":[{"embeddable":true,"href":"https:\/\/www2.adixatex.com\/fr\/wp-json\/wp\/v2\/media\/2989"}],"wp:attachment":[{"href":"https:\/\/www2.adixatex.com\/fr\/wp-json\/wp\/v2\/media?parent=2866"}],"curies":[{"name":"wp","href":"https:\/\/api.w.org\/{rel}","templated":true}]}}