{"id":1111,"date":"2020-11-12T14:52:01","date_gmt":"2020-11-12T13:52:01","guid":{"rendered":"https:\/\/adixatex.com\/product\/vanne-disolation-a-volet-novex\/"},"modified":"2021-11-19T07:31:24","modified_gmt":"2021-11-19T06:31:24","slug":"vanne-disolation-a-volet-novex","status":"publish","type":"product","link":"https:\/\/www2.adixatex.com\/fr\/produit\/vanne-disolation-a-volet-novex\/","title":{"rendered":"Vanne d&rsquo;isolation \u00e0 volet &#8211; NOVEx"},"content":{"rendered":"<div id=\"shortcode_container_tabs\" class=\"shortcode_container_tabs\"><div id=\"container_tabs_title\" class=\"container_tabs_title\"><\/div>\n<p class=\"container_tabs_title_mobile\">Donn\u00e9es techniques<\/p><div class=\"container_tabs_content\">\n<div id=\"content_table\" class=\"content_table\">\n<div id=\"content_table\" class=\"content_table\">\n<table style=\"height: 449px; width: 658px;\">\n<tbody>\n<tr style=\"height: 23px;\">\n<td style=\"text-align: left; width: 282.068px; height: 23px;\">Dimensions<\/td>\n<td style=\"text-align: left; width: 361.932px; height: 23px;\"><span style=\"font-weight: 400;\">de 71 \u00e0 1000 mm (DIN 24154)<\/span><\/td>\n<\/tr>\n<tr style=\"height: 55px;\">\n<td style=\"text-align: left; width: 282.068px; height: 55px;\">Mat\u00e9riau<\/td>\n<td style=\"width: 361.932px; height: 55px;\">\n<div class=\"wpb_text_column wpb_content_element \">\n<div class=\"wpb_wrapper\">\n<p style=\"text-align: left;\"><span style=\"font-weight: 400;\">Acier au carbone ou acier inoxydable<\/span><\/p>\n<\/div>\n<\/div>\n<\/td>\n<\/tr>\n<tr style=\"height: 47px;\">\n<td style=\"text-align: left; width: 282.068px; height: 47px;\"><span style=\"font-weight: 400;\">Concentration maximale de poussi\u00e8re dans le conduit<\/span><\/td>\n<td style=\"text-align: left; width: 361.932px; height: 47px;\">&lt; 500 g\/m3<\/td>\n<\/tr>\n<tr style=\"height: 95px;\">\n<td style=\"text-align: left; width: 282.068px; height: 95px;\"><span style=\"font-weight: 400;\">Pred maximale admissible<\/span><\/td>\n<td style=\"width: 361.932px; height: 95px;\">\n<p style=\"text-align: left;\">2 barg pour DN\u2264500 mm<\/p>\n<p style=\"text-align: left;\">1 barg pour 500&lt;DN\u22641000 mm<\/p>\n<\/td>\n<\/tr>\n<tr style=\"height: 95px;\">\n<td style=\"text-align: left; width: 282.068px; height: 95px;\"><span style=\"font-weight: 400;\">Distances de s\u00e9curit\u00e9<\/span><\/td>\n<td style=\"width: 361.932px; height: 95px;\">\n<p style=\"text-align: left;\">DN \u2264 500mm: entre 3 y 10 m<\/p>\n<p style=\"text-align: left;\">DN &gt; 500mm: entre 5 y 13 m<\/p>\n<\/td>\n<\/tr>\n<tr style=\"height: 23px;\">\n<td style=\"text-align: left; width: 282.068px; height: 23px;\"><span style=\"font-weight: 400;\">Produit<\/span><\/td>\n<td style=\"text-align: left; width: 361.932px; height: 23px;\"><span style=\"font-weight: 400;\">poussi\u00e8re jusqu&rsquo;\u00e0 St2<\/span><\/td>\n<\/tr>\n<tr style=\"height: 23px;\">\n<td style=\"text-align: left; width: 282.068px; height: 23px;\"><span style=\"font-weight: 400;\">Marquage<\/span><\/td>\n<td style=\"text-align: left; width: 361.932px; height: 23px;\">Ex D<\/td>\n<\/tr>\n<tr style=\"height: 23px;\">\n<td style=\"text-align: left; width: 282.068px; height: 23px;\">Certificat ATEX<\/td>\n<td style=\"text-align: left; width: 361.932px; height: 23px;\"><span style=\"font-weight: 400;\">selon EN 16447:2014<\/span><\/td>\n<\/tr>\n<\/tbody>\n<\/table>\n<\/div>\n<\/div>\n<\/div>\n<p class=\"container_tabs_title_mobile\">Dimensions<\/p><div class=\"container_tabs_content\">\n<p><img decoding=\"async\" class=\"aligncenter size-medium wp-image-1049\" src=\"https:\/\/adixatex.com\/wp-content\/uploads\/2020\/11\/Cotas_NOVEx-300x138.jpg\" alt=\"Cotas novex\" width=\"300\" height=\"138\" srcset=\"https:\/\/www2.adixatex.com\/wp-content\/uploads\/2020\/11\/Cotas_NOVEx-300x138.jpg 300w, https:\/\/www2.adixatex.com\/wp-content\/uploads\/2020\/11\/Cotas_NOVEx.jpg 545w\" sizes=\"(max-width: 300px) 100vw, 300px\" \/><\/p>\n<div id=\"content_table\" class=\"content_table\">\n<p>&nbsp;<\/p>\n<table>\n<thead id=\"content_table_head\">\n<tr>\n<th class=\"content_table_column\" style=\"text-align: left;\"><b>R\u00e9f\u00e9rence<\/b><\/th>\n<th class=\"content_table_column\" style=\"text-align: center;\">Diam\u00e8tre<\/th>\n<th class=\"content_table_column\" style=\"text-align: center;\"><b>Dimensions ext\u00e9rieures<\/b><\/th>\n<\/tr>\n<\/thead>\n<tbody>\n<tr>\n<td style=\"text-align: left;\">NOVEx071<\/td>\n<td style=\"text-align: center;\">71<\/td>\n<td style=\"text-align: center;\">\u00a0440x349x265<\/td>\n<\/tr>\n<tr>\n<td style=\"text-align: left;\">NOVEx100<\/td>\n<td style=\"text-align: center;\">100<\/td>\n<td style=\"text-align: center;\">469x386x294<\/td>\n<\/tr>\n<tr>\n<td style=\"text-align: left;\">NOVEx200<\/td>\n<td style=\"text-align: center;\">200<\/td>\n<td style=\"text-align: center;\">569x478x394<\/td>\n<\/tr>\n<tr>\n<td style=\"text-align: left;\">NOVEx300<\/td>\n<td style=\"text-align: center;\">300<\/td>\n<td style=\"text-align: center;\">669x650x536<\/td>\n<\/tr>\n<tr>\n<td style=\"text-align: left;\">NOVEx400<\/td>\n<td style=\"text-align: center;\">400<\/td>\n<td style=\"text-align: center;\">769x787x640<\/td>\n<\/tr>\n<tr>\n<td style=\"text-align: left;\">NOVEx500<\/td>\n<td style=\"text-align: center;\">500<\/td>\n<td style=\"text-align: center;\">869x887x740<\/td>\n<\/tr>\n<tr>\n<td style=\"text-align: left;\">NOVEx600<\/td>\n<td style=\"text-align: center;\">600<\/td>\n<td style=\"text-align: center;\">969x1040x889<\/td>\n<\/tr>\n<tr>\n<td style=\"text-align: left;\">NOVEx710<\/td>\n<td style=\"text-align: center;\">710<\/td>\n<td style=\"text-align: center;\">1079x1155x1005<\/td>\n<\/tr>\n<tr>\n<td style=\"text-align: left;\">NOVEx800<\/td>\n<td style=\"text-align: center;\">800<\/td>\n<td style=\"text-align: center;\">\u00a01169x1245x1095<\/td>\n<\/tr>\n<tr>\n<td style=\"text-align: left;\">NOVEx900<\/td>\n<td style=\"text-align: center;\">900<\/td>\n<td style=\"text-align: center;\">\u00a01269x1345x1195<\/td>\n<\/tr>\n<tr>\n<td style=\"text-align: left;\">NOVEx1000<\/td>\n<td style=\"text-align: center;\">1000<\/td>\n<td style=\"text-align: center;\">1369x1445x1295<\/td>\n<\/tr>\n<\/tbody>\n<\/table>\n<\/div>\n<p style=\"text-align: center;\">Pour d&rsquo;autres dimensions et\/ou conditions de travail <a href=\"https:\/\/adixatex.com\/fr\/contacter\/\">contacter Adix<\/a><strong>\u00a0<\/strong><\/p>\n<\/div>\n<p class=\"container_tabs_title_mobile\">Accessoires<\/p><div class=\"container_tabs_content\">\n<h3>Detectores<\/h3>\n<table style=\"width: 631px; height: 200px;\">\n<tbody>\n<tr>\n<th class=\"content_table_column\" style=\"width: 496.457px;\"><img fetchpriority=\"high\" decoding=\"async\" class=\"aligncenter size-medium wp-image-1057\" src=\"https:\/\/adixatex.com\/wp-content\/uploads\/2020\/11\/detector-de-desgaste-300x182.jpg\" alt=\"Detector de desgaste\" width=\"300\" height=\"182\" srcset=\"https:\/\/www2.adixatex.com\/wp-content\/uploads\/2020\/11\/detector-de-desgaste-300x182.jpg 300w, https:\/\/www2.adixatex.com\/wp-content\/uploads\/2020\/11\/detector-de-desgaste.jpg 444w\" sizes=\"(max-width: 300px) 100vw, 300px\" \/><\/th>\n<\/tr>\n<tr>\n<td style=\"width: 496.457px; text-align: left;\"><strong>Detector de desgaste<\/strong>\n<p>M8 x 1 \/ L = 30 mm.<\/p>\n<p>Alcance 1 mm con montaje enrasado.<\/p>\n<p>Se encuentra normalmente cerrado.<\/p>\n<p>DC NAMUR<\/p>\n<p>2 m PVC-Cable<\/p>\n<p>IP 67<\/p>\n<p>2-hilos<\/p>\n<p>Temperatura ambiente: -20 a 80\u00baC<\/p>\n<p>Frecuencia de conmutaci\u00f3n: 2000 Hz<\/p>\n<hr \/>\n<\/td>\n<\/tr>\n<tr>\n<td style=\"width: 496.457px; text-align: left;\">\u00a0<img decoding=\"async\" class=\"aligncenter wp-image-1065 size-medium\" src=\"https:\/\/adixatex.com\/wp-content\/uploads\/2020\/11\/detector-de-posicion-300x270.jpg\" alt=\"Detetor de posici\u00f3n\" width=\"300\" height=\"270\" srcset=\"https:\/\/www2.adixatex.com\/wp-content\/uploads\/2020\/11\/detector-de-posicion-300x270.jpg 300w, https:\/\/www2.adixatex.com\/wp-content\/uploads\/2020\/11\/detector-de-posicion.jpg 444w\" sizes=\"(max-width: 300px) 100vw, 300px\" \/><\/td>\n<\/tr>\n<tr>\n<td style=\"width: 496.457px; text-align: left;\"><strong>Detector de posici\u00f3n Abierto \/ Cerrado\u00a0<\/strong>\n<p>M12 x 1 \/ L = 30 mm<\/p>\n<p>Alcance 2 mm con montaje enrasado.<\/p>\n<p>Se encuentra normalmente cerrado.<\/p>\n<p>DC NAMUR<\/p>\n<p>6 m PVC-Cable<\/p>\n<p>IP 67<\/p>\n<p>2-hilos<\/p>\n<p>Temperatura ambiente: -20 a 80\u00baC<\/p>\n<p>Frecuencia de conmutaci\u00f3n: 1200 Hz<\/p><\/td>\n<\/tr>\n<tr>\n<td style=\"width: 496.457px; text-align: left;\"><strong><img loading=\"lazy\" decoding=\"async\" class=\"aligncenter size-medium wp-image-1073\" src=\"https:\/\/adixatex.com\/wp-content\/uploads\/2020\/11\/detector-de-polvo-300x297.jpg\" alt=\"Detector de polvo\" width=\"300\" height=\"297\" srcset=\"https:\/\/www2.adixatex.com\/wp-content\/uploads\/2020\/11\/detector-de-polvo-300x297.jpg 300w, https:\/\/www2.adixatex.com\/wp-content\/uploads\/2020\/11\/detector-de-polvo-150x150.jpg 150w, https:\/\/www2.adixatex.com\/wp-content\/uploads\/2020\/11\/detector-de-polvo-100x100.jpg 100w, https:\/\/www2.adixatex.com\/wp-content\/uploads\/2020\/11\/detector-de-polvo.jpg 444w\" sizes=\"(max-width: 300px) 100vw, 300px\" \/><\/strong><\/td>\n<\/tr>\n<tr>\n<td style=\"width: 496.457px; text-align: left;\"><strong>Detector de capa de polvo\u00a0<\/strong>\n<p>M30 x 1,5 \/ L = 150 mm<\/p>\n<p>Alcance 15 mm no enrasable<\/p>\n<p>Antivalente<\/p>\n<p>DC PNP<\/p>\n<p>Bornes de conexi\u00f3n: 0,34 a 1,5 mm2<\/p>\n<p>IP 65 &#8211; IP 67<\/p>\n<p>3 Hilos<\/p>\n<p>Temperatura ambiente: -20 a 60\u00baC<\/p>\n<p>Frecuencia de conmutaci\u00f3n 10Hz<\/p><\/td>\n<\/tr>\n<\/tbody>\n<\/table>\n<h3>Contrabridas<\/h3>\n<table style=\"width: 631px; height: 200px;\">\n<tbody>\n<tr>\n<td style=\"width: 496.457px; text-align: left;\"><img loading=\"lazy\" decoding=\"async\" class=\"aligncenter wp-image-1081 size-medium\" src=\"https:\/\/adixatex.com\/wp-content\/uploads\/2020\/11\/brida-novex-300x130.jpg\" alt=\"Brida novex\" width=\"300\" height=\"130\" srcset=\"https:\/\/www2.adixatex.com\/wp-content\/uploads\/2020\/11\/brida-novex-300x130.jpg 300w, https:\/\/www2.adixatex.com\/wp-content\/uploads\/2020\/11\/brida-novex-750x325.jpg 750w, https:\/\/www2.adixatex.com\/wp-content\/uploads\/2020\/11\/brida-novex-768x333.jpg 768w, https:\/\/www2.adixatex.com\/wp-content\/uploads\/2020\/11\/brida-novex-600x260.jpg 600w, https:\/\/www2.adixatex.com\/wp-content\/uploads\/2020\/11\/brida-novex.jpg 1000w\" sizes=\"(max-width: 300px) 100vw, 300px\" \/><\/td>\n<\/tr>\n<tr>\n<td style=\"width: 496.457px; text-align: left;\">Material: S275JR; AISI 304-316L<\/td>\n<\/tr>\n<\/tbody>\n<\/table>\n<h3>Sistema de limpieza<\/h3>\n<table style=\"width: 631px; height: 200px;\">\n<tbody>\n<tr>\n<td style=\"width: 496.457px; text-align: left;\"><img loading=\"lazy\" decoding=\"async\" class=\"aligncenter size-medium wp-image-1089\" src=\"https:\/\/adixatex.com\/wp-content\/uploads\/2020\/11\/sistema-de-limpieza-300x131.jpg\" alt=\"Sistema de limpieza\" width=\"300\" height=\"131\" srcset=\"https:\/\/www2.adixatex.com\/wp-content\/uploads\/2020\/11\/sistema-de-limpieza-300x131.jpg 300w, https:\/\/www2.adixatex.com\/wp-content\/uploads\/2020\/11\/sistema-de-limpieza-750x327.jpg 750w, https:\/\/www2.adixatex.com\/wp-content\/uploads\/2020\/11\/sistema-de-limpieza-768x335.jpg 768w, https:\/\/www2.adixatex.com\/wp-content\/uploads\/2020\/11\/sistema-de-limpieza-600x262.jpg 600w, https:\/\/www2.adixatex.com\/wp-content\/uploads\/2020\/11\/sistema-de-limpieza.jpg 805w\" sizes=\"(max-width: 300px) 100vw, 300px\" \/><\/td>\n<\/tr>\n<tr>\n<td style=\"width: 496.457px; text-align: left;\">El sistema de limpieza para V\u00e1lvulas Novex se compone de varios componentes:\n<ul>\n<li>Racor<\/li>\n<li>Filtro<\/li>\n<li>Purga autom\u00e1tica<\/li>\n<li>Caja de conexiones Ex II 2D<\/li>\n<\/ul>\n<\/td>\n<\/tr>\n<\/tbody>\n<\/table>\n<\/div>\n<p class=\"container_tabs_title_mobile\">Descargas<\/p><div class=\"container_tabs_content\">\n<p><a class=\"link_view_pdf\" href=\"https:\/\/adixatex.com\/wp-content\/uploads\/2020\/11\/NOVEX.pdf\" target=\"_blank\" rel=\"noopener noreferrer\">Descargar caracter\u00edsticas del producto (PDF)<\/a><\/p>\n<\/div>\n<\/div>\n","protected":false},"excerpt":{"rendered":"<p>Vanne \u00e0 volet pour l&rsquo;isolation contre les explosions qui est normalement maintenue ouverte pendant un d\u00e9bit normal. En cas d&rsquo;explosion, la surpression provoqu\u00e9e, ferme le volet en \u00e9vitant la propagation de l&rsquo;explosion au reste de l&rsquo;installation.<\/p>\n","protected":false},"featured_media":11686,"comment_status":"open","ping_status":"closed","template":"","meta":[],"product_brand":[],"product_cat":[136],"product_tag":[],"class_list":{"0":"post-1111","1":"product","2":"type-product","3":"status-publish","4":"has-post-thumbnail","6":"product_cat-protection_explosions","8":"first","9":"instock","10":"shipping-taxable","11":"purchasable","12":"product-type-variable"},"yoast_head":"<!-- This site is optimized with the Yoast SEO plugin v24.4 - https:\/\/yoast.com\/wordpress\/plugins\/seo\/ -->\n<title>Vanne d&#039;isolation \u00e0 volet - NOVEx - Adixatex<\/title>\n<meta name=\"robots\" content=\"noindex, follow, max-snippet:-1, max-image-preview:large, max-video-preview:-1\" \/>\n<meta property=\"og:locale\" content=\"fr_FR\" \/>\n<meta property=\"og:type\" content=\"article\" \/>\n<meta property=\"og:title\" content=\"Vanne d&#039;isolation \u00e0 volet - NOVEx - Adixatex\" \/>\n<meta property=\"og:description\" content=\"Vanne \u00e0 volet pour l&#039;isolation contre les explosions qui est normalement maintenue ouverte pendant un d\u00e9bit normal. En cas d&#039;explosion, la surpression provoqu\u00e9e, ferme le volet en \u00e9vitant la propagation de l&#039;explosion au reste de l&#039;installation.\" \/>\n<meta property=\"og:url\" content=\"https:\/\/www2.adixatex.com\/produit\/valvulas-de-clapela-novex\/\" \/>\n<meta property=\"og:site_name\" content=\"Adixatex\" \/>\n<meta property=\"article:modified_time\" content=\"2021-11-19T06:31:24+00:00\" \/>\n<meta property=\"og:image\" content=\"https:\/\/www2.adixatex.com\/wp-content\/uploads\/2022\/01\/NOVEx.jpg\" \/>\n\t<meta property=\"og:image:width\" content=\"1000\" \/>\n\t<meta property=\"og:image:height\" content=\"1000\" \/>\n\t<meta property=\"og:image:type\" content=\"image\/jpeg\" \/>\n<meta name=\"twitter:card\" content=\"summary_large_image\" \/>\n<meta name=\"twitter:site\" content=\"@adixprotection\" \/>\n<meta name=\"twitter:label1\" content=\"Dur\u00e9e de lecture estim\u00e9e\" \/>\n\t<meta name=\"twitter:data1\" content=\"1 minute\" \/>\n<script type=\"application\/ld+json\" class=\"yoast-schema-graph\">{\"@context\":\"https:\/\/schema.org\",\"@graph\":[{\"@type\":\"WebPage\",\"@id\":\"https:\/\/www2.adixatex.com\/produit\/valvulas-de-clapela-novex\/\",\"url\":\"https:\/\/www2.adixatex.com\/produit\/valvulas-de-clapela-novex\/\",\"name\":\"Vanne d'isolation \u00e0 volet - NOVEx - Adixatex\",\"isPartOf\":{\"@id\":\"https:\/\/www2.adixatex.com\/#website\"},\"primaryImageOfPage\":{\"@id\":\"https:\/\/www2.adixatex.com\/produit\/valvulas-de-clapela-novex\/#primaryimage\"},\"image\":{\"@id\":\"https:\/\/www2.adixatex.com\/produit\/valvulas-de-clapela-novex\/#primaryimage\"},\"thumbnailUrl\":\"https:\/\/www2.adixatex.com\/wp-content\/uploads\/2022\/01\/NOVEx.jpg\",\"datePublished\":\"2020-11-12T13:52:01+00:00\",\"dateModified\":\"2021-11-19T06:31:24+00:00\",\"breadcrumb\":{\"@id\":\"https:\/\/www2.adixatex.com\/produit\/valvulas-de-clapela-novex\/#breadcrumb\"},\"inLanguage\":\"fr-FR\",\"potentialAction\":[{\"@type\":\"ReadAction\",\"target\":[\"https:\/\/www2.adixatex.com\/produit\/valvulas-de-clapela-novex\/\"]}]},{\"@type\":\"ImageObject\",\"inLanguage\":\"fr-FR\",\"@id\":\"https:\/\/www2.adixatex.com\/produit\/valvulas-de-clapela-novex\/#primaryimage\",\"url\":\"https:\/\/www2.adixatex.com\/wp-content\/uploads\/2022\/01\/NOVEx.jpg\",\"contentUrl\":\"https:\/\/www2.adixatex.com\/wp-content\/uploads\/2022\/01\/NOVEx.jpg\",\"width\":1000,\"height\":1000},{\"@type\":\"BreadcrumbList\",\"@id\":\"https:\/\/www2.adixatex.com\/produit\/valvulas-de-clapela-novex\/#breadcrumb\",\"itemListElement\":[{\"@type\":\"ListItem\",\"position\":1,\"name\":\"Accueil\",\"item\":\"https:\/\/www2.adixatex.com\/\"},{\"@type\":\"ListItem\",\"position\":2,\"name\":\"Boutique\",\"item\":\"https:\/\/www2.adixatex.com\/productos\/\"},{\"@type\":\"ListItem\",\"position\":3,\"name\":\"Vanne d&#8217;isolation \u00e0 volet &#8211; NOVEx\"}]},{\"@type\":\"WebSite\",\"@id\":\"https:\/\/www2.adixatex.com\/#website\",\"url\":\"https:\/\/www2.adixatex.com\/\",\"name\":\"Adixatex\",\"description\":\"Prevenci\u00f3n y protecci\u00f3n de atm\u00f3sferas explosivas\",\"inLanguage\":\"fr-FR\"}]}<\/script>\n<!-- \/ Yoast SEO plugin. -->","yoast_head_json":{"title":"Vanne d'isolation \u00e0 volet - NOVEx - Adixatex","robots":{"index":"noindex","follow":"follow","max-snippet":"max-snippet:-1","max-image-preview":"max-image-preview:large","max-video-preview":"max-video-preview:-1"},"og_locale":"fr_FR","og_type":"article","og_title":"Vanne d'isolation \u00e0 volet - NOVEx - Adixatex","og_description":"Vanne \u00e0 volet pour l'isolation contre les explosions qui est normalement maintenue ouverte pendant un d\u00e9bit normal. En cas d'explosion, la surpression provoqu\u00e9e, ferme le volet en \u00e9vitant la propagation de l'explosion au reste de l'installation.","og_url":"https:\/\/www2.adixatex.com\/produit\/valvulas-de-clapela-novex\/","og_site_name":"Adixatex","article_modified_time":"2021-11-19T06:31:24+00:00","og_image":[{"width":1000,"height":1000,"url":"https:\/\/www2.adixatex.com\/wp-content\/uploads\/2022\/01\/NOVEx.jpg","type":"image\/jpeg"}],"twitter_card":"summary_large_image","twitter_site":"@adixprotection","twitter_misc":{"Dur\u00e9e de lecture estim\u00e9e":"1 minute"},"schema":{"@context":"https:\/\/schema.org","@graph":[{"@type":"WebPage","@id":"https:\/\/www2.adixatex.com\/produit\/valvulas-de-clapela-novex\/","url":"https:\/\/www2.adixatex.com\/produit\/valvulas-de-clapela-novex\/","name":"Vanne d'isolation \u00e0 volet - NOVEx - Adixatex","isPartOf":{"@id":"https:\/\/www2.adixatex.com\/#website"},"primaryImageOfPage":{"@id":"https:\/\/www2.adixatex.com\/produit\/valvulas-de-clapela-novex\/#primaryimage"},"image":{"@id":"https:\/\/www2.adixatex.com\/produit\/valvulas-de-clapela-novex\/#primaryimage"},"thumbnailUrl":"https:\/\/www2.adixatex.com\/wp-content\/uploads\/2022\/01\/NOVEx.jpg","datePublished":"2020-11-12T13:52:01+00:00","dateModified":"2021-11-19T06:31:24+00:00","breadcrumb":{"@id":"https:\/\/www2.adixatex.com\/produit\/valvulas-de-clapela-novex\/#breadcrumb"},"inLanguage":"fr-FR","potentialAction":[{"@type":"ReadAction","target":["https:\/\/www2.adixatex.com\/produit\/valvulas-de-clapela-novex\/"]}]},{"@type":"ImageObject","inLanguage":"fr-FR","@id":"https:\/\/www2.adixatex.com\/produit\/valvulas-de-clapela-novex\/#primaryimage","url":"https:\/\/www2.adixatex.com\/wp-content\/uploads\/2022\/01\/NOVEx.jpg","contentUrl":"https:\/\/www2.adixatex.com\/wp-content\/uploads\/2022\/01\/NOVEx.jpg","width":1000,"height":1000},{"@type":"BreadcrumbList","@id":"https:\/\/www2.adixatex.com\/produit\/valvulas-de-clapela-novex\/#breadcrumb","itemListElement":[{"@type":"ListItem","position":1,"name":"Accueil","item":"https:\/\/www2.adixatex.com\/"},{"@type":"ListItem","position":2,"name":"Boutique","item":"https:\/\/www2.adixatex.com\/productos\/"},{"@type":"ListItem","position":3,"name":"Vanne d&#8217;isolation \u00e0 volet &#8211; NOVEx"}]},{"@type":"WebSite","@id":"https:\/\/www2.adixatex.com\/#website","url":"https:\/\/www2.adixatex.com\/","name":"Adixatex","description":"Prevenci\u00f3n y protecci\u00f3n de atm\u00f3sferas explosivas","inLanguage":"fr-FR"}]}},"_links":{"self":[{"href":"https:\/\/www2.adixatex.com\/fr\/wp-json\/wp\/v2\/product\/1111","targetHints":{"allow":["GET"]}}],"collection":[{"href":"https:\/\/www2.adixatex.com\/fr\/wp-json\/wp\/v2\/product"}],"about":[{"href":"https:\/\/www2.adixatex.com\/fr\/wp-json\/wp\/v2\/types\/product"}],"replies":[{"embeddable":true,"href":"https:\/\/www2.adixatex.com\/fr\/wp-json\/wp\/v2\/comments?post=1111"}],"version-history":[{"count":1,"href":"https:\/\/www2.adixatex.com\/fr\/wp-json\/wp\/v2\/product\/1111\/revisions"}],"predecessor-version":[{"id":1112,"href":"https:\/\/www2.adixatex.com\/fr\/wp-json\/wp\/v2\/product\/1111\/revisions\/1112"}],"wp:featuredmedia":[{"embeddable":true,"href":"https:\/\/www2.adixatex.com\/fr\/wp-json\/wp\/v2\/media\/11686"}],"wp:attachment":[{"href":"https:\/\/www2.adixatex.com\/fr\/wp-json\/wp\/v2\/media?parent=1111"}],"wp:term":[{"taxonomy":"product_brand","embeddable":true,"href":"https:\/\/www2.adixatex.com\/fr\/wp-json\/wp\/v2\/product_brand?post=1111"},{"taxonomy":"product_cat","embeddable":true,"href":"https:\/\/www2.adixatex.com\/fr\/wp-json\/wp\/v2\/product_cat?post=1111"},{"taxonomy":"product_tag","embeddable":true,"href":"https:\/\/www2.adixatex.com\/fr\/wp-json\/wp\/v2\/product_tag?post=1111"}],"curies":[{"name":"wp","href":"https:\/\/api.w.org\/{rel}","templated":true}]}}