{"id":1388,"date":"2020-12-15T10:34:05","date_gmt":"2020-12-15T09:34:05","guid":{"rendered":"https:\/\/adixatex.com\/product\/panneau-anti-explosion-circulaire-bcp\/"},"modified":"2021-11-19T08:13:38","modified_gmt":"2021-11-19T07:13:38","slug":"panneau-anti-explosion-circulaire-bcp","status":"publish","type":"product","link":"https:\/\/www2.adixatex.com\/fr\/produit\/panneau-anti-explosion-circulaire-bcp\/","title":{"rendered":"Panneau Anti-explosion Circulaire [BCP]"},"content":{"rendered":"<div id=\"shortcode_container_tabs\" class=\"shortcode_container_tabs\"><div id=\"container_tabs_title\" class=\"container_tabs_title\"><\/div>\n<p class=\"container_tabs_title_mobile\">Donn\u00e9es techniques<\/p><div class=\"container_tabs_content\">\n<div id=\"content_table\" class=\"content_table\">\n<table style=\"width: 607px;\">\n<tbody>\n<tr>\n<td style=\"text-align: left; width: 242.554px;\">Type<\/td>\n<td style=\"width: 390.446px; text-align: left;\">Circulaire Plano<\/td>\n<\/tr>\n<tr>\n<td style=\"text-align: left; width: 242.554px;\">Dimensions<\/td>\n<td style=\"width: 390.446px; text-align: left;\">de 200 \u00e0 1020 mm<\/td>\n<\/tr>\n<tr>\n<td style=\"text-align: left; width: 242.554px;\">Mat\u00e9riau<\/td>\n<td style=\"width: 390.446px; text-align: left;\">Acier inoxydable AISI 304L o 316L<\/td>\n<\/tr>\n<tr>\n<td style=\"text-align: left; width: 242.554px;\">Efficacit\u00e9 anti-explosion<\/td>\n<td style=\"width: 390.446px; text-align: left;\">100%<\/td>\n<\/tr>\n<tr>\n<td style=\"text-align: left; width: 242.554px;\">Pression statique<\/td>\n<td style=\"width: 390.446px; text-align: left;\">20 \u00e0 500 mbar<\/td>\n<\/tr>\n<tr>\n<td style=\"text-align: left; width: 242.554px;\">Tol\u00e9rance<\/td>\n<td style=\"width: 390.446px; text-align: left;\">+\/-25%<\/td>\n<\/tr>\n<tr>\n<td style=\"text-align: left; width: 242.554px;\">Pression de service maximale<\/td>\n<td style=\"width: 390.446px; text-align: left;\">90% P<sub>stat<\/sub><\/td>\n<\/tr>\n<tr>\n<td style=\"text-align: left; width: 242.554px;\">Pression de vide maximale<\/td>\n<td style=\"width: 390.446px; text-align: left;\">-100 mbar<\/td>\n<\/tr>\n<tr>\n<td style=\"text-align: left; width: 242.554px;\">Plage de temp\u00e9rature<\/td>\n<td style=\"width: 390.446px; text-align: left;\">jusqu&rsquo;\u00e0 350\u00baC<\/td>\n<\/tr>\n<tr>\n<td style=\"text-align: left; width: 242.554px;\">Produit<\/td>\n<td style=\"width: 390.446px; text-align: left;\">Polvo org\u00e1nico hasta St2<\/td>\n<\/tr>\n<tr>\n<td style=\"text-align: left; width: 242.554px;\">Certificat ATEX<\/td>\n<td style=\"width: 390.446px; text-align: left;\">conform\u00e9ment aux normes EN14797:2006 et EN14994:2007<\/td>\n<\/tr>\n<tr>\n<td style=\"text-align: left; width: 242.554px;\">Marquage<\/td>\n<td style=\"width: 390.446px; text-align: left;\">Ex D<\/td>\n<\/tr>\n<\/tbody>\n<\/table>\n<\/div>\n<\/div>\n<p class=\"container_tabs_title_mobile\">Dimensions<\/p><div class=\"container_tabs_content\">\n<div id=\"content_table\" class=\"content_table\">\n<table width=\"601\">\n<thead id=\"content_table_head\">\n<tr>\n<th class=\"content_table_column\" style=\"width: 115px; text-align: center;\"><strong>R\u00e9f\u00e9rence<\/strong><\/th>\n<th class=\"content_table_column\" style=\"width: 185px; text-align: center;\"><strong>Dimensions ext\u00e9rieures<\/strong><\/th>\n<th class=\"content_table_column\" style=\"width: 146px;\"><strong>Diam\u00e8tre nominal<\/strong><\/th>\n<th class=\"content_table_column\" style=\"width: 127px;\"><strong>Zone de ventilation<\/strong><\/th>\n<\/tr>\n<tr>\n<th class=\"content_table_column\" style=\"width: 115px; text-align: center;\"><strong>R\u00e9f\u00e9rence<\/strong><\/th>\n<th class=\"content_table_column\" style=\"width: 185px; text-align: center;\"><strong>Dimensions ext\u00e9rieures<\/strong><\/th>\n<th class=\"content_table_column\" style=\"width: 146px;\"><strong>Diam\u00e8tre nominal<\/strong><\/th>\n<th class=\"content_table_column\" style=\"width: 127px;\"><strong>Zone de ventilation<\/strong><\/th>\n<\/tr>\n<\/thead>\n<tbody>\n<tr>\n<td style=\"width: 115px; text-align: center;\">BCP280<\/td>\n<td style=\"width: 185px; text-align: center;\">280<\/td>\n<td style=\"width: 146px; text-align: center;\">200<\/td>\n<td style=\"width: 127px; text-align: center;\">0,031<\/td>\n<\/tr>\n<tr>\n<td style=\"width: 115px; text-align: center;\">BCP370<\/td>\n<td style=\"width: 185px; text-align: center;\">370<\/td>\n<td style=\"width: 146px; text-align: center;\">300<\/td>\n<td style=\"width: 127px; text-align: center;\">0,071<\/td>\n<\/tr>\n<tr>\n<td style=\"width: 115px; text-align: center;\">BCP470<\/td>\n<td style=\"width: 185px; text-align: center;\">470<\/td>\n<td style=\"width: 146px; text-align: center;\">383<\/td>\n<td style=\"width: 127px; text-align: center;\">0,115<\/td>\n<\/tr>\n<tr>\n<td style=\"width: 115px; text-align: center;\">BCP565<\/td>\n<td style=\"width: 185px; text-align: center;\">565<\/td>\n<td style=\"width: 146px; text-align: center;\">450<\/td>\n<td style=\"width: 127px; text-align: center;\">0,159<\/td>\n<\/tr>\n<tr>\n<td style=\"width: 115px; text-align: center;\">BCP715<\/td>\n<td style=\"width: 185px; text-align: center;\">715<\/td>\n<td style=\"width: 146px; text-align: center;\">635<\/td>\n<td style=\"width: 127px; text-align: center;\">0,317<\/td>\n<\/tr>\n<tr>\n<td style=\"width: 115px; text-align: center;\">BCP974<\/td>\n<td style=\"width: 185px; text-align: center;\">974<\/td>\n<td style=\"width: 146px; text-align: center;\">884<\/td>\n<td style=\"width: 127px; text-align: center;\">0,614<\/td>\n<\/tr>\n<tr>\n<td style=\"width: 115px; text-align: center;\">BCP1020<\/td>\n<td style=\"width: 185px; text-align: center;\">1020<\/td>\n<td style=\"width: 146px; text-align: center;\">930<\/td>\n<td style=\"width: 127px; text-align: center;\">0,679<\/td>\n<\/tr>\n<\/tbody>\n<\/table>\n<\/div>\n<p style=\"text-align: center;\">Pour d&rsquo;autres dimensions et\/ou conditions de travail <a href=\"https:\/\/adixatex.com\/fr\/contacter\/\">contacter Adix<\/a><\/p>\n<\/div>\n<p class=\"container_tabs_title_mobile\">Accessoires<\/p><div class=\"container_tabs_content\">\n<p><h3 class=\"container_tabs_title_inside\">D\u00e9tecteur de rupture<\/h3><div class=\"container_tabs_content_inside\"><\/div><\/p>\n<table style=\"width: 631px; height: 200px;\">\n<tbody>\n<tr>\n<th class=\"content_table_column\" style=\"width: 496.457px;\">\n<h3 class=\"content_table_title\" style=\"text-align: left;\"><img fetchpriority=\"high\" decoding=\"async\" class=\"aligncenter size-medium wp-image-1238\" src=\"https:\/\/adixatex.com\/wp-content\/uploads\/2020\/11\/MK500A-Detector-rotura-IFM-300x220.jpg\" alt=\"Detector de ruptura\" width=\"300\" height=\"220\" srcset=\"https:\/\/www2.adixatex.com\/wp-content\/uploads\/2020\/11\/MK500A-Detector-rotura-IFM-300x220.jpg 300w, https:\/\/www2.adixatex.com\/wp-content\/uploads\/2020\/11\/MK500A-Detector-rotura-IFM-600x440.jpg 600w, https:\/\/www2.adixatex.com\/wp-content\/uploads\/2020\/11\/MK500A-Detector-rotura-IFM.jpg 619w\" sizes=\"(max-width: 300px) 100vw, 300px\" \/><\/h3>\n<\/th>\n<\/tr>\n<tr>\n<td style=\"width: 496.457px; text-align: left;\">\n<hr \/>\n<p><strong><em>D\u00e9tecteur de rupture magn\u00e9tique MK500A<\/em><\/strong><\/p>\n<p>Homologation ATEX Ex II Ex 3D Ex tc IIIC T125\u00b0C Dc X<\/p>\n<p>Possibilit\u00e9 de montage sur diff\u00e9rents types de v\u00e9rins.<\/p>\n<p><strong>Plage de d\u00e9tection\u00a0:<\/strong> Sensibilit\u00e9 de r\u00e9action [mT] 2 Vitesses de d\u00e9placement [m\/s] &gt; 10<\/p>\n<p><strong>Pr\u00e9cision\u00a0:<\/strong>Variations Hyst\u00e9r\u00e9sis [mm] 1 R\u00e9p\u00e9tabilit\u00e9 [mm] &lt; 0,2<\/p>\n<p><strong>Temp\u00e9rature\u00a0:<\/strong> -25\u00baC \u00e0 60\u00baC<\/p><\/td>\n<\/tr>\n<tr>\n<td style=\"width: 496.457px; text-align: left;\"><img decoding=\"async\" class=\"aligncenter size-full wp-image-1246\" src=\"https:\/\/adixatex.com\/wp-content\/uploads\/2020\/11\/detector-magnetico-de-rotura.jpg\" alt=\"Detector magn\u00e9tico de rotura\" width=\"204\" height=\"154\" \/><\/td>\n<\/tr>\n<tr>\n<td style=\"width: 496.457px; text-align: left;\">\n<hr \/>\n<p><strong><em>C\u00e2ble de signalisation de rupture type RECS pour haute temp\u00e9rature VP2759<\/em><\/strong><\/p>\n<p><strong><em>Temp\u00e9rature de travail\u00a0:<\/em><\/strong> -60\u00baC \u00e0 300\u00baC<\/p>\n<p><strong><em>Temp\u00e9rature de pointe\u00a0:<\/em><\/strong><em>\u00a0<\/em> 350\u00baC<\/p>\n<p><strong><em>AWG\u00a0:<\/em><\/strong> 20S<\/p>\n<p><strong><em>Diam\u00e8tre nominal du conduit<\/em><\/strong><em>\u00a0:<\/em> 0,965mm<\/p>\n<p><strong><em>Longueur totale\u00a0: <\/em><\/strong>2m<\/p><\/td>\n<\/tr>\n<\/tbody>\n<\/table>\n<p>&nbsp;<\/p>\n<p><h3 class=\"container_tabs_title_inside\">Brides de process<\/h3><div class=\"container_tabs_content_inside\"><\/div><\/p>\n<table style=\"width: 631px; height: 200px;\">\n<tbody>\n<tr>\n<td style=\"width: 496.457px; text-align: left;\"><img decoding=\"async\" class=\"aligncenter size-medium wp-image-991\" src=\"https:\/\/adixatex.com\/wp-content\/uploads\/2020\/11\/PVACSE-300x187.jpg\" alt=\"PVACSE\" width=\"300\" height=\"187\" srcset=\"https:\/\/www2.adixatex.com\/wp-content\/uploads\/2020\/11\/PVACSE-300x187.jpg 300w, https:\/\/www2.adixatex.com\/wp-content\/uploads\/2020\/11\/PVACSE-750x467.jpg 750w, https:\/\/www2.adixatex.com\/wp-content\/uploads\/2020\/11\/PVACSE-768x479.jpg 768w, https:\/\/www2.adixatex.com\/wp-content\/uploads\/2020\/11\/PVACSE-600x374.jpg 600w, https:\/\/www2.adixatex.com\/wp-content\/uploads\/2020\/11\/PVACSE.jpg 1043w\" sizes=\"(max-width: 300px) 100vw, 300px\" \/><\/td>\n<\/tr>\n<tr>\n<td style=\"width: 496.457px; text-align: left;\">Soud\u00e9 (L) ou viss\u00e9 (U)\n<p>AISI 304 et AISI 316<\/p>\n<p>Installation verticale (renforcement int\u00e9rieur) et horizontale<\/p>\n<p>Note\u00a0: Brides de montage uniquement pour panneaux circulaires, le reste est mont\u00e9 sur papier. <em>Pour d&rsquo;autres solutions, consulter.<\/em><\/p><\/td>\n<\/tr>\n<\/tbody>\n<\/table>\n<p>&nbsp;<\/p>\n<p><h3 class=\"container_tabs_title_inside\">Cachets<\/h3><div class=\"container_tabs_content_inside\"><\/div><\/p>\n<table style=\"width: 631px; height: 200px;\">\n<tbody>\n<tr>\n<td style=\"width: 496.457px; text-align: left;\"><img loading=\"lazy\" decoding=\"async\" class=\"aligncenter size-medium wp-image-1254\" src=\"https:\/\/adixatex.com\/wp-content\/uploads\/2020\/11\/sello-proceso-EPDM-300x200.jpg\" alt=\"Sello proceso EPDM\" width=\"300\" height=\"200\" srcset=\"https:\/\/www2.adixatex.com\/wp-content\/uploads\/2020\/11\/sello-proceso-EPDM-300x200.jpg 300w, https:\/\/www2.adixatex.com\/wp-content\/uploads\/2020\/11\/sello-proceso-EPDM.jpg 466w\" sizes=\"(max-width: 300px) 100vw, 300px\" \/><\/td>\n<\/tr>\n<tr>\n<td style=\"width: 496.457px; text-align: left;\"><strong>Joint de processus EPDM <\/strong>\n<p>Une bande de caoutchouc dynamique emp\u00eache les vibrations entre les mat\u00e9riaux compacts.<\/p>\n<p>Il agit comme joint d&rsquo;\u00e9tanch\u00e9it\u00e9 \u00e0 l&rsquo;air, \u00e0 l&rsquo;eau et \u00e0 la poussi\u00e8re, tant \u00e0 l&rsquo;ext\u00e9rieur qu&rsquo;\u00e0 l&rsquo;int\u00e9rieur.<\/p>\n<p>R\u00e9sistant aux rayons ultraviolets et aux temp\u00e9ratures extr\u00eames.<\/p>\n<p>Temp\u00e9rature de -30\u00baC \u00e0 90\u00baC.<\/p><\/td>\n<\/tr>\n<tr>\n<td style=\"width: 496.457px; text-align: left;\"><strong><img loading=\"lazy\" decoding=\"async\" class=\"aligncenter size-medium wp-image-1262\" src=\"https:\/\/adixatex.com\/wp-content\/uploads\/2020\/11\/Sello-cera\u0301mico-alta-temperatura-300x225.jpg\" alt=\"Sello cera\u0301mico alta temperatura\" width=\"300\" height=\"225\" srcset=\"https:\/\/www2.adixatex.com\/wp-content\/uploads\/2020\/11\/Sello-cera\u0301mico-alta-temperatura-300x225.jpg 300w, https:\/\/www2.adixatex.com\/wp-content\/uploads\/2020\/11\/Sello-cera\u0301mico-alta-temperatura-750x563.jpg 750w, https:\/\/www2.adixatex.com\/wp-content\/uploads\/2020\/11\/Sello-cera\u0301mico-alta-temperatura-768x576.jpg 768w, https:\/\/www2.adixatex.com\/wp-content\/uploads\/2020\/11\/Sello-cera\u0301mico-alta-temperatura-600x450.jpg 600w, https:\/\/www2.adixatex.com\/wp-content\/uploads\/2020\/11\/Sello-cera\u0301mico-alta-temperatura.jpg 1000w\" sizes=\"(max-width: 300px) 100vw, 300px\" \/><\/strong><\/td>\n<\/tr>\n<tr>\n<td style=\"width: 496.457px; text-align: left;\"><strong>Joint de processus en c\u00e9ramique haute temp\u00e9rature <\/strong>\n<p>Stabilit\u00e9 \u00e0 haute temp\u00e9rature jusqu&rsquo;\u00e0 1100\u00baC<\/p>\n<p>Conforme aux exigences r\u00e9glementaires europ\u00e9ennes.<\/p>\n<p>Excellente r\u00e9sistance au mouillage de l&rsquo;aluminium fondu.<\/p>\n<p>Faible conductivit\u00e9 thermique.<\/p>\n<p>Flexibilit\u00e9.<\/p>\n<p>Facile \u00e0 emballer, \u00e0 fa\u00e7onner ou \u00e0 couper.<\/p>\n<p>Loctite SI 5900\u00a0; Temp\u00e9rature jusqu&rsquo;\u00e0 275\u00baC en continu.<\/p><\/td>\n<\/tr>\n<tr>\n<td style=\"width: 496.457px; text-align: left;\"><strong><img loading=\"lazy\" decoding=\"async\" class=\"aligncenter size-medium wp-image-1270\" src=\"https:\/\/adixatex.com\/wp-content\/uploads\/2020\/11\/IMG_5935-300x229.jpg\" alt=\"Sello de proceso de Silicona\" width=\"300\" height=\"229\" srcset=\"https:\/\/www2.adixatex.com\/wp-content\/uploads\/2020\/11\/IMG_5935-300x229.jpg 300w, https:\/\/www2.adixatex.com\/wp-content\/uploads\/2020\/11\/IMG_5935-750x572.jpg 750w, https:\/\/www2.adixatex.com\/wp-content\/uploads\/2020\/11\/IMG_5935-768x585.jpg 768w, https:\/\/www2.adixatex.com\/wp-content\/uploads\/2020\/11\/IMG_5935-600x457.jpg 600w, https:\/\/www2.adixatex.com\/wp-content\/uploads\/2020\/11\/IMG_5935.jpg 1000w\" sizes=\"(max-width: 300px) 100vw, 300px\" \/><\/strong><\/td>\n<\/tr>\n<tr>\n<td style=\"width: 496.457px; text-align: left;\"><strong>Joint de processus en silicone<\/strong>\n<p>Temp\u00e9rature\u00a0de -40\u00baC \u00e0 220 \u00baC<\/p>\n<p>Silicone spongieux blanc (15HS)<\/p>\n<p>Excellente r\u00e9sistance \u00e0 la temp\u00e9rature.<\/p>\n<p>Bonne r\u00e9sistance aux produits chimiques<\/p>\n<p>Grande capacit\u00e9 de r\u00e9cup\u00e9ration \u00e0 la compression<\/p>\n<p>Bonne flexibilit\u00e9 \u00e0 basse temp\u00e9rature<\/p><\/td>\n<\/tr>\n<\/tbody>\n<\/table>\n<p>&nbsp;<\/p>\n<\/div>\n<p class=\"container_tabs_title_mobile\">T\u00e9l\u00e9chargement<\/p><div class=\"container_tabs_content\">\n<p><a href=\"https:\/\/adixatex.com\/wp-content\/uploads\/2020\/11\/FICHA-PANELES-PLANO-CIRCULAR-Y-TRAP.pdf\">Fiche technique (PDF)<\/a><\/p>\n<\/div>\n<\/div>\n","protected":false},"excerpt":{"rendered":"<p>Dispositifs circulaires de protection contre les explosions, bas\u00e9s sur la lib\u00e9ration de la surpression d&rsquo;explosion vers une zone s\u00fbre, afin d&rsquo;\u00e9viter que la r\u00e9sistance nominale du r\u00e9cipient soit d\u00e9pass\u00e9e.<\/p>\n","protected":false},"featured_media":11696,"comment_status":"open","ping_status":"closed","template":"","meta":[],"product_brand":[],"product_cat":[140,136],"product_tag":[],"class_list":{"0":"post-1388","1":"product","2":"type-product","3":"status-publish","4":"has-post-thumbnail","6":"product_cat-panneaux","7":"product_cat-protection_explosions","9":"first","10":"instock","11":"shipping-taxable","12":"product-type-simple"},"yoast_head":"<!-- This site is optimized with the Yoast SEO plugin v24.4 - https:\/\/yoast.com\/wordpress\/plugins\/seo\/ -->\n<title>Panneau Anti-explosion Circulaire [BCP] - Adixatex<\/title>\n<meta name=\"robots\" content=\"noindex, follow, max-snippet:-1, max-image-preview:large, max-video-preview:-1\" \/>\n<meta property=\"og:locale\" content=\"fr_FR\" \/>\n<meta property=\"og:type\" content=\"article\" \/>\n<meta property=\"og:title\" content=\"Panneau Anti-explosion Circulaire [BCP] - Adixatex\" \/>\n<meta property=\"og:description\" content=\"Dispositifs circulaires de protection contre les explosions, bas\u00e9s sur la lib\u00e9ration de la surpression d&#039;explosion vers une zone s\u00fbre, afin d&#039;\u00e9viter que la r\u00e9sistance nominale du r\u00e9cipient soit d\u00e9pass\u00e9e.\" \/>\n<meta property=\"og:url\" content=\"https:\/\/www2.adixatex.com\/fr\/produit\/panneau-anti-explosion-circulaire-bcp\/\" \/>\n<meta property=\"og:site_name\" content=\"Adixatex\" \/>\n<meta property=\"article:modified_time\" content=\"2021-11-19T07:13:38+00:00\" \/>\n<meta property=\"og:image\" content=\"https:\/\/www2.adixatex.com\/wp-content\/uploads\/2020\/12\/BCP.jpg\" \/>\n\t<meta property=\"og:image:width\" content=\"1000\" \/>\n\t<meta property=\"og:image:height\" content=\"1000\" \/>\n\t<meta property=\"og:image:type\" content=\"image\/jpeg\" \/>\n<meta name=\"twitter:card\" content=\"summary_large_image\" \/>\n<meta name=\"twitter:site\" content=\"@adixprotection\" \/>\n<meta name=\"twitter:label1\" content=\"Dur\u00e9e de lecture estim\u00e9e\" \/>\n\t<meta name=\"twitter:data1\" content=\"2 minutes\" \/>\n<script type=\"application\/ld+json\" class=\"yoast-schema-graph\">{\"@context\":\"https:\/\/schema.org\",\"@graph\":[{\"@type\":\"WebPage\",\"@id\":\"https:\/\/www2.adixatex.com\/fr\/produit\/panneau-anti-explosion-circulaire-bcp\/\",\"url\":\"https:\/\/www2.adixatex.com\/fr\/produit\/panneau-anti-explosion-circulaire-bcp\/\",\"name\":\"Panneau Anti-explosion Circulaire [BCP] - Adixatex\",\"isPartOf\":{\"@id\":\"https:\/\/www2.adixatex.com\/#website\"},\"primaryImageOfPage\":{\"@id\":\"https:\/\/www2.adixatex.com\/fr\/produit\/panneau-anti-explosion-circulaire-bcp\/#primaryimage\"},\"image\":{\"@id\":\"https:\/\/www2.adixatex.com\/fr\/produit\/panneau-anti-explosion-circulaire-bcp\/#primaryimage\"},\"thumbnailUrl\":\"https:\/\/www2.adixatex.com\/wp-content\/uploads\/2020\/12\/BCP.jpg\",\"datePublished\":\"2020-12-15T09:34:05+00:00\",\"dateModified\":\"2021-11-19T07:13:38+00:00\",\"breadcrumb\":{\"@id\":\"https:\/\/www2.adixatex.com\/fr\/produit\/panneau-anti-explosion-circulaire-bcp\/#breadcrumb\"},\"inLanguage\":\"fr-FR\",\"potentialAction\":[{\"@type\":\"ReadAction\",\"target\":[\"https:\/\/www2.adixatex.com\/fr\/produit\/panneau-anti-explosion-circulaire-bcp\/\"]}]},{\"@type\":\"ImageObject\",\"inLanguage\":\"fr-FR\",\"@id\":\"https:\/\/www2.adixatex.com\/fr\/produit\/panneau-anti-explosion-circulaire-bcp\/#primaryimage\",\"url\":\"https:\/\/www2.adixatex.com\/wp-content\/uploads\/2020\/12\/BCP.jpg\",\"contentUrl\":\"https:\/\/www2.adixatex.com\/wp-content\/uploads\/2020\/12\/BCP.jpg\",\"width\":1000,\"height\":1000},{\"@type\":\"BreadcrumbList\",\"@id\":\"https:\/\/www2.adixatex.com\/fr\/produit\/panneau-anti-explosion-circulaire-bcp\/#breadcrumb\",\"itemListElement\":[{\"@type\":\"ListItem\",\"position\":1,\"name\":\"Accueil\",\"item\":\"https:\/\/www2.adixatex.com\/\"},{\"@type\":\"ListItem\",\"position\":2,\"name\":\"Boutique\",\"item\":\"https:\/\/www2.adixatex.com\/productos\/\"},{\"@type\":\"ListItem\",\"position\":3,\"name\":\"Panneau Anti-explosion Circulaire [BCP]\"}]},{\"@type\":\"WebSite\",\"@id\":\"https:\/\/www2.adixatex.com\/#website\",\"url\":\"https:\/\/www2.adixatex.com\/\",\"name\":\"Adixatex\",\"description\":\"Prevenci\u00f3n y protecci\u00f3n de atm\u00f3sferas explosivas\",\"inLanguage\":\"fr-FR\"}]}<\/script>\n<!-- \/ Yoast SEO plugin. -->","yoast_head_json":{"title":"Panneau Anti-explosion Circulaire [BCP] - Adixatex","robots":{"index":"noindex","follow":"follow","max-snippet":"max-snippet:-1","max-image-preview":"max-image-preview:large","max-video-preview":"max-video-preview:-1"},"og_locale":"fr_FR","og_type":"article","og_title":"Panneau Anti-explosion Circulaire [BCP] - Adixatex","og_description":"Dispositifs circulaires de protection contre les explosions, bas\u00e9s sur la lib\u00e9ration de la surpression d'explosion vers une zone s\u00fbre, afin d'\u00e9viter que la r\u00e9sistance nominale du r\u00e9cipient soit d\u00e9pass\u00e9e.","og_url":"https:\/\/www2.adixatex.com\/fr\/produit\/panneau-anti-explosion-circulaire-bcp\/","og_site_name":"Adixatex","article_modified_time":"2021-11-19T07:13:38+00:00","og_image":[{"width":1000,"height":1000,"url":"https:\/\/www2.adixatex.com\/wp-content\/uploads\/2020\/12\/BCP.jpg","type":"image\/jpeg"}],"twitter_card":"summary_large_image","twitter_site":"@adixprotection","twitter_misc":{"Dur\u00e9e de lecture estim\u00e9e":"2 minutes"},"schema":{"@context":"https:\/\/schema.org","@graph":[{"@type":"WebPage","@id":"https:\/\/www2.adixatex.com\/fr\/produit\/panneau-anti-explosion-circulaire-bcp\/","url":"https:\/\/www2.adixatex.com\/fr\/produit\/panneau-anti-explosion-circulaire-bcp\/","name":"Panneau Anti-explosion Circulaire [BCP] - Adixatex","isPartOf":{"@id":"https:\/\/www2.adixatex.com\/#website"},"primaryImageOfPage":{"@id":"https:\/\/www2.adixatex.com\/fr\/produit\/panneau-anti-explosion-circulaire-bcp\/#primaryimage"},"image":{"@id":"https:\/\/www2.adixatex.com\/fr\/produit\/panneau-anti-explosion-circulaire-bcp\/#primaryimage"},"thumbnailUrl":"https:\/\/www2.adixatex.com\/wp-content\/uploads\/2020\/12\/BCP.jpg","datePublished":"2020-12-15T09:34:05+00:00","dateModified":"2021-11-19T07:13:38+00:00","breadcrumb":{"@id":"https:\/\/www2.adixatex.com\/fr\/produit\/panneau-anti-explosion-circulaire-bcp\/#breadcrumb"},"inLanguage":"fr-FR","potentialAction":[{"@type":"ReadAction","target":["https:\/\/www2.adixatex.com\/fr\/produit\/panneau-anti-explosion-circulaire-bcp\/"]}]},{"@type":"ImageObject","inLanguage":"fr-FR","@id":"https:\/\/www2.adixatex.com\/fr\/produit\/panneau-anti-explosion-circulaire-bcp\/#primaryimage","url":"https:\/\/www2.adixatex.com\/wp-content\/uploads\/2020\/12\/BCP.jpg","contentUrl":"https:\/\/www2.adixatex.com\/wp-content\/uploads\/2020\/12\/BCP.jpg","width":1000,"height":1000},{"@type":"BreadcrumbList","@id":"https:\/\/www2.adixatex.com\/fr\/produit\/panneau-anti-explosion-circulaire-bcp\/#breadcrumb","itemListElement":[{"@type":"ListItem","position":1,"name":"Accueil","item":"https:\/\/www2.adixatex.com\/"},{"@type":"ListItem","position":2,"name":"Boutique","item":"https:\/\/www2.adixatex.com\/productos\/"},{"@type":"ListItem","position":3,"name":"Panneau Anti-explosion Circulaire [BCP]"}]},{"@type":"WebSite","@id":"https:\/\/www2.adixatex.com\/#website","url":"https:\/\/www2.adixatex.com\/","name":"Adixatex","description":"Prevenci\u00f3n y protecci\u00f3n de atm\u00f3sferas explosivas","inLanguage":"fr-FR"}]}},"_links":{"self":[{"href":"https:\/\/www2.adixatex.com\/fr\/wp-json\/wp\/v2\/product\/1388","targetHints":{"allow":["GET"]}}],"collection":[{"href":"https:\/\/www2.adixatex.com\/fr\/wp-json\/wp\/v2\/product"}],"about":[{"href":"https:\/\/www2.adixatex.com\/fr\/wp-json\/wp\/v2\/types\/product"}],"replies":[{"embeddable":true,"href":"https:\/\/www2.adixatex.com\/fr\/wp-json\/wp\/v2\/comments?post=1388"}],"version-history":[{"count":1,"href":"https:\/\/www2.adixatex.com\/fr\/wp-json\/wp\/v2\/product\/1388\/revisions"}],"predecessor-version":[{"id":1389,"href":"https:\/\/www2.adixatex.com\/fr\/wp-json\/wp\/v2\/product\/1388\/revisions\/1389"}],"wp:featuredmedia":[{"embeddable":true,"href":"https:\/\/www2.adixatex.com\/fr\/wp-json\/wp\/v2\/media\/11696"}],"wp:attachment":[{"href":"https:\/\/www2.adixatex.com\/fr\/wp-json\/wp\/v2\/media?parent=1388"}],"wp:term":[{"taxonomy":"product_brand","embeddable":true,"href":"https:\/\/www2.adixatex.com\/fr\/wp-json\/wp\/v2\/product_brand?post=1388"},{"taxonomy":"product_cat","embeddable":true,"href":"https:\/\/www2.adixatex.com\/fr\/wp-json\/wp\/v2\/product_cat?post=1388"},{"taxonomy":"product_tag","embeddable":true,"href":"https:\/\/www2.adixatex.com\/fr\/wp-json\/wp\/v2\/product_tag?post=1388"}],"curies":[{"name":"wp","href":"https:\/\/api.w.org\/{rel}","templated":true}]}}