{"id":1708,"date":"2020-11-12T13:41:55","date_gmt":"2020-11-12T12:41:55","guid":{"rendered":"https:\/\/adixatex.com\/sobre-nosotros\/"},"modified":"2021-03-31T18:26:50","modified_gmt":"2021-03-31T16:26:50","slug":"sobre-nosotros","status":"publish","type":"page","link":"https:\/\/www2.adixatex.com\/it\/sobre-nosotros\/","title":{"rendered":"Chi siamo"},"content":{"rendered":"<div class=\"shortcode_featured right\"><p><span>\"Pi\u00f9 di 20 anni di esperienza.<\/span>Assistenza personalizzata in pi\u00f9 di 30 paesi\"<\/p><\/div>\n<section class=\"shortcode_articles reverse_rows\">\n<article>\n<figure><img decoding=\"async\" src=\"https:\/\/adixatex.com\/wp-content\/uploads\/2021\/02\/3-2.jpg\" alt=\"Realizziamo un'analisi esaustiva delle installazioni\"\/><\/figure>\n<div class=\"info\"><span class=\"tag\">Ingegneria e consulenza<\/span>\n<h3><a href=\"#\">Realizziamo un&#8217;analisi esaustiva delle installazioni<\/a><\/h3>\n\n<p>I servizi di Adix Consutoria sono progettati per fornire la SOLUZIONE tecnica pi\u00f9 appropriata alle vostre esigenze di conformit\u00e0 ATEX.<\/p>\n<p>L&#8217;esperienza e le conoscenze di Adix sono inquadrate nel <strong>gruppo di lavoro europeo<\/strong> CEN\/TC305\/WG3 e nel<strong> comitato tecnico di normalizzazione<\/strong> AEN\/CTN163 &#8220;Prevenzione e protezione contro le esplosioni in atmosfere potenzialmente esplosive&#8221;.<\/p>\n<p><a href=\"https:\/\/adixatex.com\/consultoria\/\">Pi\u00f9 informazioni su.<\/a><\/p>\n<p><span class=\"link false_link\" data-link=\"parent_h3\">Maggiori informazioni<i><svg fill=\"none\" height=\"8\" viewBox=\"0 0 21 8\" width=\"21\" xmlns=\"http:\/\/www.w3.org\/2000\/svg\"><path d=\"m20.3536 4.35355c.1952-.19526.1952-.51184 0-.70711l-3.182-3.181975c-.1953-.195263-.5119-.195263-.7071 0-.1953.195262-.1953.511844 0 .707105l2.8284 2.82843-2.8284 2.82843c-.1953.19526-.1953.51184 0 .7071.1952.19526.5118.19526.7071 0zm-20.35359996.14645h19.99999996v-1h-20.00000004z\" fill=\"#000\"><\/path><\/svg><\/i><\/span><\/p><\/div>\n<\/article>\n<article>\n<figure><img decoding=\"async\" src=\"https:\/\/adixatex.com\/wp-content\/uploads\/2021\/02\/ed_3-500x400-1.jpg\" alt=\"Forniamo una formazione approvata applicata agli ambienti ATEX.\"\/><\/figure>\n<div class=\"info\"><span class=\"tag\">Formazione<\/span>\n<h3><a href=\"#\">Forniamo una formazione approvata applicata agli ambienti ATEX.<\/a><\/h3>\n\n<p>Realizziamo corsi, seminari e formazione per i dipendenti dell&#8217;azienda designati a lavorare in atmosfere ATEX. Ci facciamo coinvolgere affinch\u00e9 queste conoscenze siano applicate dai professionisti del settore.<\/p>\n<p><a href=\"https:\/\/adixatex.com\/it\/formacion\/\">Pi\u00f9 informazioni su.<\/a><\/p>\n<p><span class=\"link false_link\" data-link=\"parent_h3\">Maggiori informazioni<i><svg fill=\"none\" height=\"8\" viewBox=\"0 0 21 8\" width=\"21\" xmlns=\"http:\/\/www.w3.org\/2000\/svg\"><path d=\"m20.3536 4.35355c.1952-.19526.1952-.51184 0-.70711l-3.182-3.181975c-.1953-.195263-.5119-.195263-.7071 0-.1953.195262-.1953.511844 0 .707105l2.8284 2.82843-2.8284 2.82843c-.1953.19526-.1953.51184 0 .7071.1952.19526.5118.19526.7071 0zm-20.35359996.14645h19.99999996v-1h-20.00000004z\" fill=\"#000\"><\/path><\/svg><\/i><\/span><\/p><\/div>\n<\/article>\n<article>\n<figure><img decoding=\"async\" src=\"https:\/\/adixatex.com\/wp-content\/uploads\/2021\/02\/ed_4-500x400-1.jpg\" alt=\"Sviluppo e ottimizzazione dei processi dal punto di vista della sicurezza delle esplosioni.\"\/><\/figure>\n<div class=\"info\"><span class=\"tag\">Progettazione e produzione<\/span>\n<h3><a href=\"#\">Sviluppo e ottimizzazione dei processi dal punto di vista della sicurezza delle esplosioni.<\/a><\/h3>\n\n<p>Adattiamo le nostre attrezzature per adattarle alle vostre strutture. Per questo abbiamo il nostro team di progettazione, che \u00e8 in continuo sviluppo per migliorare le nostre attrezzature.<\/p>\n<p>Abbiamo il nostro team di produzione per i sistemi di protezione dalle esplosioni. In questo modo abbiamo il controllo del processo dalla progettazione al montaggio e alla messa in funzione. Inoltre, abbiamo tutte le risorse necessarie per realizzare i test e le misurazioni che le vostre installazioni richiedono.<\/p>\n<p><a href=\"https:\/\/adixatex.com\/it\/servicios\/\">Pi\u00f9 informazioni su.<\/a><\/p>\n<p><span class=\"link false_link\" data-link=\"parent_h3\">Maggiori informazioni<i><svg fill=\"none\" height=\"8\" viewBox=\"0 0 21 8\" width=\"21\" xmlns=\"http:\/\/www.w3.org\/2000\/svg\"><path d=\"m20.3536 4.35355c.1952-.19526.1952-.51184 0-.70711l-3.182-3.181975c-.1953-.195263-.5119-.195263-.7071 0-.1953.195262-.1953.511844 0 .707105l2.8284 2.82843-2.8284 2.82843c-.1953.19526-.1953.51184 0 .7071.1952.19526.5118.19526.7071 0zm-20.35359996.14645h19.99999996v-1h-20.00000004z\" fill=\"#000\"><\/path><\/svg><\/i><\/span><\/p><\/div>\n<\/article>\n<\/section>\n\n<div class=\"shortcode_featured left\"><p><span>\"Lavoriamo in tutto il mondo.<\/span>Siamo un team specializzato in sistemi di protezione\"<\/p><\/div>\n<section class=\"shortcode_articles reverse_rows\">\n<article>\n<figure><img decoding=\"async\" src=\"https:\/\/adixatex.com\/wp-content\/uploads\/2021\/02\/ed_5-500x400-1.jpg\" alt=\"Servizio completo di riparazione e ristrutturazione di sistemi di prevenzione e protezione dalle esplosioni\"\/><\/figure>\n<div class=\"info\"><span class=\"tag\">Manutenzione<\/span>\n<h3><a href=\"#\">Servizio completo di riparazione e ristrutturazione di sistemi di prevenzione e protezione dalle esplosioni<\/a><\/h3>\n\n<p>Offriamo il servizio di manutenzione delle installazioni con la garanzia di mantenere l&#8217;efficacia delle attrezzature. Inoltre, il nostro servizio di assistenza tecnica vi accompagner\u00e0 in ogni momento, fornendovi le opzioni pi\u00f9 appropriate.\u00a0 E offrendo servizi per l&#8217;avvio e la risoluzione degli incidenti che possono verificarsi.<\/p>\n<p><span class=\"link false_link\" data-link=\"parent_h3\">Maggiori informazioni<i><svg fill=\"none\" height=\"8\" viewBox=\"0 0 21 8\" width=\"21\" xmlns=\"http:\/\/www.w3.org\/2000\/svg\"><path d=\"m20.3536 4.35355c.1952-.19526.1952-.51184 0-.70711l-3.182-3.181975c-.1953-.195263-.5119-.195263-.7071 0-.1953.195262-.1953.511844 0 .707105l2.8284 2.82843-2.8284 2.82843c-.1953.19526-.1953.51184 0 .7071.1952.19526.5118.19526.7071 0zm-20.35359996.14645h19.99999996v-1h-20.00000004z\" fill=\"#000\"><\/path><\/svg><\/i><\/span><\/p><\/div>\n<\/article>\n<\/section>\n\n<p>&nbsp;<\/p>\n","protected":false},"excerpt":{"rendered":"<p>&nbsp;<\/p>\n","protected":false},"author":2,"featured_media":2943,"parent":0,"menu_order":0,"comment_status":"closed","ping_status":"closed","template":"page-templates\/corporative.php","meta":{"footnotes":""},"class_list":["post-1708","page","type-page","status-publish","has-post-thumbnail","hentry"],"yoast_head":"<!-- This site is optimized with the Yoast SEO plugin v24.4 - https:\/\/yoast.com\/wordpress\/plugins\/seo\/ -->\n<title>Chi siamo - Adixatex<\/title>\n<meta name=\"robots\" content=\"noindex, follow, max-snippet:-1, max-image-preview:large, max-video-preview:-1\" \/>\n<meta property=\"og:locale\" content=\"it_IT\" \/>\n<meta property=\"og:type\" content=\"article\" \/>\n<meta property=\"og:title\" content=\"Chi siamo - Adixatex\" \/>\n<meta property=\"og:description\" content=\"&nbsp;\" \/>\n<meta property=\"og:url\" content=\"https:\/\/www2.adixatex.com\/sobre-nosotros\/\" \/>\n<meta property=\"og:site_name\" content=\"Adixatex\" \/>\n<meta property=\"article:modified_time\" content=\"2021-03-31T16:26:50+00:00\" \/>\n<meta property=\"og:image\" content=\"https:\/\/www2.adixatex.com\/wp-content\/uploads\/2021\/02\/1-1.jpg\" \/>\n\t<meta property=\"og:image:width\" content=\"500\" \/>\n\t<meta property=\"og:image:height\" content=\"360\" \/>\n\t<meta property=\"og:image:type\" content=\"image\/jpeg\" \/>\n<meta name=\"twitter:card\" content=\"summary_large_image\" \/>\n<meta name=\"twitter:site\" content=\"@adixprotection\" \/>\n<meta name=\"twitter:label1\" content=\"Tempo di lettura stimato\" \/>\n\t<meta name=\"twitter:data1\" content=\"2 minuti\" \/>\n<script type=\"application\/ld+json\" class=\"yoast-schema-graph\">{\"@context\":\"https:\/\/schema.org\",\"@graph\":[{\"@type\":\"WebPage\",\"@id\":\"https:\/\/www2.adixatex.com\/sobre-nosotros\/\",\"url\":\"https:\/\/www2.adixatex.com\/sobre-nosotros\/\",\"name\":\"Chi siamo - Adixatex\",\"isPartOf\":{\"@id\":\"https:\/\/www2.adixatex.com\/#website\"},\"primaryImageOfPage\":{\"@id\":\"https:\/\/www2.adixatex.com\/sobre-nosotros\/#primaryimage\"},\"image\":{\"@id\":\"https:\/\/www2.adixatex.com\/sobre-nosotros\/#primaryimage\"},\"thumbnailUrl\":\"https:\/\/www2.adixatex.com\/wp-content\/uploads\/2021\/02\/1-1.jpg\",\"datePublished\":\"2020-11-12T12:41:55+00:00\",\"dateModified\":\"2021-03-31T16:26:50+00:00\",\"breadcrumb\":{\"@id\":\"https:\/\/www2.adixatex.com\/sobre-nosotros\/#breadcrumb\"},\"inLanguage\":\"it-IT\",\"potentialAction\":[{\"@type\":\"ReadAction\",\"target\":[\"https:\/\/www2.adixatex.com\/sobre-nosotros\/\"]}]},{\"@type\":\"ImageObject\",\"inLanguage\":\"it-IT\",\"@id\":\"https:\/\/www2.adixatex.com\/sobre-nosotros\/#primaryimage\",\"url\":\"https:\/\/www2.adixatex.com\/wp-content\/uploads\/2021\/02\/1-1.jpg\",\"contentUrl\":\"https:\/\/www2.adixatex.com\/wp-content\/uploads\/2021\/02\/1-1.jpg\",\"width\":500,\"height\":360},{\"@type\":\"BreadcrumbList\",\"@id\":\"https:\/\/www2.adixatex.com\/sobre-nosotros\/#breadcrumb\",\"itemListElement\":[{\"@type\":\"ListItem\",\"position\":1,\"name\":\"Home\",\"item\":\"https:\/\/www2.adixatex.com\/\"},{\"@type\":\"ListItem\",\"position\":2,\"name\":\"Chi siamo\"}]},{\"@type\":\"WebSite\",\"@id\":\"https:\/\/www2.adixatex.com\/#website\",\"url\":\"https:\/\/www2.adixatex.com\/\",\"name\":\"Adixatex\",\"description\":\"Prevenci\u00f3n y protecci\u00f3n de atm\u00f3sferas explosivas\",\"inLanguage\":\"it-IT\"}]}<\/script>\n<!-- \/ Yoast SEO plugin. -->","yoast_head_json":{"title":"Chi siamo - Adixatex","robots":{"index":"noindex","follow":"follow","max-snippet":"max-snippet:-1","max-image-preview":"max-image-preview:large","max-video-preview":"max-video-preview:-1"},"og_locale":"it_IT","og_type":"article","og_title":"Chi siamo - Adixatex","og_description":"&nbsp;","og_url":"https:\/\/www2.adixatex.com\/sobre-nosotros\/","og_site_name":"Adixatex","article_modified_time":"2021-03-31T16:26:50+00:00","og_image":[{"width":500,"height":360,"url":"https:\/\/www2.adixatex.com\/wp-content\/uploads\/2021\/02\/1-1.jpg","type":"image\/jpeg"}],"twitter_card":"summary_large_image","twitter_site":"@adixprotection","twitter_misc":{"Tempo di lettura stimato":"2 minuti"},"schema":{"@context":"https:\/\/schema.org","@graph":[{"@type":"WebPage","@id":"https:\/\/www2.adixatex.com\/sobre-nosotros\/","url":"https:\/\/www2.adixatex.com\/sobre-nosotros\/","name":"Chi siamo - Adixatex","isPartOf":{"@id":"https:\/\/www2.adixatex.com\/#website"},"primaryImageOfPage":{"@id":"https:\/\/www2.adixatex.com\/sobre-nosotros\/#primaryimage"},"image":{"@id":"https:\/\/www2.adixatex.com\/sobre-nosotros\/#primaryimage"},"thumbnailUrl":"https:\/\/www2.adixatex.com\/wp-content\/uploads\/2021\/02\/1-1.jpg","datePublished":"2020-11-12T12:41:55+00:00","dateModified":"2021-03-31T16:26:50+00:00","breadcrumb":{"@id":"https:\/\/www2.adixatex.com\/sobre-nosotros\/#breadcrumb"},"inLanguage":"it-IT","potentialAction":[{"@type":"ReadAction","target":["https:\/\/www2.adixatex.com\/sobre-nosotros\/"]}]},{"@type":"ImageObject","inLanguage":"it-IT","@id":"https:\/\/www2.adixatex.com\/sobre-nosotros\/#primaryimage","url":"https:\/\/www2.adixatex.com\/wp-content\/uploads\/2021\/02\/1-1.jpg","contentUrl":"https:\/\/www2.adixatex.com\/wp-content\/uploads\/2021\/02\/1-1.jpg","width":500,"height":360},{"@type":"BreadcrumbList","@id":"https:\/\/www2.adixatex.com\/sobre-nosotros\/#breadcrumb","itemListElement":[{"@type":"ListItem","position":1,"name":"Home","item":"https:\/\/www2.adixatex.com\/"},{"@type":"ListItem","position":2,"name":"Chi siamo"}]},{"@type":"WebSite","@id":"https:\/\/www2.adixatex.com\/#website","url":"https:\/\/www2.adixatex.com\/","name":"Adixatex","description":"Prevenci\u00f3n y protecci\u00f3n de atm\u00f3sferas explosivas","inLanguage":"it-IT"}]}},"_links":{"self":[{"href":"https:\/\/www2.adixatex.com\/it\/wp-json\/wp\/v2\/pages\/1708","targetHints":{"allow":["GET"]}}],"collection":[{"href":"https:\/\/www2.adixatex.com\/it\/wp-json\/wp\/v2\/pages"}],"about":[{"href":"https:\/\/www2.adixatex.com\/it\/wp-json\/wp\/v2\/types\/page"}],"author":[{"embeddable":true,"href":"https:\/\/www2.adixatex.com\/it\/wp-json\/wp\/v2\/users\/2"}],"replies":[{"embeddable":true,"href":"https:\/\/www2.adixatex.com\/it\/wp-json\/wp\/v2\/comments?post=1708"}],"version-history":[{"count":3,"href":"https:\/\/www2.adixatex.com\/it\/wp-json\/wp\/v2\/pages\/1708\/revisions"}],"predecessor-version":[{"id":3416,"href":"https:\/\/www2.adixatex.com\/it\/wp-json\/wp\/v2\/pages\/1708\/revisions\/3416"}],"wp:featuredmedia":[{"embeddable":true,"href":"https:\/\/www2.adixatex.com\/it\/wp-json\/wp\/v2\/media\/2943"}],"wp:attachment":[{"href":"https:\/\/www2.adixatex.com\/it\/wp-json\/wp\/v2\/media?parent=1708"}],"curies":[{"name":"wp","href":"https:\/\/api.w.org\/{rel}","templated":true}]}}