{"id":1720,"date":"2020-11-05T13:57:20","date_gmt":"2020-11-05T12:57:20","guid":{"rendered":"https:\/\/adixatex.com\/consultoria\/"},"modified":"2021-11-18T13:49:57","modified_gmt":"2021-11-18T12:49:57","slug":"consultoria","status":"publish","type":"page","link":"https:\/\/www2.adixatex.com\/it\/consultoria\/","title":{"rendered":"Ingegneria e Consulenza"},"content":{"rendered":"<p><img decoding=\"async\" class=\"aligncenter size-medium wp-image-2086\" src=\"https:\/\/adixatex.com\/wp-content\/uploads\/2021\/03\/logos-certificaciones-baja-resolucio\u0301n-300x36.jpg\" alt=\"\" width=\"300\" height=\"36\" srcset=\"https:\/\/www2.adixatex.com\/wp-content\/uploads\/2021\/03\/logos-certificaciones-baja-resolucio\u0301n-300x36.jpg 300w, https:\/\/www2.adixatex.com\/wp-content\/uploads\/2021\/03\/logos-certificaciones-baja-resolucio\u0301n-750x91.jpg 750w, https:\/\/www2.adixatex.com\/wp-content\/uploads\/2021\/03\/logos-certificaciones-baja-resolucio\u0301n-768x93.jpg 768w, https:\/\/www2.adixatex.com\/wp-content\/uploads\/2021\/03\/logos-certificaciones-baja-resolucio\u0301n-600x73.jpg 600w, https:\/\/www2.adixatex.com\/wp-content\/uploads\/2021\/03\/logos-certificaciones-baja-resolucio\u0301n.jpg 1233w\" sizes=\"(max-width: 300px) 100vw, 300px\" \/><\/p>\n<section class=\"shortcode_articles joined_rows\">\n<article>\n<figure><img decoding=\"async\" src=\"https:\/\/adixatex.com\/wp-content\/uploads\/2021\/02\/ed_3-500x600-1.jpg\" alt=\"Rapporti dettagliati e ufficiali della vostra situazione secondo la normativa vigente\"\/><\/figure>\n<div class=\"info\"><span class=\"tag\">Adeacchi<\/span>\n<h3><a href=\"#\">Rapporti dettagliati e ufficiali della vostra situazione secondo la normativa vigente<\/a><\/h3>\n\n<p>Adix genera fin dall&#8217;inizio un rapporto dettagliato e ufficiale della vostra situazione secondo la normativa vigente Adix. Tra queste l&#8217;elaborazione della seguente documentazione:<\/p>\n<ul>\n<li>Preparazione di un documento di protezione dalle esplosioni in conformit\u00e0 alla RD 681.<\/li>\n<li>Preparazione dei file tecnici per l&#8217;adattamento delle apparecchiature in conformit\u00e0 alla RD 400.<\/li>\n<li>Relazioni di esperti sugli incidenti con esplosioni.<\/li>\n<li>Studi sull&#8217;accensione statica.<\/li>\n<li>Progetti inerti.<\/li>\n<\/ul>\n<p><span class=\"link false_link\" data-link=\"parent_h3\">Maggiori informazioni<i><svg fill=\"none\" height=\"8\" viewBox=\"0 0 21 8\" width=\"21\" xmlns=\"http:\/\/www.w3.org\/2000\/svg\"><path d=\"m20.3536 4.35355c.1952-.19526.1952-.51184 0-.70711l-3.182-3.181975c-.1953-.195263-.5119-.195263-.7071 0-.1953.195262-.1953.511844 0 .707105l2.8284 2.82843-2.8284 2.82843c-.1953.19526-.1953.51184 0 .7071.1952.19526.5118.19526.7071 0zm-20.35359996.14645h19.99999996v-1h-20.00000004z\" fill=\"#000\"><\/path><\/svg><\/i><\/span><\/p><\/div>\n<\/article>\n<article>\n<figure><img decoding=\"async\" src=\"https:\/\/adixatex.com\/wp-content\/uploads\/2021\/02\/ed_2-500x600-1.jpg\" alt=\"Sviluppo della documentazione sul rischio di esplosione\"\/><\/figure>\n<div class=\"info\"><span class=\"tag\">Analisi del rischio<\/span>\n<h3><a href=\"#\">Sviluppo della documentazione sul rischio di esplosione<\/a><\/h3>\n\n<p>Valutazione dei rischi di esplosione con metodi riconosciuti (HAZOP, alberi dei guasti, alberi degli eventi).<\/p>\n<p>Calcolo delle conseguenze dell&#8217;esplosione.<\/p>\n<p>Studi specifici sulle possibili fonti di ignizione<\/p>\n<p><span class=\"link false_link\" data-link=\"parent_h3\">Maggiori informazioni<i><svg fill=\"none\" height=\"8\" viewBox=\"0 0 21 8\" width=\"21\" xmlns=\"http:\/\/www.w3.org\/2000\/svg\"><path d=\"m20.3536 4.35355c.1952-.19526.1952-.51184 0-.70711l-3.182-3.181975c-.1953-.195263-.5119-.195263-.7071 0-.1953.195262-.1953.511844 0 .707105l2.8284 2.82843-2.8284 2.82843c-.1953.19526-.1953.51184 0 .7071.1952.19526.5118.19526.7071 0zm-20.35359996.14645h19.99999996v-1h-20.00000004z\" fill=\"#000\"><\/path><\/svg><\/i><\/span><\/p><\/div>\n<\/article>\n<\/section>\n\n<section class=\"shortcode_articles columns\">\n<article>\n<figure><img decoding=\"async\" src=\"https:\/\/adixatex.com\/wp-content\/uploads\/2021\/02\/ed_4-500x300-1.jpg\" alt=\"Campo di prova proprio per testare e certificare i prodotti\"\/><\/figure>\n<div class=\"info\"><span class=\"tag\">Test e Misurazioni<\/span>\n<h3><a href=\"#\">Campo di prova proprio per testare e certificare i prodotti<\/a><\/h3>\n\n<p>Abbiamo tutte le risorse necessarie per effettuare i test e le misurazioni che le vostre strutture richiedono.<\/p>\n<ul>\n<li>Determinazione degli indici di esplosivit\u00e0.<\/li>\n<li>Misurazione dei flussi di ventilazione.<\/li>\n<li>Misurazione del campo elettromagnetico.<\/li>\n<li>Misura della resistenza di superficie.<\/li>\n<li>Termografia.<\/li>\n<\/ul>\n<p><span class=\"link false_link\" data-link=\"parent_h3\">Maggiori informazioni<i><svg fill=\"none\" height=\"8\" viewBox=\"0 0 21 8\" width=\"21\" xmlns=\"http:\/\/www.w3.org\/2000\/svg\"><path d=\"m20.3536 4.35355c.1952-.19526.1952-.51184 0-.70711l-3.182-3.181975c-.1953-.195263-.5119-.195263-.7071 0-.1953.195262-.1953.511844 0 .707105l2.8284 2.82843-2.8284 2.82843c-.1953.19526-.1953.51184 0 .7071.1952.19526.5118.19526.7071 0zm-20.35359996.14645h19.99999996v-1h-20.00000004z\" fill=\"#000\"><\/path><\/svg><\/i><\/span><\/p><\/div>\n<\/article>\n<article>\n<figure><img decoding=\"async\" src=\"https:\/\/adixatex.com\/wp-content\/uploads\/2021\/02\/ed_5-500x300-1.jpg\" alt=\"Sviluppo di progetti per la protezione dell'installazione in ambienti ATEX\"\/><\/figure>\n<div class=\"info\"><span class=\"tag\">Progettazione di Impianti<\/span>\n<h3><a href=\"#\">Sviluppo di progetti per la protezione dell&#8217;installazione in ambienti ATEX<\/a><\/h3>\n\n<p>Considerazioni sulla sicurezza ATEX durante le fasi di progettazione<\/p>\n<p>Sviluppo e ottimizzazione dei processi dal punto di vista della sicurezza contro le esplosioni.<\/p>\n<p>Progetti per la realizzazione di sistemi di prevenzione e protezione dalle esplosioni.<\/p>\n<p>Attuazione di procedure di lavoro che migliorano la prevenzione e la protezione contro le esplosioni.<\/p>\n<p>Progetti completi per l&#8217;adeguamento degli impianti alle normative ATEX.<\/p>\n<p><span class=\"link false_link\" data-link=\"parent_h3\">Maggiori informazioni<i><svg fill=\"none\" height=\"8\" viewBox=\"0 0 21 8\" width=\"21\" xmlns=\"http:\/\/www.w3.org\/2000\/svg\"><path d=\"m20.3536 4.35355c.1952-.19526.1952-.51184 0-.70711l-3.182-3.181975c-.1953-.195263-.5119-.195263-.7071 0-.1953.195262-.1953.511844 0 .707105l2.8284 2.82843-2.8284 2.82843c-.1953.19526-.1953.51184 0 .7071.1952.19526.5118.19526.7071 0zm-20.35359996.14645h19.99999996v-1h-20.00000004z\" fill=\"#000\"><\/path><\/svg><\/i><\/span><\/p><\/div>\n<\/article>\n<\/section>\n\n<div class=\"shortcode_featured left\"><p><span>\"Lavoro svolto in tutto il mondo. <\/span>Attrezzature specializzate nei sistemi di protezione\"<\/p><\/div>\n<section class=\"shortcode_articles reverse_rows\">\n<article>\n<figure><img decoding=\"async\" src=\"https:\/\/adixatex.com\/wp-content\/uploads\/2021\/02\/Ed_6-500x600-1.jpg\" alt=\"Rapporti dettagliati e ufficiali della vostra situazione secondo la normativa vigente\"\/><\/figure>\n<div class=\"info\"><span class=\"tag\">Ispezione degli impianti ATEX<\/span>\n<h3><a href=\"#\">Rapporti dettagliati e ufficiali della vostra situazione secondo la normativa vigente<\/a><\/h3>\n\n<p>Controlli prima della messa in servizio degli impianti<\/p>\n<p>Revisione periodica per l&#8217;aggiornamento e la consulenza sui rischi di esplosione.<\/p>\n<p>Gestione delle autorizzazioni ATEX<\/p>\n<p><span class=\"link false_link\" data-link=\"parent_h3\">Maggiori informazioni<i><svg fill=\"none\" height=\"8\" viewBox=\"0 0 21 8\" width=\"21\" xmlns=\"http:\/\/www.w3.org\/2000\/svg\"><path d=\"m20.3536 4.35355c.1952-.19526.1952-.51184 0-.70711l-3.182-3.181975c-.1953-.195263-.5119-.195263-.7071 0-.1953.195262-.1953.511844 0 .707105l2.8284 2.82843-2.8284 2.82843c-.1953.19526-.1953.51184 0 .7071.1952.19526.5118.19526.7071 0zm-20.35359996.14645h19.99999996v-1h-20.00000004z\" fill=\"#000\"><\/path><\/svg><\/i><\/span><\/p><\/div>\n<\/article>\n<article>\n<figure><img decoding=\"async\" src=\"https:\/\/adixatex.com\/wp-content\/uploads\/2020\/11\/work_carried_out.png\" alt=\"Sviluppo degli adattamenti in ATmospheres EXplosivas\"\/><\/figure>\n<div class=\"info\"><span class=\"tag\">Lavori eseguiti<\/span>\n<h3><a href=\"#\">Sviluppo degli adattamenti in ATmospheres EXplosivas<\/a><\/h3>\n\n<p>Realizziamo progetti completi. Inoltre, adattiamo e rinnoviamo gli impianti secondo le normative ATEX di diversi settori industriali.<\/p>\n<ul>\n<li>Industria alimentare a base di cereali.<\/li>\n<li>Industria farmaceutica.<\/li>\n<li>Industria del gas.<\/li>\n<li>Industria del cemento.<\/li>\n<\/ul>\n<p>&nbsp;<\/p>\n<p><span class=\"link false_link\" data-link=\"parent_h3\">Maggiori informazioni<i><svg fill=\"none\" height=\"8\" viewBox=\"0 0 21 8\" width=\"21\" xmlns=\"http:\/\/www.w3.org\/2000\/svg\"><path d=\"m20.3536 4.35355c.1952-.19526.1952-.51184 0-.70711l-3.182-3.181975c-.1953-.195263-.5119-.195263-.7071 0-.1953.195262-.1953.511844 0 .707105l2.8284 2.82843-2.8284 2.82843c-.1953.19526-.1953.51184 0 .7071.1952.19526.5118.19526.7071 0zm-20.35359996.14645h19.99999996v-1h-20.00000004z\" fill=\"#000\"><\/path><\/svg><\/i><\/span><\/p><\/div>\n<\/article>\n<\/section>\n\n","protected":false},"excerpt":{"rendered":"","protected":false},"author":2,"featured_media":3687,"parent":0,"menu_order":0,"comment_status":"closed","ping_status":"closed","template":"page-templates\/corporative.php","meta":{"footnotes":""},"class_list":["post-1720","page","type-page","status-publish","has-post-thumbnail","hentry"],"yoast_head":"<!-- This site is optimized with the Yoast SEO plugin v24.4 - https:\/\/yoast.com\/wordpress\/plugins\/seo\/ -->\n<title>Ingegneria e Consulenza - Adixatex<\/title>\n<meta name=\"description\" content=\"Desarrollo integral de soluciones para protecci\u00f3n de f\u00e1bricas y equipos en Atm\u00f3sferas Explosivas.\" \/>\n<meta name=\"robots\" content=\"noindex, follow, max-snippet:-1, max-image-preview:large, max-video-preview:-1\" \/>\n<meta property=\"og:locale\" content=\"it_IT\" \/>\n<meta property=\"og:type\" content=\"article\" \/>\n<meta property=\"og:title\" content=\"Ingegneria e Consulenza - Adixatex\" \/>\n<meta property=\"og:description\" content=\"Desarrollo integral de soluciones para protecci\u00f3n de f\u00e1bricas y equipos en Atm\u00f3sferas Explosivas.\" \/>\n<meta property=\"og:url\" content=\"https:\/\/www2.adixatex.com\/consultoria\/\" \/>\n<meta property=\"og:site_name\" content=\"Adixatex\" \/>\n<meta property=\"article:modified_time\" content=\"2021-11-18T12:49:57+00:00\" \/>\n<meta property=\"og:image\" content=\"https:\/\/www2.adixatex.com\/wp-content\/uploads\/2021\/05\/portada-consulting.jpg\" \/>\n\t<meta property=\"og:image:width\" content=\"500\" \/>\n\t<meta property=\"og:image:height\" content=\"500\" \/>\n\t<meta property=\"og:image:type\" content=\"image\/jpeg\" \/>\n<meta name=\"twitter:card\" content=\"summary_large_image\" \/>\n<meta name=\"twitter:site\" content=\"@adixprotection\" \/>\n<meta name=\"twitter:label1\" content=\"Tempo di lettura stimato\" \/>\n\t<meta name=\"twitter:data1\" content=\"2 minuti\" \/>\n<script type=\"application\/ld+json\" class=\"yoast-schema-graph\">{\"@context\":\"https:\/\/schema.org\",\"@graph\":[{\"@type\":\"WebPage\",\"@id\":\"https:\/\/www2.adixatex.com\/consultoria\/\",\"url\":\"https:\/\/www2.adixatex.com\/consultoria\/\",\"name\":\"Ingegneria e Consulenza - Adixatex\",\"isPartOf\":{\"@id\":\"https:\/\/www2.adixatex.com\/#website\"},\"primaryImageOfPage\":{\"@id\":\"https:\/\/www2.adixatex.com\/consultoria\/#primaryimage\"},\"image\":{\"@id\":\"https:\/\/www2.adixatex.com\/consultoria\/#primaryimage\"},\"thumbnailUrl\":\"https:\/\/www2.adixatex.com\/wp-content\/uploads\/2021\/05\/portada-consulting.jpg\",\"datePublished\":\"2020-11-05T12:57:20+00:00\",\"dateModified\":\"2021-11-18T12:49:57+00:00\",\"description\":\"Desarrollo integral de soluciones para protecci\u00f3n de f\u00e1bricas y equipos en Atm\u00f3sferas Explosivas.\",\"breadcrumb\":{\"@id\":\"https:\/\/www2.adixatex.com\/consultoria\/#breadcrumb\"},\"inLanguage\":\"it-IT\",\"potentialAction\":[{\"@type\":\"ReadAction\",\"target\":[\"https:\/\/www2.adixatex.com\/consultoria\/\"]}]},{\"@type\":\"ImageObject\",\"inLanguage\":\"it-IT\",\"@id\":\"https:\/\/www2.adixatex.com\/consultoria\/#primaryimage\",\"url\":\"https:\/\/www2.adixatex.com\/wp-content\/uploads\/2021\/05\/portada-consulting.jpg\",\"contentUrl\":\"https:\/\/www2.adixatex.com\/wp-content\/uploads\/2021\/05\/portada-consulting.jpg\",\"width\":500,\"height\":500},{\"@type\":\"BreadcrumbList\",\"@id\":\"https:\/\/www2.adixatex.com\/consultoria\/#breadcrumb\",\"itemListElement\":[{\"@type\":\"ListItem\",\"position\":1,\"name\":\"Home\",\"item\":\"https:\/\/www2.adixatex.com\/\"},{\"@type\":\"ListItem\",\"position\":2,\"name\":\"Ingegneria e Consulenza\"}]},{\"@type\":\"WebSite\",\"@id\":\"https:\/\/www2.adixatex.com\/#website\",\"url\":\"https:\/\/www2.adixatex.com\/\",\"name\":\"Adixatex\",\"description\":\"Prevenci\u00f3n y protecci\u00f3n de atm\u00f3sferas explosivas\",\"inLanguage\":\"it-IT\"}]}<\/script>\n<!-- \/ Yoast SEO plugin. -->","yoast_head_json":{"title":"Ingegneria e Consulenza - Adixatex","description":"Desarrollo integral de soluciones para protecci\u00f3n de f\u00e1bricas y equipos en Atm\u00f3sferas Explosivas.","robots":{"index":"noindex","follow":"follow","max-snippet":"max-snippet:-1","max-image-preview":"max-image-preview:large","max-video-preview":"max-video-preview:-1"},"og_locale":"it_IT","og_type":"article","og_title":"Ingegneria e Consulenza - Adixatex","og_description":"Desarrollo integral de soluciones para protecci\u00f3n de f\u00e1bricas y equipos en Atm\u00f3sferas Explosivas.","og_url":"https:\/\/www2.adixatex.com\/consultoria\/","og_site_name":"Adixatex","article_modified_time":"2021-11-18T12:49:57+00:00","og_image":[{"width":500,"height":500,"url":"https:\/\/www2.adixatex.com\/wp-content\/uploads\/2021\/05\/portada-consulting.jpg","type":"image\/jpeg"}],"twitter_card":"summary_large_image","twitter_site":"@adixprotection","twitter_misc":{"Tempo di lettura stimato":"2 minuti"},"schema":{"@context":"https:\/\/schema.org","@graph":[{"@type":"WebPage","@id":"https:\/\/www2.adixatex.com\/consultoria\/","url":"https:\/\/www2.adixatex.com\/consultoria\/","name":"Ingegneria e Consulenza - Adixatex","isPartOf":{"@id":"https:\/\/www2.adixatex.com\/#website"},"primaryImageOfPage":{"@id":"https:\/\/www2.adixatex.com\/consultoria\/#primaryimage"},"image":{"@id":"https:\/\/www2.adixatex.com\/consultoria\/#primaryimage"},"thumbnailUrl":"https:\/\/www2.adixatex.com\/wp-content\/uploads\/2021\/05\/portada-consulting.jpg","datePublished":"2020-11-05T12:57:20+00:00","dateModified":"2021-11-18T12:49:57+00:00","description":"Desarrollo integral de soluciones para protecci\u00f3n de f\u00e1bricas y equipos en Atm\u00f3sferas Explosivas.","breadcrumb":{"@id":"https:\/\/www2.adixatex.com\/consultoria\/#breadcrumb"},"inLanguage":"it-IT","potentialAction":[{"@type":"ReadAction","target":["https:\/\/www2.adixatex.com\/consultoria\/"]}]},{"@type":"ImageObject","inLanguage":"it-IT","@id":"https:\/\/www2.adixatex.com\/consultoria\/#primaryimage","url":"https:\/\/www2.adixatex.com\/wp-content\/uploads\/2021\/05\/portada-consulting.jpg","contentUrl":"https:\/\/www2.adixatex.com\/wp-content\/uploads\/2021\/05\/portada-consulting.jpg","width":500,"height":500},{"@type":"BreadcrumbList","@id":"https:\/\/www2.adixatex.com\/consultoria\/#breadcrumb","itemListElement":[{"@type":"ListItem","position":1,"name":"Home","item":"https:\/\/www2.adixatex.com\/"},{"@type":"ListItem","position":2,"name":"Ingegneria e Consulenza"}]},{"@type":"WebSite","@id":"https:\/\/www2.adixatex.com\/#website","url":"https:\/\/www2.adixatex.com\/","name":"Adixatex","description":"Prevenci\u00f3n y protecci\u00f3n de atm\u00f3sferas explosivas","inLanguage":"it-IT"}]}},"_links":{"self":[{"href":"https:\/\/www2.adixatex.com\/it\/wp-json\/wp\/v2\/pages\/1720","targetHints":{"allow":["GET"]}}],"collection":[{"href":"https:\/\/www2.adixatex.com\/it\/wp-json\/wp\/v2\/pages"}],"about":[{"href":"https:\/\/www2.adixatex.com\/it\/wp-json\/wp\/v2\/types\/page"}],"author":[{"embeddable":true,"href":"https:\/\/www2.adixatex.com\/it\/wp-json\/wp\/v2\/users\/2"}],"replies":[{"embeddable":true,"href":"https:\/\/www2.adixatex.com\/it\/wp-json\/wp\/v2\/comments?post=1720"}],"version-history":[{"count":5,"href":"https:\/\/www2.adixatex.com\/it\/wp-json\/wp\/v2\/pages\/1720\/revisions"}],"predecessor-version":[{"id":3417,"href":"https:\/\/www2.adixatex.com\/it\/wp-json\/wp\/v2\/pages\/1720\/revisions\/3417"}],"wp:featuredmedia":[{"embeddable":true,"href":"https:\/\/www2.adixatex.com\/it\/wp-json\/wp\/v2\/media\/3687"}],"wp:attachment":[{"href":"https:\/\/www2.adixatex.com\/it\/wp-json\/wp\/v2\/media?parent=1720"}],"curies":[{"name":"wp","href":"https:\/\/api.w.org\/{rel}","templated":true}]}}