{"id":2868,"date":"2021-02-22T10:23:20","date_gmt":"2021-02-22T09:23:20","guid":{"rendered":"https:\/\/adixatex.com\/servicios\/"},"modified":"2021-11-18T13:45:56","modified_gmt":"2021-11-18T12:45:56","slug":"servicios","status":"publish","type":"page","link":"https:\/\/www2.adixatex.com\/it\/servicios\/","title":{"rendered":"Servici"},"content":{"rendered":"<section class=\"shortcode_articles reverse_rows\">\n<article>\n<figure><img decoding=\"async\" src=\"https:\/\/adixatex.com\/wp-content\/uploads\/2021\/02\/2.-apoyo-tecnico.jpg\" alt=\"Assistenza tecnica\"\/><\/figure>\n<div class=\"info\"><span class=\"tag\">Assistenza tecnica<\/span>\n<h3>Assistenza tecnica<\/h3>\n\n<p>Faremo sempre del nostro meglio per risolvere qualsiasi problema al telefono, e il nostro team di ingegneri \u00e8 disponibile a discutere qualsiasi problema con la vostra attrezzatura per ridurre al minimo i tempi di fermo.<\/p>\n<p>Adix offre un servizio e un supporto impareggiabili ai nostri clienti in tutto il mondo, assicurando che la vostra attrezzatura funzioni in modo ottimale 24 ore al giorno, 7 giorni alla settimana. Contattateci per richieste di assistenza e supporto.<\/p>\n<p>Adix ha un team di tecnici di assistenza che possono essere inviati sul campo per fornire supporto per l&#8217;installazione, la messa in servizio o la risoluzione dei problemi e la riparazione. Il nostro team \u00e8 completamente certificato e addestrato per le operazioni in aree classificate per far funzionare la vostra attrezzatura e ridurre i tempi di inattivit\u00e0.<\/p>\n<\/div>\n<\/article>\n<article>\n<figure><img decoding=\"async\" src=\"https:\/\/adixatex.com\/wp-content\/uploads\/2021\/02\/3.-mantenimientos-y-reparaciones.jpg\" alt=\"Manutenzione e riparazioni\"\/><\/figure>\n<div class=\"info\"><span class=\"tag\">Manutenzione e riparazioni<\/span>\n<h3>Manutenzione e riparazioni<\/h3>\n\n<p>Adix pu\u00f2 fornire un servizio completo di riparazione e rinnovamento dei sistemi di prevenzione e protezione dalle esplosioni. Possiamo riportare i sistemi di sicurezza agli standard appropriati e rilasciare un nuovo certificato di conformit\u00e0 ATEX.<\/p>\n<\/div>\n<\/article>\n<\/section>\n\n<h2>Audit di sicurezza<\/h2>\n<p>L&#8217;Adix Annual Safety Audit \u00e8 un&#8217;ispezione completa di tutti i componenti e sistemi critici per la sicurezza. Una Ex-ASA \u00e8 una soluzione che fornisce un mezzo di conformit\u00e0 con le direttive ATEX se effettuata annualmente. Un Ex-ASA pu\u00f2 anche essere vantaggioso quando si acquistano attrezzature usate o dopo una ristrutturazione o una modifica.<\/p>\n<p>L&#8217;audit annuale di sicurezza Adix EX \u00e8 un&#8217;ispezione completa dei componenti critici di sicurezza nelle nostre conversioni di protezione dalle esplosioni. L&#8217;EX-ASA assicura che l&#8217;integrit\u00e0 e la sicurezza della vostra attrezzatura per la movimentazione dei materiali non siano compromesse durante la sua vita. Quando si ha a che fare con materiali potenzialmente pericolosi, la pi\u00f9 piccola scintilla o aumento di temperatura potrebbe diventare una fonte di accensione, ed \u00e8 imperativo che tutte le attrezzature Adix siano mantenute ai massimi livelli.<\/p>\n<p>L&#8217;ispezione pu\u00f2 essere effettuata ovunque nel mondo da uno dei nostri ingegneri accreditati IsmATEX. Tutti i componenti critici per la sicurezza del sistema di protezione antideflagrante Adix sono ispezionati e registrati, compresi gli involucri, i cavi Exd e i pressacavi, i dispositivi di arresto, la conduttivit\u00e0.<\/p>\n<p><strong>Perch\u00e9 mi serve un EX-ASA?<\/strong><\/p>\n<p>ATEX 1999\/92\/CE richiede all&#8217;utente finale di &#8220;dimostrare che le attrezzature di lavoro sono progettate e mantenute con la dovuta considerazione per la sicurezza&#8221;. Tutte le attrezzature sono mantenute in conformit\u00e0 con la norma EN60079-17, che stabilisce che deve essere introdotta una routine di ispezione per garantire il funzionamento continuo e sicuro dell&#8217;attrezzatura.<\/p>\n<p>Se non sono state riscontrate irregolarit\u00e0, il carrello sar\u00e0 dichiarato sicuro per l&#8217;uso e sar\u00e0 rilasciato un certificato a sostegno del suo documento di protezione dalle esplosioni (EPD). Le irregolarit\u00e0 devono essere riparate immediatamente dal tecnico dell&#8217;assistenza Adix o da un tecnico Adix addestrato dal vostro fornitore di servizi. Una volta riparata correttamente, l&#8217;attrezzatura pu\u00f2 essere nuovamente ispezionata e viene rilasciato un certificato.<\/p>\n<p>Raccomandiamo di effettuare una EX-ASA ogni anno per assicurarsi che la sua attrezzatura sia completamente protetta e funzioni correttamente.<\/p>\n<section class=\"shortcode_articles two_columns\">\n<article>\n<figure><img decoding=\"async\" src=\"https:\/\/adixatex.com\/wp-content\/uploads\/2021\/02\/5.-suministro-de-piezas.jpg\" alt=\"Fornitura di parti\"\/><\/figure>\n<div class=\"info\"><span class=\"tag\">Fornitura di parti<\/span>\n<h3><a href=\"https:\/\/adixatex.com\/contacto\/\">Fornitura di parti<\/a><\/h3>\n\n<p>Offriamo una vasta gamma di pezzi di ricambio per le attrezzature. Le liste delle parti sono fornite con ogni nuova prestazione, fornendo numeri di parte specifici in modo che le parti possano essere ordinate rapidamente.<\/p>\n<p>Se il numero di parte non \u00e8 disponibile, chiama il team delle parti o invia una richiesta con una spiegazione completa dell&#8217;articolo e il numero di costruzione Adix.<\/p>\n<p>Una parte non autorizzata pu\u00f2 compromettere la sicurezza del vostro personale e del vostro business.<\/p>\n<p>Se avete domande su parti, certificazione e servizio, non esitate a contattarci direttamente.<\/p>\n<p><span class=\"link false_link\" data-link=\"parent_h3\">Maggiori informazioni<i><svg fill=\"none\" height=\"8\" viewBox=\"0 0 21 8\" width=\"21\" xmlns=\"http:\/\/www.w3.org\/2000\/svg\"><path d=\"m20.3536 4.35355c.1952-.19526.1952-.51184 0-.70711l-3.182-3.181975c-.1953-.195263-.5119-.195263-.7071 0-.1953.195262-.1953.511844 0 .707105l2.8284 2.82843-2.8284 2.82843c-.1953.19526-.1953.51184 0 .7071.1952.19526.5118.19526.7071 0zm-20.35359996.14645h19.99999996v-1h-20.00000004z\" fill=\"#000\"><\/path><\/svg><\/i><\/span><\/p><\/div>\n<\/article>\n<article>\n<figure><img decoding=\"async\" src=\"https:\/\/adixatex.com\/wp-content\/uploads\/2021\/02\/6.-entrenamiento-tecnicos.jpg\" alt=\"Formazione per i tecnici della manutenzione\"\/><\/figure>\n<div class=\"info\"><span class=\"tag\">Tecnici di manutenzione<\/span>\n<h3>Formazione per i tecnici della manutenzione<\/h3>\n\n<p>Qualsiasi sistema Adix richieder\u00e0 una manutenzione regolare per assicurarsi che funzioni correttamente, ma soprattutto per garantire che l&#8217;attrezzatura sia completamente protetta in ogni momento. Offriamo una gamma di corsi di formazione per ingegneri a seconda dell&#8217;applicazione.<\/p>\n<p>Offriamo una gamma di corsi di formazione progettati per aiutare i tecnici di cantiere e di manutenzione, i tecnici di assistenza sul campo e i responsabili dell&#8217;assistenza a mantenere le apparecchiature Adix sul campo.<\/p>\n<p>Il contenuto include: introduzione di base alla protezione dalle esplosioni, metodi di protezione, manutenzione e ispezione, Zona 1, 2, 21 e 22, attrezzature meccaniche ed elettriche. Dopo una valutazione soddisfacente, vengono rilasciati certificati e manuali tecnici completi.<\/p>\n<\/div>\n<\/article>\n<\/section>\n\n<h2 class=\"tag\">Prenota un ingegnere di servizio ADIX<\/h2>\n<p>I tecnici Adix sono disponibili per assistere i clienti in qualsiasi parte del mondo.<\/p>\n<p>I tecnici sul campo possono essere inviati per fornire supporto in loco per l&#8217;installazione, la messa in servizio o la risoluzione dei problemi e le riparazioni se qualcosa non va con la vostra attrezzatura. Il nostro team ha le certificazioni e l&#8217;addestramento necessari per far funzionare la vostra attrezzatura il pi\u00f9 rapidamente possibile.<\/p>\n<p>Il nostro team di ingegneri \u00e8 una seconda linea di supporto per i distributori e le reti OEM in tutto il mondo. I tecnici sul campo di Adix sono disponibili ad assistervi nella risoluzione dei problemi e nella riparazione di guasti complessi per aiutarvi a rimettere in funzione la vostra attrezzatura in modo sicuro nel pi\u00f9 breve tempo possibile.<\/p>\n<div class=\"shortcode_link\"><p><a href=\"https:\/\/adixatex.com\/it\/contatto\/\">M\u00e1s informaci\u00f3n<i><svg fill=\"none\" height=\"8\" viewBox=\"0 0 21 8\" width=\"21\" xmlns=\"http:\/\/www.w3.org\/2000\/svg\"><path d=\"m20.3536 4.35355c.1952-.19526.1952-.51184 0-.70711l-3.182-3.181975c-.1953-.195263-.5119-.195263-.7071 0-.1953.195262-.1953.511844 0 .707105l2.8284 2.82843-2.8284 2.82843c-.1953.19526-.1953.51184 0 .7071.1952.19526.5118.19526.7071 0zm-20.35359996.14645h19.99999996v-1h-20.00000004z\" fill=\"#000\"><\/path><\/svg><\/i><\/a><\/p><\/div>\n","protected":false},"excerpt":{"rendered":"<p>Audit di sicurezza L&#8217;Adix Annual Safety Audit \u00e8 un&#8217;ispezione completa di tutti i componenti e sistemi critici per la sicurezza. Una Ex-ASA \u00e8 una soluzione che fornisce un mezzo di conformit\u00e0 con le direttive ATEX se effettuata annualmente. Un Ex-ASA pu\u00f2 anche essere vantaggioso quando si acquistano attrezzature usate o dopo una ristrutturazione o una [&hellip;]<\/p>\n","protected":false},"author":2,"featured_media":2991,"parent":0,"menu_order":0,"comment_status":"closed","ping_status":"closed","template":"page-templates\/corporative.php","meta":{"footnotes":""},"class_list":["post-2868","page","type-page","status-publish","has-post-thumbnail","hentry"],"yoast_head":"<!-- This site is optimized with the Yoast SEO plugin v24.4 - https:\/\/yoast.com\/wordpress\/plugins\/seo\/ -->\n<title>Servici - Adixatex<\/title>\n<meta name=\"robots\" content=\"noindex, follow, max-snippet:-1, max-image-preview:large, max-video-preview:-1\" \/>\n<meta property=\"og:locale\" content=\"it_IT\" \/>\n<meta property=\"og:type\" content=\"article\" \/>\n<meta property=\"og:title\" content=\"Servici - Adixatex\" \/>\n<meta property=\"og:description\" content=\"Audit di sicurezza L&#8217;Adix Annual Safety Audit \u00e8 un&#8217;ispezione completa di tutti i componenti e sistemi critici per la sicurezza. Una Ex-ASA \u00e8 una soluzione che fornisce un mezzo di conformit\u00e0 con le direttive ATEX se effettuata annualmente. Un Ex-ASA pu\u00f2 anche essere vantaggioso quando si acquistano attrezzature usate o dopo una ristrutturazione o una [&hellip;]\" \/>\n<meta property=\"og:url\" content=\"https:\/\/www2.adixatex.com\/servicios\/\" \/>\n<meta property=\"og:site_name\" content=\"Adixatex\" \/>\n<meta property=\"article:modified_time\" content=\"2021-11-18T12:45:56+00:00\" \/>\n<meta property=\"og:image\" content=\"https:\/\/www2.adixatex.com\/wp-content\/uploads\/2021\/02\/1.-servicios.jpg\" \/>\n\t<meta property=\"og:image:width\" content=\"500\" \/>\n\t<meta property=\"og:image:height\" content=\"500\" \/>\n\t<meta property=\"og:image:type\" content=\"image\/jpeg\" \/>\n<meta name=\"twitter:card\" content=\"summary_large_image\" \/>\n<meta name=\"twitter:site\" content=\"@adixprotection\" \/>\n<meta name=\"twitter:label1\" content=\"Tempo di lettura stimato\" \/>\n\t<meta name=\"twitter:data1\" content=\"5 minuti\" \/>\n<script type=\"application\/ld+json\" class=\"yoast-schema-graph\">{\"@context\":\"https:\/\/schema.org\",\"@graph\":[{\"@type\":\"WebPage\",\"@id\":\"https:\/\/www2.adixatex.com\/servicios\/\",\"url\":\"https:\/\/www2.adixatex.com\/servicios\/\",\"name\":\"Servici - Adixatex\",\"isPartOf\":{\"@id\":\"https:\/\/www2.adixatex.com\/#website\"},\"primaryImageOfPage\":{\"@id\":\"https:\/\/www2.adixatex.com\/servicios\/#primaryimage\"},\"image\":{\"@id\":\"https:\/\/www2.adixatex.com\/servicios\/#primaryimage\"},\"thumbnailUrl\":\"https:\/\/www2.adixatex.com\/wp-content\/uploads\/2021\/02\/1.-servicios.jpg\",\"datePublished\":\"2021-02-22T09:23:20+00:00\",\"dateModified\":\"2021-11-18T12:45:56+00:00\",\"breadcrumb\":{\"@id\":\"https:\/\/www2.adixatex.com\/servicios\/#breadcrumb\"},\"inLanguage\":\"it-IT\",\"potentialAction\":[{\"@type\":\"ReadAction\",\"target\":[\"https:\/\/www2.adixatex.com\/servicios\/\"]}]},{\"@type\":\"ImageObject\",\"inLanguage\":\"it-IT\",\"@id\":\"https:\/\/www2.adixatex.com\/servicios\/#primaryimage\",\"url\":\"https:\/\/www2.adixatex.com\/wp-content\/uploads\/2021\/02\/1.-servicios.jpg\",\"contentUrl\":\"https:\/\/www2.adixatex.com\/wp-content\/uploads\/2021\/02\/1.-servicios.jpg\",\"width\":500,\"height\":500},{\"@type\":\"BreadcrumbList\",\"@id\":\"https:\/\/www2.adixatex.com\/servicios\/#breadcrumb\",\"itemListElement\":[{\"@type\":\"ListItem\",\"position\":1,\"name\":\"Home\",\"item\":\"https:\/\/www2.adixatex.com\/\"},{\"@type\":\"ListItem\",\"position\":2,\"name\":\"Servici\"}]},{\"@type\":\"WebSite\",\"@id\":\"https:\/\/www2.adixatex.com\/#website\",\"url\":\"https:\/\/www2.adixatex.com\/\",\"name\":\"Adixatex\",\"description\":\"Prevenci\u00f3n y protecci\u00f3n de atm\u00f3sferas explosivas\",\"inLanguage\":\"it-IT\"}]}<\/script>\n<!-- \/ Yoast SEO plugin. -->","yoast_head_json":{"title":"Servici - Adixatex","robots":{"index":"noindex","follow":"follow","max-snippet":"max-snippet:-1","max-image-preview":"max-image-preview:large","max-video-preview":"max-video-preview:-1"},"og_locale":"it_IT","og_type":"article","og_title":"Servici - Adixatex","og_description":"Audit di sicurezza L&#8217;Adix Annual Safety Audit \u00e8 un&#8217;ispezione completa di tutti i componenti e sistemi critici per la sicurezza. Una Ex-ASA \u00e8 una soluzione che fornisce un mezzo di conformit\u00e0 con le direttive ATEX se effettuata annualmente. Un Ex-ASA pu\u00f2 anche essere vantaggioso quando si acquistano attrezzature usate o dopo una ristrutturazione o una [&hellip;]","og_url":"https:\/\/www2.adixatex.com\/servicios\/","og_site_name":"Adixatex","article_modified_time":"2021-11-18T12:45:56+00:00","og_image":[{"width":500,"height":500,"url":"https:\/\/www2.adixatex.com\/wp-content\/uploads\/2021\/02\/1.-servicios.jpg","type":"image\/jpeg"}],"twitter_card":"summary_large_image","twitter_site":"@adixprotection","twitter_misc":{"Tempo di lettura stimato":"5 minuti"},"schema":{"@context":"https:\/\/schema.org","@graph":[{"@type":"WebPage","@id":"https:\/\/www2.adixatex.com\/servicios\/","url":"https:\/\/www2.adixatex.com\/servicios\/","name":"Servici - Adixatex","isPartOf":{"@id":"https:\/\/www2.adixatex.com\/#website"},"primaryImageOfPage":{"@id":"https:\/\/www2.adixatex.com\/servicios\/#primaryimage"},"image":{"@id":"https:\/\/www2.adixatex.com\/servicios\/#primaryimage"},"thumbnailUrl":"https:\/\/www2.adixatex.com\/wp-content\/uploads\/2021\/02\/1.-servicios.jpg","datePublished":"2021-02-22T09:23:20+00:00","dateModified":"2021-11-18T12:45:56+00:00","breadcrumb":{"@id":"https:\/\/www2.adixatex.com\/servicios\/#breadcrumb"},"inLanguage":"it-IT","potentialAction":[{"@type":"ReadAction","target":["https:\/\/www2.adixatex.com\/servicios\/"]}]},{"@type":"ImageObject","inLanguage":"it-IT","@id":"https:\/\/www2.adixatex.com\/servicios\/#primaryimage","url":"https:\/\/www2.adixatex.com\/wp-content\/uploads\/2021\/02\/1.-servicios.jpg","contentUrl":"https:\/\/www2.adixatex.com\/wp-content\/uploads\/2021\/02\/1.-servicios.jpg","width":500,"height":500},{"@type":"BreadcrumbList","@id":"https:\/\/www2.adixatex.com\/servicios\/#breadcrumb","itemListElement":[{"@type":"ListItem","position":1,"name":"Home","item":"https:\/\/www2.adixatex.com\/"},{"@type":"ListItem","position":2,"name":"Servici"}]},{"@type":"WebSite","@id":"https:\/\/www2.adixatex.com\/#website","url":"https:\/\/www2.adixatex.com\/","name":"Adixatex","description":"Prevenci\u00f3n y protecci\u00f3n de atm\u00f3sferas explosivas","inLanguage":"it-IT"}]}},"_links":{"self":[{"href":"https:\/\/www2.adixatex.com\/it\/wp-json\/wp\/v2\/pages\/2868","targetHints":{"allow":["GET"]}}],"collection":[{"href":"https:\/\/www2.adixatex.com\/it\/wp-json\/wp\/v2\/pages"}],"about":[{"href":"https:\/\/www2.adixatex.com\/it\/wp-json\/wp\/v2\/types\/page"}],"author":[{"embeddable":true,"href":"https:\/\/www2.adixatex.com\/it\/wp-json\/wp\/v2\/users\/2"}],"replies":[{"embeddable":true,"href":"https:\/\/www2.adixatex.com\/it\/wp-json\/wp\/v2\/comments?post=2868"}],"version-history":[{"count":8,"href":"https:\/\/www2.adixatex.com\/it\/wp-json\/wp\/v2\/pages\/2868\/revisions"}],"predecessor-version":[{"id":3430,"href":"https:\/\/www2.adixatex.com\/it\/wp-json\/wp\/v2\/pages\/2868\/revisions\/3430"}],"wp:featuredmedia":[{"embeddable":true,"href":"https:\/\/www2.adixatex.com\/it\/wp-json\/wp\/v2\/media\/2991"}],"wp:attachment":[{"href":"https:\/\/www2.adixatex.com\/it\/wp-json\/wp\/v2\/media?parent=2868"}],"curies":[{"name":"wp","href":"https:\/\/api.w.org\/{rel}","templated":true}]}}