{"id":1038,"date":"2020-11-12T14:51:29","date_gmt":"2020-11-12T13:51:29","guid":{"rendered":"https:\/\/adixatex.com\/product\/sfogo-senza-fiamma\/"},"modified":"2021-11-19T08:20:18","modified_gmt":"2021-11-19T07:20:18","slug":"sfogo-senza-fiamma","status":"publish","type":"product","link":"https:\/\/www2.adixatex.com\/it\/prodotto\/sfogo-senza-fiamma\/","title":{"rendered":"Sfogo senza Fiamma"},"content":{"rendered":"<div id=\"shortcode_container_tabs\" class=\"shortcode_container_tabs\"><div id=\"container_tabs_title\" class=\"container_tabs_title\"><\/div>\n<p class=\"container_tabs_title_mobile\">Dati tecnici<\/p><div class=\"container_tabs_content\">\n<div id=\"content_table\" class=\"content_table\">\n<div id=\"content_table\" class=\"content_table\">\n<table style=\"width: 671.878px;\">\n<tbody>\n<tr>\n<td style=\"text-align: left; width: 332px;\">Dimensioni<\/td>\n<td style=\"text-align: left; width: 327.878px;\">da 200 a 1000 mm<\/td>\n<\/tr>\n<tr>\n<td style=\"text-align: left; width: 332px;\">Material<\/td>\n<td style=\"text-align: left; width: 327.878px;\"><span style=\"font-weight: 400;\">Acciaio al carbonio<\/span><\/td>\n<\/tr>\n<tr>\n<td style=\"text-align: left; width: 332px;\">Pm\u00e1x<\/td>\n<td style=\"text-align: left; width: 327.878px;\">10 bar<\/td>\n<\/tr>\n<tr>\n<td style=\"text-align: left; width: 332px;\"><span style=\"font-weight: 400;\">Massimo Prid ammissibile<\/span><\/td>\n<td style=\"text-align: left; width: 327.878px;\">0,5 bar<\/td>\n<\/tr>\n<tr>\n<td style=\"text-align: left; width: 332px;\"><span style=\"font-weight: 400;\">Distanze di sicurezza<\/span><\/td>\n<td style=\"text-align: left; width: 327.878px;\">1,5-4 m<\/td>\n<\/tr>\n<tr>\n<td style=\"text-align: left; width: 332px;\"><span style=\"font-weight: 400;\">Prodotto<\/span><\/td>\n<td style=\"text-align: left; width: 327.878px;\"><span style=\"font-weight: 400;\">KSt max.&lt;250 bar m\/s (organici e fondenti)<\/span><\/td>\n<\/tr>\n<tr>\n<td style=\"text-align: left; width: 332px;\"><span style=\"font-weight: 400;\">Marcatura<\/span><\/td>\n<td style=\"text-align: left; width: 327.878px;\">Ex D<\/td>\n<\/tr>\n<tr>\n<td style=\"text-align: left; width: 332px;\">Certificato ATEX<\/td>\n<td style=\"text-align: left; width: 327.878px;\"><span style=\"font-weight: 400;\">in conformit\u00e0 alle norme<\/span>\u00a0EN 16009:2011<\/td>\n<\/tr>\n<\/tbody>\n<\/table>\n<\/div>\n<\/div>\n<\/div>\n<p class=\"container_tabs_title_mobile\">Dimensioni<\/p><div class=\"container_tabs_content\">\n<div id=\"content_table\" class=\"content_table\">\n<h3 class=\"content_table_title\">Dimensioni disponibili<\/h3>\n<p><img fetchpriority=\"high\" decoding=\"async\" class=\"alignnone size-medium wp-image-985\" src=\"https:\/\/adixatex.com\/wp-content\/uploads\/2020\/11\/Cotas_FC_Perfil-268x300.jpg\" alt=\"Cotas FC Perfil\" width=\"268\" height=\"300\" srcset=\"https:\/\/www2.adixatex.com\/wp-content\/uploads\/2020\/11\/Cotas_FC_Perfil-268x300.jpg 268w, https:\/\/www2.adixatex.com\/wp-content\/uploads\/2020\/11\/Cotas_FC_Perfil.jpg 474w\" sizes=\"(max-width: 268px) 100vw, 268px\" \/><img decoding=\"async\" class=\"alignnone size-medium wp-image-977\" src=\"https:\/\/adixatex.com\/wp-content\/uploads\/2020\/11\/Cotas_FC_Alzado-300x224.jpg\" alt=\"Cotas FC Alzado\" width=\"300\" height=\"224\" srcset=\"https:\/\/www2.adixatex.com\/wp-content\/uploads\/2020\/11\/Cotas_FC_Alzado-300x224.jpg 300w, https:\/\/www2.adixatex.com\/wp-content\/uploads\/2020\/11\/Cotas_FC_Alzado-600x448.jpg 600w, https:\/\/www2.adixatex.com\/wp-content\/uploads\/2020\/11\/Cotas_FC_Alzado.jpg 713w\" sizes=\"(max-width: 300px) 100vw, 300px\" \/><\/p>\n<table>\n<thead id=\"content_table_head\">\n<tr>\n<th class=\"content_table_column\"><strong>Riferimento<\/strong><\/th>\n<th class=\"content_table_column\"><strong>Dimensioni esterne<\/strong> (mm)<\/th>\n<th class=\"content_table_column\"><strong>V<sub>1FC, max.<\/sub> tested <\/strong><\/th>\n<th class=\"content_table_column\"><strong>Eff. AV<\/strong><\/th>\n<\/tr>\n<\/thead>\n<tbody>\n<tr>\n<td style=\"text-align: center;\">FC350x200<\/td>\n<td style=\"text-align: center;\">350x 244\u00d7280<\/td>\n<td style=\"text-align: center;\">\u00a01<\/td>\n<td style=\"text-align: center;\">0,025<\/td>\n<\/tr>\n<tr>\n<td style=\"text-align: center;\">FC537x385<\/td>\n<td style=\"text-align: center;\">537x415x468<\/td>\n<td style=\"text-align: center;\">\u00a03<\/td>\n<td style=\"text-align: center;\">0,10<\/td>\n<\/tr>\n<tr>\n<td style=\"text-align: center;\">FC496x496<\/td>\n<td style=\"text-align: center;\">496x552x583<\/td>\n<td style=\"text-align: center;\">\u00a03<\/td>\n<td style=\"text-align: center;\">0,12<\/td>\n<\/tr>\n<tr>\n<td style=\"text-align: center;\">FC670x570<\/td>\n<td style=\"text-align: center;\">670x615x652<\/td>\n<td style=\"text-align: center;\">\u00a06<\/td>\n<td style=\"text-align: center;\">0,21<\/td>\n<\/tr>\n<tr>\n<td style=\"text-align: center;\">FC880x530<\/td>\n<td style=\"text-align: center;\">880x578x603<\/td>\n<td style=\"text-align: center;\">\u00a06<\/td>\n<td style=\"text-align: center;\">0,26<\/td>\n<\/tr>\n<tr>\n<td style=\"text-align: center;\">FC1000x666<\/td>\n<td style=\"text-align: center;\">1000x716x745<\/td>\n<td style=\"text-align: center;\">\u00a020<\/td>\n<td style=\"text-align: center;\">0,25<\/td>\n<\/tr>\n<tr>\n<td style=\"text-align: center;\">FC1000x1000<\/td>\n<td style=\"text-align: center;\">1000x1050x1083<\/td>\n<td style=\"text-align: center;\">\u00a020<\/td>\n<td style=\"text-align: center;\">0,47<\/td>\n<\/tr>\n<\/tbody>\n<\/table>\n<\/div>\n<p style=\"text-align: center;\"><strong>Per altre dimensioni e\/o condizioni di lavoro, <a href=\"https:\/\/adixatex.com\/it\/contatto\/\">p\u00f3ngase en\u00a0<span class=\"s1\">si prega di mettersi in contatto con Adix<\/span><\/a><\/strong><\/p>\n<\/div>\n<p class=\"container_tabs_title_mobile\">Accessori<\/p><div class=\"container_tabs_content\">\n<p><section class=\"shortcode_columns columns_3\">\n<div class=\"column\">\n<p><img decoding=\"async\" class=\"aligncenter\" src=\"https:\/\/adixatex.com\/wp-content\/uploads\/2021\/02\/brida-venteo.jpg\" \/><\/p>\n<p><strong>Flange di processo<\/strong><\/p>\n<p>Saldato (L) o avvitato (U)<\/p>\n<p>AISI 304 e AISI 316<\/p>\n<p>Installazione verticale (rinforzo interno) e orizzontale<\/p>\n<p>Nota: Flange di montaggio solo per pannelli circolari, il resto deve essere montato sulla carta.\u00a0<em>Altre soluzioni disponibili su richiesta.<\/em><\/p>\n<\/div>\n\n<div class=\"column\">\n<p><img decoding=\"async\" class=\"aligncenter\" src=\"https:\/\/adixatex.com\/wp-content\/uploads\/2021\/02\/maya.jpg\" \/><\/p>\n<p><strong>Kit di schermi di ricambio<\/strong><\/p>\n<p>Sfiato senza fiamma<\/p>\n<p>2 confezioni di schermi di ricambio<\/p>\n<\/div>\n\n<div class=\"column\">\n<\/div>\n<\/section>\n<\/p>\n<\/div>\n<p class=\"container_tabs_title_mobile\">Downloads<\/p><div class=\"container_tabs_content\">\n<p><section class=\"shortcode_columns columns_3\">\n<div class=\"column\">\n<p><strong>Scheda tecnica PDF &#8211; ESP<\/strong><\/p>\n<p><img decoding=\"async\" class=\"size-medium wp-image-2284 aligncenter\" src=\"https:\/\/adixatex.com\/wp-content\/uploads\/2020\/11\/IM_ficha_venteo-300x149.png\" alt=\"\" width=\"300\" height=\"149\" srcset=\"https:\/\/www2.adixatex.com\/wp-content\/uploads\/2020\/11\/IM_ficha_venteo-300x149.png 300w, https:\/\/www2.adixatex.com\/wp-content\/uploads\/2020\/11\/IM_ficha_venteo-750x372.png 750w, https:\/\/www2.adixatex.com\/wp-content\/uploads\/2020\/11\/IM_ficha_venteo-768x381.png 768w, https:\/\/www2.adixatex.com\/wp-content\/uploads\/2020\/11\/IM_ficha_venteo-600x298.png 600w, https:\/\/www2.adixatex.com\/wp-content\/uploads\/2020\/11\/IM_ficha_venteo.png 1475w\" sizes=\"(max-width: 300px) 100vw, 300px\" \/><\/p>\n<ul>\n<li><a class=\"link_view_pdf\" href=\"https:\/\/adixatex.com\/wp-content\/uploads\/2021\/02\/2814-Flamecatch-1.pdf\" target=\"_blank\" rel=\"noopener noreferrer\">Descargar caracter\u00edsticas del producto (PDF)<\/a><\/li>\n<\/ul>\n<\/div>\n\n<div class=\"column\">\n<p><strong>Scheda tecnica PDF &#8211; ENG<\/strong><\/p>\n<p><img decoding=\"async\" class=\"size-medium wp-image-2284 aligncenter\" src=\"https:\/\/adixatex.com\/wp-content\/uploads\/2020\/11\/IM_ficha_venteo-300x149.png\" alt=\"\" width=\"300\" height=\"149\" srcset=\"https:\/\/www2.adixatex.com\/wp-content\/uploads\/2020\/11\/IM_ficha_venteo-300x149.png 300w, https:\/\/www2.adixatex.com\/wp-content\/uploads\/2020\/11\/IM_ficha_venteo-750x372.png 750w, https:\/\/www2.adixatex.com\/wp-content\/uploads\/2020\/11\/IM_ficha_venteo-768x381.png 768w, https:\/\/www2.adixatex.com\/wp-content\/uploads\/2020\/11\/IM_ficha_venteo-600x298.png 600w, https:\/\/www2.adixatex.com\/wp-content\/uploads\/2020\/11\/IM_ficha_venteo.png 1475w\" sizes=\"(max-width: 300px) 100vw, 300px\" \/><\/p>\n<ul>\n<li><a class=\"link_view_pdf\" href=\"https:\/\/adixatex.com\/wp-content\/uploads\/2020\/11\/2814-Flamecatch-EN.pdf\" target=\"_blank\" rel=\"noopener noreferrer\">Descargar caracter\u00edsticas del producto (PDF)<\/a><\/li>\n<\/ul>\n<\/div>\n\n<div class=\"column\">\n<\/div>\n<\/section>\n<\/p>\n<\/div>\n<\/div>\n","protected":false},"excerpt":{"rendered":"<p>Dispositivo per la protezione contro le esplosioni basato sullo scarico della sovrappressione di esplosione e sul raffreddamento della fiamma, riducendo l&#8217;effetto di un&#8217;esplosione in contenitori chiusi installati all&#8217;interno di edifici.<\/p>\n","protected":false},"featured_media":11835,"comment_status":"open","ping_status":"closed","template":"","meta":[],"product_brand":[],"product_cat":[124],"product_tag":[],"class_list":{"0":"post-1038","1":"product","2":"type-product","3":"status-publish","4":"has-post-thumbnail","6":"product_cat-protezione","8":"first","9":"instock","10":"shipping-taxable","11":"product-type-simple"},"yoast_head":"<!-- This site is optimized with the Yoast SEO plugin v24.4 - https:\/\/yoast.com\/wordpress\/plugins\/seo\/ -->\n<title>Sfogo senza Fiamma - Adixatex<\/title>\n<meta name=\"robots\" content=\"noindex, follow, max-snippet:-1, max-image-preview:large, max-video-preview:-1\" \/>\n<meta property=\"og:locale\" content=\"it_IT\" \/>\n<meta property=\"og:type\" content=\"article\" \/>\n<meta property=\"og:title\" content=\"Sfogo senza Fiamma - Adixatex\" \/>\n<meta property=\"og:description\" content=\"Dispositivo per la protezione contro le esplosioni basato sullo scarico della sovrappressione di esplosione e sul raffreddamento della fiamma, riducendo l&#039;effetto di un&#039;esplosione in contenitori chiusi installati all&#039;interno di edifici.\" \/>\n<meta property=\"og:url\" content=\"https:\/\/www2.adixatex.com\/prodotto\/venteo-sin-llama-flamecatch\/\" \/>\n<meta property=\"og:site_name\" content=\"Adixatex\" \/>\n<meta property=\"article:modified_time\" content=\"2021-11-19T07:20:18+00:00\" \/>\n<meta property=\"og:image\" content=\"https:\/\/www2.adixatex.com\/wp-content\/uploads\/2020\/11\/FC.jpg\" \/>\n\t<meta property=\"og:image:width\" content=\"1000\" \/>\n\t<meta property=\"og:image:height\" content=\"1000\" \/>\n\t<meta property=\"og:image:type\" content=\"image\/jpeg\" \/>\n<meta name=\"twitter:card\" content=\"summary_large_image\" \/>\n<meta name=\"twitter:site\" content=\"@adixprotection\" \/>\n<meta name=\"twitter:label1\" content=\"Tempo di lettura stimato\" \/>\n\t<meta name=\"twitter:data1\" content=\"3 minuti\" \/>\n<script type=\"application\/ld+json\" class=\"yoast-schema-graph\">{\"@context\":\"https:\/\/schema.org\",\"@graph\":[{\"@type\":\"WebPage\",\"@id\":\"https:\/\/www2.adixatex.com\/prodotto\/venteo-sin-llama-flamecatch\/\",\"url\":\"https:\/\/www2.adixatex.com\/prodotto\/venteo-sin-llama-flamecatch\/\",\"name\":\"Sfogo senza Fiamma - Adixatex\",\"isPartOf\":{\"@id\":\"https:\/\/www2.adixatex.com\/#website\"},\"primaryImageOfPage\":{\"@id\":\"https:\/\/www2.adixatex.com\/prodotto\/venteo-sin-llama-flamecatch\/#primaryimage\"},\"image\":{\"@id\":\"https:\/\/www2.adixatex.com\/prodotto\/venteo-sin-llama-flamecatch\/#primaryimage\"},\"thumbnailUrl\":\"https:\/\/www2.adixatex.com\/wp-content\/uploads\/2020\/11\/FC.jpg\",\"datePublished\":\"2020-11-12T13:51:29+00:00\",\"dateModified\":\"2021-11-19T07:20:18+00:00\",\"breadcrumb\":{\"@id\":\"https:\/\/www2.adixatex.com\/prodotto\/venteo-sin-llama-flamecatch\/#breadcrumb\"},\"inLanguage\":\"it-IT\",\"potentialAction\":[{\"@type\":\"ReadAction\",\"target\":[\"https:\/\/www2.adixatex.com\/prodotto\/venteo-sin-llama-flamecatch\/\"]}]},{\"@type\":\"ImageObject\",\"inLanguage\":\"it-IT\",\"@id\":\"https:\/\/www2.adixatex.com\/prodotto\/venteo-sin-llama-flamecatch\/#primaryimage\",\"url\":\"https:\/\/www2.adixatex.com\/wp-content\/uploads\/2020\/11\/FC.jpg\",\"contentUrl\":\"https:\/\/www2.adixatex.com\/wp-content\/uploads\/2020\/11\/FC.jpg\",\"width\":1000,\"height\":1000},{\"@type\":\"BreadcrumbList\",\"@id\":\"https:\/\/www2.adixatex.com\/prodotto\/venteo-sin-llama-flamecatch\/#breadcrumb\",\"itemListElement\":[{\"@type\":\"ListItem\",\"position\":1,\"name\":\"Home\",\"item\":\"https:\/\/www2.adixatex.com\/\"},{\"@type\":\"ListItem\",\"position\":2,\"name\":\"Negozio\",\"item\":\"https:\/\/www2.adixatex.com\/productos\/\"},{\"@type\":\"ListItem\",\"position\":3,\"name\":\"Sfogo senza Fiamma\"}]},{\"@type\":\"WebSite\",\"@id\":\"https:\/\/www2.adixatex.com\/#website\",\"url\":\"https:\/\/www2.adixatex.com\/\",\"name\":\"Adixatex\",\"description\":\"Prevenci\u00f3n y protecci\u00f3n de atm\u00f3sferas explosivas\",\"inLanguage\":\"it-IT\"}]}<\/script>\n<!-- \/ Yoast SEO plugin. -->","yoast_head_json":{"title":"Sfogo senza Fiamma - Adixatex","robots":{"index":"noindex","follow":"follow","max-snippet":"max-snippet:-1","max-image-preview":"max-image-preview:large","max-video-preview":"max-video-preview:-1"},"og_locale":"it_IT","og_type":"article","og_title":"Sfogo senza Fiamma - Adixatex","og_description":"Dispositivo per la protezione contro le esplosioni basato sullo scarico della sovrappressione di esplosione e sul raffreddamento della fiamma, riducendo l'effetto di un'esplosione in contenitori chiusi installati all'interno di edifici.","og_url":"https:\/\/www2.adixatex.com\/prodotto\/venteo-sin-llama-flamecatch\/","og_site_name":"Adixatex","article_modified_time":"2021-11-19T07:20:18+00:00","og_image":[{"width":1000,"height":1000,"url":"https:\/\/www2.adixatex.com\/wp-content\/uploads\/2020\/11\/FC.jpg","type":"image\/jpeg"}],"twitter_card":"summary_large_image","twitter_site":"@adixprotection","twitter_misc":{"Tempo di lettura stimato":"3 minuti"},"schema":{"@context":"https:\/\/schema.org","@graph":[{"@type":"WebPage","@id":"https:\/\/www2.adixatex.com\/prodotto\/venteo-sin-llama-flamecatch\/","url":"https:\/\/www2.adixatex.com\/prodotto\/venteo-sin-llama-flamecatch\/","name":"Sfogo senza Fiamma - Adixatex","isPartOf":{"@id":"https:\/\/www2.adixatex.com\/#website"},"primaryImageOfPage":{"@id":"https:\/\/www2.adixatex.com\/prodotto\/venteo-sin-llama-flamecatch\/#primaryimage"},"image":{"@id":"https:\/\/www2.adixatex.com\/prodotto\/venteo-sin-llama-flamecatch\/#primaryimage"},"thumbnailUrl":"https:\/\/www2.adixatex.com\/wp-content\/uploads\/2020\/11\/FC.jpg","datePublished":"2020-11-12T13:51:29+00:00","dateModified":"2021-11-19T07:20:18+00:00","breadcrumb":{"@id":"https:\/\/www2.adixatex.com\/prodotto\/venteo-sin-llama-flamecatch\/#breadcrumb"},"inLanguage":"it-IT","potentialAction":[{"@type":"ReadAction","target":["https:\/\/www2.adixatex.com\/prodotto\/venteo-sin-llama-flamecatch\/"]}]},{"@type":"ImageObject","inLanguage":"it-IT","@id":"https:\/\/www2.adixatex.com\/prodotto\/venteo-sin-llama-flamecatch\/#primaryimage","url":"https:\/\/www2.adixatex.com\/wp-content\/uploads\/2020\/11\/FC.jpg","contentUrl":"https:\/\/www2.adixatex.com\/wp-content\/uploads\/2020\/11\/FC.jpg","width":1000,"height":1000},{"@type":"BreadcrumbList","@id":"https:\/\/www2.adixatex.com\/prodotto\/venteo-sin-llama-flamecatch\/#breadcrumb","itemListElement":[{"@type":"ListItem","position":1,"name":"Home","item":"https:\/\/www2.adixatex.com\/"},{"@type":"ListItem","position":2,"name":"Negozio","item":"https:\/\/www2.adixatex.com\/productos\/"},{"@type":"ListItem","position":3,"name":"Sfogo senza Fiamma"}]},{"@type":"WebSite","@id":"https:\/\/www2.adixatex.com\/#website","url":"https:\/\/www2.adixatex.com\/","name":"Adixatex","description":"Prevenci\u00f3n y protecci\u00f3n de atm\u00f3sferas explosivas","inLanguage":"it-IT"}]}},"_links":{"self":[{"href":"https:\/\/www2.adixatex.com\/it\/wp-json\/wp\/v2\/product\/1038","targetHints":{"allow":["GET"]}}],"collection":[{"href":"https:\/\/www2.adixatex.com\/it\/wp-json\/wp\/v2\/product"}],"about":[{"href":"https:\/\/www2.adixatex.com\/it\/wp-json\/wp\/v2\/types\/product"}],"replies":[{"embeddable":true,"href":"https:\/\/www2.adixatex.com\/it\/wp-json\/wp\/v2\/comments?post=1038"}],"version-history":[{"count":2,"href":"https:\/\/www2.adixatex.com\/it\/wp-json\/wp\/v2\/product\/1038\/revisions"}],"predecessor-version":[{"id":3481,"href":"https:\/\/www2.adixatex.com\/it\/wp-json\/wp\/v2\/product\/1038\/revisions\/3481"}],"wp:featuredmedia":[{"embeddable":true,"href":"https:\/\/www2.adixatex.com\/it\/wp-json\/wp\/v2\/media\/11835"}],"wp:attachment":[{"href":"https:\/\/www2.adixatex.com\/it\/wp-json\/wp\/v2\/media?parent=1038"}],"wp:term":[{"taxonomy":"product_brand","embeddable":true,"href":"https:\/\/www2.adixatex.com\/it\/wp-json\/wp\/v2\/product_brand?post=1038"},{"taxonomy":"product_cat","embeddable":true,"href":"https:\/\/www2.adixatex.com\/it\/wp-json\/wp\/v2\/product_cat?post=1038"},{"taxonomy":"product_tag","embeddable":true,"href":"https:\/\/www2.adixatex.com\/it\/wp-json\/wp\/v2\/product_tag?post=1038"}],"curies":[{"name":"wp","href":"https:\/\/api.w.org\/{rel}","templated":true}]}}