{"id":1721,"date":"2020-11-05T13:57:20","date_gmt":"2020-11-05T12:57:20","guid":{"rendered":"https:\/\/adixatex.com\/consultoria\/"},"modified":"2021-11-18T13:50:06","modified_gmt":"2021-11-18T12:50:06","slug":"consultoria","status":"publish","type":"page","link":"https:\/\/www2.adixatex.com\/pt-pt\/consultoria\/","title":{"rendered":"Engenharia e Consultoria"},"content":{"rendered":"<p><img decoding=\"async\" class=\"aligncenter wp-image-2086\" src=\"https:\/\/adixatex.com\/wp-content\/uploads\/2021\/03\/logos-certificaciones-baja-resolucio\u0301n-300x36.jpg\" alt=\"\" width=\"342\" height=\"41\" srcset=\"https:\/\/www2.adixatex.com\/wp-content\/uploads\/2021\/03\/logos-certificaciones-baja-resolucio\u0301n-300x36.jpg 300w, https:\/\/www2.adixatex.com\/wp-content\/uploads\/2021\/03\/logos-certificaciones-baja-resolucio\u0301n-750x91.jpg 750w, https:\/\/www2.adixatex.com\/wp-content\/uploads\/2021\/03\/logos-certificaciones-baja-resolucio\u0301n-768x93.jpg 768w, https:\/\/www2.adixatex.com\/wp-content\/uploads\/2021\/03\/logos-certificaciones-baja-resolucio\u0301n-600x73.jpg 600w, https:\/\/www2.adixatex.com\/wp-content\/uploads\/2021\/03\/logos-certificaciones-baja-resolucio\u0301n.jpg 1233w\" sizes=\"(max-width: 342px) 100vw, 342px\" \/><\/p>\n<section class=\"shortcode_articles joined_rows\">\n<article>\n<figure><img decoding=\"async\" src=\"https:\/\/adixatex.com\/wp-content\/uploads\/2021\/02\/ed_3-500x600-1.jpg\" alt=\"Adequ\u00e1cios\"\/><\/figure>\n<div class=\"info\"><span class=\"tag\">Adequ\u00e1cios<\/span>\n<h3><a href=\"#\">Adequ\u00e1cios<\/a><\/h3>\n\n<p>Adix gera desde o in\u00edcio, um relat\u00f3rio detalhado e oficial das necessidades da sua situa\u00e7\u00e3o, de acordo com a regulamenta\u00e7\u00e3o actual Adix. Entre eles, a elabora\u00e7\u00e3o da seguinte documenta\u00e7\u00e3o:<\/p>\n<ul>\n<li>Prepara\u00e7\u00e3o de um Documento de Protec\u00e7\u00e3o contra Explos\u00e3o em conformidade com o RD 681.<\/li>\n<li>Prepara\u00e7\u00e3o de Ficheiros T\u00e9cnicos para a Adapta\u00e7\u00e3o de Equipamentos de acordo com o RD 400.<\/li>\n<li>Relat\u00f3rios de Peritos em Acidentes com Explos\u00e3o.<\/li>\n<li>Estudos de Igni\u00e7\u00e3o Est\u00e1tica.<\/li>\n<li>Inertiza\u00e7\u00e3o de projectos.<\/li>\n<\/ul>\n<p><em>Toda a nossa documenta\u00e7\u00e3o \u00e9 endossada por:\u00a0<\/em><\/p>\n<p>Certificado <strong>IsmATEX<\/strong> &#8211; Credenciado pelo <strong>INERIS<\/strong>.<br \/>\nDiplomados do Mestrado em Preven\u00e7\u00e3o de Explos\u00e3o do <strong>Laborat\u00f3rio Oficial de Madariaga.<\/strong><\/p>\n<p><span class=\"link false_link\" data-link=\"parent_h3\">Mais informa\u00e7\u00f5es<i><svg fill=\"none\" height=\"8\" viewBox=\"0 0 21 8\" width=\"21\" xmlns=\"http:\/\/www.w3.org\/2000\/svg\"><path d=\"m20.3536 4.35355c.1952-.19526.1952-.51184 0-.70711l-3.182-3.181975c-.1953-.195263-.5119-.195263-.7071 0-.1953.195262-.1953.511844 0 .707105l2.8284 2.82843-2.8284 2.82843c-.1953.19526-.1953.51184 0 .7071.1952.19526.5118.19526.7071 0zm-20.35359996.14645h19.99999996v-1h-20.00000004z\" fill=\"#000\"><\/path><\/svg><\/i><\/span><\/p><\/div>\n<\/article>\n<article>\n<figure><img decoding=\"async\" src=\"https:\/\/adixatex.com\/wp-content\/uploads\/2021\/02\/ed_2-500x600-1.jpg\" alt=\"An\u00e1lise de risco e inspec\u00e7\u00e3o de instala\u00e7\u00f5es ATEX\"\/><\/figure>\n<div class=\"info\"><span class=\"tag\">An\u00e1lise de risco<\/span>\n<h3><a href=\"#\">An\u00e1lise de risco e inspec\u00e7\u00e3o de instala\u00e7\u00f5es ATEX<\/a><\/h3>\n\n<p>Avalia\u00e7\u00e3o dos riscos de explos\u00e3o utilizando m\u00e9todos reconhecidos (HAZOP, \u00e1rvores de falhas, \u00e1rvores de eventos).<\/p>\n<ul>\n<li>Avalia\u00e7\u00e3o do risco de explos\u00e3o utilizando m\u00e9todos reconhecidos (HAZOP, \u00e1rvores de falhas, \u00e1rvores de eventos).<\/li>\n<li>C\u00e1lculos das consequ\u00eancias de explos\u00e3o.<\/li>\n<li>Estudos espec\u00edficos de poss\u00edveis fontes de igni\u00e7\u00e3o.<\/li>\n<li>Verifica\u00e7\u00e3o das instala\u00e7\u00f5es antes da sua entrada em funcionamento.<\/li>\n<li>Revis\u00e3o peri\u00f3dica para actualiza\u00e7\u00e3o e consultoria sobre riscos de explos\u00e3o.<\/li>\n<li>Gest\u00e3o das autoriza\u00e7\u00f5es ATEX.<\/li>\n<\/ul>\n<p><span class=\"link false_link\" data-link=\"parent_h3\">Mais informa\u00e7\u00f5es<i><svg fill=\"none\" height=\"8\" viewBox=\"0 0 21 8\" width=\"21\" xmlns=\"http:\/\/www.w3.org\/2000\/svg\"><path d=\"m20.3536 4.35355c.1952-.19526.1952-.51184 0-.70711l-3.182-3.181975c-.1953-.195263-.5119-.195263-.7071 0-.1953.195262-.1953.511844 0 .707105l2.8284 2.82843-2.8284 2.82843c-.1953.19526-.1953.51184 0 .7071.1952.19526.5118.19526.7071 0zm-20.35359996.14645h19.99999996v-1h-20.00000004z\" fill=\"#000\"><\/path><\/svg><\/i><\/span><\/p><\/div>\n<\/article>\n<\/section>\n\n<section class=\"shortcode_articles columns\">\n<article>\n<figure><img decoding=\"async\" src=\"https:\/\/adixatex.com\/wp-content\/uploads\/2021\/02\/ed_4-500x300-1.jpg\" alt=\"Testes e medi\u00e7\u00f5es\"\/><\/figure>\n<div class=\"info\"><span class=\"tag\">Testes e medi\u00e7\u00f5es<\/span>\n<h3><a href=\"#\">Testes e medi\u00e7\u00f5es<\/a><\/h3>\n\n<p>Dispomos de todos os recursos necess\u00e1rios para realizar os testes e medi\u00e7\u00f5es que as suas instala\u00e7\u00f5es requerem.<\/p>\n<ul>\n<li>Determina\u00e7\u00e3o dos \u00edndices de explosividade.<\/li>\n<li>Medi\u00e7\u00e3o dos Fluxos de Ventila\u00e7\u00e3o.<\/li>\n<li>Medi\u00e7\u00e3o do campo electromagn\u00e9tico.<\/li>\n<li>Medi\u00e7\u00e3o da Resist\u00eancia de Superf\u00edcie.<\/li>\n<li>Termografia.<\/li>\n<\/ul>\n<p><span class=\"link false_link\" data-link=\"parent_h3\">Mais informa\u00e7\u00f5es<i><svg fill=\"none\" height=\"8\" viewBox=\"0 0 21 8\" width=\"21\" xmlns=\"http:\/\/www.w3.org\/2000\/svg\"><path d=\"m20.3536 4.35355c.1952-.19526.1952-.51184 0-.70711l-3.182-3.181975c-.1953-.195263-.5119-.195263-.7071 0-.1953.195262-.1953.511844 0 .707105l2.8284 2.82843-2.8284 2.82843c-.1953.19526-.1953.51184 0 .7071.1952.19526.5118.19526.7071 0zm-20.35359996.14645h19.99999996v-1h-20.00000004z\" fill=\"#000\"><\/path><\/svg><\/i><\/span><\/p><\/div>\n<\/article>\n<article>\n<figure><img decoding=\"async\" src=\"https:\/\/adixatex.com\/wp-content\/uploads\/2021\/02\/ed_5-500x300-1.jpg\" alt=\"Concep\u00e7\u00e3o das Instala\u00e7\u00f5es ATEX\"\/><\/figure>\n<div class=\"info\"><span class=\"tag\">Concep\u00e7\u00e3o das Instala\u00e7\u00f5es ATEX<\/span>\n<h3>Concep\u00e7\u00e3o das Instala\u00e7\u00f5es ATEX<\/h3>\n\n<p>Considera\u00e7\u00f5es de seguran\u00e7a ATEX durante as fases de concep\u00e7\u00e3o<\/p>\n<p>Desenvolvimento e optimiza\u00e7\u00e3o de processos do ponto de vista da seguran\u00e7a em caso de explos\u00e3o.<\/p>\n<p>Projectos para a implementa\u00e7\u00e3o de sistemas de preven\u00e7\u00e3o e protec\u00e7\u00e3o contra explos\u00f5es.<\/p>\n<p>Implementa\u00e7\u00e3o de procedimentos de trabalho que melhorem a preven\u00e7\u00e3o e a protec\u00e7\u00e3o contra explos\u00f5es.<\/p>\n<p>Projectos abrangentes para a adapta\u00e7\u00e3o das instala\u00e7\u00f5es aos regulamentos ATEX.<\/p>\n<\/div>\n<\/article>\n<\/section>\n\n<section class=\"shortcode_articles reverse_rows\">\n<article>\n<figure><img decoding=\"async\" src=\"https:\/\/adixatex.com\/wp-content\/uploads\/2021\/02\/Ed_6-500x600-1.jpg\" alt=\"Emprego realizado\"\/><\/figure>\n<div class=\"info\"><span class=\"tag\">Emprego realizado<\/span>\n<h3><a href=\"#\">Emprego realizado<\/a><\/h3>\n\n<p>Implementamos projectos abrangentes. Al\u00e9m disso, adaptamos e renovamos as instala\u00e7\u00f5es ao abrigo da regulamenta\u00e7\u00e3o ATEX de diferentes ind\u00fastrias.<\/p>\n<ul>\n<li>Ind\u00fastria de alimentos em gr\u00e3o.<\/li>\n<li>Ind\u00fastria farmac\u00eautica.<\/li>\n<li>Ind\u00fastria do g\u00e1s.<\/li>\n<li>Ind\u00fastria cimenteira.<\/li>\n<\/ul>\n<p><span class=\"link false_link\" data-link=\"parent_h3\">Mais informa\u00e7\u00f5es<i><svg fill=\"none\" height=\"8\" viewBox=\"0 0 21 8\" width=\"21\" xmlns=\"http:\/\/www.w3.org\/2000\/svg\"><path d=\"m20.3536 4.35355c.1952-.19526.1952-.51184 0-.70711l-3.182-3.181975c-.1953-.195263-.5119-.195263-.7071 0-.1953.195262-.1953.511844 0 .707105l2.8284 2.82843-2.8284 2.82843c-.1953.19526-.1953.51184 0 .7071.1952.19526.5118.19526.7071 0zm-20.35359996.14645h19.99999996v-1h-20.00000004z\" fill=\"#000\"><\/path><\/svg><\/i><\/span><\/p><\/div>\n<\/article>\n<\/section>\n\n","protected":false},"excerpt":{"rendered":"","protected":false},"author":2,"featured_media":3689,"parent":0,"menu_order":0,"comment_status":"closed","ping_status":"closed","template":"page-templates\/corporative.php","meta":{"footnotes":""},"class_list":["post-1721","page","type-page","status-publish","has-post-thumbnail","hentry"],"yoast_head":"<!-- This site is optimized with the Yoast SEO plugin v24.4 - https:\/\/yoast.com\/wordpress\/plugins\/seo\/ -->\n<title>Engenharia e Consultoria - Adixatex<\/title>\n<meta name=\"description\" content=\"Desarrollo integral de soluciones para protecci\u00f3n de f\u00e1bricas y equipos en Atm\u00f3sferas Explosivas.\" \/>\n<meta name=\"robots\" content=\"noindex, follow, max-snippet:-1, max-image-preview:large, max-video-preview:-1\" \/>\n<meta property=\"og:locale\" content=\"pt_PT\" \/>\n<meta property=\"og:type\" content=\"article\" \/>\n<meta property=\"og:title\" content=\"Engenharia e Consultoria - Adixatex\" \/>\n<meta property=\"og:description\" content=\"Desarrollo integral de soluciones para protecci\u00f3n de f\u00e1bricas y equipos en Atm\u00f3sferas Explosivas.\" \/>\n<meta property=\"og:url\" content=\"https:\/\/www2.adixatex.com\/consultoria\/\" \/>\n<meta property=\"og:site_name\" content=\"Adixatex\" \/>\n<meta property=\"article:modified_time\" content=\"2021-11-18T12:50:06+00:00\" \/>\n<meta property=\"og:image\" content=\"https:\/\/www2.adixatex.com\/wp-content\/uploads\/2021\/05\/portada-consulting.jpg\" \/>\n\t<meta property=\"og:image:width\" content=\"500\" \/>\n\t<meta property=\"og:image:height\" content=\"500\" \/>\n\t<meta property=\"og:image:type\" content=\"image\/jpeg\" \/>\n<meta name=\"twitter:card\" content=\"summary_large_image\" \/>\n<meta name=\"twitter:site\" content=\"@adixprotection\" \/>\n<meta name=\"twitter:label1\" content=\"Tempo estimado de leitura\" \/>\n\t<meta name=\"twitter:data1\" content=\"2 minutos\" \/>\n<script type=\"application\/ld+json\" class=\"yoast-schema-graph\">{\"@context\":\"https:\/\/schema.org\",\"@graph\":[{\"@type\":\"WebPage\",\"@id\":\"https:\/\/www2.adixatex.com\/consultoria\/\",\"url\":\"https:\/\/www2.adixatex.com\/consultoria\/\",\"name\":\"Engenharia e Consultoria - Adixatex\",\"isPartOf\":{\"@id\":\"https:\/\/www2.adixatex.com\/#website\"},\"primaryImageOfPage\":{\"@id\":\"https:\/\/www2.adixatex.com\/consultoria\/#primaryimage\"},\"image\":{\"@id\":\"https:\/\/www2.adixatex.com\/consultoria\/#primaryimage\"},\"thumbnailUrl\":\"https:\/\/www2.adixatex.com\/wp-content\/uploads\/2021\/05\/portada-consulting.jpg\",\"datePublished\":\"2020-11-05T12:57:20+00:00\",\"dateModified\":\"2021-11-18T12:50:06+00:00\",\"description\":\"Desarrollo integral de soluciones para protecci\u00f3n de f\u00e1bricas y equipos en Atm\u00f3sferas Explosivas.\",\"breadcrumb\":{\"@id\":\"https:\/\/www2.adixatex.com\/consultoria\/#breadcrumb\"},\"inLanguage\":\"pt-PT\",\"potentialAction\":[{\"@type\":\"ReadAction\",\"target\":[\"https:\/\/www2.adixatex.com\/consultoria\/\"]}]},{\"@type\":\"ImageObject\",\"inLanguage\":\"pt-PT\",\"@id\":\"https:\/\/www2.adixatex.com\/consultoria\/#primaryimage\",\"url\":\"https:\/\/www2.adixatex.com\/wp-content\/uploads\/2021\/05\/portada-consulting.jpg\",\"contentUrl\":\"https:\/\/www2.adixatex.com\/wp-content\/uploads\/2021\/05\/portada-consulting.jpg\",\"width\":500,\"height\":500},{\"@type\":\"BreadcrumbList\",\"@id\":\"https:\/\/www2.adixatex.com\/consultoria\/#breadcrumb\",\"itemListElement\":[{\"@type\":\"ListItem\",\"position\":1,\"name\":\"In\u00edcio\",\"item\":\"https:\/\/www2.adixatex.com\/\"},{\"@type\":\"ListItem\",\"position\":2,\"name\":\"Engenharia e Consultoria\"}]},{\"@type\":\"WebSite\",\"@id\":\"https:\/\/www2.adixatex.com\/#website\",\"url\":\"https:\/\/www2.adixatex.com\/\",\"name\":\"Adixatex\",\"description\":\"Prevenci\u00f3n y protecci\u00f3n de atm\u00f3sferas explosivas\",\"inLanguage\":\"pt-PT\"}]}<\/script>\n<!-- \/ Yoast SEO plugin. -->","yoast_head_json":{"title":"Engenharia e Consultoria - Adixatex","description":"Desarrollo integral de soluciones para protecci\u00f3n de f\u00e1bricas y equipos en Atm\u00f3sferas Explosivas.","robots":{"index":"noindex","follow":"follow","max-snippet":"max-snippet:-1","max-image-preview":"max-image-preview:large","max-video-preview":"max-video-preview:-1"},"og_locale":"pt_PT","og_type":"article","og_title":"Engenharia e Consultoria - Adixatex","og_description":"Desarrollo integral de soluciones para protecci\u00f3n de f\u00e1bricas y equipos en Atm\u00f3sferas Explosivas.","og_url":"https:\/\/www2.adixatex.com\/consultoria\/","og_site_name":"Adixatex","article_modified_time":"2021-11-18T12:50:06+00:00","og_image":[{"width":500,"height":500,"url":"https:\/\/www2.adixatex.com\/wp-content\/uploads\/2021\/05\/portada-consulting.jpg","type":"image\/jpeg"}],"twitter_card":"summary_large_image","twitter_site":"@adixprotection","twitter_misc":{"Tempo estimado de leitura":"2 minutos"},"schema":{"@context":"https:\/\/schema.org","@graph":[{"@type":"WebPage","@id":"https:\/\/www2.adixatex.com\/consultoria\/","url":"https:\/\/www2.adixatex.com\/consultoria\/","name":"Engenharia e Consultoria - Adixatex","isPartOf":{"@id":"https:\/\/www2.adixatex.com\/#website"},"primaryImageOfPage":{"@id":"https:\/\/www2.adixatex.com\/consultoria\/#primaryimage"},"image":{"@id":"https:\/\/www2.adixatex.com\/consultoria\/#primaryimage"},"thumbnailUrl":"https:\/\/www2.adixatex.com\/wp-content\/uploads\/2021\/05\/portada-consulting.jpg","datePublished":"2020-11-05T12:57:20+00:00","dateModified":"2021-11-18T12:50:06+00:00","description":"Desarrollo integral de soluciones para protecci\u00f3n de f\u00e1bricas y equipos en Atm\u00f3sferas Explosivas.","breadcrumb":{"@id":"https:\/\/www2.adixatex.com\/consultoria\/#breadcrumb"},"inLanguage":"pt-PT","potentialAction":[{"@type":"ReadAction","target":["https:\/\/www2.adixatex.com\/consultoria\/"]}]},{"@type":"ImageObject","inLanguage":"pt-PT","@id":"https:\/\/www2.adixatex.com\/consultoria\/#primaryimage","url":"https:\/\/www2.adixatex.com\/wp-content\/uploads\/2021\/05\/portada-consulting.jpg","contentUrl":"https:\/\/www2.adixatex.com\/wp-content\/uploads\/2021\/05\/portada-consulting.jpg","width":500,"height":500},{"@type":"BreadcrumbList","@id":"https:\/\/www2.adixatex.com\/consultoria\/#breadcrumb","itemListElement":[{"@type":"ListItem","position":1,"name":"In\u00edcio","item":"https:\/\/www2.adixatex.com\/"},{"@type":"ListItem","position":2,"name":"Engenharia e Consultoria"}]},{"@type":"WebSite","@id":"https:\/\/www2.adixatex.com\/#website","url":"https:\/\/www2.adixatex.com\/","name":"Adixatex","description":"Prevenci\u00f3n y protecci\u00f3n de atm\u00f3sferas explosivas","inLanguage":"pt-PT"}]}},"_links":{"self":[{"href":"https:\/\/www2.adixatex.com\/pt-pt\/wp-json\/wp\/v2\/pages\/1721","targetHints":{"allow":["GET"]}}],"collection":[{"href":"https:\/\/www2.adixatex.com\/pt-pt\/wp-json\/wp\/v2\/pages"}],"about":[{"href":"https:\/\/www2.adixatex.com\/pt-pt\/wp-json\/wp\/v2\/types\/page"}],"author":[{"embeddable":true,"href":"https:\/\/www2.adixatex.com\/pt-pt\/wp-json\/wp\/v2\/users\/2"}],"replies":[{"embeddable":true,"href":"https:\/\/www2.adixatex.com\/pt-pt\/wp-json\/wp\/v2\/comments?post=1721"}],"version-history":[{"count":5,"href":"https:\/\/www2.adixatex.com\/pt-pt\/wp-json\/wp\/v2\/pages\/1721\/revisions"}],"predecessor-version":[{"id":3272,"href":"https:\/\/www2.adixatex.com\/pt-pt\/wp-json\/wp\/v2\/pages\/1721\/revisions\/3272"}],"wp:featuredmedia":[{"embeddable":true,"href":"https:\/\/www2.adixatex.com\/pt-pt\/wp-json\/wp\/v2\/media\/3689"}],"wp:attachment":[{"href":"https:\/\/www2.adixatex.com\/pt-pt\/wp-json\/wp\/v2\/media?parent=1721"}],"curies":[{"name":"wp","href":"https:\/\/api.w.org\/{rel}","templated":true}]}}