{"id":1042,"date":"2020-11-12T14:51:29","date_gmt":"2020-11-12T13:51:29","guid":{"rendered":"https:\/\/adixatex.com\/product\/ventilacao-sem-chama\/"},"modified":"2021-11-19T08:20:13","modified_gmt":"2021-11-19T07:20:13","slug":"ventilacao-sem-chama","status":"publish","type":"product","link":"https:\/\/www2.adixatex.com\/pt-pt\/produto\/ventilacao-sem-chama\/","title":{"rendered":"Ventila\u00e7\u00e3o Sem Chama"},"content":{"rendered":"<div id=\"shortcode_container_tabs\" class=\"shortcode_container_tabs\"><div id=\"container_tabs_title\" class=\"container_tabs_title\"><\/div>\n<p class=\"container_tabs_title_mobile\">Dados T\u00e9cnicos<\/p><div class=\"container_tabs_content\">\n<div id=\"content_table\" class=\"content_table\">\n<div id=\"content_table\" class=\"content_table\">\n<table style=\"width: 671.878px;\">\n<tbody>\n<tr>\n<td style=\"text-align: left; width: 332px;\">Dimens\u00f5es<\/td>\n<td style=\"text-align: left; width: 327.878px;\">de 200 a 1000 mm<\/td>\n<\/tr>\n<tr>\n<td style=\"text-align: left; width: 332px;\">Material<\/td>\n<td style=\"text-align: left; width: 327.878px;\">A\u00e7o carbono<\/td>\n<\/tr>\n<tr>\n<td style=\"text-align: left; width: 332px;\">Pm\u00e1x<\/td>\n<td style=\"text-align: left; width: 327.878px;\">10 bar<\/td>\n<\/tr>\n<tr>\n<td style=\"text-align: left; width: 332px;\">M\u00e1ximo Pred admiss\u00edvel<\/td>\n<td style=\"text-align: left; width: 327.878px;\">0,5 bar<\/td>\n<\/tr>\n<tr>\n<td style=\"text-align: left; width: 332px;\">Dist\u00e2ncias de seguran\u00e7a<\/td>\n<td style=\"text-align: left; width: 327.878px;\">1,5-4 m<\/td>\n<\/tr>\n<tr>\n<td style=\"text-align: left; width: 332px;\">Produtos<\/td>\n<td style=\"text-align: left; width: 327.878px;\">KSt m\u00e1x. &lt;250<\/td>\n<\/tr>\n<tr>\n<td style=\"text-align: left; width: 332px;\">Marca\u00e7\u00e3o<\/td>\n<td style=\"text-align: left; width: 327.878px;\">Ex D<\/td>\n<\/tr>\n<tr>\n<td style=\"text-align: left; width: 332px;\">Certificado<\/td>\n<td style=\"text-align: left; width: 327.878px;\">em conformidade com a norma EN 16009:2011<\/td>\n<\/tr>\n<\/tbody>\n<\/table>\n<\/div>\n<\/div>\n<\/div>\n<p class=\"container_tabs_title_mobile\">Dimens\u00f5es<\/p><div class=\"container_tabs_content\">\n<div id=\"content_table\" class=\"content_table\">\n<p><img fetchpriority=\"high\" decoding=\"async\" class=\"alignnone size-medium wp-image-986\" src=\"https:\/\/adixatex.com\/wp-content\/uploads\/2020\/11\/Cotas_FC_Perfil-268x300.jpg\" alt=\"Cotas FC Perfil\" width=\"268\" height=\"300\" srcset=\"https:\/\/www2.adixatex.com\/wp-content\/uploads\/2020\/11\/Cotas_FC_Perfil-268x300.jpg 268w, https:\/\/www2.adixatex.com\/wp-content\/uploads\/2020\/11\/Cotas_FC_Perfil.jpg 474w\" sizes=\"(max-width: 268px) 100vw, 268px\" \/><img decoding=\"async\" class=\"alignnone size-medium wp-image-978\" src=\"https:\/\/adixatex.com\/wp-content\/uploads\/2020\/11\/Cotas_FC_Alzado-300x224.jpg\" alt=\"Cotas FC Alzado\" width=\"300\" height=\"224\" srcset=\"https:\/\/www2.adixatex.com\/wp-content\/uploads\/2020\/11\/Cotas_FC_Alzado-300x224.jpg 300w, https:\/\/www2.adixatex.com\/wp-content\/uploads\/2020\/11\/Cotas_FC_Alzado-600x448.jpg 600w, https:\/\/www2.adixatex.com\/wp-content\/uploads\/2020\/11\/Cotas_FC_Alzado.jpg 713w\" sizes=\"(max-width: 300px) 100vw, 300px\" \/><\/p>\n<table>\n<thead id=\"content_table_head\">\n<tr>\n<th class=\"content_table_column\"><strong>Refer\u00eancia<\/strong><\/th>\n<th class=\"content_table_column\"><strong>Dimens\u00f5es externas<\/strong><\/th>\n<th class=\"content_table_column\"><strong>V<sub>1FC, max.<\/sub> tested <\/strong><\/th>\n<th class=\"content_table_column\"><strong>Eff. AV<\/strong><\/th>\n<\/tr>\n<\/thead>\n<tbody>\n<tr>\n<td style=\"text-align: center;\">FC350x200<\/td>\n<td style=\"text-align: center;\">350x 244\u00d7280<\/td>\n<td style=\"text-align: center;\">\u00a01<\/td>\n<td style=\"text-align: center;\">0,025<\/td>\n<\/tr>\n<tr>\n<td style=\"text-align: center;\">FC537x385<\/td>\n<td style=\"text-align: center;\">537x415x468<\/td>\n<td style=\"text-align: center;\">\u00a03<\/td>\n<td style=\"text-align: center;\">0,10<\/td>\n<\/tr>\n<tr>\n<td style=\"text-align: center;\">FC496x496<\/td>\n<td style=\"text-align: center;\">496x552x583<\/td>\n<td style=\"text-align: center;\">\u00a03<\/td>\n<td style=\"text-align: center;\">0,12<\/td>\n<\/tr>\n<tr>\n<td style=\"text-align: center;\">FC670x570<\/td>\n<td style=\"text-align: center;\">670x615x652<\/td>\n<td style=\"text-align: center;\">\u00a06<\/td>\n<td style=\"text-align: center;\">0,21<\/td>\n<\/tr>\n<tr>\n<td style=\"text-align: center;\">FC880x530<\/td>\n<td style=\"text-align: center;\">880x578x603<\/td>\n<td style=\"text-align: center;\">\u00a06<\/td>\n<td style=\"text-align: center;\">0,26<\/td>\n<\/tr>\n<tr>\n<td style=\"text-align: center;\">FC1000x666<\/td>\n<td style=\"text-align: center;\">1000x716x745<\/td>\n<td style=\"text-align: center;\">\u00a020<\/td>\n<td style=\"text-align: center;\">0,25<\/td>\n<\/tr>\n<tr>\n<td style=\"text-align: center;\">FC1000x1000<\/td>\n<td style=\"text-align: center;\">1000x1050x1083<\/td>\n<td style=\"text-align: center;\">\u00a020<\/td>\n<td style=\"text-align: center;\">0,47<\/td>\n<\/tr>\n<\/tbody>\n<\/table>\n<\/div>\n<p style=\"text-align: center;\">Para outros tamanhos e\/ou condi\u00e7\u00f5es de trabalho,\u00a0<a href=\"https:\/\/adixatex.com\/pt-pt\/contato\/\">entre em contato com ADIX<\/a><\/p>\n<\/div>\n<p class=\"container_tabs_title_mobile\">Acces\u00f3rios<\/p><div class=\"container_tabs_content\">\n<p><section class=\"shortcode_columns columns_3\">\n<div class=\"column\">\n<p><img decoding=\"async\" class=\"aligncenter\" src=\"https:\/\/adixatex.com\/wp-content\/uploads\/2021\/02\/brida-venteo.jpg\" \/><\/p>\n<p><strong>Flanges de processo<\/strong><\/p>\n<p>Soldado (L) ou aparafusado (U)<br \/>\nAISI 304 e AISI 316<\/p>\n<p>Instala\u00e7\u00e3o vertical (refor\u00e7o interior) e horizontal.<\/p>\n<p>Nota: A flange de montagem apenas para pain\u00e9is circulares, no resto \u00e9 montada sobre o papel.\u00a0Para outras solu\u00e7\u00f5es, consulte-nos.<\/p>\n<\/div>\n\n<div class=\"column\">\n<p><img decoding=\"async\" class=\"aligncenter\" src=\"https:\/\/adixatex.com\/wp-content\/uploads\/2021\/02\/maya.jpg\" \/><\/p>\n<p><strong>Kit de ecr\u00e3 sobressalente<\/strong><\/p>\n<p>Abertura de ventila\u00e7\u00e3o sem chama<\/p>\n<p>2 pacotes de ecr\u00e3s de substitui\u00e7\u00e3o<\/p>\n<\/div>\n\n<div class=\"column\">\n<\/div>\n<\/section>\n<\/p>\n<\/div>\n<p class=\"container_tabs_title_mobile\">Descargas<\/p><div class=\"container_tabs_content\">\n<p><section class=\"shortcode_columns columns_3\">\n<div class=\"column\">\n<p><strong>Ficha t\u00e9cnica PDF &#8211; Espa\u00f1ol<\/strong><\/p>\n<p><img decoding=\"async\" class=\"size-medium wp-image-2284 aligncenter\" src=\"https:\/\/adixatex.com\/wp-content\/uploads\/2020\/11\/IM_ficha_venteo-300x149.png\" alt=\"\" width=\"300\" height=\"149\" srcset=\"https:\/\/www2.adixatex.com\/wp-content\/uploads\/2020\/11\/IM_ficha_venteo-300x149.png 300w, https:\/\/www2.adixatex.com\/wp-content\/uploads\/2020\/11\/IM_ficha_venteo-750x372.png 750w, https:\/\/www2.adixatex.com\/wp-content\/uploads\/2020\/11\/IM_ficha_venteo-768x381.png 768w, https:\/\/www2.adixatex.com\/wp-content\/uploads\/2020\/11\/IM_ficha_venteo-600x298.png 600w, https:\/\/www2.adixatex.com\/wp-content\/uploads\/2020\/11\/IM_ficha_venteo.png 1475w\" sizes=\"(max-width: 300px) 100vw, 300px\" \/><\/p>\n<ul>\n<li><a class=\"link_view_pdf\" href=\"https:\/\/adixatex.com\/wp-content\/uploads\/2021\/02\/2814-Flamecatch-1.pdf\" target=\"_blank\" rel=\"noopener noreferrer\">Descargar caracter\u00edsticas del producto (PDF)<\/a><\/li>\n<\/ul>\n<\/div>\n\n<div class=\"column\">\n<p><strong>Ficha t\u00e9cnica PDF &#8211; English\u00a0<\/strong><\/p>\n<p><img decoding=\"async\" class=\"size-medium wp-image-2284 aligncenter\" src=\"https:\/\/adixatex.com\/wp-content\/uploads\/2020\/11\/IM_ficha_venteo-300x149.png\" alt=\"\" width=\"300\" height=\"149\" srcset=\"https:\/\/www2.adixatex.com\/wp-content\/uploads\/2020\/11\/IM_ficha_venteo-300x149.png 300w, https:\/\/www2.adixatex.com\/wp-content\/uploads\/2020\/11\/IM_ficha_venteo-750x372.png 750w, https:\/\/www2.adixatex.com\/wp-content\/uploads\/2020\/11\/IM_ficha_venteo-768x381.png 768w, https:\/\/www2.adixatex.com\/wp-content\/uploads\/2020\/11\/IM_ficha_venteo-600x298.png 600w, https:\/\/www2.adixatex.com\/wp-content\/uploads\/2020\/11\/IM_ficha_venteo.png 1475w\" sizes=\"(max-width: 300px) 100vw, 300px\" \/><\/p>\n<ul>\n<li><a class=\"link_view_pdf\" href=\"https:\/\/adixatex.com\/wp-content\/uploads\/2020\/11\/2814-Flamecatch-EN.pdf\" target=\"_blank\" rel=\"noopener noreferrer\">Descargar caracter\u00edsticas del producto (PDF)<\/a><\/li>\n<\/ul>\n<\/div>\n\n<div class=\"column\">\n<p><strong>Ficha t\u00e9cnica PDF &#8211; German<\/strong><\/p>\n<p><img decoding=\"async\" class=\"size-medium wp-image-2284 aligncenter\" src=\"https:\/\/adixatex.com\/wp-content\/uploads\/2020\/11\/IM_ficha_venteo-300x149.png\" alt=\"\" width=\"300\" height=\"149\" srcset=\"https:\/\/www2.adixatex.com\/wp-content\/uploads\/2020\/11\/IM_ficha_venteo-300x149.png 300w, https:\/\/www2.adixatex.com\/wp-content\/uploads\/2020\/11\/IM_ficha_venteo-750x372.png 750w, https:\/\/www2.adixatex.com\/wp-content\/uploads\/2020\/11\/IM_ficha_venteo-768x381.png 768w, https:\/\/www2.adixatex.com\/wp-content\/uploads\/2020\/11\/IM_ficha_venteo-600x298.png 600w, https:\/\/www2.adixatex.com\/wp-content\/uploads\/2020\/11\/IM_ficha_venteo.png 1475w\" sizes=\"(max-width: 300px) 100vw, 300px\" \/><\/p>\n<ul>\n<li><a class=\"link_view_pdf\" href=\"https:\/\/adixatex.com\/wp-content\/uploads\/2021\/02\/2814-Flamecatch-DE.pdf\" target=\"_blank\" rel=\"noopener noreferrer\">Descargar caracter\u00edsticas del producto (PDF)<\/a><\/li>\n<\/ul>\n<\/div>\n<\/section>\n<\/p>\n<\/div>\n<\/div>\n","protected":false},"excerpt":{"rendered":"<p>Dispositivo para prote\u00e7\u00e3o contra explos\u00f5es baseado no al\u00edvio da sobrepress\u00e3o de explos\u00e3o e arrefecimento de chama, reduzindo o efeito de uma explos\u00e3o em recipientes fechados instalados no interior de edif\u00edcios.<\/p>\n","protected":false},"featured_media":11837,"comment_status":"open","ping_status":"closed","template":"","meta":[],"product_brand":[],"product_cat":[113],"product_tag":[],"class_list":{"0":"post-1042","1":"product","2":"type-product","3":"status-publish","4":"has-post-thumbnail","6":"product_cat-proteccao-contra-explosoes","8":"first","9":"instock","10":"shipping-taxable","11":"product-type-simple"},"yoast_head":"<!-- This site is optimized with the Yoast SEO plugin v24.4 - https:\/\/yoast.com\/wordpress\/plugins\/seo\/ -->\n<title>Ventila\u00e7\u00e3o Sem Chama - Adixatex<\/title>\n<meta name=\"robots\" content=\"noindex, follow, max-snippet:-1, max-image-preview:large, max-video-preview:-1\" \/>\n<meta property=\"og:locale\" content=\"pt_PT\" \/>\n<meta property=\"og:type\" content=\"article\" \/>\n<meta property=\"og:title\" content=\"Ventila\u00e7\u00e3o Sem Chama - Adixatex\" \/>\n<meta property=\"og:description\" content=\"Dispositivo para prote\u00e7\u00e3o contra explos\u00f5es baseado no al\u00edvio da sobrepress\u00e3o de explos\u00e3o e arrefecimento de chama, reduzindo o efeito de uma explos\u00e3o em recipientes fechados instalados no interior de edif\u00edcios.\" \/>\n<meta property=\"og:url\" content=\"https:\/\/www2.adixatex.com\/produto\/venteo-sin-llama-flamecatch\/\" \/>\n<meta property=\"og:site_name\" content=\"Adixatex\" \/>\n<meta property=\"article:modified_time\" content=\"2021-11-19T07:20:13+00:00\" \/>\n<meta property=\"og:image\" content=\"https:\/\/www2.adixatex.com\/wp-content\/uploads\/2020\/11\/FC.jpg\" \/>\n\t<meta property=\"og:image:width\" content=\"1000\" \/>\n\t<meta property=\"og:image:height\" content=\"1000\" \/>\n\t<meta property=\"og:image:type\" content=\"image\/jpeg\" \/>\n<meta name=\"twitter:card\" content=\"summary_large_image\" \/>\n<meta name=\"twitter:site\" content=\"@adixprotection\" \/>\n<meta name=\"twitter:label1\" content=\"Tempo estimado de leitura\" \/>\n\t<meta name=\"twitter:data1\" content=\"3 minutos\" \/>\n<script type=\"application\/ld+json\" class=\"yoast-schema-graph\">{\"@context\":\"https:\/\/schema.org\",\"@graph\":[{\"@type\":\"WebPage\",\"@id\":\"https:\/\/www2.adixatex.com\/produto\/venteo-sin-llama-flamecatch\/\",\"url\":\"https:\/\/www2.adixatex.com\/produto\/venteo-sin-llama-flamecatch\/\",\"name\":\"Ventila\u00e7\u00e3o Sem Chama - Adixatex\",\"isPartOf\":{\"@id\":\"https:\/\/www2.adixatex.com\/#website\"},\"primaryImageOfPage\":{\"@id\":\"https:\/\/www2.adixatex.com\/produto\/venteo-sin-llama-flamecatch\/#primaryimage\"},\"image\":{\"@id\":\"https:\/\/www2.adixatex.com\/produto\/venteo-sin-llama-flamecatch\/#primaryimage\"},\"thumbnailUrl\":\"https:\/\/www2.adixatex.com\/wp-content\/uploads\/2020\/11\/FC.jpg\",\"datePublished\":\"2020-11-12T13:51:29+00:00\",\"dateModified\":\"2021-11-19T07:20:13+00:00\",\"breadcrumb\":{\"@id\":\"https:\/\/www2.adixatex.com\/produto\/venteo-sin-llama-flamecatch\/#breadcrumb\"},\"inLanguage\":\"pt-PT\",\"potentialAction\":[{\"@type\":\"ReadAction\",\"target\":[\"https:\/\/www2.adixatex.com\/produto\/venteo-sin-llama-flamecatch\/\"]}]},{\"@type\":\"ImageObject\",\"inLanguage\":\"pt-PT\",\"@id\":\"https:\/\/www2.adixatex.com\/produto\/venteo-sin-llama-flamecatch\/#primaryimage\",\"url\":\"https:\/\/www2.adixatex.com\/wp-content\/uploads\/2020\/11\/FC.jpg\",\"contentUrl\":\"https:\/\/www2.adixatex.com\/wp-content\/uploads\/2020\/11\/FC.jpg\",\"width\":1000,\"height\":1000},{\"@type\":\"BreadcrumbList\",\"@id\":\"https:\/\/www2.adixatex.com\/produto\/venteo-sin-llama-flamecatch\/#breadcrumb\",\"itemListElement\":[{\"@type\":\"ListItem\",\"position\":1,\"name\":\"In\u00edcio\",\"item\":\"https:\/\/www2.adixatex.com\/\"},{\"@type\":\"ListItem\",\"position\":2,\"name\":\"Loja\",\"item\":\"https:\/\/www2.adixatex.com\/productos\/\"},{\"@type\":\"ListItem\",\"position\":3,\"name\":\"Ventila\u00e7\u00e3o Sem Chama\"}]},{\"@type\":\"WebSite\",\"@id\":\"https:\/\/www2.adixatex.com\/#website\",\"url\":\"https:\/\/www2.adixatex.com\/\",\"name\":\"Adixatex\",\"description\":\"Prevenci\u00f3n y protecci\u00f3n de atm\u00f3sferas explosivas\",\"inLanguage\":\"pt-PT\"}]}<\/script>\n<!-- \/ Yoast SEO plugin. -->","yoast_head_json":{"title":"Ventila\u00e7\u00e3o Sem Chama - Adixatex","robots":{"index":"noindex","follow":"follow","max-snippet":"max-snippet:-1","max-image-preview":"max-image-preview:large","max-video-preview":"max-video-preview:-1"},"og_locale":"pt_PT","og_type":"article","og_title":"Ventila\u00e7\u00e3o Sem Chama - Adixatex","og_description":"Dispositivo para prote\u00e7\u00e3o contra explos\u00f5es baseado no al\u00edvio da sobrepress\u00e3o de explos\u00e3o e arrefecimento de chama, reduzindo o efeito de uma explos\u00e3o em recipientes fechados instalados no interior de edif\u00edcios.","og_url":"https:\/\/www2.adixatex.com\/produto\/venteo-sin-llama-flamecatch\/","og_site_name":"Adixatex","article_modified_time":"2021-11-19T07:20:13+00:00","og_image":[{"width":1000,"height":1000,"url":"https:\/\/www2.adixatex.com\/wp-content\/uploads\/2020\/11\/FC.jpg","type":"image\/jpeg"}],"twitter_card":"summary_large_image","twitter_site":"@adixprotection","twitter_misc":{"Tempo estimado de leitura":"3 minutos"},"schema":{"@context":"https:\/\/schema.org","@graph":[{"@type":"WebPage","@id":"https:\/\/www2.adixatex.com\/produto\/venteo-sin-llama-flamecatch\/","url":"https:\/\/www2.adixatex.com\/produto\/venteo-sin-llama-flamecatch\/","name":"Ventila\u00e7\u00e3o Sem Chama - Adixatex","isPartOf":{"@id":"https:\/\/www2.adixatex.com\/#website"},"primaryImageOfPage":{"@id":"https:\/\/www2.adixatex.com\/produto\/venteo-sin-llama-flamecatch\/#primaryimage"},"image":{"@id":"https:\/\/www2.adixatex.com\/produto\/venteo-sin-llama-flamecatch\/#primaryimage"},"thumbnailUrl":"https:\/\/www2.adixatex.com\/wp-content\/uploads\/2020\/11\/FC.jpg","datePublished":"2020-11-12T13:51:29+00:00","dateModified":"2021-11-19T07:20:13+00:00","breadcrumb":{"@id":"https:\/\/www2.adixatex.com\/produto\/venteo-sin-llama-flamecatch\/#breadcrumb"},"inLanguage":"pt-PT","potentialAction":[{"@type":"ReadAction","target":["https:\/\/www2.adixatex.com\/produto\/venteo-sin-llama-flamecatch\/"]}]},{"@type":"ImageObject","inLanguage":"pt-PT","@id":"https:\/\/www2.adixatex.com\/produto\/venteo-sin-llama-flamecatch\/#primaryimage","url":"https:\/\/www2.adixatex.com\/wp-content\/uploads\/2020\/11\/FC.jpg","contentUrl":"https:\/\/www2.adixatex.com\/wp-content\/uploads\/2020\/11\/FC.jpg","width":1000,"height":1000},{"@type":"BreadcrumbList","@id":"https:\/\/www2.adixatex.com\/produto\/venteo-sin-llama-flamecatch\/#breadcrumb","itemListElement":[{"@type":"ListItem","position":1,"name":"In\u00edcio","item":"https:\/\/www2.adixatex.com\/"},{"@type":"ListItem","position":2,"name":"Loja","item":"https:\/\/www2.adixatex.com\/productos\/"},{"@type":"ListItem","position":3,"name":"Ventila\u00e7\u00e3o Sem Chama"}]},{"@type":"WebSite","@id":"https:\/\/www2.adixatex.com\/#website","url":"https:\/\/www2.adixatex.com\/","name":"Adixatex","description":"Prevenci\u00f3n y protecci\u00f3n de atm\u00f3sferas explosivas","inLanguage":"pt-PT"}]}},"_links":{"self":[{"href":"https:\/\/www2.adixatex.com\/pt-pt\/wp-json\/wp\/v2\/product\/1042","targetHints":{"allow":["GET"]}}],"collection":[{"href":"https:\/\/www2.adixatex.com\/pt-pt\/wp-json\/wp\/v2\/product"}],"about":[{"href":"https:\/\/www2.adixatex.com\/pt-pt\/wp-json\/wp\/v2\/types\/product"}],"replies":[{"embeddable":true,"href":"https:\/\/www2.adixatex.com\/pt-pt\/wp-json\/wp\/v2\/comments?post=1042"}],"version-history":[{"count":2,"href":"https:\/\/www2.adixatex.com\/pt-pt\/wp-json\/wp\/v2\/product\/1042\/revisions"}],"predecessor-version":[{"id":3286,"href":"https:\/\/www2.adixatex.com\/pt-pt\/wp-json\/wp\/v2\/product\/1042\/revisions\/3286"}],"wp:featuredmedia":[{"embeddable":true,"href":"https:\/\/www2.adixatex.com\/pt-pt\/wp-json\/wp\/v2\/media\/11837"}],"wp:attachment":[{"href":"https:\/\/www2.adixatex.com\/pt-pt\/wp-json\/wp\/v2\/media?parent=1042"}],"wp:term":[{"taxonomy":"product_brand","embeddable":true,"href":"https:\/\/www2.adixatex.com\/pt-pt\/wp-json\/wp\/v2\/product_brand?post=1042"},{"taxonomy":"product_cat","embeddable":true,"href":"https:\/\/www2.adixatex.com\/pt-pt\/wp-json\/wp\/v2\/product_cat?post=1042"},{"taxonomy":"product_tag","embeddable":true,"href":"https:\/\/www2.adixatex.com\/pt-pt\/wp-json\/wp\/v2\/product_tag?post=1042"}],"curies":[{"name":"wp","href":"https:\/\/api.w.org\/{rel}","templated":true}]}}