{"id":12157,"date":"2023-03-13T14:31:48","date_gmt":"2023-03-13T13:31:52","guid":{"rendered":"https:\/\/adixatex.com\/?post_type=product&#038;p=12157"},"modified":"2023-03-13T15:36:10","modified_gmt":"2023-03-13T14:36:10","slug":"valvula-de-isolamento-ventex-2","status":"publish","type":"product","link":"https:\/\/www2.adixatex.com\/pt-pt\/produto\/valvula-de-isolamento-ventex-2\/","title":{"rendered":"V\u00e1lvula de Isolamento VENTEX"},"content":{"rendered":"<div id=\"shortcode_container_tabs\" class=\"shortcode_container_tabs\"><div id=\"container_tabs_title\" class=\"container_tabs_title\"><\/div>\n<p class=\"container_tabs_title_mobile\">Dados T\u00e9cnicos<\/p><div class=\"container_tabs_content\"><\/div>\n<div id=\"content_table\" class=\"content_table\">\n<div id=\"content_table\" class=\"content_table\">\n<table style=\"height: 449px; width: 658px;\">\n<tbody>\n<tr style=\"height: 23px;\">\n<td style=\"text-align: left; width: 282.068px; height: 23px;\">Dimens\u00f5es<\/td>\n<td style=\"text-align: left; width: 361.932px; height: 23px;\">\u00a0DN100 aDN600<\/td>\n<\/tr>\n<tr style=\"height: 55px;\">\n<td style=\"text-align: left; width: 282.068px; height: 55px;\">Material<\/td>\n<td style=\"width: 361.932px; height: 55px;\">\n<div class=\"wpb_text_column wpb_content_element \">\n<div class=\"wpb_wrapper\">\n<p style=\"text-align: left;\">Acero al carbono o Acero inoxidable<\/p>\n<\/div>\n<\/div>\n<\/td>\n<\/tr>\n<tr style=\"height: 47px;\">\n<td style=\"text-align: left; width: 282.068px; height: 47px;\">Carga de p\u00f3 na conduta<\/td>\n<td style=\"text-align: left; width: 361.932px; height: 47px;\">&lt; 50 g\/m3<\/td>\n<\/tr>\n<tr style=\"height: 55px;\">\n<td style=\"text-align: left; width: 282.068px; height: 55px;\">Taxa de fluxo<\/td>\n<td style=\"width: 361.932px; height: 55px;\">\n<p style=\"text-align: left;\">&lt; 12 m\/s<\/p>\n<\/td>\n<\/tr>\n<tr style=\"height: 20.3551px;\">\n<td style=\"text-align: left; width: 282.068px; height: 20.3551px;\">Modo de funcionamento<\/td>\n<td style=\"width: 361.932px; height: 20.3551px;\">\n<p style=\"text-align: left;\">ac\u00e7\u00e3o simples ou dupla<\/p>\n<\/td>\n<\/tr>\n<tr style=\"height: 20.3551px;\">\n<td style=\"text-align: left; width: 282.068px; height: 20.3551px;\">Posi\u00e7\u00e3o de instala\u00e7\u00e3o<\/td>\n<td style=\"width: 361.932px; height: 20.3551px;\">\n<p style=\"text-align: left;\">horizontal ou vertical<\/p>\n<\/td>\n<\/tr>\n<tr style=\"height: 23px;\">\n<td style=\"text-align: left; width: 282.068px; height: 23px;\">Produtos<\/td>\n<td style=\"text-align: left; width: 361.932px; height: 23px;\">p\u00f3 org\u00e2nico, p\u00f3 met\u00e1lico, gases e misturas h\u00edbridas<\/td>\n<\/tr>\n<\/tbody>\n<\/table>\n<\/div>\n<\/div>\n<\/div>\n","protected":false},"excerpt":{"rendered":"<p>Protec\u00e7\u00e3o contra explos\u00f5es passivas. A v\u00e1lvula de isolamento contra explos\u00e3o VENTEX\u00ae proporciona protec\u00e7\u00e3o contra explos\u00e3o em um ou ambos os sentidos de fluxo, sem necessidade de energia externa. As v\u00e1lvulas VENTEX\u00ae est\u00e3o dispon\u00edveis em:<\/p>\n<p>S &#8220;de ac\u00e7\u00e3o \u00fanica<br \/>\nD &#8220;dupla actua\u00e7\u00e3o<br \/>\nC &#8220;v\u00e1lvula de reten\u00e7\u00e3o<\/p>\n<p>A VENTEX\u00ae \u00e9 utilizada numa vasta gama de aplica\u00e7\u00f5es e tipos de equipamento onde o isolamento contra explos\u00f5es \u00e9 essencial para completar o conceito de protec\u00e7\u00e3o. Como<\/p>\n<p>&#8211; Secador de leito fluidizado<br \/>\n&#8211; Secador de pulverizador<br \/>\n&#8211; Filtro lateral de g\u00e1s limpo<br \/>\n&#8211; Moinhos de moagem<br \/>\n&#8211; e muitos mais<\/p>\n","protected":false},"featured_media":12186,"comment_status":"open","ping_status":"closed","template":"","meta":[],"product_brand":[],"product_cat":[113],"product_tag":[],"class_list":{"0":"post-12157","1":"product","2":"type-product","3":"status-publish","4":"has-post-thumbnail","6":"product_cat-proteccao-contra-explosoes","8":"first","9":"instock","10":"shipping-taxable","11":"purchasable","12":"product-type-variable"},"yoast_head":"<!-- This site is optimized with the Yoast SEO plugin v24.4 - https:\/\/yoast.com\/wordpress\/plugins\/seo\/ -->\n<title>V\u00e1lvula de Isolamento VENTEX - Adixatex<\/title>\n<meta name=\"robots\" content=\"noindex, follow, max-snippet:-1, max-image-preview:large, max-video-preview:-1\" \/>\n<meta property=\"og:locale\" content=\"pt_PT\" \/>\n<meta property=\"og:type\" content=\"article\" \/>\n<meta property=\"og:title\" content=\"V\u00e1lvula de Isolamento VENTEX - Adixatex\" \/>\n<meta property=\"og:description\" content=\"Protec\u00e7\u00e3o contra explos\u00f5es passivas. A v\u00e1lvula de isolamento contra explos\u00e3o VENTEX\u00ae proporciona protec\u00e7\u00e3o contra explos\u00e3o em um ou ambos os sentidos de fluxo, sem necessidade de energia externa. As v\u00e1lvulas VENTEX\u00ae est\u00e3o dispon\u00edveis em:  S &quot;de ac\u00e7\u00e3o \u00fanica D &quot;dupla actua\u00e7\u00e3o C &quot;v\u00e1lvula de reten\u00e7\u00e3o  A VENTEX\u00ae \u00e9 utilizada numa vasta gama de aplica\u00e7\u00f5es e tipos de equipamento onde o isolamento contra explos\u00f5es \u00e9 essencial para completar o conceito de protec\u00e7\u00e3o. Como  - Secador de leito fluidizado - Secador de pulverizador - Filtro lateral de g\u00e1s limpo - Moinhos de moagem - e muitos mais\" \/>\n<meta property=\"og:url\" content=\"https:\/\/www2.adixatex.com\/produto\/valvula-de-aislamiento-ventex-2\/\" \/>\n<meta property=\"og:site_name\" content=\"Adixatex\" \/>\n<meta property=\"article:modified_time\" content=\"2023-03-13T14:36:10+00:00\" \/>\n<meta property=\"og:image\" content=\"https:\/\/www2.adixatex.com\/wp-content\/uploads\/2023\/03\/DN300-V2-ohne-Hebelasche.png\" \/>\n\t<meta property=\"og:image:width\" content=\"886\" \/>\n\t<meta property=\"og:image:height\" content=\"720\" \/>\n\t<meta property=\"og:image:type\" content=\"image\/png\" \/>\n<meta name=\"twitter:card\" content=\"summary_large_image\" \/>\n<meta name=\"twitter:site\" content=\"@adixprotection\" \/>\n<meta name=\"twitter:label1\" content=\"Tempo estimado de leitura\" \/>\n\t<meta name=\"twitter:data1\" content=\"1 minuto\" \/>\n<script type=\"application\/ld+json\" class=\"yoast-schema-graph\">{\"@context\":\"https:\/\/schema.org\",\"@graph\":[{\"@type\":\"WebPage\",\"@id\":\"https:\/\/www2.adixatex.com\/produto\/valvula-de-aislamiento-ventex-2\/\",\"url\":\"https:\/\/www2.adixatex.com\/produto\/valvula-de-aislamiento-ventex-2\/\",\"name\":\"V\u00e1lvula de Isolamento VENTEX - Adixatex\",\"isPartOf\":{\"@id\":\"https:\/\/www2.adixatex.com\/#website\"},\"primaryImageOfPage\":{\"@id\":\"https:\/\/www2.adixatex.com\/produto\/valvula-de-aislamiento-ventex-2\/#primaryimage\"},\"image\":{\"@id\":\"https:\/\/www2.adixatex.com\/produto\/valvula-de-aislamiento-ventex-2\/#primaryimage\"},\"thumbnailUrl\":\"https:\/\/www2.adixatex.com\/wp-content\/uploads\/2023\/03\/DN300-V2-ohne-Hebelasche.png\",\"datePublished\":\"2023-03-13T13:31:52+00:00\",\"dateModified\":\"2023-03-13T14:36:10+00:00\",\"breadcrumb\":{\"@id\":\"https:\/\/www2.adixatex.com\/produto\/valvula-de-aislamiento-ventex-2\/#breadcrumb\"},\"inLanguage\":\"pt-PT\",\"potentialAction\":[{\"@type\":\"ReadAction\",\"target\":[\"https:\/\/www2.adixatex.com\/produto\/valvula-de-aislamiento-ventex-2\/\"]}]},{\"@type\":\"ImageObject\",\"inLanguage\":\"pt-PT\",\"@id\":\"https:\/\/www2.adixatex.com\/produto\/valvula-de-aislamiento-ventex-2\/#primaryimage\",\"url\":\"https:\/\/www2.adixatex.com\/wp-content\/uploads\/2023\/03\/DN300-V2-ohne-Hebelasche.png\",\"contentUrl\":\"https:\/\/www2.adixatex.com\/wp-content\/uploads\/2023\/03\/DN300-V2-ohne-Hebelasche.png\",\"width\":886,\"height\":720},{\"@type\":\"BreadcrumbList\",\"@id\":\"https:\/\/www2.adixatex.com\/produto\/valvula-de-aislamiento-ventex-2\/#breadcrumb\",\"itemListElement\":[{\"@type\":\"ListItem\",\"position\":1,\"name\":\"In\u00edcio\",\"item\":\"https:\/\/www2.adixatex.com\/\"},{\"@type\":\"ListItem\",\"position\":2,\"name\":\"Loja\",\"item\":\"https:\/\/www2.adixatex.com\/productos\/\"},{\"@type\":\"ListItem\",\"position\":3,\"name\":\"V\u00e1lvula de Isolamento VENTEX\"}]},{\"@type\":\"WebSite\",\"@id\":\"https:\/\/www2.adixatex.com\/#website\",\"url\":\"https:\/\/www2.adixatex.com\/\",\"name\":\"Adixatex\",\"description\":\"Prevenci\u00f3n y protecci\u00f3n de atm\u00f3sferas explosivas\",\"inLanguage\":\"pt-PT\"}]}<\/script>\n<!-- \/ Yoast SEO plugin. -->","yoast_head_json":{"title":"V\u00e1lvula de Isolamento VENTEX - Adixatex","robots":{"index":"noindex","follow":"follow","max-snippet":"max-snippet:-1","max-image-preview":"max-image-preview:large","max-video-preview":"max-video-preview:-1"},"og_locale":"pt_PT","og_type":"article","og_title":"V\u00e1lvula de Isolamento VENTEX - Adixatex","og_description":"Protec\u00e7\u00e3o contra explos\u00f5es passivas. A v\u00e1lvula de isolamento contra explos\u00e3o VENTEX\u00ae proporciona protec\u00e7\u00e3o contra explos\u00e3o em um ou ambos os sentidos de fluxo, sem necessidade de energia externa. As v\u00e1lvulas VENTEX\u00ae est\u00e3o dispon\u00edveis em:  S \"de ac\u00e7\u00e3o \u00fanica D \"dupla actua\u00e7\u00e3o C \"v\u00e1lvula de reten\u00e7\u00e3o  A VENTEX\u00ae \u00e9 utilizada numa vasta gama de aplica\u00e7\u00f5es e tipos de equipamento onde o isolamento contra explos\u00f5es \u00e9 essencial para completar o conceito de protec\u00e7\u00e3o. Como  - Secador de leito fluidizado - Secador de pulverizador - Filtro lateral de g\u00e1s limpo - Moinhos de moagem - e muitos mais","og_url":"https:\/\/www2.adixatex.com\/produto\/valvula-de-aislamiento-ventex-2\/","og_site_name":"Adixatex","article_modified_time":"2023-03-13T14:36:10+00:00","og_image":[{"width":886,"height":720,"url":"https:\/\/www2.adixatex.com\/wp-content\/uploads\/2023\/03\/DN300-V2-ohne-Hebelasche.png","type":"image\/png"}],"twitter_card":"summary_large_image","twitter_site":"@adixprotection","twitter_misc":{"Tempo estimado de leitura":"1 minuto"},"schema":{"@context":"https:\/\/schema.org","@graph":[{"@type":"WebPage","@id":"https:\/\/www2.adixatex.com\/produto\/valvula-de-aislamiento-ventex-2\/","url":"https:\/\/www2.adixatex.com\/produto\/valvula-de-aislamiento-ventex-2\/","name":"V\u00e1lvula de Isolamento VENTEX - Adixatex","isPartOf":{"@id":"https:\/\/www2.adixatex.com\/#website"},"primaryImageOfPage":{"@id":"https:\/\/www2.adixatex.com\/produto\/valvula-de-aislamiento-ventex-2\/#primaryimage"},"image":{"@id":"https:\/\/www2.adixatex.com\/produto\/valvula-de-aislamiento-ventex-2\/#primaryimage"},"thumbnailUrl":"https:\/\/www2.adixatex.com\/wp-content\/uploads\/2023\/03\/DN300-V2-ohne-Hebelasche.png","datePublished":"2023-03-13T13:31:52+00:00","dateModified":"2023-03-13T14:36:10+00:00","breadcrumb":{"@id":"https:\/\/www2.adixatex.com\/produto\/valvula-de-aislamiento-ventex-2\/#breadcrumb"},"inLanguage":"pt-PT","potentialAction":[{"@type":"ReadAction","target":["https:\/\/www2.adixatex.com\/produto\/valvula-de-aislamiento-ventex-2\/"]}]},{"@type":"ImageObject","inLanguage":"pt-PT","@id":"https:\/\/www2.adixatex.com\/produto\/valvula-de-aislamiento-ventex-2\/#primaryimage","url":"https:\/\/www2.adixatex.com\/wp-content\/uploads\/2023\/03\/DN300-V2-ohne-Hebelasche.png","contentUrl":"https:\/\/www2.adixatex.com\/wp-content\/uploads\/2023\/03\/DN300-V2-ohne-Hebelasche.png","width":886,"height":720},{"@type":"BreadcrumbList","@id":"https:\/\/www2.adixatex.com\/produto\/valvula-de-aislamiento-ventex-2\/#breadcrumb","itemListElement":[{"@type":"ListItem","position":1,"name":"In\u00edcio","item":"https:\/\/www2.adixatex.com\/"},{"@type":"ListItem","position":2,"name":"Loja","item":"https:\/\/www2.adixatex.com\/productos\/"},{"@type":"ListItem","position":3,"name":"V\u00e1lvula de Isolamento VENTEX"}]},{"@type":"WebSite","@id":"https:\/\/www2.adixatex.com\/#website","url":"https:\/\/www2.adixatex.com\/","name":"Adixatex","description":"Prevenci\u00f3n y protecci\u00f3n de atm\u00f3sferas explosivas","inLanguage":"pt-PT"}]}},"_links":{"self":[{"href":"https:\/\/www2.adixatex.com\/pt-pt\/wp-json\/wp\/v2\/product\/12157","targetHints":{"allow":["GET"]}}],"collection":[{"href":"https:\/\/www2.adixatex.com\/pt-pt\/wp-json\/wp\/v2\/product"}],"about":[{"href":"https:\/\/www2.adixatex.com\/pt-pt\/wp-json\/wp\/v2\/types\/product"}],"replies":[{"embeddable":true,"href":"https:\/\/www2.adixatex.com\/pt-pt\/wp-json\/wp\/v2\/comments?post=12157"}],"version-history":[{"count":0,"href":"https:\/\/www2.adixatex.com\/pt-pt\/wp-json\/wp\/v2\/product\/12157\/revisions"}],"wp:featuredmedia":[{"embeddable":true,"href":"https:\/\/www2.adixatex.com\/pt-pt\/wp-json\/wp\/v2\/media\/12186"}],"wp:attachment":[{"href":"https:\/\/www2.adixatex.com\/pt-pt\/wp-json\/wp\/v2\/media?parent=12157"}],"wp:term":[{"taxonomy":"product_brand","embeddable":true,"href":"https:\/\/www2.adixatex.com\/pt-pt\/wp-json\/wp\/v2\/product_brand?post=12157"},{"taxonomy":"product_cat","embeddable":true,"href":"https:\/\/www2.adixatex.com\/pt-pt\/wp-json\/wp\/v2\/product_cat?post=12157"},{"taxonomy":"product_tag","embeddable":true,"href":"https:\/\/www2.adixatex.com\/pt-pt\/wp-json\/wp\/v2\/product_tag?post=12157"}],"curies":[{"name":"wp","href":"https:\/\/api.w.org\/{rel}","templated":true}]}}