{"id":1370,"date":"2020-12-15T09:50:55","date_gmt":"2020-12-15T08:50:55","guid":{"rendered":"https:\/\/adixatex.com\/product\/painel-de-alivio-trapezoidal-btp\/"},"modified":"2021-11-19T08:12:11","modified_gmt":"2021-11-19T07:12:11","slug":"painel-de-alivio-trapezoidal-btp","status":"publish","type":"product","link":"https:\/\/www2.adixatex.com\/pt-pt\/produto\/painel-de-alivio-trapezoidal-btp\/","title":{"rendered":"Painel de Al\u00edvio Trapezoidal &#8211; [BTP]"},"content":{"rendered":"<div id=\"shortcode_container_tabs\" class=\"shortcode_container_tabs\"><div id=\"container_tabs_title\" class=\"container_tabs_title\"><\/div>\n<p class=\"container_tabs_title_mobile\">Dados t\u00e9cnicos<\/p><div class=\"container_tabs_content\">\n<div id=\"content_table\" class=\"content_table\">\n<table style=\"width: 652px;\">\n<tbody>\n<tr>\n<td style=\"width: 313px; text-align: left;\">Tipo<\/td>\n<td style=\"width: 519px; text-align: left;\">Trapezoidal plano<\/td>\n<\/tr>\n<tr>\n<td style=\"width: 313px; text-align: left;\">Dimens\u00f5es<\/td>\n<td style=\"width: 519px; text-align: left;\">de 1000 a 1700 mm<\/td>\n<\/tr>\n<tr>\n<td style=\"width: 313px; text-align: left;\">Material<\/td>\n<td style=\"width: 519px; text-align: left;\">A\u00e7o inoxid\u00e1vel AISI 304L o 316L<\/td>\n<\/tr>\n<tr>\n<td style=\"width: 313px; text-align: left;\">Efici\u00eancia de ventila\u00e7\u00e3o<\/td>\n<td style=\"width: 519px; text-align: left;\">100%<\/td>\n<\/tr>\n<tr>\n<td style=\"width: 313px; text-align: left;\">Press\u00e3o est\u00e1tica<\/td>\n<td style=\"width: 519px; text-align: left;\">20 a 500 mbarg<\/td>\n<\/tr>\n<tr>\n<td style=\"width: 313px; text-align: left;\">Toler\u00e2ncia<\/td>\n<td style=\"width: 519px; text-align: left;\">\u00a0+\/-25%<\/td>\n<\/tr>\n<tr>\n<td style=\"width: 313px; text-align: left;\">Press\u00e3o M\u00e1xima de Funcionamento<\/td>\n<td style=\"width: 519px; text-align: left;\">\u00a040% P<sub>stat<\/sub><\/td>\n<\/tr>\n<tr>\n<td style=\"width: 313px; text-align: left;\">Press\u00e3o M\u00e1xima de V\u00e1cuo<\/td>\n<td style=\"width: 519px; text-align: left;\">&#8211; 20 mBar<\/td>\n<\/tr>\n<tr>\n<td style=\"width: 313px; text-align: left;\">Intervalo de Temperatura<\/td>\n<td style=\"width: 519px; text-align: left;\">at\u00e9 350 \u00baC<\/td>\n<\/tr>\n<tr>\n<td style=\"width: 313px; text-align: left;\">Produtos<\/td>\n<td style=\"width: 519px; text-align: left;\">Gases do grupo IIA; p\u00f3 org\u00e2nico e met\u00e1lico at\u00e9 St3<\/td>\n<\/tr>\n<tr>\n<td style=\"width: 313px; text-align: left;\">Certificado ATEX<\/td>\n<td style=\"width: 519px; text-align: left;\">em conformidade com as normas EN14797:2006 e EN14994:2007<\/td>\n<\/tr>\n<tr>\n<td style=\"width: 313px; text-align: left;\">Marca\u00e7\u00e3o<\/td>\n<td style=\"width: 519px; text-align: left;\">Ex GD<\/td>\n<\/tr>\n<\/tbody>\n<\/table>\n<\/div>\n<\/div>\n<p class=\"container_tabs_title_mobile\"><strong>Dimens\u00f5es<\/strong><\/p><div class=\"container_tabs_content\">\n<div id=\"content_table\" class=\"content_table\">\n<p><img decoding=\"async\" class=\"aligncenter size-medium wp-image-1346\" src=\"https:\/\/adixatex.com\/wp-content\/uploads\/2020\/11\/Captura2-1-300x124.jpg\" alt=\"Esquema panel BRT\" width=\"300\" height=\"124\" srcset=\"https:\/\/www2.adixatex.com\/wp-content\/uploads\/2020\/11\/Captura2-1-300x124.jpg 300w, https:\/\/www2.adixatex.com\/wp-content\/uploads\/2020\/11\/Captura2-1-750x310.jpg 750w, https:\/\/www2.adixatex.com\/wp-content\/uploads\/2020\/11\/Captura2-1-768x317.jpg 768w, https:\/\/www2.adixatex.com\/wp-content\/uploads\/2020\/11\/Captura2-1-600x248.jpg 600w, https:\/\/www2.adixatex.com\/wp-content\/uploads\/2020\/11\/Captura2-1.jpg 1000w\" sizes=\"(max-width: 300px) 100vw, 300px\" \/><\/p>\n<table>\n<thead id=\"content_table_head\">\n<tr>\n<th class=\"content_table_column\" style=\"text-align: center;\"><strong>Refer\u00eancia<\/strong><\/th>\n<th class=\"content_table_column\" style=\"text-align: center;\"><strong>Dimens\u00f5es externas<\/strong><\/th>\n<th class=\"content_table_column\" style=\"text-align: center;\"><strong>Dimens\u00e3o nominal<\/strong><\/th>\n<th class=\"content_table_column\" style=\"text-align: center;\">\u00c1rea de ventila\u00e7\u00e3o<\/th>\n<\/tr>\n<tr>\n<th class=\"content_table_column\" style=\"text-align: center;\"><strong>Refer\u00eancia<\/strong><\/th>\n<th class=\"content_table_column\" style=\"text-align: center;\"><strong>Dimens\u00f5es externas<\/strong><\/th>\n<th class=\"content_table_column\" style=\"text-align: center;\"><strong>Dimens\u00e3o nominal<\/strong><\/th>\n<th class=\"content_table_column\" style=\"text-align: center;\">\u00c1rea de ventila\u00e7\u00e3o<\/th>\n<\/tr>\n<\/thead>\n<tbody>\n<tr>\n<td style=\"text-align: center;\">BTP1400<\/td>\n<td style=\"text-align: center;\">1400x600x367<\/td>\n<td style=\"text-align: center;\">1320x513x293<\/td>\n<td style=\"text-align: center;\">0,532<\/td>\n<\/tr>\n<tr>\n<td style=\"text-align: center;\">BTP1700<\/td>\n<td style=\"text-align: center;\">1700x600x367<\/td>\n<td style=\"text-align: center;\">1620x513x293<\/td>\n<td style=\"text-align: center;\">0,653<\/td>\n<\/tr>\n<\/tbody>\n<\/table>\n<\/div>\n<p style=\"text-align: center;\">Para outros tamanhos e\/ou condi\u00e7\u00f5es de trabalho,\u00a0<a href=\"https:\/\/adixatex.com\/pt\/contato\/\">entre em contato com ADIX<\/a><\/p>\n<\/div>\n<p class=\"container_tabs_title_mobile\">Acces\u00f3rios<\/p><div class=\"container_tabs_content\">\n<p><section class=\"shortcode_columns columns_3\">\n<div class=\"column\">\n<h3 class=\"content_table_title\" style=\"text-align: left;\"><img decoding=\"async\" class=\"aligncenter\" src=\"https:\/\/adixatex.com\/wp-content\/uploads\/2021\/02\/panel1.jpg\" \/><\/h3>\n<p><strong>Detector de Quebra Magn\u00e9tica MK500A<\/strong><\/p>\n<p>Aprova\u00e7\u00e3o ATEX Ex II 3D Ex tc IIIC T125\u00b0C Dc X<\/p>\n<p>Possibilidade de montagem em diferentes tipos de cilindros.<\/p>\n<p>Faixa de detec\u00e7\u00e3o: Sensibilidade da rea\u00e7\u00e3o [mT] 2\u00a0Velocidade de deslocamento [m\/s] &gt; 10<\/p>\n<p>Precis\u00e3o: Varia\u00e7\u00f5es Histerese [mm] 1 Repetibilidade [mm] &lt; 0,2\u00a0Temperatura: -25\u00baC a 60\u00baC<\/p>\n<\/div>\n\n<div class=\"column\">\n<p><img decoding=\"async\" class=\"aligncenter\" src=\"https:\/\/adixatex.com\/wp-content\/uploads\/2021\/02\/panel2.jpg\" \/><\/p>\n<p><strong>Cabo de sinaliza\u00e7\u00e3o de ruptura tipo RECS para alta temperatura VP2759<\/strong><\/p>\n<p>Temperatura de trabalho: -60\u00baC a 300\u00baC<\/p>\n<p>Temperatura m\u00e1xima: 350\u00baC<\/p>\n<p>AWG: 20S<\/p>\n<p>Di\u00e2metro nominal da conduta: 0,965 mm<\/p>\n<p>Comprimento total: 2m<\/p>\n<\/div>\n\n<div class=\"column\">\n<p><img decoding=\"async\" class=\"aligncenter\" src=\"https:\/\/adixatex.com\/wp-content\/uploads\/2021\/02\/panel3.jpg\" \/><\/p>\n<p class=\"container_tabs_title_inside container_tabs_title_inside_open\"><strong>Flange de seguran\u00e7a<\/strong><\/p>\n<p>Soldado (L) ou aparafusado (U)<\/p>\n<p>AISI 304 y AISI 316<\/p>\n<p>Instala\u00e7\u00e3o Vertical (Refor\u00e7o Interior) e Horizontal<\/p>\n<p>Nota: As flanges de montagem apenas para pain\u00e9is circulares, o restante \u00e9 montado sobre papel.\u00a0Para outras solu\u00e7\u00f5es consultar.<\/p>\n<\/div>\n<\/section>\n<\/p>\n<p><section class=\"shortcode_columns columns_3\">\n<div class=\"column\">\n<p><img decoding=\"async\" class=\"aligncenter\" src=\"https:\/\/adixatex.com\/wp-content\/uploads\/2021\/02\/panel4.jpg\" \/><\/p>\n<p><strong>Selo de processo EPDM<\/strong><\/p>\n<p>A tira de borracha din\u00e2mica impede a vibra\u00e7\u00e3o entre materiais compactos.<\/p>\n<p>Atua como uma junta de veda\u00e7\u00e3o de ar, \u00e1gua e poeira para uso interno e externo.<\/p>\n<p>Resistente a raios ultravioletas e temperaturas extremas.<\/p>\n<p>Temperatura de -30\u00baC a 90\u00baC.<\/p>\n<\/div>\n\n<div class=\"column\">\n<p><strong><img decoding=\"async\" class=\"aligncenter\" src=\"https:\/\/adixatex.com\/wp-content\/uploads\/2021\/02\/panel5.jpg\" \/><\/strong><\/p>\n<p><strong>Selo de Processo Cer\u00e2mico de Alta Temperatura<\/strong><\/p>\n<p>Estabilidade de Alta Temperatura at\u00e9 1100\u00baC<\/p>\n<p>Cumpre os requisitos regulamentares europeus.<\/p>\n<p>Excelente resist\u00eancia ao molhamento do alum\u00ednio fundido.<\/p>\n<p>Baixa condutividade t\u00e9rmica.<\/p>\n<p>Flexibilidade<\/p>\n<p>F\u00e1cil de embrulhar, moldar ou cortar.<\/p>\n<p>Loctite SI 5900;<\/p>\n<p>Temperatura at\u00e9 275\u00baC em cont\u00ednuo.<\/p>\n<\/div>\n\n<div class=\"column\">\n<p><strong><img decoding=\"async\" class=\"aligncenter\" src=\"https:\/\/adixatex.com\/wp-content\/uploads\/2021\/02\/panel6.jpg\" \/><\/strong><\/p>\n<p><strong>Selagem de Processo de Silicone<\/strong><\/p>\n<p>Temperatura de -40\u00baC a 220\u00baC<\/p>\n<p>Silicone esponja branca (15HS)<\/p>\n<p>Excelente resist\u00eancia \u00e0 temperatura.<\/p>\n<p>Boa resist\u00eancia aos produtos qu\u00edmicos.<\/p>\n<p>Grande capacidade de recupera\u00e7\u00e3o \u00e0 compress\u00e3o<\/p>\n<p>Boa flexibilidade a baixas temperaturas<\/p>\n<\/div>\n<\/section>\n<\/p>\n<\/div>\n<p class=\"container_tabs_title_mobile\">Descargas<\/p><div class=\"container_tabs_content\">\n<p><section class=\"shortcode_columns columns_3\">\n<div class=\"column\">\n<p><strong>Ficha t\u00e9cnica PDF &#8211; Paneles de Vento &#8211; ESP\u00a0<\/strong><\/p>\n<p><img decoding=\"async\" class=\"aligncenter\" src=\"https:\/\/adixatex.com\/wp-content\/uploads\/2021\/02\/FICHA_PANELES.png\" width=\"318\" height=\"145\" \/><\/p>\n<ul>\n<li><a class=\"link_view_pdf\" href=\"https:\/\/adixatex.com\/wp-content\/uploads\/2021\/02\/1902-Paneles-de-Venteo-1.pdf\" target=\"_blank\" rel=\"noopener noreferrer\">Descargar caracter\u00edsticas del producto (PDF)<\/a><\/li>\n<\/ul>\n<\/div>\n\n<div class=\"column\">\n<p><strong>Ficha t\u00e9cnica PDF Paneles de Vento &#8211; ENG<\/strong><\/p>\n<p><img decoding=\"async\" class=\"aligncenter\" src=\"https:\/\/adixatex.com\/wp-content\/uploads\/2021\/02\/FICHA_PANELES.png\" width=\"318\" height=\"145\" \/><\/p>\n<ul>\n<li><a class=\"link_view_pdf\" href=\"https:\/\/adixatex.com\/wp-content\/uploads\/2021\/02\/1902-Paneles-de-Venteo-1.pdf\" target=\"_blank\" rel=\"noopener noreferrer\">Descargar caracter\u00edsticas del producto (PDF)<\/a><\/li>\n<\/ul>\n<\/div>\n\n<div class=\"column\">\n<p><strong>Ficha t\u00e9cnica PDF &#8211; Paneles de Vento &#8211; GER<\/strong><\/p>\n<p><img decoding=\"async\" class=\"aligncenter\" src=\"https:\/\/adixatex.com\/wp-content\/uploads\/2021\/02\/FICHA_PANELES.png\" width=\"318\" height=\"145\" \/><\/p>\n<ul>\n<li><a class=\"link_view_pdf\" href=\"https:\/\/adixatex.com\/wp-content\/uploads\/2021\/02\/1902-Paneles-de-Venteo-1.pdf\" target=\"_blank\" rel=\"noopener noreferrer\">Descargar caracter\u00edsticas del producto (PDF)<\/a><\/li>\n<\/ul>\n<\/div>\n<\/section>\n<\/p>\n<\/div>\n<\/div>\n","protected":false},"excerpt":{"rendered":"<p>Os pain\u00e9is de al\u00edvio BTP adaptam-se a medidas especiais. Os pain\u00e9is de al\u00edvio s\u00e3o dispositivos para prote\u00e7\u00e3o contra explos\u00f5es em volumes fechados. Os pain\u00e9is foram concebidos para conduzir a sobrepress\u00e3o em caso de explos\u00e3o para uma \u00e1rea segura, evitando assim que exceda a resist\u00eancia projetada do recipiente.<\/p>\n","protected":false},"featured_media":11736,"comment_status":"open","ping_status":"closed","template":"","meta":[],"product_brand":[],"product_cat":[111,113],"product_tag":[],"class_list":{"0":"post-1370","1":"product","2":"type-product","3":"status-publish","4":"has-post-thumbnail","6":"product_cat-paineis-de-ventilacao","7":"product_cat-proteccao-contra-explosoes","9":"first","10":"instock","11":"shipping-taxable","12":"product-type-simple"},"yoast_head":"<!-- This site is optimized with the Yoast SEO plugin v24.4 - https:\/\/yoast.com\/wordpress\/plugins\/seo\/ -->\n<title>Painel de Al\u00edvio Trapezoidal - [BTP] - Adixatex<\/title>\n<meta name=\"robots\" content=\"noindex, follow, max-snippet:-1, max-image-preview:large, max-video-preview:-1\" \/>\n<meta property=\"og:locale\" content=\"pt_PT\" \/>\n<meta property=\"og:type\" content=\"article\" \/>\n<meta property=\"og:title\" content=\"Painel de Al\u00edvio Trapezoidal - [BTP] - Adixatex\" \/>\n<meta property=\"og:description\" content=\"Os pain\u00e9is de al\u00edvio BTP adaptam-se a medidas especiais. Os pain\u00e9is de al\u00edvio s\u00e3o dispositivos para prote\u00e7\u00e3o contra explos\u00f5es em volumes fechados. Os pain\u00e9is foram concebidos para conduzir a sobrepress\u00e3o em caso de explos\u00e3o para uma \u00e1rea segura, evitando assim que exceda a resist\u00eancia projetada do recipiente.\" \/>\n<meta property=\"og:url\" content=\"https:\/\/www2.adixatex.com\/produto\/panel-de-venteo-trapezoidal-btp\/\" \/>\n<meta property=\"og:site_name\" content=\"Adixatex\" \/>\n<meta property=\"article:modified_time\" content=\"2021-11-19T07:12:11+00:00\" \/>\n<meta property=\"og:image\" content=\"https:\/\/www2.adixatex.com\/wp-content\/uploads\/2020\/12\/BTP.jpg\" \/>\n\t<meta property=\"og:image:width\" content=\"1000\" \/>\n\t<meta property=\"og:image:height\" content=\"1000\" \/>\n\t<meta property=\"og:image:type\" content=\"image\/jpeg\" \/>\n<meta name=\"twitter:card\" content=\"summary_large_image\" \/>\n<meta name=\"twitter:site\" content=\"@adixprotection\" \/>\n<meta name=\"twitter:label1\" content=\"Tempo estimado de leitura\" \/>\n\t<meta name=\"twitter:data1\" content=\"4 minutos\" \/>\n<script type=\"application\/ld+json\" class=\"yoast-schema-graph\">{\"@context\":\"https:\/\/schema.org\",\"@graph\":[{\"@type\":\"WebPage\",\"@id\":\"https:\/\/www2.adixatex.com\/produto\/panel-de-venteo-trapezoidal-btp\/\",\"url\":\"https:\/\/www2.adixatex.com\/produto\/panel-de-venteo-trapezoidal-btp\/\",\"name\":\"Painel de Al\u00edvio Trapezoidal - [BTP] - Adixatex\",\"isPartOf\":{\"@id\":\"https:\/\/www2.adixatex.com\/#website\"},\"primaryImageOfPage\":{\"@id\":\"https:\/\/www2.adixatex.com\/produto\/panel-de-venteo-trapezoidal-btp\/#primaryimage\"},\"image\":{\"@id\":\"https:\/\/www2.adixatex.com\/produto\/panel-de-venteo-trapezoidal-btp\/#primaryimage\"},\"thumbnailUrl\":\"https:\/\/www2.adixatex.com\/wp-content\/uploads\/2020\/12\/BTP.jpg\",\"datePublished\":\"2020-12-15T08:50:55+00:00\",\"dateModified\":\"2021-11-19T07:12:11+00:00\",\"breadcrumb\":{\"@id\":\"https:\/\/www2.adixatex.com\/produto\/panel-de-venteo-trapezoidal-btp\/#breadcrumb\"},\"inLanguage\":\"pt-PT\",\"potentialAction\":[{\"@type\":\"ReadAction\",\"target\":[\"https:\/\/www2.adixatex.com\/produto\/panel-de-venteo-trapezoidal-btp\/\"]}]},{\"@type\":\"ImageObject\",\"inLanguage\":\"pt-PT\",\"@id\":\"https:\/\/www2.adixatex.com\/produto\/panel-de-venteo-trapezoidal-btp\/#primaryimage\",\"url\":\"https:\/\/www2.adixatex.com\/wp-content\/uploads\/2020\/12\/BTP.jpg\",\"contentUrl\":\"https:\/\/www2.adixatex.com\/wp-content\/uploads\/2020\/12\/BTP.jpg\",\"width\":1000,\"height\":1000},{\"@type\":\"BreadcrumbList\",\"@id\":\"https:\/\/www2.adixatex.com\/produto\/panel-de-venteo-trapezoidal-btp\/#breadcrumb\",\"itemListElement\":[{\"@type\":\"ListItem\",\"position\":1,\"name\":\"In\u00edcio\",\"item\":\"https:\/\/www2.adixatex.com\/\"},{\"@type\":\"ListItem\",\"position\":2,\"name\":\"Loja\",\"item\":\"https:\/\/www2.adixatex.com\/productos\/\"},{\"@type\":\"ListItem\",\"position\":3,\"name\":\"Painel de Al\u00edvio Trapezoidal &#8211; [BTP]\"}]},{\"@type\":\"WebSite\",\"@id\":\"https:\/\/www2.adixatex.com\/#website\",\"url\":\"https:\/\/www2.adixatex.com\/\",\"name\":\"Adixatex\",\"description\":\"Prevenci\u00f3n y protecci\u00f3n de atm\u00f3sferas explosivas\",\"inLanguage\":\"pt-PT\"}]}<\/script>\n<!-- \/ Yoast SEO plugin. -->","yoast_head_json":{"title":"Painel de Al\u00edvio Trapezoidal - [BTP] - Adixatex","robots":{"index":"noindex","follow":"follow","max-snippet":"max-snippet:-1","max-image-preview":"max-image-preview:large","max-video-preview":"max-video-preview:-1"},"og_locale":"pt_PT","og_type":"article","og_title":"Painel de Al\u00edvio Trapezoidal - [BTP] - Adixatex","og_description":"Os pain\u00e9is de al\u00edvio BTP adaptam-se a medidas especiais. Os pain\u00e9is de al\u00edvio s\u00e3o dispositivos para prote\u00e7\u00e3o contra explos\u00f5es em volumes fechados. Os pain\u00e9is foram concebidos para conduzir a sobrepress\u00e3o em caso de explos\u00e3o para uma \u00e1rea segura, evitando assim que exceda a resist\u00eancia projetada do recipiente.","og_url":"https:\/\/www2.adixatex.com\/produto\/panel-de-venteo-trapezoidal-btp\/","og_site_name":"Adixatex","article_modified_time":"2021-11-19T07:12:11+00:00","og_image":[{"width":1000,"height":1000,"url":"https:\/\/www2.adixatex.com\/wp-content\/uploads\/2020\/12\/BTP.jpg","type":"image\/jpeg"}],"twitter_card":"summary_large_image","twitter_site":"@adixprotection","twitter_misc":{"Tempo estimado de leitura":"4 minutos"},"schema":{"@context":"https:\/\/schema.org","@graph":[{"@type":"WebPage","@id":"https:\/\/www2.adixatex.com\/produto\/panel-de-venteo-trapezoidal-btp\/","url":"https:\/\/www2.adixatex.com\/produto\/panel-de-venteo-trapezoidal-btp\/","name":"Painel de Al\u00edvio Trapezoidal - [BTP] - Adixatex","isPartOf":{"@id":"https:\/\/www2.adixatex.com\/#website"},"primaryImageOfPage":{"@id":"https:\/\/www2.adixatex.com\/produto\/panel-de-venteo-trapezoidal-btp\/#primaryimage"},"image":{"@id":"https:\/\/www2.adixatex.com\/produto\/panel-de-venteo-trapezoidal-btp\/#primaryimage"},"thumbnailUrl":"https:\/\/www2.adixatex.com\/wp-content\/uploads\/2020\/12\/BTP.jpg","datePublished":"2020-12-15T08:50:55+00:00","dateModified":"2021-11-19T07:12:11+00:00","breadcrumb":{"@id":"https:\/\/www2.adixatex.com\/produto\/panel-de-venteo-trapezoidal-btp\/#breadcrumb"},"inLanguage":"pt-PT","potentialAction":[{"@type":"ReadAction","target":["https:\/\/www2.adixatex.com\/produto\/panel-de-venteo-trapezoidal-btp\/"]}]},{"@type":"ImageObject","inLanguage":"pt-PT","@id":"https:\/\/www2.adixatex.com\/produto\/panel-de-venteo-trapezoidal-btp\/#primaryimage","url":"https:\/\/www2.adixatex.com\/wp-content\/uploads\/2020\/12\/BTP.jpg","contentUrl":"https:\/\/www2.adixatex.com\/wp-content\/uploads\/2020\/12\/BTP.jpg","width":1000,"height":1000},{"@type":"BreadcrumbList","@id":"https:\/\/www2.adixatex.com\/produto\/panel-de-venteo-trapezoidal-btp\/#breadcrumb","itemListElement":[{"@type":"ListItem","position":1,"name":"In\u00edcio","item":"https:\/\/www2.adixatex.com\/"},{"@type":"ListItem","position":2,"name":"Loja","item":"https:\/\/www2.adixatex.com\/productos\/"},{"@type":"ListItem","position":3,"name":"Painel de Al\u00edvio Trapezoidal &#8211; [BTP]"}]},{"@type":"WebSite","@id":"https:\/\/www2.adixatex.com\/#website","url":"https:\/\/www2.adixatex.com\/","name":"Adixatex","description":"Prevenci\u00f3n y protecci\u00f3n de atm\u00f3sferas explosivas","inLanguage":"pt-PT"}]}},"_links":{"self":[{"href":"https:\/\/www2.adixatex.com\/pt-pt\/wp-json\/wp\/v2\/product\/1370","targetHints":{"allow":["GET"]}}],"collection":[{"href":"https:\/\/www2.adixatex.com\/pt-pt\/wp-json\/wp\/v2\/product"}],"about":[{"href":"https:\/\/www2.adixatex.com\/pt-pt\/wp-json\/wp\/v2\/types\/product"}],"replies":[{"embeddable":true,"href":"https:\/\/www2.adixatex.com\/pt-pt\/wp-json\/wp\/v2\/comments?post=1370"}],"version-history":[{"count":2,"href":"https:\/\/www2.adixatex.com\/pt-pt\/wp-json\/wp\/v2\/product\/1370\/revisions"}],"predecessor-version":[{"id":3328,"href":"https:\/\/www2.adixatex.com\/pt-pt\/wp-json\/wp\/v2\/product\/1370\/revisions\/3328"}],"wp:featuredmedia":[{"embeddable":true,"href":"https:\/\/www2.adixatex.com\/pt-pt\/wp-json\/wp\/v2\/media\/11736"}],"wp:attachment":[{"href":"https:\/\/www2.adixatex.com\/pt-pt\/wp-json\/wp\/v2\/media?parent=1370"}],"wp:term":[{"taxonomy":"product_brand","embeddable":true,"href":"https:\/\/www2.adixatex.com\/pt-pt\/wp-json\/wp\/v2\/product_brand?post=1370"},{"taxonomy":"product_cat","embeddable":true,"href":"https:\/\/www2.adixatex.com\/pt-pt\/wp-json\/wp\/v2\/product_cat?post=1370"},{"taxonomy":"product_tag","embeddable":true,"href":"https:\/\/www2.adixatex.com\/pt-pt\/wp-json\/wp\/v2\/product_tag?post=1370"}],"curies":[{"name":"wp","href":"https:\/\/api.w.org\/{rel}","templated":true}]}}