{"id":925,"date":"2020-11-13T11:05:54","date_gmt":"2020-11-13T10:05:54","guid":{"rendered":"https:\/\/adixatex.com\/product\/sistema-de-ligacao-a-terra-de-camioes-tes01-v2ip\/"},"modified":"2021-11-19T07:27:26","modified_gmt":"2021-11-19T06:27:26","slug":"sistema-de-ligacao-a-terra-de-camioes-tes01-v2ip","status":"publish","type":"product","link":"https:\/\/www2.adixatex.com\/pt-pt\/produto\/sistema-de-ligacao-a-terra-de-camioes-tes01-v2ip\/","title":{"rendered":"Sistema de Liga\u00e7\u00e3o \u00e0 Terra de Cami\u00f5es TES01-V2(IP)"},"content":{"rendered":"<div id=\"shortcode_container_tabs\" class=\"shortcode_container_tabs\"><div id=\"container_tabs_title\" class=\"container_tabs_title\"><\/div>\n<p class=\"container_tabs_title_mobile\">Dados T\u00e9cnicos<\/p><div class=\"container_tabs_content\">\n<div id=\"content_table\" class=\"content_table\">\n<table>\n<tbody>\n<tr style=\"height: 21px;\">\n<td style=\"text-align: left; height: 21px;\">Alimentaci\u00f3n<\/td>\n<td style=\"text-align: left; height: 21px;\">100-240 V CA, 50\/60 Hz, calibraci\u00f3n autom\u00e1tica o 24 V CC<\/td>\n<\/tr>\n<tr style=\"height: 21px;\">\n<td style=\"text-align: left; height: 21px;\">Consumo<\/td>\n<td style=\"text-align: left; height: 21px;\">20 w<\/td>\n<\/tr>\n<tr style=\"height: 21px;\">\n<td style=\"text-align: left; height: 21px;\">Temperatura de trabajo<\/td>\n<td style=\"text-align: left; height: 21px;\">\u00a0-30 +55\u00baC<\/td>\n<\/tr>\n<tr style=\"height: 21px;\">\n<td style=\"text-align: left; height: 21px;\">Marca\u00e7\u00e3o<\/td>\n<td style=\"text-align: left; height: 21px;\">\u00a0Ex II 3D<\/td>\n<\/tr>\n<tr style=\"height: 21px;\">\n<td style=\"text-align: left; height: 21px;\">Certificado ATEX<\/td>\n<td style=\"text-align: left; height: 21px;\">Certificado para uso en zonas 1, 2, 21 y 22<\/td>\n<\/tr>\n<\/tbody>\n<\/table>\n<\/div>\n<\/div>\n<p class=\"container_tabs_title_mobile\">Modelos<\/p><div class=\"container_tabs_content\">\n<div id=\"content_table\" class=\"content_table\">\n<table style=\"width: 696px;\">\n<thead id=\"content_table_head\">\n<tr style=\"height: 64px;\">\n<th class=\"content_table_column\" style=\"height: 64px; width: 174.667px;\"><\/th>\n<th class=\"content_table_column\" style=\"height: 64px; width: 222.333px;\">TES-01 EX<\/th>\n<th class=\"content_table_column\" style=\"height: 64px; width: 207px;\">TES-01 IP<\/th>\n<\/tr>\n<tr style=\"height: 64px;\">\n<th class=\"content_table_column\" style=\"height: 64px; width: 174.667px;\"><\/th>\n<th class=\"content_table_column\" style=\"height: 64px; width: 222.333px;\">TES-01 EX<\/th>\n<th class=\"content_table_column\" style=\"height: 64px; width: 207px;\">TES-01 IP<\/th>\n<\/tr>\n<\/thead>\n<tbody>\n<tr style=\"height: 21px;\">\n<td style=\"text-align: left; height: 21px; width: 174.667px;\">Carca\u00e7a<\/td>\n<td style=\"text-align: left; height: 21px; width: 222.333px;\">Alum\u00ednio cinzento (cobre)<\/td>\n<td style=\"text-align: left; height: 21px; width: 207px;\">Metal revestido com chapa frontal de alum\u00ednio<\/td>\n<\/tr>\n<tr style=\"height: 21px;\">\n<td style=\"text-align: left; height: 21px; width: 174.667px;\">Dimens\u00f5es (altura, largura, profundidade)<\/td>\n<td style=\"text-align: left; height: 21px; width: 222.333px;\">265x230x150 mm<\/td>\n<td style=\"text-align: left; height: 21px; width: 207px;\">300x200x155 mm<\/td>\n<\/tr>\n<tr style=\"height: 37px;\">\n<td style=\"text-align: left; height: 37px; width: 174.667px;\">Peso<\/td>\n<td style=\"height: 37px; width: 222.333px; text-align: left;\">10 kg<\/td>\n<td style=\"height: 37px; width: 207px;\">\n<p style=\"text-align: left;\">5 kg<\/p>\n<\/td>\n<\/tr>\n<tr style=\"height: 9px;\">\n<td style=\"text-align: left; height: 9px; width: 174.667px;\">Conex\u00f5es<\/td>\n<td style=\"height: 9px; width: 222.333px; text-align: left;\">4 x M20 x 1,5 mm<\/td>\n<td style=\"height: 9px; width: 207px;\">\n<p style=\"text-align: left;\">3 empanques de cabo M20, alcance da pin\u00e7a 5-10 mm<\/p>\n<\/td>\n<\/tr>\n<tr style=\"height: 21px;\">\n<td style=\"text-align: left; height: 21px; width: 174.667px;\">Deriva\u00e7\u00e3o<\/td>\n<td style=\"text-align: left; height: 21px; width: 222.333px;\">Opcional por meio de interruptor com chave individual<\/td>\n<td style=\"text-align: left; height: 21px; width: 207px;\">Integrada<\/td>\n<\/tr>\n<tr style=\"height: 21px;\">\n<td style=\"text-align: left; height: 21px; width: 174.667px;\">Certificado ATEX<\/td>\n<td style=\"text-align: left; height: 21px; width: 222.333px;\">Certificado para utiliza\u00e7\u00e3o em zonas 1, 2, 21 e 22<\/td>\n<td style=\"text-align: left; height: 21px; width: 207px;\">Certificado para uso en zonas 21 y 22<\/td>\n<\/tr>\n<\/tbody>\n<\/table>\n<\/div>\n<\/div>\n<p class=\"container_tabs_title_mobile\">Acess\u00f3rios<\/p><div class=\"container_tabs_content\">\n<h3>Grampos de liga\u00e7\u00e3o \u00e0 terra<\/h3>\n<p><section class=\"shortcode_columns columns_3\">\n<div class=\"column\">\n<p><img decoding=\"async\" class=\"aligncenter\" src=\"https:\/\/adixatex.com\/wp-content\/uploads\/2021\/02\/pinza2.jpg\" \/><\/p>\n<p><strong>CL 1 pin\u00e7a de terra\u00a0<\/strong><\/p>\n<p>Material: Alum\u00ednio<br \/>\nFormato: 260 mm<br \/>\nAbertura da pin\u00e7a: De 3 a 15 mm<br \/>\nAcess\u00f3rios: Conector macho, montado<br \/>\nUtiliza\u00e7\u00e3o: Ambiente industrial, uso intensivo<\/p>\n<\/div>\n\n<div class=\"column\">\n<p><img decoding=\"async\" class=\"aligncenter\" src=\"https:\/\/adixatex.com\/wp-content\/uploads\/2021\/02\/pinza1.jpg\" \/><\/p>\n<p><strong>Pin\u00e7a de liga\u00e7\u00e3o \u00e0 terra CM 1\u00a0<\/strong><\/p>\n<p>Material: a\u00e7o inoxid\u00e1vel 304<br \/>\nFormato: 210 mm<br \/>\nAbertura da mand\u00edbula: 3 a 35 mm<br \/>\nAcess\u00f3rios: Conector macho, montado<br \/>\nUtiliza\u00e7\u00e3o: Ambiente industrial, utiliza\u00e7\u00e3o regular<\/p>\n<\/div>\n\n<div class=\"column\">\n<img decoding=\"async\" class=\"aligncenter\" src=\"https:\/\/adixatex.com\/wp-content\/uploads\/2021\/02\/pinza1.jpg\" \/>\n<p><strong>Grampo de liga\u00e7\u00e3o \u00e0 terra CS 1\u00a0<\/strong><\/p>\n<p>Material: a\u00e7o inoxid\u00e1vel 304<br \/>\nFormato: 162 mm<br \/>\nAbertura da mand\u00edbula: 3 a 35 mm<br \/>\nAcess\u00f3rios: Conector macho, montado<br \/>\nUtiliza\u00e7\u00e3o: Ambiente industrial, utiliza\u00e7\u00e3o ocasional<\/p>\n<\/div>\n<\/section>\n<\/p>\n<h3>Cabos<\/h3>\n<p><section class=\"shortcode_columns columns_2\">\n<div class=\"column\">\n<p><img decoding=\"async\" class=\"aligncenter\" src=\"https:\/\/adixatex.com\/wp-content\/uploads\/2021\/02\/cable2.jpg\" \/><\/p>\n<p><strong>Cabo espiral SP 1\/10<\/strong><\/p>\n<p>Material: TPE-E com bainha de pl\u00e1stico resistente aos raios UV e retardador de chama RAL 5015<br \/>\nCabo: 8 mm, 3 x 0,75 mm2<br \/>\nComprimento: At\u00e9 10 m desenrolados; aprox. 1 m enrolados<br \/>\nAcess\u00f3rios: Tomada, montada<\/p>\n<\/div>\n<div class=\"column\">\n<p><img decoding=\"async\" class=\"aligncenter\" src=\"https:\/\/adixatex.com\/wp-content\/uploads\/2021\/02\/cable1.jpg\" \/><\/p>\n<p><strong>Enrolador de cabos CR 1\/65<\/strong><\/p>\n<p>Material: bainha de alum\u00ednio<br \/>\nClasse de protec\u00e7\u00e3o: IP 65<br \/>\nMassa 12 Kg<br \/>\nAcess\u00f3rios: Conector f\u00eamea, montado<\/p>\n<\/div>\n<\/section>\n<\/p>\n<\/div>\n<p class=\"container_tabs_title_mobile\">Descargas<\/p><div class=\"container_tabs_content\">\n<p><section class=\"shortcode_columns columns_3\">\n<div class=\"column\">\n<p><strong>Ficha t\u00e9cnica PDF Novex Espa\u00f1ol<\/strong><\/p>\n<p><a href=\"https:\/\/adixatex.com\/wp-content\/uploads\/2021\/02\/stuvex.jpg\"><img decoding=\"async\" class=\"aligncenter\" src=\"https:\/\/adixatex.com\/wp-content\/uploads\/2021\/02\/stuvex.jpg\" width=\"302\" height=\"148\" \/><\/a><\/p>\n<ul>\n<li><a class=\"link_view_pdf\" href=\"https:\/\/adixatex.com\/wp-content\/uploads\/2021\/02\/TDS_TES01_ES_Compressed.pdf\" target=\"_blank\" rel=\"noopener noreferrer\">Descargar ficha TDS_TES01 (PDF)<\/a><\/li>\n<li><a href=\"https:\/\/adixatex.com\/wp-content\/uploads\/2021\/02\/GDS_TESIPEX_SI_ES_compressed.pdf\">Descargar Ficha\u00a0 GDS_TES (IP)<\/a><\/li>\n<\/ul>\n<\/div>\n\n<div class=\"column\">\n<p><strong>Ficha t\u00e9cnica PDF Novex English\u00a0<\/strong><\/p>\n<p><a href=\"https:\/\/adixatex.com\/wp-content\/uploads\/2021\/02\/stuvex.jpg\"><img decoding=\"async\" class=\"aligncenter\" src=\"https:\/\/adixatex.com\/wp-content\/uploads\/2021\/02\/stuvex.jpg\" width=\"302\" height=\"148\" \/><\/a><\/p>\n<ul>\n<li><a class=\"link_view_pdf\" href=\"https:\/\/adixatex.com\/wp-content\/uploads\/2021\/02\/TDS_TES01_EN_compressed.pdf\" target=\"_blank\" rel=\"noopener noreferrer\">Donwload TDS_TES01 (PDF)<\/a><\/li>\n<li><a href=\"https:\/\/adixatex.com\/wp-content\/uploads\/2021\/02\/GDS_TES-IPEX_SI_EN_compressed.pdf\">Download\u00a0 GDS_TES (IP)<\/a><\/li>\n<\/ul>\n<\/div>\n\n<div class=\"column\">\n<p><strong>Ficha t\u00e9cnica PDF &#8211; German<\/strong><\/p>\n<ul>\n<li><\/li>\n<\/ul>\n<\/div>\n<\/section>\n<\/p>\n<\/div>\n<\/div>\n","protected":false},"excerpt":{"rendered":"<p>\u00c9 o sistema de liga\u00e7\u00e3o \u00e0 terra seguro para cami\u00f5es durante a carga e descarga de l\u00edquidos ou p\u00f3s n\u00e3o-condutores em que possam ser geradas cargas eletrost\u00e1ticas.<\/p>\n<p>Ao ligar a pin\u00e7a de terra ao ponto de liga\u00e7\u00e3o \u00e0 terra do cami\u00e3o, o sistema TES01-V2 deteta se se formou um ambiente condutor atrav\u00e9s da medi\u00e7\u00e3o da resist\u00eancia el\u00e9trica da pin\u00e7a at\u00e9 \u00e0 unidade de controlo. Se a resist\u00eancia el\u00e9trica for suficientemente baixa, o TES01-V2 descarregar\u00e1 a carga eletrost\u00e1tica do cami\u00e3o para a terra. Deste modo, as fa\u00edscas s\u00e3o evitadas. Em seguida, o sistema TES01-V2 verifica a capacidade el\u00e9trica na posi\u00e7\u00e3o da pin\u00e7a. Apenas se a capacidade corresponder \u00e0 de um cami\u00e3o, a luz verde de estado acender-se-\u00e1 e o processo de carga e descarga ser\u00e1 desbloqueado.<\/p>\n<p>Se a liga\u00e7\u00e3o entre a pin\u00e7a e a unidade de controlo for interrompida, a luz de estado vermelha acender-se-\u00e1 e a carga e descarga ser\u00e3o interrompidas por um rel\u00e9 de bloqueio.<\/p>\n","protected":false},"featured_media":11763,"comment_status":"open","ping_status":"closed","template":"","meta":[],"product_brand":[],"product_cat":[112],"product_tag":[],"class_list":{"0":"post-925","1":"product","2":"type-product","3":"status-publish","4":"has-post-thumbnail","6":"product_cat-prevencao-de-explosoes","8":"first","9":"instock","10":"shipping-taxable","11":"product-type-simple"},"yoast_head":"<!-- This site is optimized with the Yoast SEO plugin v24.4 - https:\/\/yoast.com\/wordpress\/plugins\/seo\/ -->\n<title>Sistema de Liga\u00e7\u00e3o \u00e0 Terra de Cami\u00f5es TES01-V2(IP) - Adixatex<\/title>\n<meta name=\"robots\" content=\"noindex, follow, max-snippet:-1, max-image-preview:large, max-video-preview:-1\" \/>\n<meta property=\"og:locale\" content=\"pt_PT\" \/>\n<meta property=\"og:type\" content=\"article\" \/>\n<meta property=\"og:title\" content=\"Sistema de Liga\u00e7\u00e3o \u00e0 Terra de Cami\u00f5es TES01-V2(IP) - Adixatex\" \/>\n<meta property=\"og:description\" content=\"\u00c9 o sistema de liga\u00e7\u00e3o \u00e0 terra seguro para cami\u00f5es durante a carga e descarga de l\u00edquidos ou p\u00f3s n\u00e3o-condutores em que possam ser geradas cargas eletrost\u00e1ticas.  Ao ligar a pin\u00e7a de terra ao ponto de liga\u00e7\u00e3o \u00e0 terra do cami\u00e3o, o sistema TES01-V2 deteta se se formou um ambiente condutor atrav\u00e9s da medi\u00e7\u00e3o da resist\u00eancia el\u00e9trica da pin\u00e7a at\u00e9 \u00e0 unidade de controlo. Se a resist\u00eancia el\u00e9trica for suficientemente baixa, o TES01-V2 descarregar\u00e1 a carga eletrost\u00e1tica do cami\u00e3o para a terra. Deste modo, as fa\u00edscas s\u00e3o evitadas. Em seguida, o sistema TES01-V2 verifica a capacidade el\u00e9trica na posi\u00e7\u00e3o da pin\u00e7a. Apenas se a capacidade corresponder \u00e0 de um cami\u00e3o, a luz verde de estado acender-se-\u00e1 e o processo de carga e descarga ser\u00e1 desbloqueado.  Se a liga\u00e7\u00e3o entre a pin\u00e7a e a unidade de controlo for interrompida, a luz de estado vermelha acender-se-\u00e1 e a carga e descarga ser\u00e3o interrompidas por um rel\u00e9 de bloqueio.\" \/>\n<meta property=\"og:url\" content=\"https:\/\/www2.adixatex.com\/pt-pt\/produto\/sistema-de-ligacao-a-terra-de-camioes-tes01-v2ip\/\" \/>\n<meta property=\"og:site_name\" content=\"Adixatex\" \/>\n<meta property=\"article:modified_time\" content=\"2021-11-19T06:27:26+00:00\" \/>\n<meta property=\"og:image\" content=\"https:\/\/www2.adixatex.com\/wp-content\/uploads\/2020\/11\/Sistema-de-conexion-a-tierra-de-camiones.jpg\" \/>\n\t<meta property=\"og:image:width\" content=\"1000\" \/>\n\t<meta property=\"og:image:height\" content=\"1000\" \/>\n\t<meta property=\"og:image:type\" content=\"image\/jpeg\" \/>\n<meta name=\"twitter:card\" content=\"summary_large_image\" \/>\n<meta name=\"twitter:site\" content=\"@adixprotection\" \/>\n<meta name=\"twitter:label1\" content=\"Tempo estimado de leitura\" \/>\n\t<meta name=\"twitter:data1\" content=\"3 minutos\" \/>\n<script type=\"application\/ld+json\" class=\"yoast-schema-graph\">{\"@context\":\"https:\/\/schema.org\",\"@graph\":[{\"@type\":\"WebPage\",\"@id\":\"https:\/\/www2.adixatex.com\/pt-pt\/produto\/sistema-de-ligacao-a-terra-de-camioes-tes01-v2ip\/\",\"url\":\"https:\/\/www2.adixatex.com\/pt-pt\/produto\/sistema-de-ligacao-a-terra-de-camioes-tes01-v2ip\/\",\"name\":\"Sistema de Liga\u00e7\u00e3o \u00e0 Terra de Cami\u00f5es TES01-V2(IP) - Adixatex\",\"isPartOf\":{\"@id\":\"https:\/\/www2.adixatex.com\/#website\"},\"primaryImageOfPage\":{\"@id\":\"https:\/\/www2.adixatex.com\/pt-pt\/produto\/sistema-de-ligacao-a-terra-de-camioes-tes01-v2ip\/#primaryimage\"},\"image\":{\"@id\":\"https:\/\/www2.adixatex.com\/pt-pt\/produto\/sistema-de-ligacao-a-terra-de-camioes-tes01-v2ip\/#primaryimage\"},\"thumbnailUrl\":\"https:\/\/www2.adixatex.com\/wp-content\/uploads\/2020\/11\/Sistema-de-conexion-a-tierra-de-camiones.jpg\",\"datePublished\":\"2020-11-13T10:05:54+00:00\",\"dateModified\":\"2021-11-19T06:27:26+00:00\",\"breadcrumb\":{\"@id\":\"https:\/\/www2.adixatex.com\/pt-pt\/produto\/sistema-de-ligacao-a-terra-de-camioes-tes01-v2ip\/#breadcrumb\"},\"inLanguage\":\"pt-PT\",\"potentialAction\":[{\"@type\":\"ReadAction\",\"target\":[\"https:\/\/www2.adixatex.com\/pt-pt\/produto\/sistema-de-ligacao-a-terra-de-camioes-tes01-v2ip\/\"]}]},{\"@type\":\"ImageObject\",\"inLanguage\":\"pt-PT\",\"@id\":\"https:\/\/www2.adixatex.com\/pt-pt\/produto\/sistema-de-ligacao-a-terra-de-camioes-tes01-v2ip\/#primaryimage\",\"url\":\"https:\/\/www2.adixatex.com\/wp-content\/uploads\/2020\/11\/Sistema-de-conexion-a-tierra-de-camiones.jpg\",\"contentUrl\":\"https:\/\/www2.adixatex.com\/wp-content\/uploads\/2020\/11\/Sistema-de-conexion-a-tierra-de-camiones.jpg\",\"width\":1000,\"height\":1000},{\"@type\":\"BreadcrumbList\",\"@id\":\"https:\/\/www2.adixatex.com\/pt-pt\/produto\/sistema-de-ligacao-a-terra-de-camioes-tes01-v2ip\/#breadcrumb\",\"itemListElement\":[{\"@type\":\"ListItem\",\"position\":1,\"name\":\"In\u00edcio\",\"item\":\"https:\/\/www2.adixatex.com\/\"},{\"@type\":\"ListItem\",\"position\":2,\"name\":\"Loja\",\"item\":\"https:\/\/www2.adixatex.com\/productos\/\"},{\"@type\":\"ListItem\",\"position\":3,\"name\":\"Sistema de Liga\u00e7\u00e3o \u00e0 Terra de Cami\u00f5es TES01-V2(IP)\"}]},{\"@type\":\"WebSite\",\"@id\":\"https:\/\/www2.adixatex.com\/#website\",\"url\":\"https:\/\/www2.adixatex.com\/\",\"name\":\"Adixatex\",\"description\":\"Prevenci\u00f3n y protecci\u00f3n de atm\u00f3sferas explosivas\",\"inLanguage\":\"pt-PT\"}]}<\/script>\n<!-- \/ Yoast SEO plugin. -->","yoast_head_json":{"title":"Sistema de Liga\u00e7\u00e3o \u00e0 Terra de Cami\u00f5es TES01-V2(IP) - Adixatex","robots":{"index":"noindex","follow":"follow","max-snippet":"max-snippet:-1","max-image-preview":"max-image-preview:large","max-video-preview":"max-video-preview:-1"},"og_locale":"pt_PT","og_type":"article","og_title":"Sistema de Liga\u00e7\u00e3o \u00e0 Terra de Cami\u00f5es TES01-V2(IP) - Adixatex","og_description":"\u00c9 o sistema de liga\u00e7\u00e3o \u00e0 terra seguro para cami\u00f5es durante a carga e descarga de l\u00edquidos ou p\u00f3s n\u00e3o-condutores em que possam ser geradas cargas eletrost\u00e1ticas.  Ao ligar a pin\u00e7a de terra ao ponto de liga\u00e7\u00e3o \u00e0 terra do cami\u00e3o, o sistema TES01-V2 deteta se se formou um ambiente condutor atrav\u00e9s da medi\u00e7\u00e3o da resist\u00eancia el\u00e9trica da pin\u00e7a at\u00e9 \u00e0 unidade de controlo. Se a resist\u00eancia el\u00e9trica for suficientemente baixa, o TES01-V2 descarregar\u00e1 a carga eletrost\u00e1tica do cami\u00e3o para a terra. Deste modo, as fa\u00edscas s\u00e3o evitadas. Em seguida, o sistema TES01-V2 verifica a capacidade el\u00e9trica na posi\u00e7\u00e3o da pin\u00e7a. Apenas se a capacidade corresponder \u00e0 de um cami\u00e3o, a luz verde de estado acender-se-\u00e1 e o processo de carga e descarga ser\u00e1 desbloqueado.  Se a liga\u00e7\u00e3o entre a pin\u00e7a e a unidade de controlo for interrompida, a luz de estado vermelha acender-se-\u00e1 e a carga e descarga ser\u00e3o interrompidas por um rel\u00e9 de bloqueio.","og_url":"https:\/\/www2.adixatex.com\/pt-pt\/produto\/sistema-de-ligacao-a-terra-de-camioes-tes01-v2ip\/","og_site_name":"Adixatex","article_modified_time":"2021-11-19T06:27:26+00:00","og_image":[{"width":1000,"height":1000,"url":"https:\/\/www2.adixatex.com\/wp-content\/uploads\/2020\/11\/Sistema-de-conexion-a-tierra-de-camiones.jpg","type":"image\/jpeg"}],"twitter_card":"summary_large_image","twitter_site":"@adixprotection","twitter_misc":{"Tempo estimado de leitura":"3 minutos"},"schema":{"@context":"https:\/\/schema.org","@graph":[{"@type":"WebPage","@id":"https:\/\/www2.adixatex.com\/pt-pt\/produto\/sistema-de-ligacao-a-terra-de-camioes-tes01-v2ip\/","url":"https:\/\/www2.adixatex.com\/pt-pt\/produto\/sistema-de-ligacao-a-terra-de-camioes-tes01-v2ip\/","name":"Sistema de Liga\u00e7\u00e3o \u00e0 Terra de Cami\u00f5es TES01-V2(IP) - Adixatex","isPartOf":{"@id":"https:\/\/www2.adixatex.com\/#website"},"primaryImageOfPage":{"@id":"https:\/\/www2.adixatex.com\/pt-pt\/produto\/sistema-de-ligacao-a-terra-de-camioes-tes01-v2ip\/#primaryimage"},"image":{"@id":"https:\/\/www2.adixatex.com\/pt-pt\/produto\/sistema-de-ligacao-a-terra-de-camioes-tes01-v2ip\/#primaryimage"},"thumbnailUrl":"https:\/\/www2.adixatex.com\/wp-content\/uploads\/2020\/11\/Sistema-de-conexion-a-tierra-de-camiones.jpg","datePublished":"2020-11-13T10:05:54+00:00","dateModified":"2021-11-19T06:27:26+00:00","breadcrumb":{"@id":"https:\/\/www2.adixatex.com\/pt-pt\/produto\/sistema-de-ligacao-a-terra-de-camioes-tes01-v2ip\/#breadcrumb"},"inLanguage":"pt-PT","potentialAction":[{"@type":"ReadAction","target":["https:\/\/www2.adixatex.com\/pt-pt\/produto\/sistema-de-ligacao-a-terra-de-camioes-tes01-v2ip\/"]}]},{"@type":"ImageObject","inLanguage":"pt-PT","@id":"https:\/\/www2.adixatex.com\/pt-pt\/produto\/sistema-de-ligacao-a-terra-de-camioes-tes01-v2ip\/#primaryimage","url":"https:\/\/www2.adixatex.com\/wp-content\/uploads\/2020\/11\/Sistema-de-conexion-a-tierra-de-camiones.jpg","contentUrl":"https:\/\/www2.adixatex.com\/wp-content\/uploads\/2020\/11\/Sistema-de-conexion-a-tierra-de-camiones.jpg","width":1000,"height":1000},{"@type":"BreadcrumbList","@id":"https:\/\/www2.adixatex.com\/pt-pt\/produto\/sistema-de-ligacao-a-terra-de-camioes-tes01-v2ip\/#breadcrumb","itemListElement":[{"@type":"ListItem","position":1,"name":"In\u00edcio","item":"https:\/\/www2.adixatex.com\/"},{"@type":"ListItem","position":2,"name":"Loja","item":"https:\/\/www2.adixatex.com\/productos\/"},{"@type":"ListItem","position":3,"name":"Sistema de Liga\u00e7\u00e3o \u00e0 Terra de Cami\u00f5es TES01-V2(IP)"}]},{"@type":"WebSite","@id":"https:\/\/www2.adixatex.com\/#website","url":"https:\/\/www2.adixatex.com\/","name":"Adixatex","description":"Prevenci\u00f3n y protecci\u00f3n de atm\u00f3sferas explosivas","inLanguage":"pt-PT"}]}},"_links":{"self":[{"href":"https:\/\/www2.adixatex.com\/pt-pt\/wp-json\/wp\/v2\/product\/925","targetHints":{"allow":["GET"]}}],"collection":[{"href":"https:\/\/www2.adixatex.com\/pt-pt\/wp-json\/wp\/v2\/product"}],"about":[{"href":"https:\/\/www2.adixatex.com\/pt-pt\/wp-json\/wp\/v2\/types\/product"}],"replies":[{"embeddable":true,"href":"https:\/\/www2.adixatex.com\/pt-pt\/wp-json\/wp\/v2\/comments?post=925"}],"version-history":[{"count":0,"href":"https:\/\/www2.adixatex.com\/pt-pt\/wp-json\/wp\/v2\/product\/925\/revisions"}],"wp:featuredmedia":[{"embeddable":true,"href":"https:\/\/www2.adixatex.com\/pt-pt\/wp-json\/wp\/v2\/media\/11763"}],"wp:attachment":[{"href":"https:\/\/www2.adixatex.com\/pt-pt\/wp-json\/wp\/v2\/media?parent=925"}],"wp:term":[{"taxonomy":"product_brand","embeddable":true,"href":"https:\/\/www2.adixatex.com\/pt-pt\/wp-json\/wp\/v2\/product_brand?post=925"},{"taxonomy":"product_cat","embeddable":true,"href":"https:\/\/www2.adixatex.com\/pt-pt\/wp-json\/wp\/v2\/product_cat?post=925"},{"taxonomy":"product_tag","embeddable":true,"href":"https:\/\/www2.adixatex.com\/pt-pt\/wp-json\/wp\/v2\/product_tag?post=925"}],"curies":[{"name":"wp","href":"https:\/\/api.w.org\/{rel}","templated":true}]}}