{"id":947,"date":"2020-11-13T11:05:22","date_gmt":"2020-11-13T10:05:22","guid":{"rendered":"https:\/\/adixatex.com\/product\/detecao-e-extincao-de-faiscas\/"},"modified":"2021-11-19T08:08:50","modified_gmt":"2021-11-19T07:08:50","slug":"detecao-e-extincao-de-faiscas","status":"publish","type":"product","link":"https:\/\/www2.adixatex.com\/pt-pt\/produto\/detecao-e-extincao-de-faiscas\/","title":{"rendered":"Dete\u00e7\u00e3o e Extin\u00e7\u00e3o de Fa\u00edscas"},"content":{"rendered":"<div id=\"shortcode_container_tabs\" class=\"shortcode_container_tabs\"><div id=\"container_tabs_title\" class=\"container_tabs_title\"><\/div>\n<p class=\"container_tabs_title_mobile\">Dados T\u00e9cnicos<\/p><div class=\"container_tabs_content\">\n<div id=\"content_table\" class=\"content_table\">\n<table>\n<tbody>\n<tr>\n<td style=\"text-align: left;\">Contador de fa\u00edscas<\/td>\n<td style=\"text-align: left;\">patamares ajust\u00e1veis de 1 a 999 fa\u00edscas por unidade de tempo<\/td>\n<\/tr>\n<tr>\n<td style=\"text-align: left;\">Mem\u00f3ria de registo<\/td>\n<td style=\"text-align: left;\">at\u00e9 2500 eventos<\/td>\n<\/tr>\n<tr>\n<td style=\"text-align: left;\">Liga\u00e7\u00e3o<\/td>\n<td style=\"text-align: left;\">at\u00e9 4 detetores de fa\u00edsca por linha<\/td>\n<\/tr>\n<tr>\n<td style=\"text-align: left;\">Autonomia da bateria<\/td>\n<td style=\"text-align: left;\">4 horas<\/td>\n<\/tr>\n<tr>\n<td style=\"text-align: left;\">Avalia\u00e7\u00e3o e visualiza\u00e7\u00e3o individual de cada detetor de fa\u00edscas<\/td>\n<td style=\"text-align: left;\"><\/td>\n<\/tr>\n<tr>\n<td style=\"text-align: left;\">Sa\u00eddas de rel\u00e9 program\u00e1veis<\/td>\n<td><\/td>\n<\/tr>\n<tr>\n<td style=\"text-align: left;\">Marca\u00e7\u00e3o<\/td>\n<td style=\"text-align: left;\">Dispon\u00edvel com marca\u00e7\u00e3o ATEX<\/td>\n<\/tr>\n<tr>\n<td style=\"text-align: left;\">Certificado ATEX<\/td>\n<td style=\"text-align: left;\"><\/td>\n<\/tr>\n<\/tbody>\n<\/table>\n<\/div>\n<div id=\"content_table\" class=\"content_table\"><\/div>\n<\/div>\n<p class=\"container_tabs_title_mobile\">Accesorios<\/p><div class=\"container_tabs_content\">\n<p>Sistema de Elevaci\u00f3n de Presi\u00f3n<\/p>\n<p>Unidad de auto-limpieza<\/p>\n<\/div>\n<p class=\"container_tabs_title_mobile\">Descargas<\/p><div class=\"container_tabs_content\">\n<p><a href=\"https:\/\/adixatex.com\/wp-content\/uploads\/2020\/11\/TyB_Spark-extinguishing-systems.pdf\">Ficha t\u00e9cnica (PDF)<\/a><\/p>\n<\/div>\n<\/div>\n","protected":false},"excerpt":{"rendered":"<p>O sistema de Dete\u00e7\u00e3o e Extin\u00e7\u00e3o de Fa\u00edscas da marca alem\u00e3 T&amp;BB Electronic monitoriza poss\u00edveis fa\u00edscas por meio de detetores \u00f3ticos e informa um painel de controlo que protege os equipamentos e canaliza\u00e7\u00f5es de instala\u00e7\u00f5es industriais por meio da ativa\u00e7\u00e3o de sistemas especiais de extin\u00e7\u00e3o por \u00e1gua, causando r\u00e1pido arrefecimento das part\u00edculas.<\/p>\n","protected":false},"featured_media":13018,"comment_status":"open","ping_status":"closed","template":"","meta":[],"product_brand":[],"product_cat":[112],"product_tag":[],"class_list":{"0":"post-947","1":"product","2":"type-product","3":"status-publish","4":"has-post-thumbnail","6":"product_cat-prevencao-de-explosoes","8":"first","9":"instock","10":"shipping-taxable","11":"product-type-simple"},"yoast_head":"<!-- This site is optimized with the Yoast SEO plugin v24.4 - https:\/\/yoast.com\/wordpress\/plugins\/seo\/ -->\n<title>Dete\u00e7\u00e3o e Extin\u00e7\u00e3o de Fa\u00edscas - Adixatex<\/title>\n<meta name=\"robots\" content=\"noindex, follow, max-snippet:-1, max-image-preview:large, max-video-preview:-1\" \/>\n<meta property=\"og:locale\" content=\"pt_PT\" \/>\n<meta property=\"og:type\" content=\"article\" \/>\n<meta property=\"og:title\" content=\"Dete\u00e7\u00e3o e Extin\u00e7\u00e3o de Fa\u00edscas - Adixatex\" \/>\n<meta property=\"og:description\" content=\"O sistema de Dete\u00e7\u00e3o e Extin\u00e7\u00e3o de Fa\u00edscas da marca alem\u00e3 T&amp;BB Electronic monitoriza poss\u00edveis fa\u00edscas por meio de detetores \u00f3ticos e informa um painel de controlo que protege os equipamentos e canaliza\u00e7\u00f5es de instala\u00e7\u00f5es industriais por meio da ativa\u00e7\u00e3o de sistemas especiais de extin\u00e7\u00e3o por \u00e1gua, causando r\u00e1pido arrefecimento das part\u00edculas.\" \/>\n<meta property=\"og:url\" content=\"https:\/\/www2.adixatex.com\/pt-pt\/produto\/detecao-e-extincao-de-faiscas\/\" \/>\n<meta property=\"og:site_name\" content=\"Adixatex\" \/>\n<meta property=\"article:modified_time\" content=\"2021-11-19T07:08:50+00:00\" \/>\n<meta property=\"og:image\" content=\"https:\/\/www2.adixatex.com\/wp-content\/uploads\/2020\/10\/Instalacion-Deteccion-chispas-2.png\" \/>\n\t<meta property=\"og:image:width\" content=\"1200\" \/>\n\t<meta property=\"og:image:height\" content=\"847\" \/>\n\t<meta property=\"og:image:type\" content=\"image\/png\" \/>\n<meta name=\"twitter:card\" content=\"summary_large_image\" \/>\n<meta name=\"twitter:site\" content=\"@adixprotection\" \/>\n<meta name=\"twitter:label1\" content=\"Tempo estimado de leitura\" \/>\n\t<meta name=\"twitter:data1\" content=\"1 minuto\" \/>\n<script type=\"application\/ld+json\" class=\"yoast-schema-graph\">{\"@context\":\"https:\/\/schema.org\",\"@graph\":[{\"@type\":\"WebPage\",\"@id\":\"https:\/\/www2.adixatex.com\/pt-pt\/produto\/detecao-e-extincao-de-faiscas\/\",\"url\":\"https:\/\/www2.adixatex.com\/pt-pt\/produto\/detecao-e-extincao-de-faiscas\/\",\"name\":\"Dete\u00e7\u00e3o e Extin\u00e7\u00e3o de Fa\u00edscas - Adixatex\",\"isPartOf\":{\"@id\":\"https:\/\/www2.adixatex.com\/#website\"},\"primaryImageOfPage\":{\"@id\":\"https:\/\/www2.adixatex.com\/pt-pt\/produto\/detecao-e-extincao-de-faiscas\/#primaryimage\"},\"image\":{\"@id\":\"https:\/\/www2.adixatex.com\/pt-pt\/produto\/detecao-e-extincao-de-faiscas\/#primaryimage\"},\"thumbnailUrl\":\"https:\/\/www2.adixatex.com\/wp-content\/uploads\/2020\/10\/Instalacion-Deteccion-chispas-2.png\",\"datePublished\":\"2020-11-13T10:05:22+00:00\",\"dateModified\":\"2021-11-19T07:08:50+00:00\",\"breadcrumb\":{\"@id\":\"https:\/\/www2.adixatex.com\/pt-pt\/produto\/detecao-e-extincao-de-faiscas\/#breadcrumb\"},\"inLanguage\":\"pt-PT\",\"potentialAction\":[{\"@type\":\"ReadAction\",\"target\":[\"https:\/\/www2.adixatex.com\/pt-pt\/produto\/detecao-e-extincao-de-faiscas\/\"]}]},{\"@type\":\"ImageObject\",\"inLanguage\":\"pt-PT\",\"@id\":\"https:\/\/www2.adixatex.com\/pt-pt\/produto\/detecao-e-extincao-de-faiscas\/#primaryimage\",\"url\":\"https:\/\/www2.adixatex.com\/wp-content\/uploads\/2020\/10\/Instalacion-Deteccion-chispas-2.png\",\"contentUrl\":\"https:\/\/www2.adixatex.com\/wp-content\/uploads\/2020\/10\/Instalacion-Deteccion-chispas-2.png\",\"width\":1200,\"height\":847,\"caption\":\"Instalaci\u00f3n Deteccion chispas\"},{\"@type\":\"BreadcrumbList\",\"@id\":\"https:\/\/www2.adixatex.com\/pt-pt\/produto\/detecao-e-extincao-de-faiscas\/#breadcrumb\",\"itemListElement\":[{\"@type\":\"ListItem\",\"position\":1,\"name\":\"In\u00edcio\",\"item\":\"https:\/\/www2.adixatex.com\/\"},{\"@type\":\"ListItem\",\"position\":2,\"name\":\"Loja\",\"item\":\"https:\/\/www2.adixatex.com\/productos\/\"},{\"@type\":\"ListItem\",\"position\":3,\"name\":\"Dete\u00e7\u00e3o e Extin\u00e7\u00e3o de Fa\u00edscas\"}]},{\"@type\":\"WebSite\",\"@id\":\"https:\/\/www2.adixatex.com\/#website\",\"url\":\"https:\/\/www2.adixatex.com\/\",\"name\":\"Adixatex\",\"description\":\"Prevenci\u00f3n y protecci\u00f3n de atm\u00f3sferas explosivas\",\"inLanguage\":\"pt-PT\"}]}<\/script>\n<!-- \/ Yoast SEO plugin. -->","yoast_head_json":{"title":"Dete\u00e7\u00e3o e Extin\u00e7\u00e3o de Fa\u00edscas - Adixatex","robots":{"index":"noindex","follow":"follow","max-snippet":"max-snippet:-1","max-image-preview":"max-image-preview:large","max-video-preview":"max-video-preview:-1"},"og_locale":"pt_PT","og_type":"article","og_title":"Dete\u00e7\u00e3o e Extin\u00e7\u00e3o de Fa\u00edscas - Adixatex","og_description":"O sistema de Dete\u00e7\u00e3o e Extin\u00e7\u00e3o de Fa\u00edscas da marca alem\u00e3 T&amp;BB Electronic monitoriza poss\u00edveis fa\u00edscas por meio de detetores \u00f3ticos e informa um painel de controlo que protege os equipamentos e canaliza\u00e7\u00f5es de instala\u00e7\u00f5es industriais por meio da ativa\u00e7\u00e3o de sistemas especiais de extin\u00e7\u00e3o por \u00e1gua, causando r\u00e1pido arrefecimento das part\u00edculas.","og_url":"https:\/\/www2.adixatex.com\/pt-pt\/produto\/detecao-e-extincao-de-faiscas\/","og_site_name":"Adixatex","article_modified_time":"2021-11-19T07:08:50+00:00","og_image":[{"width":1200,"height":847,"url":"https:\/\/www2.adixatex.com\/wp-content\/uploads\/2020\/10\/Instalacion-Deteccion-chispas-2.png","type":"image\/png"}],"twitter_card":"summary_large_image","twitter_site":"@adixprotection","twitter_misc":{"Tempo estimado de leitura":"1 minuto"},"schema":{"@context":"https:\/\/schema.org","@graph":[{"@type":"WebPage","@id":"https:\/\/www2.adixatex.com\/pt-pt\/produto\/detecao-e-extincao-de-faiscas\/","url":"https:\/\/www2.adixatex.com\/pt-pt\/produto\/detecao-e-extincao-de-faiscas\/","name":"Dete\u00e7\u00e3o e Extin\u00e7\u00e3o de Fa\u00edscas - Adixatex","isPartOf":{"@id":"https:\/\/www2.adixatex.com\/#website"},"primaryImageOfPage":{"@id":"https:\/\/www2.adixatex.com\/pt-pt\/produto\/detecao-e-extincao-de-faiscas\/#primaryimage"},"image":{"@id":"https:\/\/www2.adixatex.com\/pt-pt\/produto\/detecao-e-extincao-de-faiscas\/#primaryimage"},"thumbnailUrl":"https:\/\/www2.adixatex.com\/wp-content\/uploads\/2020\/10\/Instalacion-Deteccion-chispas-2.png","datePublished":"2020-11-13T10:05:22+00:00","dateModified":"2021-11-19T07:08:50+00:00","breadcrumb":{"@id":"https:\/\/www2.adixatex.com\/pt-pt\/produto\/detecao-e-extincao-de-faiscas\/#breadcrumb"},"inLanguage":"pt-PT","potentialAction":[{"@type":"ReadAction","target":["https:\/\/www2.adixatex.com\/pt-pt\/produto\/detecao-e-extincao-de-faiscas\/"]}]},{"@type":"ImageObject","inLanguage":"pt-PT","@id":"https:\/\/www2.adixatex.com\/pt-pt\/produto\/detecao-e-extincao-de-faiscas\/#primaryimage","url":"https:\/\/www2.adixatex.com\/wp-content\/uploads\/2020\/10\/Instalacion-Deteccion-chispas-2.png","contentUrl":"https:\/\/www2.adixatex.com\/wp-content\/uploads\/2020\/10\/Instalacion-Deteccion-chispas-2.png","width":1200,"height":847,"caption":"Instalaci\u00f3n Deteccion chispas"},{"@type":"BreadcrumbList","@id":"https:\/\/www2.adixatex.com\/pt-pt\/produto\/detecao-e-extincao-de-faiscas\/#breadcrumb","itemListElement":[{"@type":"ListItem","position":1,"name":"In\u00edcio","item":"https:\/\/www2.adixatex.com\/"},{"@type":"ListItem","position":2,"name":"Loja","item":"https:\/\/www2.adixatex.com\/productos\/"},{"@type":"ListItem","position":3,"name":"Dete\u00e7\u00e3o e Extin\u00e7\u00e3o de Fa\u00edscas"}]},{"@type":"WebSite","@id":"https:\/\/www2.adixatex.com\/#website","url":"https:\/\/www2.adixatex.com\/","name":"Adixatex","description":"Prevenci\u00f3n y protecci\u00f3n de atm\u00f3sferas explosivas","inLanguage":"pt-PT"}]}},"_links":{"self":[{"href":"https:\/\/www2.adixatex.com\/pt-pt\/wp-json\/wp\/v2\/product\/947","targetHints":{"allow":["GET"]}}],"collection":[{"href":"https:\/\/www2.adixatex.com\/pt-pt\/wp-json\/wp\/v2\/product"}],"about":[{"href":"https:\/\/www2.adixatex.com\/pt-pt\/wp-json\/wp\/v2\/types\/product"}],"replies":[{"embeddable":true,"href":"https:\/\/www2.adixatex.com\/pt-pt\/wp-json\/wp\/v2\/comments?post=947"}],"version-history":[{"count":0,"href":"https:\/\/www2.adixatex.com\/pt-pt\/wp-json\/wp\/v2\/product\/947\/revisions"}],"wp:featuredmedia":[{"embeddable":true,"href":"https:\/\/www2.adixatex.com\/pt-pt\/wp-json\/wp\/v2\/media\/13018"}],"wp:attachment":[{"href":"https:\/\/www2.adixatex.com\/pt-pt\/wp-json\/wp\/v2\/media?parent=947"}],"wp:term":[{"taxonomy":"product_brand","embeddable":true,"href":"https:\/\/www2.adixatex.com\/pt-pt\/wp-json\/wp\/v2\/product_brand?post=947"},{"taxonomy":"product_cat","embeddable":true,"href":"https:\/\/www2.adixatex.com\/pt-pt\/wp-json\/wp\/v2\/product_cat?post=947"},{"taxonomy":"product_tag","embeddable":true,"href":"https:\/\/www2.adixatex.com\/pt-pt\/wp-json\/wp\/v2\/product_tag?post=947"}],"curies":[{"name":"wp","href":"https:\/\/api.w.org\/{rel}","templated":true}]}}