{"id":1040,"date":"2020-11-12T14:51:29","date_gmt":"2020-11-12T13:51:29","guid":{"rendered":"https:\/\/adixatex.com\/product\/alevsiz-havalandirma\/"},"modified":"2021-11-19T07:30:47","modified_gmt":"2021-11-19T06:30:47","slug":"alevsiz-havalandirma","status":"publish","type":"product","link":"https:\/\/www2.adixatex.com\/tr\/urun\/alevsiz-havalandirma\/","title":{"rendered":"Alevsiz Havaland\u0131rma"},"content":{"rendered":"<div id=\"shortcode_container_tabs\" class=\"shortcode_container_tabs\"><div id=\"container_tabs_title\" class=\"container_tabs_title\"><\/div>\n<p class=\"container_tabs_title_mobile\">Teknik Veri<\/p><div class=\"container_tabs_content\">\n<div id=\"content_table\" class=\"content_table\">\n<div id=\"content_table\" class=\"content_table\">\n<table style=\"width: 671.878px;\">\n<tbody>\n<tr>\n<td style=\"text-align: left; width: 332px;\">Boyutlar<\/td>\n<td style=\"text-align: left; width: 327.878px;\">200 ila 1000 mm<\/td>\n<\/tr>\n<tr>\n<td style=\"text-align: left; width: 332px;\">Malzeme<\/td>\n<td style=\"text-align: left; width: 327.878px;\">Karbon \u00e7elik<\/td>\n<\/tr>\n<tr>\n<td style=\"text-align: left; width: 332px;\">Pmax<\/td>\n<td style=\"text-align: left; width: 327.878px;\">10 bar<\/td>\n<\/tr>\n<tr>\n<td style=\"text-align: left; width: 332px;\">Maks. Pred kabul edilebilir<\/td>\n<td style=\"text-align: left; width: 327.878px;\">0,5 bar<\/td>\n<\/tr>\n<tr>\n<td style=\"text-align: left; width: 332px;\">G\u00fcvenlik mesafesi<\/td>\n<td style=\"text-align: left; width: 327.878px;\">1,5-4 m<\/td>\n<\/tr>\n<tr>\n<td style=\"text-align: left; width: 332px;\">\u00dcr\u00fcn<\/td>\n<td style=\"text-align: left; width: 327.878px;\">KSt maks. &lt;250<\/td>\n<\/tr>\n<tr>\n<td style=\"text-align: left; width: 332px;\">\u0130\u015faretleme<\/td>\n<td style=\"text-align: left; width: 327.878px;\">Ex D<\/td>\n<\/tr>\n<tr>\n<td style=\"text-align: left; width: 332px;\">Sertifika<\/td>\n<td style=\"text-align: left; width: 327.878px;\">EN 16009:2011&#8217;e g\u00f6re<\/td>\n<\/tr>\n<\/tbody>\n<\/table>\n<\/div>\n<\/div>\n<\/div>\n<p class=\"container_tabs_title_mobile\">Boyutlar<\/p><div class=\"container_tabs_content\">\n<div id=\"content_table\" class=\"content_table\">\n<p><img fetchpriority=\"high\" decoding=\"async\" class=\"alignnone size-medium wp-image-987\" src=\"https:\/\/adixatex.com\/wp-content\/uploads\/2020\/11\/Cotas_FC_Perfil-268x300.jpg\" alt=\"Cotas FC Perfil\" width=\"268\" height=\"300\" srcset=\"https:\/\/www2.adixatex.com\/wp-content\/uploads\/2020\/11\/Cotas_FC_Perfil-268x300.jpg 268w, https:\/\/www2.adixatex.com\/wp-content\/uploads\/2020\/11\/Cotas_FC_Perfil.jpg 474w\" sizes=\"(max-width: 268px) 100vw, 268px\" \/><img decoding=\"async\" class=\"alignnone size-medium wp-image-979\" src=\"https:\/\/adixatex.com\/wp-content\/uploads\/2020\/11\/Cotas_FC_Alzado-300x224.jpg\" alt=\"Cotas FC Alzado\" width=\"300\" height=\"224\" srcset=\"https:\/\/www2.adixatex.com\/wp-content\/uploads\/2020\/11\/Cotas_FC_Alzado-300x224.jpg 300w, https:\/\/www2.adixatex.com\/wp-content\/uploads\/2020\/11\/Cotas_FC_Alzado-600x448.jpg 600w, https:\/\/www2.adixatex.com\/wp-content\/uploads\/2020\/11\/Cotas_FC_Alzado.jpg 713w\" sizes=\"(max-width: 300px) 100vw, 300px\" \/><\/p>\n<table>\n<thead id=\"content_table_head\">\n<tr>\n<th class=\"content_table_column\"><strong>Referans<\/strong><\/th>\n<th class=\"content_table_column\">\u00c7ap<\/th>\n<th class=\"content_table_column\"><strong>V<sub>1FC, max.<\/sub> tested <\/strong><\/th>\n<th class=\"content_table_column\"><strong>Eff. AV<\/strong><\/th>\n<\/tr>\n<\/thead>\n<tbody>\n<tr>\n<td style=\"text-align: center;\">FC350x200<\/td>\n<td style=\"text-align: center;\">350x 244\u00d7280<\/td>\n<td style=\"text-align: center;\">\u00a01<\/td>\n<td style=\"text-align: center;\">0,025<\/td>\n<\/tr>\n<tr>\n<td style=\"text-align: center;\">FC537x385<\/td>\n<td style=\"text-align: center;\">537x415x468<\/td>\n<td style=\"text-align: center;\">\u00a03<\/td>\n<td style=\"text-align: center;\">0,10<\/td>\n<\/tr>\n<tr>\n<td style=\"text-align: center;\">FC496x496<\/td>\n<td style=\"text-align: center;\">496x552x583<\/td>\n<td style=\"text-align: center;\">\u00a03<\/td>\n<td style=\"text-align: center;\">0,12<\/td>\n<\/tr>\n<tr>\n<td style=\"text-align: center;\">FC670x570<\/td>\n<td style=\"text-align: center;\">670x615x652<\/td>\n<td style=\"text-align: center;\">\u00a06<\/td>\n<td style=\"text-align: center;\">0,21<\/td>\n<\/tr>\n<tr>\n<td style=\"text-align: center;\">FC880x530<\/td>\n<td style=\"text-align: center;\">880x578x603<\/td>\n<td style=\"text-align: center;\">\u00a06<\/td>\n<td style=\"text-align: center;\">0,26<\/td>\n<\/tr>\n<tr>\n<td style=\"text-align: center;\">FC1000x666<\/td>\n<td style=\"text-align: center;\">1000x716x745<\/td>\n<td style=\"text-align: center;\">\u00a020<\/td>\n<td style=\"text-align: center;\">0,25<\/td>\n<\/tr>\n<tr>\n<td style=\"text-align: center;\">FC1000x1000<\/td>\n<td style=\"text-align: center;\">1000x1050x1083<\/td>\n<td style=\"text-align: center;\">\u00a020<\/td>\n<td style=\"text-align: center;\">0,47<\/td>\n<\/tr>\n<\/tbody>\n<\/table>\n<\/div>\n<p style=\"text-align: center;\">Di\u011fer boyutlar ve \/ veya \u00e7al\u0131\u015fma ko\u015fullar\u0131 i\u00e7in l\u00fctfen\u00a0<a href=\"https:\/\/adixatex.com\/tr\/bize-ulasin\/\">Adix ile irtibata ge\u00e7iniz.<\/a><\/p>\n<\/div>\n<p class=\"container_tabs_title_mobile\">Aksesuarlar<\/p><div class=\"container_tabs_content\">\n<p><h3 class=\"container_tabs_title_inside\">Emniyet Flan\u015f\u0131<\/h3><div class=\"container_tabs_content_inside\"><\/div><\/p>\n<table style=\"height: 308px;\" width=\"630\">\n<tbody>\n<tr>\n<th class=\"content_table_column\" style=\"width: 622.667px;\"><img decoding=\"async\" class=\"aligncenter size-medium wp-image-995\" src=\"https:\/\/adixatex.com\/wp-content\/uploads\/2020\/11\/PVACSE-300x187.jpg\" alt=\"PVACSE\" width=\"300\" height=\"187\" srcset=\"https:\/\/www2.adixatex.com\/wp-content\/uploads\/2020\/11\/PVACSE-300x187.jpg 300w, https:\/\/www2.adixatex.com\/wp-content\/uploads\/2020\/11\/PVACSE-750x467.jpg 750w, https:\/\/www2.adixatex.com\/wp-content\/uploads\/2020\/11\/PVACSE-768x479.jpg 768w, https:\/\/www2.adixatex.com\/wp-content\/uploads\/2020\/11\/PVACSE-600x374.jpg 600w, https:\/\/www2.adixatex.com\/wp-content\/uploads\/2020\/11\/PVACSE.jpg 1043w\" sizes=\"(max-width: 300px) 100vw, 300px\" \/><\/th>\n<\/tr>\n<tr>\n<td style=\"width: 622.667px;\"><strong>Kaynakl\u0131 (L) veya vidal\u0131 (U)<\/strong>\n<p>AISI 304 y AISI 316<\/p><\/td>\n<\/tr>\n<\/tbody>\n<\/table>\n<p>&nbsp;<\/p>\n<p><h3 class=\"container_tabs_title_inside\">A\u011f De\u011fi\u015ftirme Kiti<\/h3><div class=\"container_tabs_content_inside\"><\/div><\/p>\n<table style=\"width: 631px; height: 200px;\">\n<tbody>\n<tr>\n<td style=\"width: 496.457px; text-align: left;\"><img loading=\"lazy\" decoding=\"async\" class=\"aligncenter size-medium wp-image-1003\" src=\"https:\/\/adixatex.com\/wp-content\/uploads\/2020\/11\/pack-de-malla-300x197.png\" alt=\"\" width=\"300\" height=\"197\" srcset=\"https:\/\/www2.adixatex.com\/wp-content\/uploads\/2020\/11\/pack-de-malla-300x197.png 300w, https:\/\/www2.adixatex.com\/wp-content\/uploads\/2020\/11\/pack-de-malla-750x493.png 750w, https:\/\/www2.adixatex.com\/wp-content\/uploads\/2020\/11\/pack-de-malla-768x505.png 768w, https:\/\/www2.adixatex.com\/wp-content\/uploads\/2020\/11\/pack-de-malla-600x394.png 600w, https:\/\/www2.adixatex.com\/wp-content\/uploads\/2020\/11\/pack-de-malla.png 1141w\" sizes=\"(max-width: 300px) 100vw, 300px\" \/><\/td>\n<\/tr>\n<tr>\n<td style=\"width: 496.457px; text-align: left;\"><strong>A\u011f De\u011fi\u015ftirme Kiti<\/strong><\/td>\n<\/tr>\n<\/tbody>\n<\/table>\n<p>&nbsp;<\/p>\n<\/div>\n<p class=\"container_tabs_title_mobile\">Katalog<\/p><div class=\"container_tabs_content\">\n<p><a href=\"https:\/\/adixatex.com\/wp-content\/uploads\/2020\/11\/2814-Flamecatch.pdf\">Datenblatt (PDF)<\/a><\/p>\n<\/div>\n<\/div>\n","protected":false},"excerpt":{"rendered":"<p>Patlamaya kar\u015f\u0131 a\u015f\u0131r\u0131 bas\u0131n\u00e7 ve alev so\u011futman\u0131n serbest b\u0131rak\u0131lmas\u0131na dayanan ve binalar\u0131n i\u00e7ine yerle\u015ftirilen kapal\u0131 konteynerlerdeki patlaman\u0131n etkisini azaltan cihaz.<\/p>\n","protected":false},"featured_media":11838,"comment_status":"open","ping_status":"closed","template":"","meta":[],"product_brand":[],"product_cat":[91],"product_tag":[],"class_list":{"0":"post-1040","1":"product","2":"type-product","3":"status-publish","4":"has-post-thumbnail","6":"product_cat-patlama-koruma","8":"first","9":"instock","10":"shipping-taxable","11":"product-type-simple"},"yoast_head":"<!-- This site is optimized with the Yoast SEO plugin v24.4 - https:\/\/yoast.com\/wordpress\/plugins\/seo\/ -->\n<title>Alevsiz Havaland\u0131rma - Adixatex<\/title>\n<meta name=\"robots\" content=\"noindex, follow, max-snippet:-1, max-image-preview:large, max-video-preview:-1\" \/>\n<meta property=\"og:locale\" content=\"tr_TR\" \/>\n<meta property=\"og:type\" content=\"article\" \/>\n<meta property=\"og:title\" content=\"Alevsiz Havaland\u0131rma - Adixatex\" \/>\n<meta property=\"og:description\" content=\"Patlamaya kar\u015f\u0131 a\u015f\u0131r\u0131 bas\u0131n\u00e7 ve alev so\u011futman\u0131n serbest b\u0131rak\u0131lmas\u0131na dayanan ve binalar\u0131n i\u00e7ine yerle\u015ftirilen kapal\u0131 konteynerlerdeki patlaman\u0131n etkisini azaltan cihaz.\" \/>\n<meta property=\"og:url\" content=\"https:\/\/www2.adixatex.com\/tr\/urun\/alevsiz-havalandirma\/\" \/>\n<meta property=\"og:site_name\" content=\"Adixatex\" \/>\n<meta property=\"article:modified_time\" content=\"2021-11-19T06:30:47+00:00\" \/>\n<meta property=\"og:image\" content=\"https:\/\/www2.adixatex.com\/wp-content\/uploads\/2020\/11\/FC.jpg\" \/>\n\t<meta property=\"og:image:width\" content=\"1000\" \/>\n\t<meta property=\"og:image:height\" content=\"1000\" \/>\n\t<meta property=\"og:image:type\" content=\"image\/jpeg\" \/>\n<meta name=\"twitter:card\" content=\"summary_large_image\" \/>\n<meta name=\"twitter:site\" content=\"@adixprotection\" \/>\n<meta name=\"twitter:label1\" content=\"Tahmini okuma s\u00fcresi\" \/>\n\t<meta name=\"twitter:data1\" content=\"1 dakika\" \/>\n<script type=\"application\/ld+json\" class=\"yoast-schema-graph\">{\"@context\":\"https:\/\/schema.org\",\"@graph\":[{\"@type\":\"WebPage\",\"@id\":\"https:\/\/www2.adixatex.com\/tr\/urun\/alevsiz-havalandirma\/\",\"url\":\"https:\/\/www2.adixatex.com\/tr\/urun\/alevsiz-havalandirma\/\",\"name\":\"Alevsiz Havaland\u0131rma - Adixatex\",\"isPartOf\":{\"@id\":\"https:\/\/www2.adixatex.com\/#website\"},\"primaryImageOfPage\":{\"@id\":\"https:\/\/www2.adixatex.com\/tr\/urun\/alevsiz-havalandirma\/#primaryimage\"},\"image\":{\"@id\":\"https:\/\/www2.adixatex.com\/tr\/urun\/alevsiz-havalandirma\/#primaryimage\"},\"thumbnailUrl\":\"https:\/\/www2.adixatex.com\/wp-content\/uploads\/2020\/11\/FC.jpg\",\"datePublished\":\"2020-11-12T13:51:29+00:00\",\"dateModified\":\"2021-11-19T06:30:47+00:00\",\"breadcrumb\":{\"@id\":\"https:\/\/www2.adixatex.com\/tr\/urun\/alevsiz-havalandirma\/#breadcrumb\"},\"inLanguage\":\"tr\",\"potentialAction\":[{\"@type\":\"ReadAction\",\"target\":[\"https:\/\/www2.adixatex.com\/tr\/urun\/alevsiz-havalandirma\/\"]}]},{\"@type\":\"ImageObject\",\"inLanguage\":\"tr\",\"@id\":\"https:\/\/www2.adixatex.com\/tr\/urun\/alevsiz-havalandirma\/#primaryimage\",\"url\":\"https:\/\/www2.adixatex.com\/wp-content\/uploads\/2020\/11\/FC.jpg\",\"contentUrl\":\"https:\/\/www2.adixatex.com\/wp-content\/uploads\/2020\/11\/FC.jpg\",\"width\":1000,\"height\":1000},{\"@type\":\"BreadcrumbList\",\"@id\":\"https:\/\/www2.adixatex.com\/tr\/urun\/alevsiz-havalandirma\/#breadcrumb\",\"itemListElement\":[{\"@type\":\"ListItem\",\"position\":1,\"name\":\"Anasayfa\",\"item\":\"https:\/\/www2.adixatex.com\/\"},{\"@type\":\"ListItem\",\"position\":2,\"name\":\"\u00dcr\u00fcnlerimiz\",\"item\":\"https:\/\/www2.adixatex.com\/productos\/\"},{\"@type\":\"ListItem\",\"position\":3,\"name\":\"Alevsiz Havaland\u0131rma\"}]},{\"@type\":\"WebSite\",\"@id\":\"https:\/\/www2.adixatex.com\/#website\",\"url\":\"https:\/\/www2.adixatex.com\/\",\"name\":\"Adixatex\",\"description\":\"Prevenci\u00f3n y protecci\u00f3n de atm\u00f3sferas explosivas\",\"inLanguage\":\"tr\"}]}<\/script>\n<!-- \/ Yoast SEO plugin. -->","yoast_head_json":{"title":"Alevsiz Havaland\u0131rma - Adixatex","robots":{"index":"noindex","follow":"follow","max-snippet":"max-snippet:-1","max-image-preview":"max-image-preview:large","max-video-preview":"max-video-preview:-1"},"og_locale":"tr_TR","og_type":"article","og_title":"Alevsiz Havaland\u0131rma - Adixatex","og_description":"Patlamaya kar\u015f\u0131 a\u015f\u0131r\u0131 bas\u0131n\u00e7 ve alev so\u011futman\u0131n serbest b\u0131rak\u0131lmas\u0131na dayanan ve binalar\u0131n i\u00e7ine yerle\u015ftirilen kapal\u0131 konteynerlerdeki patlaman\u0131n etkisini azaltan cihaz.","og_url":"https:\/\/www2.adixatex.com\/tr\/urun\/alevsiz-havalandirma\/","og_site_name":"Adixatex","article_modified_time":"2021-11-19T06:30:47+00:00","og_image":[{"width":1000,"height":1000,"url":"https:\/\/www2.adixatex.com\/wp-content\/uploads\/2020\/11\/FC.jpg","type":"image\/jpeg"}],"twitter_card":"summary_large_image","twitter_site":"@adixprotection","twitter_misc":{"Tahmini okuma s\u00fcresi":"1 dakika"},"schema":{"@context":"https:\/\/schema.org","@graph":[{"@type":"WebPage","@id":"https:\/\/www2.adixatex.com\/tr\/urun\/alevsiz-havalandirma\/","url":"https:\/\/www2.adixatex.com\/tr\/urun\/alevsiz-havalandirma\/","name":"Alevsiz Havaland\u0131rma - Adixatex","isPartOf":{"@id":"https:\/\/www2.adixatex.com\/#website"},"primaryImageOfPage":{"@id":"https:\/\/www2.adixatex.com\/tr\/urun\/alevsiz-havalandirma\/#primaryimage"},"image":{"@id":"https:\/\/www2.adixatex.com\/tr\/urun\/alevsiz-havalandirma\/#primaryimage"},"thumbnailUrl":"https:\/\/www2.adixatex.com\/wp-content\/uploads\/2020\/11\/FC.jpg","datePublished":"2020-11-12T13:51:29+00:00","dateModified":"2021-11-19T06:30:47+00:00","breadcrumb":{"@id":"https:\/\/www2.adixatex.com\/tr\/urun\/alevsiz-havalandirma\/#breadcrumb"},"inLanguage":"tr","potentialAction":[{"@type":"ReadAction","target":["https:\/\/www2.adixatex.com\/tr\/urun\/alevsiz-havalandirma\/"]}]},{"@type":"ImageObject","inLanguage":"tr","@id":"https:\/\/www2.adixatex.com\/tr\/urun\/alevsiz-havalandirma\/#primaryimage","url":"https:\/\/www2.adixatex.com\/wp-content\/uploads\/2020\/11\/FC.jpg","contentUrl":"https:\/\/www2.adixatex.com\/wp-content\/uploads\/2020\/11\/FC.jpg","width":1000,"height":1000},{"@type":"BreadcrumbList","@id":"https:\/\/www2.adixatex.com\/tr\/urun\/alevsiz-havalandirma\/#breadcrumb","itemListElement":[{"@type":"ListItem","position":1,"name":"Anasayfa","item":"https:\/\/www2.adixatex.com\/"},{"@type":"ListItem","position":2,"name":"\u00dcr\u00fcnlerimiz","item":"https:\/\/www2.adixatex.com\/productos\/"},{"@type":"ListItem","position":3,"name":"Alevsiz Havaland\u0131rma"}]},{"@type":"WebSite","@id":"https:\/\/www2.adixatex.com\/#website","url":"https:\/\/www2.adixatex.com\/","name":"Adixatex","description":"Prevenci\u00f3n y protecci\u00f3n de atm\u00f3sferas explosivas","inLanguage":"tr"}]}},"_links":{"self":[{"href":"https:\/\/www2.adixatex.com\/tr\/wp-json\/wp\/v2\/product\/1040","targetHints":{"allow":["GET"]}}],"collection":[{"href":"https:\/\/www2.adixatex.com\/tr\/wp-json\/wp\/v2\/product"}],"about":[{"href":"https:\/\/www2.adixatex.com\/tr\/wp-json\/wp\/v2\/types\/product"}],"replies":[{"embeddable":true,"href":"https:\/\/www2.adixatex.com\/tr\/wp-json\/wp\/v2\/comments?post=1040"}],"version-history":[{"count":1,"href":"https:\/\/www2.adixatex.com\/tr\/wp-json\/wp\/v2\/product\/1040\/revisions"}],"predecessor-version":[{"id":1041,"href":"https:\/\/www2.adixatex.com\/tr\/wp-json\/wp\/v2\/product\/1040\/revisions\/1041"}],"wp:featuredmedia":[{"embeddable":true,"href":"https:\/\/www2.adixatex.com\/tr\/wp-json\/wp\/v2\/media\/11838"}],"wp:attachment":[{"href":"https:\/\/www2.adixatex.com\/tr\/wp-json\/wp\/v2\/media?parent=1040"}],"wp:term":[{"taxonomy":"product_brand","embeddable":true,"href":"https:\/\/www2.adixatex.com\/tr\/wp-json\/wp\/v2\/product_brand?post=1040"},{"taxonomy":"product_cat","embeddable":true,"href":"https:\/\/www2.adixatex.com\/tr\/wp-json\/wp\/v2\/product_cat?post=1040"},{"taxonomy":"product_tag","embeddable":true,"href":"https:\/\/www2.adixatex.com\/tr\/wp-json\/wp\/v2\/product_tag?post=1040"}],"curies":[{"name":"wp","href":"https:\/\/api.w.org\/{rel}","templated":true}]}}