{"id":1205,"date":"2020-11-12T14:53:20","date_gmt":"2020-11-12T13:53:20","guid":{"rendered":"https:\/\/adixatex.com\/product\/kimyasal-bastirma-kimyasal-izolasyon\/"},"modified":"2021-11-19T07:54:38","modified_gmt":"2021-11-19T06:54:38","slug":"kimyasal-bastirma-kimyasal-izolasyon","status":"publish","type":"product","link":"https:\/\/www2.adixatex.com\/tr\/urun\/kimyasal-bastirma-kimyasal-izolasyon\/","title":{"rendered":"Kimyasal Bast\u0131rma \/ Kimyasal \u0130zolasyon"},"content":{"rendered":"<div id=\"shortcode_container_tabs\" class=\"shortcode_container_tabs\"><div id=\"container_tabs_title\" class=\"container_tabs_title\"><\/div>\n<p class=\"container_tabs_title_mobile\">Teknik Veri<\/p><div class=\"container_tabs_content\">\n<div id=\"content_table\" class=\"content_table\">\n<div id=\"content_table\" class=\"content_table\">\n<table style=\"width: 668px;\">\n<tbody>\n<tr>\n<td style=\"text-align: left; width: 323.224px;\">Etkin Madde Tipi<\/td>\n<td style=\"text-align: left; width: 332.776px;\">sodyum bikarbonat<\/td>\n<\/tr>\n<tr>\n<td style=\"width: 323.224px; text-align: left;\">\u00dcr\u00fcn<\/td>\n<td style=\"text-align: left; width: 332.776px;\">KSt\u2264250 bar-m\/s&#8217;ye kadar toz<\/td>\n<\/tr>\n<tr>\n<td style=\"text-align: left; width: 323.224px;\">\u0130\u015faretleme<\/td>\n<td style=\"text-align: left; width: 332.776px;\">Ex D<\/td>\n<\/tr>\n<tr>\n<td style=\"text-align: left; width: 323.224px;\">Sertifika<\/td>\n<td style=\"text-align: left; width: 332.776px;\">EN 14373:2005&#8217;e g\u00f6re<\/td>\n<\/tr>\n<\/tbody>\n<\/table>\n<\/div>\n<\/div>\n<\/div>\n<p class=\"container_tabs_title_mobile\">Aksesuarlar<\/p><div class=\"container_tabs_content\">\n<h3>Ba\u011flant\u0131 Aksesuarlar\u0131<\/h3>\n<table style=\"width: 668px;\">\n<tbody>\n<tr>\n<th class=\"content_table_column\" style=\"width: 323.224px;\"><img fetchpriority=\"high\" decoding=\"async\" class=\"aligncenter size-medium wp-image-1162\" src=\"https:\/\/adixatex.com\/wp-content\/uploads\/2020\/11\/codo-botella-195x300.png\" alt=\"Codo botella\" width=\"195\" height=\"300\" srcset=\"https:\/\/www2.adixatex.com\/wp-content\/uploads\/2020\/11\/codo-botella-195x300.png 195w, https:\/\/www2.adixatex.com\/wp-content\/uploads\/2020\/11\/codo-botella-487x750.png 487w, https:\/\/www2.adixatex.com\/wp-content\/uploads\/2020\/11\/codo-botella.png 496w\" sizes=\"(max-width: 195px) 100vw, 195px\" \/><\/th>\n<\/tr>\n<tr>\n<td style=\"text-align: left; width: 323.224px;\"><strong>Dirsek kavrama sistemi<\/strong>\n<p>&nbsp;<\/p><\/td>\n<\/tr>\n<tr>\n<td style=\"width: 323.224px; text-align: left;\"><img decoding=\"async\" class=\"aligncenter size-medium wp-image-1170\" src=\"https:\/\/adixatex.com\/wp-content\/uploads\/2020\/11\/Manguitos-Mangueras-flexibles-botella-282x300.png\" alt=\"Manguitos Mangueras flexibles botella\" width=\"282\" height=\"300\" srcset=\"https:\/\/www2.adixatex.com\/wp-content\/uploads\/2020\/11\/Manguitos-Mangueras-flexibles-botella-282x300.png 282w, https:\/\/www2.adixatex.com\/wp-content\/uploads\/2020\/11\/Manguitos-Mangueras-flexibles-botella-600x638.png 600w, https:\/\/www2.adixatex.com\/wp-content\/uploads\/2020\/11\/Manguitos-Mangueras-flexibles-botella.png 671w\" sizes=\"(max-width: 282px) 100vw, 282px\" \/><\/td>\n<\/tr>\n<tr>\n<td style=\"text-align: left; width: 323.224px;\"><strong>Esnek hortumlar<\/strong>\n<p>&nbsp;<\/p><\/td>\n<\/tr>\n<\/tbody>\n<\/table>\n<h3>\u015ei\u015fe Deste\u011fi<\/h3>\n<table style=\"width: 668px;\">\n<tbody>\n<tr>\n<th class=\"content_table_column\" style=\"width: 323.224px;\"><img decoding=\"async\" class=\"aligncenter size-medium wp-image-1178\" src=\"https:\/\/adixatex.com\/wp-content\/uploads\/2020\/11\/picturemessage_lbvxnwxg.lbw_-100x300.png\" alt=\"Soporte botella\" width=\"100\" height=\"300\" srcset=\"https:\/\/www2.adixatex.com\/wp-content\/uploads\/2020\/11\/picturemessage_lbvxnwxg.lbw_-100x300.png 100w, https:\/\/www2.adixatex.com\/wp-content\/uploads\/2020\/11\/picturemessage_lbvxnwxg.lbw_.png 157w\" sizes=\"(max-width: 100px) 100vw, 100px\" \/><\/th>\n<\/tr>\n<tr>\n<td style=\"text-align: left; width: 323.224px;\"><strong>\u015ei\u015fe Deste\u011fi<\/strong>\n<p>Malzeme S275JR<\/p><\/td>\n<\/tr>\n<\/tbody>\n<\/table>\n<\/div>\n<p class=\"container_tabs_title_mobile\">Katalog<\/p><div class=\"container_tabs_content\">\n<p><a href=\"https:\/\/adixatex.com\/wp-content\/uploads\/2020\/11\/1905-Supresion.pdf\">Datenblatt (PDF)<\/a><\/p>\n<\/div>\n<\/div>\n","protected":false},"excerpt":{"rendered":"<p>Bas\u0131n\u00e7 veya k\u0131z\u0131l\u00f6tesi radyasyonun s\u00fcrekli izlenmesine dayanan kimyasal bir patlama \u00f6nleme sistemidir. B\u00f6ylece bir patlama durumunda, onlara dayanacak \u015fekilde tasarlanmam\u0131\u015f ekipman veya end\u00fcstriyel tanklar\u0131n i\u00e7 k\u0131s\u0131mlar\u0131ndaki yan\u0131c\u0131 toz patlamalar\u0131ndan y\u00fcksek bas\u0131n\u00e7lar\u0131n geli\u015fmesini \u00f6nleyerek, detekt\u00f6r kimyasal bir bast\u0131rma maddesinin enjeksiyonunu aktive eder.<\/p>\n","protected":false},"featured_media":11820,"comment_status":"open","ping_status":"closed","template":"","meta":[],"product_brand":[],"product_cat":[91],"product_tag":[],"class_list":{"0":"post-1205","1":"product","2":"type-product","3":"status-publish","4":"has-post-thumbnail","6":"product_cat-patlama-koruma","8":"first","9":"instock","10":"shipping-taxable","11":"purchasable","12":"product-type-simple"},"yoast_head":"<!-- This site is optimized with the Yoast SEO plugin v24.4 - https:\/\/yoast.com\/wordpress\/plugins\/seo\/ -->\n<title>Kimyasal Bast\u0131rma \/ Kimyasal \u0130zolasyon - Adixatex<\/title>\n<meta name=\"robots\" content=\"noindex, follow, max-snippet:-1, max-image-preview:large, max-video-preview:-1\" \/>\n<meta property=\"og:locale\" content=\"tr_TR\" \/>\n<meta property=\"og:type\" content=\"article\" \/>\n<meta property=\"og:title\" content=\"Kimyasal Bast\u0131rma \/ Kimyasal \u0130zolasyon - Adixatex\" \/>\n<meta property=\"og:description\" content=\"Bas\u0131n\u00e7 veya k\u0131z\u0131l\u00f6tesi radyasyonun s\u00fcrekli izlenmesine dayanan kimyasal bir patlama \u00f6nleme sistemidir. B\u00f6ylece bir patlama durumunda, onlara dayanacak \u015fekilde tasarlanmam\u0131\u015f ekipman veya end\u00fcstriyel tanklar\u0131n i\u00e7 k\u0131s\u0131mlar\u0131ndaki yan\u0131c\u0131 toz patlamalar\u0131ndan y\u00fcksek bas\u0131n\u00e7lar\u0131n geli\u015fmesini \u00f6nleyerek, detekt\u00f6r kimyasal bir bast\u0131rma maddesinin enjeksiyonunu aktive eder.\" \/>\n<meta property=\"og:url\" content=\"https:\/\/www2.adixatex.com\/urun\/supresion-aislamiento-quimico\/\" \/>\n<meta property=\"og:site_name\" content=\"Adixatex\" \/>\n<meta property=\"article:modified_time\" content=\"2021-11-19T06:54:38+00:00\" \/>\n<meta property=\"og:image\" content=\"https:\/\/www2.adixatex.com\/wp-content\/uploads\/2020\/11\/Botella.jpg\" \/>\n\t<meta property=\"og:image:width\" content=\"1000\" \/>\n\t<meta property=\"og:image:height\" content=\"1000\" \/>\n\t<meta property=\"og:image:type\" content=\"image\/jpeg\" \/>\n<meta name=\"twitter:card\" content=\"summary_large_image\" \/>\n<meta name=\"twitter:site\" content=\"@adixprotection\" \/>\n<script type=\"application\/ld+json\" class=\"yoast-schema-graph\">{\"@context\":\"https:\/\/schema.org\",\"@graph\":[{\"@type\":\"WebPage\",\"@id\":\"https:\/\/www2.adixatex.com\/urun\/supresion-aislamiento-quimico\/\",\"url\":\"https:\/\/www2.adixatex.com\/urun\/supresion-aislamiento-quimico\/\",\"name\":\"Kimyasal Bast\u0131rma \/ Kimyasal \u0130zolasyon - Adixatex\",\"isPartOf\":{\"@id\":\"https:\/\/www2.adixatex.com\/#website\"},\"primaryImageOfPage\":{\"@id\":\"https:\/\/www2.adixatex.com\/urun\/supresion-aislamiento-quimico\/#primaryimage\"},\"image\":{\"@id\":\"https:\/\/www2.adixatex.com\/urun\/supresion-aislamiento-quimico\/#primaryimage\"},\"thumbnailUrl\":\"https:\/\/www2.adixatex.com\/wp-content\/uploads\/2020\/11\/Botella.jpg\",\"datePublished\":\"2020-11-12T13:53:20+00:00\",\"dateModified\":\"2021-11-19T06:54:38+00:00\",\"breadcrumb\":{\"@id\":\"https:\/\/www2.adixatex.com\/urun\/supresion-aislamiento-quimico\/#breadcrumb\"},\"inLanguage\":\"tr\",\"potentialAction\":[{\"@type\":\"ReadAction\",\"target\":[\"https:\/\/www2.adixatex.com\/urun\/supresion-aislamiento-quimico\/\"]}]},{\"@type\":\"ImageObject\",\"inLanguage\":\"tr\",\"@id\":\"https:\/\/www2.adixatex.com\/urun\/supresion-aislamiento-quimico\/#primaryimage\",\"url\":\"https:\/\/www2.adixatex.com\/wp-content\/uploads\/2020\/11\/Botella.jpg\",\"contentUrl\":\"https:\/\/www2.adixatex.com\/wp-content\/uploads\/2020\/11\/Botella.jpg\",\"width\":1000,\"height\":1000},{\"@type\":\"BreadcrumbList\",\"@id\":\"https:\/\/www2.adixatex.com\/urun\/supresion-aislamiento-quimico\/#breadcrumb\",\"itemListElement\":[{\"@type\":\"ListItem\",\"position\":1,\"name\":\"Anasayfa\",\"item\":\"https:\/\/www2.adixatex.com\/\"},{\"@type\":\"ListItem\",\"position\":2,\"name\":\"\u00dcr\u00fcnlerimiz\",\"item\":\"https:\/\/www2.adixatex.com\/productos\/\"},{\"@type\":\"ListItem\",\"position\":3,\"name\":\"Kimyasal Bast\u0131rma \/ Kimyasal \u0130zolasyon\"}]},{\"@type\":\"WebSite\",\"@id\":\"https:\/\/www2.adixatex.com\/#website\",\"url\":\"https:\/\/www2.adixatex.com\/\",\"name\":\"Adixatex\",\"description\":\"Prevenci\u00f3n y protecci\u00f3n de atm\u00f3sferas explosivas\",\"inLanguage\":\"tr\"}]}<\/script>\n<!-- \/ Yoast SEO plugin. -->","yoast_head_json":{"title":"Kimyasal Bast\u0131rma \/ Kimyasal \u0130zolasyon - Adixatex","robots":{"index":"noindex","follow":"follow","max-snippet":"max-snippet:-1","max-image-preview":"max-image-preview:large","max-video-preview":"max-video-preview:-1"},"og_locale":"tr_TR","og_type":"article","og_title":"Kimyasal Bast\u0131rma \/ Kimyasal \u0130zolasyon - Adixatex","og_description":"Bas\u0131n\u00e7 veya k\u0131z\u0131l\u00f6tesi radyasyonun s\u00fcrekli izlenmesine dayanan kimyasal bir patlama \u00f6nleme sistemidir. B\u00f6ylece bir patlama durumunda, onlara dayanacak \u015fekilde tasarlanmam\u0131\u015f ekipman veya end\u00fcstriyel tanklar\u0131n i\u00e7 k\u0131s\u0131mlar\u0131ndaki yan\u0131c\u0131 toz patlamalar\u0131ndan y\u00fcksek bas\u0131n\u00e7lar\u0131n geli\u015fmesini \u00f6nleyerek, detekt\u00f6r kimyasal bir bast\u0131rma maddesinin enjeksiyonunu aktive eder.","og_url":"https:\/\/www2.adixatex.com\/urun\/supresion-aislamiento-quimico\/","og_site_name":"Adixatex","article_modified_time":"2021-11-19T06:54:38+00:00","og_image":[{"width":1000,"height":1000,"url":"https:\/\/www2.adixatex.com\/wp-content\/uploads\/2020\/11\/Botella.jpg","type":"image\/jpeg"}],"twitter_card":"summary_large_image","twitter_site":"@adixprotection","schema":{"@context":"https:\/\/schema.org","@graph":[{"@type":"WebPage","@id":"https:\/\/www2.adixatex.com\/urun\/supresion-aislamiento-quimico\/","url":"https:\/\/www2.adixatex.com\/urun\/supresion-aislamiento-quimico\/","name":"Kimyasal Bast\u0131rma \/ Kimyasal \u0130zolasyon - Adixatex","isPartOf":{"@id":"https:\/\/www2.adixatex.com\/#website"},"primaryImageOfPage":{"@id":"https:\/\/www2.adixatex.com\/urun\/supresion-aislamiento-quimico\/#primaryimage"},"image":{"@id":"https:\/\/www2.adixatex.com\/urun\/supresion-aislamiento-quimico\/#primaryimage"},"thumbnailUrl":"https:\/\/www2.adixatex.com\/wp-content\/uploads\/2020\/11\/Botella.jpg","datePublished":"2020-11-12T13:53:20+00:00","dateModified":"2021-11-19T06:54:38+00:00","breadcrumb":{"@id":"https:\/\/www2.adixatex.com\/urun\/supresion-aislamiento-quimico\/#breadcrumb"},"inLanguage":"tr","potentialAction":[{"@type":"ReadAction","target":["https:\/\/www2.adixatex.com\/urun\/supresion-aislamiento-quimico\/"]}]},{"@type":"ImageObject","inLanguage":"tr","@id":"https:\/\/www2.adixatex.com\/urun\/supresion-aislamiento-quimico\/#primaryimage","url":"https:\/\/www2.adixatex.com\/wp-content\/uploads\/2020\/11\/Botella.jpg","contentUrl":"https:\/\/www2.adixatex.com\/wp-content\/uploads\/2020\/11\/Botella.jpg","width":1000,"height":1000},{"@type":"BreadcrumbList","@id":"https:\/\/www2.adixatex.com\/urun\/supresion-aislamiento-quimico\/#breadcrumb","itemListElement":[{"@type":"ListItem","position":1,"name":"Anasayfa","item":"https:\/\/www2.adixatex.com\/"},{"@type":"ListItem","position":2,"name":"\u00dcr\u00fcnlerimiz","item":"https:\/\/www2.adixatex.com\/productos\/"},{"@type":"ListItem","position":3,"name":"Kimyasal Bast\u0131rma \/ Kimyasal \u0130zolasyon"}]},{"@type":"WebSite","@id":"https:\/\/www2.adixatex.com\/#website","url":"https:\/\/www2.adixatex.com\/","name":"Adixatex","description":"Prevenci\u00f3n y protecci\u00f3n de atm\u00f3sferas explosivas","inLanguage":"tr"}]}},"_links":{"self":[{"href":"https:\/\/www2.adixatex.com\/tr\/wp-json\/wp\/v2\/product\/1205","targetHints":{"allow":["GET"]}}],"collection":[{"href":"https:\/\/www2.adixatex.com\/tr\/wp-json\/wp\/v2\/product"}],"about":[{"href":"https:\/\/www2.adixatex.com\/tr\/wp-json\/wp\/v2\/types\/product"}],"replies":[{"embeddable":true,"href":"https:\/\/www2.adixatex.com\/tr\/wp-json\/wp\/v2\/comments?post=1205"}],"version-history":[{"count":1,"href":"https:\/\/www2.adixatex.com\/tr\/wp-json\/wp\/v2\/product\/1205\/revisions"}],"predecessor-version":[{"id":1206,"href":"https:\/\/www2.adixatex.com\/tr\/wp-json\/wp\/v2\/product\/1205\/revisions\/1206"}],"wp:featuredmedia":[{"embeddable":true,"href":"https:\/\/www2.adixatex.com\/tr\/wp-json\/wp\/v2\/media\/11820"}],"wp:attachment":[{"href":"https:\/\/www2.adixatex.com\/tr\/wp-json\/wp\/v2\/media?parent=1205"}],"wp:term":[{"taxonomy":"product_brand","embeddable":true,"href":"https:\/\/www2.adixatex.com\/tr\/wp-json\/wp\/v2\/product_brand?post=1205"},{"taxonomy":"product_cat","embeddable":true,"href":"https:\/\/www2.adixatex.com\/tr\/wp-json\/wp\/v2\/product_cat?post=1205"},{"taxonomy":"product_tag","embeddable":true,"href":"https:\/\/www2.adixatex.com\/tr\/wp-json\/wp\/v2\/product_tag?post=1205"}],"curies":[{"name":"wp","href":"https:\/\/api.w.org\/{rel}","templated":true}]}}