{"id":1327,"date":"2020-12-15T08:42:30","date_gmt":"2020-12-15T07:42:30","guid":{"rendered":"https:\/\/adixatex.com\/product\/kubbeli-dairesel-havalandirma-paneli-bcd\/"},"modified":"2021-11-19T08:09:39","modified_gmt":"2021-11-19T07:09:39","slug":"kubbeli-dairesel-havalandirma-paneli-bcd","status":"publish","type":"product","link":"https:\/\/www2.adixatex.com\/tr\/urun\/kubbeli-dairesel-havalandirma-paneli-bcd\/","title":{"rendered":"Kubbeli Dairesel Havaland\u0131rma Paneli [BCD]"},"content":{"rendered":"<div id=\"shortcode_container_tabs\" class=\"shortcode_container_tabs\"><div id=\"container_tabs_title\" class=\"container_tabs_title\"><\/div>\n<p class=\"container_tabs_title_mobile\">Teknik Bilgiler<\/p><div class=\"container_tabs_content\">\n<p>&nbsp;<\/p>\n<div id=\"content_table\" class=\"content_table\">\n<table style=\"width: 626.594px;\">\n<tbody>\n<tr style=\"height: 23px;\">\n<td style=\"text-align: left; width: 271px; height: 23px;\">Tip<\/td>\n<td style=\"width: 385.594px; text-align: left; height: 23px;\">Dairesel, Kubbeli<\/td>\n<\/tr>\n<tr style=\"height: 23px;\">\n<td style=\"text-align: left; width: 271px; height: 23px;\">Boyutlar<\/td>\n<td style=\"width: 385.594px; text-align: left; height: 23px;\">150 ila 2000 mm<\/td>\n<\/tr>\n<tr style=\"height: 23px;\">\n<td style=\"text-align: left; width: 271px; height: 23px;\">Malzeme<\/td>\n<td style=\"width: 385.594px; text-align: left; height: 23px;\">AISI 304 veya 316<\/td>\n<\/tr>\n<tr style=\"height: 23px;\">\n<td style=\"text-align: left; width: 271px; height: 23px;\">Verimlilik<\/td>\n<td style=\"width: 385.594px; text-align: left; height: 23px;\">\u00a0%100<\/td>\n<\/tr>\n<tr style=\"height: 23px;\">\n<td style=\"text-align: left; width: 271px; height: 23px;\">Patlama bas\u0131nc\u0131<\/td>\n<td style=\"width: 385.594px; text-align: left; height: 23px;\">20 ila 500 mbar<\/td>\n<\/tr>\n<tr style=\"height: 23px;\">\n<td style=\"text-align: left; width: 271px; height: 23px;\">Tolerans<\/td>\n<td style=\"width: 385.594px; text-align: left; height: 23px;\">+\/-%25<\/td>\n<\/tr>\n<tr style=\"height: 26px;\">\n<td style=\"text-align: left; width: 271px; height: 26px;\">Maks. \u00c7al\u0131\u015fma Bas\u0131nc\u0131<\/td>\n<td style=\"width: 385.594px; text-align: left; height: 26px;\">\u00a0%60 P<sub>stat<\/sub><\/td>\n<\/tr>\n<tr style=\"height: 23px;\">\n<td style=\"text-align: left; width: 271px; height: 23px;\">Destek Vakum Bas\u0131nc\u0131<\/td>\n<td style=\"width: 385.594px; text-align: left; height: 23px;\">\u00a0-100 mbar<\/td>\n<\/tr>\n<tr style=\"height: 23px;\">\n<td style=\"text-align: left; width: 271px; height: 23px;\">Maks. \u00c7al\u0131\u015fma S\u0131cakl\u0131\u011f\u0131<\/td>\n<td style=\"width: 385.594px; text-align: left; height: 23px;\">350\u00baC&#8217;ye kadar<\/td>\n<\/tr>\n<tr style=\"height: 47px;\">\n<td style=\"text-align: left; width: 271px; height: 47px;\">\u00dcr\u00fcn<\/td>\n<td style=\"width: 385.594px; text-align: left; height: 47px;\">Grup IIA&#8217;ya g\u00f6re gaz ve organik ve metal tozu St3<\/td>\n<\/tr>\n<tr style=\"height: 23px;\">\n<td style=\"text-align: left; width: 271px; height: 23px;\">\u0130\u015faretleme<\/td>\n<td style=\"width: 385.594px; text-align: left; height: 23px;\">\u00a0Ex GD<\/td>\n<\/tr>\n<tr style=\"height: 23px;\">\n<td style=\"text-align: left; width: 271px; height: 23px;\">ATEX sertifikas\u0131<\/td>\n<td style=\"width: 385.594px; text-align: left; height: 23px;\">EN14797:2006 ve EN14994:2007\u2019ye g\u00f6re<\/td>\n<\/tr>\n<\/tbody>\n<\/table>\n<\/div>\n<\/div>\n<p class=\"container_tabs_title_mobile\">Boyutlar<\/p><div class=\"container_tabs_content\">\n<div id=\"content_table\" class=\"content_table\">\n<p><img fetchpriority=\"high\" decoding=\"async\" class=\"aligncenter size-medium wp-image-1234\" src=\"https:\/\/adixatex.com\/wp-content\/uploads\/2020\/11\/2370-M-BDC280CN-300x295.jpg\" alt=\"Panel de venteo\" width=\"300\" height=\"295\" srcset=\"https:\/\/www2.adixatex.com\/wp-content\/uploads\/2020\/11\/2370-M-BDC280CN-300x295.jpg 300w, https:\/\/www2.adixatex.com\/wp-content\/uploads\/2020\/11\/2370-M-BDC280CN-750x738.jpg 750w, https:\/\/www2.adixatex.com\/wp-content\/uploads\/2020\/11\/2370-M-BDC280CN-768x756.jpg 768w, https:\/\/www2.adixatex.com\/wp-content\/uploads\/2020\/11\/2370-M-BDC280CN-600x590.jpg 600w, https:\/\/www2.adixatex.com\/wp-content\/uploads\/2020\/11\/2370-M-BDC280CN.jpg 1000w\" sizes=\"(max-width: 300px) 100vw, 300px\" \/><\/p>\n<table width=\"601\">\n<thead>\n<tr>\n<th class=\"content_table_column\" style=\"width: 115px; text-align: center;\"><strong>Referans<\/strong><\/th>\n<th class=\"content_table_column\" style=\"width: 185px; text-align: center;\">\n<p id=\"tw-target-text\" class=\"tw-data-text tw-ta tw-text-medium\" dir=\"ltr\" data-placeholder=\"Traducci\u00f3n\"><span lang=\"tr\">D\u0131\u015f \u00f6l\u00e7\u00fcler<\/span><\/p>\n<\/th>\n<th class=\"content_table_column\" style=\"width: 146px;\"><strong>Boyut<\/strong><\/th>\n<th class=\"content_table_column\" style=\"width: 127px;\">\n<p id=\"tw-target-text\" class=\"tw-data-text tw-ta tw-text-medium\" dir=\"ltr\" data-placeholder=\"Traducci\u00f3n\"><strong><span lang=\"tr\">Venteo Alan\u0131<\/span><\/strong><\/p>\n<\/th>\n<\/tr>\n<tr>\n<th class=\"content_table_column\" style=\"width: 115px; text-align: center;\"><strong>Referans<\/strong><\/th>\n<th class=\"content_table_column\" style=\"width: 185px; text-align: center;\">\n<p id=\"tw-target-text\" class=\"tw-data-text tw-ta tw-text-medium\" dir=\"ltr\" data-placeholder=\"Traducci\u00f3n\"><span lang=\"tr\">D\u0131\u015f \u00f6l\u00e7\u00fcler<\/span><\/p>\n<\/th>\n<th class=\"content_table_column\" style=\"width: 146px;\"><strong>Boyut<\/strong><\/th>\n<th class=\"content_table_column\" style=\"width: 127px;\">\n<p id=\"tw-target-text\" class=\"tw-data-text tw-ta tw-text-medium\" dir=\"ltr\" data-placeholder=\"Traducci\u00f3n\"><strong><span lang=\"tr\">Venteo Alan\u0131<\/span><\/strong><\/p>\n<\/th>\n<\/tr>\n<\/thead>\n<tbody>\n<tr>\n<td style=\"width: 115px; text-align: center;\">BCP280<\/td>\n<td style=\"width: 185px; text-align: center;\">280<\/td>\n<td style=\"width: 146px; text-align: center;\">200<\/td>\n<td style=\"width: 127px; text-align: center;\">0,031<\/td>\n<\/tr>\n<tr>\n<td style=\"width: 115px; text-align: center;\">BCP370<\/td>\n<td style=\"width: 185px; text-align: center;\">370<\/td>\n<td style=\"width: 146px; text-align: center;\">300<\/td>\n<td style=\"width: 127px; text-align: center;\">0,071<\/td>\n<\/tr>\n<tr>\n<td style=\"width: 115px; text-align: center;\">BCP470<\/td>\n<td style=\"width: 185px; text-align: center;\">470<\/td>\n<td style=\"width: 146px; text-align: center;\">383<\/td>\n<td style=\"width: 127px; text-align: center;\">0,115<\/td>\n<\/tr>\n<tr>\n<td style=\"width: 115px; text-align: center;\">BCP565<\/td>\n<td style=\"width: 185px; text-align: center;\">565<\/td>\n<td style=\"width: 146px; text-align: center;\">450<\/td>\n<td style=\"width: 127px; text-align: center;\">0,159<\/td>\n<\/tr>\n<tr>\n<td style=\"width: 115px; text-align: center;\">BCP715<\/td>\n<td style=\"width: 185px; text-align: center;\">715<\/td>\n<td style=\"width: 146px; text-align: center;\">635<\/td>\n<td style=\"width: 127px; text-align: center;\">0,317<\/td>\n<\/tr>\n<tr>\n<td style=\"width: 115px; text-align: center;\">BCP974<\/td>\n<td style=\"width: 185px; text-align: center;\">974<\/td>\n<td style=\"width: 146px; text-align: center;\">884<\/td>\n<td style=\"width: 127px; text-align: center;\">0,614<\/td>\n<\/tr>\n<tr>\n<td style=\"width: 115px; text-align: center;\">BCP1020<\/td>\n<td style=\"width: 185px; text-align: center;\">1020<\/td>\n<td style=\"width: 146px; text-align: center;\">930<\/td>\n<td style=\"width: 127px; text-align: center;\">0,679<\/td>\n<\/tr>\n<\/tbody>\n<\/table>\n<\/div>\n<p style=\"text-align: center;\">Di\u011fer boyutlar ve \/ veya \u00e7al\u0131\u015fma ko\u015fullar\u0131 i\u00e7in l\u00fctfen\u00a0<a href=\"https:\/\/adixatex.com\/tr\/bize-ulasin\/\">Adix ile irtibata ge\u00e7iniz.<\/a><\/p>\n<\/div>\n<p class=\"container_tabs_title_mobile\">Aksesuarlar<\/p><div class=\"container_tabs_content\">\n<p><h3 class=\"container_tabs_title_inside\">Detekt\u00f6r<\/h3><div class=\"container_tabs_content_inside\"><\/div><\/p>\n<p>&nbsp;<\/p>\n<table style=\"width: 631px; height: 200px;\">\n<tbody>\n<tr>\n<th class=\"content_table_column\" style=\"width: 496.457px;\">\n<h3 class=\"content_table_title\" style=\"text-align: left;\"><strong><img decoding=\"async\" class=\"aligncenter size-medium wp-image-1242\" src=\"https:\/\/adixatex.com\/wp-content\/uploads\/2020\/11\/MK500A-Detector-rotura-IFM-300x220.jpg\" alt=\"Detector de ruptura\" width=\"300\" height=\"220\" srcset=\"https:\/\/www2.adixatex.com\/wp-content\/uploads\/2020\/11\/MK500A-Detector-rotura-IFM-300x220.jpg 300w, https:\/\/www2.adixatex.com\/wp-content\/uploads\/2020\/11\/MK500A-Detector-rotura-IFM-600x440.jpg 600w, https:\/\/www2.adixatex.com\/wp-content\/uploads\/2020\/11\/MK500A-Detector-rotura-IFM.jpg 619w\" sizes=\"(max-width: 300px) 100vw, 300px\" \/><\/strong><\/h3>\n<\/th>\n<\/tr>\n<tr>\n<td style=\"width: 496.457px; text-align: left;\">\n<hr \/>\n<p><strong>Manyetik k\u0131r\u0131lma dedekt\u00f6r\u00fc MK500A<\/strong><\/p>\n<p>ATEX Ex II 3D Sertifika Ex tc IIIC T125 \u00b0 C Dc X<\/p>\n<p>Farkl\u0131 tip silindirlere montaj imkan\u0131.<\/p>\n<p>Alg\u0131lama aral\u0131\u011f\u0131: Reaksiyon hassasiyeti [mT] 2<br \/>\nS\u00fcr\u00fc\u015f h\u0131z\u0131 [m \/ s]&gt; 10<\/p>\n<p>Do\u011fruluk: Varyasyonlar Histerez [mm] 1 Tekrarlanabilirlik [mm] &lt;0.2<br \/>\nS\u0131cakl\u0131k: -25\u00baC ila 60\u00baC<\/p><\/td>\n<\/tr>\n<tr>\n<td style=\"width: 496.457px; text-align: left;\"><strong><img decoding=\"async\" class=\"aligncenter size-full wp-image-1250\" src=\"https:\/\/adixatex.com\/wp-content\/uploads\/2020\/11\/detector-magnetico-de-rotura.jpg\" alt=\"Detector magn\u00e9tico de rotura\" width=\"204\" height=\"154\" \/><\/strong><\/td>\n<\/tr>\n<tr>\n<td style=\"width: 496.457px; text-align: left;\">\n<hr \/>\n<p><strong>VP2759 y\u00fcksek s\u0131cakl\u0131k i\u00e7in sinyal kablosu tipi RECS<\/strong><\/p>\n<p>\u00c7al\u0131\u015fma s\u0131cakl\u0131\u011f\u0131: -60\u00baC ila 300\u00baC<\/p>\n<p>Tepe s\u0131cakl\u0131\u011f\u0131: 350\u00baC<\/p>\n<p>AWG: 20S<\/p>\n<p>Kanal\u0131n nominal \u00e7ap\u0131: 0.965mm<\/p>\n<p>Toplam uzunluk: 2m<\/p>\n<p>&nbsp;<\/p><\/td>\n<\/tr>\n<\/tbody>\n<\/table>\n<p>&nbsp;<\/p>\n<p><h3 class=\"container_tabs_title_inside\">Emniyet Flan\u015f\u0131<\/h3><div class=\"container_tabs_content_inside\"><\/div><\/p>\n<table style=\"width: 631px; height: 200px;\">\n<tbody>\n<tr>\n<td style=\"width: 496.457px; text-align: left;\"><img loading=\"lazy\" decoding=\"async\" class=\"aligncenter size-medium wp-image-995\" src=\"https:\/\/adixatex.com\/wp-content\/uploads\/2020\/11\/PVACSE-300x187.jpg\" alt=\"PVACSE\" width=\"300\" height=\"187\" srcset=\"https:\/\/www2.adixatex.com\/wp-content\/uploads\/2020\/11\/PVACSE-300x187.jpg 300w, https:\/\/www2.adixatex.com\/wp-content\/uploads\/2020\/11\/PVACSE-750x467.jpg 750w, https:\/\/www2.adixatex.com\/wp-content\/uploads\/2020\/11\/PVACSE-768x479.jpg 768w, https:\/\/www2.adixatex.com\/wp-content\/uploads\/2020\/11\/PVACSE-600x374.jpg 600w, https:\/\/www2.adixatex.com\/wp-content\/uploads\/2020\/11\/PVACSE.jpg 1043w\" sizes=\"(max-width: 300px) 100vw, 300px\" \/><\/td>\n<\/tr>\n<tr>\n<td style=\"width: 496.457px; text-align: left;\"><strong>Kaynakl\u0131 (L) veya vidal\u0131 (U)<\/strong>\n<p>AISI 304 y AISI 316<\/p><\/td>\n<\/tr>\n<\/tbody>\n<\/table>\n<p>&nbsp;<\/p>\n<p><h3 class=\"container_tabs_title_inside\">M\u00fch\u00fcr<\/h3><div class=\"container_tabs_content_inside\"><\/div><\/p>\n<table style=\"width: 631px; height: 200px;\">\n<tbody>\n<tr>\n<td style=\"width: 496.457px; text-align: left;\"><img loading=\"lazy\" decoding=\"async\" class=\"aligncenter size-medium wp-image-1258\" src=\"https:\/\/adixatex.com\/wp-content\/uploads\/2020\/11\/sello-proceso-EPDM-300x200.jpg\" alt=\"Sello proceso EPDM\" width=\"300\" height=\"200\" srcset=\"https:\/\/www2.adixatex.com\/wp-content\/uploads\/2020\/11\/sello-proceso-EPDM-300x200.jpg 300w, https:\/\/www2.adixatex.com\/wp-content\/uploads\/2020\/11\/sello-proceso-EPDM.jpg 466w\" sizes=\"(max-width: 300px) 100vw, 300px\" \/><\/td>\n<\/tr>\n<tr>\n<td style=\"width: 496.457px; text-align: left;\"><strong>EPDM i\u015flem m\u00fch\u00fcr\u00fc<\/strong>\n<p>Kompakt malzemeler aras\u0131nda titre\u015fimi \u00f6nleyen dinamik kau\u00e7uk \u015ferit.<\/p>\n<p>Hem d\u0131\u015f hem de i\u00e7 mekanlarda hava, su ve toz ge\u00e7irmezdir.<\/p>\n<p>Ultraviyole \u0131\u015f\u0131nlar\u0131na ve a\u015f\u0131r\u0131 s\u0131cakl\u0131klara dayan\u0131kl\u0131d\u0131r.<\/p>\n<p>-30\u00baC ila 90\u00baC aras\u0131 s\u0131cakl\u0131k.<\/p><\/td>\n<\/tr>\n<tr>\n<td style=\"width: 496.457px; text-align: left;\"><strong><img loading=\"lazy\" decoding=\"async\" class=\"aligncenter size-medium wp-image-1266\" src=\"https:\/\/adixatex.com\/wp-content\/uploads\/2020\/11\/Sello-cera\u0301mico-alta-temperatura-300x225.jpg\" alt=\"Sello cera\u0301mico alta temperatura\" width=\"300\" height=\"225\" srcset=\"https:\/\/www2.adixatex.com\/wp-content\/uploads\/2020\/11\/Sello-cera\u0301mico-alta-temperatura-300x225.jpg 300w, https:\/\/www2.adixatex.com\/wp-content\/uploads\/2020\/11\/Sello-cera\u0301mico-alta-temperatura-750x563.jpg 750w, https:\/\/www2.adixatex.com\/wp-content\/uploads\/2020\/11\/Sello-cera\u0301mico-alta-temperatura-768x576.jpg 768w, https:\/\/www2.adixatex.com\/wp-content\/uploads\/2020\/11\/Sello-cera\u0301mico-alta-temperatura-600x450.jpg 600w, https:\/\/www2.adixatex.com\/wp-content\/uploads\/2020\/11\/Sello-cera\u0301mico-alta-temperatura.jpg 1000w\" sizes=\"(max-width: 300px) 100vw, 300px\" \/><\/strong><\/td>\n<\/tr>\n<tr>\n<td style=\"width: 496.457px; text-align: left;\"><strong>Y\u00fcksek S\u0131cakl\u0131k i\u00e7in seramik i\u015flem damgas\u0131<\/strong>\n<p>1100\u00baC&#8217;ye kadar y\u00fcksek s\u0131cakl\u0131klarda kararl\u0131l\u0131k<\/p>\n<p>Avrupa d\u00fczenleyici gereklilikleri ile uyumludur.<\/p>\n<p>Loctite SI 5900; S\u00fcrekli olarak 275\u00baC&#8217;ye kadar s\u0131cakl\u0131k.<\/p><\/td>\n<\/tr>\n<tr>\n<td style=\"width: 496.457px; text-align: left;\"><strong><img loading=\"lazy\" decoding=\"async\" class=\"aligncenter size-medium wp-image-1274\" src=\"https:\/\/adixatex.com\/wp-content\/uploads\/2020\/11\/IMG_5935-300x229.jpg\" alt=\"Sello de proceso de Silicona\" width=\"300\" height=\"229\" srcset=\"https:\/\/www2.adixatex.com\/wp-content\/uploads\/2020\/11\/IMG_5935-300x229.jpg 300w, https:\/\/www2.adixatex.com\/wp-content\/uploads\/2020\/11\/IMG_5935-750x572.jpg 750w, https:\/\/www2.adixatex.com\/wp-content\/uploads\/2020\/11\/IMG_5935-768x585.jpg 768w, https:\/\/www2.adixatex.com\/wp-content\/uploads\/2020\/11\/IMG_5935-600x457.jpg 600w, https:\/\/www2.adixatex.com\/wp-content\/uploads\/2020\/11\/IMG_5935.jpg 1000w\" sizes=\"(max-width: 300px) 100vw, 300px\" \/><\/strong><\/td>\n<\/tr>\n<tr>\n<td style=\"width: 496.457px; text-align: left;\"><strong>Silikon s\u00fcreci damga<\/strong>\n<p>-40\u00baC ila 220\u00baC aras\u0131 s\u0131cakl\u0131k<\/p>\n<p>Beyaz s\u00fcngerimsi silikon (15HS)<\/p>\n<p>S\u0131cakl\u0131\u011fa kar\u015f\u0131 m\u00fckemmel diren\u00e7.<\/p>\n<p>Kimyasal \u00fcr\u00fcnlere kar\u015f\u0131 iyi diren\u00e7<\/p>\n<p>M\u00fckemmel s\u0131k\u0131\u015ft\u0131rma kurtarma kapasitesi<\/p>\n<p>D\u00fc\u015f\u00fck s\u0131cakl\u0131klarda iyi esneklik<\/p><\/td>\n<\/tr>\n<\/tbody>\n<\/table>\n<p>&nbsp;<\/p>\n<\/div>\n<p class=\"container_tabs_title_mobile\">Katalog<\/p><div class=\"container_tabs_content\">\n<p><a href=\"https:\/\/adixatex.com\/wp-content\/uploads\/2020\/11\/1902-Paneles-de-Venteo.pdf\">Teknik kart (PDF)<\/a><\/p>\n<\/div>\n<\/div>\n","protected":false},"excerpt":{"rendered":"<p>BDC havaland\u0131rma panelleri \u00f6nceden ayarlanm\u0131\u015f bir bas\u0131n\u00e7ta h\u0131zl\u0131 bir \u015fekilde a\u00e7\u0131l\u0131r, patlama durumunda a\u015f\u0131r\u0131 bas\u0131n\u00e7 ve alevleri, par\u00e7alanmadan g\u00fcvenli bir alana b\u0131rakarak kontrol eder. Depresyon ve titre\u015fimli bas\u0131n\u00e7ta \u00e7al\u0131\u015fmak i\u00e7in \u00f6zel olarak tasarlanm\u0131\u015ft\u0131r<\/p>\n","protected":false},"featured_media":11746,"comment_status":"open","ping_status":"closed","template":"","meta":[],"product_brand":[],"product_cat":[89,91],"product_tag":[],"class_list":{"0":"post-1327","1":"product","2":"type-product","3":"status-publish","4":"has-post-thumbnail","6":"product_cat-havalandirma-panelleri","7":"product_cat-patlama-koruma","9":"first","10":"instock","11":"shipping-taxable","12":"product-type-simple"},"yoast_head":"<!-- This site is optimized with the Yoast SEO plugin v24.4 - https:\/\/yoast.com\/wordpress\/plugins\/seo\/ -->\n<title>Kubbeli Dairesel Havaland\u0131rma Paneli [BCD] - Adixatex<\/title>\n<meta name=\"robots\" content=\"noindex, follow, max-snippet:-1, max-image-preview:large, max-video-preview:-1\" \/>\n<meta property=\"og:locale\" content=\"tr_TR\" \/>\n<meta property=\"og:type\" content=\"article\" \/>\n<meta property=\"og:title\" content=\"Kubbeli Dairesel Havaland\u0131rma Paneli [BCD] - Adixatex\" \/>\n<meta property=\"og:description\" content=\"BDC havaland\u0131rma panelleri \u00f6nceden ayarlanm\u0131\u015f bir bas\u0131n\u00e7ta h\u0131zl\u0131 bir \u015fekilde a\u00e7\u0131l\u0131r, patlama durumunda a\u015f\u0131r\u0131 bas\u0131n\u00e7 ve alevleri, par\u00e7alanmadan g\u00fcvenli bir alana b\u0131rakarak kontrol eder. Depresyon ve titre\u015fimli bas\u0131n\u00e7ta \u00e7al\u0131\u015fmak i\u00e7in \u00f6zel olarak tasarlanm\u0131\u015ft\u0131r\" \/>\n<meta property=\"og:url\" content=\"https:\/\/www2.adixatex.com\/tr\/urun\/kubbeli-dairesel-havalandirma-paneli-bcd\/\" \/>\n<meta property=\"og:site_name\" content=\"Adixatex\" \/>\n<meta property=\"article:modified_time\" content=\"2021-11-19T07:09:39+00:00\" \/>\n<meta property=\"og:image\" content=\"https:\/\/www2.adixatex.com\/wp-content\/uploads\/2020\/12\/BCD.jpg\" \/>\n\t<meta property=\"og:image:width\" content=\"1000\" \/>\n\t<meta property=\"og:image:height\" content=\"1000\" \/>\n\t<meta property=\"og:image:type\" content=\"image\/jpeg\" \/>\n<meta name=\"twitter:card\" content=\"summary_large_image\" \/>\n<meta name=\"twitter:site\" content=\"@adixprotection\" \/>\n<meta name=\"twitter:label1\" content=\"Tahmini okuma s\u00fcresi\" \/>\n\t<meta name=\"twitter:data1\" content=\"2 dakika\" \/>\n<script type=\"application\/ld+json\" class=\"yoast-schema-graph\">{\"@context\":\"https:\/\/schema.org\",\"@graph\":[{\"@type\":\"WebPage\",\"@id\":\"https:\/\/www2.adixatex.com\/tr\/urun\/kubbeli-dairesel-havalandirma-paneli-bcd\/\",\"url\":\"https:\/\/www2.adixatex.com\/tr\/urun\/kubbeli-dairesel-havalandirma-paneli-bcd\/\",\"name\":\"Kubbeli Dairesel Havaland\u0131rma Paneli [BCD] - Adixatex\",\"isPartOf\":{\"@id\":\"https:\/\/www2.adixatex.com\/#website\"},\"primaryImageOfPage\":{\"@id\":\"https:\/\/www2.adixatex.com\/tr\/urun\/kubbeli-dairesel-havalandirma-paneli-bcd\/#primaryimage\"},\"image\":{\"@id\":\"https:\/\/www2.adixatex.com\/tr\/urun\/kubbeli-dairesel-havalandirma-paneli-bcd\/#primaryimage\"},\"thumbnailUrl\":\"https:\/\/www2.adixatex.com\/wp-content\/uploads\/2020\/12\/BCD.jpg\",\"datePublished\":\"2020-12-15T07:42:30+00:00\",\"dateModified\":\"2021-11-19T07:09:39+00:00\",\"breadcrumb\":{\"@id\":\"https:\/\/www2.adixatex.com\/tr\/urun\/kubbeli-dairesel-havalandirma-paneli-bcd\/#breadcrumb\"},\"inLanguage\":\"tr\",\"potentialAction\":[{\"@type\":\"ReadAction\",\"target\":[\"https:\/\/www2.adixatex.com\/tr\/urun\/kubbeli-dairesel-havalandirma-paneli-bcd\/\"]}]},{\"@type\":\"ImageObject\",\"inLanguage\":\"tr\",\"@id\":\"https:\/\/www2.adixatex.com\/tr\/urun\/kubbeli-dairesel-havalandirma-paneli-bcd\/#primaryimage\",\"url\":\"https:\/\/www2.adixatex.com\/wp-content\/uploads\/2020\/12\/BCD.jpg\",\"contentUrl\":\"https:\/\/www2.adixatex.com\/wp-content\/uploads\/2020\/12\/BCD.jpg\",\"width\":1000,\"height\":1000},{\"@type\":\"BreadcrumbList\",\"@id\":\"https:\/\/www2.adixatex.com\/tr\/urun\/kubbeli-dairesel-havalandirma-paneli-bcd\/#breadcrumb\",\"itemListElement\":[{\"@type\":\"ListItem\",\"position\":1,\"name\":\"Anasayfa\",\"item\":\"https:\/\/www2.adixatex.com\/\"},{\"@type\":\"ListItem\",\"position\":2,\"name\":\"\u00dcr\u00fcnlerimiz\",\"item\":\"https:\/\/www2.adixatex.com\/productos\/\"},{\"@type\":\"ListItem\",\"position\":3,\"name\":\"Kubbeli Dairesel Havaland\u0131rma Paneli [BCD]\"}]},{\"@type\":\"WebSite\",\"@id\":\"https:\/\/www2.adixatex.com\/#website\",\"url\":\"https:\/\/www2.adixatex.com\/\",\"name\":\"Adixatex\",\"description\":\"Prevenci\u00f3n y protecci\u00f3n de atm\u00f3sferas explosivas\",\"inLanguage\":\"tr\"}]}<\/script>\n<!-- \/ Yoast SEO plugin. -->","yoast_head_json":{"title":"Kubbeli Dairesel Havaland\u0131rma Paneli [BCD] - Adixatex","robots":{"index":"noindex","follow":"follow","max-snippet":"max-snippet:-1","max-image-preview":"max-image-preview:large","max-video-preview":"max-video-preview:-1"},"og_locale":"tr_TR","og_type":"article","og_title":"Kubbeli Dairesel Havaland\u0131rma Paneli [BCD] - Adixatex","og_description":"BDC havaland\u0131rma panelleri \u00f6nceden ayarlanm\u0131\u015f bir bas\u0131n\u00e7ta h\u0131zl\u0131 bir \u015fekilde a\u00e7\u0131l\u0131r, patlama durumunda a\u015f\u0131r\u0131 bas\u0131n\u00e7 ve alevleri, par\u00e7alanmadan g\u00fcvenli bir alana b\u0131rakarak kontrol eder. Depresyon ve titre\u015fimli bas\u0131n\u00e7ta \u00e7al\u0131\u015fmak i\u00e7in \u00f6zel olarak tasarlanm\u0131\u015ft\u0131r","og_url":"https:\/\/www2.adixatex.com\/tr\/urun\/kubbeli-dairesel-havalandirma-paneli-bcd\/","og_site_name":"Adixatex","article_modified_time":"2021-11-19T07:09:39+00:00","og_image":[{"width":1000,"height":1000,"url":"https:\/\/www2.adixatex.com\/wp-content\/uploads\/2020\/12\/BCD.jpg","type":"image\/jpeg"}],"twitter_card":"summary_large_image","twitter_site":"@adixprotection","twitter_misc":{"Tahmini okuma s\u00fcresi":"2 dakika"},"schema":{"@context":"https:\/\/schema.org","@graph":[{"@type":"WebPage","@id":"https:\/\/www2.adixatex.com\/tr\/urun\/kubbeli-dairesel-havalandirma-paneli-bcd\/","url":"https:\/\/www2.adixatex.com\/tr\/urun\/kubbeli-dairesel-havalandirma-paneli-bcd\/","name":"Kubbeli Dairesel Havaland\u0131rma Paneli [BCD] - Adixatex","isPartOf":{"@id":"https:\/\/www2.adixatex.com\/#website"},"primaryImageOfPage":{"@id":"https:\/\/www2.adixatex.com\/tr\/urun\/kubbeli-dairesel-havalandirma-paneli-bcd\/#primaryimage"},"image":{"@id":"https:\/\/www2.adixatex.com\/tr\/urun\/kubbeli-dairesel-havalandirma-paneli-bcd\/#primaryimage"},"thumbnailUrl":"https:\/\/www2.adixatex.com\/wp-content\/uploads\/2020\/12\/BCD.jpg","datePublished":"2020-12-15T07:42:30+00:00","dateModified":"2021-11-19T07:09:39+00:00","breadcrumb":{"@id":"https:\/\/www2.adixatex.com\/tr\/urun\/kubbeli-dairesel-havalandirma-paneli-bcd\/#breadcrumb"},"inLanguage":"tr","potentialAction":[{"@type":"ReadAction","target":["https:\/\/www2.adixatex.com\/tr\/urun\/kubbeli-dairesel-havalandirma-paneli-bcd\/"]}]},{"@type":"ImageObject","inLanguage":"tr","@id":"https:\/\/www2.adixatex.com\/tr\/urun\/kubbeli-dairesel-havalandirma-paneli-bcd\/#primaryimage","url":"https:\/\/www2.adixatex.com\/wp-content\/uploads\/2020\/12\/BCD.jpg","contentUrl":"https:\/\/www2.adixatex.com\/wp-content\/uploads\/2020\/12\/BCD.jpg","width":1000,"height":1000},{"@type":"BreadcrumbList","@id":"https:\/\/www2.adixatex.com\/tr\/urun\/kubbeli-dairesel-havalandirma-paneli-bcd\/#breadcrumb","itemListElement":[{"@type":"ListItem","position":1,"name":"Anasayfa","item":"https:\/\/www2.adixatex.com\/"},{"@type":"ListItem","position":2,"name":"\u00dcr\u00fcnlerimiz","item":"https:\/\/www2.adixatex.com\/productos\/"},{"@type":"ListItem","position":3,"name":"Kubbeli Dairesel Havaland\u0131rma Paneli [BCD]"}]},{"@type":"WebSite","@id":"https:\/\/www2.adixatex.com\/#website","url":"https:\/\/www2.adixatex.com\/","name":"Adixatex","description":"Prevenci\u00f3n y protecci\u00f3n de atm\u00f3sferas explosivas","inLanguage":"tr"}]}},"_links":{"self":[{"href":"https:\/\/www2.adixatex.com\/tr\/wp-json\/wp\/v2\/product\/1327","targetHints":{"allow":["GET"]}}],"collection":[{"href":"https:\/\/www2.adixatex.com\/tr\/wp-json\/wp\/v2\/product"}],"about":[{"href":"https:\/\/www2.adixatex.com\/tr\/wp-json\/wp\/v2\/types\/product"}],"replies":[{"embeddable":true,"href":"https:\/\/www2.adixatex.com\/tr\/wp-json\/wp\/v2\/comments?post=1327"}],"version-history":[{"count":1,"href":"https:\/\/www2.adixatex.com\/tr\/wp-json\/wp\/v2\/product\/1327\/revisions"}],"predecessor-version":[{"id":1328,"href":"https:\/\/www2.adixatex.com\/tr\/wp-json\/wp\/v2\/product\/1327\/revisions\/1328"}],"wp:featuredmedia":[{"embeddable":true,"href":"https:\/\/www2.adixatex.com\/tr\/wp-json\/wp\/v2\/media\/11746"}],"wp:attachment":[{"href":"https:\/\/www2.adixatex.com\/tr\/wp-json\/wp\/v2\/media?parent=1327"}],"wp:term":[{"taxonomy":"product_brand","embeddable":true,"href":"https:\/\/www2.adixatex.com\/tr\/wp-json\/wp\/v2\/product_brand?post=1327"},{"taxonomy":"product_cat","embeddable":true,"href":"https:\/\/www2.adixatex.com\/tr\/wp-json\/wp\/v2\/product_cat?post=1327"},{"taxonomy":"product_tag","embeddable":true,"href":"https:\/\/www2.adixatex.com\/tr\/wp-json\/wp\/v2\/product_tag?post=1327"}],"curies":[{"name":"wp","href":"https:\/\/api.w.org\/{rel}","templated":true}]}}