{"id":926,"date":"2020-11-13T11:05:54","date_gmt":"2020-11-13T10:05:54","guid":{"rendered":"https:\/\/adixatex.com\/product\/kamyon-topraklama-sistemi-tes01-v2-ex-ip\/"},"modified":"2021-11-19T07:27:43","modified_gmt":"2021-11-19T06:27:43","slug":"kamyon-topraklama-sistemi-tes01-v2-ex-ip","status":"publish","type":"product","link":"https:\/\/www2.adixatex.com\/tr\/urun\/kamyon-topraklama-sistemi-tes01-v2-ex-ip\/","title":{"rendered":"Kamyon Topraklama Sistemi TES01-V2 (EX) (IP)"},"content":{"rendered":"<div id=\"shortcode_container_tabs\" class=\"shortcode_container_tabs\"><div id=\"container_tabs_title\" class=\"container_tabs_title\"><\/div>\n<p class=\"container_tabs_title_mobile\">Teknik Veri<\/p><div class=\"container_tabs_content\">\n<div id=\"content_table\" class=\"content_table\">\n<table>\n<tbody>\n<tr style=\"height: 21px;\">\n<td style=\"text-align: left; height: 21px;\">Alimentaci\u00f3n<\/td>\n<td style=\"text-align: left; height: 21px;\">100-240 V CA, 50\/60 Hz, calibraci\u00f3n autom\u00e1tica o 24 V CC<\/td>\n<\/tr>\n<tr style=\"height: 21px;\">\n<td style=\"text-align: left; height: 21px;\">Consumo<\/td>\n<td style=\"text-align: left; height: 21px;\">20 w<\/td>\n<\/tr>\n<tr style=\"height: 21px;\">\n<td style=\"text-align: left; height: 21px;\">Temperatura de trabajo<\/td>\n<td style=\"text-align: left; height: 21px;\">\u00a0-30 +54\u00baC<\/td>\n<\/tr>\n<tr style=\"height: 21px;\">\n<td style=\"text-align: left; height: 21px;\">\u0130\u015faretleme<\/td>\n<td style=\"text-align: left; height: 21px;\">\u00a0Ex II 3D<\/td>\n<\/tr>\n<tr style=\"height: 21px;\">\n<td style=\"text-align: left; height: 21px;\">ATEX sertifikas\u0131<\/td>\n<td style=\"text-align: left; height: 21px;\">Certificado para uso en zonas 1, 2, 21 y 22<\/td>\n<\/tr>\n<\/tbody>\n<\/table>\n<\/div>\n<\/div>\n<p class=\"container_tabs_title_mobile\">Boyutlar<\/p><div class=\"container_tabs_content\">\n<div id=\"content_table\" class=\"content_table\">\n<table style=\"width: 696px;\">\n<thead id=\"content_table_head\">\n<tr style=\"height: 64px;\">\n<th class=\"content_table_column\" style=\"height: 64px; width: 174.667px;\"><\/th>\n<th class=\"content_table_column\" style=\"height: 64px; width: 222.333px;\">TES-01 EX<\/th>\n<th class=\"content_table_column\" style=\"height: 64px; width: 207px;\">TES-01 IP<\/th>\n<\/tr>\n<tr style=\"height: 64px;\">\n<th class=\"content_table_column\" style=\"height: 64px; width: 174.667px;\"><\/th>\n<th class=\"content_table_column\" style=\"height: 64px; width: 222.333px;\">TES-01 EX<\/th>\n<th class=\"content_table_column\" style=\"height: 64px; width: 207px;\">TES-01 IP<\/th>\n<\/tr>\n<\/thead>\n<tbody>\n<tr style=\"height: 21px;\">\n<td style=\"text-align: left; height: 21px; width: 174.667px;\">G\u00f6vde<\/td>\n<td style=\"text-align: left; height: 21px; width: 222.333px;\">Al\u00fcminyum gri (bak\u0131r)<\/td>\n<td style=\"text-align: left; height: 21px; width: 207px;\">Al\u00fcminyum \u00f6n levha ile boyanm\u0131\u015f yumu\u015fak \u00e7elik<\/td>\n<\/tr>\n<tr style=\"height: 21px;\">\n<td style=\"text-align: left; height: 21px; width: 174.667px;\">Boyutlar (u,g,y)<\/td>\n<td style=\"text-align: left; height: 21px; width: 222.333px;\">265x230x150 mm<\/td>\n<td style=\"text-align: left; height: 21px; width: 207px;\">300x200x155 mm<\/td>\n<\/tr>\n<tr style=\"height: 37px;\">\n<td style=\"text-align: left; height: 37px; width: 174.667px;\">A\u011f\u0131rl\u0131k<\/td>\n<td style=\"height: 37px; width: 222.333px; text-align: left;\">10 kg<\/td>\n<td style=\"height: 37px; width: 207px;\">\n<p style=\"text-align: left;\">5 kg<\/p>\n<\/td>\n<\/tr>\n<tr style=\"height: 9px;\">\n<td style=\"text-align: left; height: 9px; width: 174.667px;\">Ba\u011flant\u0131lar<\/td>\n<td style=\"height: 9px; width: 222.333px; text-align: left;\">4 x M20 x 1,5 mm<\/td>\n<td style=\"height: 9px; width: 207px;\">\n<p style=\"text-align: left;\">3 x M20 kablo rakoru, s\u0131kma aral\u0131\u011f\u0131 5-10 mm<\/p>\n<\/td>\n<\/tr>\n<tr style=\"height: 21px;\">\n<td style=\"text-align: left; height: 21px; width: 174.667px;\">Baypas<\/td>\n<td style=\"text-align: left; height: 21px; width: 222.333px;\">Ayr\u0131 anahtar \u015falteriyle iste\u011fe ba\u011fl\u0131<\/td>\n<td style=\"text-align: left; height: 21px; width: 207px;\">Entegre<\/td>\n<\/tr>\n<tr style=\"height: 21px;\">\n<td style=\"text-align: left; height: 21px; width: 174.667px;\">ATEX sertifikas\u0131<\/td>\n<td style=\"text-align: left; height: 21px; width: 222.333px;\">1, 2, 21 ve 22 numaral\u0131 b\u00f6lgelerde kullan\u0131m i\u00e7in onayland\u0131<\/td>\n<td style=\"text-align: left; height: 21px; width: 207px;\">21 ve 22 numaral\u0131 b\u00f6lgelerde kullan\u0131m i\u00e7in onayland\u0131<\/td>\n<\/tr>\n<\/tbody>\n<\/table>\n<\/div>\n<\/div>\n<\/div>\n","protected":false},"excerpt":{"rendered":"<p>Elektrostatik y\u00fcklerin \u00fcretilebilece\u011fi, iletken olmayan s\u0131v\u0131lar\u0131n veya tozun y\u00fcklenmesi ve bo\u015falt\u0131lmas\u0131 s\u0131ras\u0131nda kamyonlar i\u00e7in g\u00fcvenli topraklama sistemidir.<\/p>\n<p>Topraklama kelep\u00e7esini ara\u00e7 topraklama noktas\u0131na ba\u011flayarak, TES01-V2 sistemi, kelep\u00e7enin kontrol \u00fcnitesine elektriksel direncini \u00f6l\u00e7erek iletken bir ortam\u0131n olu\u015fup olu\u015fmad\u0131\u011f\u0131n\u0131 tespit eder. Elektrik direnci yeterince d\u00fc\u015f\u00fckse, TES01-V2, elektrostatik y\u00fck\u00fc forkliftten topra\u011fa tahliye edecektir. Bu \u015fekilde k\u0131v\u0131lc\u0131m \u00f6nlenir. TES01-V2 sistemi daha sonra kelep\u00e7e y\u00fcksekli\u011findeki elektrik kapasitesini do\u011frular. Sadece kapasite bir kamyonun kapasitesine kar\u015f\u0131l\u0131k gelirse, ye\u015fil durum \u0131\u015f\u0131\u011f\u0131 yanacak ve y\u00fckleme ve bo\u015faltma i\u015flemlerinin kilidi a\u00e7\u0131lacakt\u0131r.<\/p>\n<p>Kelep\u00e7e ve kontrol \u00fcnitesi aras\u0131ndaki ba\u011flant\u0131 kesilirse, k\u0131rm\u0131z\u0131 durum \u0131\u015f\u0131\u011f\u0131 yanar ve \u015farj etme ve bo\u015faltma kilitleme r\u00f6lesi taraf\u0131ndan durdurulur.<\/p>\n","protected":false},"featured_media":11764,"comment_status":"open","ping_status":"closed","template":"","meta":[],"product_brand":[],"product_cat":[90],"product_tag":[],"class_list":{"0":"post-926","1":"product","2":"type-product","3":"status-publish","4":"has-post-thumbnail","6":"product_cat-patlama-onleme","8":"first","9":"instock","10":"shipping-taxable","11":"product-type-simple"},"yoast_head":"<!-- This site is optimized with the Yoast SEO plugin v24.4 - https:\/\/yoast.com\/wordpress\/plugins\/seo\/ -->\n<title>Kamyon Topraklama Sistemi TES01-V2 (EX) (IP) - Adixatex<\/title>\n<meta name=\"robots\" content=\"noindex, follow, max-snippet:-1, max-image-preview:large, max-video-preview:-1\" \/>\n<meta property=\"og:locale\" content=\"tr_TR\" \/>\n<meta property=\"og:type\" content=\"article\" \/>\n<meta property=\"og:title\" content=\"Kamyon Topraklama Sistemi TES01-V2 (EX) (IP) - Adixatex\" \/>\n<meta property=\"og:description\" content=\"Elektrostatik y\u00fcklerin \u00fcretilebilece\u011fi, iletken olmayan s\u0131v\u0131lar\u0131n veya tozun y\u00fcklenmesi ve bo\u015falt\u0131lmas\u0131 s\u0131ras\u0131nda kamyonlar i\u00e7in g\u00fcvenli topraklama sistemidir.  Topraklama kelep\u00e7esini ara\u00e7 topraklama noktas\u0131na ba\u011flayarak, TES01-V2 sistemi, kelep\u00e7enin kontrol \u00fcnitesine elektriksel direncini \u00f6l\u00e7erek iletken bir ortam\u0131n olu\u015fup olu\u015fmad\u0131\u011f\u0131n\u0131 tespit eder. Elektrik direnci yeterince d\u00fc\u015f\u00fckse, TES01-V2, elektrostatik y\u00fck\u00fc forkliftten topra\u011fa tahliye edecektir. Bu \u015fekilde k\u0131v\u0131lc\u0131m \u00f6nlenir. TES01-V2 sistemi daha sonra kelep\u00e7e y\u00fcksekli\u011findeki elektrik kapasitesini do\u011frular. Sadece kapasite bir kamyonun kapasitesine kar\u015f\u0131l\u0131k gelirse, ye\u015fil durum \u0131\u015f\u0131\u011f\u0131 yanacak ve y\u00fckleme ve bo\u015faltma i\u015flemlerinin kilidi a\u00e7\u0131lacakt\u0131r.  Kelep\u00e7e ve kontrol \u00fcnitesi aras\u0131ndaki ba\u011flant\u0131 kesilirse, k\u0131rm\u0131z\u0131 durum \u0131\u015f\u0131\u011f\u0131 yanar ve \u015farj etme ve bo\u015faltma kilitleme r\u00f6lesi taraf\u0131ndan durdurulur.\" \/>\n<meta property=\"og:url\" content=\"https:\/\/www2.adixatex.com\/urun\/sistema-de-conexion-a-tierra-de-camiones-tes01-v2-ex-ip\/\" \/>\n<meta property=\"og:site_name\" content=\"Adixatex\" \/>\n<meta property=\"article:modified_time\" content=\"2021-11-19T06:27:43+00:00\" \/>\n<meta property=\"og:image\" content=\"https:\/\/www2.adixatex.com\/wp-content\/uploads\/2020\/11\/Sistema-de-conexion-a-tierra-de-camiones.jpg\" \/>\n\t<meta property=\"og:image:width\" content=\"1000\" \/>\n\t<meta property=\"og:image:height\" content=\"1000\" \/>\n\t<meta property=\"og:image:type\" content=\"image\/jpeg\" \/>\n<meta name=\"twitter:card\" content=\"summary_large_image\" \/>\n<meta name=\"twitter:site\" content=\"@adixprotection\" \/>\n<meta name=\"twitter:label1\" content=\"Tahmini okuma s\u00fcresi\" \/>\n\t<meta name=\"twitter:data1\" content=\"1 dakika\" \/>\n<script type=\"application\/ld+json\" class=\"yoast-schema-graph\">{\"@context\":\"https:\/\/schema.org\",\"@graph\":[{\"@type\":\"WebPage\",\"@id\":\"https:\/\/www2.adixatex.com\/urun\/sistema-de-conexion-a-tierra-de-camiones-tes01-v2-ex-ip\/\",\"url\":\"https:\/\/www2.adixatex.com\/urun\/sistema-de-conexion-a-tierra-de-camiones-tes01-v2-ex-ip\/\",\"name\":\"Kamyon Topraklama Sistemi TES01-V2 (EX) (IP) - Adixatex\",\"isPartOf\":{\"@id\":\"https:\/\/www2.adixatex.com\/#website\"},\"primaryImageOfPage\":{\"@id\":\"https:\/\/www2.adixatex.com\/urun\/sistema-de-conexion-a-tierra-de-camiones-tes01-v2-ex-ip\/#primaryimage\"},\"image\":{\"@id\":\"https:\/\/www2.adixatex.com\/urun\/sistema-de-conexion-a-tierra-de-camiones-tes01-v2-ex-ip\/#primaryimage\"},\"thumbnailUrl\":\"https:\/\/www2.adixatex.com\/wp-content\/uploads\/2020\/11\/Sistema-de-conexion-a-tierra-de-camiones.jpg\",\"datePublished\":\"2020-11-13T10:05:54+00:00\",\"dateModified\":\"2021-11-19T06:27:43+00:00\",\"breadcrumb\":{\"@id\":\"https:\/\/www2.adixatex.com\/urun\/sistema-de-conexion-a-tierra-de-camiones-tes01-v2-ex-ip\/#breadcrumb\"},\"inLanguage\":\"tr\",\"potentialAction\":[{\"@type\":\"ReadAction\",\"target\":[\"https:\/\/www2.adixatex.com\/urun\/sistema-de-conexion-a-tierra-de-camiones-tes01-v2-ex-ip\/\"]}]},{\"@type\":\"ImageObject\",\"inLanguage\":\"tr\",\"@id\":\"https:\/\/www2.adixatex.com\/urun\/sistema-de-conexion-a-tierra-de-camiones-tes01-v2-ex-ip\/#primaryimage\",\"url\":\"https:\/\/www2.adixatex.com\/wp-content\/uploads\/2020\/11\/Sistema-de-conexion-a-tierra-de-camiones.jpg\",\"contentUrl\":\"https:\/\/www2.adixatex.com\/wp-content\/uploads\/2020\/11\/Sistema-de-conexion-a-tierra-de-camiones.jpg\",\"width\":1000,\"height\":1000},{\"@type\":\"BreadcrumbList\",\"@id\":\"https:\/\/www2.adixatex.com\/urun\/sistema-de-conexion-a-tierra-de-camiones-tes01-v2-ex-ip\/#breadcrumb\",\"itemListElement\":[{\"@type\":\"ListItem\",\"position\":1,\"name\":\"Anasayfa\",\"item\":\"https:\/\/www2.adixatex.com\/\"},{\"@type\":\"ListItem\",\"position\":2,\"name\":\"\u00dcr\u00fcnlerimiz\",\"item\":\"https:\/\/www2.adixatex.com\/productos\/\"},{\"@type\":\"ListItem\",\"position\":3,\"name\":\"Kamyon Topraklama Sistemi TES01-V2 (EX) (IP)\"}]},{\"@type\":\"WebSite\",\"@id\":\"https:\/\/www2.adixatex.com\/#website\",\"url\":\"https:\/\/www2.adixatex.com\/\",\"name\":\"Adixatex\",\"description\":\"Prevenci\u00f3n y protecci\u00f3n de atm\u00f3sferas explosivas\",\"inLanguage\":\"tr\"}]}<\/script>\n<!-- \/ Yoast SEO plugin. -->","yoast_head_json":{"title":"Kamyon Topraklama Sistemi TES01-V2 (EX) (IP) - Adixatex","robots":{"index":"noindex","follow":"follow","max-snippet":"max-snippet:-1","max-image-preview":"max-image-preview:large","max-video-preview":"max-video-preview:-1"},"og_locale":"tr_TR","og_type":"article","og_title":"Kamyon Topraklama Sistemi TES01-V2 (EX) (IP) - Adixatex","og_description":"Elektrostatik y\u00fcklerin \u00fcretilebilece\u011fi, iletken olmayan s\u0131v\u0131lar\u0131n veya tozun y\u00fcklenmesi ve bo\u015falt\u0131lmas\u0131 s\u0131ras\u0131nda kamyonlar i\u00e7in g\u00fcvenli topraklama sistemidir.  Topraklama kelep\u00e7esini ara\u00e7 topraklama noktas\u0131na ba\u011flayarak, TES01-V2 sistemi, kelep\u00e7enin kontrol \u00fcnitesine elektriksel direncini \u00f6l\u00e7erek iletken bir ortam\u0131n olu\u015fup olu\u015fmad\u0131\u011f\u0131n\u0131 tespit eder. Elektrik direnci yeterince d\u00fc\u015f\u00fckse, TES01-V2, elektrostatik y\u00fck\u00fc forkliftten topra\u011fa tahliye edecektir. Bu \u015fekilde k\u0131v\u0131lc\u0131m \u00f6nlenir. TES01-V2 sistemi daha sonra kelep\u00e7e y\u00fcksekli\u011findeki elektrik kapasitesini do\u011frular. Sadece kapasite bir kamyonun kapasitesine kar\u015f\u0131l\u0131k gelirse, ye\u015fil durum \u0131\u015f\u0131\u011f\u0131 yanacak ve y\u00fckleme ve bo\u015faltma i\u015flemlerinin kilidi a\u00e7\u0131lacakt\u0131r.  Kelep\u00e7e ve kontrol \u00fcnitesi aras\u0131ndaki ba\u011flant\u0131 kesilirse, k\u0131rm\u0131z\u0131 durum \u0131\u015f\u0131\u011f\u0131 yanar ve \u015farj etme ve bo\u015faltma kilitleme r\u00f6lesi taraf\u0131ndan durdurulur.","og_url":"https:\/\/www2.adixatex.com\/urun\/sistema-de-conexion-a-tierra-de-camiones-tes01-v2-ex-ip\/","og_site_name":"Adixatex","article_modified_time":"2021-11-19T06:27:43+00:00","og_image":[{"width":1000,"height":1000,"url":"https:\/\/www2.adixatex.com\/wp-content\/uploads\/2020\/11\/Sistema-de-conexion-a-tierra-de-camiones.jpg","type":"image\/jpeg"}],"twitter_card":"summary_large_image","twitter_site":"@adixprotection","twitter_misc":{"Tahmini okuma s\u00fcresi":"1 dakika"},"schema":{"@context":"https:\/\/schema.org","@graph":[{"@type":"WebPage","@id":"https:\/\/www2.adixatex.com\/urun\/sistema-de-conexion-a-tierra-de-camiones-tes01-v2-ex-ip\/","url":"https:\/\/www2.adixatex.com\/urun\/sistema-de-conexion-a-tierra-de-camiones-tes01-v2-ex-ip\/","name":"Kamyon Topraklama Sistemi TES01-V2 (EX) (IP) - Adixatex","isPartOf":{"@id":"https:\/\/www2.adixatex.com\/#website"},"primaryImageOfPage":{"@id":"https:\/\/www2.adixatex.com\/urun\/sistema-de-conexion-a-tierra-de-camiones-tes01-v2-ex-ip\/#primaryimage"},"image":{"@id":"https:\/\/www2.adixatex.com\/urun\/sistema-de-conexion-a-tierra-de-camiones-tes01-v2-ex-ip\/#primaryimage"},"thumbnailUrl":"https:\/\/www2.adixatex.com\/wp-content\/uploads\/2020\/11\/Sistema-de-conexion-a-tierra-de-camiones.jpg","datePublished":"2020-11-13T10:05:54+00:00","dateModified":"2021-11-19T06:27:43+00:00","breadcrumb":{"@id":"https:\/\/www2.adixatex.com\/urun\/sistema-de-conexion-a-tierra-de-camiones-tes01-v2-ex-ip\/#breadcrumb"},"inLanguage":"tr","potentialAction":[{"@type":"ReadAction","target":["https:\/\/www2.adixatex.com\/urun\/sistema-de-conexion-a-tierra-de-camiones-tes01-v2-ex-ip\/"]}]},{"@type":"ImageObject","inLanguage":"tr","@id":"https:\/\/www2.adixatex.com\/urun\/sistema-de-conexion-a-tierra-de-camiones-tes01-v2-ex-ip\/#primaryimage","url":"https:\/\/www2.adixatex.com\/wp-content\/uploads\/2020\/11\/Sistema-de-conexion-a-tierra-de-camiones.jpg","contentUrl":"https:\/\/www2.adixatex.com\/wp-content\/uploads\/2020\/11\/Sistema-de-conexion-a-tierra-de-camiones.jpg","width":1000,"height":1000},{"@type":"BreadcrumbList","@id":"https:\/\/www2.adixatex.com\/urun\/sistema-de-conexion-a-tierra-de-camiones-tes01-v2-ex-ip\/#breadcrumb","itemListElement":[{"@type":"ListItem","position":1,"name":"Anasayfa","item":"https:\/\/www2.adixatex.com\/"},{"@type":"ListItem","position":2,"name":"\u00dcr\u00fcnlerimiz","item":"https:\/\/www2.adixatex.com\/productos\/"},{"@type":"ListItem","position":3,"name":"Kamyon Topraklama Sistemi TES01-V2 (EX) (IP)"}]},{"@type":"WebSite","@id":"https:\/\/www2.adixatex.com\/#website","url":"https:\/\/www2.adixatex.com\/","name":"Adixatex","description":"Prevenci\u00f3n y protecci\u00f3n de atm\u00f3sferas explosivas","inLanguage":"tr"}]}},"_links":{"self":[{"href":"https:\/\/www2.adixatex.com\/tr\/wp-json\/wp\/v2\/product\/926","targetHints":{"allow":["GET"]}}],"collection":[{"href":"https:\/\/www2.adixatex.com\/tr\/wp-json\/wp\/v2\/product"}],"about":[{"href":"https:\/\/www2.adixatex.com\/tr\/wp-json\/wp\/v2\/types\/product"}],"replies":[{"embeddable":true,"href":"https:\/\/www2.adixatex.com\/tr\/wp-json\/wp\/v2\/comments?post=926"}],"version-history":[{"count":0,"href":"https:\/\/www2.adixatex.com\/tr\/wp-json\/wp\/v2\/product\/926\/revisions"}],"wp:featuredmedia":[{"embeddable":true,"href":"https:\/\/www2.adixatex.com\/tr\/wp-json\/wp\/v2\/media\/11764"}],"wp:attachment":[{"href":"https:\/\/www2.adixatex.com\/tr\/wp-json\/wp\/v2\/media?parent=926"}],"wp:term":[{"taxonomy":"product_brand","embeddable":true,"href":"https:\/\/www2.adixatex.com\/tr\/wp-json\/wp\/v2\/product_brand?post=926"},{"taxonomy":"product_cat","embeddable":true,"href":"https:\/\/www2.adixatex.com\/tr\/wp-json\/wp\/v2\/product_cat?post=926"},{"taxonomy":"product_tag","embeddable":true,"href":"https:\/\/www2.adixatex.com\/tr\/wp-json\/wp\/v2\/product_tag?post=926"}],"curies":[{"name":"wp","href":"https:\/\/api.w.org\/{rel}","templated":true}]}}