{"id":927,"date":"2020-11-13T11:05:54","date_gmt":"2020-11-13T10:05:54","guid":{"rendered":"https:\/\/adixatex.com\/product\/tes-01-ex-ip%e5%8d%a1%e8%bd%a6%e6%8e%a5%e5%9c%b0%e7%b3%bb%e7%bb%9f\/"},"modified":"2021-11-19T07:27:57","modified_gmt":"2021-11-19T06:27:57","slug":"tes-01-ex-ip%e5%8d%a1%e8%bd%a6%e6%8e%a5%e5%9c%b0%e7%b3%bb%e7%bb%9f","status":"publish","type":"product","link":"https:\/\/www2.adixatex.com\/zh-hans\/product\/tes-01-ex-ip%e5%8d%a1%e8%bd%a6%e6%8e%a5%e5%9c%b0%e7%b3%bb%e7%bb%9f\/","title":{"rendered":"TES-01 (EX) (IP)\u5361\u8f66\u63a5\u5730\u7cfb\u7edf"},"content":{"rendered":"<div id=\"shortcode_container_tabs\" class=\"shortcode_container_tabs\"><div id=\"container_tabs_title\" class=\"container_tabs_title\"><\/div>\n<p class=\"container_tabs_title_mobile\">\u6280\u672f\u53c2\u6570<\/p><div class=\"container_tabs_content\">\n<div id=\"content_table\" class=\"content_table\">\n<table>\n<tbody>\n<tr style=\"height: 21px;\">\n<td style=\"text-align: left; height: 21px;\">\u9972\u5582<\/td>\n<td style=\"text-align: left; height: 21px;\">100-240 V CA, 50\/60 Hz, calibraci\u00f3n autom\u00e1tica o 24 V CC<\/td>\n<\/tr>\n<tr style=\"height: 21px;\">\n<td style=\"text-align: left; height: 21px;\">\u6d88\u8d39<\/td>\n<td style=\"text-align: left; height: 21px;\">20 w<\/td>\n<\/tr>\n<tr style=\"height: 21px;\">\n<td style=\"text-align: left; height: 21px;\">\u5de5\u4f5c\u6e29\u5ea6<\/td>\n<td style=\"text-align: left; height: 21px;\">\u00a0-30 +54\u00baC<\/td>\n<\/tr>\n<tr style=\"height: 21px;\">\n<td style=\"text-align: left; height: 21px;\">\u5e02\u573a<\/td>\n<td style=\"text-align: left; height: 21px;\">\u00a0Ex II 3D<\/td>\n<\/tr>\n<tr style=\"height: 21px;\">\n<td style=\"text-align: left; height: 21px;\">ATEX\u8ba4\u8bc1<\/td>\n<td style=\"text-align: left; height: 21px;\">Certificado para uso en zonas 1, 2, 21 y 22<\/td>\n<\/tr>\n<\/tbody>\n<\/table>\n<\/div>\n<\/div>\n<p class=\"container_tabs_title_mobile\">\u578b\u53f7<\/p><div class=\"container_tabs_content\">\n<div id=\"content_table\" class=\"content_table\">\n<table style=\"width: 696px;\">\n<thead id=\"content_table_head\">\n<tr style=\"height: 64px;\">\n<th class=\"content_table_column\" style=\"height: 64px; width: 174.667px;\"><\/th>\n<th class=\"content_table_column\" style=\"height: 64px; width: 222.333px;\">TES-01 EX<\/th>\n<th class=\"content_table_column\" style=\"height: 64px; width: 207px;\">TES-01 IP<\/th>\n<\/tr>\n<tr style=\"height: 64px;\">\n<th class=\"content_table_column\" style=\"height: 64px; width: 174.667px;\"><\/th>\n<th class=\"content_table_column\" style=\"height: 64px; width: 222.333px;\">TES-01 EX<\/th>\n<th class=\"content_table_column\" style=\"height: 64px; width: 207px;\">TES-01 IP<\/th>\n<\/tr>\n<\/thead>\n<tbody>\n<tr style=\"height: 21px;\">\n<td style=\"text-align: left; height: 21px; width: 174.667px;\">\n<p class=\"p1\"><span class=\"s1\"><b>\u6846\u67b6<\/b><\/span><\/p>\n<\/td>\n<td style=\"text-align: left; height: 21px; width: 222.333px;\">\n<p class=\"p1\"><span class=\"s1\">\u7070\u8272\u94dd\uff08\u94dc\uff09<\/span><\/p>\n<\/td>\n<td style=\"text-align: left; height: 21px; width: 207px;\">\n<p class=\"p1\"><span class=\"s1\">\u91d1\u5c5e\u6d82\u94dd\u9762\u677f<\/span><\/p>\n<\/td>\n<\/tr>\n<tr style=\"height: 21px;\">\n<td style=\"text-align: left; height: 21px; width: 174.667px;\">\n<p class=\"p1\"><span class=\"s1\"><b>\u5c3a\u5bf8\uff08\u9ad8\uff0c\u5bbd\uff0c\u6df1\u5ea6\uff09<\/b><\/span><\/p>\n<\/td>\n<td style=\"text-align: left; height: 21px; width: 222.333px;\">265x230x150 mm<\/td>\n<td style=\"text-align: left; height: 21px; width: 207px;\">300x200x155 mm<\/td>\n<\/tr>\n<tr style=\"height: 37px;\">\n<td style=\"text-align: left; height: 37px; width: 174.667px;\">\n<p class=\"p1\"><span class=\"s1\"><b>\u91cd\u91cf<\/b><\/span><\/p>\n<\/td>\n<td style=\"height: 37px; width: 222.333px; text-align: left;\">10 kg<\/td>\n<td style=\"height: 37px; width: 207px;\">\n<p style=\"text-align: left;\">5 kg<\/p>\n<\/td>\n<\/tr>\n<tr style=\"height: 9px;\">\n<td style=\"text-align: left; height: 9px; width: 174.667px;\">\n<p class=\"p1\"><span class=\"s1\"><b>\u8fde\u63a5<\/b><\/span><\/p>\n<\/td>\n<td style=\"height: 9px; width: 222.333px; text-align: left;\">4 x M20 x 1,5 mm<\/td>\n<td style=\"height: 9px; width: 207px;\">\n<p class=\"p1\"><span class=\"s1\">3\u4e2aM20\u7535\u7f06\u63a5\u5934\uff0c\u5939\u5177\u8303\u56f45-10mm<\/span><\/p>\n<\/td>\n<\/tr>\n<tr style=\"height: 21px;\">\n<td style=\"text-align: left; height: 21px; width: 174.667px;\">\n<p class=\"p1\"><span class=\"s1\"><b>\u5bfc\u51fa<\/b><\/span><\/p>\n<\/td>\n<td style=\"text-align: left; height: 21px; width: 222.333px;\">\n<p class=\"p1\"><span class=\"s1\">\u901a\u8fc7\u5e26\u6709\u5355\u4e2a\u94a5\u5319\u7684\u5f00\u5173\u53ef\u9009<\/span><\/p>\n<\/td>\n<td style=\"text-align: left; height: 21px; width: 207px;\">\n<p class=\"p1\"><span class=\"s1\">\u96c6\u6210<\/span><\/p>\n<\/td>\n<\/tr>\n<tr style=\"height: 21px;\">\n<td style=\"text-align: left; height: 21px; width: 174.667px;\">\n<p class=\"p1\"><span class=\"s1\"><b>ATEX\u8ba4\u8bc1<\/b><\/span><\/p>\n<\/td>\n<td style=\"text-align: left; height: 21px; width: 222.333px;\">\n<p class=\"p1\"><span class=\"s1\">\u8ba4\u8bc1\u89c4\u5b9a\u57281\uff0c2\uff0c21\u548c22\u533a\u4f7f\u7528<\/span><\/p>\n<\/td>\n<td style=\"text-align: left; height: 21px; width: 207px;\">\n<p class=\"p1\"><span class=\"s1\">\u8ba4\u8bc1\u89c4\u5b9a21\u548c22\u533a\u4f7f\u7528<\/span><\/p>\n<\/td>\n<\/tr>\n<\/tbody>\n<\/table>\n<\/div>\n<\/div>\n<p class=\"container_tabs_title_mobile\">\u6cc4\u7206\u7247\u914d\u4ef6<\/p><div class=\"container_tabs_content\">\n<h3>\u63a5\u5730\u5939<\/h3>\n<p><section class=\"shortcode_columns columns_3\">\n<div class=\"column\">\n<p><img decoding=\"async\" class=\"aligncenter\" src=\"https:\/\/adixatex.com\/wp-content\/uploads\/2021\/02\/pinza2.jpg\" \/><\/p>\n<p><strong>CL1\u63a5\u5730\u5939\u00a0<\/strong><\/p>\n<ul>\n<li>\u6750\u6599\uff1a\u94dd<\/li>\n<li>\u683c\u5f0f\uff1a260\u6beb\u7c73<\/li>\n<li>\u5939\u5b50\u5f00\u53e3\uff1a\u4ece3\u523015\u6beb\u7c73<\/li>\n<li>\u914d\u4ef6\uff1a\u516c\u63a5\u5934\uff0c\u5b89\u88c5<\/li>\n<li>\u7528\u9014\uff1a\u5de5\u4e1a\u73af\u5883\uff0c\u5bc6\u96c6\u4f7f\u7528<\/li>\n<\/ul>\n<\/div>\n\n<div class=\"column\">\n<p><img decoding=\"async\" class=\"aligncenter\" src=\"https:\/\/adixatex.com\/wp-content\/uploads\/2021\/02\/pinza1.jpg\" \/><\/p>\n<p><strong>\u63a5\u5730\u5939CM 1\u00a0<\/strong><\/p>\n<ul>\n<li>\u6750\u8d28\uff1a\u4e0d\u9508\u94a2304<\/li>\n<li>\u683c\u5f0f\uff1a210\u6beb\u7c73<\/li>\n<li>\u94b3\u53e3\u5f00\u53e3\uff1a3\u81f335\u6beb\u7c73<\/li>\n<li>\u914d\u4ef6\uff1a\u516c\u63a5\u5934\uff0c\u5b89\u88c5<\/li>\n<li>\u7528\u9014\uff1a\u5de5\u4e1a\u73af\u5883\uff0c\u7ecf\u5e38\u4f7f\u7528<\/li>\n<\/ul>\n<\/div>\n\n<div class=\"column\">\n<img decoding=\"async\" class=\"aligncenter\" src=\"https:\/\/adixatex.com\/wp-content\/uploads\/2021\/02\/pinza1.jpg\" \/>\n<p><strong>\u63a5\u5730\u94b3CS 1\u00a0<\/strong><\/p>\n<ul>\n<li>\u6750\u8d28\uff1a\u4e0d\u9508\u94a2304<\/li>\n<li>\u683c\u5f0f\uff1a162\u6beb\u7c73<\/li>\n<li>\u94b3\u53e3\u5f00\u53e3\uff1a3\u81f335\u6beb\u7c73<\/li>\n<li>\u914d\u4ef6\uff1a\u516c\u63a5\u5934\uff0c\u5b89\u88c5<\/li>\n<li>\u7528\u9014\uff1a\u5de5\u4e1a\u73af\u5883\uff0c\u5076\u5c14\u4f7f\u7528<\/li>\n<\/ul>\n<\/div>\n<\/section>\n<\/p>\n<h3>\u7535\u7f06<\/h3>\n<p><section class=\"shortcode_columns columns_2\">\n<div class=\"column\">\n<p><img decoding=\"async\" class=\"aligncenter\" src=\"https:\/\/adixatex.com\/wp-content\/uploads\/2021\/02\/cable2.jpg\" \/><\/p>\n<p><strong>\u87ba\u65cb\u7535\u7f06SP 1\/10\u00a0<\/strong><\/p>\n<ul>\n<li>\u6750\u6599\uff1aTPE-E\uff0c\u5e26\u6297\u7d2b\u5916\u7ebf\u548c\u963b\u71c3\u5851\u6599\u62a4\u5957RAL 5015\u3002<\/li>\n<li>\u7535\u7f06\uff1a8\u6beb\u7c73\uff0c3 x 0.75\u6beb\u7c732<\/li>\n<li>\u957f\u5ea6\uff1a\u672a\u5377\u8d77\u7684\u957f\u5ea6\u53ef\u8fbe10\u7c73\uff1b\u5377\u8d77\u7684\u957f\u5ea6\u7ea6\u4e3a1\u7c73\u3002<\/li>\n<li>\u914d\u4ef6\uff1a\u63d2\u5ea7\uff0c\u5b89\u88c5<\/li>\n<\/ul>\n<\/div>\n\n<div class=\"column\">\n<p><img decoding=\"async\" class=\"aligncenter\" src=\"https:\/\/adixatex.com\/wp-content\/uploads\/2021\/02\/cable1.jpg\" \/><\/p>\n<p><strong>\u7535\u7f06\u5377\u7b52CR 1\/65<\/strong><\/p>\n<ul>\n<li>\u6750\u6599\uff1a\u94dd\u5236\u5916\u58f3<\/li>\n<li>\u9632\u62a4\u7b49\u7ea7\uff1aIP65<\/li>\n<li>\u8d28\u91cf12\u516c\u65a4<\/li>\n<li>\u914d\u4ef6\uff1a\u6bcd\u63a5\u5934\uff0c\u5b89\u88c5<\/li>\n<\/ul>\n<\/div>\n<\/section>\n<\/p>\n<\/div>\n<p class=\"container_tabs_title_mobile\">\u4e0b\u8f7d<\/p><div class=\"container_tabs_content\">\n<p><section class=\"shortcode_columns columns_3\">\n<div class=\"column\">\n<p><strong>PDF Datasheet English\u00a0<\/strong><\/p>\n<p><a href=\"https:\/\/adixatex.com\/wp-content\/uploads\/2021\/02\/stuvex.jpg\"><img decoding=\"async\" class=\"aligncenter\" src=\"https:\/\/adixatex.com\/wp-content\/uploads\/2021\/02\/stuvex.jpg\" width=\"302\" height=\"148\" \/><\/a><\/p>\n<ul>\n<li><a class=\"link_view_pdf\" href=\"https:\/\/adixatex.com\/wp-content\/uploads\/2021\/02\/TDS_TES01_EN_compressed.pdf\" target=\"_blank\" rel=\"noopener noreferrer\">Donwload TDS_TES01 (PDF)<\/a><\/li>\n<li><a href=\"https:\/\/adixatex.com\/wp-content\/uploads\/2021\/02\/GDS_TES-IPEX_SI_EN_compressed.pdf\">Download\u00a0 GDS_TES (IP)<\/a><\/li>\n<\/ul>\n<\/div>\n\n<div class=\"column\">\n<p>&nbsp;<\/p>\n<\/div>\n\n<div class=\"column\">\n<p>&nbsp;<\/p>\n<\/div>\n<\/section>\n<\/p>\n<\/div>\n<\/div>\n","protected":false},"excerpt":{"rendered":"<p>\u5b83\u662f\u5728\u88c5\u8f7d\u548c\u5378\u8f7d\u6db2\u4f53\u6216\u975e\u5bfc\u7535\u7c89\u672b\u65f6\u4e0e\u5361\u8f66\u7684\u5730\u9762\u5b89\u5168\u8fde\u63a5\u7cfb\u7edf\uff0c\u53ef\u4ea7\u751f\u9759\u7535\u8377\u3002<\/p>\n<p>\u901a\u8fc7\u5c06\u63a5\u5730\u5939\u8fde\u63a5\u5230\u5361\u8f66\u7684\u63a5\u5730\u70b9\uff0cTES-01\u7cfb\u7edf\u901a\u8fc7\u6d4b\u91cf\u8fde\u63a5\u63a7\u5236\u5355\u5143\u7684\u7535\u963b\u6765\u68c0\u6d4b\u662f\u5426\u5f62\u6210\u4e86\u5bfc\u7535\u73af\u5883\u3002\u5982\u679c\u7535\u963b\u8db3\u591f\u4f4e\uff0cTES-01\u4f1a\u5c06\u5361\u8f66\u7684\u9759\u7535\u7535\u8377\u91ca\u653e\u5230\u5730\u9762\uff0c\u4ee5\u8fd9\u79cd\u65b9\u5f0f\u907f\u514d\u706b\u82b1\u73b0\u8c61\u3002\u7136\u540e\uff0cTES-01\u7cfb\u7edf\u9a8c\u8bc1\u5939\u5177\u9ad8\u5ea6\u5904\u7684\u7535\u5bb9\u91cf\uff0c\u53ea\u6709\u5f53\u7535\u5bb9\u91cf\u4e0e\u5361\u8f66\u7684\u5bb9\u91cf\u76f8\u5bf9\u5e94\u65f6\uff0c\u7eff\u8272\u72b6\u6001\u6307\u793a\u706f\u624d\u4f1a\u4eae\u8d77\uff0c\u88c5\u8f7d\u548c\u5378\u8f7d\u8fc7\u7a0b\u5c06\u88ab\u89e3\u9501\u3002<\/p>\n<p>\u5982\u679c\u5939\u5177\u548c\u63a7\u5236\u5355\u5143\u4e4b\u95f4\u7684\u8fde\u63a5\u4e2d\u65ad\uff0c\u5219\u7ea2\u8272\u72b6\u6001\u6307\u793a\u706f\u4eae\u8d77\uff0c\u5e76\u901a\u8fc7\u4e92\u9501\u7ee7\u7535\u5668\u505c\u6b62\u88c5\u8f7d\u548c\u5378\u8f7d\u7684\u8fc7\u7a0b\u3002<\/p>\n","protected":false},"featured_media":11757,"comment_status":"open","ping_status":"closed","template":"","meta":[],"product_brand":[],"product_cat":[144],"product_tag":[],"class_list":{"0":"post-927","1":"product","2":"type-product","3":"status-publish","4":"has-post-thumbnail","6":"product_cat-prevention-zh-hans","8":"first","9":"instock","10":"shipping-taxable","11":"product-type-simple"},"yoast_head":"<!-- This site is optimized with the Yoast SEO plugin v24.4 - https:\/\/yoast.com\/wordpress\/plugins\/seo\/ -->\n<title>TES-01 (EX) (IP)\u5361\u8f66\u63a5\u5730\u7cfb\u7edf - Adixatex<\/title>\n<meta name=\"robots\" content=\"noindex, follow, max-snippet:-1, max-image-preview:large, max-video-preview:-1\" \/>\n<meta property=\"og:locale\" content=\"zh_CN\" \/>\n<meta property=\"og:type\" content=\"article\" \/>\n<meta property=\"og:title\" content=\"TES-01 (EX) (IP)\u5361\u8f66\u63a5\u5730\u7cfb\u7edf - Adixatex\" \/>\n<meta property=\"og:description\" content=\"\u5b83\u662f\u5728\u88c5\u8f7d\u548c\u5378\u8f7d\u6db2\u4f53\u6216\u975e\u5bfc\u7535\u7c89\u672b\u65f6\u4e0e\u5361\u8f66\u7684\u5730\u9762\u5b89\u5168\u8fde\u63a5\u7cfb\u7edf\uff0c\u53ef\u4ea7\u751f\u9759\u7535\u8377\u3002  \u901a\u8fc7\u5c06\u63a5\u5730\u5939\u8fde\u63a5\u5230\u5361\u8f66\u7684\u63a5\u5730\u70b9\uff0cTES-01\u7cfb\u7edf\u901a\u8fc7\u6d4b\u91cf\u8fde\u63a5\u63a7\u5236\u5355\u5143\u7684\u7535\u963b\u6765\u68c0\u6d4b\u662f\u5426\u5f62\u6210\u4e86\u5bfc\u7535\u73af\u5883\u3002\u5982\u679c\u7535\u963b\u8db3\u591f\u4f4e\uff0cTES-01\u4f1a\u5c06\u5361\u8f66\u7684\u9759\u7535\u7535\u8377\u91ca\u653e\u5230\u5730\u9762\uff0c\u4ee5\u8fd9\u79cd\u65b9\u5f0f\u907f\u514d\u706b\u82b1\u73b0\u8c61\u3002\u7136\u540e\uff0cTES-01\u7cfb\u7edf\u9a8c\u8bc1\u5939\u5177\u9ad8\u5ea6\u5904\u7684\u7535\u5bb9\u91cf\uff0c\u53ea\u6709\u5f53\u7535\u5bb9\u91cf\u4e0e\u5361\u8f66\u7684\u5bb9\u91cf\u76f8\u5bf9\u5e94\u65f6\uff0c\u7eff\u8272\u72b6\u6001\u6307\u793a\u706f\u624d\u4f1a\u4eae\u8d77\uff0c\u88c5\u8f7d\u548c\u5378\u8f7d\u8fc7\u7a0b\u5c06\u88ab\u89e3\u9501\u3002  \u5982\u679c\u5939\u5177\u548c\u63a7\u5236\u5355\u5143\u4e4b\u95f4\u7684\u8fde\u63a5\u4e2d\u65ad\uff0c\u5219\u7ea2\u8272\u72b6\u6001\u6307\u793a\u706f\u4eae\u8d77\uff0c\u5e76\u901a\u8fc7\u4e92\u9501\u7ee7\u7535\u5668\u505c\u6b62\u88c5\u8f7d\u548c\u5378\u8f7d\u7684\u8fc7\u7a0b\u3002\" \/>\n<meta property=\"og:url\" content=\"https:\/\/www2.adixatex.com\/zh-hans\/product\/tes-01-ex-ip\u5361\u8f66\u63a5\u5730\u7cfb\u7edf\/\" \/>\n<meta property=\"og:site_name\" content=\"Adixatex\" \/>\n<meta property=\"article:modified_time\" content=\"2021-11-19T06:27:57+00:00\" \/>\n<meta property=\"og:image\" content=\"https:\/\/www2.adixatex.com\/wp-content\/uploads\/2020\/11\/Sistema-de-conexion-a-tierra-de-camiones.jpg\" \/>\n\t<meta property=\"og:image:width\" content=\"1000\" \/>\n\t<meta property=\"og:image:height\" content=\"1000\" \/>\n\t<meta property=\"og:image:type\" content=\"image\/jpeg\" \/>\n<meta name=\"twitter:card\" content=\"summary_large_image\" \/>\n<meta name=\"twitter:site\" content=\"@adixprotection\" \/>\n<meta name=\"twitter:label1\" content=\"\u9884\u8ba1\u9605\u8bfb\u65f6\u95f4\" \/>\n\t<meta name=\"twitter:data1\" content=\"2 \u5206\" \/>\n<script type=\"application\/ld+json\" class=\"yoast-schema-graph\">{\"@context\":\"https:\/\/schema.org\",\"@graph\":[{\"@type\":\"WebPage\",\"@id\":\"https:\/\/www2.adixatex.com\/zh-hans\/product\/tes-01-ex-ip%e5%8d%a1%e8%bd%a6%e6%8e%a5%e5%9c%b0%e7%b3%bb%e7%bb%9f\/\",\"url\":\"https:\/\/www2.adixatex.com\/zh-hans\/product\/tes-01-ex-ip%e5%8d%a1%e8%bd%a6%e6%8e%a5%e5%9c%b0%e7%b3%bb%e7%bb%9f\/\",\"name\":\"TES-01 (EX) (IP)\u5361\u8f66\u63a5\u5730\u7cfb\u7edf - Adixatex\",\"isPartOf\":{\"@id\":\"https:\/\/www2.adixatex.com\/#website\"},\"primaryImageOfPage\":{\"@id\":\"https:\/\/www2.adixatex.com\/zh-hans\/product\/tes-01-ex-ip%e5%8d%a1%e8%bd%a6%e6%8e%a5%e5%9c%b0%e7%b3%bb%e7%bb%9f\/#primaryimage\"},\"image\":{\"@id\":\"https:\/\/www2.adixatex.com\/zh-hans\/product\/tes-01-ex-ip%e5%8d%a1%e8%bd%a6%e6%8e%a5%e5%9c%b0%e7%b3%bb%e7%bb%9f\/#primaryimage\"},\"thumbnailUrl\":\"https:\/\/www2.adixatex.com\/wp-content\/uploads\/2020\/11\/Sistema-de-conexion-a-tierra-de-camiones.jpg\",\"datePublished\":\"2020-11-13T10:05:54+00:00\",\"dateModified\":\"2021-11-19T06:27:57+00:00\",\"breadcrumb\":{\"@id\":\"https:\/\/www2.adixatex.com\/zh-hans\/product\/tes-01-ex-ip%e5%8d%a1%e8%bd%a6%e6%8e%a5%e5%9c%b0%e7%b3%bb%e7%bb%9f\/#breadcrumb\"},\"inLanguage\":\"zh-Hans\",\"potentialAction\":[{\"@type\":\"ReadAction\",\"target\":[\"https:\/\/www2.adixatex.com\/zh-hans\/product\/tes-01-ex-ip%e5%8d%a1%e8%bd%a6%e6%8e%a5%e5%9c%b0%e7%b3%bb%e7%bb%9f\/\"]}]},{\"@type\":\"ImageObject\",\"inLanguage\":\"zh-Hans\",\"@id\":\"https:\/\/www2.adixatex.com\/zh-hans\/product\/tes-01-ex-ip%e5%8d%a1%e8%bd%a6%e6%8e%a5%e5%9c%b0%e7%b3%bb%e7%bb%9f\/#primaryimage\",\"url\":\"https:\/\/www2.adixatex.com\/wp-content\/uploads\/2020\/11\/Sistema-de-conexion-a-tierra-de-camiones.jpg\",\"contentUrl\":\"https:\/\/www2.adixatex.com\/wp-content\/uploads\/2020\/11\/Sistema-de-conexion-a-tierra-de-camiones.jpg\",\"width\":1000,\"height\":1000},{\"@type\":\"BreadcrumbList\",\"@id\":\"https:\/\/www2.adixatex.com\/zh-hans\/product\/tes-01-ex-ip%e5%8d%a1%e8%bd%a6%e6%8e%a5%e5%9c%b0%e7%b3%bb%e7%bb%9f\/#breadcrumb\",\"itemListElement\":[{\"@type\":\"ListItem\",\"position\":1,\"name\":\"\u9996\u9875\",\"item\":\"https:\/\/www2.adixatex.com\/\"},{\"@type\":\"ListItem\",\"position\":2,\"name\":\"\u5546\u5e97\",\"item\":\"https:\/\/www2.adixatex.com\/productos\/\"},{\"@type\":\"ListItem\",\"position\":3,\"name\":\"TES-01 (EX) (IP)\u5361\u8f66\u63a5\u5730\u7cfb\u7edf\"}]},{\"@type\":\"WebSite\",\"@id\":\"https:\/\/www2.adixatex.com\/#website\",\"url\":\"https:\/\/www2.adixatex.com\/\",\"name\":\"Adixatex\",\"description\":\"Prevenci\u00f3n y protecci\u00f3n de atm\u00f3sferas explosivas\",\"inLanguage\":\"zh-Hans\"}]}<\/script>\n<!-- \/ Yoast SEO plugin. -->","yoast_head_json":{"title":"TES-01 (EX) (IP)\u5361\u8f66\u63a5\u5730\u7cfb\u7edf - Adixatex","robots":{"index":"noindex","follow":"follow","max-snippet":"max-snippet:-1","max-image-preview":"max-image-preview:large","max-video-preview":"max-video-preview:-1"},"og_locale":"zh_CN","og_type":"article","og_title":"TES-01 (EX) (IP)\u5361\u8f66\u63a5\u5730\u7cfb\u7edf - Adixatex","og_description":"\u5b83\u662f\u5728\u88c5\u8f7d\u548c\u5378\u8f7d\u6db2\u4f53\u6216\u975e\u5bfc\u7535\u7c89\u672b\u65f6\u4e0e\u5361\u8f66\u7684\u5730\u9762\u5b89\u5168\u8fde\u63a5\u7cfb\u7edf\uff0c\u53ef\u4ea7\u751f\u9759\u7535\u8377\u3002  \u901a\u8fc7\u5c06\u63a5\u5730\u5939\u8fde\u63a5\u5230\u5361\u8f66\u7684\u63a5\u5730\u70b9\uff0cTES-01\u7cfb\u7edf\u901a\u8fc7\u6d4b\u91cf\u8fde\u63a5\u63a7\u5236\u5355\u5143\u7684\u7535\u963b\u6765\u68c0\u6d4b\u662f\u5426\u5f62\u6210\u4e86\u5bfc\u7535\u73af\u5883\u3002\u5982\u679c\u7535\u963b\u8db3\u591f\u4f4e\uff0cTES-01\u4f1a\u5c06\u5361\u8f66\u7684\u9759\u7535\u7535\u8377\u91ca\u653e\u5230\u5730\u9762\uff0c\u4ee5\u8fd9\u79cd\u65b9\u5f0f\u907f\u514d\u706b\u82b1\u73b0\u8c61\u3002\u7136\u540e\uff0cTES-01\u7cfb\u7edf\u9a8c\u8bc1\u5939\u5177\u9ad8\u5ea6\u5904\u7684\u7535\u5bb9\u91cf\uff0c\u53ea\u6709\u5f53\u7535\u5bb9\u91cf\u4e0e\u5361\u8f66\u7684\u5bb9\u91cf\u76f8\u5bf9\u5e94\u65f6\uff0c\u7eff\u8272\u72b6\u6001\u6307\u793a\u706f\u624d\u4f1a\u4eae\u8d77\uff0c\u88c5\u8f7d\u548c\u5378\u8f7d\u8fc7\u7a0b\u5c06\u88ab\u89e3\u9501\u3002  \u5982\u679c\u5939\u5177\u548c\u63a7\u5236\u5355\u5143\u4e4b\u95f4\u7684\u8fde\u63a5\u4e2d\u65ad\uff0c\u5219\u7ea2\u8272\u72b6\u6001\u6307\u793a\u706f\u4eae\u8d77\uff0c\u5e76\u901a\u8fc7\u4e92\u9501\u7ee7\u7535\u5668\u505c\u6b62\u88c5\u8f7d\u548c\u5378\u8f7d\u7684\u8fc7\u7a0b\u3002","og_url":"https:\/\/www2.adixatex.com\/zh-hans\/product\/tes-01-ex-ip\u5361\u8f66\u63a5\u5730\u7cfb\u7edf\/","og_site_name":"Adixatex","article_modified_time":"2021-11-19T06:27:57+00:00","og_image":[{"width":1000,"height":1000,"url":"https:\/\/www2.adixatex.com\/wp-content\/uploads\/2020\/11\/Sistema-de-conexion-a-tierra-de-camiones.jpg","type":"image\/jpeg"}],"twitter_card":"summary_large_image","twitter_site":"@adixprotection","twitter_misc":{"\u9884\u8ba1\u9605\u8bfb\u65f6\u95f4":"2 \u5206"},"schema":{"@context":"https:\/\/schema.org","@graph":[{"@type":"WebPage","@id":"https:\/\/www2.adixatex.com\/zh-hans\/product\/tes-01-ex-ip%e5%8d%a1%e8%bd%a6%e6%8e%a5%e5%9c%b0%e7%b3%bb%e7%bb%9f\/","url":"https:\/\/www2.adixatex.com\/zh-hans\/product\/tes-01-ex-ip%e5%8d%a1%e8%bd%a6%e6%8e%a5%e5%9c%b0%e7%b3%bb%e7%bb%9f\/","name":"TES-01 (EX) (IP)\u5361\u8f66\u63a5\u5730\u7cfb\u7edf - Adixatex","isPartOf":{"@id":"https:\/\/www2.adixatex.com\/#website"},"primaryImageOfPage":{"@id":"https:\/\/www2.adixatex.com\/zh-hans\/product\/tes-01-ex-ip%e5%8d%a1%e8%bd%a6%e6%8e%a5%e5%9c%b0%e7%b3%bb%e7%bb%9f\/#primaryimage"},"image":{"@id":"https:\/\/www2.adixatex.com\/zh-hans\/product\/tes-01-ex-ip%e5%8d%a1%e8%bd%a6%e6%8e%a5%e5%9c%b0%e7%b3%bb%e7%bb%9f\/#primaryimage"},"thumbnailUrl":"https:\/\/www2.adixatex.com\/wp-content\/uploads\/2020\/11\/Sistema-de-conexion-a-tierra-de-camiones.jpg","datePublished":"2020-11-13T10:05:54+00:00","dateModified":"2021-11-19T06:27:57+00:00","breadcrumb":{"@id":"https:\/\/www2.adixatex.com\/zh-hans\/product\/tes-01-ex-ip%e5%8d%a1%e8%bd%a6%e6%8e%a5%e5%9c%b0%e7%b3%bb%e7%bb%9f\/#breadcrumb"},"inLanguage":"zh-Hans","potentialAction":[{"@type":"ReadAction","target":["https:\/\/www2.adixatex.com\/zh-hans\/product\/tes-01-ex-ip%e5%8d%a1%e8%bd%a6%e6%8e%a5%e5%9c%b0%e7%b3%bb%e7%bb%9f\/"]}]},{"@type":"ImageObject","inLanguage":"zh-Hans","@id":"https:\/\/www2.adixatex.com\/zh-hans\/product\/tes-01-ex-ip%e5%8d%a1%e8%bd%a6%e6%8e%a5%e5%9c%b0%e7%b3%bb%e7%bb%9f\/#primaryimage","url":"https:\/\/www2.adixatex.com\/wp-content\/uploads\/2020\/11\/Sistema-de-conexion-a-tierra-de-camiones.jpg","contentUrl":"https:\/\/www2.adixatex.com\/wp-content\/uploads\/2020\/11\/Sistema-de-conexion-a-tierra-de-camiones.jpg","width":1000,"height":1000},{"@type":"BreadcrumbList","@id":"https:\/\/www2.adixatex.com\/zh-hans\/product\/tes-01-ex-ip%e5%8d%a1%e8%bd%a6%e6%8e%a5%e5%9c%b0%e7%b3%bb%e7%bb%9f\/#breadcrumb","itemListElement":[{"@type":"ListItem","position":1,"name":"\u9996\u9875","item":"https:\/\/www2.adixatex.com\/"},{"@type":"ListItem","position":2,"name":"\u5546\u5e97","item":"https:\/\/www2.adixatex.com\/productos\/"},{"@type":"ListItem","position":3,"name":"TES-01 (EX) (IP)\u5361\u8f66\u63a5\u5730\u7cfb\u7edf"}]},{"@type":"WebSite","@id":"https:\/\/www2.adixatex.com\/#website","url":"https:\/\/www2.adixatex.com\/","name":"Adixatex","description":"Prevenci\u00f3n y protecci\u00f3n de atm\u00f3sferas explosivas","inLanguage":"zh-Hans"}]}},"_links":{"self":[{"href":"https:\/\/www2.adixatex.com\/zh-hans\/wp-json\/wp\/v2\/product\/927","targetHints":{"allow":["GET"]}}],"collection":[{"href":"https:\/\/www2.adixatex.com\/zh-hans\/wp-json\/wp\/v2\/product"}],"about":[{"href":"https:\/\/www2.adixatex.com\/zh-hans\/wp-json\/wp\/v2\/types\/product"}],"replies":[{"embeddable":true,"href":"https:\/\/www2.adixatex.com\/zh-hans\/wp-json\/wp\/v2\/comments?post=927"}],"version-history":[{"count":1,"href":"https:\/\/www2.adixatex.com\/zh-hans\/wp-json\/wp\/v2\/product\/927\/revisions"}],"predecessor-version":[{"id":3636,"href":"https:\/\/www2.adixatex.com\/zh-hans\/wp-json\/wp\/v2\/product\/927\/revisions\/3636"}],"wp:featuredmedia":[{"embeddable":true,"href":"https:\/\/www2.adixatex.com\/zh-hans\/wp-json\/wp\/v2\/media\/11757"}],"wp:attachment":[{"href":"https:\/\/www2.adixatex.com\/zh-hans\/wp-json\/wp\/v2\/media?parent=927"}],"wp:term":[{"taxonomy":"product_brand","embeddable":true,"href":"https:\/\/www2.adixatex.com\/zh-hans\/wp-json\/wp\/v2\/product_brand?post=927"},{"taxonomy":"product_cat","embeddable":true,"href":"https:\/\/www2.adixatex.com\/zh-hans\/wp-json\/wp\/v2\/product_cat?post=927"},{"taxonomy":"product_tag","embeddable":true,"href":"https:\/\/www2.adixatex.com\/zh-hans\/wp-json\/wp\/v2\/product_tag?post=927"}],"curies":[{"name":"wp","href":"https:\/\/api.w.org\/{rel}","templated":true}]}}